{"id":4786,"date":"2018-06-25T15:57:57","date_gmt":"2018-06-25T13:57:57","guid":{"rendered":"https:\/\/www.kananas.com\/es\/documentation-12\/members\/notes\/"},"modified":"2026-05-11T18:16:24","modified_gmt":"2026-05-11T16:16:24","slug":"notas","status":"publish","type":"page","link":"https:\/\/www.kananas.com\/es\/documentation\/miembros\/notas\/","title":{"rendered":"Notas"},"content":{"rendered":"<div class=\"breadcrumbs align  wp-block-bcn-breadcrumb-trail has-text-color has-background\" vocab=\"https:\/\/schema.org\/\" typeof=\"BreadcrumbList\">\n\t<span><\/span>\n\t<span property=\"itemListElement\" typeof=\"ListItem\"><a property=\"item\" typeof=\"WebPage\" title=\"Aller \u00e0 kananas.\" href=\"https:\/\/www.kananas.com\/es\" class=\"home\" aria-current=\"page\"><span property=\"name\">kananas<\/span><\/a><meta property=\"position\" content=\"1\"><\/span><\/div>\n\n\n\n<div style=\"height:30px\" aria-hidden=\"true\" class=\"wp-block-spacer\"><\/div>\n\n\n\n<p class=\"wp-block-paragraph\">Recuerda todo con Notas, ya sea para una evaluaci\u00f3n, seguimiento de habilidades o una lista de tareas, te ofrecemos la posibilidad de tomar notas en los archivos de tus contactos o en actividades agregando enlaces, listas, tablas o im\u00e1genes.<\/p>\n\n\n\n<p class=\"wp-block-paragraph\">Estas notas se pueden <a href=\"https:\/\/www.kananas.com\/es\/documentation\/miembros\/derechos-de-acceso\/\" data-type=\"page\" data-id=\"4825\">compartir entre los responsables<\/a> para una gesti\u00f3n colaborativa a\u00fan m\u00e1s efectiva.<\/p>\n\n\n<div class=\"wp-block-image\">\n<figure class=\"aligncenter size-large\"><img loading=\"lazy\" decoding=\"async\" width=\"1024\" height=\"672\" src=\"https:\/\/www.kananas.com\/es\/wp-content\/uploads\/sites\/2143\/2024\/07\/Screenshot-2024-07-27-at-16-47-14-SOA-club-Contacto-Pamela-Aldebaran-1024x672.png\" alt=\"\" class=\"wp-image-5426\" srcset=\"https:\/\/www.kananas.com\/es\/wp-content\/uploads\/sites\/2143\/2024\/07\/Screenshot-2024-07-27-at-16-47-14-SOA-club-Contacto-Pamela-Aldebaran-1024x672.png 1024w, https:\/\/www.kananas.com\/es\/wp-content\/uploads\/sites\/2143\/2024\/07\/Screenshot-2024-07-27-at-16-47-14-SOA-club-Contacto-Pamela-Aldebaran-300x197.png 300w, https:\/\/www.kananas.com\/es\/wp-content\/uploads\/sites\/2143\/2024\/07\/Screenshot-2024-07-27-at-16-47-14-SOA-club-Contacto-Pamela-Aldebaran-768x504.png 768w, https:\/\/www.kananas.com\/es\/wp-content\/uploads\/sites\/2143\/2024\/07\/Screenshot-2024-07-27-at-16-47-14-SOA-club-Contacto-Pamela-Aldebaran-1536x1009.png 1536w, https:\/\/www.kananas.com\/es\/wp-content\/uploads\/sites\/2143\/2024\/07\/Screenshot-2024-07-27-at-16-47-14-SOA-club-Contacto-Pamela-Aldebaran-2048x1345.png 2048w\" sizes=\"auto, (max-width: 1024px) 100vw, 1024px\" \/><\/figure>\n<\/div>\n\n\n<div style=\"height:30px\" aria-hidden=\"true\" class=\"wp-block-spacer\"><\/div>\n\n\n\n<blockquote class=\"wp-block-quote roundDiv has-base-background-color has-background is-layout-flow wp-block-quote-is-layout-flow\">\n<p class=\"wp-block-paragraph\"><i class=\"icon fa fa-exclamation-circle\" aria-hidden=\"true\"> <\/i> Gracias a las notas, trabajar\u00e1s de manera m\u00e1s inteligente y ahorrar\u00e1s tiempo.<\/p>\n<\/blockquote>\n\n\n\n<div style=\"height:20px\" aria-hidden=\"true\" class=\"wp-block-spacer\"><\/div>\n\n\n\n<p class=\"wp-block-paragraph\">Para agregar notas o comentarios al archivo de contacto, utiliza la pesta\u00f1a <strong>notas<\/strong> en su archivo.<\/p>\n\n\n<div class=\"wp-block-image\">\n<figure class=\"aligncenter size-large\"><img loading=\"lazy\" decoding=\"async\" width=\"1024\" height=\"672\" src=\"https:\/\/www.kananas.com\/es\/wp-content\/uploads\/sites\/2143\/2024\/07\/Screenshot-2024-07-27-at-16-47-26-SOA-club-Contacto-Pamela-Aldebaran-1024x672.png\" alt=\"\" class=\"wp-image-5427\" srcset=\"https:\/\/www.kananas.com\/es\/wp-content\/uploads\/sites\/2143\/2024\/07\/Screenshot-2024-07-27-at-16-47-26-SOA-club-Contacto-Pamela-Aldebaran-1024x672.png 1024w, https:\/\/www.kananas.com\/es\/wp-content\/uploads\/sites\/2143\/2024\/07\/Screenshot-2024-07-27-at-16-47-26-SOA-club-Contacto-Pamela-Aldebaran-300x197.png 300w, https:\/\/www.kananas.com\/es\/wp-content\/uploads\/sites\/2143\/2024\/07\/Screenshot-2024-07-27-at-16-47-26-SOA-club-Contacto-Pamela-Aldebaran-768x504.png 768w, https:\/\/www.kananas.com\/es\/wp-content\/uploads\/sites\/2143\/2024\/07\/Screenshot-2024-07-27-at-16-47-26-SOA-club-Contacto-Pamela-Aldebaran-1536x1009.png 1536w, https:\/\/www.kananas.com\/es\/wp-content\/uploads\/sites\/2143\/2024\/07\/Screenshot-2024-07-27-at-16-47-26-SOA-club-Contacto-Pamela-Aldebaran-2048x1345.png 2048w\" sizes=\"auto, (max-width: 1024px) 100vw, 1024px\" \/><\/figure>\n<\/div>\n\n\n<p class=\"wp-block-paragraph\">Nota: Las notas no son visibles en el <a href=\"https:\/\/www.kananas.com\/es\/documentation\/miembros\/espacio-personal\/\" data-type=\"page\" data-id=\"4905\">espacio personal<\/a>.<\/p>\n\n\n\n<div style=\"height:30px\" aria-hidden=\"true\" class=\"wp-block-spacer\"><\/div>\n\n\n\n<p class=\"wp-block-paragraph\">Para obtener m\u00e1s informaci\u00f3n sobre la gesti\u00f3n de contactos<\/p>\n\n\n<ul class=\"wp-block-page-list\"><li class=\"wp-block-pages-list__item\"><a class=\"wp-block-pages-list__item__link\" href=\"https:\/\/www.kananas.com\/es\/documentation\/miembros\/importacion-de-miembros\/\">Importaci\u00f3n de miembros<\/a><\/li><li class=\"wp-block-pages-list__item\"><a class=\"wp-block-pages-list__item__link\" href=\"https:\/\/www.kananas.com\/es\/documentation\/miembros\/personalizando-carpetas\/\">Personalizando carpetas<\/a><\/li><li class=\"wp-block-pages-list__item\"><a class=\"wp-block-pages-list__item__link\" href=\"https:\/\/www.kananas.com\/es\/documentation\/miembros\/personalizacion-de-vistas\/\">Personalizaci\u00f3n de vistas<\/a><\/li><li class=\"wp-block-pages-list__item has-child\"><a class=\"wp-block-pages-list__item__link\" href=\"https:\/\/www.kananas.com\/es\/documentation\/miembros\/afiliacion\/\">Afiliaci\u00f3n<\/a><ul class=\"wp-block-navigation__submenu-container\"><li class=\"wp-block-pages-list__item \"><a class=\"wp-block-pages-list__item__link\" href=\"https:\/\/www.kananas.com\/es\/documentation\/miembros\/afiliacion\/membresia-sin-contacto\/\">Membres\u00eda sin contacto<\/a><\/li><\/ul><\/li><li class=\"wp-block-pages-list__item\"><a class=\"wp-block-pages-list__item__link\" href=\"https:\/\/www.kananas.com\/es\/documentation\/miembros\/derechos-de-acceso\/\">Derechos de acceso<\/a><\/li><li class=\"wp-block-pages-list__item\"><a class=\"wp-block-pages-list__item__link\" href=\"https:\/\/www.kananas.com\/es\/documentation\/miembros\/carpetas-de-etiquetas\/\">Carpetas de etiquetas<\/a><\/li><li class=\"wp-block-pages-list__item\"><a class=\"wp-block-pages-list__item__link\" href=\"https:\/\/www.kananas.com\/es\/documentation\/miembros\/bolsa\/\">Carrito<\/a><\/li><li class=\"wp-block-pages-list__item\"><a class=\"wp-block-pages-list__item__link\" href=\"https:\/\/www.kananas.com\/es\/documentation\/miembros\/gestion-familiar\/\">Gesti\u00f3n familiar<\/a><\/li><li class=\"wp-block-pages-list__item\"><a class=\"wp-block-pages-list__item__link\" href=\"https:\/\/www.kananas.com\/es\/documentation\/miembros\/notas\/\">Notas<\/a><\/li><li class=\"wp-block-pages-list__item\"><a class=\"wp-block-pages-list__item__link\" href=\"https:\/\/www.kananas.com\/es\/documentation\/miembros\/espacio-personal\/\">Espacio personal<\/a><\/li><li class=\"wp-block-pages-list__item\"><a class=\"wp-block-pages-list__item__link\" href=\"https:\/\/www.kananas.com\/es\/documentation\/miembros\/estadisticas\/\">Estad\u00edsticas<\/a><\/li><li class=\"wp-block-pages-list__item\"><a class=\"wp-block-pages-list__item__link\" href=\"https:\/\/www.kananas.com\/es\/documentation\/miembros\/imprimir-tarjetas-de-membresia\/\">Imprimir tarjetas de membres\u00eda<\/a><\/li><li class=\"wp-block-pages-list__item\"><a class=\"wp-block-pages-list__item__link\" href=\"https:\/\/www.kananas.com\/es\/documentation\/miembros\/donaciones\/\">Donaciones<\/a><\/li><li class=\"wp-block-pages-list__item\"><a class=\"wp-block-pages-list__item__link\" href=\"https:\/\/www.kananas.com\/es\/documentation\/miembros\/pase-asociativo\/\">Pase asociativo<\/a><\/li><li class=\"wp-block-pages-list__item\"><a class=\"wp-block-pages-list__item__link\" href=\"https:\/\/www.kananas.com\/es\/documentation\/miembros\/certificado-medico\/\">Certificado m\u00e9dico<\/a><\/li><\/ul>","protected":false},"excerpt":{"rendered":"<p>Recuerda todo con Notas, ya sea para una evaluaci\u00f3n, seguimiento de habilidades o una lista de tareas, te ofrecemos la posibilidad de tomar notas en los archivos de tus contactos o en actividades agregando enlaces, listas, tablas o im\u00e1genes. Estas notas se pueden compartir entre los responsables para una gesti\u00f3n colaborativa a\u00fan m\u00e1s efectiva. Gracias &#8230; <a title=\"Notas\" class=\"read-more\" href=\"https:\/\/www.kananas.com\/es\/documentation\/miembros\/notas\/\" aria-label=\"En savoir plus sur Notas\">Lire la suite<\/a><\/p>\n","protected":false},"author":1,"featured_media":0,"parent":4900,"menu_order":7,"comment_status":"closed","ping_status":"closed","template":"","meta":{"_crdt_document":"{\"document\":\"AAAH6Kbx8B+6AY8BCAwQAwKuUQQCAQIKAkJKALQHAQIKAkJKAIYHAQIKAQRKABwBAgpKABABAgoBAUoUAgECCgJCSlaGBQECCkoAEAECCgJCSgC0AwECCgEESgAcAQIKAkJKAKQFAQIKSgAQAQIKAkJKAIYCAQIKAErGIZwhAQEIAEjaIZwhQgoG5iEDAAEJSrIpAQIKSu57AwIIlFqoGdZzAwLRASgDJwAEACcABACEBCcAKAQnACgAJwAHACgDJwEEACgAJwCHACgDJwEEACgAJwCHACgDJwAoAScAKAMnAIcAKAMnACgAJwCHACgDJwAoACcAKAEnAAcAKAMnAQQAKAAnAIcAKAMnACgAJwCHACgDJwEEACgAJwCHACgDJwAoAScAKAMnAIcAKAMnAQQAKAAnAIcAKAMnACgAJwCHACgDJwEEACgAJwCHACgDJwAoAScAKAHHACgCJwEoACcAqAEoAAQAqAIoC8cAKAMnACgAJwDEhiy\/KnN0YXRldmVyc2lvbmRvY3VtZW50ZGF0ZWRvY3VtZW50c2x1Z2RvY3VtZW50c3RhdHVzZG9jdW1lbnR0aXRsZU5vdGFzZG9jdW1lbnRjb250ZW50PCEtLSB3cDpwYXJhZ3JhcGggLS0+CjxwPlJlY3VlcmRhIHRvZG8gY29uIE5vdGFzLCB5YSBzZWEgcGFyYSB1bmEgZXZhbHVhY2nDs24sIHNlZ3VpbWllbnRvIGRlIGhhYmlsaWRhZGVzIG8gdW5hIGxpc3RhIGRlIHRhcmVhcywgdGUgb2ZyZWNlbW9zIGxhIHBvc2liaWxpZGFkIGRlIHRvbWFyIG5vdGFzIGVuIGxvcyBhcmNoaXZvcyBkZSB0dXMgY29udGFjdG9zIG8gZW4gYWN0aXZpZGFkZXMgYWdyZWdhbmRvIGVubGFjZXMsIGxpc3RhcywgdGFibGFzIG8gaW3DoWdlbmVzLjwvcD4KPCEtLSAvd3A6cGFyYWdyYXBoIC0tPgoKPCEtLSB3cDpwYXJhZ3JhcGggLS0+CjxwPkVzdGFzIG5vdGFzIHNlIHB1ZWRlbiA8YSBocmVmPSJodHRwczovL3d3dy5rYW5hbmFzLmNvbS9lcy9kb2N1bWVudGF0aW9uL21pZW1icm9zL2RlcmVjaG9zLWRlLWFjY2Vzby8iIGRhdGEtdHlwZT0icGFnZSIgZGF0YS1pZD0iNDgyNSI+Y29tcGFydGlyIGVudHJlIGxvcyByZXNwb25zYWJsZXM8L2E+IHBhcmEgdW5hIGdlc3Rpw7NuIGNvbGFib3JhdGl2YSBhw7puIG3DoXMgZWZlY3RpdmEuPC9wPgo8IS0tIC93cDpwYXJhZ3JhcGggLS0+Cgo8IS0tIHdwOmltYWdlIHsiaWQiOjU0MjYsInNpemVTbHVnIjoibGFyZ2UiLCJsaW5rRGVzdGluYXRpb24iOiJub25lIiwiYWxpZ24iOiJjZW50ZXIifSAtLT4KPGZpZ3VyZSBjbGFzcz0id3AtYmxvY2staW1hZ2UgYWxpZ25jZW50ZXIgc2l6ZS1sYXJnZSI+PGltZyBzcmM9Imh0dHBzOi8vd3d3LmthbmFuYXMuY29tL2VzL3dwLWNvbnRlbnQvdXBsb2Fkcy9zaXRlcy8yMTQzLzIwMjQvMDcvU2NyZWVuc2hvdC0yMDI0LTA3LTI3LWF0LTE2LTQ3LTE0LVNPQS1jbHViLUNvbnRhY3RvLVBhbWVsYS1BbGRlYmFyYW4tMTAyNHg2NzIucG5nIiBhbHQ9IiIgY2xhc3M9IndwLWltYWdlLTU0MjYiLz48L2ZpZ3VyZT4KPCEtLSAvd3A6aW1hZ2UgLS0+Cgo8IS0tIHdwOnNwYWNlciB7ImhlaWdodCI6IjMwcHgifSAtLT4KPGRpdiBzdHlsZT0iaGVpZ2h0OjMwcHgiIGFyaWEtaGlkZGVuPSJ0cnVlIiBjbGFzcz0id3AtYmxvY2stc3BhY2VyIj48L2Rpdj4KPCEtLSAvd3A6c3BhY2VyIC0tPgoKPCEtLSB3cDpxdW90ZSB7ImNsYXNzTmFtZSI6InJvdW5kRGl2IiwiYmFja2dyb3VuZENvbG9yIjoiYmFzZSJ9IC0tPgo8YmxvY2txdW90ZSBjbGFzcz0id3AtYmxvY2stcXVvdGUgcm91bmREaXYgaGFzLWJhc2UtYmFja2dyb3VuZC1jb2xvciBoYXMtYmFja2dyb3VuZCI+PCEtLSB3cDpwYXJhZ3JhcGggLS0+CjxwPjxpIGNsYXNzPSJpY29uIGZhIGZhLWV4Y2xhbWF0aW9uLWNpcmNsZSIgYXJpYS1oaWRkZW49InRydWUiPiA8L2k+IEdyYWNpYXMgYSBsYXMgbm90YXMsIHRyYWJhamFyw6FzIGRlIG1hbmVyYSBtw6FzIGludGVsaWdlbnRlIHkgYWhvcnJhcsOhcyB0aWVtcG8uPC9wPgo8IS0tIC93cDpwYXJhZ3JhcGggLS0+PC9ibG9ja3F1b3RlPgo8IS0tIC93cDpxdW90ZSAtLT4KCjwhLS0gd3A6c3BhY2VyIHsiaGVpZ2h0IjoiMjBweCJ9IC0tPgo8ZGl2IHN0eWxlPSJoZWlnaHQ6MjBweCIgYXJpYS1oaWRkZW49InRydWUiIGNsYXNzPSJ3cC1ibG9jay1zcGFjZXIiPjwvZGl2Pgo8IS0tIC93cDpzcGFjZXIgLS0+Cgo8IS0tIHdwOnBhcmFncmFwaCAtLT4KPHA+UGFyYSBhZ3JlZ2FyIG5vdGFzIG8gY29tZW50YXJpb3MgYWwgYXJjaGl2byBkZSBjb250YWN0bywgdXRpbGl6YSBsYSBwZXN0YcOxYSA8c3Ryb25nPm5vdGFzPC9zdHJvbmc+IGVuIHN1IGFyY2hpdm8uPC9wPgo8IS0tIC93cDpwYXJhZ3JhcGggLS0+Cgo8IS0tIHdwOmltYWdlIHsiaWQiOjU0MjcsInNpemVTbHVnIjoibGFyZ2UiLCJsaW5rRGVzdGluYXRpb24iOiJub25lIiwiYWxpZ24iOiJjZW50ZXIifSAtLT4KPGZpZ3VyZSBjbGFzcz0id3AtYmxvY2staW1hZ2UgYWxpZ25jZW50ZXIgc2l6ZS1sYXJnZSI+PGltZyBzcmM9Imh0dHBzOi8vd3d3LmthbmFuYXMuY29tL2VzL3dwLWNvbnRlbnQvdXBsb2Fkcy9zaXRlcy8yMTQzLzIwMjQvMDcvU2NyZWVuc2hvdC0yMDI0LTA3LTI3LWF0LTE2LTQ3LTI2LVNPQS1jbHViLUNvbnRhY3RvLVBhbWVsYS1BbGRlYmFyYW4tMTAyNHg2NzIucG5nIiBhbHQ9IiIgY2xhc3M9IndwLWltYWdlLTU0MjciLz48L2ZpZ3VyZT4KPCEtLSAvd3A6aW1hZ2UgLS0+Cgo8IS0tIHdwOnBhcmFncmFwaCAtLT4KPHA+Tm90YTogTGFzIG5vdGFzIG5vIHNvbiB2aXNpYmxlcyBlbiBlbCA8YSBocmVmPSJodHRwczovL3d3dy5rYW5hbmFzLmNvbS9lcy9kb2N1bWVudGF0aW9uL21pZW1icm9zL2VzcGFjaW8tcGVyc29uYWwvIiBkYXRhLXR5cGU9InBhZ2UiIGRhdGEtaWQ9IjQ5MDUiPmVzcGFjaW8gcGVyc29uYWw8L2E+LjwvcD4KPCEtLSAvd3A6cGFyYWdyYXBoIC0tPgoKPCEtLSB3cDpzcGFjZXIgeyJoZWlnaHQiOiIzMHB4In0gLS0+CjxkaXYgc3R5bGU9ImhlaWdodDozMHB4IiBhcmlhLWhpZGRlbj0idHJ1ZSIgY2xhc3M9IndwLWJsb2NrLXNwYWNlciI+PC9kaXY+CjwhLS0gL3dwOnNwYWNlciAtLT4KCjwhLS0gd3A6cGFyYWdyYXBoIC0tPgo8cD5QYXJhIG9idGVuZXIgbcOhcyBpbmZvcm1hY2nDs24gc29icmUgbGEgZ2VzdGnDs24gZGUgY29udGFjdG9zPC9wPgo8IS0tIC93cDpwYXJhZ3JhcGggLS0+Cgo8IS0tIHdwOnBhZ2UtbGlzdCB7InBhcmVudFBhZ2VJRCI6NDkwMH0gLy0tPmRvY3VtZW50ZXhjZXJwdGRvY3VtZW50YXV0aG9yZG9jdW1lbnRmZWF0dXJlZF9tZWRpYWRvY3VtZW50Y29tbWVudF9zdGF0dXNkb2N1bWVudHBpbmdfc3RhdHVzZG9jdW1lbnR0ZW1wbGF0ZWRvY3VtZW50bWV0YWZvb3Rub3Rlc2RvY3VtZW50YmxvY2tzY2xpZW50SWRpc1ZhbGlkb3JpZ2luYWxDb250ZW50bmFtZWF0dHJpYnV0ZXNjb250ZW50UmVjdWVyZGEgdG9kbyBjb24gTm90YXMsIHlhIHNlYSBwYXJhIHVuYSBldmFsdWFjacOzbiwgc2VndWltaWVudG8gZGUgaGFiaWxpZGFkZXMgbyB1bmEgbGlzdGEgZGUgdGFyZWFzLCB0ZSBvZnJlY2Vtb3MgbGEgcG9zaWJpbGlkYWQgZGUgdG9tYXIgbm90YXMgZW4gbG9zIGFyY2hpdm9zIGRlIHR1cyBjb250YWN0b3MgbyBlbiBhY3RpdmlkYWRlcyBhZ3JlZ2FuZG8gZW5sYWNlcywgbGlzdGFzLCB0YWJsYXMgbyBpbcOhZ2VuZXMuZHJvcENhcGlubmVyQmxvY2tzY2xpZW50SWRpc1ZhbGlkb3JpZ2luYWxDb250ZW50bmFtZWF0dHJpYnV0ZXNjb250ZW50RXN0YXMgbm90YXMgc2UgcHVlZGVuIDxhIGhyZWY9Imh0dHBzOi8vd3d3LmthbmFuYXMuY29tL2VzL2RvY3VtZW50YXRpb24vbWllbWJyb3MvZGVyZWNob3MtZGUtYWNjZXNvLyIgZGF0YS10eXBlPSJwYWdlIiBkYXRhLWlkPSI0ODI1Ij5jb21wYXJ0aXIgZW50cmUgbG9zIHJlc3BvbnNhYmxlczwvYT4gcGFyYSB1bmEgZ2VzdGnDs24gY29sYWJvcmF0aXZhIGHDum4gbcOhcyBlZmVjdGl2YS5kcm9wQ2FwaW5uZXJCbG9ja3NjbGllbnRJZGlzVmFsaWRvcmlnaW5hbENvbnRlbnRuYW1lYXR0cmlidXRlc3VybGFsdGNhcHRpb25pZHNpemVTbHVnbGlua0Rlc3RpbmF0aW9uYWxpZ25pbm5lckJsb2Nrc2NsaWVudElkaXNWYWxpZG9yaWdpbmFsQ29udGVudG5hbWVhdHRyaWJ1dGVzaGVpZ2h0aW5uZXJCbG9ja3NjbGllbnRJZGlzVmFsaWRvcmlnaW5hbENvbnRlbnRuYW1lYXR0cmlidXRlc3ZhbHVlY2l0YXRpb25jbGFzc05hbWViYWNrZ3JvdW5kQ29sb3Jpbm5lckJsb2Nrc2NsaWVudElkaXNWYWxpZG9yaWdpbmFsQ29udGVudG5hbWVhdHRyaWJ1dGVzY29udGVudDxpIGNsYXNzPSJpY29uIGZhIGZhLWV4Y2xhbWF0aW9uLWNpcmNsZSIgYXJpYS1oaWRkZW49InRydWUiPiA8L2k+IEdyYWNpYXMgYSBsYXMgbm90YXMsIHRyYWJhamFyw6FzIGRlIG1hbmVyYSBtw6FzIGludGVsaWdlbnRlIHkgYWhvcnJhcsOhcyB0aWVtcG8uZHJvcENhcGlubmVyQmxvY2tzY2xpZW50SWRpc1ZhbGlkb3JpZ2luYWxDb250ZW50bmFtZWF0dHJpYnV0ZXNoZWlnaHRpbm5lckJsb2Nrc2NsaWVudElkaXNWYWxpZG9yaWdpbmFsQ29udGVudG5hbWVhdHRyaWJ1dGVzY29udGVudFBhcmEgYWdyZWdhciBub3RhcyBvIGNvbWVudGFyaW9zIGFsIGFyY2hpdm8gZGUgY29udGFjdG8sIHV0aWxpemEgbGEgcGVzdGHDsWEgPHN0cm9uZz5ub3Rhczwvc3Ryb25nPiBlbiBzdSBhcmNoaXZvLmRyb3BDYXBpbm5lckJsb2Nrc2NsaWVudElkaXNWYWxpZG9yaWdpbmFsQ29udGVudG5hbWVhdHRyaWJ1dGVzdXJsYWx0Y2FwdGlvbmlkc2l6ZVNsdWdsaW5rRGVzdGluYXRpb25hbGlnbmlubmVyQmxvY2tzY2xpZW50SWRpc1ZhbGlkb3JpZ2luYWxDb250ZW50bmFtZWF0dHJpYnV0ZXNjb250ZW50Tm90YTogTGFzIG5vdGFzIG5vIHNvbiB2aXNpYmxlcyBlbiBlbCA8YSBocmVmPSJodHRwczovL3d3dy5rYW5hbmFzLmNvbS9lcy9kb2N1bWVudGF0aW9uL21pZW1icm9zL2VzcGFjaW8tcGVyc29uYWwvIiBkYXRhLXR5cGU9InBhZ2UiIGRhdGEtaWQ9IjQ5MDUiPmVzcGFjaW8gcGVyc29uYWw8L2E+LmRyb3BDYXBpbm5lckJsb2Nrc2NsaWVudElkaXNWYWxpZG9yaWdpbmFsQ29udGVudG5hbWVhdHRyaWJ1dGVzaGVpZ2h0aW5uZXJCbG9ja3NjbGllbnRJZGlzVmFsaWRvcmlnaW5hbENvbnRlbnRuYW1lYXR0cmlidXRlc2NvbnRlbnRQYXJhIG9idGVuZXIgbcOhcyBpbmZvcm1hY2nDs24gc29icmUgbGEgZ2VzdGnDs24gZGUgY29udGFjdG9zZHJvcENhcGlubmVyQmxvY2tzY2xpZW50SWRpc1ZhbGlkb3JpZ2luYWxDb250ZW50bmFtZWF0dHJpYnV0ZXNwYXJlbnRQYWdlSURpc05lc3RlZGlubmVyQmxvY2tzc3RhdGVzYXZlZEF0c3RhdGVzYXZlZEJ5Y2xpZW50SWRpc1ZhbGlkbmFtZWF0dHJpYnV0ZXNjb250ZW50ZHJvcENhcGlubmVyQmxvY2tzb3JpZ2luYWxDb250ZW50UmVjdWVyZGEgdG9kbyBjb24gTm90YXMsIHlhIHNlYSBwYXJhIHVuYSBldmFsdWFjacOzbiwgc2VndWltaWVudG8gZGUgaGFiaWxpZGFkZXMgbyB1bmEgbGlzdGEgZGUgdGFyZWFzLCB0ZSBvZnJlY2Vtb3MgbGEgcG9zaWJpbGlkYWQgZGUgdG9tYXIgbm90YXMgZW4gbG9zIGFyY2hpdm9zIGRlIHR1cyBjb250YWN0b3MgbyBlbiBhY3RpdmlkYWRlcyBhZ3JlZ2FuZG8gZW5sYWNlcywgbGlzdGFzLCB0YWJsYXMgbyBpbcOhZ2VuZXMucHJldGV4dGZvcm1hdGxpbmtyZXZlcnNlT3JkZXJoaWRlb25Ib21laWdub3JlQ2FjaGV0ZXh0Q29sb3JiYWNrZ3JvdW5kQ29sb3JhbGlnbnR5cG9ncmFwaHlmb250U2l6ZXN0eWxlY2xpZW50SWRpc1ZhbGlkb3JpZ2luYWxDb250ZW50bmFtZWF0dHJpYnV0ZXNoZWlnaHRpbm5lckJsb2Nrc2Jjbi9icmVhZGNydW1iLXRyYWlsIC8tLT4KCjwhLS0gdzpzcGNlIHsiaGVpZ2h0IjoiMzBweCJ9IC0tPgo8ZGl2IHN0eWxlPSJoZWlnaHQ6MzBweCIgcmlhLWhpZGRlbj0idHJ1ZSIgY2xhc3M9IndwLWJsb2NrLXNwYWNlciI+PC9kaXY+CjwhLS0gL3dwOnNwYWNlciAtLT4KCjwhLS0gd3A6cGFyYQUHCAQIBAgGCEUACAcIQQKwKAgHCAYIDggOCAtIAQQJCAYIBw8ECgexAwcLCAcPBAoHmgMHCwgHDwQKQwAHAggPBQsIBw8ECgYLCAcPBAoFCAkPCwgHDwQKB48CBwsIBw8ECgYLCAcPBAoHsQEHCwgHDwQKQwAHAggPBQsIBw8ECgepAgcLCAcPBAoGCwgHDwQKBzoHCwgHDwQKDAgLBQcFBwgHBApHAAsPsQMHBgQMCgsJDwUKCAUIBw8ECgYLIQMCMJIBEwEEAAABAAAAAQYAAAEAAHgBAQA7QgEBAEEAAgBBAAIAQQACAEEAAEEAAgBBAAIAQQAAQQACAEEAAgBBAAIAQQAAQQACAEEAAEEAAgBBAAACQXMBxAEAfQF3EzIwMTgtMDYtMjVUMTU6NTc6NTd3BW5vdGFzdwdwdWJsaXNofQF9AHcGY2xvc2VkdwZjbG9zZWR3AHcAdyRhNDdkZmJkNS0yMTUzLTRlZTgtYTc3Zi0xZTYxZWFhZWVmYWV4d\/oBPHA+UmVjdWVyZGEgdG9kbyBjb24gTm90YXMsIHlhIHNlYSBwYXJhIHVuYSBldmFsdWFjacOzbiwgc2VndWltaWVudG8gZGUgaGFiaWxpZGFkZXMgbyB1bmEgbGlzdGEgZGUgdGFyZWFzLCB0ZSBvZnJlY2Vtb3MgbGEgcG9zaWJpbGlkYWQgZGUgdG9tYXIgbm90YXMgZW4gbG9zIGFyY2hpdm9zIGRlIHR1cyBjb250YWN0b3MgbyBlbiBhY3RpdmlkYWRlcyBhZ3JlZ2FuZG8gZW5sYWNlcywgbGlzdGFzLCB0YWJsYXMgbyBpbcOhZ2VuZXMuPC9wPncOY29yZS9wYXJhZ3JhcGh5dyRhN2M4MDEzNi1mYjA3LTQwMDMtOWMwNS03ZDhiNTk5OGI4M2Z4d+QBPHA+RXN0YXMgbm90YXMgc2UgcHVlZGVuIDxhIGhyZWY9Imh0dHBzOi8vd3d3LmthbmFuYXMuY29tL2VzL2RvY3VtZW50YXRpb24vbWllbWJyb3MvZGVyZWNob3MtZGUtYWNjZXNvLyIgZGF0YS10eXBlPSJwYWdlIiBkYXRhLWlkPSI0ODI1Ij5jb21wYXJ0aXIgZW50cmUgbG9zIHJlc3BvbnNhYmxlczwvYT4gcGFyYSB1bmEgZ2VzdGnDs24gY29sYWJvcmF0aXZhIGHDum4gbcOhcyBlZmVjdGl2YS48L3A+dw5jb3JlL3BhcmFncmFwaHl3JDFkOGExNjg5LTg5NjgtNDdhOC05NzRlLTU1Y2RlMGUxNTJlZXh3+wE8ZmlndXJlIGNsYXNzPSJ3cC1ibG9jay1pbWFnZSBhbGlnbmNlbnRlciBzaXplLWxhcmdlIj48aW1nIHNyYz0iaHR0cHM6Ly93d3cua2FuYW5hcy5jb20vZXMvd3AtY29udGVudC91cGxvYWRzL3NpdGVzLzIxNDMvMjAyNC8wNy9TY3JlZW5zaG90LTIwMjQtMDctMjctYXQtMTYtNDctMTQtU09BLWNsdWItQ29udGFjdG8tUGFtZWxhLUFsZGViYXJhbi0xMDI0eDY3Mi5wbmciIGFsdD0iIiBjbGFzcz0id3AtaW1hZ2UtNTQyNiIvPjwvZmlndXJlPncKY29yZS9pbWFnZXeSAWh0dHBzOi8vd3d3LmthbmFuYXMuY29tL2VzL3dwLWNvbnRlbnQvdXBsb2Fkcy9zaXRlcy8yMTQzLzIwMjQvMDcvU2NyZWVuc2hvdC0yMDI0LTA3LTI3LWF0LTE2LTQ3LTE0LVNPQS1jbHViLUNvbnRhY3RvLVBhbWVsYS1BbGRlYmFyYW4tMTAyNHg2NzIucG5ndwB9slR3BWxhcmdldwRub25ldwZjZW50ZXJ3JDhkN2JhYjJjLThlNGMtNDYwYy05MWIzLWQzMzhiOTcyODdjZHh3SjxkaXYgc3R5bGU9ImhlaWdodDozMHB4IiBhcmlhLWhpZGRlbj0idHJ1ZSIgY2xhc3M9IndwLWJsb2NrLXNwYWNlciI+PC9kaXY+dwtjb3JlL3NwYWNlcncEMzBweHckZmExZWMyMWQtYzE4YS00ZjBlLWIyODYtOGZkNjcxZjNjYTUweHdiPGJsb2NrcXVvdGUgY2xhc3M9IndwLWJsb2NrLXF1b3RlIHJvdW5kRGl2IGhhcy1iYXNlLWJhY2tncm91bmQtY29sb3IgaGFzLWJhY2tncm91bmQiPjwvYmxvY2txdW90ZT53CmNvcmUvcXVvdGV3AHcIcm91bmREaXZ3BGJhc2V3JDlmMWYzNGEzLTEwNTAtNDM3ZS1hNjRkLTk4MDFjMzNhYTIwNnh3mQE8cD48aSBjbGFzcz0iaWNvbiBmYSBmYS1leGNsYW1hdGlvbi1jaXJjbGUiIGFyaWEtaGlkZGVuPSJ0cnVlIj4gPC9pPiBHcmFjaWFzIGEgbGFzIG5vdGFzLCB0cmFiYWphcsOhcyBkZSBtYW5lcmEgbcOhcyBpbnRlbGlnZW50ZSB5IGFob3JyYXLDoXMgdGllbXBvLjwvcD53DmNvcmUvcGFyYWdyYXBoeXckYmE1YTZkNGYtMTAzMS00ZThjLTg3NTQtMjgwYTk5MTE1YzZkeHdKPGRpdiBzdHlsZT0iaGVpZ2h0OjIwcHgiIGFyaWEtaGlkZGVuPSJ0cnVlIiBjbGFzcz0id3AtYmxvY2stc3BhY2VyIj48L2Rpdj53C2NvcmUvc3BhY2VydwQyMHB4dyRmYTRhMTI1YS0yYjY0LTRmNmUtODhlNy0xNjY0ODY4ZDZlYTh4d3k8cD5QYXJhIGFncmVnYXIgbm90YXMgbyBjb21lbnRhcmlvcyBhbCBhcmNoaXZvIGRlIGNvbnRhY3RvLCB1dGlsaXphIGxhIHBlc3Rhw7FhIDxzdHJvbmc+bm90YXM8L3N0cm9uZz4gZW4gc3UgYXJjaGl2by48L3A+dw5jb3JlL3BhcmFncmFwaHl3JDQ1YjhjMTE2LTEyM2YtNGU5OC04MjY4LTQwMTA4ZWQwNzMwOXh3+wE8ZmlndXJlIGNsYXNzPSJ3cC1ibG9jay1pbWFnZSBhbGlnbmNlbnRlciBzaXplLWxhcmdlIj48aW1nIHNyYz0iaHR0cHM6Ly93d3cua2FuYW5hcy5jb20vZXMvd3AtY29udGVudC91cGxvYWRzL3NpdGVzLzIxNDMvMjAyNC8wNy9TY3JlZW5zaG90LTIwMjQtMDctMjctYXQtMTYtNDctMjYtU09BLWNsdWItQ29udGFjdG8tUGFtZWxhLUFsZGViYXJhbi0xMDI0eDY3Mi5wbmciIGFsdD0iIiBjbGFzcz0id3AtaW1hZ2UtNTQyNyIvPjwvZmlndXJlPncKY29yZS9pbWFnZXeSAWh0dHBzOi8vd3d3LmthbmFuYXMuY29tL2VzL3dwLWNvbnRlbnQvdXBsb2Fkcy9zaXRlcy8yMTQzLzIwMjQvMDcvU2NyZWVuc2hvdC0yMDI0LTA3LTI3LWF0LTE2LTQ3LTI2LVNPQS1jbHViLUNvbnRhY3RvLVBhbWVsYS1BbGRlYmFyYW4tMTAyNHg2NzIucG5ndwB9s1R3BWxhcmdldwRub25ldwZjZW50ZXJ3JDExZDM4Mzc1LWZhZWMtNDFkYi1hMTI4LWM0ODg5NWU4ZjQ3ZHh3sAE8cD5Ob3RhOiBMYXMgbm90YXMgbm8gc29uIHZpc2libGVzIGVuIGVsIDxhIGhyZWY9Imh0dHBzOi8vd3d3LmthbmFuYXMuY29tL2VzL2RvY3VtZW50YXRpb24vbWllbWJyb3MvZXNwYWNpby1wZXJzb25hbC8iIGRhdGEtdHlwZT0icGFnZSIgZGF0YS1pZD0iNDkwNSI+ZXNwYWNpbyBwZXJzb25hbDwvYT4uPC9wPncOY29yZS9wYXJhZ3JhcGh5dyQyMGE3YzM2ZC1iYzA4LTQ3MDgtOGIzNC01ZDBmNTIxYWFlYjF4d0o8ZGl2IHN0eWxlPSJoZWlnaHQ6MzBweCIgYXJpYS1oaWRkZW49InRydWUiIGNsYXNzPSJ3cC1ibG9jay1zcGFjZXIiPjwvZGl2PncLY29yZS9zcGFjZXJ3BDMwcHh3JGFkOWJkNzEzLTcwOWUtNDUwNC05MmNmLTgzMWFjNjhmMzc2MXh3RDxwPlBhcmEgb2J0ZW5lciBtw6FzIGluZm9ybWFjacOzbiBzb2JyZSBsYSBnZXN0acOzbiBkZSBjb250YWN0b3M8L3A+dw5jb3JlL3BhcmFncmFwaHl3JGY5ZmM3MmZiLTM5MGYtNGQ2Ni1iNTlkLWY0Yjk3YzMzN2QyNXh3AHcOY29yZS9wYWdlLWxpc3R9pEx5e0J54X0yc4AAe0Hv4cU1AAAAdyQ4N2U3ZDRjMi1iNzdjLTRlZTktYTQ2Ni05N2U0NTE5MWY3YWJ4dw5jb3JlL3BhcmFncmFwaHl3JDg3ZTdkNGMyLWI3N2MtNGVlOS1hNDY2LTk3ZTQ1MTkxZjdhYnckNjFkZjVhM2YtYWRkYS00MTYxLThkNzgtNDRhNDFhYWJlMDIxd\/oBPHA+UmVjdWVyZGEgdG9kbyBjb24gTm90YXMsIHlhIHNlYSBwYXJhIHVuYSBldmFsdWFjacOzbiwgc2VndWltaWVudG8gZGUgaGFiaWxpZGFkZXMgbyB1bmEgbGlzdGEgZGUgdGFyZWFzLCB0ZSBvZnJlY2Vtb3MgbGEgcG9zaWJpbGlkYWQgZGUgdG9tYXIgbm90YXMgZW4gbG9zIGFyY2hpdm9zIGRlIHR1cyBjb250YWN0b3MgbyBlbiBhY3RpdmlkYWRlcyBhZ3JlZ2FuZG8gZW5sYWNlcywgbGlzdGFzLCB0YWJsYXMgbyBpbcOhZ2VuZXMuPC9wPnckYzZlYzc1MGEtNDA5MS00NGQ2LWE2OWMtOWU0NDhlZmM0ODcxdwB3FGJjbi9icmVhZGNydW1iLXRyYWlsdwB3E2JyZWFkY3J1bWJsaXN0X3JkZmF4eXl4dwB3AHcAdwB3AHUAdyQ4NTdjMDEyNC1jZDUzLTRjZDctYTQzNC0xN2VkYWYzZTIxOWN4d0o8ZGl2IHN0eWxlPSJoZWlnaHQ6MzBweCIgYXJpYS1oaWRkZW49InRydWUiIGNsYXNzPSJ3cC1ibG9jay1zcGFjZXIiPjwvZGl2PncLY29yZS9zcGFjZXJ3BDMwcHgBqNO4+A8F0RQAAQEB8gG2BgAGAA==\",\"updateId\":488885412}","footnotes":""},"class_list":["post-4786","page","type-page","status-publish"],"aioseo_notices":[],"_links":{"self":[{"href":"https:\/\/www.kananas.com\/es\/wp-json\/wp\/v2\/pages\/4786","targetHints":{"allow":["GET"]}}],"collection":[{"href":"https:\/\/www.kananas.com\/es\/wp-json\/wp\/v2\/pages"}],"about":[{"href":"https:\/\/www.kananas.com\/es\/wp-json\/wp\/v2\/types\/page"}],"author":[{"embeddable":true,"href":"https:\/\/www.kananas.com\/es\/wp-json\/wp\/v2\/users\/1"}],"replies":[{"embeddable":true,"href":"https:\/\/www.kananas.com\/es\/wp-json\/wp\/v2\/comments?post=4786"}],"version-history":[{"count":8,"href":"https:\/\/www.kananas.com\/es\/wp-json\/wp\/v2\/pages\/4786\/revisions"}],"predecessor-version":[{"id":6520,"href":"https:\/\/www.kananas.com\/es\/wp-json\/wp\/v2\/pages\/4786\/revisions\/6520"}],"up":[{"embeddable":true,"href":"https:\/\/www.kananas.com\/es\/wp-json\/wp\/v2\/pages\/4900"}],"wp:attachment":[{"href":"https:\/\/www.kananas.com\/es\/wp-json\/wp\/v2\/media?parent=4786"}],"curies":[{"name":"wp","href":"https:\/\/api.w.org\/{rel}","templated":true}]}}