{"id":4794,"date":"2017-01-19T18:58:05","date_gmt":"2017-01-19T16:58:05","guid":{"rendered":"https:\/\/www.kananas.com\/es\/documentation-14\/web-site\/directory\/"},"modified":"2026-05-11T18:36:18","modified_gmt":"2026-05-11T16:36:18","slug":"directorio","status":"publish","type":"page","link":"https:\/\/www.kananas.com\/es\/documentation\/sitio-web\/directorio\/","title":{"rendered":"Directorio"},"content":{"rendered":"<div class=\"breadcrumbs align  wp-block-bcn-breadcrumb-trail has-text-color has-background\" vocab=\"https:\/\/schema.org\/\" typeof=\"BreadcrumbList\">\n\t<span><\/span>\n\t<span property=\"itemListElement\" typeof=\"ListItem\"><a property=\"item\" typeof=\"WebPage\" title=\"Aller \u00e0 kananas.\" href=\"https:\/\/www.kananas.com\/es\" class=\"home\" aria-current=\"page\"><span property=\"name\">kananas<\/span><\/a><meta property=\"position\" content=\"1\"><\/span><\/div>\n\n\n\n<div style=\"height:30px\" aria-hidden=\"true\" class=\"wp-block-spacer\"><\/div>\n\n\n\n<p class=\"wp-block-paragraph\">Para publicar un directorio de contactos para tus usuarios o para los visitantes de tu sitio web, utiliza la pesta\u00f1a \u00ab\u00a0directorio\u00a0\u00bb en el men\u00fa de \u00ab\u00a0configuraci\u00f3n\u00a0\u00bb.<\/p>\n\n\n<div class=\"wp-block-image\">\n<figure class=\"aligncenter size-large\"><img loading=\"lazy\" decoding=\"async\" width=\"1024\" height=\"636\" src=\"https:\/\/www.kananas.com\/es\/wp-content\/uploads\/sites\/2143\/2024\/07\/Screenshot-2024-07-31-at-17-42-25-SOA-club-Configuracion-_-Directorio-1024x636.png\" alt=\"\" class=\"wp-image-5627\" title=\"Configuraci\u00f3n del directorio de la asociaci\u00f3n\" srcset=\"https:\/\/www.kananas.com\/es\/wp-content\/uploads\/sites\/2143\/2024\/07\/Screenshot-2024-07-31-at-17-42-25-SOA-club-Configuracion-_-Directorio-1024x636.png 1024w, https:\/\/www.kananas.com\/es\/wp-content\/uploads\/sites\/2143\/2024\/07\/Screenshot-2024-07-31-at-17-42-25-SOA-club-Configuracion-_-Directorio-300x186.png 300w, https:\/\/www.kananas.com\/es\/wp-content\/uploads\/sites\/2143\/2024\/07\/Screenshot-2024-07-31-at-17-42-25-SOA-club-Configuracion-_-Directorio-768x477.png 768w, https:\/\/www.kananas.com\/es\/wp-content\/uploads\/sites\/2143\/2024\/07\/Screenshot-2024-07-31-at-17-42-25-SOA-club-Configuracion-_-Directorio-1536x955.png 1536w, https:\/\/www.kananas.com\/es\/wp-content\/uploads\/sites\/2143\/2024\/07\/Screenshot-2024-07-31-at-17-42-25-SOA-club-Configuracion-_-Directorio-2048x1273.png 2048w\" sizes=\"auto, (max-width: 1024px) 100vw, 1024px\" \/><\/figure>\n<\/div>\n\n\n<div style=\"height:20px\" aria-hidden=\"true\" class=\"wp-block-spacer\"><\/div>\n\n\n\n<p class=\"wp-block-paragraph\">La interfaz te permite definir qu\u00e9 contactos mostrar en el directorio y qu\u00e9 informaci\u00f3n poner a disposici\u00f3n de los usuarios.<\/p>\n\n\n\n<p class=\"wp-block-paragraph\">La privacidad del directorio se puede configurar como \u00ab\u00a0\u00e1rea personal\u00a0\u00bb para que solo sea accesible para personas identificadas que hayan iniciado sesi\u00f3n en su <a href=\"https:\/\/www.kananas.com\/es\/documentation\/miembros\/espacio-personal\/\" data-type=\"page\" data-id=\"4905\">\u00e1rea personal<\/a>, o \u00ab\u00a0p\u00fablico\u00a0\u00bb si deseas publicar la informaci\u00f3n en tu <a href=\"https:\/\/www.kananas.com\/es\/documentation\/sitio-web\/\" data-type=\"page\" data-id=\"4907\">sitio web<\/a>, por ejemplo.<\/p>\n\n\n\n<p class=\"wp-block-paragraph\">Si la configuraci\u00f3n es \u00ab\u00a0p\u00fablica\u00a0\u00bb, el software te proporcionar\u00e1 la URL que debes utilizar para difundir esta informaci\u00f3n. En el caso del sitio web que ofrecemos con tu suscripci\u00f3n, debes integrar la etiqueta a continuaci\u00f3n utilizando la URL indicada.<\/p>\n\n\n\n<p class=\"wp-block-paragraph\">Ejemplo:<\/p>\n\n\n<div class=\"wp-block-image\">\n<figure class=\"aligncenter\"><img decoding=\"async\" src=\"http:\/\/www.kananas.com\/wp-content\/uploads\/2017\/01\/iframe.jpg\" alt=\"\" class=\"wp-image-1659\"\/><\/figure>\n<\/div>\n\n\n<div style=\"height:20px\" aria-hidden=\"true\" class=\"wp-block-spacer\"><\/div>\n\n\n\n<p class=\"wp-block-paragraph\">El directorio visto desde el <a href=\"https:\/\/www.kananas.com\/es\/documentation\/miembros\/espacio-personal\/\" data-type=\"page\" data-id=\"4905\">\u00e1rea personal<\/a> del miembro:<\/p>\n\n\n<div class=\"wp-block-image\">\n<figure class=\"aligncenter size-large\"><img loading=\"lazy\" decoding=\"async\" width=\"1024\" height=\"636\" src=\"https:\/\/www.kananas.com\/es\/wp-content\/uploads\/sites\/2143\/2024\/07\/Screenshot-2024-07-31-at-17-42-40-Administrador-de-asociacion-1024x636.png\" alt=\"\" class=\"wp-image-5628\" srcset=\"https:\/\/www.kananas.com\/es\/wp-content\/uploads\/sites\/2143\/2024\/07\/Screenshot-2024-07-31-at-17-42-40-Administrador-de-asociacion-1024x636.png 1024w, https:\/\/www.kananas.com\/es\/wp-content\/uploads\/sites\/2143\/2024\/07\/Screenshot-2024-07-31-at-17-42-40-Administrador-de-asociacion-300x186.png 300w, https:\/\/www.kananas.com\/es\/wp-content\/uploads\/sites\/2143\/2024\/07\/Screenshot-2024-07-31-at-17-42-40-Administrador-de-asociacion-768x477.png 768w, https:\/\/www.kananas.com\/es\/wp-content\/uploads\/sites\/2143\/2024\/07\/Screenshot-2024-07-31-at-17-42-40-Administrador-de-asociacion-1536x955.png 1536w, https:\/\/www.kananas.com\/es\/wp-content\/uploads\/sites\/2143\/2024\/07\/Screenshot-2024-07-31-at-17-42-40-Administrador-de-asociacion-2048x1273.png 2048w\" sizes=\"auto, (max-width: 1024px) 100vw, 1024px\" \/><\/figure>\n<\/div>\n\n\n<div style=\"height:20px\" aria-hidden=\"true\" class=\"wp-block-spacer\"><\/div>\n\n\n\n<p class=\"wp-block-paragraph\">Para obtener m\u00e1s informaci\u00f3n sobre el sitio web<\/p>\n\n\n<ul class=\"wp-block-page-list\"><li class=\"wp-block-pages-list__item\"><a class=\"wp-block-pages-list__item__link\" href=\"https:\/\/www.kananas.com\/es\/documentation\/sitio-web\/membresia-en-linea\/\">Membres\u00eda en l\u00ednea<\/a><\/li><li class=\"wp-block-pages-list__item\"><a class=\"wp-block-pages-list__item__link\" href=\"https:\/\/www.kananas.com\/es\/documentation\/sitio-web\/tienda-online\/\">Tienda online<\/a><\/li><li class=\"wp-block-pages-list__item\"><a class=\"wp-block-pages-list__item__link\" href=\"https:\/\/www.kananas.com\/es\/documentation\/sitio-web\/pago-en-linea\/\">Pago en l\u00ednea<\/a><\/li><li class=\"wp-block-pages-list__item\"><a class=\"wp-block-pages-list__item__link\" href=\"https:\/\/www.kananas.com\/es\/documentation\/sitio-web\/modulos\/\">M\u00f3dulos<\/a><\/li><li class=\"wp-block-pages-list__item\"><a class=\"wp-block-pages-list__item__link\" href=\"https:\/\/www.kananas.com\/es\/documentation\/sitio-web\/directorio\/\">Directorio<\/a><\/li><\/ul>","protected":false},"excerpt":{"rendered":"<p>Para publicar un directorio de contactos para tus usuarios o para los visitantes de tu sitio web, utiliza la pesta\u00f1a \u00ab\u00a0directorio\u00a0\u00bb en el men\u00fa de \u00ab\u00a0configuraci\u00f3n\u00a0\u00bb. La interfaz te permite definir qu\u00e9 contactos mostrar en el directorio y qu\u00e9 informaci\u00f3n poner a disposici\u00f3n de los usuarios. La privacidad del directorio se puede configurar como \u00ab\u00a0\u00e1rea &#8230; <a title=\"Directorio\" class=\"read-more\" href=\"https:\/\/www.kananas.com\/es\/documentation\/sitio-web\/directorio\/\" aria-label=\"En savoir plus sur Directorio\">Lire la suite<\/a><\/p>\n","protected":false},"author":1,"featured_media":0,"parent":4907,"menu_order":8,"comment_status":"closed","ping_status":"closed","template":"","meta":{"_crdt_document":"{\"document\":\"AAAH8fOwoh3GAZgBCBYQAwKqXgQCAQIKAkJKAJIFAQIKAQVKAB4BAgpKABABAgoCQkoAigQBAgoCQkoAqg4BAgoCQkoAhAgBAgoCQkoAIgECCgECSgAYAQIKSgAQAQIKAkJKAKQFAQIKAQRKABwBAgpKABABAgoCQkoAsAEBAgoASsIqmCoBAQgASNYqmCpCCgbiKgMAAQlKjDABAgpKxI8BAwIJuGSGJc6JAQMC3QEoAycABAAnAAQAhAQnACgEJwAoACcABwAoAycBBAAoACcAhwAoAycAKAEnACgEJwCHACgDJwAoACcAhwAoAycBBAAoACcAhwAoAycBBAAoACcAhwAoAycBBAAoACcAhwAoAycBBAAoACcAhwAoAycAKAEnACgBJwCHACgDJwAoACcAhwAoAycBBAAoACcAhwAoAycAKAEnACgDJwCHACgDJwAoACcAhwAoAycBBAAoACcAhwAoAycAKAEnACgBxwAoAicBKAAnAKgBKAAEAKgCKAvHACgDJwAoACcAxMQx8i9zdGF0ZXZlcnNpb25kb2N1bWVudGRhdGVkb2N1bWVudHNsdWdkb2N1bWVudHN0YXR1c2RvY3VtZW50dGl0bGVEaXJlY3RvcmlvZG9jdW1lbnRjb250ZW50PCEtLSB3cDpwYXJhZ3JhcGggLS0+CjxwPlBhcmEgcHVibGljYXIgdW4gZGlyZWN0b3JpbyBkZSBjb250YWN0b3MgcGFyYSB0dXMgdXN1YXJpb3MgbyBwYXJhIGxvcyB2aXNpdGFudGVzIGRlIHR1IHNpdGlvIHdlYiwgdXRpbGl6YSBsYSBwZXN0YcOxYSAiZGlyZWN0b3JpbyIgZW4gZWwgbWVuw7ogZGUgImNvbmZpZ3VyYWNpw7NuIi48L3A+CjwhLS0gL3dwOnBhcmFncmFwaCAtLT4KCjwhLS0gd3A6aW1hZ2UgeyJpZCI6NTYyNywic2l6ZVNsdWciOiJsYXJnZSIsImxpbmtEZXN0aW5hdGlvbiI6Im5vbmUiLCJhbGlnbiI6ImNlbnRlciJ9IC0tPgo8ZmlndXJlIGNsYXNzPSJ3cC1ibG9jay1pbWFnZSBhbGlnbmNlbnRlciBzaXplLWxhcmdlIj48aW1nIHNyYz0iaHR0cHM6Ly93d3cua2FuYW5hcy5jb20vZXMvd3AtY29udGVudC91cGxvYWRzL3NpdGVzLzIxNDMvMjAyNC8wNy9TY3JlZW5zaG90LTIwMjQtMDctMzEtYXQtMTctNDItMjUtU09BLWNsdWItQ29uZmlndXJhY2lvbi1fLURpcmVjdG9yaW8tMTAyNHg2MzYucG5nIiBhbHQ9IiIgY2xhc3M9IndwLWltYWdlLTU2MjciIHRpdGxlPSJDb25maWd1cmFjacOzbiBkZWwgZGlyZWN0b3JpbyBkZSBsYSBhc29jaWFjacOzbiIvPjwvZmlndXJlPgo8IS0tIC93cDppbWFnZSAtLT4KCjwhLS0gd3A6c3BhY2VyIHsiaGVpZ2h0IjoiMjBweCJ9IC0tPgo8ZGl2IHN0eWxlPSJoZWlnaHQ6MjBweCIgYXJpYS1oaWRkZW49InRydWUiIGNsYXNzPSJ3cC1ibG9jay1zcGFjZXIiPjwvZGl2Pgo8IS0tIC93cDpzcGFjZXIgLS0+Cgo8IS0tIHdwOnBhcmFncmFwaCAtLT4KPHA+TGEgaW50ZXJmYXogdGUgcGVybWl0ZSBkZWZpbmlyIHF1w6kgY29udGFjdG9zIG1vc3RyYXIgZW4gZWwgZGlyZWN0b3JpbyB5IHF1w6kgaW5mb3JtYWNpw7NuIHBvbmVyIGEgZGlzcG9zaWNpw7NuIGRlIGxvcyB1c3Vhcmlvcy48L3A+CjwhLS0gL3dwOnBhcmFncmFwaCAtLT4KCjwhLS0gd3A6cGFyYWdyYXBoIC0tPgo8cD5MYSBwcml2YWNpZGFkIGRlbCBkaXJlY3RvcmlvIHNlIHB1ZWRlIGNvbmZpZ3VyYXIgY29tbyAiw6FyZWEgcGVyc29uYWwiIHBhcmEgcXVlIHNvbG8gc2VhIGFjY2VzaWJsZSBwYXJhIHBlcnNvbmFzIGlkZW50aWZpY2FkYXMgcXVlIGhheWFuIGluaWNpYWRvIHNlc2nDs24gZW4gc3UgPGEgaHJlZj0iaHR0cHM6Ly93d3cua2FuYW5hcy5jb20vZXMvZG9jdW1lbnRhdGlvbi9taWVtYnJvcy9lc3BhY2lvLXBlcnNvbmFsLyIgZGF0YS10eXBlPSJwYWdlIiBkYXRhLWlkPSI0OTA1Ij7DoXJlYSBwZXJzb25hbDwvYT4sIG8gInDDumJsaWNvIiBzaSBkZXNlYXMgcHVibGljYXIgbGEgaW5mb3JtYWNpw7NuIGVuIHR1IDxhIGhyZWY9Imh0dHBzOi8vd3d3LmthbmFuYXMuY29tL2VzL2RvY3VtZW50YXRpb24vc2l0aW8td2ViLyIgZGF0YS10eXBlPSJwYWdlIiBkYXRhLWlkPSI0OTA3Ij5zaXRpbyB3ZWI8L2E+LCBwb3IgZWplbXBsby48L3A+CjwhLS0gL3dwOnBhcmFncmFwaCAtLT4KCjwhLS0gd3A6cGFyYWdyYXBoIC0tPgo8cD5TaSBsYSBjb25maWd1cmFjacOzbiBlcyAicMO6YmxpY2EiLCBlbCBzb2Z0d2FyZSB0ZSBwcm9wb3JjaW9uYXLDoSBsYSBVUkwgcXVlIGRlYmVzIHV0aWxpemFyIHBhcmEgZGlmdW5kaXIgZXN0YSBpbmZvcm1hY2nDs24uIEVuIGVsIGNhc28gZGVsIHNpdGlvIHdlYiBxdWUgb2ZyZWNlbW9zIGNvbiB0dSBzdXNjcmlwY2nDs24sIGRlYmVzIGludGVncmFyIGxhIGV0aXF1ZXRhIGEgY29udGludWFjacOzbiB1dGlsaXphbmRvIGxhIFVSTCBpbmRpY2FkYS48L3A+CjwhLS0gL3dwOnBhcmFncmFwaCAtLT4KCjwhLS0gd3A6cGFyYWdyYXBoIC0tPgo8cD5FamVtcGxvOjwvcD4KPCEtLSAvd3A6cGFyYWdyYXBoIC0tPgoKPCEtLSB3cDppbWFnZSB7ImlkIjoxNjU5LCJhbGlnbiI6ImNlbnRlciJ9IC0tPgo8ZmlndXJlIGNsYXNzPSJ3cC1ibG9jay1pbWFnZSBhbGlnbmNlbnRlciI+PGltZyBzcmM9Imh0dHA6Ly93d3cua2FuYW5hcy5jb20vd3AtY29udGVudC91cGxvYWRzLzIwMTcvMDEvaWZyYW1lLmpwZyIgYWx0PSIiIGNsYXNzPSJ3cC1pbWFnZS0xNjU5Ii8+PC9maWd1cmU+CjwhLS0gL3dwOmltYWdlIC0tPgoKPCEtLSB3cDpzcGFjZXIgeyJoZWlnaHQiOiIyMHB4In0gLS0+CjxkaXYgc3R5bGU9ImhlaWdodDoyMHB4IiBhcmlhLWhpZGRlbj0idHJ1ZSIgY2xhc3M9IndwLWJsb2NrLXNwYWNlciI+PC9kaXY+CjwhLS0gL3dwOnNwYWNlciAtLT4KCjwhLS0gd3A6cGFyYWdyYXBoIC0tPgo8cD5FbCBkaXJlY3RvcmlvIHZpc3RvIGRlc2RlIGVsIDxhIGhyZWY9Imh0dHBzOi8vd3d3LmthbmFuYXMuY29tL2VzL2RvY3VtZW50YXRpb24vbWllbWJyb3MvZXNwYWNpby1wZXJzb25hbC8iIGRhdGEtdHlwZT0icGFnZSIgZGF0YS1pZD0iNDkwNSI+w6FyZWEgcGVyc29uYWw8L2E+IGRlbCBtaWVtYnJvOjwvcD4KPCEtLSAvd3A6cGFyYWdyYXBoIC0tPgoKPCEtLSB3cDppbWFnZSB7ImlkIjo1NjI4LCJzaXplU2x1ZyI6ImxhcmdlIiwibGlua0Rlc3RpbmF0aW9uIjoibm9uZSIsImFsaWduIjoiY2VudGVyIn0gLS0+CjxmaWd1cmUgY2xhc3M9IndwLWJsb2NrLWltYWdlIGFsaWduY2VudGVyIHNpemUtbGFyZ2UiPjxpbWcgc3JjPSJodHRwczovL3d3dy5rYW5hbmFzLmNvbS9lcy93cC1jb250ZW50L3VwbG9hZHMvc2l0ZXMvMjE0My8yMDI0LzA3L1NjcmVlbnNob3QtMjAyNC0wNy0zMS1hdC0xNy00Mi00MC1BZG1pbmlzdHJhZG9yLWRlLWFzb2NpYWNpb24tMTAyNHg2MzYucG5nIiBhbHQ9IiIgY2xhc3M9IndwLWltYWdlLTU2MjgiLz48L2ZpZ3VyZT4KPCEtLSAvd3A6aW1hZ2UgLS0+Cgo8IS0tIHdwOnNwYWNlciB7ImhlaWdodCI6IjIwcHgifSAtLT4KPGRpdiBzdHlsZT0iaGVpZ2h0OjIwcHgiIGFyaWEtaGlkZGVuPSJ0cnVlIiBjbGFzcz0id3AtYmxvY2stc3BhY2VyIj48L2Rpdj4KPCEtLSAvd3A6c3BhY2VyIC0tPgoKPCEtLSB3cDpwYXJhZ3JhcGggLS0+CjxwPlBhcmEgb2J0ZW5lciBtw6FzIGluZm9ybWFjacOzbiBzb2JyZSBlbCBzaXRpbyB3ZWI8L3A+CjwhLS0gL3dwOnBhcmFncmFwaCAtLT4KCjwhLS0gd3A6cGFnZS1saXN0IHsicGFyZW50UGFnZUlEIjo0OTA3fSAvLS0+ZG9jdW1lbnRleGNlcnB0ZG9jdW1lbnRhdXRob3Jkb2N1bWVudGZlYXR1cmVkX21lZGlhZG9jdW1lbnRjb21tZW50X3N0YXR1c2RvY3VtZW50cGluZ19zdGF0dXNkb2N1bWVudHRlbXBsYXRlZG9jdW1lbnRtZXRhZm9vdG5vdGVzZG9jdW1lbnRibG9ja3NjbGllbnRJZGlzVmFsaWRvcmlnaW5hbENvbnRlbnRuYW1lYXR0cmlidXRlc2NvbnRlbnRQYXJhIHB1YmxpY2FyIHVuIGRpcmVjdG9yaW8gZGUgY29udGFjdG9zIHBhcmEgdHVzIHVzdWFyaW9zIG8gcGFyYSBsb3MgdmlzaXRhbnRlcyBkZSB0dSBzaXRpbyB3ZWIsIHV0aWxpemEgbGEgcGVzdGHDsWEgImRpcmVjdG9yaW8iIGVuIGVsIG1lbsO6IGRlICJjb25maWd1cmFjacOzbiIuZHJvcENhcGlubmVyQmxvY2tzY2xpZW50SWRpc1ZhbGlkb3JpZ2luYWxDb250ZW50bmFtZWF0dHJpYnV0ZXN1cmxhbHRjYXB0aW9udGl0bGVpZHNpemVTbHVnbGlua0Rlc3RpbmF0aW9uYWxpZ25pbm5lckJsb2Nrc2NsaWVudElkaXNWYWxpZG9yaWdpbmFsQ29udGVudG5hbWVhdHRyaWJ1dGVzaGVpZ2h0aW5uZXJCbG9ja3NjbGllbnRJZGlzVmFsaWRvcmlnaW5hbENvbnRlbnRuYW1lYXR0cmlidXRlc2NvbnRlbnRMYSBpbnRlcmZheiB0ZSBwZXJtaXRlIGRlZmluaXIgcXXDqSBjb250YWN0b3MgbW9zdHJhciBlbiBlbCBkaXJlY3RvcmlvIHkgcXXDqSBpbmZvcm1hY2nDs24gcG9uZXIgYSBkaXNwb3NpY2nDs24gZGUgbG9zIHVzdWFyaW9zLmRyb3BDYXBpbm5lckJsb2Nrc2NsaWVudElkaXNWYWxpZG9yaWdpbmFsQ29udGVudG5hbWVhdHRyaWJ1dGVzY29udGVudExhIHByaXZhY2lkYWQgZGVsIGRpcmVjdG9yaW8gc2UgcHVlZGUgY29uZmlndXJhciBjb21vICLDoXJlYSBwZXJzb25hbCIgcGFyYSBxdWUgc29sbyBzZWEgYWNjZXNpYmxlIHBhcmEgcGVyc29uYXMgaWRlbnRpZmljYWRhcyBxdWUgaGF5YW4gaW5pY2lhZG8gc2VzacOzbiBlbiBzdSA8YSBocmVmPSJodHRwczovL3d3dy5rYW5hbmFzLmNvbS9lcy9kb2N1bWVudGF0aW9uL21pZW1icm9zL2VzcGFjaW8tcGVyc29uYWwvIiBkYXRhLXR5cGU9InBhZ2UiIGRhdGEtaWQ9IjQ5MDUiPsOhcmVhIHBlcnNvbmFsPC9hPiwgbyAicMO6YmxpY28iIHNpIGRlc2VhcyBwdWJsaWNhciBsYSBpbmZvcm1hY2nDs24gZW4gdHUgPGEgaHJlZj0iaHR0cHM6Ly93d3cua2FuYW5hcy5jb20vZXMvZG9jdW1lbnRhdGlvbi9zaXRpby13ZWIvIiBkYXRhLXR5cGU9InBhZ2UiIGRhdGEtaWQ9IjQ5MDciPnNpdGlvIHdlYjwvYT4sIHBvciBlamVtcGxvLmRyb3BDYXBpbm5lckJsb2Nrc2NsaWVudElkaXNWYWxpZG9yaWdpbmFsQ29udGVudG5hbWVhdHRyaWJ1dGVzY29udGVudFNpIGxhIGNvbmZpZ3VyYWNpw7NuIGVzICJww7pibGljYSIsIGVsIHNvZnR3YXJlIHRlIHByb3BvcmNpb25hcsOhIGxhIFVSTCBxdWUgZGViZXMgdXRpbGl6YXIgcGFyYSBkaWZ1bmRpciBlc3RhIGluZm9ybWFjacOzbi4gRW4gZWwgY2FzbyBkZWwgc2l0aW8gd2ViIHF1ZSBvZnJlY2Vtb3MgY29uIHR1IHN1c2NyaXBjacOzbiwgZGViZXMgaW50ZWdyYXIgbGEgZXRpcXVldGEgYSBjb250aW51YWNpw7NuIHV0aWxpemFuZG8gbGEgVVJMIGluZGljYWRhLmRyb3BDYXBpbm5lckJsb2Nrc2NsaWVudElkaXNWYWxpZG9yaWdpbmFsQ29udGVudG5hbWVhdHRyaWJ1dGVzY29udGVudEVqZW1wbG86ZHJvcENhcGlubmVyQmxvY2tzY2xpZW50SWRpc1ZhbGlkb3JpZ2luYWxDb250ZW50bmFtZWF0dHJpYnV0ZXN1cmxhbHRjYXB0aW9uaWRhbGlnbmlubmVyQmxvY2tzY2xpZW50SWRpc1ZhbGlkb3JpZ2luYWxDb250ZW50bmFtZWF0dHJpYnV0ZXNoZWlnaHRpbm5lckJsb2Nrc2NsaWVudElkaXNWYWxpZG9yaWdpbmFsQ29udGVudG5hbWVhdHRyaWJ1dGVzY29udGVudEVsIGRpcmVjdG9yaW8gdmlzdG8gZGVzZGUgZWwgPGEgaHJlZj0iaHR0cHM6Ly93d3cua2FuYW5hcy5jb20vZXMvZG9jdW1lbnRhdGlvbi9taWVtYnJvcy9lc3BhY2lvLXBlcnNvbmFsLyIgZGF0YS10eXBlPSJwYWdlIiBkYXRhLWlkPSI0OTA1Ij7DoXJlYSBwZXJzb25hbDwvYT4gZGVsIG1pZW1icm86ZHJvcENhcGlubmVyQmxvY2tzY2xpZW50SWRpc1ZhbGlkb3JpZ2luYWxDb250ZW50bmFtZWF0dHJpYnV0ZXN1cmxhbHRjYXB0aW9uaWRzaXplU2x1Z2xpbmtEZXN0aW5hdGlvbmFsaWduaW5uZXJCbG9ja3NjbGllbnRJZGlzVmFsaWRvcmlnaW5hbENvbnRlbnRuYW1lYXR0cmlidXRlc2hlaWdodGlubmVyQmxvY2tzY2xpZW50SWRpc1ZhbGlkb3JpZ2luYWxDb250ZW50bmFtZWF0dHJpYnV0ZXNjb250ZW50UGFyYSBvYnRlbmVyIG3DoXMgaW5mb3JtYWNpw7NuIHNvYnJlIGVsIHNpdGlvIHdlYmRyb3BDYXBpbm5lckJsb2Nrc2NsaWVudElkaXNWYWxpZG9yaWdpbmFsQ29udGVudG5hbWVhdHRyaWJ1dGVzcGFyZW50UGFnZUlEaXNOZXN0ZWRpbm5lckJsb2Nrc3N0YXRlc2F2ZWRBdHN0YXRlc2F2ZWRCeWNsaWVudElkaXNWYWxpZG5hbWVhdHRyaWJ1dGVzY29udGVudGRyb3BDYXBpbm5lckJsb2Nrc29yaWdpbmFsQ29udGVudFBhcmEgcHVibGljYXIgdW4gZGlyZWN0b3JpbyBkZSBjb250YWN0b3MgcGFyYSB0dXMgdXN1YXJpb3MgbyBwYXJhIGxvcyB2aXNpdGFudGVzIGRlIHR1IHNpdGlvIHdlYiwgdXRpbGl6YSBsYSBwZXN0YcOxYSAiZGlyZWN0b3JpbyIgZW4gZWwgbWVuw7ogZGUgImNvbmZpZ3VyYWNpw7NuIi5wcmV0ZXh0Zm9ybWF0bGlua3JldmVyc2VPcmRlcmhpZGVvbkhvbWVpZ25vcmVDYWNoZXRleHRDb2xvcmJhY2tncm91bmRDb2xvcmFsaWdudHlwb2dyYXBoeWZvbnRTaXplc3R5bGVjbGllbnRJZGlzVmFsaWRvcmlnaW5hbENvbnRlbnRuYW1lYXR0cmlidXRlc2hlaWdodGlubmVyQmxvY2tzYmNuL2JyZWFkY3J1bWItdHJhaWwgLy0tPgoKPCEtLSB3OnNwY2UgeyJoZWlnaHQiOiIzMHB4In0gLS0+CjxkaXYgc3R5bGU9ImhlaWdodDozMHB4IiByaWEtaGlkZGVuPSJ0cnVlIiBjbGFzcz0id3AtYmxvY2stc3BhY2VyIj48L2Rpdj4KPCEtLSAvd3A6c3BhY2VyIC0tPgoKPCEtLSB3cDpwYXJhBQcIBAgECAYIBQoIBwhBAo4vCAcIBggOCA4IC0gBBAkIBggHDwQKB6ACBwsIBw8ECkMABwUCCA8FCwgHDwQKBgsIBw8ECge8AQcLCAcPBAoHjAcHCwgHDwQKB7kDBwsIBw8ECgcIBwsIBw8ECkMABwIFCwgHDwQKBgsIBw8ECgepAgcLCAcPBApDAAcCCA8FCwgHDwQKBgsIBw8ECgcvBwsIBw8ECgwICwUHBQcIBwQKRwALD6ACBwYEDAoLCQ8FCggFCAcPBAoGCyEDAjCSARQBBAAAAQAAAAEGAAABAACCAQEBAD9CAQEAQQACAEEAAgBBAABBAAIAQQACAEEAAgBBAAIAQQACAEEAAEEAAgBBAAIAQQAAQQACAEEAAEEAAgBBAAACQXoB0AEAfQF3EzIwMTctMDEtMTlUMTg6NTg6MDV3CmRpcmVjdG9yaW93B3B1Ymxpc2h9AX0AdwZjbG9zZWR3BmNsb3NlZHcAdwB3JDU2Yzc0MWJiLTNkYjMtNDRiMS1iN2Q1LWNjNTdjOWQwNzMwN3h3qgE8cD5QYXJhIHB1YmxpY2FyIHVuIGRpcmVjdG9yaW8gZGUgY29udGFjdG9zIHBhcmEgdHVzIHVzdWFyaW9zIG8gcGFyYSBsb3MgdmlzaXRhbnRlcyBkZSB0dSBzaXRpbyB3ZWIsIHV0aWxpemEgbGEgcGVzdGHDsWEgImRpcmVjdG9yaW8iIGVuIGVsIG1lbsO6IGRlICJjb25maWd1cmFjacOzbiIuPC9wPncOY29yZS9wYXJhZ3JhcGh5dyQyMzM5MWExYS00ZjFiLTQ4YjEtODczNS0xMzNjNDFhYzY4NzZ4d7QCPGZpZ3VyZSBjbGFzcz0id3AtYmxvY2staW1hZ2UgYWxpZ25jZW50ZXIgc2l6ZS1sYXJnZSI+PGltZyBzcmM9Imh0dHBzOi8vd3d3LmthbmFuYXMuY29tL2VzL3dwLWNvbnRlbnQvdXBsb2Fkcy9zaXRlcy8yMTQzLzIwMjQvMDcvU2NyZWVuc2hvdC0yMDI0LTA3LTMxLWF0LTE3LTQyLTI1LVNPQS1jbHViLUNvbmZpZ3VyYWNpb24tXy1EaXJlY3RvcmlvLTEwMjR4NjM2LnBuZyIgYWx0PSIiIGNsYXNzPSJ3cC1pbWFnZS01NjI3IiB0aXRsZT0iQ29uZmlndXJhY2nDs24gZGVsIGRpcmVjdG9yaW8gZGUgbGEgYXNvY2lhY2nDs24iLz48L2ZpZ3VyZT53CmNvcmUvaW1hZ2V3kwFodHRwczovL3d3dy5rYW5hbmFzLmNvbS9lcy93cC1jb250ZW50L3VwbG9hZHMvc2l0ZXMvMjE0My8yMDI0LzA3L1NjcmVlbnNob3QtMjAyNC0wNy0zMS1hdC0xNy00Mi0yNS1TT0EtY2x1Yi1Db25maWd1cmFjaW9uLV8tRGlyZWN0b3Jpby0xMDI0eDYzNi5wbmd3AHcvQ29uZmlndXJhY2nDs24gZGVsIGRpcmVjdG9yaW8gZGUgbGEgYXNvY2lhY2nDs259u1d3BWxhcmdldwRub25ldwZjZW50ZXJ3JDM1MDlkM2RlLTQzNTUtNDU5Ny04ZWY5LWQzZTNhZDcxNmFjN3h3SjxkaXYgc3R5bGU9ImhlaWdodDoyMHB4IiBhcmlhLWhpZGRlbj0idHJ1ZSIgY2xhc3M9IndwLWJsb2NrLXNwYWNlciI+PC9kaXY+dwtjb3JlL3NwYWNlcncEMjBweHckOWE2ZDUyNDItNDMzZi00NDI2LTg3NDktYzhhY2RmNDlhYWM5eHeHATxwPkxhIGludGVyZmF6IHRlIHBlcm1pdGUgZGVmaW5pciBxdcOpIGNvbnRhY3RvcyBtb3N0cmFyIGVuIGVsIGRpcmVjdG9yaW8geSBxdcOpIGluZm9ybWFjacOzbiBwb25lciBhIGRpc3Bvc2ljacOzbiBkZSBsb3MgdXN1YXJpb3MuPC9wPncOY29yZS9wYXJhZ3JhcGh5dyQ4YjE4OWRlNS1mOGYxLTQ1NjItYjhiMy1hN2YxZGM0YmJlOTB4d9gDPHA+TGEgcHJpdmFjaWRhZCBkZWwgZGlyZWN0b3JpbyBzZSBwdWVkZSBjb25maWd1cmFyIGNvbW8gIsOhcmVhIHBlcnNvbmFsIiBwYXJhIHF1ZSBzb2xvIHNlYSBhY2Nlc2libGUgcGFyYSBwZXJzb25hcyBpZGVudGlmaWNhZGFzIHF1ZSBoYXlhbiBpbmljaWFkbyBzZXNpw7NuIGVuIHN1IDxhIGhyZWY9Imh0dHBzOi8vd3d3LmthbmFuYXMuY29tL2VzL2RvY3VtZW50YXRpb24vbWllbWJyb3MvZXNwYWNpby1wZXJzb25hbC8iIGRhdGEtdHlwZT0icGFnZSIgZGF0YS1pZD0iNDkwNSI+w6FyZWEgcGVyc29uYWw8L2E+LCBvICJww7pibGljbyIgc2kgZGVzZWFzIHB1YmxpY2FyIGxhIGluZm9ybWFjacOzbiBlbiB0dSA8YSBocmVmPSJodHRwczovL3d3dy5rYW5hbmFzLmNvbS9lcy9kb2N1bWVudGF0aW9uL3NpdGlvLXdlYi8iIGRhdGEtdHlwZT0icGFnZSIgZGF0YS1pZD0iNDkwNyI+c2l0aW8gd2ViPC9hPiwgcG9yIGVqZW1wbG8uPC9wPncOY29yZS9wYXJhZ3JhcGh5dyRiYWY5OWJmMi1lNzhhLTRiYjgtOTM0Zi01NTg0OWJhZTQ2Nzd4d4YCPHA+U2kgbGEgY29uZmlndXJhY2nDs24gZXMgInDDumJsaWNhIiwgZWwgc29mdHdhcmUgdGUgcHJvcG9yY2lvbmFyw6EgbGEgVVJMIHF1ZSBkZWJlcyB1dGlsaXphciBwYXJhIGRpZnVuZGlyIGVzdGEgaW5mb3JtYWNpw7NuLiBFbiBlbCBjYXNvIGRlbCBzaXRpbyB3ZWIgcXVlIG9mcmVjZW1vcyBjb24gdHUgc3VzY3JpcGNpw7NuLCBkZWJlcyBpbnRlZ3JhciBsYSBldGlxdWV0YSBhIGNvbnRpbnVhY2nDs24gdXRpbGl6YW5kbyBsYSBVUkwgaW5kaWNhZGEuPC9wPncOY29yZS9wYXJhZ3JhcGh5dyRjYmFlMGVkYy04ZmI0LTQ3NGUtODBkOS01YWQxMGMwZGUwODB4dw88cD5FamVtcGxvOjwvcD53DmNvcmUvcGFyYWdyYXBoeXckZjI5MmU5NzMtNWM2My00ZWQ5LWE0NzctOTZkOGExYmUzYzU5eHeaATxmaWd1cmUgY2xhc3M9IndwLWJsb2NrLWltYWdlIGFsaWduY2VudGVyIj48aW1nIHNyYz0iaHR0cDovL3d3dy5rYW5hbmFzLmNvbS93cC1jb250ZW50L3VwbG9hZHMvMjAxNy8wMS9pZnJhbWUuanBnIiBhbHQ9IiIgY2xhc3M9IndwLWltYWdlLTE2NTkiLz48L2ZpZ3VyZT53CmNvcmUvaW1hZ2V3PGh0dHA6Ly93d3cua2FuYW5hcy5jb20vd3AtY29udGVudC91cGxvYWRzLzIwMTcvMDEvaWZyYW1lLmpwZ3cAfbsZdwZjZW50ZXJ3JDI1ZGNiNjEwLTY3OGUtNDVjNC1iOWNlLTUyYTMyZmI3ZDI5MXh3SjxkaXYgc3R5bGU9ImhlaWdodDoyMHB4IiBhcmlhLWhpZGRlbj0idHJ1ZSIgY2xhc3M9IndwLWJsb2NrLXNwYWNlciI+PC9kaXY+dwtjb3JlL3NwYWNlcncEMjBweHckNzhkN2IxMTctMDc1MS00ZWMxLTg5ODEtYjAzNDIzZGVlMDVleHexATxwPkVsIGRpcmVjdG9yaW8gdmlzdG8gZGVzZGUgZWwgPGEgaHJlZj0iaHR0cHM6Ly93d3cua2FuYW5hcy5jb20vZXMvZG9jdW1lbnRhdGlvbi9taWVtYnJvcy9lc3BhY2lvLXBlcnNvbmFsLyIgZGF0YS10eXBlPSJwYWdlIiBkYXRhLWlkPSI0OTA1Ij7DoXJlYSBwZXJzb25hbDwvYT4gZGVsIG1pZW1icm86PC9wPncOY29yZS9wYXJhZ3JhcGh5dyQ4OWRjMjIyYi01NjUxLTQ3NGEtOTkyMi1kMTFmN2NmMjg2M2J4d\/QBPGZpZ3VyZSBjbGFzcz0id3AtYmxvY2staW1hZ2UgYWxpZ25jZW50ZXIgc2l6ZS1sYXJnZSI+PGltZyBzcmM9Imh0dHBzOi8vd3d3LmthbmFuYXMuY29tL2VzL3dwLWNvbnRlbnQvdXBsb2Fkcy9zaXRlcy8yMTQzLzIwMjQvMDcvU2NyZWVuc2hvdC0yMDI0LTA3LTMxLWF0LTE3LTQyLTQwLUFkbWluaXN0cmFkb3ItZGUtYXNvY2lhY2lvbi0xMDI0eDYzNi5wbmciIGFsdD0iIiBjbGFzcz0id3AtaW1hZ2UtNTYyOCIvPjwvZmlndXJlPncKY29yZS9pbWFnZXeLAWh0dHBzOi8vd3d3LmthbmFuYXMuY29tL2VzL3dwLWNvbnRlbnQvdXBsb2Fkcy9zaXRlcy8yMTQzLzIwMjQvMDcvU2NyZWVuc2hvdC0yMDI0LTA3LTMxLWF0LTE3LTQyLTQwLUFkbWluaXN0cmFkb3ItZGUtYXNvY2lhY2lvbi0xMDI0eDYzNi5wbmd3AH28V3cFbGFyZ2V3BG5vbmV3BmNlbnRlcnckZDc4MmZkZmEtYzdmOS00MzcyLWFiODctMGNhZGE3Njg4YjhjeHdKPGRpdiBzdHlsZT0iaGVpZ2h0OjIwcHgiIGFyaWEtaGlkZGVuPSJ0cnVlIiBjbGFzcz0id3AtYmxvY2stc3BhY2VyIj48L2Rpdj53C2NvcmUvc3BhY2VydwQyMHB4dyRmYjAyNzc5MC00NzljLTQ3MmEtOGUzYy00YTU2MDdiNzQxZWZ4dzg8cD5QYXJhIG9idGVuZXIgbcOhcyBpbmZvcm1hY2nDs24gc29icmUgZWwgc2l0aW8gd2ViPC9wPncOY29yZS9wYXJhZ3JhcGh5dyQ0NjU4ODI2Zi04MzRiLTRkYzctYjVkYS0yNmI2OWRhOTc3MTZ4dwB3DmNvcmUvcGFnZS1saXN0fatMeXtCeeF+VbDQAHtB7UTDniAAAHckMzAxOTBmM2YtMDVmOS00NDBmLTg3NDItMDEyM2M2OTQ5MmQweHcOY29yZS9wYXJhZ3JhcGh5dyQzMDE5MGYzZi0wNWY5LTQ0MGYtODc0Mi0wMTIzYzY5NDkyZDB3JGUyNDAzYzM0LTQzZmYtNDllOS1hMjY2LTAzNzc4ODI2MWY5Y3eqATxwPlBhcmEgcHVibGljYXIgdW4gZGlyZWN0b3JpbyBkZSBjb250YWN0b3MgcGFyYSB0dXMgdXN1YXJpb3MgbyBwYXJhIGxvcyB2aXNpdGFudGVzIGRlIHR1IHNpdGlvIHdlYiwgdXRpbGl6YSBsYSBwZXN0YcOxYSAiZGlyZWN0b3JpbyIgZW4gZWwgbWVuw7ogZGUgImNvbmZpZ3VyYWNpw7NuIi48L3A+dyQ2MTViZjM1ZS0yZjc2LTRkM2QtYjI5OS05MGExMDIwMTljMjl3AHcUYmNuL2JyZWFkY3J1bWItdHJhaWx3AHcTYnJlYWRjcnVtYmxpc3RfcmRmYXh5eXh3AHcAdwB3AHcAdQB3JDk3NmFhMjFmLTY0MGItNGZkNi05NWEwLWFlZWJjMGMxMTgzZXh3SjxkaXYgc3R5bGU9ImhlaWdodDozMHB4IiBhcmlhLWhpZGRlbj0idHJ1ZSIgY2xhc3M9IndwLWJsb2NrLXNwYWNlciI+PC9kaXY+dwtjb3JlL3NwYWNlcncEMzBweAHxuZjRDgX0FwABAQGhAaUJAAYA\",\"updateId\":981405423}","footnotes":""},"class_list":["post-4794","page","type-page","status-publish"],"aioseo_notices":[],"_links":{"self":[{"href":"https:\/\/www.kananas.com\/es\/wp-json\/wp\/v2\/pages\/4794","targetHints":{"allow":["GET"]}}],"collection":[{"href":"https:\/\/www.kananas.com\/es\/wp-json\/wp\/v2\/pages"}],"about":[{"href":"https:\/\/www.kananas.com\/es\/wp-json\/wp\/v2\/types\/page"}],"author":[{"embeddable":true,"href":"https:\/\/www.kananas.com\/es\/wp-json\/wp\/v2\/users\/1"}],"replies":[{"embeddable":true,"href":"https:\/\/www.kananas.com\/es\/wp-json\/wp\/v2\/comments?post=4794"}],"version-history":[{"count":6,"href":"https:\/\/www.kananas.com\/es\/wp-json\/wp\/v2\/pages\/4794\/revisions"}],"predecessor-version":[{"id":6746,"href":"https:\/\/www.kananas.com\/es\/wp-json\/wp\/v2\/pages\/4794\/revisions\/6746"}],"up":[{"embeddable":true,"href":"https:\/\/www.kananas.com\/es\/wp-json\/wp\/v2\/pages\/4907"}],"wp:attachment":[{"href":"https:\/\/www.kananas.com\/es\/wp-json\/wp\/v2\/media?parent=4794"}],"curies":[{"name":"wp","href":"https:\/\/api.w.org\/{rel}","templated":true}]}}