{"id":4800,"date":"2016-12-28T17:25:42","date_gmt":"2016-12-28T15:25:42","guid":{"rendered":"https:\/\/www.kananas.com\/es\/documentation-16\/members\/customizing-views\/"},"modified":"2026-05-11T18:13:11","modified_gmt":"2026-05-11T16:13:11","slug":"personalizacion-de-vistas","status":"publish","type":"page","link":"https:\/\/www.kananas.com\/es\/documentation\/miembros\/personalizacion-de-vistas\/","title":{"rendered":"Personalizaci\u00f3n de vistas"},"content":{"rendered":"<div class=\"breadcrumbs align  wp-block-bcn-breadcrumb-trail has-text-color has-background\" vocab=\"https:\/\/schema.org\/\" typeof=\"BreadcrumbList\">\n\t<span><\/span>\n\t<span property=\"itemListElement\" typeof=\"ListItem\"><a property=\"item\" typeof=\"WebPage\" title=\"Aller \u00e0 kananas.\" href=\"https:\/\/www.kananas.com\/es\" class=\"home\" aria-current=\"page\"><span property=\"name\">kananas<\/span><\/a><meta property=\"position\" content=\"1\"><\/span><\/div>\n\n\n\n<div style=\"height:30px\" aria-hidden=\"true\" class=\"wp-block-spacer\"><\/div>\n\n\n\n<p class=\"wp-block-paragraph\">Puedes crear vistas personalizadas de tus contactos.<\/p>\n\n\n\n<p class=\"wp-block-paragraph\">Puedes seleccionar los campos que deseas mostrar y el orden en el que deber\u00edan aparecer.<\/p>\n\n\n<div class=\"wp-block-image\">\n<figure class=\"aligncenter size-large\"><img loading=\"lazy\" decoding=\"async\" width=\"1024\" height=\"596\" src=\"https:\/\/www.kananas.com\/es\/wp-content\/uploads\/sites\/2143\/2024\/07\/Screenshot-2024-07-26-at-18-38-43-SOA-club-Directorio-_-Voluntarios-1024x596.png\" alt=\"\" class=\"wp-image-5391\" srcset=\"https:\/\/www.kananas.com\/es\/wp-content\/uploads\/sites\/2143\/2024\/07\/Screenshot-2024-07-26-at-18-38-43-SOA-club-Directorio-_-Voluntarios-1024x596.png 1024w, https:\/\/www.kananas.com\/es\/wp-content\/uploads\/sites\/2143\/2024\/07\/Screenshot-2024-07-26-at-18-38-43-SOA-club-Directorio-_-Voluntarios-300x175.png 300w, https:\/\/www.kananas.com\/es\/wp-content\/uploads\/sites\/2143\/2024\/07\/Screenshot-2024-07-26-at-18-38-43-SOA-club-Directorio-_-Voluntarios-768x447.png 768w, https:\/\/www.kananas.com\/es\/wp-content\/uploads\/sites\/2143\/2024\/07\/Screenshot-2024-07-26-at-18-38-43-SOA-club-Directorio-_-Voluntarios-1536x894.png 1536w, https:\/\/www.kananas.com\/es\/wp-content\/uploads\/sites\/2143\/2024\/07\/Screenshot-2024-07-26-at-18-38-43-SOA-club-Directorio-_-Voluntarios-2048x1193.png 2048w\" sizes=\"auto, (max-width: 1024px) 100vw, 1024px\" \/><\/figure>\n<\/div>\n\n\n<p class=\"wp-block-paragraph\">Para crear una nueva vista, haz clic en +Vista en la barra de pesta\u00f1as.<\/p>\n\n\n\n<p class=\"wp-block-paragraph\">La pantalla de definici\u00f3n para tu nueva vista te permite elegir los campos que deseas que aparezcan en tu vista.<\/p>\n\n\n\n<p class=\"wp-block-paragraph\">Para seleccionar los campos, haz clic en ellos en la columna izquierda y arr\u00e1stralos a la columna derecha.<\/p>\n\n\n\n<p class=\"wp-block-paragraph\">Para quitar algunos de tu selecci\u00f3n, realiza la operaci\u00f3n inversa.<\/p>\n\n\n\n<p class=\"wp-block-paragraph\">Ten en cuenta que en tu selecci\u00f3n tienes la posibilidad de cambiar el orden de los campos arrastr\u00e1ndolos hacia arriba o hacia abajo.<\/p>\n\n\n<div class=\"wp-block-image ghostkit-custom-Z1DRiJr\">\n<figure class=\"aligncenter size-large\"><img loading=\"lazy\" decoding=\"async\" width=\"1024\" height=\"592\" src=\"https:\/\/www.kananas.com\/es\/wp-content\/uploads\/sites\/2143\/2024\/07\/Screenshot-2024-07-26-at-18-39-03-SOA-club-Modificar-esta-vista-1024x592.png\" alt=\"\" class=\"wp-image-5392\" srcset=\"https:\/\/www.kananas.com\/es\/wp-content\/uploads\/sites\/2143\/2024\/07\/Screenshot-2024-07-26-at-18-39-03-SOA-club-Modificar-esta-vista-1024x592.png 1024w, https:\/\/www.kananas.com\/es\/wp-content\/uploads\/sites\/2143\/2024\/07\/Screenshot-2024-07-26-at-18-39-03-SOA-club-Modificar-esta-vista-300x173.png 300w, https:\/\/www.kananas.com\/es\/wp-content\/uploads\/sites\/2143\/2024\/07\/Screenshot-2024-07-26-at-18-39-03-SOA-club-Modificar-esta-vista-768x444.png 768w, https:\/\/www.kananas.com\/es\/wp-content\/uploads\/sites\/2143\/2024\/07\/Screenshot-2024-07-26-at-18-39-03-SOA-club-Modificar-esta-vista-1536x887.png 1536w, https:\/\/www.kananas.com\/es\/wp-content\/uploads\/sites\/2143\/2024\/07\/Screenshot-2024-07-26-at-18-39-03-SOA-club-Modificar-esta-vista-2048x1183.png 2048w\" sizes=\"auto, (max-width: 1024px) 100vw, 1024px\" \/><\/figure>\n<\/div>\n\n\n<h3 class=\"wp-block-heading\">Vista privada<\/h3>\n\n\n\n<p class=\"wp-block-paragraph\">Si configuras una vista como privada, solo t\u00fa podr\u00e1s verla. Elige no privada si prefieres compartirla con otros usuarios.<\/p>\n\n\n\n<h3 class=\"wp-block-heading\">Adjuntar un filtro a una vista<\/h3>\n\n\n\n<p class=\"wp-block-paragraph\">Para ejecutar autom\u00e1ticamente un filtro cada vez que haces clic en una vista, simplemente ve a la vista, configura tu filtro y luego haz clic en el bot\u00f3n \u00ab\u00a0adjuntar filtro a vista\u00a0\u00bb.<\/p>\n\n\n\n<p class=\"wp-block-paragraph\">Para modificar o eliminar el filtro, utiliza el enlace \u00ab\u00a0desvincular filtro de vista\u00a0\u00bb.<\/p>\n\n\n\n<div style=\"height:30px\" aria-hidden=\"true\" class=\"wp-block-spacer\"><\/div>\n\n\n\n<p class=\"wp-block-paragraph\">Para obtener m\u00e1s informaci\u00f3n sobre la gesti\u00f3n de contactos<\/p>\n\n\n<ul class=\"wp-block-page-list\"><li class=\"wp-block-pages-list__item\"><a class=\"wp-block-pages-list__item__link\" href=\"https:\/\/www.kananas.com\/es\/documentation\/miembros\/importacion-de-miembros\/\">Importaci\u00f3n de miembros<\/a><\/li><li class=\"wp-block-pages-list__item\"><a class=\"wp-block-pages-list__item__link\" href=\"https:\/\/www.kananas.com\/es\/documentation\/miembros\/personalizando-carpetas\/\">Personalizando carpetas<\/a><\/li><li class=\"wp-block-pages-list__item\"><a class=\"wp-block-pages-list__item__link\" href=\"https:\/\/www.kananas.com\/es\/documentation\/miembros\/personalizacion-de-vistas\/\">Personalizaci\u00f3n de vistas<\/a><\/li><li class=\"wp-block-pages-list__item has-child\"><a class=\"wp-block-pages-list__item__link\" href=\"https:\/\/www.kananas.com\/es\/documentation\/miembros\/afiliacion\/\">Afiliaci\u00f3n<\/a><ul class=\"wp-block-navigation__submenu-container\"><li class=\"wp-block-pages-list__item \"><a class=\"wp-block-pages-list__item__link\" href=\"https:\/\/www.kananas.com\/es\/documentation\/miembros\/afiliacion\/membresia-sin-contacto\/\">Membres\u00eda sin contacto<\/a><\/li><\/ul><\/li><li class=\"wp-block-pages-list__item\"><a class=\"wp-block-pages-list__item__link\" href=\"https:\/\/www.kananas.com\/es\/documentation\/miembros\/derechos-de-acceso\/\">Derechos de acceso<\/a><\/li><li class=\"wp-block-pages-list__item\"><a class=\"wp-block-pages-list__item__link\" href=\"https:\/\/www.kananas.com\/es\/documentation\/miembros\/carpetas-de-etiquetas\/\">Carpetas de etiquetas<\/a><\/li><li class=\"wp-block-pages-list__item\"><a class=\"wp-block-pages-list__item__link\" href=\"https:\/\/www.kananas.com\/es\/documentation\/miembros\/bolsa\/\">Carrito<\/a><\/li><li class=\"wp-block-pages-list__item\"><a class=\"wp-block-pages-list__item__link\" href=\"https:\/\/www.kananas.com\/es\/documentation\/miembros\/gestion-familiar\/\">Gesti\u00f3n familiar<\/a><\/li><li class=\"wp-block-pages-list__item\"><a class=\"wp-block-pages-list__item__link\" href=\"https:\/\/www.kananas.com\/es\/documentation\/miembros\/notas\/\">Notas<\/a><\/li><li class=\"wp-block-pages-list__item\"><a class=\"wp-block-pages-list__item__link\" href=\"https:\/\/www.kananas.com\/es\/documentation\/miembros\/espacio-personal\/\">Espacio personal<\/a><\/li><li class=\"wp-block-pages-list__item\"><a class=\"wp-block-pages-list__item__link\" href=\"https:\/\/www.kananas.com\/es\/documentation\/miembros\/estadisticas\/\">Estad\u00edsticas<\/a><\/li><li class=\"wp-block-pages-list__item\"><a class=\"wp-block-pages-list__item__link\" href=\"https:\/\/www.kananas.com\/es\/documentation\/miembros\/imprimir-tarjetas-de-membresia\/\">Imprimir tarjetas de membres\u00eda<\/a><\/li><li class=\"wp-block-pages-list__item\"><a class=\"wp-block-pages-list__item__link\" href=\"https:\/\/www.kananas.com\/es\/documentation\/miembros\/donaciones\/\">Donaciones<\/a><\/li><li class=\"wp-block-pages-list__item\"><a class=\"wp-block-pages-list__item__link\" href=\"https:\/\/www.kananas.com\/es\/documentation\/miembros\/pase-asociativo\/\">Pase asociativo<\/a><\/li><li class=\"wp-block-pages-list__item\"><a class=\"wp-block-pages-list__item__link\" href=\"https:\/\/www.kananas.com\/es\/documentation\/miembros\/certificado-medico\/\">Certificado m\u00e9dico<\/a><\/li><\/ul>","protected":false},"excerpt":{"rendered":"<p>Puedes crear vistas personalizadas de tus contactos. Puedes seleccionar los campos que deseas mostrar y el orden en el que deber\u00edan aparecer. Para crear una nueva vista, haz clic en +Vista en la barra de pesta\u00f1as. La pantalla de definici\u00f3n para tu nueva vista te permite elegir los campos que deseas que aparezcan en tu &#8230; <a title=\"Personalizaci\u00f3n de vistas\" class=\"read-more\" href=\"https:\/\/www.kananas.com\/es\/documentation\/miembros\/personalizacion-de-vistas\/\" aria-label=\"En savoir plus sur Personalizaci\u00f3n de vistas\">Lire la suite<\/a><\/p>\n","protected":false},"author":1,"featured_media":0,"parent":4900,"menu_order":2,"comment_status":"closed","ping_status":"closed","template":"","meta":{"_crdt_document":"{\"document\":\"AAAH1b2\/6AfmAboBCDQQAwKwWAQCAQIKAkJKALoBAQIKAkJKAIIDAQIKAQRKABwBAgoCQkoAoAIBAgoCQkoAsgMBAgoCQkoApgMBAgoCQkoAlgIBAgoCQkoAmgQBAgoBBUoAHgECCgJCSgAsAQIKAkJKAIQEAQIKAkJKAI4BAQIKAkJKALoFAQIKAkJKALwCAQIKSgAQAQIKAkJKAIYCAQIKAEroJ74nAQEIAEj8J74nQgoGyCgDAAEJSpoqAQIKStiDAQMCCYRchCb6gAEDAoMCKAMnAAQAJwAEAIQEJwAoBCcAKAAnAAcAKAMnAQQAKAAnAIcAKAMnAQQAKAAnAIcAKAMnACgBJwAoAycAhwAoAycBBAAoACcAhwAoAycBBAAoACcAhwAoAycBBAAoACcAhwAoAycBBAAoACcAhwAoAycBBAAoACcAhwAoAycAKAEnACgEJwCHACgDJwEEACgAJwCHACgDJwEEACgAJwCHACgDJwEEACgAJwCHACgDJwEEACgAJwCHACgDJwEEACgAJwCHACgDJwAoACcAhwAoAycBBAAoACcAhwAoAycAKAEnACgBxwAoAicBKAAnAKgBKAAEAKgCKAvHACgDJwAoACcAxKwwui5zdGF0ZXZlcnNpb25kb2N1bWVudGRhdGVkb2N1bWVudHNsdWdkb2N1bWVudHN0YXR1c2RvY3VtZW50dGl0bGVQZXJzb25hbGl6YWNpw7NuIGRlIHZpc3Rhc2RvY3VtZW50Y29udGVudDwhLS0gd3A6cGFyYWdyYXBoIC0tPgo8cD5QdWVkZXMgY3JlYXIgdmlzdGFzIHBlcnNvbmFsaXphZGFzIGRlIHR1cyBjb250YWN0b3MuPC9wPgo8IS0tIC93cDpwYXJhZ3JhcGggLS0+Cgo8IS0tIHdwOnBhcmFncmFwaCAtLT4KPHA+UHVlZGVzIHNlbGVjY2lvbmFyIGxvcyBjYW1wb3MgcXVlIGRlc2VhcyBtb3N0cmFyIHkgZWwgb3JkZW4gZW4gZWwgcXVlIGRlYmVyw61hbiBhcGFyZWNlci48L3A+CjwhLS0gL3dwOnBhcmFncmFwaCAtLT4KCjwhLS0gd3A6aW1hZ2UgeyJpZCI6NTM5MSwic2l6ZVNsdWciOiJsYXJnZSIsImxpbmtEZXN0aW5hdGlvbiI6Im5vbmUiLCJhbGlnbiI6ImNlbnRlciJ9IC0tPgo8ZmlndXJlIGNsYXNzPSJ3cC1ibG9jay1pbWFnZSBhbGlnbmNlbnRlciBzaXplLWxhcmdlIj48aW1nIHNyYz0iaHR0cHM6Ly93d3cua2FuYW5hcy5jb20vZXMvd3AtY29udGVudC91cGxvYWRzL3NpdGVzLzIxNDMvMjAyNC8wNy9TY3JlZW5zaG90LTIwMjQtMDctMjYtYXQtMTgtMzgtNDMtU09BLWNsdWItRGlyZWN0b3Jpby1fLVZvbHVudGFyaW9zLTEwMjR4NTk2LnBuZyIgYWx0PSIiIGNsYXNzPSJ3cC1pbWFnZS01MzkxIi8+PC9maWd1cmU+CjwhLS0gL3dwOmltYWdlIC0tPgoKPCEtLSB3cDpwYXJhZ3JhcGggLS0+CjxwPlBhcmEgY3JlYXIgdW5hIG51ZXZhIHZpc3RhLCBoYXogY2xpYyBlbiArVmlzdGEgZW4gbGEgYmFycmEgZGUgcGVzdGHDsWFzLjwvcD4KPCEtLSAvd3A6cGFyYWdyYXBoIC0tPgoKPCEtLSB3cDpwYXJhZ3JhcGggLS0+CjxwPkxhIHBhbnRhbGxhIGRlIGRlZmluaWNpw7NuIHBhcmEgdHUgbnVldmEgdmlzdGEgdGUgcGVybWl0ZSBlbGVnaXIgbG9zIGNhbXBvcyBxdWUgZGVzZWFzIHF1ZSBhcGFyZXpjYW4gZW4gdHUgdmlzdGEuPC9wPgo8IS0tIC93cDpwYXJhZ3JhcGggLS0+Cgo8IS0tIHdwOnBhcmFncmFwaCAtLT4KPHA+UGFyYSBzZWxlY2Npb25hciBsb3MgY2FtcG9zLCBoYXogY2xpYyBlbiBlbGxvcyBlbiBsYSBjb2x1bW5hIGl6cXVpZXJkYSB5IGFycsOhc3RyYWxvcyBhIGxhIGNvbHVtbmEgZGVyZWNoYS48L3A+CjwhLS0gL3dwOnBhcmFncmFwaCAtLT4KCjwhLS0gd3A6cGFyYWdyYXBoIC0tPgo8cD5QYXJhIHF1aXRhciBhbGd1bm9zIGRlIHR1IHNlbGVjY2nDs24sIHJlYWxpemEgbGEgb3BlcmFjacOzbiBpbnZlcnNhLjwvcD4KPCEtLSAvd3A6cGFyYWdyYXBoIC0tPgoKPCEtLSB3cDpwYXJhZ3JhcGggLS0+CjxwPlRlbiBlbiBjdWVudGEgcXVlIGVuIHR1IHNlbGVjY2nDs24gdGllbmVzIGxhIHBvc2liaWxpZGFkIGRlIGNhbWJpYXIgZWwgb3JkZW4gZGUgbG9zIGNhbXBvcyBhcnJhc3Ryw6FuZG9sb3MgaGFjaWEgYXJyaWJhIG8gaGFjaWEgYWJham8uPC9wPgo8IS0tIC93cDpwYXJhZ3JhcGggLS0+Cgo8IS0tIHdwOmltYWdlIHsiaWQiOjUzOTIsInNpemVTbHVnIjoibGFyZ2UiLCJsaW5rRGVzdGluYXRpb24iOiJub25lIiwiYWxpZ24iOiJjZW50ZXIiLCJjbGFzc05hbWUiOiJnaG9zdGtpdC1jdXN0b20tWjFEUmlKciJ9IC0tPgo8ZmlndXJlIGNsYXNzPSJ3cC1ibG9jay1pbWFnZSBhbGlnbmNlbnRlciBzaXplLWxhcmdlIGdob3N0a2l0LWN1c3RvbS1aMURSaUpyIj48aW1nIHNyYz0iaHR0cHM6Ly93d3cua2FuYW5hcy5jb20vZXMvd3AtY29udGVudC91cGxvYWRzL3NpdGVzLzIxNDMvMjAyNC8wNy9TY3JlZW5zaG90LTIwMjQtMDctMjYtYXQtMTgtMzktMDMtU09BLWNsdWItTW9kaWZpY2FyLWVzdGEtdmlzdGEtMTAyNHg1OTIucG5nIiBhbHQ9IiIgY2xhc3M9IndwLWltYWdlLTUzOTIiLz48L2ZpZ3VyZT4KPCEtLSAvd3A6aW1hZ2UgLS0+Cgo8IS0tIHdwOmhlYWRpbmcgeyJsZXZlbCI6M30gLS0+CjxoMyBjbGFzcz0id3AtYmxvY2staGVhZGluZyI+VmlzdGEgcHJpdmFkYTwvaDM+CjwhLS0gL3dwOmhlYWRpbmcgLS0+Cgo8IS0tIHdwOnBhcmFncmFwaCAtLT4KPHA+U2kgY29uZmlndXJhcyB1bmEgdmlzdGEgY29tbyBwcml2YWRhLCBzb2xvIHTDuiBwb2Ryw6FzIHZlcmxhLiBFbGlnZSBubyBwcml2YWRhIHNpIHByZWZpZXJlcyBjb21wYXJ0aXJsYSBjb24gb3Ryb3MgdXN1YXJpb3MuPC9wPgo8IS0tIC93cDpwYXJhZ3JhcGggLS0+Cgo8IS0tIHdwOmhlYWRpbmcgeyJsZXZlbCI6M30gLS0+CjxoMyBjbGFzcz0id3AtYmxvY2staGVhZGluZyI+QWRqdW50YXIgdW4gZmlsdHJvIGEgdW5hIHZpc3RhPC9oMz4KPCEtLSAvd3A6aGVhZGluZyAtLT4KCjwhLS0gd3A6cGFyYWdyYXBoIC0tPgo8cD5QYXJhIGVqZWN1dGFyIGF1dG9tw6F0aWNhbWVudGUgdW4gZmlsdHJvIGNhZGEgdmV6IHF1ZSBoYWNlcyBjbGljIGVuIHVuYSB2aXN0YSwgc2ltcGxlbWVudGUgdmUgYSBsYSB2aXN0YSwgY29uZmlndXJhIHR1IGZpbHRybyB5IGx1ZWdvIGhheiBjbGljIGVuIGVsIGJvdMOzbiAiYWRqdW50YXIgZmlsdHJvIGEgdmlzdGEiLjwvcD4KPCEtLSAvd3A6cGFyYWdyYXBoIC0tPgoKPCEtLSB3cDpwYXJhZ3JhcGggLS0+CjxwPlBhcmEgbW9kaWZpY2FyIG8gZWxpbWluYXIgZWwgZmlsdHJvLCB1dGlsaXphIGVsIGVubGFjZSAiZGVzdmluY3VsYXIgZmlsdHJvIGRlIHZpc3RhIi48L3A+CjwhLS0gL3dwOnBhcmFncmFwaCAtLT4KCjwhLS0gd3A6c3BhY2VyIHsiaGVpZ2h0IjoiMzBweCJ9IC0tPgo8ZGl2IHN0eWxlPSJoZWlnaHQ6MzBweCIgYXJpYS1oaWRkZW49InRydWUiIGNsYXNzPSJ3cC1ibG9jay1zcGFjZXIiPjwvZGl2Pgo8IS0tIC93cDpzcGFjZXIgLS0+Cgo8IS0tIHdwOnBhcmFncmFwaCAtLT4KPHA+UGFyYSBvYnRlbmVyIG3DoXMgaW5mb3JtYWNpw7NuIHNvYnJlIGxhIGdlc3Rpw7NuIGRlIGNvbnRhY3RvczwvcD4KPCEtLSAvd3A6cGFyYWdyYXBoIC0tPgoKPCEtLSB3cDpwYWdlLWxpc3QgeyJwYXJlbnRQYWdlSUQiOjQ5MDB9IC8tLT5kb2N1bWVudGV4Y2VycHRkb2N1bWVudGF1dGhvcmRvY3VtZW50ZmVhdHVyZWRfbWVkaWFkb2N1bWVudGNvbW1lbnRfc3RhdHVzZG9jdW1lbnRwaW5nX3N0YXR1c2RvY3VtZW50dGVtcGxhdGVkb2N1bWVudG1ldGFmb290bm90ZXNkb2N1bWVudGJsb2Nrc2NsaWVudElkaXNWYWxpZG9yaWdpbmFsQ29udGVudG5hbWVhdHRyaWJ1dGVzY29udGVudFB1ZWRlcyBjcmVhciB2aXN0YXMgcGVyc29uYWxpemFkYXMgZGUgdHVzIGNvbnRhY3Rvcy5kcm9wQ2FwaW5uZXJCbG9ja3NjbGllbnRJZGlzVmFsaWRvcmlnaW5hbENvbnRlbnRuYW1lYXR0cmlidXRlc2NvbnRlbnRQdWVkZXMgc2VsZWNjaW9uYXIgbG9zIGNhbXBvcyBxdWUgZGVzZWFzIG1vc3RyYXIgeSBlbCBvcmRlbiBlbiBlbCBxdWUgZGViZXLDrWFuIGFwYXJlY2VyLmRyb3BDYXBpbm5lckJsb2Nrc2NsaWVudElkaXNWYWxpZG9yaWdpbmFsQ29udGVudG5hbWVhdHRyaWJ1dGVzdXJsYWx0Y2FwdGlvbmlkc2l6ZVNsdWdsaW5rRGVzdGluYXRpb25hbGlnbmlubmVyQmxvY2tzY2xpZW50SWRpc1ZhbGlkb3JpZ2luYWxDb250ZW50bmFtZWF0dHJpYnV0ZXNjb250ZW50UGFyYSBjcmVhciB1bmEgbnVldmEgdmlzdGEsIGhheiBjbGljIGVuICtWaXN0YSBlbiBsYSBiYXJyYSBkZSBwZXN0YcOxYXMuZHJvcENhcGlubmVyQmxvY2tzY2xpZW50SWRpc1ZhbGlkb3JpZ2luYWxDb250ZW50bmFtZWF0dHJpYnV0ZXNjb250ZW50TGEgcGFudGFsbGEgZGUgZGVmaW5pY2nDs24gcGFyYSB0dSBudWV2YSB2aXN0YSB0ZSBwZXJtaXRlIGVsZWdpciBsb3MgY2FtcG9zIHF1ZSBkZXNlYXMgcXVlIGFwYXJlemNhbiBlbiB0dSB2aXN0YS5kcm9wQ2FwaW5uZXJCbG9ja3NjbGllbnRJZGlzVmFsaWRvcmlnaW5hbENvbnRlbnRuYW1lYXR0cmlidXRlc2NvbnRlbnRQYXJhIHNlbGVjY2lvbmFyIGxvcyBjYW1wb3MsIGhheiBjbGljIGVuIGVsbG9zIGVuIGxhIGNvbHVtbmEgaXpxdWllcmRhIHkgYXJyw6FzdHJhbG9zIGEgbGEgY29sdW1uYSBkZXJlY2hhLmRyb3BDYXBpbm5lckJsb2Nrc2NsaWVudElkaXNWYWxpZG9yaWdpbmFsQ29udGVudG5hbWVhdHRyaWJ1dGVzY29udGVudFBhcmEgcXVpdGFyIGFsZ3Vub3MgZGUgdHUgc2VsZWNjacOzbiwgcmVhbGl6YSBsYSBvcGVyYWNpw7NuIGludmVyc2EuZHJvcENhcGlubmVyQmxvY2tzY2xpZW50SWRpc1ZhbGlkb3JpZ2luYWxDb250ZW50bmFtZWF0dHJpYnV0ZXNjb250ZW50VGVuIGVuIGN1ZW50YSBxdWUgZW4gdHUgc2VsZWNjacOzbiB0aWVuZXMgbGEgcG9zaWJpbGlkYWQgZGUgY2FtYmlhciBlbCBvcmRlbiBkZSBsb3MgY2FtcG9zIGFycmFzdHLDoW5kb2xvcyBoYWNpYSBhcnJpYmEgbyBoYWNpYSBhYmFqby5kcm9wQ2FwaW5uZXJCbG9ja3NjbGllbnRJZGlzVmFsaWRvcmlnaW5hbENvbnRlbnRuYW1lYXR0cmlidXRlc3VybGFsdGNhcHRpb25pZHNpemVTbHVnbGlua0Rlc3RpbmF0aW9uYWxpZ25jbGFzc05hbWVpbm5lckJsb2Nrc2NsaWVudElkaXNWYWxpZG9yaWdpbmFsQ29udGVudG5hbWVhdHRyaWJ1dGVzY29udGVudFZpc3RhIHByaXZhZGFsZXZlbGlubmVyQmxvY2tzY2xpZW50SWRpc1ZhbGlkb3JpZ2luYWxDb250ZW50bmFtZWF0dHJpYnV0ZXNjb250ZW50U2kgY29uZmlndXJhcyB1bmEgdmlzdGEgY29tbyBwcml2YWRhLCBzb2xvIHTDuiBwb2Ryw6FzIHZlcmxhLiBFbGlnZSBubyBwcml2YWRhIHNpIHByZWZpZXJlcyBjb21wYXJ0aXJsYSBjb24gb3Ryb3MgdXN1YXJpb3MuZHJvcENhcGlubmVyQmxvY2tzY2xpZW50SWRpc1ZhbGlkb3JpZ2luYWxDb250ZW50bmFtZWF0dHJpYnV0ZXNjb250ZW50QWRqdW50YXIgdW4gZmlsdHJvIGEgdW5hIHZpc3RhbGV2ZWxpbm5lckJsb2Nrc2NsaWVudElkaXNWYWxpZG9yaWdpbmFsQ29udGVudG5hbWVhdHRyaWJ1dGVzY29udGVudFBhcmEgZWplY3V0YXIgYXV0b23DoXRpY2FtZW50ZSB1biBmaWx0cm8gY2FkYSB2ZXogcXVlIGhhY2VzIGNsaWMgZW4gdW5hIHZpc3RhLCBzaW1wbGVtZW50ZSB2ZSBhIGxhIHZpc3RhLCBjb25maWd1cmEgdHUgZmlsdHJvIHkgbHVlZ28gaGF6IGNsaWMgZW4gZWwgYm90w7NuICJhZGp1bnRhciBmaWx0cm8gYSB2aXN0YSIuZHJvcENhcGlubmVyQmxvY2tzY2xpZW50SWRpc1ZhbGlkb3JpZ2luYWxDb250ZW50bmFtZWF0dHJpYnV0ZXNjb250ZW50UGFyYSBtb2RpZmljYXIgbyBlbGltaW5hciBlbCBmaWx0cm8sIHV0aWxpemEgZWwgZW5sYWNlICJkZXN2aW5jdWxhciBmaWx0cm8gZGUgdmlzdGEiLmRyb3BDYXBpbm5lckJsb2Nrc2NsaWVudElkaXNWYWxpZG9yaWdpbmFsQ29udGVudG5hbWVhdHRyaWJ1dGVzaGVpZ2h0aW5uZXJCbG9ja3NjbGllbnRJZGlzVmFsaWRvcmlnaW5hbENvbnRlbnRuYW1lYXR0cmlidXRlc2NvbnRlbnRQYXJhIG9idGVuZXIgbcOhcyBpbmZvcm1hY2nDs24gc29icmUgbGEgZ2VzdGnDs24gZGUgY29udGFjdG9zZHJvcENhcGlubmVyQmxvY2tzY2xpZW50SWRpc1ZhbGlkb3JpZ2luYWxDb250ZW50bmFtZWF0dHJpYnV0ZXNwYXJlbnRQYWdlSURpc05lc3RlZGlubmVyQmxvY2tzc3RhdGVzYXZlZEF0c3RhdGVzYXZlZEJ5Y2xpZW50SWRpc1ZhbGlkbmFtZWF0dHJpYnV0ZXNjb250ZW50ZHJvcENhcGlubmVyQmxvY2tzb3JpZ2luYWxDb250ZW50UHVlZGVzIGNyZWFyIHZpc3RhcyBwZXJzb25hbGl6YWRhcyBkZSB0dXMgY29udGFjdG9zLnByZXRleHRmb3JtYXRsaW5rcmV2ZXJzZU9yZGVyaGlkZW9uSG9tZWlnbm9yZUNhY2hldGV4dENvbG9yYmFja2dyb3VuZENvbG9yYWxpZ250eXBvZ3JhcGh5Zm9udFNpemVzdHlsZWNsaWVudElkaXNWYWxpZG9yaWdpbmFsQ29udGVudG5hbWVhdHRyaWJ1dGVzaGVpZ2h0aW5uZXJCbG9ja3NiY24vYnJlYWRjcnVtYi10cmFpbCAvLS0+Cgo8IS0tIHc6c3BjZSB7ImhlaWdodCI6IjMwcHgifSAtLT4KPGRpdiBzdHlsZT0iaGVpZ2h0OjMwcHgiIHJpYS1oaWRkZW49InRydWUiIGNsYXNzPSJ3cC1ibG9jay1zcGFjZXIiPjwvZGl2Pgo8IS0tIC93cDpzcGFjZXIgLS0+Cgo8IS0tIHdwOnBhcmEFBwgECAQIBggFGQgHCEECkSwIBwgGCA4IDggLSAEECQgGCAcPBAoHNAcLCAcPBAoHmAEHCwgHDwQKQwAHAggPBQsIBw8ECgeHAQcLCAcPBAoHsAEHCwgHDwQKB6oBBwsIBw8ECgeCAQcLCAcPBAoHhAIHCwgHDwQKQwAHAggPBQkLCAcPBAoHDQULCAcPBAoHuQEHCwgHDwQKBx4FCwgHDwQKB7QCBwsIBw8ECgeVAQcLCAcPBAoGCwgHDwQKBzoHCwgHDwQKDAgLBQcFBwgHBApHAAsPNAcGBAwKCwkPBQoIBQgHDwQKBgshAwIwkgEUAQQAAAEAAAABBgAAAQAAnwEBAQBNQgEBAEEAAgBBAAIAQQACAEEAAgBBAAIAQQACAEEAAgBBAAIAQQACAEEAAgBBAAIAQQACAEEAAgBBAAIAQQAAQQACAEEAAEEAAgBBAAADQYYBAfABAH0BdxMyMDE2LTEyLTI4VDE3OjI1OjQydxlwZXJzb25hbGl6YWNpb24tZGUtdmlzdGFzdwdwdWJsaXNofQF9AHcGY2xvc2VkdwZjbG9zZWR3AHcAdyRkNjRiOTZkYS1iYWE3LTQ5NGMtYTVmMy0yYzFlZTcyMjUzNjh4dzs8cD5QdWVkZXMgY3JlYXIgdmlzdGFzIHBlcnNvbmFsaXphZGFzIGRlIHR1cyBjb250YWN0b3MuPC9wPncOY29yZS9wYXJhZ3JhcGh5dyQ3YzY2ZTEyYS1kMTgyLTQ4NWUtOTYyOS1kYjJlNmJhYzBiNDh4d2A8cD5QdWVkZXMgc2VsZWNjaW9uYXIgbG9zIGNhbXBvcyBxdWUgZGVzZWFzIG1vc3RyYXIgeSBlbCBvcmRlbiBlbiBlbCBxdWUgZGViZXLDrWFuIGFwYXJlY2VyLjwvcD53DmNvcmUvcGFyYWdyYXBoeXckMzdlZGE4YWQtNWJkOC00MmZlLTgzOTAtNjc2MjkzM2JkNjAzeHf6ATxmaWd1cmUgY2xhc3M9IndwLWJsb2NrLWltYWdlIGFsaWduY2VudGVyIHNpemUtbGFyZ2UiPjxpbWcgc3JjPSJodHRwczovL3d3dy5rYW5hbmFzLmNvbS9lcy93cC1jb250ZW50L3VwbG9hZHMvc2l0ZXMvMjE0My8yMDI0LzA3L1NjcmVlbnNob3QtMjAyNC0wNy0yNi1hdC0xOC0zOC00My1TT0EtY2x1Yi1EaXJlY3RvcmlvLV8tVm9sdW50YXJpb3MtMTAyNHg1OTYucG5nIiBhbHQ9IiIgY2xhc3M9IndwLWltYWdlLTUzOTEiLz48L2ZpZ3VyZT53CmNvcmUvaW1hZ2V3kQFodHRwczovL3d3dy5rYW5hbmFzLmNvbS9lcy93cC1jb250ZW50L3VwbG9hZHMvc2l0ZXMvMjE0My8yMDI0LzA3L1NjcmVlbnNob3QtMjAyNC0wNy0yNi1hdC0xOC0zOC00My1TT0EtY2x1Yi1EaXJlY3RvcmlvLV8tVm9sdW50YXJpb3MtMTAyNHg1OTYucG5ndwB9j1R3BWxhcmdldwRub25ldwZjZW50ZXJ3JGZiM2I4YmQyLTYzYWMtNDRmZC1iNjYxLTYxMTJjNjY3MDdlM3h3TzxwPlBhcmEgY3JlYXIgdW5hIG51ZXZhIHZpc3RhLCBoYXogY2xpYyBlbiArVmlzdGEgZW4gbGEgYmFycmEgZGUgcGVzdGHDsWFzLjwvcD53DmNvcmUvcGFyYWdyYXBoeXckYTUzMzUwMTItOWQ3YS00YTNlLWExZjQtOWVlNjdiNmQ2ZTUxeHd4PHA+TGEgcGFudGFsbGEgZGUgZGVmaW5pY2nDs24gcGFyYSB0dSBudWV2YSB2aXN0YSB0ZSBwZXJtaXRlIGVsZWdpciBsb3MgY2FtcG9zIHF1ZSBkZXNlYXMgcXVlIGFwYXJlemNhbiBlbiB0dSB2aXN0YS48L3A+dw5jb3JlL3BhcmFncmFwaHl3JDc2YjkyOWZiLTY0ZDYtNDRkOS04NzdhLWU5OTY2ZGFmMGExMHh3cjxwPlBhcmEgc2VsZWNjaW9uYXIgbG9zIGNhbXBvcywgaGF6IGNsaWMgZW4gZWxsb3MgZW4gbGEgY29sdW1uYSBpenF1aWVyZGEgeSBhcnLDoXN0cmFsb3MgYSBsYSBjb2x1bW5hIGRlcmVjaGEuPC9wPncOY29yZS9wYXJhZ3JhcGh5dyQyYjU1OTljMS1iNmJmLTRhNDAtOWMxNC0zNjNiNGVmNjE0ZTF4d0s8cD5QYXJhIHF1aXRhciBhbGd1bm9zIGRlIHR1IHNlbGVjY2nDs24sIHJlYWxpemEgbGEgb3BlcmFjacOzbiBpbnZlcnNhLjwvcD53DmNvcmUvcGFyYWdyYXBoeXckMzM3MjZlMTEtOTBjNS00OWYyLWE3ZjQtMTU4NzMzZjNmNWIyeHeNATxwPlRlbiBlbiBjdWVudGEgcXVlIGVuIHR1IHNlbGVjY2nDs24gdGllbmVzIGxhIHBvc2liaWxpZGFkIGRlIGNhbWJpYXIgZWwgb3JkZW4gZGUgbG9zIGNhbXBvcyBhcnJhc3Ryw6FuZG9sb3MgaGFjaWEgYXJyaWJhIG8gaGFjaWEgYWJham8uPC9wPncOY29yZS9wYXJhZ3JhcGh5dyQ1N2Q3NGEzZC1hMTUyLTQwNjgtYjNkMC04NjlmMWEwMTU0MTl4d44CPGZpZ3VyZSBjbGFzcz0id3AtYmxvY2staW1hZ2UgYWxpZ25jZW50ZXIgc2l6ZS1sYXJnZSBnaG9zdGtpdC1jdXN0b20tWjFEUmlKciI+PGltZyBzcmM9Imh0dHBzOi8vd3d3LmthbmFuYXMuY29tL2VzL3dwLWNvbnRlbnQvdXBsb2Fkcy9zaXRlcy8yMTQzLzIwMjQvMDcvU2NyZWVuc2hvdC0yMDI0LTA3LTI2LWF0LTE4LTM5LTAzLVNPQS1jbHViLU1vZGlmaWNhci1lc3RhLXZpc3RhLTEwMjR4NTkyLnBuZyIgYWx0PSIiIGNsYXNzPSJ3cC1pbWFnZS01MzkyIi8+PC9maWd1cmU+dwpjb3JlL2ltYWdld40BaHR0cHM6Ly93d3cua2FuYW5hcy5jb20vZXMvd3AtY29udGVudC91cGxvYWRzL3NpdGVzLzIxNDMvMjAyNC8wNy9TY3JlZW5zaG90LTIwMjQtMDctMjYtYXQtMTgtMzktMDMtU09BLWNsdWItTW9kaWZpY2FyLWVzdGEtdmlzdGEtMTAyNHg1OTIucG5ndwB9kFR3BWxhcmdldwRub25ldwZjZW50ZXJ3F2dob3N0a2l0LWN1c3RvbS1aMURSaUpydyQ3ODViZmFhMi1kNDBlLTQ3ZTAtOWE3Mi0zODU3YTdiYjk4ODJ4dy88aDMgY2xhc3M9IndwLWJsb2NrLWhlYWRpbmciPlZpc3RhIHByaXZhZGE8L2gzPncMY29yZS9oZWFkaW5nfQN3JGMyZmJmN2E2LWU0ZGEtNGFjNy05ZjRkLTQxOGVlYTlhZGVhMnh3ggE8cD5TaSBjb25maWd1cmFzIHVuYSB2aXN0YSBjb21vIHByaXZhZGEsIHNvbG8gdMO6IHBvZHLDoXMgdmVybGEuIEVsaWdlIG5vIHByaXZhZGEgc2kgcHJlZmllcmVzIGNvbXBhcnRpcmxhIGNvbiBvdHJvcyB1c3Vhcmlvcy48L3A+dw5jb3JlL3BhcmFncmFwaHl3JDJkYmJkMTkxLTFhNTgtNDE3Yi05ZWM0LTQwNmJiYzc1MjZiM3h3QDxoMyBjbGFzcz0id3AtYmxvY2staGVhZGluZyI+QWRqdW50YXIgdW4gZmlsdHJvIGEgdW5hIHZpc3RhPC9oMz53DGNvcmUvaGVhZGluZ30DdyQ5NTNlZjZmMS1jNjc3LTRkNTUtYThkZS1iOTE0NTUzNzI1ZDF4d70BPHA+UGFyYSBlamVjdXRhciBhdXRvbcOhdGljYW1lbnRlIHVuIGZpbHRybyBjYWRhIHZleiBxdWUgaGFjZXMgY2xpYyBlbiB1bmEgdmlzdGEsIHNpbXBsZW1lbnRlIHZlIGEgbGEgdmlzdGEsIGNvbmZpZ3VyYSB0dSBmaWx0cm8geSBsdWVnbyBoYXogY2xpYyBlbiBlbCBib3TDs24gImFkanVudGFyIGZpbHRybyBhIHZpc3RhIi48L3A+dw5jb3JlL3BhcmFncmFwaHl3JDI2ODI5YmQ2LTBiZjgtNGMyZS1hNWZlLWMwODZhMWM0MWM5M3h3XDxwPlBhcmEgbW9kaWZpY2FyIG8gZWxpbWluYXIgZWwgZmlsdHJvLCB1dGlsaXphIGVsIGVubGFjZSAiZGVzdmluY3VsYXIgZmlsdHJvIGRlIHZpc3RhIi48L3A+dw5jb3JlL3BhcmFncmFwaHl3JGJlMTZhMGFhLTNkZWItNGJkOC1iMDkwLWMwZDA0OTIwNmYxMHh3SjxkaXYgc3R5bGU9ImhlaWdodDozMHB4IiBhcmlhLWhpZGRlbj0idHJ1ZSIgY2xhc3M9IndwLWJsb2NrLXNwYWNlciI+PC9kaXY+dwtjb3JlL3NwYWNlcncEMzBweHckYjZlNGNiNzgtOTE1Mi00YTk5LWJmNzYtMzU4NmNjMmRmZDZheHdEPHA+UGFyYSBvYnRlbmVyIG3DoXMgaW5mb3JtYWNpw7NuIHNvYnJlIGxhIGdlc3Rpw7NuIGRlIGNvbnRhY3RvczwvcD53DmNvcmUvcGFyYWdyYXBoeXckOWI5MTA2ZTktZDdmZS00M2ZhLWFmMDQtYTc3YzE1NzM1Yjk1eHcAdw5jb3JlL3BhZ2UtbGlzdH2kTHl7QnnhfQHv0AB9lb2\/6Ad3JGZhYjY5ZmI4LTVkYjUtNGU2Yy05MDAzLTIwNTJiMmJkNDA1Ynh3DmNvcmUvcGFyYWdyYXBoeXckZmFiNjlmYjgtNWRiNS00ZTZjLTkwMDMtMjA1MmIyYmQ0MDVidyQ0YzlmYzYzMS03ZGI0LTQxNDktYmQ2MS04NzMwNDgwNzZkMzl3OzxwPlB1ZWRlcyBjcmVhciB2aXN0YXMgcGVyc29uYWxpemFkYXMgZGUgdHVzIGNvbnRhY3Rvcy48L3A+dyQ4YzlkNTU2Zi0xYjkyLTQwZTQtYTU3Zi1kZTU0Y2ZhMTE1NDh3AHcUYmNuL2JyZWFkY3J1bWItdHJhaWx3AHcTYnJlYWRjcnVtYmxpc3RfcmRmYXh5eXh3AHcAdwB3AHcAdQB3JGFlZjYzNjZkLWQzNTUtNGY2Yy1hOGZmLTEzZmYyMDNiMTIyZXh3SjxkaXYgc3R5bGU9ImhlaWdodDozMHB4IiBhcmlhLWhpZGRlbj0idHJ1ZSIgY2xhc3M9IndwLWJsb2NrLXNwYWNlciI+PC9kaXY+dwtjb3JlL3NwYWNlcncEMzBweAHV3p\/0AwXGFgABAQE1xAkABgA=\",\"updateId\":138953487}","footnotes":""},"class_list":["post-4800","page","type-page","status-publish"],"aioseo_notices":[],"_links":{"self":[{"href":"https:\/\/www.kananas.com\/es\/wp-json\/wp\/v2\/pages\/4800","targetHints":{"allow":["GET"]}}],"collection":[{"href":"https:\/\/www.kananas.com\/es\/wp-json\/wp\/v2\/pages"}],"about":[{"href":"https:\/\/www.kananas.com\/es\/wp-json\/wp\/v2\/types\/page"}],"author":[{"embeddable":true,"href":"https:\/\/www.kananas.com\/es\/wp-json\/wp\/v2\/users\/1"}],"replies":[{"embeddable":true,"href":"https:\/\/www.kananas.com\/es\/wp-json\/wp\/v2\/comments?post=4800"}],"version-history":[{"count":5,"href":"https:\/\/www.kananas.com\/es\/wp-json\/wp\/v2\/pages\/4800\/revisions"}],"predecessor-version":[{"id":6481,"href":"https:\/\/www.kananas.com\/es\/wp-json\/wp\/v2\/pages\/4800\/revisions\/6481"}],"up":[{"embeddable":true,"href":"https:\/\/www.kananas.com\/es\/wp-json\/wp\/v2\/pages\/4900"}],"wp:attachment":[{"href":"https:\/\/www.kananas.com\/es\/wp-json\/wp\/v2\/media?parent=4800"}],"curies":[{"name":"wp","href":"https:\/\/api.w.org\/{rel}","templated":true}]}}