{"id":4805,"date":"2016-08-24T16:29:14","date_gmt":"2016-08-24T14:29:14","guid":{"rendered":"https:\/\/www.kananas.com\/es\/documentation-18\/federation-multi-sections\/"},"modified":"2026-05-11T18:38:11","modified_gmt":"2026-05-11T16:38:11","slug":"federacion-varias-secciones","status":"publish","type":"page","link":"https:\/\/www.kananas.com\/es\/documentation\/federacion-varias-secciones\/","title":{"rendered":"Federaci\u00f3n &#8211; varias secciones"},"content":{"rendered":"<div class=\"breadcrumbs align  wp-block-bcn-breadcrumb-trail has-text-color has-background\" vocab=\"https:\/\/schema.org\/\" typeof=\"BreadcrumbList\">\n\t<span><\/span>\n\t<span property=\"itemListElement\" typeof=\"ListItem\"><a property=\"item\" typeof=\"WebPage\" title=\"Aller \u00e0 kananas.\" href=\"https:\/\/www.kananas.com\/es\" class=\"home\" aria-current=\"page\"><span property=\"name\">kananas<\/span><\/a><meta property=\"position\" content=\"1\"><\/span><\/div>\n\n\n\n<div style=\"height:30px\" aria-hidden=\"true\" class=\"wp-block-spacer\"><\/div>\n\n\n\n<p class=\"wp-block-paragraph\">Kananas puede ser utilizado en el marco de la gesti\u00f3n de una federaci\u00f3n o cualquier estructura de tipo multi-secci\u00f3n, como un club polideportivo.<\/p>\n\n\n<div class=\"wp-block-image\">\n<figure class=\"aligncenter\"><img decoding=\"async\" src=\"http:\/\/www.kananas.com\/wp-content\/uploads\/2016\/08\/gestion-entit\u00e9s.jpg\" alt=\"Asociaci\u00f3n gesti\u00f3n de federaciones y estructuras multi-entidades\" class=\"wp-image-1630\" title=\"Asociaci\u00f3n gesti\u00f3n de federaciones y estructuras multi-entidades\"\/><\/figure>\n<\/div>\n\n\n<p class=\"wp-block-paragraph\"><\/p>\n\n\n\n<ul class=\"wp-block-list\">\n<li>Definici\u00f3n de la estructura de su organizaci\u00f3n: ingresar\u00e1 sus diferentes entidades en forma de \u00e1rbol.<\/li>\n\n\n\n<li>Confidencialidad: puede asignar un contacto a una entidad. Cuando se conecte al Backoffice, todo lo que cree se asignar\u00e1 autom\u00e1ticamente a su entidad.<\/li>\n\n\n\n<li>Filtro de visualizaci\u00f3n: cuando un usuario con acceso al Backoffice se conecta, solo ver\u00e1 la informaci\u00f3n de su entidad y de las entidades \u00ab\u00a0hijas\u00a0\u00bb, lo que se denomina visi\u00f3n descendente: contactos, actividades, productos, finanzas. La \u00fanica excepci\u00f3n es a nivel de productos, ya que puede vender productos que usted haya definido a nivel superior, pero no modificarlos.<\/li>\n<\/ul>\n\n\n\n<p class=\"wp-block-paragraph\">El formulario de membres\u00eda se enriquece con un campo \u00ab\u00a0entidad\u00a0\u00bb que permite elegir en qu\u00e9 entidad desea unirse.<\/p>\n\n\n\n<p class=\"wp-block-paragraph\">&nbsp;<\/p>\n\n\n\n<h3 class=\"wp-block-heading\">Definir sus entidades<\/h3>\n\n\n\n<p class=\"wp-block-paragraph\">Para hacerlo, utilice el men\u00fa \u00ab\u00a0configuraci\u00f3n\u00a0\u00bb, pesta\u00f1a \u00ab\u00a0mis entidades\u00a0\u00bb.<\/p>\n\n\n\n<p class=\"wp-block-paragraph\">Nota: no hay l\u00edmite en el n\u00famero de subentidades; por ejemplo, puede definir un nivel de regi\u00f3n, luego un subnivel de departamento y finalmente un nivel de ciudad.<\/p>\n\n\n\n<div>&nbsp;<\/div>\n\n\n<div class=\"wp-block-image\">\n<figure class=\"aligncenter size-large\"><img loading=\"lazy\" decoding=\"async\" width=\"1024\" height=\"626\" src=\"https:\/\/www.kananas.com\/es\/wp-content\/uploads\/sites\/2143\/2024\/07\/Screenshot-2024-07-30-at-15-42-11-SOA-club-Configuracion-_-Mis-entidades-1024x626.png\" alt=\"\" class=\"wp-image-5572\" title=\"Asociaci\u00f3n configuraci\u00f3n de entidades\" srcset=\"https:\/\/www.kananas.com\/es\/wp-content\/uploads\/sites\/2143\/2024\/07\/Screenshot-2024-07-30-at-15-42-11-SOA-club-Configuracion-_-Mis-entidades-1024x626.png 1024w, https:\/\/www.kananas.com\/es\/wp-content\/uploads\/sites\/2143\/2024\/07\/Screenshot-2024-07-30-at-15-42-11-SOA-club-Configuracion-_-Mis-entidades-300x183.png 300w, https:\/\/www.kananas.com\/es\/wp-content\/uploads\/sites\/2143\/2024\/07\/Screenshot-2024-07-30-at-15-42-11-SOA-club-Configuracion-_-Mis-entidades-768x470.png 768w, https:\/\/www.kananas.com\/es\/wp-content\/uploads\/sites\/2143\/2024\/07\/Screenshot-2024-07-30-at-15-42-11-SOA-club-Configuracion-_-Mis-entidades-1536x939.png 1536w, https:\/\/www.kananas.com\/es\/wp-content\/uploads\/sites\/2143\/2024\/07\/Screenshot-2024-07-30-at-15-42-11-SOA-club-Configuracion-_-Mis-entidades-2048x1253.png 2048w\" sizes=\"auto, (max-width: 1024px) 100vw, 1024px\" \/><\/figure>\n<\/div>\n\n\n<div>&nbsp;<\/div>\n","protected":false},"excerpt":{"rendered":"<p>Kananas puede ser utilizado en el marco de la gesti\u00f3n de una federaci\u00f3n o cualquier estructura de tipo multi-secci\u00f3n, como un club polideportivo. El formulario de membres\u00eda se enriquece con un campo \u00ab\u00a0entidad\u00a0\u00bb que permite elegir en qu\u00e9 entidad desea unirse. &nbsp; Definir sus entidades Para hacerlo, utilice el men\u00fa \u00ab\u00a0configuraci\u00f3n\u00a0\u00bb, pesta\u00f1a \u00ab\u00a0mis entidades\u00a0\u00bb. Nota: &#8230; <a title=\"Federaci\u00f3n &#8211; varias secciones\" class=\"read-more\" href=\"https:\/\/www.kananas.com\/es\/documentation\/federacion-varias-secciones\/\" aria-label=\"En savoir plus sur Federaci\u00f3n &#8211; varias secciones\">Lire la suite<\/a><\/p>\n","protected":false},"author":1,"featured_media":0,"parent":4864,"menu_order":9,"comment_status":"closed","ping_status":"closed","template":"","meta":{"_crdt_document":"{\"document\":\"AAAHw57w6hXRAagBCDwQAwKyUwKiAQQCAQIKAkJKALQEAQIKAQNKABoBAgoASgASAQIKAEoQAgECCgJMAJoDAQIKAkwAvAQBAgoCTOgImBQBAgoCQkoArgMBAgoCQkoAHgECCgJCSgA8AQIKAkJKAKACAQIKAkJKAJgFAQIKSgAQAQIKAQVKAB4BAgpK5ie6JwEBCABI+Ce6J0IKBsQoAwABCUqQLQECCkr0ggEDArJToCkCCqxbhiPcfQMCslPnASgDJwAEACcABACEBIEAhAAnACgEJwAoACcABwAoAycBBAAoACcAhwAoAycAKAEnACgCJwCHACgDJwEoACcAhwAoAycAKAEnAAcAKAMnAQQAJwCHACgDJwEEACcAhwAoAycBBAAnAIcAKAMnAQQAKAAnAIcAKAMnAQQAKAAnAIcAKAMnAQQAKAAnAIcAKAMnAQQAKAAnAIcAKAMnAQQAKAAnAIcAKAMnACgAJwCHACgDJwAoAScAKAQnAIcAKAMnACgAJwAhAccAKAInASgAJwCoASgABACoAigLxwAoAycAKAAnAMQFqPwuoi1zdGF0ZXZlcnNpb25kb2N1bWVudGRhdGVkb2N1bWVudHNsdWdkb2N1bWVudHN0YXR1c2RvY3VtZW50dGl0bGVGZWRlcmFjacOzbiAtIHZhcmlhcyBzZWNjaW9uZXNkb2N1bWVudGNvbnRlbnQ8IS0tIHdwOnBhcmFncmFwaCAtLT4KPHA+S2FuYW5hcyBwdWVkZSBzZXIgdXRpbGl6YWRvIGVuIGVsIG1hcmNvIGRlIGxhIGdlc3Rpw7NuIGRlIHVuYSBmZWRlcmFjacOzbiBvIGN1YWxxdWllciBlc3RydWN0dXJhIGRlIHRpcG8gbXVsdGktc2VjY2nDs24sIGNvbW8gdW4gY2x1YiBwb2xpZGVwb3J0aXZvLjwvcD4KPCEtLSAvd3A6cGFyYWdyYXBoIC0tPgoKPCEtLSB3cDppbWFnZSB7ImlkIjoxNjMwLCJhbGlnbiI6ImNlbnRlciJ9IC0tPgo8ZmlndXJlIGNsYXNzPSJ3cC1ibG9jay1pbWFnZSBhbGlnbmNlbnRlciI+PGltZyBzcmM9Imh0dHA6Ly93d3cua2FuYW5hcy5jb20vd3AtY29udGVudC91cGxvYWRzLzIwMTYvMDgvZ2VzdGlvbi1lbnRpdMOpcy5qcGciIGFsdD0iQXNvY2lhY2nDs24gZ2VzdGnDs24gZGUgZmVkZXJhY2lvbmVzIHkgZXN0cnVjdHVyYXMgbXVsdGktZW50aWRhZGVzIiBjbGFzcz0id3AtaW1hZ2UtMTYzMCIgdGl0bGU9IkFzb2NpYWNpw7NuIGdlc3Rpw7NuIGRlIGZlZGVyYWNpb25lcyB5IGVzdHJ1Y3R1cmFzIG11bHRpLWVudGlkYWRlcyIvPjwvZmlndXJlPgo8IS0tIC93cDppbWFnZSAtLT4KCjwhLS0gd3A6cGFyYWdyYXBoIC0tPgo8cD48L3A+CjwhLS0gL3dwOnBhcmFncmFwaCAtLT4KCjwhLS0gd3A6bGlzdCAtLT4KPHVsIGNsYXNzPSJ3cC1ibG9jay1saXN0Ij48IS0tIHdwOmxpc3QtaXRlbSAtLT4KPGxpPkRlZmluaWNpw7NuIGRlIGxhIGVzdHJ1Y3R1cmEgZGUgc3Ugb3JnYW5pemFjacOzbjogaW5ncmVzYXLDoSBzdXMgZGlmZXJlbnRlcyBlbnRpZGFkZXMgZW4gZm9ybWEgZGUgw6FyYm9sLjwvbGk+CjwhLS0gL3dwOmxpc3QtaXRlbSAtLT4KCjwhLS0gd3A6bGlzdC1pdGVtIC0tPgo8bGk+Q29uZmlkZW5jaWFsaWRhZDogcHVlZGUgYXNpZ25hciB1biBjb250YWN0byBhIHVuYSBlbnRpZGFkLiBDdWFuZG8gc2UgY29uZWN0ZSBhbCBCYWNrb2ZmaWNlLCB0b2RvIGxvIHF1ZSBjcmVlIHNlIGFzaWduYXLDoSBhdXRvbcOhdGljYW1lbnRlIGEgc3UgZW50aWRhZC48L2xpPgo8IS0tIC93cDpsaXN0LWl0ZW0gLS0+Cgo8IS0tIHdwOmxpc3QtaXRlbSAtLT4KPGxpPkZpbHRybyBkZSB2aXN1YWxpemFjacOzbjogY3VhbmRvIHVuIHVzdWFyaW8gY29uIGFjY2VzbyBhbCBCYWNrb2ZmaWNlIHNlIGNvbmVjdGEsIHNvbG8gdmVyw6EgbGEgaW5mb3JtYWNpw7NuIGRlIHN1IGVudGlkYWQgeSBkZSBsYXMgZW50aWRhZGVzICJoaWphcyIsIGxvIHF1ZSBzZSBkZW5vbWluYSB2aXNpw7NuIGRlc2NlbmRlbnRlOiBjb250YWN0b3MsIGFjdGl2aWRhZGVzLCBwcm9kdWN0b3MsIGZpbmFuemFzLiBMYSDDum5pY2EgZXhjZXBjacOzbiBlcyBhIG5pdmVsIGRlIHByb2R1Y3RvcywgeWEgcXVlIHB1ZWRlIHZlbmRlciBwcm9kdWN0b3MgcXVlIHVzdGVkIGhheWEgZGVmaW5pZG8gYSBuaXZlbCBzdXBlcmlvciwgcGVybyBubyBtb2RpZmljYXJsb3MuPC9saT4KPCEtLSAvd3A6bGlzdC1pdGVtIC0tPjwvdWw+CjwhLS0gL3dwOmxpc3QgLS0+Cgo8IS0tIHdwOnBhcmFncmFwaCAtLT4KPHA+RWwgZm9ybXVsYXJpbyBkZSBtZW1icmVzw61hIHNlIGVucmlxdWVjZSBjb24gdW4gY2FtcG8gImVudGlkYWQiIHF1ZSBwZXJtaXRlIGVsZWdpciBlbiBxdcOpIGVudGlkYWQgZGVzZWEgdW5pcnNlLjwvcD4KPCEtLSAvd3A6cGFyYWdyYXBoIC0tPgoKPCEtLSB3cDpwYXJhZ3JhcGggLS0+CjxwPiZuYnNwOzwvcD4KPCEtLSAvd3A6cGFyYWdyYXBoIC0tPgoKPCEtLSB3cDpoZWFkaW5nIHsibGV2ZWwiOjN9IC0tPgo8aDMgY2xhc3M9IndwLWJsb2NrLWhlYWRpbmciPkRlZmluaXIgc3VzIGVudGlkYWRlczwvaDM+CjwhLS0gL3dwOmhlYWRpbmcgLS0+Cgo8IS0tIHdwOnBhcmFncmFwaCAtLT4KPHA+UGFyYSBoYWNlcmxvLCB1dGlsaWNlIGVsIG1lbsO6ICJjb25maWd1cmFjacOzbiIsIHBlc3Rhw7FhICJtaXMgZW50aWRhZGVzIi48L3A+CjwhLS0gL3dwOnBhcmFncmFwaCAtLT4KCjwhLS0gd3A6cGFyYWdyYXBoIC0tPgo8cD5Ob3RhOiBubyBoYXkgbMOtbWl0ZSBlbiBlbCBuw7ptZXJvIGRlIHN1YmVudGlkYWRlczsgcG9yIGVqZW1wbG8sIHB1ZWRlIGRlZmluaXIgdW4gbml2ZWwgZGUgcmVnacOzbiwgbHVlZ28gdW4gc3Vibml2ZWwgZGUgZGVwYXJ0YW1lbnRvIHkgZmluYWxtZW50ZSB1biBuaXZlbCBkZSBjaXVkYWQuPC9wPgo8IS0tIC93cDpwYXJhZ3JhcGggLS0+Cgo8IS0tIHdwOnRhZHYvY2xhc3NpYy1wYXJhZ3JhcGggLS0+CjxkaXY+Jm5ic3A7PC9kaXY+CjwhLS0gL3dwOnRhZHYvY2xhc3NpYy1wYXJhZ3JhcGggLS0+Cgo8IS0tIHdwOmltYWdlIHsiaWQiOjU1NzIsInNpemVTbHVnIjoibGFyZ2UiLCJsaW5rRGVzdGluYXRpb24iOiJub25lIiwiYWxpZ24iOiJjZW50ZXIifSAtLT4KPGZpZ3VyZSBjbGFzcz0id3AtYmxvY2staW1hZ2UgYWxpZ25jZW50ZXIgc2l6ZS1sYXJnZSI+PGltZyBzcmM9Imh0dHBzOi8vd3d3LmthbmFuYXMuY29tL2VzL3dwLWNvbnRlbnQvdXBsb2Fkcy9zaXRlcy8yMTQzLzIwMjQvMDcvU2NyZWVuc2hvdC0yMDI0LTA3LTMwLWF0LTE1LTQyLTExLVNPQS1jbHViLUNvbmZpZ3VyYWNpb24tXy1NaXMtZW50aWRhZGVzLTEwMjR4NjI2LnBuZyIgYWx0PSIiIGNsYXNzPSJ3cC1pbWFnZS01NTcyIiB0aXRsZT0iQXNvY2lhY2nDs24gY29uZmlndXJhY2nDs24gZGUgZW50aWRhZGVzIi8+PC9maWd1cmU+CjwhLS0gL3dwOmltYWdlIC0tPgoKPCEtLSB3cDp0YWR2L2NsYXNzaWMtcGFyYWdyYXBoIC0tPgo8ZGl2PjwvZGl2Pgo8IS0tIC93cDp0YWR2L2NsYXNzaWMtcGFyYWdyYXBoIC0tPmRvY3VtZW50ZXhjZXJwdGRvY3VtZW50YXV0aG9yZG9jdW1lbnRmZWF0dXJlZF9tZWRpYWRvY3VtZW50Y29tbWVudF9zdGF0dXNkb2N1bWVudHBpbmdfc3RhdHVzZG9jdW1lbnR0ZW1wbGF0ZWRvY3VtZW50bWV0YWZvb3Rub3Rlc2RvY3VtZW50YmxvY2tzY2xpZW50SWRpc1ZhbGlkb3JpZ2luYWxDb250ZW50bmFtZWF0dHJpYnV0ZXNjb250ZW50S2FuYW5hcyBwdWVkZSBzZXIgdXRpbGl6YWRvIGVuIGVsIG1hcmNvIGRlIGxhIGdlc3Rpw7NuIGRlIHVuYSBmZWRlcmFjacOzbiBvIGN1YWxxdWllciBlc3RydWN0dXJhIGRlIHRpcG8gbXVsdGktc2VjY2nDs24sIGNvbW8gdW4gY2x1YiBwb2xpZGVwb3J0aXZvLmRyb3BDYXBpbm5lckJsb2Nrc2NsaWVudElkaXNWYWxpZG9yaWdpbmFsQ29udGVudG5hbWVhdHRyaWJ1dGVzdXJsYWx0Y2FwdGlvbnRpdGxlaWRhbGlnbmlubmVyQmxvY2tzY2xpZW50SWRpc1ZhbGlkb3JpZ2luYWxDb250ZW50bmFtZWF0dHJpYnV0ZXNjb250ZW50ZHJvcENhcGlubmVyQmxvY2tzY2xpZW50SWRpc1ZhbGlkb3JpZ2luYWxDb250ZW50bmFtZWF0dHJpYnV0ZXNvcmRlcmVkdmFsdWVzaW5uZXJCbG9ja3NjbGllbnRJZGlzVmFsaWRvcmlnaW5hbENvbnRlbnRuYW1lYXR0cmlidXRlc2NvbnRlbnREZWZpbmljacOzbiBkZSBsYSBlc3RydWN0dXJhIGRlIHN1IG9yZ2FuaXphY2nDs246IGluZ3Jlc2Fyw6Egc3VzIGRpZmVyZW50ZXMgZW50aWRhZGVzIGVuIGZvcm1hIGRlIMOhcmJvbC5pbm5lckJsb2Nrc2NsaWVudElkaXNWYWxpZG9yaWdpbmFsQ29udGVudG5hbWVhdHRyaWJ1dGVzY29udGVudENvbmZpZGVuY2lhbGlkYWQ6IHB1ZWRlIGFzaWduYXIgdW4gY29udGFjdG8gYSB1bmEgZW50aWRhZC4gQ3VhbmRvIHNlIGNvbmVjdGUgYWwgQmFja29mZmljZSwgdG9kbyBsbyBxdWUgY3JlZSBzZSBhc2lnbmFyw6EgYXV0b23DoXRpY2FtZW50ZSBhIHN1IGVudGlkYWQuaW5uZXJCbG9ja3NjbGllbnRJZGlzVmFsaWRvcmlnaW5hbENvbnRlbnRuYW1lYXR0cmlidXRlc2NvbnRlbnRGaWx0cm8gZGUgdmlzdWFsaXphY2nDs246IGN1YW5kbyB1biB1c3VhcmlvIGNvbiBhY2Nlc28gYWwgQmFja29mZmljZSBzZSBjb25lY3RhLCBzb2xvIHZlcsOhIGxhIGluZm9ybWFjacOzbiBkZSBzdSBlbnRpZGFkIHkgZGUgbGFzIGVudGlkYWRlcyAiaGlqYXMiLCBsbyBxdWUgc2UgZGVub21pbmEgdmlzacOzbiBkZXNjZW5kZW50ZTogY29udGFjdG9zLCBhY3RpdmlkYWRlcywgcHJvZHVjdG9zLCBmaW5hbnphcy4gTGEgw7puaWNhIGV4Y2VwY2nDs24gZXMgYSBuaXZlbCBkZSBwcm9kdWN0b3MsIHlhIHF1ZSBwdWVkZSB2ZW5kZXIgcHJvZHVjdG9zIHF1ZSB1c3RlZCBoYXlhIGRlZmluaWRvIGEgbml2ZWwgc3VwZXJpb3IsIHBlcm8gbm8gbW9kaWZpY2FybG9zLmlubmVyQmxvY2tzY2xpZW50SWRpc1ZhbGlkb3JpZ2luYWxDb250ZW50bmFtZWF0dHJpYnV0ZXNjb250ZW50RWwgZm9ybXVsYXJpbyBkZSBtZW1icmVzw61hIHNlIGVucmlxdWVjZSBjb24gdW4gY2FtcG8gImVudGlkYWQiIHF1ZSBwZXJtaXRlIGVsZWdpciBlbiBxdcOpIGVudGlkYWQgZGVzZWEgdW5pcnNlLmRyb3BDYXBpbm5lckJsb2Nrc2NsaWVudElkaXNWYWxpZG9yaWdpbmFsQ29udGVudG5hbWVhdHRyaWJ1dGVzY29udGVudCZuYnNwO2Ryb3BDYXBpbm5lckJsb2Nrc2NsaWVudElkaXNWYWxpZG9yaWdpbmFsQ29udGVudG5hbWVhdHRyaWJ1dGVzY29udGVudERlZmluaXIgc3VzIGVudGlkYWRlc2xldmVsaW5uZXJCbG9ja3NjbGllbnRJZGlzVmFsaWRvcmlnaW5hbENvbnRlbnRuYW1lYXR0cmlidXRlc2NvbnRlbnRQYXJhIGhhY2VybG8sIHV0aWxpY2UgZWwgbWVuw7ogImNvbmZpZ3VyYWNpw7NuIiwgcGVzdGHDsWEgIm1pcyBlbnRpZGFkZXMiLmRyb3BDYXBpbm5lckJsb2Nrc2NsaWVudElkaXNWYWxpZG9yaWdpbmFsQ29udGVudG5hbWVhdHRyaWJ1dGVzY29udGVudE5vdGE6IG5vIGhheSBsw61taXRlIGVuIGVsIG7Dum1lcm8gZGUgc3ViZW50aWRhZGVzOyBwb3IgZWplbXBsbywgcHVlZGUgZGVmaW5pciB1biBuaXZlbCBkZSByZWdpw7NuLCBsdWVnbyB1biBzdWJuaXZlbCBkZSBkZXBhcnRhbWVudG8geSBmaW5hbG1lbnRlIHVuIG5pdmVsIGRlIGNpdWRhZC5kcm9wQ2FwaW5uZXJCbG9ja3NjbGllbnRJZGlzVmFsaWRvcmlnaW5hbENvbnRlbnRuYW1lYXR0cmlidXRlc2NvbnRlbnRpbm5lckJsb2Nrc2NsaWVudElkaXNWYWxpZG9yaWdpbmFsQ29udGVudG5hbWVhdHRyaWJ1dGVzdXJsYWx0Y2FwdGlvbnRpdGxlaWRzaXplU2x1Z2xpbmtEZXN0aW5hdGlvbmFsaWduaW5uZXJCbG9ja3NjbGllbnRJZGlzVmFsaWRvcmlnaW5hbENvbnRlbnRuYW1lYXR0cmlidXRlc2NvbnRlbnRpbm5lckJsb2Nrc3N0YXRlc2F2ZWRBdHN0YXRlc2F2ZWRCeWNsaWVudElkaXNWYWxpZG5hbWVhdHRyaWJ1dGVzY29udGVudGRyb3BDYXBpbm5lckJsb2Nrc29yaWdpbmFsQ29udGVudEthbmFuYXMgcHVlZGUgc2VyIHV0aWxpemFkbyBlbiBlbCBtYXJjbyBkZSBsYSBnZXN0acOzbiBkZSB1bmEgZmVkZXJhY2nDs24gbyBjdWFscXVpZXIgZXN0cnVjdHVyYSBkZSB0aXBvIG11bHRpLXNlY2Npw7NuLCBjb21vIHVuIGNsdWIgcG9saWRlcG9ydGl2by5wcmV0ZXh0Zm9ybWF0bGlua3JldmVyc2VPcmRlcmhpZGVvbkhvbWVpZ25vcmVDYWNoZXRleHRDb2xvcmJhY2tncm91bmRDb2xvcmFsaWdudHlwb2dyYXBoeWZvbnRTaXplc3R5bGVjbGllbnRJZGlzVmFsaWRvcmlnaW5hbENvbnRlbnRuYW1lYXR0cmlidXRlc2hlaWdodGlubmVyQmxvY2tzYmNuL2JyZWFkY3J1bWItdHJhaWwgLy0tPgoKPCEtLSB3OnNwY2UgeyJoZWlnaHQiOiIzMHB4In0gLS0+CjxkaXYgc3R5bGU9ImhlaWdodDozMHB4IiByaWEtaGlkZGVuPSJ0cnVlIiBjbGFzcz0id3AtYmxvY2stc3BhY2VyIj48L2Rpdj4KPCEtLSAvd3A6c3BhY2VyIC0tPgoKPCEtLSB3cDpwYXJhJm5ic3A7BQcIBAgECAYIBR0IBwhBArkpKggHCAYIDggOCAtIAQQJCAYIBw8ECgeRAgcLCAcPBApDAAcFAgULCAcPBApHAAsIBw8ECgcGCwgHDwQKB6UBCwgHDwQKB5YCCwgHDwQKB7AFCwgHDwQKB64BBwsIBw8ECgcGBwsIBw8ECgcVBQsIBw8ECgeHAQcLCAcPBAoHowIHCwgHDwQKBwsIBw8ECkMABwUCCA8FCwgHDwQKBwsFBwUHCAcECkcACw+RAgcGBAwKCwkPBQoIBQgHDwQKBgshAwIwkgEGFAEEAAABAAAAAQYAAAEAAIcBAQEAREIBAQBBAAIAQQACAEEAAgBBAABBAAIAQQACAEEAAgBBAAIAQQACAEEAAgBBAAIAQQACAEEAAEEAAgBBAABBAAIAQQAAAkF7AdoBAH0BdxMyMDE2LTA4LTI0VDE2OjI5OjE0dxtmZWRlcmFjaW9uLXZhcmlhcy1zZWNjaW9uZXN3B3B1Ymxpc2h9AX0AdwZjbG9zZWR3BmNsb3NlZHcAdwB3JGEwYmY4OGY0LTJlMWUtNDViNy1iODAyLWU0ODYwOWJmYjA1OHh3mwE8cD5LYW5hbmFzIHB1ZWRlIHNlciB1dGlsaXphZG8gZW4gZWwgbWFyY28gZGUgbGEgZ2VzdGnDs24gZGUgdW5hIGZlZGVyYWNpw7NuIG8gY3VhbHF1aWVyIGVzdHJ1Y3R1cmEgZGUgdGlwbyBtdWx0aS1zZWNjacOzbiwgY29tbyB1biBjbHViIHBvbGlkZXBvcnRpdm8uPC9wPncOY29yZS9wYXJhZ3JhcGh5dyQ0NDkzYTAwZi1jMWM4LTRhOTAtOWUzNS1kNjFkOWJhZmVhNTR4d7ECPGZpZ3VyZSBjbGFzcz0id3AtYmxvY2staW1hZ2UgYWxpZ25jZW50ZXIiPjxpbWcgc3JjPSJodHRwOi8vd3d3LmthbmFuYXMuY29tL3dwLWNvbnRlbnQvdXBsb2Fkcy8yMDE2LzA4L2dlc3Rpb24tZW50aXTDqXMuanBnIiBhbHQ9IkFzb2NpYWNpw7NuIGdlc3Rpw7NuIGRlIGZlZGVyYWNpb25lcyB5IGVzdHJ1Y3R1cmFzIG11bHRpLWVudGlkYWRlcyIgY2xhc3M9IndwLWltYWdlLTE2MzAiIHRpdGxlPSJBc29jaWFjacOzbiBnZXN0acOzbiBkZSBmZWRlcmFjaW9uZXMgeSBlc3RydWN0dXJhcyBtdWx0aS1lbnRpZGFkZXMiLz48L2ZpZ3VyZT53CmNvcmUvaW1hZ2V3Rmh0dHA6Ly93d3cua2FuYW5hcy5jb20vd3AtY29udGVudC91cGxvYWRzLzIwMTYvMDgvZ2VzdGlvbi1lbnRpdMOpcy5qcGd3QkFzb2NpYWNpw7NuIGdlc3Rpw7NuIGRlIGZlZGVyYWNpb25lcyB5IGVzdHJ1Y3R1cmFzIG11bHRpLWVudGlkYWRlc3dCQXNvY2lhY2nDs24gZ2VzdGnDs24gZGUgZmVkZXJhY2lvbmVzIHkgZXN0cnVjdHVyYXMgbXVsdGktZW50aWRhZGVzfZ4ZdwZjZW50ZXJ3JGE3MWZiNDg3LWRiYTYtNDQxMi04YTIwLTQwMTFjMzk4Yjg2OHh3BzxwPjwvcD53DmNvcmUvcGFyYWdyYXBoeXckYzViYmQ2MWQtYzEyYy00ZmNlLTk1MDMtMGQwOWQzNmY4NGM4eHcjPHVsIGNsYXNzPSJ3cC1ibG9jay1saXN0Ij4KCgoKPC91bD53CWNvcmUvbGlzdHl3AHckMGFiOTQ4NDktMDVhMy00ZjIyLWJkZmMtM2ViZTE1OTkyZDVkeHdyPGxpPkRlZmluaWNpw7NuIGRlIGxhIGVzdHJ1Y3R1cmEgZGUgc3Ugb3JnYW5pemFjacOzbjogaW5ncmVzYXLDoSBzdXMgZGlmZXJlbnRlcyBlbnRpZGFkZXMgZW4gZm9ybWEgZGUgw6FyYm9sLjwvbGk+dw5jb3JlL2xpc3QtaXRlbXckN2EyMGY5NGEtODAwZC00NjQxLWE0YmUtNTkwOGQ2NWUxNmJmeHehATxsaT5Db25maWRlbmNpYWxpZGFkOiBwdWVkZSBhc2lnbmFyIHVuIGNvbnRhY3RvIGEgdW5hIGVudGlkYWQuIEN1YW5kbyBzZSBjb25lY3RlIGFsIEJhY2tvZmZpY2UsIHRvZG8gbG8gcXVlIGNyZWUgc2UgYXNpZ25hcsOhIGF1dG9tw6F0aWNhbWVudGUgYSBzdSBlbnRpZGFkLjwvbGk+dw5jb3JlL2xpc3QtaXRlbXckYjFmZWRjYzctNTMyYi00ZDBlLTlkYjMtZWJjMzkzODUzNDFkeHf\/AjxsaT5GaWx0cm8gZGUgdmlzdWFsaXphY2nDs246IGN1YW5kbyB1biB1c3VhcmlvIGNvbiBhY2Nlc28gYWwgQmFja29mZmljZSBzZSBjb25lY3RhLCBzb2xvIHZlcsOhIGxhIGluZm9ybWFjacOzbiBkZSBzdSBlbnRpZGFkIHkgZGUgbGFzIGVudGlkYWRlcyAiaGlqYXMiLCBsbyBxdWUgc2UgZGVub21pbmEgdmlzacOzbiBkZXNjZW5kZW50ZTogY29udGFjdG9zLCBhY3RpdmlkYWRlcywgcHJvZHVjdG9zLCBmaW5hbnphcy4gTGEgw7puaWNhIGV4Y2VwY2nDs24gZXMgYSBuaXZlbCBkZSBwcm9kdWN0b3MsIHlhIHF1ZSBwdWVkZSB2ZW5kZXIgcHJvZHVjdG9zIHF1ZSB1c3RlZCBoYXlhIGRlZmluaWRvIGEgbml2ZWwgc3VwZXJpb3IsIHBlcm8gbm8gbW9kaWZpY2FybG9zLjwvbGk+dw5jb3JlL2xpc3QtaXRlbXckMjMxYWU0MmUtMWNjMS00MWEyLWEyNmQtOGYxYWM1YWFjOTdieHd3PHA+RWwgZm9ybXVsYXJpbyBkZSBtZW1icmVzw61hIHNlIGVucmlxdWVjZSBjb24gdW4gY2FtcG8gImVudGlkYWQiIHF1ZSBwZXJtaXRlIGVsZWdpciBlbiBxdcOpIGVudGlkYWQgZGVzZWEgdW5pcnNlLjwvcD53DmNvcmUvcGFyYWdyYXBoeXckMmM5NTA5ODAtYjVjZS00Yzk3LWI4MjEtODEyYWYwYTk5YTZkeHcNPHA+Jm5ic3A7PC9wPncOY29yZS9wYXJhZ3JhcGh5dyQ5YWM4OTNkZC00MmYxLTQwMGItOGQ2ZC0zZmU5ZGI2MDE3ZDB4dzc8aDMgY2xhc3M9IndwLWJsb2NrLWhlYWRpbmciPkRlZmluaXIgc3VzIGVudGlkYWRlczwvaDM+dwxjb3JlL2hlYWRpbmd9A3ckNzg1MThjZDAtZTg1NC00ODk5LWExNDUtZTYyNzE5YThkMjhieHdRPHA+UGFyYSBoYWNlcmxvLCB1dGlsaWNlIGVsIG1lbsO6ICJjb25maWd1cmFjacOzbiIsIHBlc3Rhw7FhICJtaXMgZW50aWRhZGVzIi48L3A+dw5jb3JlL3BhcmFncmFwaHl3JDYxZmFjZGEwLTcxYWUtNDkwZS1iNThjLTkyYTg2NzNjYWVmYnh3rQE8cD5Ob3RhOiBubyBoYXkgbMOtbWl0ZSBlbiBlbCBuw7ptZXJvIGRlIHN1YmVudGlkYWRlczsgcG9yIGVqZW1wbG8sIHB1ZWRlIGRlZmluaXIgdW4gbml2ZWwgZGUgcmVnacOzbiwgbHVlZ28gdW4gc3Vibml2ZWwgZGUgZGVwYXJ0YW1lbnRvIHkgZmluYWxtZW50ZSB1biBuaXZlbCBkZSBjaXVkYWQuPC9wPncOY29yZS9wYXJhZ3JhcGh5dyQxOTIxYzI5Yy1hNjZmLTQxYmYtYmQzOC03OGMyYjZlZTFkZDd4dxE8ZGl2PiZuYnNwOzwvZGl2PncWdGFkdi9jbGFzc2ljLXBhcmFncmFwaHcRPGRpdj4mbmJzcDs8L2Rpdj53JDA4MmMwMDk4LTU4ZjgtNGVmZi04NTA3LTkzYTk1ZmY2NDQ1MXh3rwI8ZmlndXJlIGNsYXNzPSJ3cC1ibG9jay1pbWFnZSBhbGlnbmNlbnRlciBzaXplLWxhcmdlIj48aW1nIHNyYz0iaHR0cHM6Ly93d3cua2FuYW5hcy5jb20vZXMvd3AtY29udGVudC91cGxvYWRzL3NpdGVzLzIxNDMvMjAyNC8wNy9TY3JlZW5zaG90LTIwMjQtMDctMzAtYXQtMTUtNDItMTEtU09BLWNsdWItQ29uZmlndXJhY2lvbi1fLU1pcy1lbnRpZGFkZXMtMTAyNHg2MjYucG5nIiBhbHQ9IiIgY2xhc3M9IndwLWltYWdlLTU1NzIiIHRpdGxlPSJBc29jaWFjacOzbiBjb25maWd1cmFjacOzbiBkZSBlbnRpZGFkZXMiLz48L2ZpZ3VyZT53CmNvcmUvaW1hZ2V3lgFodHRwczovL3d3dy5rYW5hbmFzLmNvbS9lcy93cC1jb250ZW50L3VwbG9hZHMvc2l0ZXMvMjE0My8yMDI0LzA3L1NjcmVlbnNob3QtMjAyNC0wNy0zMC1hdC0xNS00Mi0xMS1TT0EtY2x1Yi1Db25maWd1cmFjaW9uLV8tTWlzLWVudGlkYWRlcy0xMDI0eDYyNi5wbmd3AHcnQXNvY2lhY2nDs24gY29uZmlndXJhY2nDs24gZGUgZW50aWRhZGVzfYRXdwVsYXJnZXcEbm9uZXcGY2VudGVydyQ1MzdiMzlhNi04N2UxLTQ4NTgtOGVkYy05MWEyMzkwMTRmYWF4dw08ZGl2PsKgPC9kaXY+dxZ0YWR2L2NsYXNzaWMtcGFyYWdyYXBodxE8ZGl2PiZuYnNwOzwvZGl2PnckODExNTA0ZTctNWI5NC00MmI5LTg0OTYtYzA2OTA5YTk4YzkzeHcOY29yZS9wYXJhZ3JhcGh5dyQ4MTE1MDRlNy01Yjk0LTQyYjktODQ5Ni1jMDY5MDlhOThjOTN3JGViZWRlMzI5LWJiNTItNDM5ZS04MTU0LTRjN2QzOTlkZDQ2NHebATxwPkthbmFuYXMgcHVlZGUgc2VyIHV0aWxpemFkbyBlbiBlbCBtYXJjbyBkZSBsYSBnZXN0acOzbiBkZSB1bmEgZmVkZXJhY2nDs24gbyBjdWFscXVpZXIgZXN0cnVjdHVyYSBkZSB0aXBvIG11bHRpLXNlY2Npw7NuLCBjb21vIHVuIGNsdWIgcG9saWRlcG9ydGl2by48L3A+dyQ0NDc5ODNlZS1iYThlLTQxMDEtYmU0My01YWI4ZmJlNWQ4ZTJ3AHcUYmNuL2JyZWFkY3J1bWItdHJhaWx3AHcTYnJlYWRjcnVtYmxpc3RfcmRmYXh5eXh3AHcAdwB3AHcAdQB3JDU1ZDYwY2ZhLWM2N2YtNDhlZC1iNmViLTM0YzljNGE3ZDQ4Ynh3SjxkaXYgc3R5bGU9ImhlaWdodDozMHB4IiBhcmlhLWhpZGRlbj0idHJ1ZSIgY2xhc3M9IndwLWJsb2NrLXNwYWNlciI+PC9kaXY+dwtjb3JlL3NwYWNlcncEMzBweHtCeeF+c64AAHtB5dXA8GAAAAGDj7j1CgeoFQA0AAEBAZIB4ggBAQAGAA==\",\"updateId\":219642656}","footnotes":""},"class_list":["post-4805","page","type-page","status-publish"],"aioseo_notices":[],"_links":{"self":[{"href":"https:\/\/www.kananas.com\/es\/wp-json\/wp\/v2\/pages\/4805","targetHints":{"allow":["GET"]}}],"collection":[{"href":"https:\/\/www.kananas.com\/es\/wp-json\/wp\/v2\/pages"}],"about":[{"href":"https:\/\/www.kananas.com\/es\/wp-json\/wp\/v2\/types\/page"}],"author":[{"embeddable":true,"href":"https:\/\/www.kananas.com\/es\/wp-json\/wp\/v2\/users\/1"}],"replies":[{"embeddable":true,"href":"https:\/\/www.kananas.com\/es\/wp-json\/wp\/v2\/comments?post=4805"}],"version-history":[{"count":6,"href":"https:\/\/www.kananas.com\/es\/wp-json\/wp\/v2\/pages\/4805\/revisions"}],"predecessor-version":[{"id":6754,"href":"https:\/\/www.kananas.com\/es\/wp-json\/wp\/v2\/pages\/4805\/revisions\/6754"}],"up":[{"embeddable":true,"href":"https:\/\/www.kananas.com\/es\/wp-json\/wp\/v2\/pages\/4864"}],"wp:attachment":[{"href":"https:\/\/www.kananas.com\/es\/wp-json\/wp\/v2\/media?parent=4805"}],"curies":[{"name":"wp","href":"https:\/\/api.w.org\/{rel}","templated":true}]}}