{"id":4808,"date":"2016-03-16T18:02:05","date_gmt":"2016-03-16T16:02:05","guid":{"rendered":"https:\/\/www.kananas.com\/es\/documentation-19\/web-site\/store\/"},"modified":"2026-05-11T18:34:42","modified_gmt":"2026-05-11T16:34:42","slug":"tienda-online","status":"publish","type":"page","link":"https:\/\/www.kananas.com\/es\/documentation\/sitio-web\/tienda-online\/","title":{"rendered":"Tienda online"},"content":{"rendered":"<div class=\"breadcrumbs align  wp-block-bcn-breadcrumb-trail has-text-color has-background\" vocab=\"https:\/\/schema.org\/\" typeof=\"BreadcrumbList\">\n\t<span><\/span>\n\t<span property=\"itemListElement\" typeof=\"ListItem\"><a property=\"item\" typeof=\"WebPage\" title=\"Aller \u00e0 kananas.\" href=\"https:\/\/www.kananas.com\/es\" class=\"home\" aria-current=\"page\"><span property=\"name\">kananas<\/span><\/a><meta property=\"position\" content=\"1\"><\/span><\/div>\n\n\n\n<div style=\"height:30px\" aria-hidden=\"true\" class=\"wp-block-spacer\"><\/div>\n\n\n\n<p class=\"wp-block-paragraph\">La tienda en l\u00ednea disponible en el <a href=\"https:\/\/www.kananas.com\/es\/documentation\/miembros\/espacio-personal\/\" data-type=\"page\" data-id=\"4905\">espacio personal<\/a> permite ofrecer productos a la venta.<\/p>\n\n\n\n<p class=\"wp-block-paragraph\">Para que un producto se muestre en la tienda, el par\u00e1metro \u00ab\u00a0Ventas en l\u00ednea\u00a0\u00bb del producto debe estar configurado en \u00ab\u00a0s\u00ed\u00a0\u00bb.<\/p>\n\n\n\n<p class=\"wp-block-paragraph\">La descripci\u00f3n del producto se incluir\u00e1 en la tienda, as\u00ed como el precio y las fotos del producto.<\/p>\n\n\n<div class=\"wp-block-image\">\n<figure class=\"aligncenter size-large\"><img loading=\"lazy\" decoding=\"async\" width=\"1024\" height=\"581\" src=\"https:\/\/www.kananas.com\/es\/wp-content\/uploads\/sites\/2143\/2024\/07\/Screenshot-2024-07-30-at-15-16-24-SOA-club-Tienda-jax-teller-1024x581.png\" alt=\"\" class=\"wp-image-5543\" title=\"boutique del sitio de la asociaci\u00f3n\" srcset=\"https:\/\/www.kananas.com\/es\/wp-content\/uploads\/sites\/2143\/2024\/07\/Screenshot-2024-07-30-at-15-16-24-SOA-club-Tienda-jax-teller-1024x581.png 1024w, https:\/\/www.kananas.com\/es\/wp-content\/uploads\/sites\/2143\/2024\/07\/Screenshot-2024-07-30-at-15-16-24-SOA-club-Tienda-jax-teller-300x170.png 300w, https:\/\/www.kananas.com\/es\/wp-content\/uploads\/sites\/2143\/2024\/07\/Screenshot-2024-07-30-at-15-16-24-SOA-club-Tienda-jax-teller-768x436.png 768w, https:\/\/www.kananas.com\/es\/wp-content\/uploads\/sites\/2143\/2024\/07\/Screenshot-2024-07-30-at-15-16-24-SOA-club-Tienda-jax-teller-1536x872.png 1536w, https:\/\/www.kananas.com\/es\/wp-content\/uploads\/sites\/2143\/2024\/07\/Screenshot-2024-07-30-at-15-16-24-SOA-club-Tienda-jax-teller-2048x1163.png 2048w\" sizes=\"auto, (max-width: 1024px) 100vw, 1024px\" \/><\/figure>\n<\/div>\n\n\n<div style=\"height:20px\" aria-hidden=\"true\" class=\"wp-block-spacer\"><\/div>\n\n\n\n<p class=\"wp-block-paragraph\">Obtenemos los detalles del producto haciendo clic en \u00ab\u00a0ver\u00a0\u00bb, para agregar el producto al <a href=\"https:\/\/www.kananas.com\/es\/documentation\/miembros\/bolsa\/\" data-type=\"page\" data-id=\"4837\">bolsa<\/a>, simplemente haz clic en el bot\u00f3n <strong>A\u00f1adir al carrito<\/strong>.<\/p>\n\n\n<div class=\"wp-block-image\">\n<figure class=\"aligncenter size-large\"><img loading=\"lazy\" decoding=\"async\" width=\"1024\" height=\"695\" src=\"https:\/\/www.kananas.com\/es\/wp-content\/uploads\/sites\/2143\/2024\/07\/Screenshot-2024-07-31-at-17-34-33-SOA-club-1024x695.png\" alt=\"\" class=\"wp-image-5621\" srcset=\"https:\/\/www.kananas.com\/es\/wp-content\/uploads\/sites\/2143\/2024\/07\/Screenshot-2024-07-31-at-17-34-33-SOA-club-1024x695.png 1024w, https:\/\/www.kananas.com\/es\/wp-content\/uploads\/sites\/2143\/2024\/07\/Screenshot-2024-07-31-at-17-34-33-SOA-club-300x204.png 300w, https:\/\/www.kananas.com\/es\/wp-content\/uploads\/sites\/2143\/2024\/07\/Screenshot-2024-07-31-at-17-34-33-SOA-club-768x521.png 768w, https:\/\/www.kananas.com\/es\/wp-content\/uploads\/sites\/2143\/2024\/07\/Screenshot-2024-07-31-at-17-34-33-SOA-club-1536x1042.png 1536w, https:\/\/www.kananas.com\/es\/wp-content\/uploads\/sites\/2143\/2024\/07\/Screenshot-2024-07-31-at-17-34-33-SOA-club-2048x1390.png 2048w\" sizes=\"auto, (max-width: 1024px) 100vw, 1024px\" \/><\/figure>\n<\/div>\n\n\n<div style=\"height:20px\" aria-hidden=\"true\" class=\"wp-block-spacer\"><\/div>\n\n\n\n<p class=\"wp-block-paragraph\">Para pagar sus compras, el usuario debe hacer clic en el bot\u00f3n \u00ab\u00a0Pagar\u00a0\u00bb ubicado en la pesta\u00f1a \u00ab\u00a0carrito\u00a0\u00bb de su <a href=\"https:\/\/www.kananas.com\/es\/documentation\/miembros\/espacio-personal\/\" data-type=\"page\" data-id=\"4905\">espacio personal<\/a>. Luego ser\u00e1 redirigido a la p\u00e1gina de <a href=\"https:\/\/www.kananas.com\/es\/documentation\/sitio-web\/pago-en-linea\/\" data-type=\"page\" data-id=\"4855\">pago en l\u00ednea<\/a>.<\/p>\n\n\n<div class=\"wp-block-image\">\n<figure class=\"aligncenter size-large\"><img loading=\"lazy\" decoding=\"async\" width=\"1024\" height=\"672\" src=\"https:\/\/www.kananas.com\/es\/wp-content\/uploads\/sites\/2143\/2024\/07\/Screenshot-2024-07-27-at-16-52-09-SOA-club-Carrito-jax-teller-1024x672.png\" alt=\"\" class=\"wp-image-5435\" srcset=\"https:\/\/www.kananas.com\/es\/wp-content\/uploads\/sites\/2143\/2024\/07\/Screenshot-2024-07-27-at-16-52-09-SOA-club-Carrito-jax-teller-1024x672.png 1024w, https:\/\/www.kananas.com\/es\/wp-content\/uploads\/sites\/2143\/2024\/07\/Screenshot-2024-07-27-at-16-52-09-SOA-club-Carrito-jax-teller-300x197.png 300w, https:\/\/www.kananas.com\/es\/wp-content\/uploads\/sites\/2143\/2024\/07\/Screenshot-2024-07-27-at-16-52-09-SOA-club-Carrito-jax-teller-768x504.png 768w, https:\/\/www.kananas.com\/es\/wp-content\/uploads\/sites\/2143\/2024\/07\/Screenshot-2024-07-27-at-16-52-09-SOA-club-Carrito-jax-teller-1536x1009.png 1536w, https:\/\/www.kananas.com\/es\/wp-content\/uploads\/sites\/2143\/2024\/07\/Screenshot-2024-07-27-at-16-52-09-SOA-club-Carrito-jax-teller-2048x1345.png 2048w\" sizes=\"auto, (max-width: 1024px) 100vw, 1024px\" \/><\/figure>\n<\/div>\n\n\n<div style=\"height:20px\" aria-hidden=\"true\" class=\"wp-block-spacer\"><\/div>\n\n\n\n<p class=\"wp-block-paragraph\">Haz clic en <strong>Pagar el pago<\/strong><\/p>\n\n\n<div class=\"wp-block-image\">\n<figure class=\"aligncenter size-large\"><img loading=\"lazy\" decoding=\"async\" width=\"1024\" height=\"599\" src=\"http:\/\/www.kananas.com\/es\/wp-content\/uploads\/sites\/2143\/2024\/07\/Screenshot-2024-07-26-at-17-33-46-SOA-club-1024x599.png\" alt=\"\" class=\"wp-image-5344\" srcset=\"https:\/\/www.kananas.com\/es\/wp-content\/uploads\/sites\/2143\/2024\/07\/Screenshot-2024-07-26-at-17-33-46-SOA-club-1024x599.png 1024w, https:\/\/www.kananas.com\/es\/wp-content\/uploads\/sites\/2143\/2024\/07\/Screenshot-2024-07-26-at-17-33-46-SOA-club-300x175.png 300w, https:\/\/www.kananas.com\/es\/wp-content\/uploads\/sites\/2143\/2024\/07\/Screenshot-2024-07-26-at-17-33-46-SOA-club-768x449.png 768w, https:\/\/www.kananas.com\/es\/wp-content\/uploads\/sites\/2143\/2024\/07\/Screenshot-2024-07-26-at-17-33-46-SOA-club-1536x898.png 1536w, https:\/\/www.kananas.com\/es\/wp-content\/uploads\/sites\/2143\/2024\/07\/Screenshot-2024-07-26-at-17-33-46-SOA-club-2048x1198.png 2048w\" sizes=\"auto, (max-width: 1024px) 100vw, 1024px\" \/><\/figure>\n<\/div>\n\n\n<div style=\"height:20px\" aria-hidden=\"true\" class=\"wp-block-spacer\"><\/div>\n\n\n\n<p class=\"wp-block-paragraph\">Para obtener m\u00e1s informaci\u00f3n sobre el sitio web<\/p>\n\n\n<ul class=\"wp-block-page-list\"><li class=\"wp-block-pages-list__item\"><a class=\"wp-block-pages-list__item__link\" href=\"https:\/\/www.kananas.com\/es\/documentation\/sitio-web\/membresia-en-linea\/\">Membres\u00eda en l\u00ednea<\/a><\/li><li class=\"wp-block-pages-list__item\"><a class=\"wp-block-pages-list__item__link\" href=\"https:\/\/www.kananas.com\/es\/documentation\/sitio-web\/tienda-online\/\">Tienda online<\/a><\/li><li class=\"wp-block-pages-list__item\"><a class=\"wp-block-pages-list__item__link\" href=\"https:\/\/www.kananas.com\/es\/documentation\/sitio-web\/pago-en-linea\/\">Pago en l\u00ednea<\/a><\/li><li class=\"wp-block-pages-list__item\"><a class=\"wp-block-pages-list__item__link\" href=\"https:\/\/www.kananas.com\/es\/documentation\/sitio-web\/modulos\/\">M\u00f3dulos<\/a><\/li><li class=\"wp-block-pages-list__item\"><a class=\"wp-block-pages-list__item__link\" href=\"https:\/\/www.kananas.com\/es\/documentation\/sitio-web\/directorio\/\">Directorio<\/a><\/li><\/ul>","protected":false},"excerpt":{"rendered":"<p>La tienda en l\u00ednea disponible en el espacio personal permite ofrecer productos a la venta. Para que un producto se muestre en la tienda, el par\u00e1metro \u00ab\u00a0Ventas en l\u00ednea\u00a0\u00bb del producto debe estar configurado en \u00ab\u00a0s\u00ed\u00a0\u00bb. La descripci\u00f3n del producto se incluir\u00e1 en la tienda, as\u00ed como el precio y las fotos del producto. Obtenemos &#8230; <a title=\"Tienda online\" class=\"read-more\" href=\"https:\/\/www.kananas.com\/es\/documentation\/sitio-web\/tienda-online\/\" aria-label=\"En savoir plus sur Tienda online\">Lire la suite<\/a><\/p>\n","protected":false},"author":1,"featured_media":0,"parent":4907,"menu_order":2,"comment_status":"closed","ping_status":"closed","template":"","meta":{"_crdt_document":"{\"document\":\"AAAH3fCdohjeAacBCBwQAwKObwQCAQIKAkJKAKoGAQIKAkJKAIQEAQIKAkJKAJYDAQIKAQVKAB4BAgpKABABAgoCQkoApggBAgoBBEoAHAECCkoAEAECCgJCSgC6DAECCgEESgAcAQIKSgAQAQIKAkJKAKYBAQIKAQRKABwBAgpKABABAgoCQkoAsAEBAgoASuwpgioBAQgASMAqgipCCgbMKgMAAQlKjjEBAgpK6qABAwIJunaYI9yZAQMC9QEoAycABAAnAAQAhAQnACgEJwAoACcABwAoAycBBAAoACcAhwAoAycBBAAoACcAhwAoAycBBAAoACcAhwAoAycAKAEnACgEJwCHACgDJwAoACcAhwAoAycBBAAoACcAhwAoAycAKAEnACgDJwCHACgDJwAoACcAhwAoAycBBAAoACcAhwAoAycAKAEnACgDJwCHACgDJwAoACcAhwAoAycBBAAoACcAhwAoAycAKAEnACgDJwCHACgDJwAoACcAhwAoAycBBAAoACcAhwAoAycAKAEnACgBxwAoAicBKAAnAKgBKAAEAKgCKAvHACgDJwAoACcAxKE3uTVzdGF0ZXZlcnNpb25kb2N1bWVudGRhdGVkb2N1bWVudHNsdWdkb2N1bWVudHN0YXR1c2RvY3VtZW50dGl0bGVUaWVuZGEgb25saW5lZG9jdW1lbnRjb250ZW50PCEtLSB3cDpwYXJhZ3JhcGggLS0+CjxwPkxhIHRpZW5kYSBlbiBsw61uZWEgZGlzcG9uaWJsZSBlbiBlbCA8YSBocmVmPSJodHRwczovL3d3dy5rYW5hbmFzLmNvbS9lcy9kb2N1bWVudGF0aW9uL21pZW1icm9zL2VzcGFjaW8tcGVyc29uYWwvIiBkYXRhLXR5cGU9InBhZ2UiIGRhdGEtaWQ9IjQ5MDUiPmVzcGFjaW8gcGVyc29uYWw8L2E+IHBlcm1pdGUgb2ZyZWNlciBwcm9kdWN0b3MgYSBsYSB2ZW50YS48L3A+CjwhLS0gL3dwOnBhcmFncmFwaCAtLT4KCjwhLS0gd3A6cGFyYWdyYXBoIC0tPgo8cD5QYXJhIHF1ZSB1biBwcm9kdWN0byBzZSBtdWVzdHJlIGVuIGxhIHRpZW5kYSwgZWwgcGFyw6FtZXRybyAiVmVudGFzIGVuIGzDrW5lYSIgZGVsIHByb2R1Y3RvIGRlYmUgZXN0YXIgY29uZmlndXJhZG8gZW4gInPDrSIuPC9wPgo8IS0tIC93cDpwYXJhZ3JhcGggLS0+Cgo8IS0tIHdwOnBhcmFncmFwaCAtLT4KPHA+TGEgZGVzY3JpcGNpw7NuIGRlbCBwcm9kdWN0byBzZSBpbmNsdWlyw6EgZW4gbGEgdGllbmRhLCBhc8OtIGNvbW8gZWwgcHJlY2lvIHkgbGFzIGZvdG9zIGRlbCBwcm9kdWN0by48L3A+CjwhLS0gL3dwOnBhcmFncmFwaCAtLT4KCjwhLS0gd3A6aW1hZ2UgeyJpZCI6NTU0Mywic2l6ZVNsdWciOiJsYXJnZSIsImxpbmtEZXN0aW5hdGlvbiI6Im5vbmUiLCJhbGlnbiI6ImNlbnRlciJ9IC0tPgo8ZmlndXJlIGNsYXNzPSJ3cC1ibG9jay1pbWFnZSBhbGlnbmNlbnRlciBzaXplLWxhcmdlIj48aW1nIHNyYz0iaHR0cHM6Ly93d3cua2FuYW5hcy5jb20vZXMvd3AtY29udGVudC91cGxvYWRzL3NpdGVzLzIxNDMvMjAyNC8wNy9TY3JlZW5zaG90LTIwMjQtMDctMzAtYXQtMTUtMTYtMjQtU09BLWNsdWItVGllbmRhLWpheC10ZWxsZXItMTAyNHg1ODEucG5nIiBhbHQ9IiIgY2xhc3M9IndwLWltYWdlLTU1NDMiIHRpdGxlPSJib3V0aXF1ZSBkZWwgc2l0aW8gZGUgbGEgYXNvY2lhY2nDs24iLz48L2ZpZ3VyZT4KPCEtLSAvd3A6aW1hZ2UgLS0+Cgo8IS0tIHdwOnNwYWNlciB7ImhlaWdodCI6IjIwcHgifSAtLT4KPGRpdiBzdHlsZT0iaGVpZ2h0OjIwcHgiIGFyaWEtaGlkZGVuPSJ0cnVlIiBjbGFzcz0id3AtYmxvY2stc3BhY2VyIj48L2Rpdj4KPCEtLSAvd3A6c3BhY2VyIC0tPgoKPCEtLSB3cDpwYXJhZ3JhcGggLS0+CjxwPk9idGVuZW1vcyBsb3MgZGV0YWxsZXMgZGVsIHByb2R1Y3RvIGhhY2llbmRvIGNsaWMgZW4gInZlciIsIHBhcmEgYWdyZWdhciBlbCBwcm9kdWN0byBhbCA8YSBocmVmPSJodHRwczovL3d3dy5rYW5hbmFzLmNvbS9lcy9kb2N1bWVudGF0aW9uL21pZW1icm9zL2JvbHNhLyIgZGF0YS10eXBlPSJwYWdlIiBkYXRhLWlkPSI0ODM3Ij5ib2xzYTwvYT4sIHNpbXBsZW1lbnRlIGhheiBjbGljIGVuIGVsIGJvdMOzbiA8c3Ryb25nPkHDsWFkaXIgYWwgY2Fycml0bzwvc3Ryb25nPi48L3A+CjwhLS0gL3dwOnBhcmFncmFwaCAtLT4KCjwhLS0gd3A6aW1hZ2UgeyJpZCI6NTYyMSwic2l6ZVNsdWciOiJsYXJnZSIsImxpbmtEZXN0aW5hdGlvbiI6Im5vbmUiLCJhbGlnbiI6ImNlbnRlciJ9IC0tPgo8ZmlndXJlIGNsYXNzPSJ3cC1ibG9jay1pbWFnZSBhbGlnbmNlbnRlciBzaXplLWxhcmdlIj48aW1nIHNyYz0iaHR0cHM6Ly93d3cua2FuYW5hcy5jb20vZXMvd3AtY29udGVudC91cGxvYWRzL3NpdGVzLzIxNDMvMjAyNC8wNy9TY3JlZW5zaG90LTIwMjQtMDctMzEtYXQtMTctMzQtMzMtU09BLWNsdWItMTAyNHg2OTUucG5nIiBhbHQ9IiIgY2xhc3M9IndwLWltYWdlLTU2MjEiLz48L2ZpZ3VyZT4KPCEtLSAvd3A6aW1hZ2UgLS0+Cgo8IS0tIHdwOnNwYWNlciB7ImhlaWdodCI6IjIwcHgifSAtLT4KPGRpdiBzdHlsZT0iaGVpZ2h0OjIwcHgiIGFyaWEtaGlkZGVuPSJ0cnVlIiBjbGFzcz0id3AtYmxvY2stc3BhY2VyIj48L2Rpdj4KPCEtLSAvd3A6c3BhY2VyIC0tPgoKPCEtLSB3cDpwYXJhZ3JhcGggLS0+CjxwPlBhcmEgcGFnYXIgc3VzIGNvbXByYXMsIGVsIHVzdWFyaW8gZGViZSBoYWNlciBjbGljIGVuIGVsIGJvdMOzbiAiUGFnYXIiIHViaWNhZG8gZW4gbGEgcGVzdGHDsWEgImNhcnJpdG8iIGRlIHN1IDxhIGhyZWY9Imh0dHBzOi8vd3d3LmthbmFuYXMuY29tL2VzL2RvY3VtZW50YXRpb24vbWllbWJyb3MvZXNwYWNpby1wZXJzb25hbC8iIGRhdGEtdHlwZT0icGFnZSIgZGF0YS1pZD0iNDkwNSI+ZXNwYWNpbyBwZXJzb25hbDwvYT4uIEx1ZWdvIHNlcsOhIHJlZGlyaWdpZG8gYSBsYSBww6FnaW5hIGRlIDxhIGhyZWY9Imh0dHBzOi8vd3d3LmthbmFuYXMuY29tL2VzL2RvY3VtZW50YXRpb24vc2l0aW8td2ViL3BhZ28tZW4tbGluZWEvIiBkYXRhLXR5cGU9InBhZ2UiIGRhdGEtaWQ9IjQ4NTUiPnBhZ28gZW4gbMOtbmVhPC9hPi48L3A+CjwhLS0gL3dwOnBhcmFncmFwaCAtLT4KCjwhLS0gd3A6aW1hZ2UgeyJpZCI6NTQzNSwic2l6ZVNsdWciOiJsYXJnZSIsImxpbmtEZXN0aW5hdGlvbiI6Im5vbmUiLCJhbGlnbiI6ImNlbnRlciJ9IC0tPgo8ZmlndXJlIGNsYXNzPSJ3cC1ibG9jay1pbWFnZSBhbGlnbmNlbnRlciBzaXplLWxhcmdlIj48aW1nIHNyYz0iaHR0cHM6Ly93d3cua2FuYW5hcy5jb20vZXMvd3AtY29udGVudC91cGxvYWRzL3NpdGVzLzIxNDMvMjAyNC8wNy9TY3JlZW5zaG90LTIwMjQtMDctMjctYXQtMTYtNTItMDktU09BLWNsdWItQ2Fycml0by1qYXgtdGVsbGVyLTEwMjR4NjcyLnBuZyIgYWx0PSIiIGNsYXNzPSJ3cC1pbWFnZS01NDM1Ii8+PC9maWd1cmU+CjwhLS0gL3dwOmltYWdlIC0tPgoKPCEtLSB3cDpzcGFjZXIgeyJoZWlnaHQiOiIyMHB4In0gLS0+CjxkaXYgc3R5bGU9ImhlaWdodDoyMHB4IiBhcmlhLWhpZGRlbj0idHJ1ZSIgY2xhc3M9IndwLWJsb2NrLXNwYWNlciI+PC9kaXY+CjwhLS0gL3dwOnNwYWNlciAtLT4KCjwhLS0gd3A6cGFyYWdyYXBoIC0tPgo8cD5IYXogY2xpYyBlbiA8c3Ryb25nPlBhZ2FyIGVsIHBhZ288L3N0cm9uZz48L3A+CjwhLS0gL3dwOnBhcmFncmFwaCAtLT4KCjwhLS0gd3A6aW1hZ2UgeyJpZCI6NTM0NCwic2l6ZVNsdWciOiJsYXJnZSIsImxpbmtEZXN0aW5hdGlvbiI6Im5vbmUiLCJhbGlnbiI6ImNlbnRlciJ9IC0tPgo8ZmlndXJlIGNsYXNzPSJ3cC1ibG9jay1pbWFnZSBhbGlnbmNlbnRlciBzaXplLWxhcmdlIj48aW1nIHNyYz0iaHR0cDovL3d3dy5rYW5hbmFzLmNvbS9lcy93cC1jb250ZW50L3VwbG9hZHMvc2l0ZXMvMjE0My8yMDI0LzA3L1NjcmVlbnNob3QtMjAyNC0wNy0yNi1hdC0xNy0zMy00Ni1TT0EtY2x1Yi0xMDI0eDU5OS5wbmciIGFsdD0iIiBjbGFzcz0id3AtaW1hZ2UtNTM0NCIvPjwvZmlndXJlPgo8IS0tIC93cDppbWFnZSAtLT4KCjwhLS0gd3A6c3BhY2VyIHsiaGVpZ2h0IjoiMjBweCJ9IC0tPgo8ZGl2IHN0eWxlPSJoZWlnaHQ6MjBweCIgYXJpYS1oaWRkZW49InRydWUiIGNsYXNzPSJ3cC1ibG9jay1zcGFjZXIiPjwvZGl2Pgo8IS0tIC93cDpzcGFjZXIgLS0+Cgo8IS0tIHdwOnBhcmFncmFwaCAtLT4KPHA+UGFyYSBvYnRlbmVyIG3DoXMgaW5mb3JtYWNpw7NuIHNvYnJlIGVsIHNpdGlvIHdlYjwvcD4KPCEtLSAvd3A6cGFyYWdyYXBoIC0tPgoKPCEtLSB3cDpwYWdlLWxpc3QgeyJwYXJlbnRQYWdlSUQiOjQ5MDd9IC8tLT5kb2N1bWVudGV4Y2VycHRkb2N1bWVudGF1dGhvcmRvY3VtZW50ZmVhdHVyZWRfbWVkaWFkb2N1bWVudGNvbW1lbnRfc3RhdHVzZG9jdW1lbnRwaW5nX3N0YXR1c2RvY3VtZW50dGVtcGxhdGVkb2N1bWVudG1ldGFmb290bm90ZXNkb2N1bWVudGJsb2Nrc2NsaWVudElkaXNWYWxpZG9yaWdpbmFsQ29udGVudG5hbWVhdHRyaWJ1dGVzY29udGVudExhIHRpZW5kYSBlbiBsw61uZWEgZGlzcG9uaWJsZSBlbiBlbCA8YSBocmVmPSJodHRwczovL3d3dy5rYW5hbmFzLmNvbS9lcy9kb2N1bWVudGF0aW9uL21pZW1icm9zL2VzcGFjaW8tcGVyc29uYWwvIiBkYXRhLXR5cGU9InBhZ2UiIGRhdGEtaWQ9IjQ5MDUiPmVzcGFjaW8gcGVyc29uYWw8L2E+IHBlcm1pdGUgb2ZyZWNlciBwcm9kdWN0b3MgYSBsYSB2ZW50YS5kcm9wQ2FwaW5uZXJCbG9ja3NjbGllbnRJZGlzVmFsaWRvcmlnaW5hbENvbnRlbnRuYW1lYXR0cmlidXRlc2NvbnRlbnRQYXJhIHF1ZSB1biBwcm9kdWN0byBzZSBtdWVzdHJlIGVuIGxhIHRpZW5kYSwgZWwgcGFyw6FtZXRybyAiVmVudGFzIGVuIGzDrW5lYSIgZGVsIHByb2R1Y3RvIGRlYmUgZXN0YXIgY29uZmlndXJhZG8gZW4gInPDrSIuZHJvcENhcGlubmVyQmxvY2tzY2xpZW50SWRpc1ZhbGlkb3JpZ2luYWxDb250ZW50bmFtZWF0dHJpYnV0ZXNjb250ZW50TGEgZGVzY3JpcGNpw7NuIGRlbCBwcm9kdWN0byBzZSBpbmNsdWlyw6EgZW4gbGEgdGllbmRhLCBhc8OtIGNvbW8gZWwgcHJlY2lvIHkgbGFzIGZvdG9zIGRlbCBwcm9kdWN0by5kcm9wQ2FwaW5uZXJCbG9ja3NjbGllbnRJZGlzVmFsaWRvcmlnaW5hbENvbnRlbnRuYW1lYXR0cmlidXRlc3VybGFsdGNhcHRpb250aXRsZWlkc2l6ZVNsdWdsaW5rRGVzdGluYXRpb25hbGlnbmlubmVyQmxvY2tzY2xpZW50SWRpc1ZhbGlkb3JpZ2luYWxDb250ZW50bmFtZWF0dHJpYnV0ZXNoZWlnaHRpbm5lckJsb2Nrc2NsaWVudElkaXNWYWxpZG9yaWdpbmFsQ29udGVudG5hbWVhdHRyaWJ1dGVzY29udGVudE9idGVuZW1vcyBsb3MgZGV0YWxsZXMgZGVsIHByb2R1Y3RvIGhhY2llbmRvIGNsaWMgZW4gInZlciIsIHBhcmEgYWdyZWdhciBlbCBwcm9kdWN0byBhbCA8YSBocmVmPSJodHRwczovL3d3dy5rYW5hbmFzLmNvbS9lcy9kb2N1bWVudGF0aW9uL21pZW1icm9zL2JvbHNhLyIgZGF0YS10eXBlPSJwYWdlIiBkYXRhLWlkPSI0ODM3Ij5ib2xzYTwvYT4sIHNpbXBsZW1lbnRlIGhheiBjbGljIGVuIGVsIGJvdMOzbiA8c3Ryb25nPkHDsWFkaXIgYWwgY2Fycml0bzwvc3Ryb25nPi5kcm9wQ2FwaW5uZXJCbG9ja3NjbGllbnRJZGlzVmFsaWRvcmlnaW5hbENvbnRlbnRuYW1lYXR0cmlidXRlc3VybGFsdGNhcHRpb25pZHNpemVTbHVnbGlua0Rlc3RpbmF0aW9uYWxpZ25pbm5lckJsb2Nrc2NsaWVudElkaXNWYWxpZG9yaWdpbmFsQ29udGVudG5hbWVhdHRyaWJ1dGVzaGVpZ2h0aW5uZXJCbG9ja3NjbGllbnRJZGlzVmFsaWRvcmlnaW5hbENvbnRlbnRuYW1lYXR0cmlidXRlc2NvbnRlbnRQYXJhIHBhZ2FyIHN1cyBjb21wcmFzLCBlbCB1c3VhcmlvIGRlYmUgaGFjZXIgY2xpYyBlbiBlbCBib3TDs24gIlBhZ2FyIiB1YmljYWRvIGVuIGxhIHBlc3Rhw7FhICJjYXJyaXRvIiBkZSBzdSA8YSBocmVmPSJodHRwczovL3d3dy5rYW5hbmFzLmNvbS9lcy9kb2N1bWVudGF0aW9uL21pZW1icm9zL2VzcGFjaW8tcGVyc29uYWwvIiBkYXRhLXR5cGU9InBhZ2UiIGRhdGEtaWQ9IjQ5MDUiPmVzcGFjaW8gcGVyc29uYWw8L2E+LiBMdWVnbyBzZXLDoSByZWRpcmlnaWRvIGEgbGEgcMOhZ2luYSBkZSA8YSBocmVmPSJodHRwczovL3d3dy5rYW5hbmFzLmNvbS9lcy9kb2N1bWVudGF0aW9uL3NpdGlvLXdlYi9wYWdvLWVuLWxpbmVhLyIgZGF0YS10eXBlPSJwYWdlIiBkYXRhLWlkPSI0ODU1Ij5wYWdvIGVuIGzDrW5lYTwvYT4uZHJvcENhcGlubmVyQmxvY2tzY2xpZW50SWRpc1ZhbGlkb3JpZ2luYWxDb250ZW50bmFtZWF0dHJpYnV0ZXN1cmxhbHRjYXB0aW9uaWRzaXplU2x1Z2xpbmtEZXN0aW5hdGlvbmFsaWduaW5uZXJCbG9ja3NjbGllbnRJZGlzVmFsaWRvcmlnaW5hbENvbnRlbnRuYW1lYXR0cmlidXRlc2hlaWdodGlubmVyQmxvY2tzY2xpZW50SWRpc1ZhbGlkb3JpZ2luYWxDb250ZW50bmFtZWF0dHJpYnV0ZXNjb250ZW50SGF6IGNsaWMgZW4gPHN0cm9uZz5QYWdhciBlbCBwYWdvPC9zdHJvbmc+ZHJvcENhcGlubmVyQmxvY2tzY2xpZW50SWRpc1ZhbGlkb3JpZ2luYWxDb250ZW50bmFtZWF0dHJpYnV0ZXN1cmxhbHRjYXB0aW9uaWRzaXplU2x1Z2xpbmtEZXN0aW5hdGlvbmFsaWduaW5uZXJCbG9ja3NjbGllbnRJZGlzVmFsaWRvcmlnaW5hbENvbnRlbnRuYW1lYXR0cmlidXRlc2hlaWdodGlubmVyQmxvY2tzY2xpZW50SWRpc1ZhbGlkb3JpZ2luYWxDb250ZW50bmFtZWF0dHJpYnV0ZXNjb250ZW50UGFyYSBvYnRlbmVyIG3DoXMgaW5mb3JtYWNpw7NuIHNvYnJlIGVsIHNpdGlvIHdlYmRyb3BDYXBpbm5lckJsb2Nrc2NsaWVudElkaXNWYWxpZG9yaWdpbmFsQ29udGVudG5hbWVhdHRyaWJ1dGVzcGFyZW50UGFnZUlEaXNOZXN0ZWRpbm5lckJsb2Nrc3N0YXRlc2F2ZWRBdHN0YXRlc2F2ZWRCeWNsaWVudElkaXNWYWxpZG5hbWVhdHRyaWJ1dGVzY29udGVudGRyb3BDYXBpbm5lckJsb2Nrc29yaWdpbmFsQ29udGVudExhIHRpZW5kYSBlbiBsw61uZWEgZGlzcG9uaWJsZSBlbiBlbCA8YSBocmVmPSJodHRwczovL3d3dy5rYW5hbmFzLmNvbS9lcy9kb2N1bWVudGF0aW9uL21pZW1icm9zL2VzcGFjaW8tcGVyc29uYWwvIiBkYXRhLXR5cGU9InBhZ2UiIGRhdGEtaWQ9IjQ5MDUiPmVzcGFjaW8gcGVyc29uYWw8L2E+IHBlcm1pdGUgb2ZyZWNlciBwcm9kdWN0b3MgYSBsYSB2ZW50YS5wcmV0ZXh0Zm9ybWF0bGlua3JldmVyc2VPcmRlcmhpZGVvbkhvbWVpZ25vcmVDYWNoZXRleHRDb2xvcmJhY2tncm91bmRDb2xvcmFsaWdudHlwb2dyYXBoeWZvbnRTaXplc3R5bGVjbGllbnRJZGlzVmFsaWRvcmlnaW5hbENvbnRlbnRuYW1lYXR0cmlidXRlc2hlaWdodGlubmVyQmxvY2tzYmNuL2JyZWFkY3J1bWItdHJhaWwgLy0tPgoKPCEtLSB3OnNwY2UgeyJoZWlnaHQiOiIzMHB4In0gLS0+CjxkaXYgc3R5bGU9ImhlaWdodDozMHB4IiByaWEtaGlkZGVuPSJ0cnVlIiBjbGFzcz0id3AtYmxvY2stc3BhY2VyIj48L2Rpdj4KPCEtLSAvd3A6c3BhY2VyIC0tPgoKPCEtLSB3cDpwYXJhBQcIBAgECAYIBQ0IBwhBAqA3CAcIBggOCA4IC0gBBAkIBggHDwQKB4wDBwsIBw8ECge5AQcLCAcPBAoHogEHCwgHDwQKQwAHBQIIDwULCAcPBAoGCwgHDwQKB4oEBwsIBw8ECkMABwIIDwULCAcPBAoGCwgHDwQKB5QGBwsIBw8ECkMABwIIDwULCAcPBAoGCwgHDwQKByoHCwgHDwQKQwAHAggPBQsIBw8ECgYLCAcPBAoHLwcLCAcPBAoMCAsFBwUHCAcECkcACw+MAwcGBAwKCwkPBQoIBQgHDwQKBgshAwIwkgEUAQQAAAEAAAABBgAAAQAAmAEBAQBGQgEBAEEAAgBBAAIAQQACAEEAAgBBAABBAAIAQQACAEEAAEEAAgBBAAIAQQAAQQACAEEAAgBBAABBAAIAQQAAQQACAEEAAANBiwEB6AEAfQF3EzIwMTYtMDMtMTZUMTg6MDI6MDV3DXRpZW5kYS1vbmxpbmV3B3B1Ymxpc2h9AX0AdwZjbG9zZWR3BmNsb3NlZHcAdwB3JGJkZTBkNDk5LWE3MzMtNDIzYi1hYWZmLWI3MDQ3MTIxMDllNXh31AE8cD5MYSB0aWVuZGEgZW4gbMOtbmVhIGRpc3BvbmlibGUgZW4gZWwgPGEgaHJlZj0iaHR0cHM6Ly93d3cua2FuYW5hcy5jb20vZXMvZG9jdW1lbnRhdGlvbi9taWVtYnJvcy9lc3BhY2lvLXBlcnNvbmFsLyIgZGF0YS10eXBlPSJwYWdlIiBkYXRhLWlkPSI0OTA1Ij5lc3BhY2lvIHBlcnNvbmFsPC9hPiBwZXJtaXRlIG9mcmVjZXIgcHJvZHVjdG9zIGEgbGEgdmVudGEuPC9wPncOY29yZS9wYXJhZ3JhcGh5dyRkNTY3YTViOS02YzVmLTRlNDUtODAyOS1lN2Y4ZDc5ZmNiZjZ4d4MBPHA+UGFyYSBxdWUgdW4gcHJvZHVjdG8gc2UgbXVlc3RyZSBlbiBsYSB0aWVuZGEsIGVsIHBhcsOhbWV0cm8gIlZlbnRhcyBlbiBsw61uZWEiIGRlbCBwcm9kdWN0byBkZWJlIGVzdGFyIGNvbmZpZ3VyYWRvIGVuICJzw60iLjwvcD53DmNvcmUvcGFyYWdyYXBoeXckNmM3MzhkOWEtYTZjZi00YjIyLWFmNjUtZTE1Mzk1YmFiN2JieHdsPHA+TGEgZGVzY3JpcGNpw7NuIGRlbCBwcm9kdWN0byBzZSBpbmNsdWlyw6EgZW4gbGEgdGllbmRhLCBhc8OtIGNvbW8gZWwgcHJlY2lvIHkgbGFzIGZvdG9zIGRlbCBwcm9kdWN0by48L3A+dw5jb3JlL3BhcmFncmFwaHl3JGYwNzdmNDY1LTZjY2QtNDQwOS04MzJjLWZmZmMwYzZhNTQxM3h3oAI8ZmlndXJlIGNsYXNzPSJ3cC1ibG9jay1pbWFnZSBhbGlnbmNlbnRlciBzaXplLWxhcmdlIj48aW1nIHNyYz0iaHR0cHM6Ly93d3cua2FuYW5hcy5jb20vZXMvd3AtY29udGVudC91cGxvYWRzL3NpdGVzLzIxNDMvMjAyNC8wNy9TY3JlZW5zaG90LTIwMjQtMDctMzAtYXQtMTUtMTYtMjQtU09BLWNsdWItVGllbmRhLWpheC10ZWxsZXItMTAyNHg1ODEucG5nIiBhbHQ9IiIgY2xhc3M9IndwLWltYWdlLTU1NDMiIHRpdGxlPSJib3V0aXF1ZSBkZWwgc2l0aW8gZGUgbGEgYXNvY2lhY2nDs24iLz48L2ZpZ3VyZT53CmNvcmUvaW1hZ2V3igFodHRwczovL3d3dy5rYW5hbmFzLmNvbS9lcy93cC1jb250ZW50L3VwbG9hZHMvc2l0ZXMvMjE0My8yMDI0LzA3L1NjcmVlbnNob3QtMjAyNC0wNy0zMC1hdC0xNS0xNi0yNC1TT0EtY2x1Yi1UaWVuZGEtamF4LXRlbGxlci0xMDI0eDU4MS5wbmd3AHckYm91dGlxdWUgZGVsIHNpdGlvIGRlIGxhIGFzb2NpYWNpw7NufadWdwVsYXJnZXcEbm9uZXcGY2VudGVydyRkNDA2ZjE4OS1iNDZhLTQ2MGUtYTA0My02MzRmYjEyZTc5ODd4d0o8ZGl2IHN0eWxlPSJoZWlnaHQ6MjBweCIgYXJpYS1oaWRkZW49InRydWUiIGNsYXNzPSJ3cC1ibG9jay1zcGFjZXIiPjwvZGl2PncLY29yZS9zcGFjZXJ3BDIwcHh3JDJhZjE2ZWM0LWU1YzUtNDgxOS05NDg1LTUwMjY0N2RiZDFjZHh3kwI8cD5PYnRlbmVtb3MgbG9zIGRldGFsbGVzIGRlbCBwcm9kdWN0byBoYWNpZW5kbyBjbGljIGVuICJ2ZXIiLCBwYXJhIGFncmVnYXIgZWwgcHJvZHVjdG8gYWwgPGEgaHJlZj0iaHR0cHM6Ly93d3cua2FuYW5hcy5jb20vZXMvZG9jdW1lbnRhdGlvbi9taWVtYnJvcy9ib2xzYS8iIGRhdGEtdHlwZT0icGFnZSIgZGF0YS1pZD0iNDgzNyI+Ym9sc2E8L2E+LCBzaW1wbGVtZW50ZSBoYXogY2xpYyBlbiBlbCBib3TDs24gPHN0cm9uZz5Bw7FhZGlyIGFsIGNhcnJpdG88L3N0cm9uZz4uPC9wPncOY29yZS9wYXJhZ3JhcGh5dyQ0OTc3MTBiZC0xMjViLTQwNGUtYmMxMS1kYWUxMTcxOTk0ZmF4d+EBPGZpZ3VyZSBjbGFzcz0id3AtYmxvY2staW1hZ2UgYWxpZ25jZW50ZXIgc2l6ZS1sYXJnZSI+PGltZyBzcmM9Imh0dHBzOi8vd3d3LmthbmFuYXMuY29tL2VzL3dwLWNvbnRlbnQvdXBsb2Fkcy9zaXRlcy8yMTQzLzIwMjQvMDcvU2NyZWVuc2hvdC0yMDI0LTA3LTMxLWF0LTE3LTM0LTMzLVNPQS1jbHViLTEwMjR4Njk1LnBuZyIgYWx0PSIiIGNsYXNzPSJ3cC1pbWFnZS01NjIxIi8+PC9maWd1cmU+dwpjb3JlL2ltYWdld3hodHRwczovL3d3dy5rYW5hbmFzLmNvbS9lcy93cC1jb250ZW50L3VwbG9hZHMvc2l0ZXMvMjE0My8yMDI0LzA3L1NjcmVlbnNob3QtMjAyNC0wNy0zMS1hdC0xNy0zNC0zMy1TT0EtY2x1Yi0xMDI0eDY5NS5wbmd3AH21V3cFbGFyZ2V3BG5vbmV3BmNlbnRlcnckYzhlNjA3MWYtOWJmYS00NDQxLWIzNjAtNzM5MGY3YzA5MzUweHdKPGRpdiBzdHlsZT0iaGVpZ2h0OjIwcHgiIGFyaWEtaGlkZGVuPSJ0cnVlIiBjbGFzcz0id3AtYmxvY2stc3BhY2VyIj48L2Rpdj53C2NvcmUvc3BhY2VydwQyMHB4dyQ5ODhiNzMyNi1iZjM2LTRiNmItOWYyZi1kYzI0YjBkZGU1OTJ4d6ADPHA+UGFyYSBwYWdhciBzdXMgY29tcHJhcywgZWwgdXN1YXJpbyBkZWJlIGhhY2VyIGNsaWMgZW4gZWwgYm90w7NuICJQYWdhciIgdWJpY2FkbyBlbiBsYSBwZXN0YcOxYSAiY2Fycml0byIgZGUgc3UgPGEgaHJlZj0iaHR0cHM6Ly93d3cua2FuYW5hcy5jb20vZXMvZG9jdW1lbnRhdGlvbi9taWVtYnJvcy9lc3BhY2lvLXBlcnNvbmFsLyIgZGF0YS10eXBlPSJwYWdlIiBkYXRhLWlkPSI0OTA1Ij5lc3BhY2lvIHBlcnNvbmFsPC9hPi4gTHVlZ28gc2Vyw6EgcmVkaXJpZ2lkbyBhIGxhIHDDoWdpbmEgZGUgPGEgaHJlZj0iaHR0cHM6Ly93d3cua2FuYW5hcy5jb20vZXMvZG9jdW1lbnRhdGlvbi9zaXRpby13ZWIvcGFnby1lbi1saW5lYS8iIGRhdGEtdHlwZT0icGFnZSIgZGF0YS1pZD0iNDg1NSI+cGFnbyBlbiBsw61uZWE8L2E+LjwvcD53DmNvcmUvcGFyYWdyYXBoeXckZjc5MTgyMGItZDgwMS00ZjhhLTgyZjEtZWZjYjlhMzFkY2YyeHf0ATxmaWd1cmUgY2xhc3M9IndwLWJsb2NrLWltYWdlIGFsaWduY2VudGVyIHNpemUtbGFyZ2UiPjxpbWcgc3JjPSJodHRwczovL3d3dy5rYW5hbmFzLmNvbS9lcy93cC1jb250ZW50L3VwbG9hZHMvc2l0ZXMvMjE0My8yMDI0LzA3L1NjcmVlbnNob3QtMjAyNC0wNy0yNy1hdC0xNi01Mi0wOS1TT0EtY2x1Yi1DYXJyaXRvLWpheC10ZWxsZXItMTAyNHg2NzIucG5nIiBhbHQ9IiIgY2xhc3M9IndwLWltYWdlLTU0MzUiLz48L2ZpZ3VyZT53CmNvcmUvaW1hZ2V3iwFodHRwczovL3d3dy5rYW5hbmFzLmNvbS9lcy93cC1jb250ZW50L3VwbG9hZHMvc2l0ZXMvMjE0My8yMDI0LzA3L1NjcmVlbnNob3QtMjAyNC0wNy0yNy1hdC0xNi01Mi0wOS1TT0EtY2x1Yi1DYXJyaXRvLWpheC10ZWxsZXItMTAyNHg2NzIucG5ndwB9u1R3BWxhcmdldwRub25ldwZjZW50ZXJ3JGNjYTFmYjc4LTY2YmUtNDdjNi04MmM5LTVjOTFiMjY2ZDM5NXh3SjxkaXYgc3R5bGU9ImhlaWdodDoyMHB4IiBhcmlhLWhpZGRlbj0idHJ1ZSIgY2xhc3M9IndwLWJsb2NrLXNwYWNlciI+PC9kaXY+dwtjb3JlL3NwYWNlcncEMjBweHckNGM2MDNkNTctMDU5ZC00Yzc4LTlmNDYtMGM0YjI0ZTRjOTg2eHcxPHA+SGF6IGNsaWMgZW4gPHN0cm9uZz5QYWdhciBlbCBwYWdvPC9zdHJvbmc+PC9wPncOY29yZS9wYXJhZ3JhcGh5dyRlMTQ2MDJlZC0wNTY1LTRkNmYtYjhiOC1mZDUzOTg3Nzc2M2J4d+ABPGZpZ3VyZSBjbGFzcz0id3AtYmxvY2staW1hZ2UgYWxpZ25jZW50ZXIgc2l6ZS1sYXJnZSI+PGltZyBzcmM9Imh0dHA6Ly93d3cua2FuYW5hcy5jb20vZXMvd3AtY29udGVudC91cGxvYWRzL3NpdGVzLzIxNDMvMjAyNC8wNy9TY3JlZW5zaG90LTIwMjQtMDctMjYtYXQtMTctMzMtNDYtU09BLWNsdWItMTAyNHg1OTkucG5nIiBhbHQ9IiIgY2xhc3M9IndwLWltYWdlLTUzNDQiLz48L2ZpZ3VyZT53CmNvcmUvaW1hZ2V3d2h0dHA6Ly93d3cua2FuYW5hcy5jb20vZXMvd3AtY29udGVudC91cGxvYWRzL3NpdGVzLzIxNDMvMjAyNC8wNy9TY3JlZW5zaG90LTIwMjQtMDctMjYtYXQtMTctMzMtNDYtU09BLWNsdWItMTAyNHg1OTkucG5ndwB9oFN3BWxhcmdldwRub25ldwZjZW50ZXJ3JDNmM2M0NjMyLTk4NGItNDkyMi1hNTY0LWExYTU4NzY4ZDk3M3h3SjxkaXYgc3R5bGU9ImhlaWdodDoyMHB4IiBhcmlhLWhpZGRlbj0idHJ1ZSIgY2xhc3M9IndwLWJsb2NrLXNwYWNlciI+PC9kaXY+dwtjb3JlL3NwYWNlcncEMjBweHckN2M4NjQ2Y2MtZDc0ZC00ZTBiLWFhMTYtN2QxYWZmNDI2YWJieHc4PHA+UGFyYSBvYnRlbmVyIG3DoXMgaW5mb3JtYWNpw7NuIHNvYnJlIGVsIHNpdGlvIHdlYjwvcD53DmNvcmUvcGFyYWdyYXBoeXckYzE1Y2I1MzktMTU3YS00OGE4LTkyNzktMGI1YWYyOTQ4NDdieHcAdw5jb3JlL3BhZ2UtbGlzdH2rTHl7Qnnhfj6qgAB7QehEd4OgAAB3JDAxYTZhNTBmLTAwNTMtNDA1YS1hZWU1LTFjZmU1NWE2ZjcyYXh3DmNvcmUvcGFyYWdyYXBoeXckMDFhNmE1MGYtMDA1My00MDVhLWFlZTUtMWNmZTU1YTZmNzJhdyQyMzQ3NzRhNi1lMDliLTQ5MDMtYTY5OS0wYmRiMDMyZTM1YTV31AE8cD5MYSB0aWVuZGEgZW4gbMOtbmVhIGRpc3BvbmlibGUgZW4gZWwgPGEgaHJlZj0iaHR0cHM6Ly93d3cua2FuYW5hcy5jb20vZXMvZG9jdW1lbnRhdGlvbi9taWVtYnJvcy9lc3BhY2lvLXBlcnNvbmFsLyIgZGF0YS10eXBlPSJwYWdlIiBkYXRhLWlkPSI0OTA1Ij5lc3BhY2lvIHBlcnNvbmFsPC9hPiBwZXJtaXRlIG9mcmVjZXIgcHJvZHVjdG9zIGEgbGEgdmVudGEuPC9wPnckYWZjNzE5OWUtZWNkNy00YWMxLWI1NGQtZDIyNTk1MjUwMDYxdwB3FGJjbi9icmVhZGNydW1iLXRyYWlsdwB3E2JyZWFkY3J1bWJsaXN0X3JkZmF4eXl4dwB3AHcAdwB3AHUAdyQ5MWQxYWZmMS0wZDc1LTQ2NjctODRlZC0wOTQwNDYzMTA5MDN4d0o8ZGl2IHN0eWxlPSJoZWlnaHQ6MzBweCIgYXJpYS1oaWRkZW49InRydWUiIGNsYXNzPSJ3cC1ibG9jay1zcGFjZXIiPjwvZGl2PncLY29yZS9zcGFjZXJ3BDMwcHgBnfiOkQwFiRwAAQEBzQHuCAAGAA==\",\"updateId\":87938704}","footnotes":""},"class_list":["post-4808","page","type-page","status-publish"],"aioseo_notices":[],"_links":{"self":[{"href":"https:\/\/www.kananas.com\/es\/wp-json\/wp\/v2\/pages\/4808","targetHints":{"allow":["GET"]}}],"collection":[{"href":"https:\/\/www.kananas.com\/es\/wp-json\/wp\/v2\/pages"}],"about":[{"href":"https:\/\/www.kananas.com\/es\/wp-json\/wp\/v2\/types\/page"}],"author":[{"embeddable":true,"href":"https:\/\/www.kananas.com\/es\/wp-json\/wp\/v2\/users\/1"}],"replies":[{"embeddable":true,"href":"https:\/\/www.kananas.com\/es\/wp-json\/wp\/v2\/comments?post=4808"}],"version-history":[{"count":6,"href":"https:\/\/www.kananas.com\/es\/wp-json\/wp\/v2\/pages\/4808\/revisions"}],"predecessor-version":[{"id":6735,"href":"https:\/\/www.kananas.com\/es\/wp-json\/wp\/v2\/pages\/4808\/revisions\/6735"}],"up":[{"embeddable":true,"href":"https:\/\/www.kananas.com\/es\/wp-json\/wp\/v2\/pages\/4907"}],"wp:attachment":[{"href":"https:\/\/www.kananas.com\/es\/wp-json\/wp\/v2\/media?parent=4808"}],"curies":[{"name":"wp","href":"https:\/\/api.w.org\/{rel}","templated":true}]}}