{"id":4814,"date":"2016-03-11T13:04:12","date_gmt":"2016-03-11T11:04:12","guid":{"rendered":"https:\/\/www.kananas.com\/es\/documentation-21\/communication\/chat\/"},"modified":"2026-05-11T18:32:41","modified_gmt":"2026-05-11T16:32:41","slug":"charlar","status":"publish","type":"page","link":"https:\/\/www.kananas.com\/es\/documentation\/comunicacion\/charlar\/","title":{"rendered":"Charlar"},"content":{"rendered":"<div class=\"breadcrumbs align  wp-block-bcn-breadcrumb-trail has-text-color has-background\" vocab=\"https:\/\/schema.org\/\" typeof=\"BreadcrumbList\">\n\t<span><\/span>\n\t<span property=\"itemListElement\" typeof=\"ListItem\"><a property=\"item\" typeof=\"WebPage\" title=\"Aller \u00e0 kananas.\" href=\"https:\/\/www.kananas.com\/es\" class=\"home\" aria-current=\"page\"><span property=\"name\">kananas<\/span><\/a><meta property=\"position\" content=\"1\"><\/span><\/div>\n\n\n\n<div style=\"height:30px\" aria-hidden=\"true\" class=\"wp-block-spacer\"><\/div>\n\n\n\n<p class=\"wp-block-paragraph\">Gracias al chat, la comunicaci\u00f3n con sus miembros se vuelve independiente del tiempo y del lugar. Sus contactos pueden dialogar con su organizaci\u00f3n a trav\u00e9s de su espacio personal, y usted recibir\u00e1 una notificaci\u00f3n por cada nuevo mensaje.<\/p>\n\n\n\n<p class=\"wp-block-paragraph\">Para gestionar sus conversaciones, utilice la vista Comunicar\/discusiones que muestra todos los mensajes intercambiados y sus respuestas. Todos los gestores con acceso al backoffice pueden responder a los mensajes.<\/p>\n\n\n\n<p class=\"wp-block-paragraph\">Para iniciar una nueva conversaci\u00f3n, seleccione a la persona en la lista en la parte superior izquierda y haga clic en el bot\u00f3n verde.<\/p>\n\n\n<div class=\"wp-block-image\">\n<figure class=\"aligncenter size-large\"><img loading=\"lazy\" decoding=\"async\" width=\"1024\" height=\"649\" src=\"https:\/\/www.kananas.com\/es\/wp-content\/uploads\/sites\/2143\/2024\/08\/Screenshot-2024-08-13-at-15-26-13-Administrador-de-asociacion-1024x649.png\" alt=\"\" class=\"wp-image-5667\" srcset=\"https:\/\/www.kananas.com\/es\/wp-content\/uploads\/sites\/2143\/2024\/08\/Screenshot-2024-08-13-at-15-26-13-Administrador-de-asociacion-1024x649.png 1024w, https:\/\/www.kananas.com\/es\/wp-content\/uploads\/sites\/2143\/2024\/08\/Screenshot-2024-08-13-at-15-26-13-Administrador-de-asociacion-300x190.png 300w, https:\/\/www.kananas.com\/es\/wp-content\/uploads\/sites\/2143\/2024\/08\/Screenshot-2024-08-13-at-15-26-13-Administrador-de-asociacion-768x487.png 768w, https:\/\/www.kananas.com\/es\/wp-content\/uploads\/sites\/2143\/2024\/08\/Screenshot-2024-08-13-at-15-26-13-Administrador-de-asociacion-1536x974.png 1536w, https:\/\/www.kananas.com\/es\/wp-content\/uploads\/sites\/2143\/2024\/08\/Screenshot-2024-08-13-at-15-26-13-Administrador-de-asociacion-2048x1299.png 2048w\" sizes=\"auto, (max-width: 1024px) 100vw, 1024px\" \/><\/figure>\n<\/div>\n\n\n<div style=\"height:30px\" aria-hidden=\"true\" class=\"wp-block-spacer\"><\/div>\n\n\n\n<p class=\"roundDiv has-base-background-color has-background wp-block-paragraph\"><i class=\"icon fa fa-check\" aria-hidden=\"true\"> <\/i> Un \u00edcono verde le indica que ha respondido al mensaje.<\/p>\n\n\n\n<div style=\"height:20px\" aria-hidden=\"true\" class=\"wp-block-spacer\"><\/div>\n\n\n\n<p class=\"wp-block-paragraph\">En su <a href=\"https:\/\/www.kananas.com\/es\/documentation\/miembros\/espacio-personal\/\" data-type=\"page\" data-id=\"4905\">espacio personal<\/a>, el contacto solo ver\u00e1 los intercambios que le conciernen.<\/p>\n\n\n\n<p class=\"wp-block-paragraph\">Ejemplo en smartphone <a href=\"https:\/\/www.kananas.com\/es\/documentation\/aplicacion-kananas\/\" data-type=\"page\" data-id=\"4758\">Aplicaci\u00f3n<\/a><\/p>\n\n\n<div class=\"wp-block-image\">\n<figure class=\"aligncenter size-full is-resized\"><img decoding=\"async\" src=\"https:\/\/www.kananas.com\/en\/wp-content\/uploads\/sites\/2145\/2023\/12\/Screenshot-2023-12-18-at-18-05-22-SOA-basket-Chat-Jean-Ambezati.png\" alt=\"\" class=\"wp-image-5525\" style=\"width:auto;height:800px\"\/><\/figure>\n<\/div>\n\n\n<div style=\"height:20px\" aria-hidden=\"true\" class=\"wp-block-spacer\"><\/div>\n\n\n\n<p class=\"wp-block-paragraph\">Para obtener m\u00e1s informaci\u00f3n sobre la comunicaci\u00f3n<\/p>\n\n\n<ul class=\"wp-block-page-list\"><li class=\"wp-block-pages-list__item\"><a class=\"wp-block-pages-list__item__link\" href=\"https:\/\/www.kananas.com\/es\/documentation\/comunicacion\/envio\/\">Env\u00edo<\/a><\/li><li class=\"wp-block-pages-list__item\"><a class=\"wp-block-pages-list__item__link\" href=\"https:\/\/www.kananas.com\/es\/documentation\/comunicacion\/unificacion-de-correo\/\">Unificaci\u00f3n de correo<\/a><\/li><li class=\"wp-block-pages-list__item\"><a class=\"wp-block-pages-list__item__link\" href=\"https:\/\/www.kananas.com\/es\/documentation\/comunicacion\/sms\/\">Sms<\/a><\/li><li class=\"wp-block-pages-list__item\"><a class=\"wp-block-pages-list__item__link\" href=\"https:\/\/www.kananas.com\/es\/documentation\/comunicacion\/charlar\/\">Charlar<\/a><\/li><li class=\"wp-block-pages-list__item\"><a class=\"wp-block-pages-list__item__link\" href=\"https:\/\/www.kananas.com\/es\/documentation\/comunicacion\/correos-electronicos-automaticos\/\">Correos electr\u00f3nicos autom\u00e1ticos<\/a><\/li><li class=\"wp-block-pages-list__item\"><a class=\"wp-block-pages-list__item__link\" href=\"https:\/\/www.kananas.com\/es\/documentation\/comunicacion\/whatsapp\/\">WhatsApp<\/a><\/li><\/ul>","protected":false},"excerpt":{"rendered":"<p>Gracias al chat, la comunicaci\u00f3n con sus miembros se vuelve independiente del tiempo y del lugar. Sus contactos pueden dialogar con su organizaci\u00f3n a trav\u00e9s de su espacio personal, y usted recibir\u00e1 una notificaci\u00f3n por cada nuevo mensaje. Para gestionar sus conversaciones, utilice la vista Comunicar\/discusiones que muestra todos los mensajes intercambiados y sus respuestas. &#8230; <a title=\"Charlar\" class=\"read-more\" href=\"https:\/\/www.kananas.com\/es\/documentation\/comunicacion\/charlar\/\" aria-label=\"En savoir plus sur Charlar\">Lire la suite<\/a><\/p>\n","protected":false},"author":1,"featured_media":0,"parent":4890,"menu_order":3,"comment_status":"closed","ping_status":"closed","template":"","meta":{"_crdt_document":"{\"document\":\"AAAH7\/+E0Ru9AZMBCBEAAwK2VgQCAQIKAkJKAK4HAQIKAkJKAL4GAQIKAkJKAJ4EAQIKAQRKABwBAgpKABABAgoCQgEASgCsAwECCkoAEAECCgJCSgCYBgECCgJCSgCoBAECCgEGSgAgAQIKSgAQAQIKAkJKALYBAQIKAErYJa4lAQEIAEjsJa4lQgoG+CUDAAEJSr4tAQIKSsKFAQMCCJpfgB7wfAMCzwEoAycABAAnAAQAhAQnACgEJwAoACcABwAoAycBBAAoACcAhwAoAycBBAAoACcAhwAoAycBBAAoACcAhwAoAycAKAEnACgDJwCHACgDJwAoACcAhwAoAycBBAAoAicAhwAoAycAKAAnAIcAKAMnAQQAKAAnAIcAKAMnAQQAKAAnAIcAKAMnACgBJwAoBScAhwAoAycAKAAnAIcAKAMnAQQAKAAnAIcAKAMnACgBJwAoAccAKAInASgAJwCoASgABACoAigLxwAoAycAKAAnAMTFLvosc3RhdGV2ZXJzaW9uZG9jdW1lbnRkYXRlZG9jdW1lbnRzbHVnZG9jdW1lbnRzdGF0dXNkb2N1bWVudHRpdGxlQ2hhcmxhcmRvY3VtZW50Y29udGVudDwhLS0gd3A6cGFyYWdyYXBoIC0tPgo8cD5HcmFjaWFzIGFsIGNoYXQsIGxhIGNvbXVuaWNhY2nDs24gY29uIHN1cyBtaWVtYnJvcyBzZSB2dWVsdmUgaW5kZXBlbmRpZW50ZSBkZWwgdGllbXBvIHkgZGVsIGx1Z2FyLiBTdXMgY29udGFjdG9zIHB1ZWRlbiBkaWFsb2dhciBjb24gc3Ugb3JnYW5pemFjacOzbiBhIHRyYXbDqXMgZGUgc3UgZXNwYWNpbyBwZXJzb25hbCwgeSB1c3RlZCByZWNpYmlyw6EgdW5hIG5vdGlmaWNhY2nDs24gcG9yIGNhZGEgbnVldm8gbWVuc2FqZS48L3A+CjwhLS0gL3dwOnBhcmFncmFwaCAtLT4KCjwhLS0gd3A6cGFyYWdyYXBoIC0tPgo8cD5QYXJhIGdlc3Rpb25hciBzdXMgY29udmVyc2FjaW9uZXMsIHV0aWxpY2UgbGEgdmlzdGEgQ29tdW5pY2FyL2Rpc2N1c2lvbmVzIHF1ZSBtdWVzdHJhIHRvZG9zIGxvcyBtZW5zYWplcyBpbnRlcmNhbWJpYWRvcyB5IHN1cyByZXNwdWVzdGFzLiBUb2RvcyBsb3MgZ2VzdG9yZXMgY29uIGFjY2VzbyBhbCBiYWNrb2ZmaWNlIHB1ZWRlbiByZXNwb25kZXIgYSBsb3MgbWVuc2FqZXMuPC9wPgo8IS0tIC93cDpwYXJhZ3JhcGggLS0+Cgo8IS0tIHdwOnBhcmFncmFwaCAtLT4KPHA+UGFyYSBpbmljaWFyIHVuYSBudWV2YSBjb252ZXJzYWNpw7NuLCBzZWxlY2Npb25lIGEgbGEgcGVyc29uYSBlbiBsYSBsaXN0YSBlbiBsYSBwYXJ0ZSBzdXBlcmlvciBpenF1aWVyZGEgeSBoYWdhIGNsaWMgZW4gZWwgYm90w7NuIHZlcmRlLjwvcD4KPCEtLSAvd3A6cGFyYWdyYXBoIC0tPgoKPCEtLSB3cDppbWFnZSB7ImlkIjo1NjY3LCJzaXplU2x1ZyI6ImxhcmdlIiwibGlua0Rlc3RpbmF0aW9uIjoibm9uZSIsImFsaWduIjoiY2VudGVyIn0gLS0+CjxmaWd1cmUgY2xhc3M9IndwLWJsb2NrLWltYWdlIGFsaWduY2VudGVyIHNpemUtbGFyZ2UiPjxpbWcgc3JjPSJodHRwczovL3d3dy5rYW5hbmFzLmNvbS9lcy93cC1jb250ZW50L3VwbG9hZHMvc2l0ZXMvMjE0My8yMDI0LzA4L1NjcmVlbnNob3QtMjAyNC0wOC0xMy1hdC0xNS0yNi0xMy1BZG1pbmlzdHJhZG9yLWRlLWFzb2NpYWNpb24tMTAyNHg2NDkucG5nIiBhbHQ9IiIgY2xhc3M9IndwLWltYWdlLTU2NjciLz48L2ZpZ3VyZT4KPCEtLSAvd3A6aW1hZ2UgLS0+Cgo8IS0tIHdwOnNwYWNlciB7ImhlaWdodCI6IjMwcHgifSAtLT4KPGRpdiBzdHlsZT0iaGVpZ2h0OjMwcHgiIGFyaWEtaGlkZGVuPSJ0cnVlIiBjbGFzcz0id3AtYmxvY2stc3BhY2VyIj48L2Rpdj4KPCEtLSAvd3A6c3BhY2VyIC0tPgoKPCEtLSB3cDpwYXJhZ3JhcGggeyJjbGFzc05hbWUiOiJyb3VuZERpdiIsImJhY2tncm91bmRDb2xvciI6ImJhc2UifSAtLT4KPHAgY2xhc3M9InJvdW5kRGl2IGhhcy1iYXNlLWJhY2tncm91bmQtY29sb3IgaGFzLWJhY2tncm91bmQiPjxpIGNsYXNzPSJpY29uIGZhIGZhLWNoZWNrIiBhcmlhLWhpZGRlbj0idHJ1ZSI+IDwvaT4gVW4gw61jb25vIHZlcmRlIGxlIGluZGljYSBxdWUgaGEgcmVzcG9uZGlkbyBhbCBtZW5zYWplLjwvcD4KPCEtLSAvd3A6cGFyYWdyYXBoIC0tPgoKPCEtLSB3cDpzcGFjZXIgeyJoZWlnaHQiOiIyMHB4In0gLS0+CjxkaXYgc3R5bGU9ImhlaWdodDoyMHB4IiBhcmlhLWhpZGRlbj0idHJ1ZSIgY2xhc3M9IndwLWJsb2NrLXNwYWNlciI+PC9kaXY+CjwhLS0gL3dwOnNwYWNlciAtLT4KCjwhLS0gd3A6cGFyYWdyYXBoIC0tPgo8cD5FbiBzdSA8YSBocmVmPSJodHRwczovL3d3dy5rYW5hbmFzLmNvbS9lcy9kb2N1bWVudGF0aW9uL21pZW1icm9zL2VzcGFjaW8tcGVyc29uYWwvIiBkYXRhLXR5cGU9InBhZ2UiIGRhdGEtaWQ9IjQ5MDUiPmVzcGFjaW8gcGVyc29uYWw8L2E+LCBlbCBjb250YWN0byBzb2xvIHZlcsOhIGxvcyBpbnRlcmNhbWJpb3MgcXVlIGxlIGNvbmNpZXJuZW4uPC9wPgo8IS0tIC93cDpwYXJhZ3JhcGggLS0+Cgo8IS0tIHdwOnBhcmFncmFwaCAtLT4KPHA+RWplbXBsbyBlbiBzbWFydHBob25lIDxhIGhyZWY9Imh0dHBzOi8vd3d3LmthbmFuYXMuY29tL2VzL2RvY3VtZW50YXRpb24vYXBsaWNhY2lvbi1rYW5hbmFzLyIgZGF0YS10eXBlPSJwYWdlIiBkYXRhLWlkPSI0NzU4Ij5BcGxpY2FjacOzbjwvYT48L3A+CjwhLS0gL3dwOnBhcmFncmFwaCAtLT4KCjwhLS0gd3A6aW1hZ2UgeyJpZCI6NTUyNSwid2lkdGgiOiJhdXRvIiwiaGVpZ2h0IjoiODAwcHgiLCJzaXplU2x1ZyI6ImZ1bGwiLCJsaW5rRGVzdGluYXRpb24iOiJub25lIiwiYWxpZ24iOiJjZW50ZXIifSAtLT4KPGZpZ3VyZSBjbGFzcz0id3AtYmxvY2staW1hZ2UgYWxpZ25jZW50ZXIgc2l6ZS1mdWxsIGlzLXJlc2l6ZWQiPjxpbWcgc3JjPSJodHRwczovL3d3dy5rYW5hbmFzLmNvbS9lbi93cC1jb250ZW50L3VwbG9hZHMvc2l0ZXMvMjE0NS8yMDIzLzEyL1NjcmVlbnNob3QtMjAyMy0xMi0xOC1hdC0xOC0wNS0yMi1TT0EtYmFza2V0LUNoYXQtSmVhbi1BbWJlemF0aS5wbmciIGFsdD0iIiBjbGFzcz0id3AtaW1hZ2UtNTUyNSIgc3R5bGU9IndpZHRoOmF1dG87aGVpZ2h0OjgwMHB4Ii8+PC9maWd1cmU+CjwhLS0gL3dwOmltYWdlIC0tPgoKPCEtLSB3cDpzcGFjZXIgeyJoZWlnaHQiOiIyMHB4In0gLS0+CjxkaXYgc3R5bGU9ImhlaWdodDoyMHB4IiBhcmlhLWhpZGRlbj0idHJ1ZSIgY2xhc3M9IndwLWJsb2NrLXNwYWNlciI+PC9kaXY+CjwhLS0gL3dwOnNwYWNlciAtLT4KCjwhLS0gd3A6cGFyYWdyYXBoIC0tPgo8cD5QYXJhIG9idGVuZXIgbcOhcyBpbmZvcm1hY2nDs24gc29icmUgbGEgY29tdW5pY2FjacOzbjwvcD4KPCEtLSAvd3A6cGFyYWdyYXBoIC0tPgoKPCEtLSB3cDpwYWdlLWxpc3QgeyJwYXJlbnRQYWdlSUQiOjQ4OTB9IC8tLT5kb2N1bWVudGV4Y2VycHRkb2N1bWVudGF1dGhvcmRvY3VtZW50ZmVhdHVyZWRfbWVkaWFkb2N1bWVudGNvbW1lbnRfc3RhdHVzZG9jdW1lbnRwaW5nX3N0YXR1c2RvY3VtZW50dGVtcGxhdGVkb2N1bWVudG1ldGFmb290bm90ZXNkb2N1bWVudGJsb2Nrc2NsaWVudElkaXNWYWxpZG9yaWdpbmFsQ29udGVudG5hbWVhdHRyaWJ1dGVzY29udGVudEdyYWNpYXMgYWwgY2hhdCwgbGEgY29tdW5pY2FjacOzbiBjb24gc3VzIG1pZW1icm9zIHNlIHZ1ZWx2ZSBpbmRlcGVuZGllbnRlIGRlbCB0aWVtcG8geSBkZWwgbHVnYXIuIFN1cyBjb250YWN0b3MgcHVlZGVuIGRpYWxvZ2FyIGNvbiBzdSBvcmdhbml6YWNpw7NuIGEgdHJhdsOpcyBkZSBzdSBlc3BhY2lvIHBlcnNvbmFsLCB5IHVzdGVkIHJlY2liaXLDoSB1bmEgbm90aWZpY2FjacOzbiBwb3IgY2FkYSBudWV2byBtZW5zYWplLmRyb3BDYXBpbm5lckJsb2Nrc2NsaWVudElkaXNWYWxpZG9yaWdpbmFsQ29udGVudG5hbWVhdHRyaWJ1dGVzY29udGVudFBhcmEgZ2VzdGlvbmFyIHN1cyBjb252ZXJzYWNpb25lcywgdXRpbGljZSBsYSB2aXN0YSBDb211bmljYXIvZGlzY3VzaW9uZXMgcXVlIG11ZXN0cmEgdG9kb3MgbG9zIG1lbnNhamVzIGludGVyY2FtYmlhZG9zIHkgc3VzIHJlc3B1ZXN0YXMuIFRvZG9zIGxvcyBnZXN0b3JlcyBjb24gYWNjZXNvIGFsIGJhY2tvZmZpY2UgcHVlZGVuIHJlc3BvbmRlciBhIGxvcyBtZW5zYWplcy5kcm9wQ2FwaW5uZXJCbG9ja3NjbGllbnRJZGlzVmFsaWRvcmlnaW5hbENvbnRlbnRuYW1lYXR0cmlidXRlc2NvbnRlbnRQYXJhIGluaWNpYXIgdW5hIG51ZXZhIGNvbnZlcnNhY2nDs24sIHNlbGVjY2lvbmUgYSBsYSBwZXJzb25hIGVuIGxhIGxpc3RhIGVuIGxhIHBhcnRlIHN1cGVyaW9yIGl6cXVpZXJkYSB5IGhhZ2EgY2xpYyBlbiBlbCBib3TDs24gdmVyZGUuZHJvcENhcGlubmVyQmxvY2tzY2xpZW50SWRpc1ZhbGlkb3JpZ2luYWxDb250ZW50bmFtZWF0dHJpYnV0ZXN1cmxhbHRjYXB0aW9uaWRzaXplU2x1Z2xpbmtEZXN0aW5hdGlvbmFsaWduaW5uZXJCbG9ja3NjbGllbnRJZGlzVmFsaWRvcmlnaW5hbENvbnRlbnRuYW1lYXR0cmlidXRlc2hlaWdodGlubmVyQmxvY2tzY2xpZW50SWRpc1ZhbGlkb3JpZ2luYWxDb250ZW50bmFtZWF0dHJpYnV0ZXNjb250ZW50PGkgY2xhc3M9Imljb24gZmEgZmEtY2hlY2siIGFyaWEtaGlkZGVuPSJ0cnVlIj4gPC9pPiBVbiDDrWNvbm8gdmVyZGUgbGUgaW5kaWNhIHF1ZSBoYSByZXNwb25kaWRvIGFsIG1lbnNhamUuZHJvcENhcGNsYXNzTmFtZWJhY2tncm91bmRDb2xvcmlubmVyQmxvY2tzY2xpZW50SWRpc1ZhbGlkb3JpZ2luYWxDb250ZW50bmFtZWF0dHJpYnV0ZXNoZWlnaHRpbm5lckJsb2Nrc2NsaWVudElkaXNWYWxpZG9yaWdpbmFsQ29udGVudG5hbWVhdHRyaWJ1dGVzY29udGVudEVuIHN1IDxhIGhyZWY9Imh0dHBzOi8vd3d3LmthbmFuYXMuY29tL2VzL2RvY3VtZW50YXRpb24vbWllbWJyb3MvZXNwYWNpby1wZXJzb25hbC8iIGRhdGEtdHlwZT0icGFnZSIgZGF0YS1pZD0iNDkwNSI+ZXNwYWNpbyBwZXJzb25hbDwvYT4sIGVsIGNvbnRhY3RvIHNvbG8gdmVyw6EgbG9zIGludGVyY2FtYmlvcyBxdWUgbGUgY29uY2llcm5lbi5kcm9wQ2FwaW5uZXJCbG9ja3NjbGllbnRJZGlzVmFsaWRvcmlnaW5hbENvbnRlbnRuYW1lYXR0cmlidXRlc2NvbnRlbnRFamVtcGxvIGVuIHNtYXJ0cGhvbmUgPGEgaHJlZj0iaHR0cHM6Ly93d3cua2FuYW5hcy5jb20vZXMvZG9jdW1lbnRhdGlvbi9hcGxpY2FjaW9uLWthbmFuYXMvIiBkYXRhLXR5cGU9InBhZ2UiIGRhdGEtaWQ9IjQ3NTgiPkFwbGljYWNpw7NuPC9hPmRyb3BDYXBpbm5lckJsb2Nrc2NsaWVudElkaXNWYWxpZG9yaWdpbmFsQ29udGVudG5hbWVhdHRyaWJ1dGVzdXJsYWx0Y2FwdGlvbmlkd2lkdGhoZWlnaHRzaXplU2x1Z2xpbmtEZXN0aW5hdGlvbmFsaWduaW5uZXJCbG9ja3NjbGllbnRJZGlzVmFsaWRvcmlnaW5hbENvbnRlbnRuYW1lYXR0cmlidXRlc2hlaWdodGlubmVyQmxvY2tzY2xpZW50SWRpc1ZhbGlkb3JpZ2luYWxDb250ZW50bmFtZWF0dHJpYnV0ZXNjb250ZW50UGFyYSBvYnRlbmVyIG3DoXMgaW5mb3JtYWNpw7NuIHNvYnJlIGxhIGNvbXVuaWNhY2nDs25kcm9wQ2FwaW5uZXJCbG9ja3NjbGllbnRJZGlzVmFsaWRvcmlnaW5hbENvbnRlbnRuYW1lYXR0cmlidXRlc3BhcmVudFBhZ2VJRGlzTmVzdGVkaW5uZXJCbG9ja3NzdGF0ZXNhdmVkQXRzdGF0ZXNhdmVkQnljbGllbnRJZGlzVmFsaWRuYW1lYXR0cmlidXRlc2NvbnRlbnRkcm9wQ2FwaW5uZXJCbG9ja3NvcmlnaW5hbENvbnRlbnRHcmFjaWFzIGFsIGNoYXQsIGxhIGNvbXVuaWNhY2nDs24gY29uIHN1cyBtaWVtYnJvcyBzZSB2dWVsdmUgaW5kZXBlbmRpZW50ZSBkZWwgdGllbXBvIHkgZGVsIGx1Z2FyLiBTdXMgY29udGFjdG9zIHB1ZWRlbiBkaWFsb2dhciBjb24gc3Ugb3JnYW5pemFjacOzbiBhIHRyYXbDqXMgZGUgc3UgZXNwYWNpbyBwZXJzb25hbCwgeSB1c3RlZCByZWNpYmlyw6EgdW5hIG5vdGlmaWNhY2nDs24gcG9yIGNhZGEgbnVldm8gbWVuc2FqZS5wcmV0ZXh0Zm9ybWF0bGlua3JldmVyc2VPcmRlcmhpZGVvbkhvbWVpZ25vcmVDYWNoZXRleHRDb2xvcmJhY2tncm91bmRDb2xvcmFsaWdudHlwb2dyYXBoeWZvbnRTaXplc3R5bGVjbGllbnRJZGlzVmFsaWRvcmlnaW5hbENvbnRlbnRuYW1lYXR0cmlidXRlc2hlaWdodGlubmVyQmxvY2tzYmNuL2JyZWFkY3J1bWItdHJhaWwgLy0tPgoKPCEtLSB3OnNwY2UgeyJoZWlnaHQiOiIzMHB4In0gLS0+CjxkaXYgc3R5bGU9ImhlaWdodDozMHB4IiByaWEtaGlkZGVuPSJ0cnVlIiBjbGFzcz0id3AtYmxvY2stc3BhY2VyIj48L2Rpdj4KPCEtLSAvd3A6c3BhY2VyIC0tPgoKPCEtLSB3cDpwYXJhBQcIBAgECAYIBQcIBwhBApQrCAcIBggOCA4IC0gBBAkIBggHDwQKB64DBwsIBw8ECgeWAwcLCAcPBAoHhgIHCwgHDwQKQwAHAggPBQsIBw8ECgYLCAcPBAoHqwEHCQ8LCAcPBAoGCwgHDwQKB4MDBwsIBw8ECgeLAgcLCAcPBApDAAcCBQYIDwULCAcPBAoGCwgHDwQKBzIHCwgHDwQKDAgLBQcFBwgHBApHAAsPrgMHBgQMCgsJDwUKCAUIBw8ECgYLIQMCMJIBEwEEAAABAAAAAQYAAAEAAHoBAQA7QgEBAEEAAgBBAAIAQQACAEEAAgBBAABBAAIAQQAAQQACAEEAAgBBAAIAQQAAQQACAEEAAEEAAgBBAAACQXUBxwEAfQF3EzIwMTYtMDMtMTFUMTM6MDQ6MTJ3B2NoYXJsYXJ3B3B1Ymxpc2h9AX0AdwZjbG9zZWR3BmNsb3NlZHcAdwB3JGQxNzdkODQ0LTdkMjgtNDZjZi05Y2ZmLTY0ZDVjMzJiNTRlZnh3+gE8cD5HcmFjaWFzIGFsIGNoYXQsIGxhIGNvbXVuaWNhY2nDs24gY29uIHN1cyBtaWVtYnJvcyBzZSB2dWVsdmUgaW5kZXBlbmRpZW50ZSBkZWwgdGllbXBvIHkgZGVsIGx1Z2FyLiBTdXMgY29udGFjdG9zIHB1ZWRlbiBkaWFsb2dhciBjb24gc3Ugb3JnYW5pemFjacOzbiBhIHRyYXbDqXMgZGUgc3UgZXNwYWNpbyBwZXJzb25hbCwgeSB1c3RlZCByZWNpYmlyw6EgdW5hIG5vdGlmaWNhY2nDs24gcG9yIGNhZGEgbnVldm8gbWVuc2FqZS48L3A+dw5jb3JlL3BhcmFncmFwaHl3JDQ0MmUwMzNjLTI4ZmItNGUxMS1hZGUzLTQyZThjMDhiZDg3NXh33QE8cD5QYXJhIGdlc3Rpb25hciBzdXMgY29udmVyc2FjaW9uZXMsIHV0aWxpY2UgbGEgdmlzdGEgQ29tdW5pY2FyL2Rpc2N1c2lvbmVzIHF1ZSBtdWVzdHJhIHRvZG9zIGxvcyBtZW5zYWplcyBpbnRlcmNhbWJpYWRvcyB5IHN1cyByZXNwdWVzdGFzLiBUb2RvcyBsb3MgZ2VzdG9yZXMgY29uIGFjY2VzbyBhbCBiYWNrb2ZmaWNlIHB1ZWRlbiByZXNwb25kZXIgYSBsb3MgbWVuc2FqZXMuPC9wPncOY29yZS9wYXJhZ3JhcGh5dyQwZTE0YjFjMC1mNjllLTQyMjUtYjA4ZS03MDdkZTQ3ZGVjZDJ4d48BPHA+UGFyYSBpbmljaWFyIHVuYSBudWV2YSBjb252ZXJzYWNpw7NuLCBzZWxlY2Npb25lIGEgbGEgcGVyc29uYSBlbiBsYSBsaXN0YSBlbiBsYSBwYXJ0ZSBzdXBlcmlvciBpenF1aWVyZGEgeSBoYWdhIGNsaWMgZW4gZWwgYm90w7NuIHZlcmRlLjwvcD53DmNvcmUvcGFyYWdyYXBoeXckNjM4YmFiZWUtNDIzYy00ZGI5LTg1OWYtNjJmMzhkZDU3N2U5eHf0ATxmaWd1cmUgY2xhc3M9IndwLWJsb2NrLWltYWdlIGFsaWduY2VudGVyIHNpemUtbGFyZ2UiPjxpbWcgc3JjPSJodHRwczovL3d3dy5rYW5hbmFzLmNvbS9lcy93cC1jb250ZW50L3VwbG9hZHMvc2l0ZXMvMjE0My8yMDI0LzA4L1NjcmVlbnNob3QtMjAyNC0wOC0xMy1hdC0xNS0yNi0xMy1BZG1pbmlzdHJhZG9yLWRlLWFzb2NpYWNpb24tMTAyNHg2NDkucG5nIiBhbHQ9IiIgY2xhc3M9IndwLWltYWdlLTU2NjciLz48L2ZpZ3VyZT53CmNvcmUvaW1hZ2V3iwFodHRwczovL3d3dy5rYW5hbmFzLmNvbS9lcy93cC1jb250ZW50L3VwbG9hZHMvc2l0ZXMvMjE0My8yMDI0LzA4L1NjcmVlbnNob3QtMjAyNC0wOC0xMy1hdC0xNS0yNi0xMy1BZG1pbmlzdHJhZG9yLWRlLWFzb2NpYWNpb24tMTAyNHg2NDkucG5ndwB9o1h3BWxhcmdldwRub25ldwZjZW50ZXJ3JDA1NGIyMzNkLTQ3YjQtNGNmYy1hOTZmLWJhZWM0Y2I4ZGVmM3h3SjxkaXYgc3R5bGU9ImhlaWdodDozMHB4IiBhcmlhLWhpZGRlbj0idHJ1ZSIgY2xhc3M9IndwLWJsb2NrLXNwYWNlciI+PC9kaXY+dwtjb3JlL3NwYWNlcncEMzBweHckNWE4MzI2OTAtNWE1OC00OTc3LThkMDctZDAzNzQ3MWYxZjdjeHetATxwIGNsYXNzPSJyb3VuZERpdiBoYXMtYmFzZS1iYWNrZ3JvdW5kLWNvbG9yIGhhcy1iYWNrZ3JvdW5kIj48aSBjbGFzcz0iaWNvbiBmYSBmYS1jaGVjayIgYXJpYS1oaWRkZW49InRydWUiPiA8L2k+IFVuIMOtY29ubyB2ZXJkZSBsZSBpbmRpY2EgcXVlIGhhIHJlc3BvbmRpZG8gYWwgbWVuc2FqZS48L3A+dw5jb3JlL3BhcmFncmFwaHl3CHJvdW5kRGl2dwRiYXNldyRiYjQ2NWI0Yi1mNjczLTRiZjUtYTEzYy1hMTY2MmIwZjViYTl4d0o8ZGl2IHN0eWxlPSJoZWlnaHQ6MjBweCIgYXJpYS1oaWRkZW49InRydWUiIGNsYXNzPSJ3cC1ibG9jay1zcGFjZXIiPjwvZGl2PncLY29yZS9zcGFjZXJ3BDIwcHh3JDQ2ZGNhMTEyLTAzYWEtNDZkOS04YzUzLWZkY2VjZDk3OTBlMnh3ywE8cD5FbiBzdSA8YSBocmVmPSJodHRwczovL3d3dy5rYW5hbmFzLmNvbS9lcy9kb2N1bWVudGF0aW9uL21pZW1icm9zL2VzcGFjaW8tcGVyc29uYWwvIiBkYXRhLXR5cGU9InBhZ2UiIGRhdGEtaWQ9IjQ5MDUiPmVzcGFjaW8gcGVyc29uYWw8L2E+LCBlbCBjb250YWN0byBzb2xvIHZlcsOhIGxvcyBpbnRlcmNhbWJpb3MgcXVlIGxlIGNvbmNpZXJuZW4uPC9wPncOY29yZS9wYXJhZ3JhcGh5dyQyNjRmZjcwNS1mMDkyLTRkODEtYWU4ZC03OWU5M2UyYjI5YTB4d5MBPHA+RWplbXBsbyBlbiBzbWFydHBob25lIDxhIGhyZWY9Imh0dHBzOi8vd3d3LmthbmFuYXMuY29tL2VzL2RvY3VtZW50YXRpb24vYXBsaWNhY2lvbi1rYW5hbmFzLyIgZGF0YS10eXBlPSJwYWdlIiBkYXRhLWlkPSI0NzU4Ij5BcGxpY2FjacOzbjwvYT48L3A+dw5jb3JlL3BhcmFncmFwaHl3JDlmOGVhMjk3LTBlODAtNGRjMi1hMTVhLTA2NmYyMGU1ZjU1MXh3lwI8ZmlndXJlIGNsYXNzPSJ3cC1ibG9jay1pbWFnZSBhbGlnbmNlbnRlciBzaXplLWZ1bGwgaXMtcmVzaXplZCI+PGltZyBzcmM9Imh0dHBzOi8vd3d3LmthbmFuYXMuY29tL2VuL3dwLWNvbnRlbnQvdXBsb2Fkcy9zaXRlcy8yMTQ1LzIwMjMvMTIvU2NyZWVuc2hvdC0yMDIzLTEyLTE4LWF0LTE4LTA1LTIyLVNPQS1iYXNrZXQtQ2hhdC1KZWFuLUFtYmV6YXRpLnBuZyIgYWx0PSIiIGNsYXNzPSJ3cC1pbWFnZS01NTI1IiBzdHlsZT0id2lkdGg6YXV0bztoZWlnaHQ6ODAwcHgiLz48L2ZpZ3VyZT53CmNvcmUvaW1hZ2V3hAFodHRwczovL3d3dy5rYW5hbmFzLmNvbS9lbi93cC1jb250ZW50L3VwbG9hZHMvc2l0ZXMvMjE0NS8yMDIzLzEyL1NjcmVlbnNob3QtMjAyMy0xMi0xOC1hdC0xOC0wNS0yMi1TT0EtYmFza2V0LUNoYXQtSmVhbi1BbWJlemF0aS5wbmd3AH2VVncEYXV0b3cFODAwcHh3BGZ1bGx3BG5vbmV3BmNlbnRlcnckNWQ5NGQ3NTYtOWMwOC00YmM3LWIwZmItYTgzN2E5MzhiZTYweHdKPGRpdiBzdHlsZT0iaGVpZ2h0OjIwcHgiIGFyaWEtaGlkZGVuPSJ0cnVlIiBjbGFzcz0id3AtYmxvY2stc3BhY2VyIj48L2Rpdj53C2NvcmUvc3BhY2VydwQyMHB4dyQ0MmQzMWZiNi1jNTM3LTQ2YzktYmIzOS05NTFhZDIxZDQ5ZjZ4dzw8cD5QYXJhIG9idGVuZXIgbcOhcyBpbmZvcm1hY2nDs24gc29icmUgbGEgY29tdW5pY2FjacOzbjwvcD53DmNvcmUvcGFyYWdyYXBoeXckNjM5YjRmZWQtMjk0YS00M2E4LTk4NGMtZGY5YWRmYzViMTVjeHcAdw5jb3JlL3BhZ2UtbGlzdH2aTHl7QnnhfiDNcAB7QeuiE\/3gAAB3JDQ3ODg0MzdiLTY3MGItNDE0Ny05YmVjLTMwMWVjMjU1ZTkzY3h3DmNvcmUvcGFyYWdyYXBoeXckNDc4ODQzN2ItNjcwYi00MTQ3LTliZWMtMzAxZWMyNTVlOTNjdyQ0YzU0OTUwMC1jMGQ0LTRkMTAtOGI5Yi02YjZmMjBhMTc1NjR3+gE8cD5HcmFjaWFzIGFsIGNoYXQsIGxhIGNvbXVuaWNhY2nDs24gY29uIHN1cyBtaWVtYnJvcyBzZSB2dWVsdmUgaW5kZXBlbmRpZW50ZSBkZWwgdGllbXBvIHkgZGVsIGx1Z2FyLiBTdXMgY29udGFjdG9zIHB1ZWRlbiBkaWFsb2dhciBjb24gc3Ugb3JnYW5pemFjacOzbiBhIHRyYXbDqXMgZGUgc3UgZXNwYWNpbyBwZXJzb25hbCwgeSB1c3RlZCByZWNpYmlyw6EgdW5hIG5vdGlmaWNhY2nDs24gcG9yIGNhZGEgbnVldm8gbWVuc2FqZS48L3A+dyRmYWM5ZTU0Ni1kZTg5LTQwZDUtYTk0OC0yNzdiZTBkM2RlMjB3AHcUYmNuL2JyZWFkY3J1bWItdHJhaWx3AHcTYnJlYWRjcnVtYmxpc3RfcmRmYXh5eXh3AHcAdwB3AHcAdQB3JDAyMTY5OWJmLTlkZDgtNGUwZi1iOGRmLTY4MmQ4ZDQ4MzMxZXh3SjxkaXYgc3R5bGU9ImhlaWdodDozMHB4IiBhcmlhLWhpZGRlbj0idHJ1ZSIgY2xhc3M9IndwLWJsb2NrLXNwYWNlciI+PC9kaXY+dwtjb3JlL3NwYWNlcncEMzBweAHvv8LoDQX3FQABAQHvAcIHAAYA\",\"updateId\":839949335}","footnotes":""},"class_list":["post-4814","page","type-page","status-publish"],"aioseo_notices":[],"_links":{"self":[{"href":"https:\/\/www.kananas.com\/es\/wp-json\/wp\/v2\/pages\/4814","targetHints":{"allow":["GET"]}}],"collection":[{"href":"https:\/\/www.kananas.com\/es\/wp-json\/wp\/v2\/pages"}],"about":[{"href":"https:\/\/www.kananas.com\/es\/wp-json\/wp\/v2\/types\/page"}],"author":[{"embeddable":true,"href":"https:\/\/www.kananas.com\/es\/wp-json\/wp\/v2\/users\/1"}],"replies":[{"embeddable":true,"href":"https:\/\/www.kananas.com\/es\/wp-json\/wp\/v2\/comments?post=4814"}],"version-history":[{"count":10,"href":"https:\/\/www.kananas.com\/es\/wp-json\/wp\/v2\/pages\/4814\/revisions"}],"predecessor-version":[{"id":6714,"href":"https:\/\/www.kananas.com\/es\/wp-json\/wp\/v2\/pages\/4814\/revisions\/6714"}],"up":[{"embeddable":true,"href":"https:\/\/www.kananas.com\/es\/wp-json\/wp\/v2\/pages\/4890"}],"wp:attachment":[{"href":"https:\/\/www.kananas.com\/es\/wp-json\/wp\/v2\/media?parent=4814"}],"curies":[{"name":"wp","href":"https:\/\/api.w.org\/{rel}","templated":true}]}}