{"id":4817,"date":"2016-03-08T18:06:24","date_gmt":"2016-03-08T16:06:24","guid":{"rendered":"https:\/\/www.kananas.com\/es\/documentation-22\/accounting\/tag-a-revenue-or-an-expense\/"},"modified":"2026-05-11T18:21:13","modified_gmt":"2026-05-11T16:21:13","slug":"etiquetar-un-ingreso-o-un-gasto","status":"publish","type":"page","link":"https:\/\/www.kananas.com\/es\/documentation\/contabilidad\/etiquetar-un-ingreso-o-un-gasto\/","title":{"rendered":"Etiquetar un ingreso o un gasto"},"content":{"rendered":"<div class=\"breadcrumbs align  wp-block-bcn-breadcrumb-trail has-text-color has-background\" vocab=\"https:\/\/schema.org\/\" typeof=\"BreadcrumbList\">\n\t<span><\/span>\n\t<span property=\"itemListElement\" typeof=\"ListItem\"><a property=\"item\" typeof=\"WebPage\" title=\"Aller \u00e0 kananas.\" href=\"https:\/\/www.kananas.com\/es\" class=\"home\" aria-current=\"page\"><span property=\"name\">kananas<\/span><\/a><meta property=\"position\" content=\"1\"><\/span><\/div>\n\n\n\n<div style=\"height:30px\" aria-hidden=\"true\" class=\"wp-block-spacer\"><\/div>\n\n\n\n<p class=\"wp-block-paragraph\">La etiqueta es una etiqueta que adjuntas a una carpeta. Nuestro software de gesti\u00f3n de asociaciones te permite agregar etiquetas a tus <a href=\"https:\/\/www.kananas.com\/en\/documentation\/accounting\/transactions\/\" data-type=\"page\" data-id=\"4863\">transacciones contables<\/a>.<\/p>\n\n\n\n<p class=\"wp-block-paragraph\">Esto permite marcar un recibo en el que hayas identificado un problema (por ejemplo, un cheque devuelto) o identificar los cheques que acabas de depositar en la cuenta bancaria de tu asociaci\u00f3n.<\/p>\n\n\n\n<p class=\"wp-block-paragraph\">Puedes definir tantas etiquetas como desees utilizando el bot\u00f3n <strong>+ Etiqueta<\/strong> ubicado en el encabezado del recibo o gasto.<\/p>\n\n\n<div class=\"wp-block-image\">\n<figure class=\"aligncenter size-large\"><img loading=\"lazy\" decoding=\"async\" width=\"1024\" height=\"616\" src=\"https:\/\/www.kananas.com\/es\/wp-content\/uploads\/sites\/2143\/2024\/07\/Screenshot-2024-07-29-at-18-20-56-SOA-club-Payment-1024x616.png\" alt=\"\" class=\"wp-image-5483\" title=\"\" srcset=\"https:\/\/www.kananas.com\/es\/wp-content\/uploads\/sites\/2143\/2024\/07\/Screenshot-2024-07-29-at-18-20-56-SOA-club-Payment-1024x616.png 1024w, https:\/\/www.kananas.com\/es\/wp-content\/uploads\/sites\/2143\/2024\/07\/Screenshot-2024-07-29-at-18-20-56-SOA-club-Payment-300x181.png 300w, https:\/\/www.kananas.com\/es\/wp-content\/uploads\/sites\/2143\/2024\/07\/Screenshot-2024-07-29-at-18-20-56-SOA-club-Payment-768x462.png 768w, https:\/\/www.kananas.com\/es\/wp-content\/uploads\/sites\/2143\/2024\/07\/Screenshot-2024-07-29-at-18-20-56-SOA-club-Payment-1536x925.png 1536w, https:\/\/www.kananas.com\/es\/wp-content\/uploads\/sites\/2143\/2024\/07\/Screenshot-2024-07-29-at-18-20-56-SOA-club-Payment-2048x1233.png 2048w\" sizes=\"auto, (max-width: 1024px) 100vw, 1024px\" \/><\/figure>\n<\/div>\n\n\n<div style=\"height:30px\" aria-hidden=\"true\" class=\"wp-block-spacer\"><\/div>\n\n\n\n<p class=\"wp-block-paragraph\">Luego puedes realizar b\u00fasquedas en estos valores desde el campo de selecci\u00f3n en contabilidad\/honorario.<\/p>\n\n\n\n<p class=\"wp-block-paragraph\">Ten en cuenta que si especificas m\u00faltiples etiquetas en tus criterios de selecci\u00f3n, solo se mostrar\u00e1n las carpetas que contengan todas estas etiquetas.<\/p>\n\n\n<div class=\"wp-block-image\">\n<figure class=\"aligncenter size-large\"><img loading=\"lazy\" decoding=\"async\" width=\"1024\" height=\"612\" src=\"https:\/\/www.kananas.com\/es\/wp-content\/uploads\/sites\/2143\/2024\/07\/Screenshot-2024-07-29-at-18-23-39-SOA-club-Finanzas-_-Diario-1024x612.png\" alt=\"\" class=\"wp-image-5485\" title=\"\" srcset=\"https:\/\/www.kananas.com\/es\/wp-content\/uploads\/sites\/2143\/2024\/07\/Screenshot-2024-07-29-at-18-23-39-SOA-club-Finanzas-_-Diario-1024x612.png 1024w, https:\/\/www.kananas.com\/es\/wp-content\/uploads\/sites\/2143\/2024\/07\/Screenshot-2024-07-29-at-18-23-39-SOA-club-Finanzas-_-Diario-300x179.png 300w, https:\/\/www.kananas.com\/es\/wp-content\/uploads\/sites\/2143\/2024\/07\/Screenshot-2024-07-29-at-18-23-39-SOA-club-Finanzas-_-Diario-768x459.png 768w, https:\/\/www.kananas.com\/es\/wp-content\/uploads\/sites\/2143\/2024\/07\/Screenshot-2024-07-29-at-18-23-39-SOA-club-Finanzas-_-Diario-1536x919.png 1536w, https:\/\/www.kananas.com\/es\/wp-content\/uploads\/sites\/2143\/2024\/07\/Screenshot-2024-07-29-at-18-23-39-SOA-club-Finanzas-_-Diario-2048x1225.png 2048w\" sizes=\"auto, (max-width: 1024px) 100vw, 1024px\" \/><\/figure>\n<\/div>\n\n\n<div style=\"height:30px\" aria-hidden=\"true\" class=\"wp-block-spacer\"><\/div>\n\n\n\n<h3 id=\"tag-sur-plusieurs-mouvements\" class=\"wp-block-heading\">Etiquetar en M\u00faltiples Transacciones<\/h3>\n\n\n\n<p class=\"wp-block-paragraph\">Para etiquetar varias transacciones a la vez, selecci\u00f3nalas y utiliza la funci\u00f3n colectiva en la parte superior de la p\u00e1gina.<\/p>\n\n\n<div class=\"wp-block-image\">\n<figure class=\"aligncenter size-large\"><img loading=\"lazy\" decoding=\"async\" width=\"1024\" height=\"612\" src=\"https:\/\/www.kananas.com\/es\/wp-content\/uploads\/sites\/2143\/2024\/07\/Screenshot-2024-07-29-at-18-22-04-SOA-club-Finanzas-_-Diario-1024x612.png\" alt=\"\" class=\"wp-image-5487\" srcset=\"https:\/\/www.kananas.com\/es\/wp-content\/uploads\/sites\/2143\/2024\/07\/Screenshot-2024-07-29-at-18-22-04-SOA-club-Finanzas-_-Diario-1024x612.png 1024w, https:\/\/www.kananas.com\/es\/wp-content\/uploads\/sites\/2143\/2024\/07\/Screenshot-2024-07-29-at-18-22-04-SOA-club-Finanzas-_-Diario-300x179.png 300w, https:\/\/www.kananas.com\/es\/wp-content\/uploads\/sites\/2143\/2024\/07\/Screenshot-2024-07-29-at-18-22-04-SOA-club-Finanzas-_-Diario-768x459.png 768w, https:\/\/www.kananas.com\/es\/wp-content\/uploads\/sites\/2143\/2024\/07\/Screenshot-2024-07-29-at-18-22-04-SOA-club-Finanzas-_-Diario-1536x919.png 1536w, https:\/\/www.kananas.com\/es\/wp-content\/uploads\/sites\/2143\/2024\/07\/Screenshot-2024-07-29-at-18-22-04-SOA-club-Finanzas-_-Diario-2048x1225.png 2048w\" sizes=\"auto, (max-width: 1024px) 100vw, 1024px\" \/><\/figure>\n<\/div>\n\n\n<div style=\"height:30px\" aria-hidden=\"true\" class=\"wp-block-spacer\"><\/div>\n\n\n\n<p class=\"wp-block-paragraph\">Para obtener m\u00e1s informaci\u00f3n sobre contabilidad<\/p>\n\n\n<ul class=\"wp-block-page-list\"><li class=\"wp-block-pages-list__item\"><a class=\"wp-block-pages-list__item__link\" href=\"https:\/\/www.kananas.com\/es\/documentation\/contabilidad\/actas\/\">Actas<\/a><\/li><li class=\"wp-block-pages-list__item\"><a class=\"wp-block-pages-list__item__link\" href=\"https:\/\/www.kananas.com\/es\/documentation\/contabilidad\/configuracion\/\">Configuraci\u00f3n<\/a><\/li><li class=\"wp-block-pages-list__item\"><a class=\"wp-block-pages-list__item__link\" href=\"https:\/\/www.kananas.com\/es\/documentation\/contabilidad\/etiquetar-un-ingreso-o-un-gasto\/\">Etiquetar un ingreso o un gasto<\/a><\/li><li class=\"wp-block-pages-list__item\"><a class=\"wp-block-pages-list__item__link\" href=\"https:\/\/www.kananas.com\/es\/documentation\/contabilidad\/nuevo-ejercicio\/\">Nuevo ejercicio<\/a><\/li><li class=\"wp-block-pages-list__item\"><a class=\"wp-block-pages-list__item__link\" href=\"https:\/\/www.kananas.com\/es\/documentation\/contabilidad\/balance-y-cuenta-de-resultados\/\">Balance y cuenta de resultados<\/a><\/li><li class=\"wp-block-pages-list__item\"><a class=\"wp-block-pages-list__item__link\" href=\"https:\/\/www.kananas.com\/es\/documentation\/contabilidad\/cerrar-cuenta\/\">Cerrar cuenta<\/a><\/li><\/ul>","protected":false},"excerpt":{"rendered":"<p>La etiqueta es una etiqueta que adjuntas a una carpeta. Nuestro software de gesti\u00f3n de asociaciones te permite agregar etiquetas a tus transacciones contables. Esto permite marcar un recibo en el que hayas identificado un problema (por ejemplo, un cheque devuelto) o identificar los cheques que acabas de depositar en la cuenta bancaria de tu &#8230; <a title=\"Etiquetar un ingreso o un gasto\" class=\"read-more\" href=\"https:\/\/www.kananas.com\/es\/documentation\/contabilidad\/etiquetar-un-ingreso-o-un-gasto\/\" aria-label=\"En savoir plus sur Etiquetar un ingreso o un gasto\">Lire la suite<\/a><\/p>\n","protected":false},"author":1,"featured_media":0,"parent":4865,"menu_order":3,"comment_status":"closed","ping_status":"closed","template":"","meta":{"_crdt_document":"{\"document\":\"AAAH1tDg7AmBAsUBCIABEAMClkIEAwAOAwIIAgQCCAIGAwKCAagbBAIBAgoCQkoAsAgBAgoCQkoAlgYBAgoCQkoAogQBAgoBBUoAHgECCkoAEAECCgJCSgCgAwECCgJCSgCABQECCgEFSgAeAQIKSgAQAQIKAkIASgCcAQECCgJCSgCMBAECCgEESgAcAQIKSgAQAQIKAkJKALABAQIKAEroJb4lAQEIAEj8Jb4lQgoGyCYDAAEJSpAvAQIKSuSPAQMClkIGAhAEDAYKCAQCggEXnGqOHdCGAQMClkIGAhAEDAYKCAQCggGJAigDJwAEACcABACEBIEAhAGBAIQAgQCEAYEAhACBAIQAgQCEAIEAhACBAIQDJwAoBCcAKAAnAAcAKAMnAQQAKAAnAIcAKAMnAQQAKAAnAIcAKAMnAQQAKAAnAIcAKAMnACgBJwAoBCcAhwAoAycAKAAnAIcAKAMnAQQAKAAnAIcAKAMnAQQAKAAnAIcAKAMnACgBJwAoBCcAhwAoAycAKAAnAIcAKAMnAQQAKAEnAIcAKAMnAQQAKAAnAIcAKAMnACgBJwAoAycAhwAoAycAKAAnAIcAKAMnAQQAKAAnAIcAKAMnACgBJwAoAccAKAInASgAJwCoASgABACoAigLxwAoAycAKAAnAMT1MoUxc3RhdGV2ZXJzaW9uZG9jdW1lbnRkYXRlZG9jdW1lbnRzbHVnZG9jdW1lbnRzdGF0dXNkb2N1bWVudHRpdGxlRXRpcXVldGFyIHVuIGluZ3Jlc28gbyB1biBnYXN0b2RvY3VtZW50Y29udGVudDwhLS0gd3A6cGFyYWdyYXBoIC0tPgo8cD5MYSBldGlxdWV0YSBlcyB1bmEgZXRpcXVldGEgcXVlIGFkanVudGFzIGEgdW5hIGNhcnBldGEuIE51ZXN0cm8gc29mdHdhcmUgZGUgZ2VzdGnDs24gZGUgYXNvY2lhY2lvbmVzIHRlIHBlcm1pdGUgYWdyZWdhciBldGlxdWV0YXMgYSB0dXMgPGEgaHJlZj0iaHR0cHM6Ly93d3cua2FuYW5hcy5jb20vZW4vZG9jdW1lbnRhdGlvbi9hY2NvdW50aW5nL3RyYW5zYWN0aW9ucy8iIGRhdGEtdHlwZT0icGFnZSIgZGF0YS1pZD0iNDg2MyI+dHJhbnNhY2Npb25lcyBjb250YWJsZXM8L2E+LjwvcD4KPCEtLSAvd3A6cGFyYWdyYXBoIC0tPgoKPCEtLSB3cDpwYXJhZ3JhcGggLS0+CjxwPkVzdG8gcGVybWl0ZSBtYXJjYXIgdW4gcmVjaWJvIGVuIGVsIHF1ZSBoYXlhcyBpZGVudGlmaWNhZG8gdW4gcHJvYmxlbWEgKHBvciBlamVtcGxvLCB1biBjaGVxdWUgZGV2dWVsdG8pIG8gaWRlbnRpZmljYXIgbG9zIGNoZXF1ZXMgcXVlIGFjYWJhcyBkZSBkZXBvc2l0YXIgZW4gbGEgY3VlbnRhIGJhbmNhcmlhIGRlIHR1IGFzb2NpYWNpw7NuLjwvcD4KPCEtLSAvd3A6cGFyYWdyYXBoIC0tPgoKPCEtLSB3cDpwYXJhZ3JhcGggLS0+CjxwPlB1ZWRlcyBkZWZpbmlyIHRhbnRhcyBldGlxdWV0YXMgY29tbyBkZXNlZXMgdXRpbGl6YW5kbyBlbCBib3TDs24gPHN0cm9uZz4rIEV0aXF1ZXRhPC9zdHJvbmc+IHViaWNhZG8gZW4gZWwgZW5jYWJlemFkbyBkZWwgcmVjaWJvIG8gZ2FzdG8uPC9wPgo8IS0tIC93cDpwYXJhZ3JhcGggLS0+Cgo8IS0tIHdwOmltYWdlIHsiaWQiOjU0ODMsInNpemVTbHVnIjoibGFyZ2UiLCJsaW5rRGVzdGluYXRpb24iOiJub25lIiwiYWxpZ24iOiJjZW50ZXIifSAtLT4KPGZpZ3VyZSBjbGFzcz0id3AtYmxvY2staW1hZ2UgYWxpZ25jZW50ZXIgc2l6ZS1sYXJnZSI+PGltZyBzcmM9Imh0dHBzOi8vd3d3LmthbmFuYXMuY29tL2VzL3dwLWNvbnRlbnQvdXBsb2Fkcy9zaXRlcy8yMTQzLzIwMjQvMDcvU2NyZWVuc2hvdC0yMDI0LTA3LTI5LWF0LTE4LTIwLTU2LVNPQS1jbHViLVBheW1lbnQtMTAyNHg2MTYucG5nIiBhbHQ9IiIgY2xhc3M9IndwLWltYWdlLTU0ODMiIHRpdGxlPSIiLz48L2ZpZ3VyZT4KPCEtLSAvd3A6aW1hZ2UgLS0+Cgo8IS0tIHdwOnNwYWNlciB7ImhlaWdodCI6IjMwcHgifSAtLT4KPGRpdiBzdHlsZT0iaGVpZ2h0OjMwcHgiIGFyaWEtaGlkZGVuPSJ0cnVlIiBjbGFzcz0id3AtYmxvY2stc3BhY2VyIj48L2Rpdj4KPCEtLSAvd3A6c3BhY2VyIC0tPgoKPCEtLSB3cDpwYXJhZ3JhcGggLS0+CjxwPkx1ZWdvIHB1ZWRlcyByZWFsaXphciBiw7pzcXVlZGFzIGVuIGVzdG9zIHZhbG9yZXMgZGVzZGUgZWwgY2FtcG8gZGUgc2VsZWNjacOzbiBlbiBjb250YWJpbGlkYWQvaG9ub3JhcmlvLjwvcD4KPCEtLSAvd3A6cGFyYWdyYXBoIC0tPgoKPCEtLSB3cDpwYXJhZ3JhcGggLS0+CjxwPlRlbiBlbiBjdWVudGEgcXVlIHNpIGVzcGVjaWZpY2FzIG3Dumx0aXBsZXMgZXRpcXVldGFzIGVuIHR1cyBjcml0ZXJpb3MgZGUgc2VsZWNjacOzbiwgc29sbyBzZSBtb3N0cmFyw6FuIGxhcyBjYXJwZXRhcyBxdWUgY29udGVuZ2FuIHRvZGFzIGVzdGFzIGV0aXF1ZXRhcy48L3A+CjwhLS0gL3dwOnBhcmFncmFwaCAtLT4KCjwhLS0gd3A6aW1hZ2UgeyJpZCI6NTQ4NSwic2l6ZVNsdWciOiJsYXJnZSIsImxpbmtEZXN0aW5hdGlvbiI6Im5vbmUiLCJhbGlnbiI6ImNlbnRlciJ9IC0tPgo8ZmlndXJlIGNsYXNzPSJ3cC1ibG9jay1pbWFnZSBhbGlnbmNlbnRlciBzaXplLWxhcmdlIj48aW1nIHNyYz0iaHR0cHM6Ly93d3cua2FuYW5hcy5jb20vZXMvd3AtY29udGVudC91cGxvYWRzL3NpdGVzLzIxNDMvMjAyNC8wNy9TY3JlZW5zaG90LTIwMjQtMDctMjktYXQtMTgtMjMtMzktU09BLWNsdWItRmluYW56YXMtXy1EaWFyaW8tMTAyNHg2MTIucG5nIiBhbHQ9IiIgY2xhc3M9IndwLWltYWdlLTU0ODUiIHRpdGxlPSIiLz48L2ZpZ3VyZT4KPCEtLSAvd3A6aW1hZ2UgLS0+Cgo8IS0tIHdwOnNwYWNlciB7ImhlaWdodCI6IjMwcHgifSAtLT4KPGRpdiBzdHlsZT0iaGVpZ2h0OjMwcHgiIGFyaWEtaGlkZGVuPSJ0cnVlIiBjbGFzcz0id3AtYmxvY2stc3BhY2VyIj48L2Rpdj4KPCEtLSAvd3A6c3BhY2VyIC0tPgoKPCEtLSB3cDpoZWFkaW5nIHsibGV2ZWwiOjMtLWxzcy1vZW4iIGlkPSJ0YWctc3VyLXBsdXNpZXVycy1tb3V2ZW1lbnRzIj5FdGlxdWV0YXIgZW4gTcO6bHRpcGxlcyBUcmFuc2FjY2lvbmVzPC9oMz4KPCEtLSAvd3A6aGVhZGluZyAtLT4KCjwhLS0gd3A6cGFyYWdyYXBoIC0tPgo8cD5QYXJhIGV0aXF1ZXRhciB2YXJpYXMgdHJhbnNhY2Npb25lcyBhIGxhIHZleiwgc2VsZWNjacOzbmFsYXMgeSB1dGlsaXphIGxhIGZ1bmNpw7NuIGNvbGVjdGl2YSBlbiBsYSBwYXJ0ZSBzdXBlcmlvciBkZSBsYSBww6FnaW5hLjwvcD4KPCEtLSAvd3A6cGFyYWdyYXBoIC0tPgoKPCEtLSB3cDppbWFnZSB7ImlkIjo1NDg3LCJzaXplU2x1ZyI6ImxhcmdlIiwibGlua0Rlc3RpbmF0aW9uIjoibm9uZSIsImFsaWduIjoiY2VudGVyIn0gLS0+CjxmaWd1cmUgY2xhc3M9IndwLWJsb2NrLWltYWdlIGFsaWduY2VudGVyIHNpemUtbGFyZ2UiPjxpbWcgc3JjPSJodHRwczovL3d3dy5rYW5hbmFzLmNvbS9lcy93cC1jb250ZW50L3VwbG9hZHMvc2l0ZXMvMjE0My8yMDI0LzA3L1NjcmVlbnNob3QtMjAyNC0wNy0yOS1hdC0xOC0yMi0wNC1TT0EtY2x1Yi1GaW5hbnphcy1fLURpYXJpby0xMDI0eDYxMi5wbmciIGFsdD0iIiBjbGFzcz0id3AtaW1hZ2UtNTQ4NyIvPjwvZmlndXJlPgo8IS0tIC93cDppbWFnZSAtLT4KCjwhLS0gd3A6c3BhY2VyIHsiaGVpZ2h0IjoiMzBweCJ9IC0tPgo8ZGl2IHN0eWxlPSJoZWlnaHQ6MzBweCIgYXJpYS1oaWRkZW49InRydWUiIGNsYXNzPSJ3cC1ibG9jay1zcGFjZXIiPjwvZGl2Pgo8IS0tIC93cDpzcGFjZXIgLS0+Cgo8IS0tIHdwOnBhcmFncmFwaCAtLT4KPHA+UGFyYSBvYnRlbmVyIG3DoXMgaW5mb3JtYWNpw7NuIHNvYnJlIGNvbnRhYmlsaWRhZDwvcD4KPCEtLSAvd3A6cGFyYWdyYXBoIC0tPgoKPCEtLSB3cDpwYWdlLWxpc3QgeyJwYXJlbnRQYWdlSUQiOjQ4NjV9IC8tLT5kb2N1bWVudGV4Y2VycHRkb2N1bWVudGF1dGhvcmRvY3VtZW50ZmVhdHVyZWRfbWVkaWFkb2N1bWVudGNvbW1lbnRfc3RhdHVzZG9jdW1lbnRwaW5nX3N0YXR1c2RvY3VtZW50dGVtcGxhdGVkb2N1bWVudG1ldGFmb290bm90ZXNkb2N1bWVudGJsb2Nrc2NsaWVudElkaXNWYWxpZG9yaWdpbmFsQ29udGVudG5hbWVhdHRyaWJ1dGVzY29udGVudExhIGV0aXF1ZXRhIGVzIHVuYSBldGlxdWV0YSBxdWUgYWRqdW50YXMgYSB1bmEgY2FycGV0YS4gTnVlc3RybyBzb2Z0d2FyZSBkZSBnZXN0acOzbiBkZSBhc29jaWFjaW9uZXMgdGUgcGVybWl0ZSBhZ3JlZ2FyIGV0aXF1ZXRhcyBhIHR1cyA8YSBocmVmPSJodHRwczovL3d3dy5rYW5hbmFzLmNvbS9lbi9kb2N1bWVudGF0aW9uL2FjY291bnRpbmcvdHJhbnNhY3Rpb25zLyIgZGF0YS10eXBlPSJwYWdlIiBkYXRhLWlkPSI0ODYzIj50cmFuc2FjY2lvbmVzIGNvbnRhYmxlczwvYT4uZHJvcENhcGlubmVyQmxvY2tzY2xpZW50SWRpc1ZhbGlkb3JpZ2luYWxDb250ZW50bmFtZWF0dHJpYnV0ZXNjb250ZW50RXN0byBwZXJtaXRlIG1hcmNhciB1biByZWNpYm8gZW4gZWwgcXVlIGhheWFzIGlkZW50aWZpY2FkbyB1biBwcm9ibGVtYSAocG9yIGVqZW1wbG8sIHVuIGNoZXF1ZSBkZXZ1ZWx0bykgbyBpZGVudGlmaWNhciBsb3MgY2hlcXVlcyBxdWUgYWNhYmFzIGRlIGRlcG9zaXRhciBlbiBsYSBjdWVudGEgYmFuY2FyaWEgZGUgdHUgYXNvY2lhY2nDs24uZHJvcENhcGlubmVyQmxvY2tzY2xpZW50SWRpc1ZhbGlkb3JpZ2luYWxDb250ZW50bmFtZWF0dHJpYnV0ZXNjb250ZW50UHVlZGVzIGRlZmluaXIgdGFudGFzIGV0aXF1ZXRhcyBjb21vIGRlc2VlcyB1dGlsaXphbmRvIGVsIGJvdMOzbiA8c3Ryb25nPisgRXRpcXVldGE8L3N0cm9uZz4gdWJpY2FkbyBlbiBlbCBlbmNhYmV6YWRvIGRlbCByZWNpYm8gbyBnYXN0by5kcm9wQ2FwaW5uZXJCbG9ja3NjbGllbnRJZGlzVmFsaWRvcmlnaW5hbENvbnRlbnRuYW1lYXR0cmlidXRlc3VybGFsdGNhcHRpb250aXRsZWlkc2l6ZVNsdWdsaW5rRGVzdGluYXRpb25hbGlnbmlubmVyQmxvY2tzY2xpZW50SWRpc1ZhbGlkb3JpZ2luYWxDb250ZW50bmFtZWF0dHJpYnV0ZXNoZWlnaHRpbm5lckJsb2Nrc2NsaWVudElkaXNWYWxpZG9yaWdpbmFsQ29udGVudG5hbWVhdHRyaWJ1dGVzY29udGVudEx1ZWdvIHB1ZWRlcyByZWFsaXphciBiw7pzcXVlZGFzIGVuIGVzdG9zIHZhbG9yZXMgZGVzZGUgZWwgY2FtcG8gZGUgc2VsZWNjacOzbiBlbiBjb250YWJpbGlkYWQvaG9ub3JhcmlvLmRyb3BDYXBpbm5lckJsb2Nrc2NsaWVudElkaXNWYWxpZG9yaWdpbmFsQ29udGVudG5hbWVhdHRyaWJ1dGVzY29udGVudFRlbiBlbiBjdWVudGEgcXVlIHNpIGVzcGVjaWZpY2FzIG3Dumx0aXBsZXMgZXRpcXVldGFzIGVuIHR1cyBjcml0ZXJpb3MgZGUgc2VsZWNjacOzbiwgc29sbyBzZSBtb3N0cmFyw6FuIGxhcyBjYXJwZXRhcyBxdWUgY29udGVuZ2FuIHRvZGFzIGVzdGFzIGV0aXF1ZXRhcy5kcm9wQ2FwaW5uZXJCbG9ja3NjbGllbnRJZGlzVmFsaWRvcmlnaW5hbENvbnRlbnRuYW1lYXR0cmlidXRlc3VybGFsdGNhcHRpb250aXRsZWlkc2l6ZVNsdWdsaW5rRGVzdGluYXRpb25hbGlnbmlubmVyQmxvY2tzY2xpZW50SWRpc1ZhbGlkb3JpZ2luYWxDb250ZW50bmFtZWF0dHJpYnV0ZXNoZWlnaHRpbm5lckJsb2Nrc2NsaWVudElkaXNWYWxpZG9yaWdpbmFsQ29udGVudG5hbWVhdHRyaWJ1dGVzY29udGVudEV0aXF1ZXRhciBlbiBNw7psdGlwbGVzIFRyYW5zYWNjaW9uZXNsZXZlbGFuY2hvcmlubmVyQmxvY2tzY2xpZW50SWRpc1ZhbGlkb3JpZ2luYWxDb250ZW50bmFtZWF0dHJpYnV0ZXNjb250ZW50UGFyYSBldGlxdWV0YXIgdmFyaWFzIHRyYW5zYWNjaW9uZXMgYSBsYSB2ZXosIHNlbGVjY2nDs25hbGFzIHkgdXRpbGl6YSBsYSBmdW5jacOzbiBjb2xlY3RpdmEgZW4gbGEgcGFydGUgc3VwZXJpb3IgZGUgbGEgcMOhZ2luYS5kcm9wQ2FwaW5uZXJCbG9ja3NjbGllbnRJZGlzVmFsaWRvcmlnaW5hbENvbnRlbnRuYW1lYXR0cmlidXRlc3VybGFsdGNhcHRpb25pZHNpemVTbHVnbGlua0Rlc3RpbmF0aW9uYWxpZ25pbm5lckJsb2Nrc2NsaWVudElkaXNWYWxpZG9yaWdpbmFsQ29udGVudG5hbWVhdHRyaWJ1dGVzaGVpZ2h0aW5uZXJCbG9ja3NjbGllbnRJZGlzVmFsaWRvcmlnaW5hbENvbnRlbnRuYW1lYXR0cmlidXRlc2NvbnRlbnRQYXJhIG9idGVuZXIgbcOhcyBpbmZvcm1hY2nDs24gc29icmUgY29udGFiaWxpZGFkZHJvcENhcGlubmVyQmxvY2tzY2xpZW50SWRpc1ZhbGlkb3JpZ2luYWxDb250ZW50bmFtZWF0dHJpYnV0ZXNwYXJlbnRQYWdlSURpc05lc3RlZGlubmVyQmxvY2tzc3RhdGVzYXZlZEF0c3RhdGVzYXZlZEJ5Y2xpZW50SWRpc1ZhbGlkbmFtZWF0dHJpYnV0ZXNjb250ZW50ZHJvcENhcGlubmVyQmxvY2tzb3JpZ2luYWxDb250ZW50TGEgZXRpcXVldGEgZXMgdW5hIGV0aXF1ZXRhIHF1ZSBhZGp1bnRhcyBhIHVuYSBjYXJwZXRhLiBOdWVzdHJvIHNvZnR3YXJlIGRlIGdlc3Rpw7NuIGRlIGFzb2NpYWNpb25lcyB0ZSBwZXJtaXRlIGFncmVnYXIgZXRpcXVldGFzIGEgdHVzIDxhIGhyZWY9Imh0dHBzOi8vd3d3LmthbmFuYXMuY29tL2VuL2RvY3VtZW50YXRpb24vYWNjb3VudGluZy90cmFuc2FjdGlvbnMvIiBkYXRhLXR5cGU9InBhZ2UiIGRhdGEtaWQ9IjQ4NjMiPnRyYW5zYWNjaW9uZXMgY29udGFibGVzPC9hPi5wcmV0ZXh0Zm9ybWF0bGlua3JldmVyc2VPcmRlcmhpZGVvbkhvbWVpZ25vcmVDYWNoZXRleHRDb2xvcmJhY2tncm91bmRDb2xvcmFsaWdudHlwb2dyYXBoeWZvbnRTaXplc3R5bGVjbGllbnRJZGlzVmFsaWRvcmlnaW5hbENvbnRlbnRuYW1lYXR0cmlidXRlc2hlaWdodGlubmVyQmxvY2tzYmNuL2JyZWFkY3J1bWItdHJhaWwgLy0tPgoKPCEtLSB3OnNwY2UgeyJoZWlnaHQiOiIzMHB4In0gLS0+CjxkaXYgc3R5bGU9ImhlaWdodDozMHB4IiByaWEtaGlkZGVuPSJ0cnVlIiBjbGFzcz0id3AtYmxvY2stc3BhY2VyIj48L2Rpdj4KPCEtLSAvd3A6c3BhY2VyIC0tPgoKPCEtLSB3cDpwYXJhLCJhbmNob3IiOiJ0YWdzdXJwdWlldXJtdXZtZXRzfS0tPgo8aDMgIGNsYXNzPSJ3cC1ibG9jay1oZWFkaW5nIgUHCAQIBAgGCAUfCAcIQQKLIUEJIa0NCAcIBggOCA4IC0gBBAkIBggHDwQKB48EBwsIBw8ECgeCAwcLCAcPBAoHiAIHCwgHDwQKQwAHBQIIDwULCAcPBAoGCwgHDwQKB6cBBwsIBw8ECgeXAgcLCAcPBApDAAcFAggPBQsIBw8ECgYLCAcPBAoHJAUGCwgHDwQKB70BBwsIBw8ECkMABwIIDwULCAcPBAoGCwgHDwQKBy8HCwgHDwQKDAgLBQcFBwgHBApHAAsPjwQHBgQMCgsJDwUKCAUIBw8ECgYLIQMCMJIBDgNBAAQBQgEBCBkUAQQAAAEAAAABBgAAAQAAjwEBAQBDQgEBAEEAAgBBAAIAQQACAEEAAgBBAABBAAIAQQACAEEAAgBBAABBAAIAQQACAEEAAgBBAABBAAIAQQAAQQACAEEAAAxBAgIHAQQCBANBgAEB\/wEAfQF3EzIwMTYtMDMtMDhUMTg6MDY6MjR3H2V0aXF1ZXRhci11bi1pbmdyZXNvLW8tdW4tZ2FzdG93B3B1Ymxpc2h9AX0AdwZjbG9zZWR3BmNsb3NlZHcAdwB3JDNlNTkxMGNlLTE5ZjYtNDc1OC1hZGEwLTNmZTVkMjk4ZWUxM3h3lwI8cD5MYSBldGlxdWV0YSBlcyB1bmEgZXRpcXVldGEgcXVlIGFkanVudGFzIGEgdW5hIGNhcnBldGEuIE51ZXN0cm8gc29mdHdhcmUgZGUgZ2VzdGnDs24gZGUgYXNvY2lhY2lvbmVzIHRlIHBlcm1pdGUgYWdyZWdhciBldGlxdWV0YXMgYSB0dXMgPGEgaHJlZj0iaHR0cHM6Ly93d3cua2FuYW5hcy5jb20vZW4vZG9jdW1lbnRhdGlvbi9hY2NvdW50aW5nL3RyYW5zYWN0aW9ucy8iIGRhdGEtdHlwZT0icGFnZSIgZGF0YS1pZD0iNDg2MyI+dHJhbnNhY2Npb25lcyBjb250YWJsZXM8L2E+LjwvcD53DmNvcmUvcGFyYWdyYXBoeXckM2M3NTViYTktNGJiZS00MmFmLTg3NzMtZDAxMTE2YTE2ZWRheHfKATxwPkVzdG8gcGVybWl0ZSBtYXJjYXIgdW4gcmVjaWJvIGVuIGVsIHF1ZSBoYXlhcyBpZGVudGlmaWNhZG8gdW4gcHJvYmxlbWEgKHBvciBlamVtcGxvLCB1biBjaGVxdWUgZGV2dWVsdG8pIG8gaWRlbnRpZmljYXIgbG9zIGNoZXF1ZXMgcXVlIGFjYWJhcyBkZSBkZXBvc2l0YXIgZW4gbGEgY3VlbnRhIGJhbmNhcmlhIGRlIHR1IGFzb2NpYWNpw7NuLjwvcD53DmNvcmUvcGFyYWdyYXBoeXckN2RlMDhhNDgtNzdhZC00OGUyLTkyMWItNzU5ZDQ2YTE1NTFieHeQATxwPlB1ZWRlcyBkZWZpbmlyIHRhbnRhcyBldGlxdWV0YXMgY29tbyBkZXNlZXMgdXRpbGl6YW5kbyBlbCBib3TDs24gPHN0cm9uZz4rIEV0aXF1ZXRhPC9zdHJvbmc+IHViaWNhZG8gZW4gZWwgZW5jYWJlemFkbyBkZWwgcmVjaWJvIG8gZ2FzdG8uPC9wPncOY29yZS9wYXJhZ3JhcGh5dyQ0MDhiZjY1Yy05ZjZmLTQ1YmYtODdkZi1jMzUyYTc4ZDlkYjR4d\/IBPGZpZ3VyZSBjbGFzcz0id3AtYmxvY2staW1hZ2UgYWxpZ25jZW50ZXIgc2l6ZS1sYXJnZSI+PGltZyBzcmM9Imh0dHBzOi8vd3d3LmthbmFuYXMuY29tL2VzL3dwLWNvbnRlbnQvdXBsb2Fkcy9zaXRlcy8yMTQzLzIwMjQvMDcvU2NyZWVuc2hvdC0yMDI0LTA3LTI5LWF0LTE4LTIwLTU2LVNPQS1jbHViLVBheW1lbnQtMTAyNHg2MTYucG5nIiBhbHQ9IiIgY2xhc3M9IndwLWltYWdlLTU0ODMiIHRpdGxlPSIiLz48L2ZpZ3VyZT53CmNvcmUvaW1hZ2V3gAFodHRwczovL3d3dy5rYW5hbmFzLmNvbS9lcy93cC1jb250ZW50L3VwbG9hZHMvc2l0ZXMvMjE0My8yMDI0LzA3L1NjcmVlbnNob3QtMjAyNC0wNy0yOS1hdC0xOC0yMC01Ni1TT0EtY2x1Yi1QYXltZW50LTEwMjR4NjE2LnBuZ3cAdwB9q1V3BWxhcmdldwRub25ldwZjZW50ZXJ3JDliNGQ2MGQ4LTcxYmMtNDhiMC1iMzNiLTgzNmI0OTBkMWFhMHh3SjxkaXYgc3R5bGU9ImhlaWdodDozMHB4IiBhcmlhLWhpZGRlbj0idHJ1ZSIgY2xhc3M9IndwLWJsb2NrLXNwYWNlciI+PC9kaXY+dwtjb3JlL3NwYWNlcncEMzBweHckMjFmM2Y2YmQtMmZiZS00NDEzLTk1MzMtNWM5ZDRiYmJjYWRjeHdwPHA+THVlZ28gcHVlZGVzIHJlYWxpemFyIGLDunNxdWVkYXMgZW4gZXN0b3MgdmFsb3JlcyBkZXNkZSBlbCBjYW1wbyBkZSBzZWxlY2Npw7NuIGVuIGNvbnRhYmlsaWRhZC9ob25vcmFyaW8uPC9wPncOY29yZS9wYXJhZ3JhcGh5dyQ1YWM4NTI5Ny1kYzdlLTQ3OTgtYjIyZi1hNjFkNjZmNjA3MWJ4d6EBPHA+VGVuIGVuIGN1ZW50YSBxdWUgc2kgZXNwZWNpZmljYXMgbcO6bHRpcGxlcyBldGlxdWV0YXMgZW4gdHVzIGNyaXRlcmlvcyBkZSBzZWxlY2Npw7NuLCBzb2xvIHNlIG1vc3RyYXLDoW4gbGFzIGNhcnBldGFzIHF1ZSBjb250ZW5nYW4gdG9kYXMgZXN0YXMgZXRpcXVldGFzLjwvcD53DmNvcmUvcGFyYWdyYXBoeXckODc4MmRhNzItNzRjMS00NTUzLWJiODEtNWMyMGQxNjNlMjcxeHf8ATxmaWd1cmUgY2xhc3M9IndwLWJsb2NrLWltYWdlIGFsaWduY2VudGVyIHNpemUtbGFyZ2UiPjxpbWcgc3JjPSJodHRwczovL3d3dy5rYW5hbmFzLmNvbS9lcy93cC1jb250ZW50L3VwbG9hZHMvc2l0ZXMvMjE0My8yMDI0LzA3L1NjcmVlbnNob3QtMjAyNC0wNy0yOS1hdC0xOC0yMy0zOS1TT0EtY2x1Yi1GaW5hbnphcy1fLURpYXJpby0xMDI0eDYxMi5wbmciIGFsdD0iIiBjbGFzcz0id3AtaW1hZ2UtNTQ4NSIgdGl0bGU9IiIvPjwvZmlndXJlPncKY29yZS9pbWFnZXeKAWh0dHBzOi8vd3d3LmthbmFuYXMuY29tL2VzL3dwLWNvbnRlbnQvdXBsb2Fkcy9zaXRlcy8yMTQzLzIwMjQvMDcvU2NyZWVuc2hvdC0yMDI0LTA3LTI5LWF0LTE4LTIzLTM5LVNPQS1jbHViLUZpbmFuemFzLV8tRGlhcmlvLTEwMjR4NjEyLnBuZ3cAdwB9rVV3BWxhcmdldwRub25ldwZjZW50ZXJ3JGQzMGZiMTU1LWYwYjctNDMxNS1iYjRlLTZkNjRlZTk1ZjExN3h3SjxkaXYgc3R5bGU9ImhlaWdodDozMHB4IiBhcmlhLWhpZGRlbj0idHJ1ZSIgY2xhc3M9IndwLWJsb2NrLXNwYWNlciI+PC9kaXY+dwtjb3JlL3NwYWNlcncEMzBweHckNTM5MDNiZGYtNTRmMy00YWRiLTg1MjMtNjcxODRmYzcwZTlheHdpPGgzIGNsYXNzPSJ3cC1ibG9jay1oZWFkaW5nIiBpZD0idGFnLXN1ci1wbHVzaWV1cnMtbW91dmVtZW50cyI+RXRpcXVldGFyIGVuIE3Dumx0aXBsZXMgVHJhbnNhY2Npb25lczwvaDM+dwxjb3JlL2hlYWRpbmd9A3ccdGFnLXN1ci1wbHVzaWV1cnMtbW91dmVtZW50c3ckNGMzMjkyYzgtMWM0ZS00MGNlLTliYTMtZGFhY2FlNWMwYWRjeHeHATxwPlBhcmEgZXRpcXVldGFyIHZhcmlhcyB0cmFuc2FjY2lvbmVzIGEgbGEgdmV6LCBzZWxlY2Npw7NuYWxhcyB5IHV0aWxpemEgbGEgZnVuY2nDs24gY29sZWN0aXZhIGVuIGxhIHBhcnRlIHN1cGVyaW9yIGRlIGxhIHDDoWdpbmEuPC9wPncOY29yZS9wYXJhZ3JhcGh5dyQ3YTZlYmFlZC03YWM3LTRmYTItOGExNC0zMGI2MjU2NWM4NjZ4d\/MBPGZpZ3VyZSBjbGFzcz0id3AtYmxvY2staW1hZ2UgYWxpZ25jZW50ZXIgc2l6ZS1sYXJnZSI+PGltZyBzcmM9Imh0dHBzOi8vd3d3LmthbmFuYXMuY29tL2VzL3dwLWNvbnRlbnQvdXBsb2Fkcy9zaXRlcy8yMTQzLzIwMjQvMDcvU2NyZWVuc2hvdC0yMDI0LTA3LTI5LWF0LTE4LTIyLTA0LVNPQS1jbHViLUZpbmFuemFzLV8tRGlhcmlvLTEwMjR4NjEyLnBuZyIgYWx0PSIiIGNsYXNzPSJ3cC1pbWFnZS01NDg3Ii8+PC9maWd1cmU+dwpjb3JlL2ltYWdld4oBaHR0cHM6Ly93d3cua2FuYW5hcy5jb20vZXMvd3AtY29udGVudC91cGxvYWRzL3NpdGVzLzIxNDMvMjAyNC8wNy9TY3JlZW5zaG90LTIwMjQtMDctMjktYXQtMTgtMjItMDQtU09BLWNsdWItRmluYW56YXMtXy1EaWFyaW8tMTAyNHg2MTIucG5ndwB9r1V3BWxhcmdldwRub25ldwZjZW50ZXJ3JGUxNTkyZmJiLTk3ZTEtNDE2NS1iYWM1LTYzZWI4MTViNjJmYXh3SjxkaXYgc3R5bGU9ImhlaWdodDozMHB4IiBhcmlhLWhpZGRlbj0idHJ1ZSIgY2xhc3M9IndwLWJsb2NrLXNwYWNlciI+PC9kaXY+dwtjb3JlL3NwYWNlcncEMzBweHckMzc5YmZkYTktNTYyZi00NTdkLTkwYjItYmE2NzVhZWE1NGNkeHc4PHA+UGFyYSBvYnRlbmVyIG3DoXMgaW5mb3JtYWNpw7NuIHNvYnJlIGNvbnRhYmlsaWRhZDwvcD53DmNvcmUvcGFyYWdyYXBoeXckMzdkNzhkY2ItNDcwMi00ZDEwLWJkZWEtZWJkN2YzZTVlZTQ0eHcAdw5jb3JlL3BhZ2UtbGlzdH2BTHl7QnnhfXja4AB9ltDg7Al3JDc5MjgyZTkyLTFiMDktNGRjMC04ZTE2LTJiMDBmOTZmMzZjN3h3DmNvcmUvcGFyYWdyYXBoeXckNzkyODJlOTItMWIwOS00ZGMwLThlMTYtMmIwMGY5NmYzNmM3dyQ3NWY0YmY0ZS05Yjg4LTQxZTgtOWMwYy1hMDcyM2E3ZmI0MTN3lwI8cD5MYSBldGlxdWV0YSBlcyB1bmEgZXRpcXVldGEgcXVlIGFkanVudGFzIGEgdW5hIGNhcnBldGEuIE51ZXN0cm8gc29mdHdhcmUgZGUgZ2VzdGnDs24gZGUgYXNvY2lhY2lvbmVzIHRlIHBlcm1pdGUgYWdyZWdhciBldGlxdWV0YXMgYSB0dXMgPGEgaHJlZj0iaHR0cHM6Ly93d3cua2FuYW5hcy5jb20vZW4vZG9jdW1lbnRhdGlvbi9hY2NvdW50aW5nL3RyYW5zYWN0aW9ucy8iIGRhdGEtdHlwZT0icGFnZSIgZGF0YS1pZD0iNDg2MyI+dHJhbnNhY2Npb25lcyBjb250YWJsZXM8L2E+LjwvcD53JDc0YWE4NjgxLWVjZTctNDliZS05ZDFhLTBmZmJjY2RlMTMwNHcAdxRiY24vYnJlYWRjcnVtYi10cmFpbHcAdxNicmVhZGNydW1ibGlzdF9yZGZheHl5eHcAdwB3AHcAdwB1AHckZThiYzY3YTYtNGM4Yi00NmNjLTg3OGYtNDBkY2I5MjUxZjA3eHdKPGRpdiBzdHlsZT0iaGVpZ2h0OjMwcHgiIGFyaWEtaGlkZGVuPSJ0cnVlIiBjbGFzcz0id3AtYmxvY2stc3BhY2VyIj48L2Rpdj53C2NvcmUvc3BhY2VydwQzMHB4AZaosPYEDfwQAQIGAQACAwEBAQMBAgEAmgcAAQEBkAKpBwAGAA==\",\"updateId\":977394959}","footnotes":""},"class_list":["post-4817","page","type-page","status-publish"],"aioseo_notices":[],"_links":{"self":[{"href":"https:\/\/www.kananas.com\/es\/wp-json\/wp\/v2\/pages\/4817","targetHints":{"allow":["GET"]}}],"collection":[{"href":"https:\/\/www.kananas.com\/es\/wp-json\/wp\/v2\/pages"}],"about":[{"href":"https:\/\/www.kananas.com\/es\/wp-json\/wp\/v2\/types\/page"}],"author":[{"embeddable":true,"href":"https:\/\/www.kananas.com\/es\/wp-json\/wp\/v2\/users\/1"}],"replies":[{"embeddable":true,"href":"https:\/\/www.kananas.com\/es\/wp-json\/wp\/v2\/comments?post=4817"}],"version-history":[{"count":6,"href":"https:\/\/www.kananas.com\/es\/wp-json\/wp\/v2\/pages\/4817\/revisions"}],"predecessor-version":[{"id":6585,"href":"https:\/\/www.kananas.com\/es\/wp-json\/wp\/v2\/pages\/4817\/revisions\/6585"}],"up":[{"embeddable":true,"href":"https:\/\/www.kananas.com\/es\/wp-json\/wp\/v2\/pages\/4865"}],"wp:attachment":[{"href":"https:\/\/www.kananas.com\/es\/wp-json\/wp\/v2\/media?parent=4817"}],"curies":[{"name":"wp","href":"https:\/\/api.w.org\/{rel}","templated":true}]}}