{"id":4840,"date":"2016-02-26T17:58:43","date_gmt":"2016-02-26T15:58:43","guid":{"rendered":"https:\/\/www.kananas.com\/es\/documentation-31\/members\/statistics\/"},"modified":"2026-05-11T18:17:30","modified_gmt":"2026-05-11T16:17:30","slug":"estadisticas","status":"publish","type":"page","link":"https:\/\/www.kananas.com\/es\/documentation\/miembros\/estadisticas\/","title":{"rendered":"Estad\u00edsticas"},"content":{"rendered":"<div class=\"breadcrumbs align  wp-block-bcn-breadcrumb-trail has-text-color has-background\" vocab=\"https:\/\/schema.org\/\" typeof=\"BreadcrumbList\">\n\t<span><\/span>\n\t<span property=\"itemListElement\" typeof=\"ListItem\"><a property=\"item\" typeof=\"WebPage\" title=\"Aller \u00e0 kananas.\" href=\"https:\/\/www.kananas.com\/es\" class=\"home\" aria-current=\"page\"><span property=\"name\">kananas<\/span><\/a><meta property=\"position\" content=\"1\"><\/span><\/div>\n\n\n\n<div style=\"height:30px\" aria-hidden=\"true\" class=\"wp-block-spacer\"><\/div>\n\n\n\n<p class=\"wp-block-paragraph\">El CRM de Kananas te permite obtener diversas estad\u00edsticas y paneles de control para tu asociaci\u00f3n.<\/p>\n\n\n<div class=\"wp-block-image\">\n<figure class=\"aligncenter size-large\"><img loading=\"lazy\" decoding=\"async\" width=\"1024\" height=\"689\" src=\"https:\/\/www.kananas.com\/es\/wp-content\/uploads\/sites\/2143\/2024\/07\/Screenshot-2024-07-27-at-17-10-33-SOA-club-Inicio-1024x689.png\" alt=\"\" class=\"wp-image-5449\" title=\"\" srcset=\"https:\/\/www.kananas.com\/es\/wp-content\/uploads\/sites\/2143\/2024\/07\/Screenshot-2024-07-27-at-17-10-33-SOA-club-Inicio-1024x689.png 1024w, https:\/\/www.kananas.com\/es\/wp-content\/uploads\/sites\/2143\/2024\/07\/Screenshot-2024-07-27-at-17-10-33-SOA-club-Inicio-300x202.png 300w, https:\/\/www.kananas.com\/es\/wp-content\/uploads\/sites\/2143\/2024\/07\/Screenshot-2024-07-27-at-17-10-33-SOA-club-Inicio-768x516.png 768w, https:\/\/www.kananas.com\/es\/wp-content\/uploads\/sites\/2143\/2024\/07\/Screenshot-2024-07-27-at-17-10-33-SOA-club-Inicio-1536x1033.png 1536w, https:\/\/www.kananas.com\/es\/wp-content\/uploads\/sites\/2143\/2024\/07\/Screenshot-2024-07-27-at-17-10-33-SOA-club-Inicio-2048x1377.png 2048w\" sizes=\"auto, (max-width: 1024px) 100vw, 1024px\" \/><\/figure>\n<\/div>\n\n<div class=\"wp-block-image\">\n<figure class=\"aligncenter size-large\"><img loading=\"lazy\" decoding=\"async\" width=\"1024\" height=\"624\" src=\"https:\/\/www.kananas.com\/es\/wp-content\/uploads\/sites\/2143\/2024\/07\/Screenshot-2024-07-27-at-17-11-17-SOA-club-Tablero-de-control-contacto-1024x624.png\" alt=\"\" class=\"wp-image-5450\" srcset=\"https:\/\/www.kananas.com\/es\/wp-content\/uploads\/sites\/2143\/2024\/07\/Screenshot-2024-07-27-at-17-11-17-SOA-club-Tablero-de-control-contacto-1024x624.png 1024w, https:\/\/www.kananas.com\/es\/wp-content\/uploads\/sites\/2143\/2024\/07\/Screenshot-2024-07-27-at-17-11-17-SOA-club-Tablero-de-control-contacto-300x183.png 300w, https:\/\/www.kananas.com\/es\/wp-content\/uploads\/sites\/2143\/2024\/07\/Screenshot-2024-07-27-at-17-11-17-SOA-club-Tablero-de-control-contacto-768x468.png 768w, https:\/\/www.kananas.com\/es\/wp-content\/uploads\/sites\/2143\/2024\/07\/Screenshot-2024-07-27-at-17-11-17-SOA-club-Tablero-de-control-contacto-1536x936.png 1536w, https:\/\/www.kananas.com\/es\/wp-content\/uploads\/sites\/2143\/2024\/07\/Screenshot-2024-07-27-at-17-11-17-SOA-club-Tablero-de-control-contacto-2048x1248.png 2048w\" sizes=\"auto, (max-width: 1024px) 100vw, 1024px\" \/><\/figure>\n<\/div>\n\n<div class=\"wp-block-image\">\n<figure class=\"aligncenter size-large\"><img loading=\"lazy\" decoding=\"async\" width=\"1024\" height=\"650\" src=\"https:\/\/www.kananas.com\/es\/wp-content\/uploads\/sites\/2143\/2024\/07\/Screenshot-2024-07-27-at-17-11-42-SOA-club-Finanzas-_-Tablero-de-control-1024x650.png\" alt=\"\" class=\"wp-image-5451\" srcset=\"https:\/\/www.kananas.com\/es\/wp-content\/uploads\/sites\/2143\/2024\/07\/Screenshot-2024-07-27-at-17-11-42-SOA-club-Finanzas-_-Tablero-de-control-1024x650.png 1024w, https:\/\/www.kananas.com\/es\/wp-content\/uploads\/sites\/2143\/2024\/07\/Screenshot-2024-07-27-at-17-11-42-SOA-club-Finanzas-_-Tablero-de-control-300x191.png 300w, https:\/\/www.kananas.com\/es\/wp-content\/uploads\/sites\/2143\/2024\/07\/Screenshot-2024-07-27-at-17-11-42-SOA-club-Finanzas-_-Tablero-de-control-768x488.png 768w, https:\/\/www.kananas.com\/es\/wp-content\/uploads\/sites\/2143\/2024\/07\/Screenshot-2024-07-27-at-17-11-42-SOA-club-Finanzas-_-Tablero-de-control-1536x976.png 1536w, https:\/\/www.kananas.com\/es\/wp-content\/uploads\/sites\/2143\/2024\/07\/Screenshot-2024-07-27-at-17-11-42-SOA-club-Finanzas-_-Tablero-de-control-2048x1301.png 2048w\" sizes=\"auto, (max-width: 1024px) 100vw, 1024px\" \/><\/figure>\n<\/div>\n\n\n<p class=\"wp-block-paragraph\">NB: Puedes ir m\u00e1s all\u00e1 utilizando las funciones de <a href=\"https:\/\/www.kananas.com\/es\/documentation\/exportacion-de-datos\/\" data-type=\"page\" data-id=\"4893\">exportaci\u00f3n<\/a>, que te permitir\u00e1n utilizar tus datos en otro software (Hoja de c\u00e1lculo, etc.).<\/p>\n\n\n\n<div style=\"height:30px\" aria-hidden=\"true\" class=\"wp-block-spacer\"><\/div>\n\n\n\n<p class=\"wp-block-paragraph\">Para obtener m\u00e1s informaci\u00f3n sobre la gesti\u00f3n de contactos<\/p>\n\n\n<ul class=\"wp-block-page-list\"><li class=\"wp-block-pages-list__item\"><a class=\"wp-block-pages-list__item__link\" href=\"https:\/\/www.kananas.com\/es\/documentation\/miembros\/importacion-de-miembros\/\">Importaci\u00f3n de miembros<\/a><\/li><li class=\"wp-block-pages-list__item\"><a class=\"wp-block-pages-list__item__link\" href=\"https:\/\/www.kananas.com\/es\/documentation\/miembros\/personalizando-carpetas\/\">Personalizando carpetas<\/a><\/li><li class=\"wp-block-pages-list__item\"><a class=\"wp-block-pages-list__item__link\" href=\"https:\/\/www.kananas.com\/es\/documentation\/miembros\/personalizacion-de-vistas\/\">Personalizaci\u00f3n de vistas<\/a><\/li><li class=\"wp-block-pages-list__item has-child\"><a class=\"wp-block-pages-list__item__link\" href=\"https:\/\/www.kananas.com\/es\/documentation\/miembros\/afiliacion\/\">Afiliaci\u00f3n<\/a><ul class=\"wp-block-navigation__submenu-container\"><li class=\"wp-block-pages-list__item \"><a class=\"wp-block-pages-list__item__link\" href=\"https:\/\/www.kananas.com\/es\/documentation\/miembros\/afiliacion\/membresia-sin-contacto\/\">Membres\u00eda sin contacto<\/a><\/li><\/ul><\/li><li class=\"wp-block-pages-list__item\"><a class=\"wp-block-pages-list__item__link\" href=\"https:\/\/www.kananas.com\/es\/documentation\/miembros\/derechos-de-acceso\/\">Derechos de acceso<\/a><\/li><li class=\"wp-block-pages-list__item\"><a class=\"wp-block-pages-list__item__link\" href=\"https:\/\/www.kananas.com\/es\/documentation\/miembros\/carpetas-de-etiquetas\/\">Carpetas de etiquetas<\/a><\/li><li class=\"wp-block-pages-list__item\"><a class=\"wp-block-pages-list__item__link\" href=\"https:\/\/www.kananas.com\/es\/documentation\/miembros\/bolsa\/\">Carrito<\/a><\/li><li class=\"wp-block-pages-list__item\"><a class=\"wp-block-pages-list__item__link\" href=\"https:\/\/www.kananas.com\/es\/documentation\/miembros\/gestion-familiar\/\">Gesti\u00f3n familiar<\/a><\/li><li class=\"wp-block-pages-list__item\"><a class=\"wp-block-pages-list__item__link\" href=\"https:\/\/www.kananas.com\/es\/documentation\/miembros\/notas\/\">Notas<\/a><\/li><li class=\"wp-block-pages-list__item\"><a class=\"wp-block-pages-list__item__link\" href=\"https:\/\/www.kananas.com\/es\/documentation\/miembros\/espacio-personal\/\">Espacio personal<\/a><\/li><li class=\"wp-block-pages-list__item\"><a class=\"wp-block-pages-list__item__link\" href=\"https:\/\/www.kananas.com\/es\/documentation\/miembros\/estadisticas\/\">Estad\u00edsticas<\/a><\/li><li class=\"wp-block-pages-list__item\"><a class=\"wp-block-pages-list__item__link\" href=\"https:\/\/www.kananas.com\/es\/documentation\/miembros\/imprimir-tarjetas-de-membresia\/\">Imprimir tarjetas de membres\u00eda<\/a><\/li><li class=\"wp-block-pages-list__item\"><a class=\"wp-block-pages-list__item__link\" href=\"https:\/\/www.kananas.com\/es\/documentation\/miembros\/donaciones\/\">Donaciones<\/a><\/li><li class=\"wp-block-pages-list__item\"><a class=\"wp-block-pages-list__item__link\" href=\"https:\/\/www.kananas.com\/es\/documentation\/miembros\/pase-asociativo\/\">Pase asociativo<\/a><\/li><li class=\"wp-block-pages-list__item\"><a class=\"wp-block-pages-list__item__link\" href=\"https:\/\/www.kananas.com\/es\/documentation\/miembros\/certificado-medico\/\">Certificado m\u00e9dico<\/a><\/li><\/ul>","protected":false},"excerpt":{"rendered":"<p>El CRM de Kananas te permite obtener diversas estad\u00edsticas y paneles de control para tu asociaci\u00f3n. NB: Puedes ir m\u00e1s all\u00e1 utilizando las funciones de exportaci\u00f3n, que te permitir\u00e1n utilizar tus datos en otro software (Hoja de c\u00e1lculo, etc.). Para obtener m\u00e1s informaci\u00f3n sobre la gesti\u00f3n de contactos<\/p>\n","protected":false},"author":1,"featured_media":0,"parent":4900,"menu_order":9,"comment_status":"closed","ping_status":"closed","template":"","meta":{"_crdt_document":"{\"document\":\"AAAHyMSS+gKQAWgIGhADAoY5BAIBAgoCQkoAmAMBAgoBBUoAHgECCgEESgAcAQIKAQRKABwBAgoCQkoAiAgBAgpKABABAgoCQkoAhgIBAgoASswPog8BAQgASOAPog9CCgbsDwMAAQlKnBMBAgpK8EwDAgiePYoM9EgDApkBKAMnAAQAJwAEAIQEJwAoBCcAKAAnAAcAKAMnAQQAKAAnAIcAKAMnACgBJwAoBCcAhwAoAycAKAEnACgDJwCHACgDJwAoAScAKAMnAIcAKAMnAQQAKAAnAIcAKAMnACgAJwCHACgDJwEEACgAJwCHACgDJwAoAScAKAHHACgCJwEoACcAqAEoAAQAqAIoC8cAKAMnACgAJwDE7B3NHHN0YXRldmVyc2lvbmRvY3VtZW50ZGF0ZWRvY3VtZW50c2x1Z2RvY3VtZW50c3RhdHVzZG9jdW1lbnR0aXRsZUVzdGFkw61zdGljYXNkb2N1bWVudGNvbnRlbnQ8IS0tIHdwOnBhcmFncmFwaCAtLT4KPHA+RWwgQ1JNIGRlIEthbmFuYXMgdGUgcGVybWl0ZSBvYnRlbmVyIGRpdmVyc2FzIGVzdGFkw61zdGljYXMgeSBwYW5lbGVzIGRlIGNvbnRyb2wgcGFyYSB0dSBhc29jaWFjacOzbi48L3A+CjwhLS0gL3dwOnBhcmFncmFwaCAtLT4KCjwhLS0gd3A6aW1hZ2UgeyJpZCI6NTQ0OSwic2l6ZVNsdWciOiJsYXJnZSIsImxpbmtEZXN0aW5hdGlvbiI6Im5vbmUiLCJhbGlnbiI6ImNlbnRlciJ9IC0tPgo8ZmlndXJlIGNsYXNzPSJ3cC1ibG9jay1pbWFnZSBhbGlnbmNlbnRlciBzaXplLWxhcmdlIj48aW1nIHNyYz0iaHR0cHM6Ly93d3cua2FuYW5hcy5jb20vZXMvd3AtY29udGVudC91cGxvYWRzL3NpdGVzLzIxNDMvMjAyNC8wNy9TY3JlZW5zaG90LTIwMjQtMDctMjctYXQtMTctMTAtMzMtU09BLWNsdWItSW5pY2lvLTEwMjR4Njg5LnBuZyIgYWx0PSIiIGNsYXNzPSJ3cC1pbWFnZS01NDQ5IiB0aXRsZT0iIi8+PC9maWd1cmU+CjwhLS0gL3dwOmltYWdlIC0tPgoKPCEtLSB3cDppbWFnZSB7ImlkIjo1NDUwLCJzaXplU2x1ZyI6ImxhcmdlIiwibGlua0Rlc3RpbmF0aW9uIjoibm9uZSIsImFsaWduIjoiY2VudGVyIn0gLS0+CjxmaWd1cmUgY2xhc3M9IndwLWJsb2NrLWltYWdlIGFsaWduY2VudGVyIHNpemUtbGFyZ2UiPjxpbWcgc3JjPSJodHRwczovL3d3dy5rYW5hbmFzLmNvbS9lcy93cC1jb250ZW50L3VwbG9hZHMvc2l0ZXMvMjE0My8yMDI0LzA3L1NjcmVlbnNob3QtMjAyNC0wNy0yNy1hdC0xNy0xMS0xNy1TT0EtY2x1Yi1UYWJsZXJvLWRlLWNvbnRyb2wtY29udGFjdG8tMTAyNHg2MjQucG5nIiBhbHQ9IiIgY2xhc3M9IndwLWltYWdlLTU0NTAiLz48L2ZpZ3VyZT4KPCEtLSAvd3A6aW1hZ2UgLS0+Cgo8IS0tIHdwOmltYWdlIHsiaWQiOjU0NTEsInNpemVTbHVnIjoibGFyZ2UiLCJsaW5rRGVzdGluYXRpb24iOiJub25lIiwiYWxpZ24iOiJjZW50ZXIifSAtLT4KPGZpZ3VyZSBjbGFzcz0id3AtYmxvY2staW1hZ2UgYWxpZ25jZW50ZXIgc2l6ZS1sYXJnZSI+PGltZyBzcmM9Imh0dHBzOi8vd3d3LmthbmFuYXMuY29tL2VzL3dwLWNvbnRlbnQvdXBsb2Fkcy9zaXRlcy8yMTQzLzIwMjQvMDcvU2NyZWVuc2hvdC0yMDI0LTA3LTI3LWF0LTE3LTExLTQyLVNPQS1jbHViLUZpbmFuemFzLV8tVGFibGVyby1kZS1jb250cm9sLTEwMjR4NjUwLnBuZyIgYWx0PSIiIGNsYXNzPSJ3cC1pbWFnZS01NDUxIi8+PC9maWd1cmU+CjwhLS0gL3dwOmltYWdlIC0tPgoKPCEtLSB3cDpwYXJhZ3JhcGggLS0+CjxwPk5COiBQdWVkZXMgaXIgbcOhcyBhbGzDoSB1dGlsaXphbmRvIGxhcyBmdW5jaW9uZXMgZGUgPGEgaHJlZj0iaHR0cHM6Ly93d3cua2FuYW5hcy5jb20vZXMvZG9jdW1lbnRhdGlvbi9leHBvcnRhY2lvbi1kZS1kYXRvcy8iIGRhdGEtdHlwZT0icGFnZSIgZGF0YS1pZD0iNDg5MyI+ZXhwb3J0YWNpw7NuPC9hPiwgcXVlIHRlIHBlcm1pdGlyw6FuIHV0aWxpemFyIHR1cyBkYXRvcyBlbiBvdHJvIHNvZnR3YXJlIChIb2phIGRlIGPDoWxjdWxvLCBldGMuKS48L3A+CjwhLS0gL3dwOnBhcmFncmFwaCAtLT4KCjwhLS0gd3A6c3BhY2VyIHsiaGVpZ2h0IjoiMzBweCJ9IC0tPgo8ZGl2IHN0eWxlPSJoZWlnaHQ6MzBweCIgYXJpYS1oaWRkZW49InRydWUiIGNsYXNzPSJ3cC1ibG9jay1zcGFjZXIiPjwvZGl2Pgo8IS0tIC93cDpzcGFjZXIgLS0+Cgo8IS0tIHdwOnBhcmFncmFwaCAtLT4KPHA+UGFyYSBvYnRlbmVyIG3DoXMgaW5mb3JtYWNpw7NuIHNvYnJlIGxhIGdlc3Rpw7NuIGRlIGNvbnRhY3RvczwvcD4KPCEtLSAvd3A6cGFyYWdyYXBoIC0tPgoKPCEtLSB3cDpwYWdlLWxpc3QgeyJwYXJlbnRQYWdlSUQiOjQ5MDB9IC8tLT5kb2N1bWVudGV4Y2VycHRkb2N1bWVudGF1dGhvcmRvY3VtZW50ZmVhdHVyZWRfbWVkaWFkb2N1bWVudGNvbW1lbnRfc3RhdHVzZG9jdW1lbnRwaW5nX3N0YXR1c2RvY3VtZW50dGVtcGxhdGVkb2N1bWVudG1ldGFmb290bm90ZXNkb2N1bWVudGJsb2Nrc2NsaWVudElkaXNWYWxpZG9yaWdpbmFsQ29udGVudG5hbWVhdHRyaWJ1dGVzY29udGVudEVsIENSTSBkZSBLYW5hbmFzIHRlIHBlcm1pdGUgb2J0ZW5lciBkaXZlcnNhcyBlc3RhZMOtc3RpY2FzIHkgcGFuZWxlcyBkZSBjb250cm9sIHBhcmEgdHUgYXNvY2lhY2nDs24uZHJvcENhcGlubmVyQmxvY2tzY2xpZW50SWRpc1ZhbGlkb3JpZ2luYWxDb250ZW50bmFtZWF0dHJpYnV0ZXN1cmxhbHRjYXB0aW9udGl0bGVpZHNpemVTbHVnbGlua0Rlc3RpbmF0aW9uYWxpZ25pbm5lckJsb2Nrc2NsaWVudElkaXNWYWxpZG9yaWdpbmFsQ29udGVudG5hbWVhdHRyaWJ1dGVzdXJsYWx0Y2FwdGlvbmlkc2l6ZVNsdWdsaW5rRGVzdGluYXRpb25hbGlnbmlubmVyQmxvY2tzY2xpZW50SWRpc1ZhbGlkb3JpZ2luYWxDb250ZW50bmFtZWF0dHJpYnV0ZXN1cmxhbHRjYXB0aW9uaWRzaXplU2x1Z2xpbmtEZXN0aW5hdGlvbmFsaWduaW5uZXJCbG9ja3NjbGllbnRJZGlzVmFsaWRvcmlnaW5hbENvbnRlbnRuYW1lYXR0cmlidXRlc2NvbnRlbnROQjogUHVlZGVzIGlyIG3DoXMgYWxsw6EgdXRpbGl6YW5kbyBsYXMgZnVuY2lvbmVzIGRlIDxhIGhyZWY9Imh0dHBzOi8vd3d3LmthbmFuYXMuY29tL2VzL2RvY3VtZW50YXRpb24vZXhwb3J0YWNpb24tZGUtZGF0b3MvIiBkYXRhLXR5cGU9InBhZ2UiIGRhdGEtaWQ9IjQ4OTMiPmV4cG9ydGFjacOzbjwvYT4sIHF1ZSB0ZSBwZXJtaXRpcsOhbiB1dGlsaXphciB0dXMgZGF0b3MgZW4gb3RybyBzb2Z0d2FyZSAoSG9qYSBkZSBjw6FsY3VsbywgZXRjLikuZHJvcENhcGlubmVyQmxvY2tzY2xpZW50SWRpc1ZhbGlkb3JpZ2luYWxDb250ZW50bmFtZWF0dHJpYnV0ZXNoZWlnaHRpbm5lckJsb2Nrc2NsaWVudElkaXNWYWxpZG9yaWdpbmFsQ29udGVudG5hbWVhdHRyaWJ1dGVzY29udGVudFBhcmEgb2J0ZW5lciBtw6FzIGluZm9ybWFjacOzbiBzb2JyZSBsYSBnZXN0acOzbiBkZSBjb250YWN0b3Nkcm9wQ2FwaW5uZXJCbG9ja3NjbGllbnRJZGlzVmFsaWRvcmlnaW5hbENvbnRlbnRuYW1lYXR0cmlidXRlc3BhcmVudFBhZ2VJRGlzTmVzdGVkaW5uZXJCbG9ja3NzdGF0ZXNhdmVkQXRzdGF0ZXNhdmVkQnljbGllbnRJZGlzVmFsaWRuYW1lYXR0cmlidXRlc2NvbnRlbnRkcm9wQ2FwaW5uZXJCbG9ja3NvcmlnaW5hbENvbnRlbnRFbCBDUk0gZGUgS2FuYW5hcyB0ZSBwZXJtaXRlIG9idGVuZXIgZGl2ZXJzYXMgZXN0YWTDrXN0aWNhcyB5IHBhbmVsZXMgZGUgY29udHJvbCBwYXJhIHR1IGFzb2NpYWNpw7NuLnByZXRleHRmb3JtYXRsaW5rcmV2ZXJzZU9yZGVyaGlkZW9uSG9tZWlnbm9yZUNhY2hldGV4dENvbG9yYmFja2dyb3VuZENvbG9yYWxpZ250eXBvZ3JhcGh5Zm9udFNpemVzdHlsZWNsaWVudElkaXNWYWxpZG9yaWdpbmFsQ29udGVudG5hbWVhdHRyaWJ1dGVzaGVpZ2h0aW5uZXJCbG9ja3NiY24vYnJlYWRjcnVtYi10cmFpbCAvLS0+Cgo8IS0tIHc6c3BjZSB7ImhlaWdodCI6IjMwcHgifSAtLT4KPGRpdiBzdHlsZT0iaGVpZ2h0OjMwcHgiIHJpYS1oaWRkZW49InRydWUiIGNsYXNzPSJ3cC1ibG9jay1zcGFjZXIiPjwvZGl2Pgo8IS0tIC93cDpzcGFjZXIgLS0+Cgo8IS0tIHdwOnBhcmEFBwgECAQIBggFDAgHCEECnBwIBwgGCA4IDggLSAEECQgGCAcPBAoHowEHCwgHDwQKQwAHBQIIDwULCAcPBApDAAcCCA8FCwgHDwQKQwAHAggPBQsIBw8ECge7AwcLCAcPBAoGCwgHDwQKBzoHCwgHDwQKDAgLBQcFBwgHBApHAAsPowEHBgQMCgsJDwUKCAUIBw8ECgYLIQMCMJIBEwEEAAABAAAAAQYAAAEAAFIBAQApQgEBAEEAAgBBAAIAQQACAEEAAgBBAAIAQQAAQQACAEEAAEEAAgBBAAACQV4BmgEAfQF3EzIwMTYtMDItMjZUMTc6NTg6NDN3DGVzdGFkaXN0aWNhc3cHcHVibGlzaH0BfQB3BmNsb3NlZHcGY2xvc2VkdwB3AHckNTczZTE4NzgtZWJmZS00NzA0LWEzYTQtMDc5NjIzNGJhYzc5eHdsPHA+RWwgQ1JNIGRlIEthbmFuYXMgdGUgcGVybWl0ZSBvYnRlbmVyIGRpdmVyc2FzIGVzdGFkw61zdGljYXMgeSBwYW5lbGVzIGRlIGNvbnRyb2wgcGFyYSB0dSBhc29jaWFjacOzbi48L3A+dw5jb3JlL3BhcmFncmFwaHl3JGNmOWFhODVmLTU1ZTgtNDE3OS1iNzYxLTczZWU3MWRlNGFlMHh38QE8ZmlndXJlIGNsYXNzPSJ3cC1ibG9jay1pbWFnZSBhbGlnbmNlbnRlciBzaXplLWxhcmdlIj48aW1nIHNyYz0iaHR0cHM6Ly93d3cua2FuYW5hcy5jb20vZXMvd3AtY29udGVudC91cGxvYWRzL3NpdGVzLzIxNDMvMjAyNC8wNy9TY3JlZW5zaG90LTIwMjQtMDctMjctYXQtMTctMTAtMzMtU09BLWNsdWItSW5pY2lvLTEwMjR4Njg5LnBuZyIgYWx0PSIiIGNsYXNzPSJ3cC1pbWFnZS01NDQ5IiB0aXRsZT0iIi8+PC9maWd1cmU+dwpjb3JlL2ltYWdld39odHRwczovL3d3dy5rYW5hbmFzLmNvbS9lcy93cC1jb250ZW50L3VwbG9hZHMvc2l0ZXMvMjE0My8yMDI0LzA3L1NjcmVlbnNob3QtMjAyNC0wNy0yNy1hdC0xNy0xMC0zMy1TT0EtY2x1Yi1JbmljaW8tMTAyNHg2ODkucG5ndwB3AH2JVXcFbGFyZ2V3BG5vbmV3BmNlbnRlcnckZDMwYjg5YjEtN2M5Ny00ZDM4LWExYzEtZDAxOGMzNjIwMjY1eHf9ATxmaWd1cmUgY2xhc3M9IndwLWJsb2NrLWltYWdlIGFsaWduY2VudGVyIHNpemUtbGFyZ2UiPjxpbWcgc3JjPSJodHRwczovL3d3dy5rYW5hbmFzLmNvbS9lcy93cC1jb250ZW50L3VwbG9hZHMvc2l0ZXMvMjE0My8yMDI0LzA3L1NjcmVlbnNob3QtMjAyNC0wNy0yNy1hdC0xNy0xMS0xNy1TT0EtY2x1Yi1UYWJsZXJvLWRlLWNvbnRyb2wtY29udGFjdG8tMTAyNHg2MjQucG5nIiBhbHQ9IiIgY2xhc3M9IndwLWltYWdlLTU0NTAiLz48L2ZpZ3VyZT53CmNvcmUvaW1hZ2V3lAFodHRwczovL3d3dy5rYW5hbmFzLmNvbS9lcy93cC1jb250ZW50L3VwbG9hZHMvc2l0ZXMvMjE0My8yMDI0LzA3L1NjcmVlbnNob3QtMjAyNC0wNy0yNy1hdC0xNy0xMS0xNy1TT0EtY2x1Yi1UYWJsZXJvLWRlLWNvbnRyb2wtY29udGFjdG8tMTAyNHg2MjQucG5ndwB9ilV3BWxhcmdldwRub25ldwZjZW50ZXJ3JDJkNzgzMWNiLTMxYjEtNDU4YS1hYjIyLTMxYTg5ZjViMGVkY3h3\/wE8ZmlndXJlIGNsYXNzPSJ3cC1ibG9jay1pbWFnZSBhbGlnbmNlbnRlciBzaXplLWxhcmdlIj48aW1nIHNyYz0iaHR0cHM6Ly93d3cua2FuYW5hcy5jb20vZXMvd3AtY29udGVudC91cGxvYWRzL3NpdGVzLzIxNDMvMjAyNC8wNy9TY3JlZW5zaG90LTIwMjQtMDctMjctYXQtMTctMTEtNDItU09BLWNsdWItRmluYW56YXMtXy1UYWJsZXJvLWRlLWNvbnRyb2wtMTAyNHg2NTAucG5nIiBhbHQ9IiIgY2xhc3M9IndwLWltYWdlLTU0NTEiLz48L2ZpZ3VyZT53CmNvcmUvaW1hZ2V3lgFodHRwczovL3d3dy5rYW5hbmFzLmNvbS9lcy93cC1jb250ZW50L3VwbG9hZHMvc2l0ZXMvMjE0My8yMDI0LzA3L1NjcmVlbnNob3QtMjAyNC0wNy0yNy1hdC0xNy0xMS00Mi1TT0EtY2x1Yi1GaW5hbnphcy1fLVRhYmxlcm8tZGUtY29udHJvbC0xMDI0eDY1MC5wbmd3AH2LVXcFbGFyZ2V3BG5vbmV3BmNlbnRlcnckYzA0OTJmMDItNjRhYS00MGUzLWI5ZGYtYWNmNTM5N2JjZTA3eHeHAjxwPk5COiBQdWVkZXMgaXIgbcOhcyBhbGzDoSB1dGlsaXphbmRvIGxhcyBmdW5jaW9uZXMgZGUgPGEgaHJlZj0iaHR0cHM6Ly93d3cua2FuYW5hcy5jb20vZXMvZG9jdW1lbnRhdGlvbi9leHBvcnRhY2lvbi1kZS1kYXRvcy8iIGRhdGEtdHlwZT0icGFnZSIgZGF0YS1pZD0iNDg5MyI+ZXhwb3J0YWNpw7NuPC9hPiwgcXVlIHRlIHBlcm1pdGlyw6FuIHV0aWxpemFyIHR1cyBkYXRvcyBlbiBvdHJvIHNvZnR3YXJlIChIb2phIGRlIGPDoWxjdWxvLCBldGMuKS48L3A+dw5jb3JlL3BhcmFncmFwaHl3JGIzY2IyMWVhLWE3MDgtNDliOC1iM2FjLWY1YTM5NTZkZTUzMXh3SjxkaXYgc3R5bGU9ImhlaWdodDozMHB4IiBhcmlhLWhpZGRlbj0idHJ1ZSIgY2xhc3M9IndwLWJsb2NrLXNwYWNlciI+PC9kaXY+dwtjb3JlL3NwYWNlcncEMzBweHckMGRlNWQ0MTMtNDdhNC00NWUyLWEwMzgtYjAzYTMxNzdkYjlleHdEPHA+UGFyYSBvYnRlbmVyIG3DoXMgaW5mb3JtYWNpw7NuIHNvYnJlIGxhIGdlc3Rpw7NuIGRlIGNvbnRhY3RvczwvcD53DmNvcmUvcGFyYWdyYXBoeXckOGM3YTNjYjEtYThhNi00M2QwLWI3M2ItOGU0ZGE2YjA2ZTQ0eHcAdw5jb3JlL3BhZ2UtbGlzdH2kTHl7QnnhfUIk4AB9iMSS+gJ3JDIwYjdjY2NmLTQyM2EtNDZiMi1hMmEwLWMyMjI2OWNkOTkwMXh3DmNvcmUvcGFyYWdyYXBoeXckMjBiN2NjY2YtNDIzYS00NmIyLWEyYTAtYzIyMjY5Y2Q5OTAxdyRjMDdjNWNlYS1kYjAyLTRmNjgtOTRhNS02OWRlNTQxMDBiZDV3bDxwPkVsIENSTSBkZSBLYW5hbmFzIHRlIHBlcm1pdGUgb2J0ZW5lciBkaXZlcnNhcyBlc3RhZMOtc3RpY2FzIHkgcGFuZWxlcyBkZSBjb250cm9sIHBhcmEgdHUgYXNvY2lhY2nDs24uPC9wPnckOWVjNjMyMGItMTJlNS00NjViLTgwNzctM2QxMmUzOWE1YWJldwB3FGJjbi9icmVhZGNydW1iLXRyYWlsdwB3E2JyZWFkY3J1bWJsaXN0X3JkZmF4eXl4dwB3AHcAdwB3AHUAdyQ4N2IyN2NjMS02YjA0LTQxNTAtYjJkMi03MTM5NzRjMzA0YjF4d0o8ZGl2IHN0eWxlPSJoZWlnaHQ6MzBweCIgYXJpYS1oaWRkZW49InRydWUiIGNsYXNzPSJ3cC1ibG9jay1zcGFjZXIiPjwvZGl2PncLY29yZS9zcGFjZXJ3BDMwcHgBiKKJvQEFxA4AAQEBZIcDAAYA\",\"updateId\":761595147}","footnotes":""},"class_list":["post-4840","page","type-page","status-publish"],"aioseo_notices":[],"_links":{"self":[{"href":"https:\/\/www.kananas.com\/es\/wp-json\/wp\/v2\/pages\/4840","targetHints":{"allow":["GET"]}}],"collection":[{"href":"https:\/\/www.kananas.com\/es\/wp-json\/wp\/v2\/pages"}],"about":[{"href":"https:\/\/www.kananas.com\/es\/wp-json\/wp\/v2\/types\/page"}],"author":[{"embeddable":true,"href":"https:\/\/www.kananas.com\/es\/wp-json\/wp\/v2\/users\/1"}],"replies":[{"embeddable":true,"href":"https:\/\/www.kananas.com\/es\/wp-json\/wp\/v2\/comments?post=4840"}],"version-history":[{"count":7,"href":"https:\/\/www.kananas.com\/es\/wp-json\/wp\/v2\/pages\/4840\/revisions"}],"predecessor-version":[{"id":6542,"href":"https:\/\/www.kananas.com\/es\/wp-json\/wp\/v2\/pages\/4840\/revisions\/6542"}],"up":[{"embeddable":true,"href":"https:\/\/www.kananas.com\/es\/wp-json\/wp\/v2\/pages\/4900"}],"wp:attachment":[{"href":"https:\/\/www.kananas.com\/es\/wp-json\/wp\/v2\/media?parent=4840"}],"curies":[{"name":"wp","href":"https:\/\/api.w.org\/{rel}","templated":true}]}}