{"id":4845,"date":"2016-02-26T17:47:54","date_gmt":"2016-02-26T15:47:54","guid":{"rendered":"https:\/\/www.kananas.com\/es\/documentation-33\/products\/"},"modified":"2026-05-11T18:28:20","modified_gmt":"2026-05-11T16:28:20","slug":"almacenar","status":"publish","type":"page","link":"https:\/\/www.kananas.com\/es\/documentation\/almacenar\/","title":{"rendered":"Almacenar"},"content":{"rendered":"<div class=\"breadcrumbs align  wp-block-bcn-breadcrumb-trail has-text-color has-background\" vocab=\"https:\/\/schema.org\/\" typeof=\"BreadcrumbList\">\n\t<span><\/span>\n\t<span property=\"itemListElement\" typeof=\"ListItem\"><a property=\"item\" typeof=\"WebPage\" title=\"Aller \u00e0 kananas.\" href=\"https:\/\/www.kananas.com\/es\" class=\"home\" aria-current=\"page\"><span property=\"name\">kananas<\/span><\/a><meta property=\"position\" content=\"1\"><\/span><\/div>\n\n\n\n<div style=\"height:30px\" aria-hidden=\"true\" class=\"wp-block-spacer\"><\/div>\n\n\n\n<p class=\"wp-block-paragraph\">El CRM de Kananas te permite definir tu cat\u00e1logo de productos y realizar un seguimiento de las ventas. Puedes crear todo tipo de productos: camisetas, comidas, entrenamientos, etc. Ten en cuenta que la <a href=\"https:\/\/www.kananas.com\/es\/documentation\/miembros\/\" data-type=\"page\" data-id=\"4900\">membres\u00eda<\/a> en tu asociaci\u00f3n tambi\u00e9n se considera un producto.<\/p>\n\n\n\n<p class=\"wp-block-paragraph\">Encontrar\u00e1s el siguiente men\u00fa <strong>Tienda<\/strong>:<\/p>\n\n\n<div class=\"wp-block-image\">\n<figure class=\"aligncenter size-large\"><img loading=\"lazy\" decoding=\"async\" width=\"1024\" height=\"565\" src=\"https:\/\/www.kananas.com\/es\/wp-content\/uploads\/sites\/2143\/2024\/07\/Screenshot-2024-07-30-at-15-12-00-SOA-club-Lista-de-productos-1024x565.png\" alt=\"\" class=\"wp-image-5537\" srcset=\"https:\/\/www.kananas.com\/es\/wp-content\/uploads\/sites\/2143\/2024\/07\/Screenshot-2024-07-30-at-15-12-00-SOA-club-Lista-de-productos-1024x565.png 1024w, https:\/\/www.kananas.com\/es\/wp-content\/uploads\/sites\/2143\/2024\/07\/Screenshot-2024-07-30-at-15-12-00-SOA-club-Lista-de-productos-300x165.png 300w, https:\/\/www.kananas.com\/es\/wp-content\/uploads\/sites\/2143\/2024\/07\/Screenshot-2024-07-30-at-15-12-00-SOA-club-Lista-de-productos-768x423.png 768w, https:\/\/www.kananas.com\/es\/wp-content\/uploads\/sites\/2143\/2024\/07\/Screenshot-2024-07-30-at-15-12-00-SOA-club-Lista-de-productos-1536x847.png 1536w, https:\/\/www.kananas.com\/es\/wp-content\/uploads\/sites\/2143\/2024\/07\/Screenshot-2024-07-30-at-15-12-00-SOA-club-Lista-de-productos-2048x1129.png 2048w\" sizes=\"auto, (max-width: 1024px) 100vw, 1024px\" \/><\/figure>\n<\/div>\n\n\n<div style=\"height:20px\" aria-hidden=\"true\" class=\"wp-block-spacer\"><\/div>\n\n\n\n<p class=\"wp-block-paragraph\">Listado de ventas<\/p>\n\n\n<div class=\"wp-block-image\">\n<figure class=\"aligncenter size-large\"><img loading=\"lazy\" decoding=\"async\" width=\"1024\" height=\"565\" src=\"https:\/\/www.kananas.com\/es\/wp-content\/uploads\/sites\/2143\/2024\/07\/Screenshot-2024-07-30-at-15-12-57-SOA-club-Lista-de-productos-1024x565.png\" alt=\"\" class=\"wp-image-5539\" srcset=\"https:\/\/www.kananas.com\/es\/wp-content\/uploads\/sites\/2143\/2024\/07\/Screenshot-2024-07-30-at-15-12-57-SOA-club-Lista-de-productos-1024x565.png 1024w, https:\/\/www.kananas.com\/es\/wp-content\/uploads\/sites\/2143\/2024\/07\/Screenshot-2024-07-30-at-15-12-57-SOA-club-Lista-de-productos-300x165.png 300w, https:\/\/www.kananas.com\/es\/wp-content\/uploads\/sites\/2143\/2024\/07\/Screenshot-2024-07-30-at-15-12-57-SOA-club-Lista-de-productos-768x423.png 768w, https:\/\/www.kananas.com\/es\/wp-content\/uploads\/sites\/2143\/2024\/07\/Screenshot-2024-07-30-at-15-12-57-SOA-club-Lista-de-productos-1536x847.png 1536w, https:\/\/www.kananas.com\/es\/wp-content\/uploads\/sites\/2143\/2024\/07\/Screenshot-2024-07-30-at-15-12-57-SOA-club-Lista-de-productos-2048x1129.png 2048w\" sizes=\"auto, (max-width: 1024px) 100vw, 1024px\" \/><\/figure>\n<\/div>\n\n\n<p class=\"wp-block-paragraph\">Para obtener m\u00e1s informaci\u00f3n sobre los productos<\/p>\n\n\n<ul class=\"wp-block-page-list\"><li class=\"wp-block-pages-list__item\"><a class=\"wp-block-pages-list__item__link\" href=\"https:\/\/www.kananas.com\/es\/documentation\/almacenar\/definir-un-producto\/\">Definir un producto<\/a><\/li><li class=\"wp-block-pages-list__item\"><a class=\"wp-block-pages-list__item__link\" href=\"https:\/\/www.kananas.com\/es\/documentation\/almacenar\/vender-un-producto\/\">Vender un producto<\/a><\/li><li class=\"wp-block-pages-list__item\"><a class=\"wp-block-pages-list__item__link\" href=\"https:\/\/www.kananas.com\/es\/documentation\/almacenar\/pago\/\">Pago<\/a><\/li><li class=\"wp-block-pages-list__item\"><a class=\"wp-block-pages-list__item__link\" href=\"https:\/\/www.kananas.com\/es\/documentation\/almacenar\/seguimiento-de-ventas\/\">Seguimiento de ventas<\/a><\/li><li class=\"wp-block-pages-list__item\"><a class=\"wp-block-pages-list__item__link\" href=\"https:\/\/www.kananas.com\/es\/documentation\/almacenar\/facturas\/\">Facturas<\/a><\/li><\/ul>","protected":false},"excerpt":{"rendered":"<p>El CRM de Kananas te permite definir tu cat\u00e1logo de productos y realizar un seguimiento de las ventas. Puedes crear todo tipo de productos: camisetas, comidas, entrenamientos, etc. Ten en cuenta que la membres\u00eda en tu asociaci\u00f3n tambi\u00e9n se considera un producto. Encontrar\u00e1s el siguiente men\u00fa Tienda: Listado de ventas Para obtener m\u00e1s informaci\u00f3n sobre &#8230; <a title=\"Almacenar\" class=\"read-more\" href=\"https:\/\/www.kananas.com\/es\/documentation\/almacenar\/\" aria-label=\"En savoir plus sur Almacenar\">Lire la suite<\/a><\/p>\n","protected":false},"author":1,"featured_media":0,"parent":4864,"menu_order":5,"comment_status":"closed","ping_status":"closed","template":"","meta":{"_crdt_document":"{\"document\":\"AAAH383DixqNAWsIFBADApQxBAIBAgoCQkoAoAsBAgoCQkoAvgEBAgoBBEoAHAECCkoAEAECCgJCSgA0AQIKAQRKABwBAgoCQkoAsgEBAgoASswRohEBAQgASOARohFCCgbsEQMAAQlKpB0BAgpKxk8DArhCAgiuPYIGwkMDApkBKAMnAAQAJwAEAIQEJwAoBCcAKAAnAAcAKAMnAQQAKAAnAIcAKAMnAQQAKAAnAIcAKAMnACgBJwAoAycAhwAoAycAKAAnAIcAKAMnAQQAKAAnAIcAKAMnACgBJwAoAycAhwAoAycBBAAoACcAhwAoAycAKAEnACEBxwAoAicBKAAnAKgBKAAEAKgCKAvHACgDJwAoACcAxASojx72HHN0YXRldmVyc2lvbmRvY3VtZW50ZGF0ZWRvY3VtZW50c2x1Z2RvY3VtZW50c3RhdHVzZG9jdW1lbnR0aXRsZUFsbWFjZW5hcmRvY3VtZW50Y29udGVudDwhLS0gd3A6cGFyYWdyYXBoIC0tPgo8cD5FbCBDUk0gZGUgS2FuYW5hcyB0ZSBwZXJtaXRlIGRlZmluaXIgdHUgY2F0w6Fsb2dvIGRlIHByb2R1Y3RvcyB5IHJlYWxpemFyIHVuIHNlZ3VpbWllbnRvIGRlIGxhcyB2ZW50YXMuIFB1ZWRlcyBjcmVhciB0b2RvIHRpcG8gZGUgcHJvZHVjdG9zOiBjYW1pc2V0YXMsIGNvbWlkYXMsIGVudHJlbmFtaWVudG9zLCBldGMuIFRlbiBlbiBjdWVudGEgcXVlIGxhIDxhIGhyZWY9Imh0dHBzOi8vd3d3LmthbmFuYXMuY29tL2VzL2RvY3VtZW50YXRpb24vbWllbWJyb3MvIiBkYXRhLXR5cGU9InBhZ2UiIGRhdGEtaWQ9IjQ5MDAiPm1lbWJyZXPDrWE8L2E+IGVuIHR1IGFzb2NpYWNpw7NuIHRhbWJpw6luIHNlIGNvbnNpZGVyYSB1biBwcm9kdWN0by48L3A+CjwhLS0gL3dwOnBhcmFncmFwaCAtLT4KCjwhLS0gd3A6cGFyYWdyYXBoIC0tPgo8cD5FbmNvbnRyYXLDoXMgZWwgc2lndWllbnRlIG1lbsO6IDxzdHJvbmc+VGllbmRhPC9zdHJvbmc+OjwvcD4KPCEtLSAvd3A6cGFyYWdyYXBoIC0tPgoKPCEtLSB3cDppbWFnZSB7ImlkIjo1NTM3LCJzaXplU2x1ZyI6ImxhcmdlIiwibGlua0Rlc3RpbmF0aW9uIjoibm9uZSIsImFsaWduIjoiY2VudGVyIn0gLS0+CjxmaWd1cmUgY2xhc3M9IndwLWJsb2NrLWltYWdlIGFsaWduY2VudGVyIHNpemUtbGFyZ2UiPjxpbWcgc3JjPSJodHRwczovL3d3dy5rYW5hbmFzLmNvbS9lcy93cC1jb250ZW50L3VwbG9hZHMvc2l0ZXMvMjE0My8yMDI0LzA3L1NjcmVlbnNob3QtMjAyNC0wNy0zMC1hdC0xNS0xMi0wMC1TT0EtY2x1Yi1MaXN0YS1kZS1wcm9kdWN0b3MtMTAyNHg1NjUucG5nIiBhbHQ9IiIgY2xhc3M9IndwLWltYWdlLTU1MzciLz48L2ZpZ3VyZT4KPCEtLSAvd3A6aW1hZ2UgLS0+Cgo8IS0tIHdwOnNwYWNlciB7ImhlaWdodCI6IjIwcHgifSAtLT4KPGRpdiBzdHlsZT0iaGVpZ2h0OjIwcHgiIGFyaWEtaGlkZGVuPSJ0cnVlIiBjbGFzcz0id3AtYmxvY2stc3BhY2VyIj48L2Rpdj4KPCEtLSAvd3A6c3BhY2VyIC0tPgoKPCEtLSB3cDpwYXJhZ3JhcGggLS0+CjxwPkxpc3RhZG8gZGUgdmVudGFzPC9wPgo8IS0tIC93cDpwYXJhZ3JhcGggLS0+Cgo8IS0tIHdwOmltYWdlIHsiaWQiOjU1MzksInNpemVTbHVnIjoibGFyZ2UiLCJsaW5rRGVzdGluYXRpb24iOiJub25lIiwiYWxpZ24iOiJjZW50ZXIifSAtLT4KPGZpZ3VyZSBjbGFzcz0id3AtYmxvY2staW1hZ2UgYWxpZ25jZW50ZXIgc2l6ZS1sYXJnZSI+PGltZyBzcmM9Imh0dHBzOi8vd3d3LmthbmFuYXMuY29tL2VzL3dwLWNvbnRlbnQvdXBsb2Fkcy9zaXRlcy8yMTQzLzIwMjQvMDcvU2NyZWVuc2hvdC0yMDI0LTA3LTMwLWF0LTE1LTEyLTU3LVNPQS1jbHViLUxpc3RhLWRlLXByb2R1Y3Rvcy0xMDI0eDU2NS5wbmciIGFsdD0iIiBjbGFzcz0id3AtaW1hZ2UtNTUzOSIvPjwvZmlndXJlPgo8IS0tIC93cDppbWFnZSAtLT4KCjwhLS0gd3A6cGFyYWdyYXBoIC0tPgo8cD5QYXJhIG9idGVuZXIgbcOhcyBpbmZvcm1hY2nDs24gc29icmUgbG9zIHByb2R1Y3RvczwvcD4KPCEtLSAvd3A6cGFyYWdyYXBoIC0tPgoKPCEtLSB3cDpwYWdlLWxpc3QgeyJwYXJlbnRQYWdlSUQiOjQ4NDV9IC8tLT5kb2N1bWVudGV4Y2VycHRkb2N1bWVudGF1dGhvcmRvY3VtZW50ZmVhdHVyZWRfbWVkaWFkb2N1bWVudGNvbW1lbnRfc3RhdHVzZG9jdW1lbnRwaW5nX3N0YXR1c2RvY3VtZW50dGVtcGxhdGVkb2N1bWVudG1ldGFmb290bm90ZXNkb2N1bWVudGJsb2Nrc2NsaWVudElkaXNWYWxpZG9yaWdpbmFsQ29udGVudG5hbWVhdHRyaWJ1dGVzY29udGVudEVsIENSTSBkZSBLYW5hbmFzIHRlIHBlcm1pdGUgZGVmaW5pciB0dSBjYXTDoWxvZ28gZGUgcHJvZHVjdG9zIHkgcmVhbGl6YXIgdW4gc2VndWltaWVudG8gZGUgbGFzIHZlbnRhcy4gUHVlZGVzIGNyZWFyIHRvZG8gdGlwbyBkZSBwcm9kdWN0b3M6IGNhbWlzZXRhcywgY29taWRhcywgZW50cmVuYW1pZW50b3MsIGV0Yy4gVGVuIGVuIGN1ZW50YSBxdWUgbGEgPGEgaHJlZj0iaHR0cHM6Ly93d3cua2FuYW5hcy5jb20vZXMvZG9jdW1lbnRhdGlvbi9taWVtYnJvcy8iIGRhdGEtdHlwZT0icGFnZSIgZGF0YS1pZD0iNDkwMCI+bWVtYnJlc8OtYTwvYT4gZW4gdHUgYXNvY2lhY2nDs24gdGFtYmnDqW4gc2UgY29uc2lkZXJhIHVuIHByb2R1Y3RvLmRyb3BDYXBpbm5lckJsb2Nrc2NsaWVudElkaXNWYWxpZG9yaWdpbmFsQ29udGVudG5hbWVhdHRyaWJ1dGVzY29udGVudEVuY29udHJhcsOhcyBlbCBzaWd1aWVudGUgbWVuw7ogPHN0cm9uZz5UaWVuZGE8L3N0cm9uZz46ZHJvcENhcGlubmVyQmxvY2tzY2xpZW50SWRpc1ZhbGlkb3JpZ2luYWxDb250ZW50bmFtZWF0dHJpYnV0ZXN1cmxhbHRjYXB0aW9uaWRzaXplU2x1Z2xpbmtEZXN0aW5hdGlvbmFsaWduaW5uZXJCbG9ja3NjbGllbnRJZGlzVmFsaWRvcmlnaW5hbENvbnRlbnRuYW1lYXR0cmlidXRlc2hlaWdodGlubmVyQmxvY2tzY2xpZW50SWRpc1ZhbGlkb3JpZ2luYWxDb250ZW50bmFtZWF0dHJpYnV0ZXNjb250ZW50TGlzdGFkbyBkZSB2ZW50YXNkcm9wQ2FwaW5uZXJCbG9ja3NjbGllbnRJZGlzVmFsaWRvcmlnaW5hbENvbnRlbnRuYW1lYXR0cmlidXRlc3VybGFsdGNhcHRpb25pZHNpemVTbHVnbGlua0Rlc3RpbmF0aW9uYWxpZ25pbm5lckJsb2Nrc2NsaWVudElkaXNWYWxpZG9yaWdpbmFsQ29udGVudG5hbWVhdHRyaWJ1dGVzY29udGVudFBhcmEgb2J0ZW5lciBtw6FzIGluZm9ybWFjacOzbiBzb2JyZSBsb3MgcHJvZHVjdG9zZHJvcENhcGlubmVyQmxvY2tzY2xpZW50SWRpc1ZhbGlkb3JpZ2luYWxDb250ZW50bmFtZWF0dHJpYnV0ZXNwYXJlbnRQYWdlSURpc05lc3RlZGlubmVyQmxvY2tzc3RhdGVzYXZlZEF0c3RhdGVzYXZlZEJ5Y2xpZW50SWRpc1ZhbGlkbmFtZWF0dHJpYnV0ZXNjb250ZW50ZHJvcENhcGlubmVyQmxvY2tzb3JpZ2luYWxDb250ZW50RWwgQ1JNIGRlIEthbmFuYXMgdGUgcGVybWl0ZSBkZWZpbmlyIHR1IGNhdMOhbG9nbyBkZSBwcm9kdWN0b3MgeSByZWFsaXphciB1biBzZWd1aW1pZW50byBkZSBsYXMgdmVudGFzLiBQdWVkZXMgY3JlYXIgdG9kbyB0aXBvIGRlIHByb2R1Y3RvczogY2FtaXNldGFzLCBjb21pZGFzLCBlbnRyZW5hbWllbnRvcywgZXRjLiBUZW4gZW4gY3VlbnRhIHF1ZSBsYSA8YSBocmVmPSJodHRwczovL3d3dy5rYW5hbmFzLmNvbS9lcy9kb2N1bWVudGF0aW9uL21pZW1icm9zLyIgZGF0YS10eXBlPSJwYWdlIiBkYXRhLWlkPSI0OTAwIj5tZW1icmVzw61hPC9hPiBlbiB0dSBhc29jaWFjacOzbiB0YW1iacOpbiBzZSBjb25zaWRlcmEgdW4gcHJvZHVjdG8ucHJldGV4dGZvcm1hdGxpbmtyZXZlcnNlT3JkZXJoaWRlb25Ib21laWdub3JlQ2FjaGV0ZXh0Q29sb3JiYWNrZ3JvdW5kQ29sb3JhbGlnbnR5cG9ncmFwaHlmb250U2l6ZXN0eWxlY2xpZW50SWRpc1ZhbGlkb3JpZ2luYWxDb250ZW50bmFtZWF0dHJpYnV0ZXNoZWlnaHRpbm5lckJsb2Nrc2Jjbi9icmVhZGNydW1iLXRyYWlsIC8tLT4KCjwhLS0gdzpzcGNlIHsiaGVpZ2h0IjoiMzBweCJ9IC0tPgo8ZGl2IHN0eWxlPSJoZWlnaHQ6MzBweCIgcmlhLWhpZGRlbj0idHJ1ZSIgY2xhc3M9IndwLWJsb2NrLXNwYWNlciI+PC9kaXY+CjwhLS0gL3dwOnNwYWNlciAtLT4KCjwhLS0gd3A6cGFyYQUHCAQIBAgGCAUJCAcIQQKjGAgHCAYIDggOCAtIAQQJCAYIBw8ECgenBQcLCAcPBAoHNgcLCAcPBApDAAcCCA8FCwgHDwQKBgsIBw8ECgcRBwsIBw8ECkMABwIIDwULCAcPBAoHMAcLCAcPBAoMCAsFBwUHCAcECkcACw+nBQcGBAwKCwkPBQoIBQgHDwQKBgshAwIwkgETAQQAAAEAAAABBgAAAQAATQEBAClCAQEAQQACAEEAAgBBAAIAQQAAQQACAEEAAgBBAAIAQQAAQQACAEEAAAJBWgGXAQB9AXcTMjAxNi0wMi0yNlQxNzo0Nzo1NHcJYWxtYWNlbmFydwdwdWJsaXNofQF9AHcGY2xvc2VkdwZjbG9zZWR3AHcAdyQ0NzU0MGU5OS1jMDE0LTQ1OWQtYjAwZS00Yzg3MWJkNDgzYmV4d\/ICPHA+RWwgQ1JNIGRlIEthbmFuYXMgdGUgcGVybWl0ZSBkZWZpbmlyIHR1IGNhdMOhbG9nbyBkZSBwcm9kdWN0b3MgeSByZWFsaXphciB1biBzZWd1aW1pZW50byBkZSBsYXMgdmVudGFzLiBQdWVkZXMgY3JlYXIgdG9kbyB0aXBvIGRlIHByb2R1Y3RvczogY2FtaXNldGFzLCBjb21pZGFzLCBlbnRyZW5hbWllbnRvcywgZXRjLiBUZW4gZW4gY3VlbnRhIHF1ZSBsYSA8YSBocmVmPSJodHRwczovL3d3dy5rYW5hbmFzLmNvbS9lcy9kb2N1bWVudGF0aW9uL21pZW1icm9zLyIgZGF0YS10eXBlPSJwYWdlIiBkYXRhLWlkPSI0OTAwIj5tZW1icmVzw61hPC9hPiBlbiB0dSBhc29jaWFjacOzbiB0YW1iacOpbiBzZSBjb25zaWRlcmEgdW4gcHJvZHVjdG8uPC9wPncOY29yZS9wYXJhZ3JhcGh5dyQ5ZTU3ZTcwZS1kZGZjLTRjZTItOGFjNy03N2E4NWNmOThlMWR4dz88cD5FbmNvbnRyYXLDoXMgZWwgc2lndWllbnRlIG1lbsO6IDxzdHJvbmc+VGllbmRhPC9zdHJvbmc+OjwvcD53DmNvcmUvcGFyYWdyYXBoeXckNDA2YThiMjYtNjg1OC00YTI3LTg3MzAtNjYyOTQzMGE5Mjg4eHf0ATxmaWd1cmUgY2xhc3M9IndwLWJsb2NrLWltYWdlIGFsaWduY2VudGVyIHNpemUtbGFyZ2UiPjxpbWcgc3JjPSJodHRwczovL3d3dy5rYW5hbmFzLmNvbS9lcy93cC1jb250ZW50L3VwbG9hZHMvc2l0ZXMvMjE0My8yMDI0LzA3L1NjcmVlbnNob3QtMjAyNC0wNy0zMC1hdC0xNS0xMi0wMC1TT0EtY2x1Yi1MaXN0YS1kZS1wcm9kdWN0b3MtMTAyNHg1NjUucG5nIiBhbHQ9IiIgY2xhc3M9IndwLWltYWdlLTU1MzciLz48L2ZpZ3VyZT53CmNvcmUvaW1hZ2V3iwFodHRwczovL3d3dy5rYW5hbmFzLmNvbS9lcy93cC1jb250ZW50L3VwbG9hZHMvc2l0ZXMvMjE0My8yMDI0LzA3L1NjcmVlbnNob3QtMjAyNC0wNy0zMC1hdC0xNS0xMi0wMC1TT0EtY2x1Yi1MaXN0YS1kZS1wcm9kdWN0b3MtMTAyNHg1NjUucG5ndwB9oVZ3BWxhcmdldwRub25ldwZjZW50ZXJ3JGQ2ZDZlYTlkLTBhODYtNGQ1ZS05N2NkLTE5ZDJlNTliNWM0Nnh3SjxkaXYgc3R5bGU9ImhlaWdodDoyMHB4IiBhcmlhLWhpZGRlbj0idHJ1ZSIgY2xhc3M9IndwLWJsb2NrLXNwYWNlciI+PC9kaXY+dwtjb3JlL3NwYWNlcncEMjBweHckZmZkNGMxODQtOTA4Mi00NTlkLWE5Y2UtNjFkYWUwYWIyOTk2eHcYPHA+TGlzdGFkbyBkZSB2ZW50YXM8L3A+dw5jb3JlL3BhcmFncmFwaHl3JGJjYTIxOTE5LWMxOTItNGJhYy1iNmE2LWNlNGI4MDg2YWQ0YXh39AE8ZmlndXJlIGNsYXNzPSJ3cC1ibG9jay1pbWFnZSBhbGlnbmNlbnRlciBzaXplLWxhcmdlIj48aW1nIHNyYz0iaHR0cHM6Ly93d3cua2FuYW5hcy5jb20vZXMvd3AtY29udGVudC91cGxvYWRzL3NpdGVzLzIxNDMvMjAyNC8wNy9TY3JlZW5zaG90LTIwMjQtMDctMzAtYXQtMTUtMTItNTctU09BLWNsdWItTGlzdGEtZGUtcHJvZHVjdG9zLTEwMjR4NTY1LnBuZyIgYWx0PSIiIGNsYXNzPSJ3cC1pbWFnZS01NTM5Ii8+PC9maWd1cmU+dwpjb3JlL2ltYWdld4sBaHR0cHM6Ly93d3cua2FuYW5hcy5jb20vZXMvd3AtY29udGVudC91cGxvYWRzL3NpdGVzLzIxNDMvMjAyNC8wNy9TY3JlZW5zaG90LTIwMjQtMDctMzAtYXQtMTUtMTItNTctU09BLWNsdWItTGlzdGEtZGUtcHJvZHVjdG9zLTEwMjR4NTY1LnBuZ3cAfaNWdwVsYXJnZXcEbm9uZXcGY2VudGVydyRhNzNkMGJkMi1lYzVkLTQ2YzEtYTQ1My1jMDJkYTJkNmNlZDZ4dzk8cD5QYXJhIG9idGVuZXIgbcOhcyBpbmZvcm1hY2nDs24gc29icmUgbG9zIHByb2R1Y3RvczwvcD53DmNvcmUvcGFyYWdyYXBoeXckZDVjNTBiNDMtNDY3Ni00MmJjLThiNmItMTQzZDJjZDUwZjEzeHcAdw5jb3JlL3BhZ2UtbGlzdH2tS3l3JDcyYjcwYmQxLTFiZjQtNDIxNC1hMDdhLTVjNDUxNzY1NDdiZHh3DmNvcmUvcGFyYWdyYXBoeXckNzJiNzBiZDEtMWJmNC00MjE0LWEwN2EtNWM0NTE3NjU0N2JkdyQyODhmNmZjNi1kOGY5LTRkYjctOTU3Ny0zODgzZTI1OGQ3Yzh38gI8cD5FbCBDUk0gZGUgS2FuYW5hcyB0ZSBwZXJtaXRlIGRlZmluaXIgdHUgY2F0w6Fsb2dvIGRlIHByb2R1Y3RvcyB5IHJlYWxpemFyIHVuIHNlZ3VpbWllbnRvIGRlIGxhcyB2ZW50YXMuIFB1ZWRlcyBjcmVhciB0b2RvIHRpcG8gZGUgcHJvZHVjdG9zOiBjYW1pc2V0YXMsIGNvbWlkYXMsIGVudHJlbmFtaWVudG9zLCBldGMuIFRlbiBlbiBjdWVudGEgcXVlIGxhIDxhIGhyZWY9Imh0dHBzOi8vd3d3LmthbmFuYXMuY29tL2VzL2RvY3VtZW50YXRpb24vbWllbWJyb3MvIiBkYXRhLXR5cGU9InBhZ2UiIGRhdGEtaWQ9IjQ5MDAiPm1lbWJyZXPDrWE8L2E+IGVuIHR1IGFzb2NpYWNpw7NuIHRhbWJpw6luIHNlIGNvbnNpZGVyYSB1biBwcm9kdWN0by48L3A+dyQ1MjQ5NDE0My1kOWZkLTQwMmYtYWM3ZS0xNTk3NTFjOTMwNWF3AHcUYmNuL2JyZWFkY3J1bWItdHJhaWx3AHcTYnJlYWRjcnVtYmxpc3RfcmRmYXh5eXh3AHcAdwB3AHcAdQB3JGMyZjkxMTVmLWI4MjQtNDVkNC1hYzUwLTgwM2Q5NmMyYWE2M3h3SjxkaXYgc3R5bGU9ImhlaWdodDozMHB4IiBhcmlhLWhpZGRlbj0idHJ1ZSIgY2xhc3M9IndwLWJsb2NrLXNwYWNlciI+PC9kaXY+dwtjb3JlL3NwYWNlcncEMzBweHtCeeF941OgAHtB6hcOa+AAAAHf5uGFDQbIDAABAQHoAsABAQEABgA=\",\"updateId\":884822618}","footnotes":""},"class_list":["post-4845","page","type-page","status-publish"],"aioseo_notices":[],"_links":{"self":[{"href":"https:\/\/www.kananas.com\/es\/wp-json\/wp\/v2\/pages\/4845","targetHints":{"allow":["GET"]}}],"collection":[{"href":"https:\/\/www.kananas.com\/es\/wp-json\/wp\/v2\/pages"}],"about":[{"href":"https:\/\/www.kananas.com\/es\/wp-json\/wp\/v2\/types\/page"}],"author":[{"embeddable":true,"href":"https:\/\/www.kananas.com\/es\/wp-json\/wp\/v2\/users\/1"}],"replies":[{"embeddable":true,"href":"https:\/\/www.kananas.com\/es\/wp-json\/wp\/v2\/comments?post=4845"}],"version-history":[{"count":8,"href":"https:\/\/www.kananas.com\/es\/wp-json\/wp\/v2\/pages\/4845\/revisions"}],"predecessor-version":[{"id":6649,"href":"https:\/\/www.kananas.com\/es\/wp-json\/wp\/v2\/pages\/4845\/revisions\/6649"}],"up":[{"embeddable":true,"href":"https:\/\/www.kananas.com\/es\/wp-json\/wp\/v2\/pages\/4864"}],"wp:attachment":[{"href":"https:\/\/www.kananas.com\/es\/wp-json\/wp\/v2\/media?parent=4845"}],"curies":[{"name":"wp","href":"https:\/\/api.w.org\/{rel}","templated":true}]}}