{"id":4858,"date":"2016-02-26T17:49:26","date_gmt":"2016-02-26T15:49:26","guid":{"rendered":"https:\/\/www.kananas.com\/es\/documentation-37\/products\/track-sales\/"},"modified":"2026-05-11T18:29:55","modified_gmt":"2026-05-11T16:29:55","slug":"seguimiento-de-ventas","status":"publish","type":"page","link":"https:\/\/www.kananas.com\/es\/documentation\/almacenar\/seguimiento-de-ventas\/","title":{"rendered":"Seguimiento de ventas"},"content":{"rendered":"<div class=\"breadcrumbs align  wp-block-bcn-breadcrumb-trail has-text-color has-background\" vocab=\"https:\/\/schema.org\/\" typeof=\"BreadcrumbList\">\n\t<span><\/span>\n\t<span property=\"itemListElement\" typeof=\"ListItem\"><a property=\"item\" typeof=\"WebPage\" title=\"Aller \u00e0 kananas.\" href=\"https:\/\/www.kananas.com\/es\" class=\"home\" aria-current=\"page\"><span property=\"name\">kananas<\/span><\/a><meta property=\"position\" content=\"1\"><\/span><\/div>\n\n\n\n<div style=\"height:30px\" aria-hidden=\"true\" class=\"wp-block-spacer\"><\/div>\n\n\n\n<p class=\"wp-block-paragraph\">Para hacer un seguimiento de las ventas de tus productos, ve al men\u00fa <strong>Tienda<\/strong> y selecciona la pesta\u00f1a de <strong>ventas<\/strong>.<\/p>\n\n\n\n<p class=\"wp-block-paragraph\">La siguiente vista te proporcionar\u00e1 un resumen de las ventas realizadas agrupadas por mes.<\/p>\n\n\n<div class=\"wp-block-image\">\n<figure class=\"aligncenter size-large\"><img loading=\"lazy\" decoding=\"async\" width=\"1024\" height=\"565\" src=\"https:\/\/www.kananas.com\/es\/wp-content\/uploads\/sites\/2143\/2024\/07\/Screenshot-2024-07-30-at-15-12-57-SOA-club-Lista-de-productos-1024x565.png\" alt=\"\" class=\"wp-image-5539\" title=\"seguimiento de ventas de la tienda de la asociaci\u00f3n\" srcset=\"https:\/\/www.kananas.com\/es\/wp-content\/uploads\/sites\/2143\/2024\/07\/Screenshot-2024-07-30-at-15-12-57-SOA-club-Lista-de-productos-1024x565.png 1024w, https:\/\/www.kananas.com\/es\/wp-content\/uploads\/sites\/2143\/2024\/07\/Screenshot-2024-07-30-at-15-12-57-SOA-club-Lista-de-productos-300x165.png 300w, https:\/\/www.kananas.com\/es\/wp-content\/uploads\/sites\/2143\/2024\/07\/Screenshot-2024-07-30-at-15-12-57-SOA-club-Lista-de-productos-768x423.png 768w, https:\/\/www.kananas.com\/es\/wp-content\/uploads\/sites\/2143\/2024\/07\/Screenshot-2024-07-30-at-15-12-57-SOA-club-Lista-de-productos-1536x847.png 1536w, https:\/\/www.kananas.com\/es\/wp-content\/uploads\/sites\/2143\/2024\/07\/Screenshot-2024-07-30-at-15-12-57-SOA-club-Lista-de-productos-2048x1129.png 2048w\" sizes=\"auto, (max-width: 1024px) 100vw, 1024px\" \/><\/figure>\n<\/div>\n\n\n<div style=\"height:20px\" aria-hidden=\"true\" class=\"wp-block-spacer\"><\/div>\n\n\n\n<p class=\"wp-block-paragraph\">Para hacer un seguimiento de un producto en particular, puedes seleccionarlo en el filtro de ventas o utilizar la pesta\u00f1a de \u00ab\u00a0ventas\u00a0\u00bb en la carpeta del producto.<\/p>\n\n\n<div class=\"wp-block-image\">\n<figure class=\"aligncenter size-large\"><img loading=\"lazy\" decoding=\"async\" width=\"1024\" height=\"602\" src=\"https:\/\/www.kananas.com\/es\/wp-content\/uploads\/sites\/2143\/2024\/07\/Screenshot-2024-07-30-at-15-31-27-SOA-club-Producto-membresia-2024-1024x602.png\" alt=\"\" class=\"wp-image-5560\" title=\"ventas de productos de la tienda de la asociaci\u00f3n\" srcset=\"https:\/\/www.kananas.com\/es\/wp-content\/uploads\/sites\/2143\/2024\/07\/Screenshot-2024-07-30-at-15-31-27-SOA-club-Producto-membresia-2024-1024x602.png 1024w, https:\/\/www.kananas.com\/es\/wp-content\/uploads\/sites\/2143\/2024\/07\/Screenshot-2024-07-30-at-15-31-27-SOA-club-Producto-membresia-2024-300x176.png 300w, https:\/\/www.kananas.com\/es\/wp-content\/uploads\/sites\/2143\/2024\/07\/Screenshot-2024-07-30-at-15-31-27-SOA-club-Producto-membresia-2024-768x451.png 768w, https:\/\/www.kananas.com\/es\/wp-content\/uploads\/sites\/2143\/2024\/07\/Screenshot-2024-07-30-at-15-31-27-SOA-club-Producto-membresia-2024-1536x903.png 1536w, https:\/\/www.kananas.com\/es\/wp-content\/uploads\/sites\/2143\/2024\/07\/Screenshot-2024-07-30-at-15-31-27-SOA-club-Producto-membresia-2024-2048x1204.png 2048w\" sizes=\"auto, (max-width: 1024px) 100vw, 1024px\" \/><\/figure>\n<\/div>\n\n\n<div style=\"height:20px\" aria-hidden=\"true\" class=\"wp-block-spacer\"><\/div>\n\n\n\n<p class=\"wp-block-paragraph\">Para obtener m\u00e1s informaci\u00f3n sobre productos<\/p>\n\n\n<ul class=\"wp-block-page-list\"><li class=\"wp-block-pages-list__item\"><a class=\"wp-block-pages-list__item__link\" href=\"https:\/\/www.kananas.com\/es\/documentation\/almacenar\/definir-un-producto\/\">Definir un producto<\/a><\/li><li class=\"wp-block-pages-list__item\"><a class=\"wp-block-pages-list__item__link\" href=\"https:\/\/www.kananas.com\/es\/documentation\/almacenar\/vender-un-producto\/\">Vender un producto<\/a><\/li><li class=\"wp-block-pages-list__item\"><a class=\"wp-block-pages-list__item__link\" href=\"https:\/\/www.kananas.com\/es\/documentation\/almacenar\/pago\/\">Pago<\/a><\/li><li class=\"wp-block-pages-list__item\"><a class=\"wp-block-pages-list__item__link\" href=\"https:\/\/www.kananas.com\/es\/documentation\/almacenar\/seguimiento-de-ventas\/\">Seguimiento de ventas<\/a><\/li><li class=\"wp-block-pages-list__item\"><a class=\"wp-block-pages-list__item__link\" href=\"https:\/\/www.kananas.com\/es\/documentation\/almacenar\/facturas\/\">Facturas<\/a><\/li><\/ul>","protected":false},"excerpt":{"rendered":"<p>Para hacer un seguimiento de las ventas de tus productos, ve al men\u00fa Tienda y selecciona la pesta\u00f1a de ventas. La siguiente vista te proporcionar\u00e1 un resumen de las ventas realizadas agrupadas por mes. Para hacer un seguimiento de un producto en particular, puedes seleccionarlo en el filtro de ventas o utilizar la pesta\u00f1a de &#8230; <a title=\"Seguimiento de ventas\" class=\"read-more\" href=\"https:\/\/www.kananas.com\/es\/documentation\/almacenar\/seguimiento-de-ventas\/\" aria-label=\"En savoir plus sur Seguimiento de ventas\">Lire la suite<\/a><\/p>\n","protected":false},"author":1,"featured_media":0,"parent":4845,"menu_order":3,"comment_status":"closed","ping_status":"closed","template":"","meta":{"_crdt_document":"{\"document\":\"AAAH4JyQ0ReVAW8ILBADAoY4BAIBAgoCQkoAsgQBAgoCQkoAhgMBAgoBBUoAHgECCkoAEAECCgJCSgCUBQECCgEFSgAeAQIKSgAQAQIKAkJKAKoBAQIKAErSEKgQAQEIAEjmEKgQQgoG8hADAAEJSrwVAQIKStBOAwIIij62C\/pIAwKhASgDJwAEACcABACEBCcAKAQnACgAJwAHACgDJwEEACgAJwCHACgDJwEEACgAJwCHACgDJwAoAScAKAQnAIcAKAMnACgAJwCHACgDJwEEACgAJwCHACgDJwAoAScAKAQnAIcAKAMnACgAJwCHACgDJwEEACgAJwCHACgDJwAoAScAKAHHACgCJwEoACcAqAEoAAQAqAIoC8cAKAMnACgAJwDExB6gHXN0YXRldmVyc2lvbmRvY3VtZW50ZGF0ZWRvY3VtZW50c2x1Z2RvY3VtZW50c3RhdHVzZG9jdW1lbnR0aXRsZVNlZ3VpbWllbnRvIGRlIHZlbnRhc2RvY3VtZW50Y29udGVudDwhLS0gd3A6cGFyYWdyYXBoIC0tPgo8cD5QYXJhIGhhY2VyIHVuIHNlZ3VpbWllbnRvIGRlIGxhcyB2ZW50YXMgZGUgdHVzIHByb2R1Y3RvcywgdmUgYWwgbWVuw7ogPHN0cm9uZz5UaWVuZGE8L3N0cm9uZz4geSBzZWxlY2Npb25hIGxhIHBlc3Rhw7FhIGRlIDxzdHJvbmc+dmVudGFzPC9zdHJvbmc+LjwvcD4KPCEtLSAvd3A6cGFyYWdyYXBoIC0tPgoKPCEtLSB3cDpwYXJhZ3JhcGggLS0+CjxwPkxhIHNpZ3VpZW50ZSB2aXN0YSB0ZSBwcm9wb3JjaW9uYXLDoSB1biByZXN1bWVuIGRlIGxhcyB2ZW50YXMgcmVhbGl6YWRhcyBhZ3J1cGFkYXMgcG9yIG1lcy48L3A+CjwhLS0gL3dwOnBhcmFncmFwaCAtLT4KCjwhLS0gd3A6aW1hZ2UgeyJpZCI6NTUzOSwic2l6ZVNsdWciOiJsYXJnZSIsImxpbmtEZXN0aW5hdGlvbiI6Im5vbmUiLCJhbGlnbiI6ImNlbnRlciJ9IC0tPgo8ZmlndXJlIGNsYXNzPSJ3cC1ibG9jay1pbWFnZSBhbGlnbmNlbnRlciBzaXplLWxhcmdlIj48aW1nIHNyYz0iaHR0cHM6Ly93d3cua2FuYW5hcy5jb20vZXMvd3AtY29udGVudC91cGxvYWRzL3NpdGVzLzIxNDMvMjAyNC8wNy9TY3JlZW5zaG90LTIwMjQtMDctMzAtYXQtMTUtMTItNTctU09BLWNsdWItTGlzdGEtZGUtcHJvZHVjdG9zLTEwMjR4NTY1LnBuZyIgYWx0PSIiIGNsYXNzPSJ3cC1pbWFnZS01NTM5IiB0aXRsZT0ic2VndWltaWVudG8gZGUgdmVudGFzIGRlIGxhIHRpZW5kYSBkZSBsYSBhc29jaWFjacOzbiIvPjwvZmlndXJlPgo8IS0tIC93cDppbWFnZSAtLT4KCjwhLS0gd3A6c3BhY2VyIHsiaGVpZ2h0IjoiMjBweCJ9IC0tPgo8ZGl2IHN0eWxlPSJoZWlnaHQ6MjBweCIgYXJpYS1oaWRkZW49InRydWUiIGNsYXNzPSJ3cC1ibG9jay1zcGFjZXIiPjwvZGl2Pgo8IS0tIC93cDpzcGFjZXIgLS0+Cgo8IS0tIHdwOnBhcmFncmFwaCAtLT4KPHA+UGFyYSBoYWNlciB1biBzZWd1aW1pZW50byBkZSB1biBwcm9kdWN0byBlbiBwYXJ0aWN1bGFyLCBwdWVkZXMgc2VsZWNjaW9uYXJsbyBlbiBlbCBmaWx0cm8gZGUgdmVudGFzIG8gdXRpbGl6YXIgbGEgcGVzdGHDsWEgZGUgInZlbnRhcyIgZW4gbGEgY2FycGV0YSBkZWwgcHJvZHVjdG8uPC9wPgo8IS0tIC93cDpwYXJhZ3JhcGggLS0+Cgo8IS0tIHdwOmltYWdlIHsiaWQiOjU1NjAsInNpemVTbHVnIjoibGFyZ2UiLCJsaW5rRGVzdGluYXRpb24iOiJub25lIiwiYWxpZ24iOiJjZW50ZXIifSAtLT4KPGZpZ3VyZSBjbGFzcz0id3AtYmxvY2staW1hZ2UgYWxpZ25jZW50ZXIgc2l6ZS1sYXJnZSI+PGltZyBzcmM9Imh0dHBzOi8vd3d3LmthbmFuYXMuY29tL2VzL3dwLWNvbnRlbnQvdXBsb2Fkcy9zaXRlcy8yMTQzLzIwMjQvMDcvU2NyZWVuc2hvdC0yMDI0LTA3LTMwLWF0LTE1LTMxLTI3LVNPQS1jbHViLVByb2R1Y3RvLW1lbWJyZXNpYS0yMDI0LTEwMjR4NjAyLnBuZyIgYWx0PSIiIGNsYXNzPSJ3cC1pbWFnZS01NTYwIiB0aXRsZT0idmVudGFzIGRlIHByb2R1Y3RvcyBkZSBsYSB0aWVuZGEgZGUgbGEgYXNvY2lhY2nDs24iLz48L2ZpZ3VyZT4KPCEtLSAvd3A6aW1hZ2UgLS0+Cgo8IS0tIHdwOnNwYWNlciB7ImhlaWdodCI6IjIwcHgifSAtLT4KPGRpdiBzdHlsZT0iaGVpZ2h0OjIwcHgiIGFyaWEtaGlkZGVuPSJ0cnVlIiBjbGFzcz0id3AtYmxvY2stc3BhY2VyIj48L2Rpdj4KPCEtLSAvd3A6c3BhY2VyIC0tPgoKPCEtLSB3cDpwYXJhZ3JhcGggLS0+CjxwPlBhcmEgb2J0ZW5lciBtw6FzIGluZm9ybWFjacOzbiBzb2JyZSBwcm9kdWN0b3M8L3A+CjwhLS0gL3dwOnBhcmFncmFwaCAtLT4KCjwhLS0gd3A6cGFnZS1saXN0IHsicGFyZW50UGFnZUlEIjo0ODQ1fSAvLS0+ZG9jdW1lbnRleGNlcnB0ZG9jdW1lbnRhdXRob3Jkb2N1bWVudGZlYXR1cmVkX21lZGlhZG9jdW1lbnRjb21tZW50X3N0YXR1c2RvY3VtZW50cGluZ19zdGF0dXNkb2N1bWVudHRlbXBsYXRlZG9jdW1lbnRtZXRhZm9vdG5vdGVzZG9jdW1lbnRibG9ja3NjbGllbnRJZGlzVmFsaWRvcmlnaW5hbENvbnRlbnRuYW1lYXR0cmlidXRlc2NvbnRlbnRQYXJhIGhhY2VyIHVuIHNlZ3VpbWllbnRvIGRlIGxhcyB2ZW50YXMgZGUgdHVzIHByb2R1Y3RvcywgdmUgYWwgbWVuw7ogPHN0cm9uZz5UaWVuZGE8L3N0cm9uZz4geSBzZWxlY2Npb25hIGxhIHBlc3Rhw7FhIGRlIDxzdHJvbmc+dmVudGFzPC9zdHJvbmc+LmRyb3BDYXBpbm5lckJsb2Nrc2NsaWVudElkaXNWYWxpZG9yaWdpbmFsQ29udGVudG5hbWVhdHRyaWJ1dGVzY29udGVudExhIHNpZ3VpZW50ZSB2aXN0YSB0ZSBwcm9wb3JjaW9uYXLDoSB1biByZXN1bWVuIGRlIGxhcyB2ZW50YXMgcmVhbGl6YWRhcyBhZ3J1cGFkYXMgcG9yIG1lcy5kcm9wQ2FwaW5uZXJCbG9ja3NjbGllbnRJZGlzVmFsaWRvcmlnaW5hbENvbnRlbnRuYW1lYXR0cmlidXRlc3VybGFsdGNhcHRpb250aXRsZWlkc2l6ZVNsdWdsaW5rRGVzdGluYXRpb25hbGlnbmlubmVyQmxvY2tzY2xpZW50SWRpc1ZhbGlkb3JpZ2luYWxDb250ZW50bmFtZWF0dHJpYnV0ZXNoZWlnaHRpbm5lckJsb2Nrc2NsaWVudElkaXNWYWxpZG9yaWdpbmFsQ29udGVudG5hbWVhdHRyaWJ1dGVzY29udGVudFBhcmEgaGFjZXIgdW4gc2VndWltaWVudG8gZGUgdW4gcHJvZHVjdG8gZW4gcGFydGljdWxhciwgcHVlZGVzIHNlbGVjY2lvbmFybG8gZW4gZWwgZmlsdHJvIGRlIHZlbnRhcyBvIHV0aWxpemFyIGxhIHBlc3Rhw7FhIGRlICJ2ZW50YXMiIGVuIGxhIGNhcnBldGEgZGVsIHByb2R1Y3RvLmRyb3BDYXBpbm5lckJsb2Nrc2NsaWVudElkaXNWYWxpZG9yaWdpbmFsQ29udGVudG5hbWVhdHRyaWJ1dGVzdXJsYWx0Y2FwdGlvbnRpdGxlaWRzaXplU2x1Z2xpbmtEZXN0aW5hdGlvbmFsaWduaW5uZXJCbG9ja3NjbGllbnRJZGlzVmFsaWRvcmlnaW5hbENvbnRlbnRuYW1lYXR0cmlidXRlc2hlaWdodGlubmVyQmxvY2tzY2xpZW50SWRpc1ZhbGlkb3JpZ2luYWxDb250ZW50bmFtZWF0dHJpYnV0ZXNjb250ZW50UGFyYSBvYnRlbmVyIG3DoXMgaW5mb3JtYWNpw7NuIHNvYnJlIHByb2R1Y3Rvc2Ryb3BDYXBpbm5lckJsb2Nrc2NsaWVudElkaXNWYWxpZG9yaWdpbmFsQ29udGVudG5hbWVhdHRyaWJ1dGVzcGFyZW50UGFnZUlEaXNOZXN0ZWRpbm5lckJsb2Nrc3N0YXRlc2F2ZWRBdHN0YXRlc2F2ZWRCeWNsaWVudElkaXNWYWxpZG5hbWVhdHRyaWJ1dGVzY29udGVudGRyb3BDYXBpbm5lckJsb2Nrc29yaWdpbmFsQ29udGVudFBhcmEgaGFjZXIgdW4gc2VndWltaWVudG8gZGUgbGFzIHZlbnRhcyBkZSB0dXMgcHJvZHVjdG9zLCB2ZSBhbCBtZW7DuiA8c3Ryb25nPlRpZW5kYTwvc3Ryb25nPiB5IHNlbGVjY2lvbmEgbGEgcGVzdGHDsWEgZGUgPHN0cm9uZz52ZW50YXM8L3N0cm9uZz4ucHJldGV4dGZvcm1hdGxpbmtyZXZlcnNlT3JkZXJoaWRlb25Ib21laWdub3JlQ2FjaGV0ZXh0Q29sb3JiYWNrZ3JvdW5kQ29sb3JhbGlnbnR5cG9ncmFwaHlmb250U2l6ZXN0eWxlY2xpZW50SWRpc1ZhbGlkb3JpZ2luYWxDb250ZW50bmFtZWF0dHJpYnV0ZXNoZWlnaHRpbm5lckJsb2Nrc2Jjbi9icmVhZGNydW1iLXRyYWlsIC8tLT4KCjwhLS0gdzpzcGNlIHsiaGVpZ2h0IjoiMzBweCJ9IC0tPgo8ZGl2IHN0eWxlPSJoZWlnaHQ6MzBweCIgcmlhLWhpZGRlbj0idHJ1ZSIgY2xhc3M9IndwLWJsb2NrLXNwYWNlciI+PC9kaXY+CjwhLS0gL3dwOnNwYWNlciAtLT4KCjwhLS0gd3A6cGFyYQUHCAQIBAgGCAUVCAcIQQK8GwgHCAYIDggOCAtIAQQJCAYIBw8ECgeQAgcLCAcPBAoHmgEHCwgHDwQKQwAHBQIIDwULCAcPBAoGCwgHDwQKB6ECBwsIBw8ECkMABwUCCA8FCwgHDwQKBgsIBw8ECgcsBwsIBw8ECgwICwUHBQcIBwQKRwALD5ACBwYEDAoLCQ8FCggFCAcPBAoGCyEDAjCSARMBBAAAAQAAAAEGAAABAABWAQEALEIBAQBBAAIAQQACAEEAAgBBAABBAAIAQQACAEEAAEEAAgBBAABBAAIAQQAAAkFfAZ8BAH0BdxMyMDE2LTAyLTI2VDE3OjQ5OjI2dxVzZWd1aW1pZW50by1kZS12ZW50YXN3B3B1Ymxpc2h9AX0AdwZjbG9zZWR3BmNsb3NlZHcAdwB3JDVkMTQ0OGRhLTM1MjYtNDViMi05ZGVmLWI4M2MzNGJhMDE0ZXh3mQE8cD5QYXJhIGhhY2VyIHVuIHNlZ3VpbWllbnRvIGRlIGxhcyB2ZW50YXMgZGUgdHVzIHByb2R1Y3RvcywgdmUgYWwgbWVuw7ogPHN0cm9uZz5UaWVuZGE8L3N0cm9uZz4geSBzZWxlY2Npb25hIGxhIHBlc3Rhw7FhIGRlIDxzdHJvbmc+dmVudGFzPC9zdHJvbmc+LjwvcD53DmNvcmUvcGFyYWdyYXBoeXckYjNkYjI0MGUtMDQzMC00OTIyLTk4NDQtNjQxMmJjMjM1ZTcweHdiPHA+TGEgc2lndWllbnRlIHZpc3RhIHRlIHByb3BvcmNpb25hcsOhIHVuIHJlc3VtZW4gZGUgbGFzIHZlbnRhcyByZWFsaXphZGFzIGFncnVwYWRhcyBwb3IgbWVzLjwvcD53DmNvcmUvcGFyYWdyYXBoeXckMjBmZWQzOTQtOTRmMS00NmI0LWFiMGUtOTI4OTM4MGQwYjcyeHexAjxmaWd1cmUgY2xhc3M9IndwLWJsb2NrLWltYWdlIGFsaWduY2VudGVyIHNpemUtbGFyZ2UiPjxpbWcgc3JjPSJodHRwczovL3d3dy5rYW5hbmFzLmNvbS9lcy93cC1jb250ZW50L3VwbG9hZHMvc2l0ZXMvMjE0My8yMDI0LzA3L1NjcmVlbnNob3QtMjAyNC0wNy0zMC1hdC0xNS0xMi01Ny1TT0EtY2x1Yi1MaXN0YS1kZS1wcm9kdWN0b3MtMTAyNHg1NjUucG5nIiBhbHQ9IiIgY2xhc3M9IndwLWltYWdlLTU1MzkiIHRpdGxlPSJzZWd1aW1pZW50byBkZSB2ZW50YXMgZGUgbGEgdGllbmRhIGRlIGxhIGFzb2NpYWNpw7NuIi8+PC9maWd1cmU+dwpjb3JlL2ltYWdld4sBaHR0cHM6Ly93d3cua2FuYW5hcy5jb20vZXMvd3AtY29udGVudC91cGxvYWRzL3NpdGVzLzIxNDMvMjAyNC8wNy9TY3JlZW5zaG90LTIwMjQtMDctMzAtYXQtMTUtMTItNTctU09BLWNsdWItTGlzdGEtZGUtcHJvZHVjdG9zLTEwMjR4NTY1LnBuZ3cAdzRzZWd1aW1pZW50byBkZSB2ZW50YXMgZGUgbGEgdGllbmRhIGRlIGxhIGFzb2NpYWNpw7NufaNWdwVsYXJnZXcEbm9uZXcGY2VudGVydyQ4Mjc2OTIxYi01ODcyLTQ1ZDEtYTFkNC00ZGRmNjAzYTVkY2N4d0o8ZGl2IHN0eWxlPSJoZWlnaHQ6MjBweCIgYXJpYS1oaWRkZW49InRydWUiIGNsYXNzPSJ3cC1ibG9jay1zcGFjZXIiPjwvZGl2PncLY29yZS9zcGFjZXJ3BDIwcHh3JGMzNmVkZTQ2LWZiNzUtNDQ2ZS1hYjY5LTAwOWFjNWZjYTQ3Znh3qQE8cD5QYXJhIGhhY2VyIHVuIHNlZ3VpbWllbnRvIGRlIHVuIHByb2R1Y3RvIGVuIHBhcnRpY3VsYXIsIHB1ZWRlcyBzZWxlY2Npb25hcmxvIGVuIGVsIGZpbHRybyBkZSB2ZW50YXMgbyB1dGlsaXphciBsYSBwZXN0YcOxYSBkZSAidmVudGFzIiBlbiBsYSBjYXJwZXRhIGRlbCBwcm9kdWN0by48L3A+dw5jb3JlL3BhcmFncmFwaHl3JGI4YzcxZDA3LTRjNGEtNDc5Mi1hMmFiLWQ4MGFkMDEzMGMwZXh3tAI8ZmlndXJlIGNsYXNzPSJ3cC1ibG9jay1pbWFnZSBhbGlnbmNlbnRlciBzaXplLWxhcmdlIj48aW1nIHNyYz0iaHR0cHM6Ly93d3cua2FuYW5hcy5jb20vZXMvd3AtY29udGVudC91cGxvYWRzL3NpdGVzLzIxNDMvMjAyNC8wNy9TY3JlZW5zaG90LTIwMjQtMDctMzAtYXQtMTUtMzEtMjctU09BLWNsdWItUHJvZHVjdG8tbWVtYnJlc2lhLTIwMjQtMTAyNHg2MDIucG5nIiBhbHQ9IiIgY2xhc3M9IndwLWltYWdlLTU1NjAiIHRpdGxlPSJ2ZW50YXMgZGUgcHJvZHVjdG9zIGRlIGxhIHRpZW5kYSBkZSBsYSBhc29jaWFjacOzbiIvPjwvZmlndXJlPncKY29yZS9pbWFnZXeQAWh0dHBzOi8vd3d3LmthbmFuYXMuY29tL2VzL3dwLWNvbnRlbnQvdXBsb2Fkcy9zaXRlcy8yMTQzLzIwMjQvMDcvU2NyZWVuc2hvdC0yMDI0LTA3LTMwLWF0LTE1LTMxLTI3LVNPQS1jbHViLVByb2R1Y3RvLW1lbWJyZXNpYS0yMDI0LTEwMjR4NjAyLnBuZ3cAdzJ2ZW50YXMgZGUgcHJvZHVjdG9zIGRlIGxhIHRpZW5kYSBkZSBsYSBhc29jaWFjacOzbn24VncFbGFyZ2V3BG5vbmV3BmNlbnRlcnckMWE4YTYzMzQtZGEzZC00NjYzLWIwZWItZTJiMzJjMjRjNGRheHdKPGRpdiBzdHlsZT0iaGVpZ2h0OjIwcHgiIGFyaWEtaGlkZGVuPSJ0cnVlIiBjbGFzcz0id3AtYmxvY2stc3BhY2VyIj48L2Rpdj53C2NvcmUvc3BhY2VydwQyMHB4dyQ1ZjA0Njg4MS1iMTQ0LTQ1NDQtOTYxZC01NTU5ZTc3YTg2NjV4dzU8cD5QYXJhIG9idGVuZXIgbcOhcyBpbmZvcm1hY2nDs24gc29icmUgcHJvZHVjdG9zPC9wPncOY29yZS9wYXJhZ3JhcGh5dyRiNGM2MmEzNC1mMjM5LTQyZjAtYmM2Zi05ODVjMzZiZDY1Yzd4dwB3DmNvcmUvcGFnZS1saXN0fa1LeXtCeeF9+DmwAHtB56JA5AAAAHckMjk2ZTI0ZTAtMzIwNC00Nzc0LWE0ZDUtM2Y5NDYzYTgyNmJjeHcOY29yZS9wYXJhZ3JhcGh5dyQyOTZlMjRlMC0zMjA0LTQ3NzQtYTRkNS0zZjk0NjNhODI2YmN3JDI0NDhjMjc3LTdmOWItNGEwNi1iZjA5LWRjZWNiMTNmMjkzOXeZATxwPlBhcmEgaGFjZXIgdW4gc2VndWltaWVudG8gZGUgbGFzIHZlbnRhcyBkZSB0dXMgcHJvZHVjdG9zLCB2ZSBhbCBtZW7DuiA8c3Ryb25nPlRpZW5kYTwvc3Ryb25nPiB5IHNlbGVjY2lvbmEgbGEgcGVzdGHDsWEgZGUgPHN0cm9uZz52ZW50YXM8L3N0cm9uZz4uPC9wPnckOGQ4M2EyOTYtZDMwNi00MjhjLTkyNTgtNjg5MjMyZGRhMmFldwB3FGJjbi9icmVhZGNydW1iLXRyYWlsdwB3E2JyZWFkY3J1bWJsaXN0X3JkZmF4eXl4dwB3AHcAdwB3AHUAdyQ1MDE4YzZlMS0zZThkLTRjNTItYjk1Zi0wYWEyZGE5M2UzMmV4d0o8ZGl2IHN0eWxlPSJoZWlnaHQ6MzBweCIgYXJpYS1oaWRkZW49InRydWUiIGNsYXNzPSJ3cC1ibG9jay1zcGFjZXIiPjwvZGl2PncLY29yZS9zcGFjZXJ3BDMwcHgBoI7I6AsFrQ4AAQEBkQH9AgAGAA==\",\"updateId\":221557593}","footnotes":""},"class_list":["post-4858","page","type-page","status-publish"],"aioseo_notices":[],"_links":{"self":[{"href":"https:\/\/www.kananas.com\/es\/wp-json\/wp\/v2\/pages\/4858","targetHints":{"allow":["GET"]}}],"collection":[{"href":"https:\/\/www.kananas.com\/es\/wp-json\/wp\/v2\/pages"}],"about":[{"href":"https:\/\/www.kananas.com\/es\/wp-json\/wp\/v2\/types\/page"}],"author":[{"embeddable":true,"href":"https:\/\/www.kananas.com\/es\/wp-json\/wp\/v2\/users\/1"}],"replies":[{"embeddable":true,"href":"https:\/\/www.kananas.com\/es\/wp-json\/wp\/v2\/comments?post=4858"}],"version-history":[{"count":5,"href":"https:\/\/www.kananas.com\/es\/wp-json\/wp\/v2\/pages\/4858\/revisions"}],"predecessor-version":[{"id":6673,"href":"https:\/\/www.kananas.com\/es\/wp-json\/wp\/v2\/pages\/4858\/revisions\/6673"}],"up":[{"embeddable":true,"href":"https:\/\/www.kananas.com\/es\/wp-json\/wp\/v2\/pages\/4845"}],"wp:attachment":[{"href":"https:\/\/www.kananas.com\/es\/wp-json\/wp\/v2\/media?parent=4858"}],"curies":[{"name":"wp","href":"https:\/\/api.w.org\/{rel}","templated":true}]}}