{"id":4865,"date":"2016-02-26T17:33:15","date_gmt":"2016-02-26T15:33:15","guid":{"rendered":"https:\/\/www.kananas.com\/es\/documentation-40\/accounting\/"},"modified":"2024-07-29T15:46:09","modified_gmt":"2024-07-29T13:46:09","slug":"contabilidad","status":"publish","type":"page","link":"https:\/\/www.kananas.com\/es\/documentation\/contabilidad\/","title":{"rendered":"Contabilidad"},"content":{"rendered":"\n<p class=\"wp-block-paragraph\">Nuestro CRM te permite gestionar las finanzas de tu organizaci\u00f3n.<\/p>\n\n\n\n<p class=\"wp-block-paragraph\">Para facilitar la gesti\u00f3n contable, ofrecemos una contabilidad simplificada sin entrada doble. Nuestra soluci\u00f3n te permite escapar de las limitaciones del software contable tradicional; aqu\u00ed no hay configuraciones tediosas, ni registros fijos ni obligaciones de c\u00f3digo oscuro.<\/p>\n\n\n\n<p class=\"wp-block-paragraph\">En nuestra soluci\u00f3n, el plan de cuentas ya est\u00e1 configurado y el diario cuenta con un potente filtro que te permite refinar la informaci\u00f3n que deseas mostrar.<\/p>\n\n\n<div class=\"wp-block-image ghostkit-custom-1ShTmE\">\n<figure class=\"aligncenter size-large\"><img loading=\"lazy\" decoding=\"async\" width=\"1024\" height=\"668\" src=\"https:\/\/www.kananas.com\/es\/wp-content\/uploads\/sites\/2143\/2024\/07\/Screenshot-2024-07-29-at-15-44-50-SOA-club-Finanzas-_-Diario-1024x668.png\" alt=\"\" class=\"wp-image-5470\" title=\"contabilidad de asociaciones\" srcset=\"https:\/\/www.kananas.com\/es\/wp-content\/uploads\/sites\/2143\/2024\/07\/Screenshot-2024-07-29-at-15-44-50-SOA-club-Finanzas-_-Diario-1024x668.png 1024w, https:\/\/www.kananas.com\/es\/wp-content\/uploads\/sites\/2143\/2024\/07\/Screenshot-2024-07-29-at-15-44-50-SOA-club-Finanzas-_-Diario-300x196.png 300w, https:\/\/www.kananas.com\/es\/wp-content\/uploads\/sites\/2143\/2024\/07\/Screenshot-2024-07-29-at-15-44-50-SOA-club-Finanzas-_-Diario-768x501.png 768w, https:\/\/www.kananas.com\/es\/wp-content\/uploads\/sites\/2143\/2024\/07\/Screenshot-2024-07-29-at-15-44-50-SOA-club-Finanzas-_-Diario-1536x1002.png 1536w, https:\/\/www.kananas.com\/es\/wp-content\/uploads\/sites\/2143\/2024\/07\/Screenshot-2024-07-29-at-15-44-50-SOA-club-Finanzas-_-Diario-2048x1336.png 2048w\" sizes=\"auto, (max-width: 1024px) 100vw, 1024px\" \/><\/figure>\n<\/div>\n\n\n<p class=\"wp-block-paragraph\">Por favor, ten en cuenta que puedes crear manualmente tus transacciones, pero tambi\u00e9n puedes aprovechar la creaci\u00f3n autom\u00e1tica de transacciones cuando utilizas el carrito del miembro. Si a\u00f1ades un pago al archivo de un <a href=\"https:\/\/www.kananas.com\/en\/documentation\/members\/\" data-type=\"page\" data-id=\"4745\">miembro<\/a>, la transacci\u00f3n de ingresos se crear\u00e1 autom\u00e1ticamente en la contabilidad.<\/p>\n\n\n\n<blockquote class=\"wp-block-quote is-layout-flow wp-block-quote-is-layout-flow\">\n<p class=\"roundDiv has-base-background-color has-background wp-block-paragraph\"><i class=\"icon fa fa-star\" aria-hidden=\"true\"> <\/i><i> <\/i>Cuando utilizas el <a href=\"https:\/\/www.kananas.com\/en\/documentation\/web-site\/online-payment\/\" data-type=\"page\" data-id=\"4852\">pago en l\u00ednea<\/a>, los ingresos se crean autom\u00e1ticamente en tu diario, as\u00ed como en el carrito de contacto.<\/p>\n<\/blockquote>\n\n\n\n<div style=\"height:30px\" aria-hidden=\"true\" class=\"wp-block-spacer\"><\/div>\n\n\n\n<p class=\"wp-block-paragraph\">Para obtener m\u00e1s informaci\u00f3n sobre contabilidad<\/p>\n\n\n<ul class=\"wp-block-page-list\"><li class=\"wp-block-pages-list__item\"><a class=\"wp-block-pages-list__item__link\" href=\"https:\/\/www.kananas.com\/es\/documentation\/contabilidad\/actas\/\">Actas<\/a><\/li><li class=\"wp-block-pages-list__item\"><a class=\"wp-block-pages-list__item__link\" href=\"https:\/\/www.kananas.com\/es\/documentation\/contabilidad\/configuracion\/\">Configuraci\u00f3n<\/a><\/li><li class=\"wp-block-pages-list__item\"><a class=\"wp-block-pages-list__item__link\" href=\"https:\/\/www.kananas.com\/es\/documentation\/contabilidad\/etiquetar-un-ingreso-o-un-gasto\/\">Etiquetar un ingreso o un gasto<\/a><\/li><li class=\"wp-block-pages-list__item\"><a class=\"wp-block-pages-list__item__link\" href=\"https:\/\/www.kananas.com\/es\/documentation\/contabilidad\/nuevo-ejercicio\/\">Nuevo ejercicio<\/a><\/li><li class=\"wp-block-pages-list__item\"><a class=\"wp-block-pages-list__item__link\" href=\"https:\/\/www.kananas.com\/es\/documentation\/contabilidad\/balance-y-cuenta-de-resultados\/\">Balance y cuenta de resultados<\/a><\/li><li class=\"wp-block-pages-list__item\"><a class=\"wp-block-pages-list__item__link\" href=\"https:\/\/www.kananas.com\/es\/documentation\/contabilidad\/cerrar-cuenta\/\">Cerrar cuenta<\/a><\/li><\/ul>","protected":false},"excerpt":{"rendered":"<p>Nuestro CRM te permite gestionar las finanzas de tu organizaci\u00f3n. Para facilitar la gesti\u00f3n contable, ofrecemos una contabilidad simplificada sin entrada doble. Nuestra soluci\u00f3n te permite escapar de las limitaciones del software contable tradicional; aqu\u00ed no hay configuraciones tediosas, ni registros fijos ni obligaciones de c\u00f3digo oscuro. En nuestra soluci\u00f3n, el plan de cuentas ya &#8230; <a title=\"Contabilidad\" class=\"read-more\" href=\"https:\/\/www.kananas.com\/es\/documentation\/contabilidad\/\" aria-label=\"En savoir plus sur Contabilidad\">Lire la suite<\/a><\/p>\n","protected":false},"author":1,"featured_media":0,"parent":4864,"menu_order":3,"comment_status":"closed","ping_status":"closed","template":"","meta":{"_crdt_document":"","footnotes":""},"class_list":["post-4865","page","type-page","status-publish"],"aioseo_notices":[],"_links":{"self":[{"href":"https:\/\/www.kananas.com\/es\/wp-json\/wp\/v2\/pages\/4865","targetHints":{"allow":["GET"]}}],"collection":[{"href":"https:\/\/www.kananas.com\/es\/wp-json\/wp\/v2\/pages"}],"about":[{"href":"https:\/\/www.kananas.com\/es\/wp-json\/wp\/v2\/types\/page"}],"author":[{"embeddable":true,"href":"https:\/\/www.kananas.com\/es\/wp-json\/wp\/v2\/users\/1"}],"replies":[{"embeddable":true,"href":"https:\/\/www.kananas.com\/es\/wp-json\/wp\/v2\/comments?post=4865"}],"version-history":[{"count":3,"href":"https:\/\/www.kananas.com\/es\/wp-json\/wp\/v2\/pages\/4865\/revisions"}],"predecessor-version":[{"id":5472,"href":"https:\/\/www.kananas.com\/es\/wp-json\/wp\/v2\/pages\/4865\/revisions\/5472"}],"up":[{"embeddable":true,"href":"https:\/\/www.kananas.com\/es\/wp-json\/wp\/v2\/pages\/4864"}],"wp:attachment":[{"href":"https:\/\/www.kananas.com\/es\/wp-json\/wp\/v2\/media?parent=4865"}],"curies":[{"name":"wp","href":"https:\/\/api.w.org\/{rel}","templated":true}]}}