{"id":4872,"date":"2016-02-26T17:33:53","date_gmt":"2016-02-26T15:33:53","guid":{"rendered":"https:\/\/www.kananas.com\/es\/documentation-42\/accounting\/closing-account\/"},"modified":"2026-05-11T18:22:13","modified_gmt":"2026-05-11T16:22:13","slug":"cerrar-cuenta","status":"publish","type":"page","link":"https:\/\/www.kananas.com\/es\/documentation\/contabilidad\/cerrar-cuenta\/","title":{"rendered":"Cerrar cuenta"},"content":{"rendered":"<div class=\"breadcrumbs align  wp-block-bcn-breadcrumb-trail has-text-color has-background\" vocab=\"https:\/\/schema.org\/\" typeof=\"BreadcrumbList\">\n\t<span><\/span>\n\t<span property=\"itemListElement\" typeof=\"ListItem\"><a property=\"item\" typeof=\"WebPage\" title=\"Aller \u00e0 kananas.\" href=\"https:\/\/www.kananas.com\/es\" class=\"home\" aria-current=\"page\"><span property=\"name\">kananas<\/span><\/a><meta property=\"position\" content=\"1\"><\/span><\/div>\n\n\n\n<div style=\"height:30px\" aria-hidden=\"true\" class=\"wp-block-spacer\"><\/div>\n\n\n\n<p class=\"wp-block-paragraph\">En el archivo del ejercicio financiero, tendr\u00e1s la posibilidad de cerrarlo: esto tendr\u00e1 el efecto de prohibir la modificaci\u00f3n y creaci\u00f3n de ingresos\/gastos durante el per\u00edodo del ejercicio financiero.<\/p>\n\n\n\n<p class=\"wp-block-paragraph\">Para acceder al men\u00fa de ejercicio, ve a Contabilidad\/Tarifa.<\/p>\n\n\n<div class=\"wp-block-image\">\n<figure class=\"aligncenter size-large\"><img loading=\"lazy\" decoding=\"async\" width=\"1024\" height=\"612\" src=\"https:\/\/www.kananas.com\/es\/wp-content\/uploads\/sites\/2143\/2024\/07\/Screenshot-2024-07-29-at-18-26-17-SOA-club-1024x612.png\" alt=\"\" class=\"wp-image-5490\" srcset=\"https:\/\/www.kananas.com\/es\/wp-content\/uploads\/sites\/2143\/2024\/07\/Screenshot-2024-07-29-at-18-26-17-SOA-club-1024x612.png 1024w, https:\/\/www.kananas.com\/es\/wp-content\/uploads\/sites\/2143\/2024\/07\/Screenshot-2024-07-29-at-18-26-17-SOA-club-300x179.png 300w, https:\/\/www.kananas.com\/es\/wp-content\/uploads\/sites\/2143\/2024\/07\/Screenshot-2024-07-29-at-18-26-17-SOA-club-768x459.png 768w, https:\/\/www.kananas.com\/es\/wp-content\/uploads\/sites\/2143\/2024\/07\/Screenshot-2024-07-29-at-18-26-17-SOA-club-1536x919.png 1536w, https:\/\/www.kananas.com\/es\/wp-content\/uploads\/sites\/2143\/2024\/07\/Screenshot-2024-07-29-at-18-26-17-SOA-club-2048x1225.png 2048w\" sizes=\"auto, (max-width: 1024px) 100vw, 1024px\" \/><\/figure>\n<\/div>\n\n\n<div style=\"height:20px\" aria-hidden=\"true\" class=\"wp-block-spacer\"><\/div>\n\n\n\n<blockquote class=\"wp-block-quote roundDiv has-base-background-color has-background is-layout-flow wp-block-quote-is-layout-flow\">\n<p class=\"wp-block-paragraph\"><i class=\"icon fa fa-exclamation-circle\" aria-hidden=\"true\"> <\/i> Cuando se cierra el ejercicio financiero, es tu responsabilidad informar manualmente los saldos de las diferentes cuentas. Para hacerlo, simplemente agrega movimientos de recuperaci\u00f3n en forma de recibos, por la cantidad deseada, a las diferentes cuentas que deben ser financiadas.<\/p>\n<\/blockquote>\n\n\n\n<div style=\"height:30px\" aria-hidden=\"true\" class=\"wp-block-spacer\"><\/div>\n\n\n\n<p class=\"wp-block-paragraph\">Para obtener m\u00e1s informaci\u00f3n sobre contabilidad<\/p>\n\n\n<ul class=\"wp-block-page-list\"><li class=\"wp-block-pages-list__item\"><a class=\"wp-block-pages-list__item__link\" href=\"https:\/\/www.kananas.com\/es\/documentation\/contabilidad\/actas\/\">Actas<\/a><\/li><li class=\"wp-block-pages-list__item\"><a class=\"wp-block-pages-list__item__link\" href=\"https:\/\/www.kananas.com\/es\/documentation\/contabilidad\/configuracion\/\">Configuraci\u00f3n<\/a><\/li><li class=\"wp-block-pages-list__item\"><a class=\"wp-block-pages-list__item__link\" href=\"https:\/\/www.kananas.com\/es\/documentation\/contabilidad\/etiquetar-un-ingreso-o-un-gasto\/\">Etiquetar un ingreso o un gasto<\/a><\/li><li class=\"wp-block-pages-list__item\"><a class=\"wp-block-pages-list__item__link\" href=\"https:\/\/www.kananas.com\/es\/documentation\/contabilidad\/nuevo-ejercicio\/\">Nuevo ejercicio<\/a><\/li><li class=\"wp-block-pages-list__item\"><a class=\"wp-block-pages-list__item__link\" href=\"https:\/\/www.kananas.com\/es\/documentation\/contabilidad\/balance-y-cuenta-de-resultados\/\">Balance y cuenta de resultados<\/a><\/li><li class=\"wp-block-pages-list__item\"><a class=\"wp-block-pages-list__item__link\" href=\"https:\/\/www.kananas.com\/es\/documentation\/contabilidad\/cerrar-cuenta\/\">Cerrar cuenta<\/a><\/li><\/ul>","protected":false},"excerpt":{"rendered":"<p>En el archivo del ejercicio financiero, tendr\u00e1s la posibilidad de cerrarlo: esto tendr\u00e1 el efecto de prohibir la modificaci\u00f3n y creaci\u00f3n de ingresos\/gastos durante el per\u00edodo del ejercicio financiero. Para acceder al men\u00fa de ejercicio, ve a Contabilidad\/Tarifa. Cuando se cierra el ejercicio financiero, es tu responsabilidad informar manualmente los saldos de las diferentes cuentas. &#8230; <a title=\"Cerrar cuenta\" class=\"read-more\" href=\"https:\/\/www.kananas.com\/es\/documentation\/contabilidad\/cerrar-cuenta\/\" aria-label=\"En savoir plus sur Cerrar cuenta\">Lire la suite<\/a><\/p>\n","protected":false},"author":1,"featured_media":0,"parent":4865,"menu_order":5,"comment_status":"closed","ping_status":"closed","template":"","meta":{"_crdt_document":"{\"document\":\"AAAH9p70jRGQAW8IHBADAoI1BAIBAgoCQkoAogYBAgoCQkoAigIBAgoBBEoAHAECCkoAEAECCgEBShQCAQIKAkJKVp4LAQIKSgAQAQIKAkJKALABAQIKAEr2FowXAQEIAEjKF4wXQgoG1hcDAAEJSpAeAQIKSuBTAwIIpjyqENpMAwKhASgDJwAEACcABACEBCcAKAQnACgAJwAHACgDJwEEACgAJwCHACgDJwEEACgAJwCHACgDJwAoAScAKAMnAIcAKAMnACgAJwCHACgDJwAoACcAKAEnAAcAKAMnAQQAKAAnAIcAKAMnACgAJwCHACgDJwEEACgAJwCHACgDJwAoAScAKAHHACgCJwEoACcAqAEoAAQAqAIoC8cAKAMnACgAJwDE2h+8HnN0YXRldmVyc2lvbmRvY3VtZW50ZGF0ZWRvY3VtZW50c2x1Z2RvY3VtZW50c3RhdHVzZG9jdW1lbnR0aXRsZUNlcnJhciBjdWVudGFkb2N1bWVudGNvbnRlbnQ8IS0tIHdwOnBhcmFncmFwaCAtLT4KPHA+RW4gZWwgYXJjaGl2byBkZWwgZWplcmNpY2lvIGZpbmFuY2llcm8sIHRlbmRyw6FzIGxhIHBvc2liaWxpZGFkIGRlIGNlcnJhcmxvOiBlc3RvIHRlbmRyw6EgZWwgZWZlY3RvIGRlIHByb2hpYmlyIGxhIG1vZGlmaWNhY2nDs24geSBjcmVhY2nDs24gZGUgaW5ncmVzb3MvZ2FzdG9zIGR1cmFudGUgZWwgcGVyw61vZG8gZGVsIGVqZXJjaWNpbyBmaW5hbmNpZXJvLjwvcD4KPCEtLSAvd3A6cGFyYWdyYXBoIC0tPgoKPCEtLSB3cDpwYXJhZ3JhcGggLS0+CjxwPlBhcmEgYWNjZWRlciBhbCBtZW7DuiBkZSBlamVyY2ljaW8sIHZlIGEgQ29udGFiaWxpZGFkL1RhcmlmYS48L3A+CjwhLS0gL3dwOnBhcmFncmFwaCAtLT4KCjwhLS0gd3A6aW1hZ2UgeyJpZCI6NTQ5MCwic2l6ZVNsdWciOiJsYXJnZSIsImxpbmtEZXN0aW5hdGlvbiI6Im5vbmUiLCJhbGlnbiI6ImNlbnRlciJ9IC0tPgo8ZmlndXJlIGNsYXNzPSJ3cC1ibG9jay1pbWFnZSBhbGlnbmNlbnRlciBzaXplLWxhcmdlIj48aW1nIHNyYz0iaHR0cHM6Ly93d3cua2FuYW5hcy5jb20vZXMvd3AtY29udGVudC91cGxvYWRzL3NpdGVzLzIxNDMvMjAyNC8wNy9TY3JlZW5zaG90LTIwMjQtMDctMjktYXQtMTgtMjYtMTctU09BLWNsdWItMTAyNHg2MTIucG5nIiBhbHQ9IiIgY2xhc3M9IndwLWltYWdlLTU0OTAiLz48L2ZpZ3VyZT4KPCEtLSAvd3A6aW1hZ2UgLS0+Cgo8IS0tIHdwOnNwYWNlciB7ImhlaWdodCI6IjIwcHgifSAtLT4KPGRpdiBzdHlsZT0iaGVpZ2h0OjIwcHgiIGFyaWEtaGlkZGVuPSJ0cnVlIiBjbGFzcz0id3AtYmxvY2stc3BhY2VyIj48L2Rpdj4KPCEtLSAvd3A6c3BhY2VyIC0tPgoKPCEtLSB3cDpxdW90ZSB7ImNsYXNzTmFtZSI6InJvdW5kRGl2IiwiYmFja2dyb3VuZENvbG9yIjoiYmFzZSJ9IC0tPgo8YmxvY2txdW90ZSBjbGFzcz0id3AtYmxvY2stcXVvdGUgcm91bmREaXYgaGFzLWJhc2UtYmFja2dyb3VuZC1jb2xvciBoYXMtYmFja2dyb3VuZCI+PCEtLSB3cDpwYXJhZ3JhcGggLS0+CjxwPjxpIGNsYXNzPSJpY29uIGZhIGZhLWV4Y2xhbWF0aW9uLWNpcmNsZSIgYXJpYS1oaWRkZW49InRydWUiPiA8L2k+IEN1YW5kbyBzZSBjaWVycmEgZWwgZWplcmNpY2lvIGZpbmFuY2llcm8sIGVzIHR1IHJlc3BvbnNhYmlsaWRhZCBpbmZvcm1hciBtYW51YWxtZW50ZSBsb3Mgc2FsZG9zIGRlIGxhcyBkaWZlcmVudGVzIGN1ZW50YXMuIFBhcmEgaGFjZXJsbywgc2ltcGxlbWVudGUgYWdyZWdhIG1vdmltaWVudG9zIGRlIHJlY3VwZXJhY2nDs24gZW4gZm9ybWEgZGUgcmVjaWJvcywgcG9yIGxhIGNhbnRpZGFkIGRlc2VhZGEsIGEgbGFzIGRpZmVyZW50ZXMgY3VlbnRhcyBxdWUgZGViZW4gc2VyIGZpbmFuY2lhZGFzLjwvcD4KPCEtLSAvd3A6cGFyYWdyYXBoIC0tPjwvYmxvY2txdW90ZT4KPCEtLSAvd3A6cXVvdGUgLS0+Cgo8IS0tIHdwOnNwYWNlciB7ImhlaWdodCI6IjMwcHgifSAtLT4KPGRpdiBzdHlsZT0iaGVpZ2h0OjMwcHgiIGFyaWEtaGlkZGVuPSJ0cnVlIiBjbGFzcz0id3AtYmxvY2stc3BhY2VyIj48L2Rpdj4KPCEtLSAvd3A6c3BhY2VyIC0tPgoKPCEtLSB3cDpwYXJhZ3JhcGggLS0+CjxwPlBhcmEgb2J0ZW5lciBtw6FzIGluZm9ybWFjacOzbiBzb2JyZSBjb250YWJpbGlkYWQ8L3A+CjwhLS0gL3dwOnBhcmFncmFwaCAtLT4KCjwhLS0gd3A6cGFnZS1saXN0IHsicGFyZW50UGFnZUlEIjo0ODY1fSAvLS0+ZG9jdW1lbnRleGNlcnB0ZG9jdW1lbnRhdXRob3Jkb2N1bWVudGZlYXR1cmVkX21lZGlhZG9jdW1lbnRjb21tZW50X3N0YXR1c2RvY3VtZW50cGluZ19zdGF0dXNkb2N1bWVudHRlbXBsYXRlZG9jdW1lbnRtZXRhZm9vdG5vdGVzZG9jdW1lbnRibG9ja3NjbGllbnRJZGlzVmFsaWRvcmlnaW5hbENvbnRlbnRuYW1lYXR0cmlidXRlc2NvbnRlbnRFbiBlbCBhcmNoaXZvIGRlbCBlamVyY2ljaW8gZmluYW5jaWVybywgdGVuZHLDoXMgbGEgcG9zaWJpbGlkYWQgZGUgY2VycmFybG86IGVzdG8gdGVuZHLDoSBlbCBlZmVjdG8gZGUgcHJvaGliaXIgbGEgbW9kaWZpY2FjacOzbiB5IGNyZWFjacOzbiBkZSBpbmdyZXNvcy9nYXN0b3MgZHVyYW50ZSBlbCBwZXLDrW9kbyBkZWwgZWplcmNpY2lvIGZpbmFuY2llcm8uZHJvcENhcGlubmVyQmxvY2tzY2xpZW50SWRpc1ZhbGlkb3JpZ2luYWxDb250ZW50bmFtZWF0dHJpYnV0ZXNjb250ZW50UGFyYSBhY2NlZGVyIGFsIG1lbsO6IGRlIGVqZXJjaWNpbywgdmUgYSBDb250YWJpbGlkYWQvVGFyaWZhLmRyb3BDYXBpbm5lckJsb2Nrc2NsaWVudElkaXNWYWxpZG9yaWdpbmFsQ29udGVudG5hbWVhdHRyaWJ1dGVzdXJsYWx0Y2FwdGlvbmlkc2l6ZVNsdWdsaW5rRGVzdGluYXRpb25hbGlnbmlubmVyQmxvY2tzY2xpZW50SWRpc1ZhbGlkb3JpZ2luYWxDb250ZW50bmFtZWF0dHJpYnV0ZXNoZWlnaHRpbm5lckJsb2Nrc2NsaWVudElkaXNWYWxpZG9yaWdpbmFsQ29udGVudG5hbWVhdHRyaWJ1dGVzdmFsdWVjaXRhdGlvbmNsYXNzTmFtZWJhY2tncm91bmRDb2xvcmlubmVyQmxvY2tzY2xpZW50SWRpc1ZhbGlkb3JpZ2luYWxDb250ZW50bmFtZWF0dHJpYnV0ZXNjb250ZW50PGkgY2xhc3M9Imljb24gZmEgZmEtZXhjbGFtYXRpb24tY2lyY2xlIiBhcmlhLWhpZGRlbj0idHJ1ZSI+IDwvaT4gQ3VhbmRvIHNlIGNpZXJyYSBlbCBlamVyY2ljaW8gZmluYW5jaWVybywgZXMgdHUgcmVzcG9uc2FiaWxpZGFkIGluZm9ybWFyIG1hbnVhbG1lbnRlIGxvcyBzYWxkb3MgZGUgbGFzIGRpZmVyZW50ZXMgY3VlbnRhcy4gUGFyYSBoYWNlcmxvLCBzaW1wbGVtZW50ZSBhZ3JlZ2EgbW92aW1pZW50b3MgZGUgcmVjdXBlcmFjacOzbiBlbiBmb3JtYSBkZSByZWNpYm9zLCBwb3IgbGEgY2FudGlkYWQgZGVzZWFkYSwgYSBsYXMgZGlmZXJlbnRlcyBjdWVudGFzIHF1ZSBkZWJlbiBzZXIgZmluYW5jaWFkYXMuZHJvcENhcGlubmVyQmxvY2tzY2xpZW50SWRpc1ZhbGlkb3JpZ2luYWxDb250ZW50bmFtZWF0dHJpYnV0ZXNoZWlnaHRpbm5lckJsb2Nrc2NsaWVudElkaXNWYWxpZG9yaWdpbmFsQ29udGVudG5hbWVhdHRyaWJ1dGVzY29udGVudFBhcmEgb2J0ZW5lciBtw6FzIGluZm9ybWFjacOzbiBzb2JyZSBjb250YWJpbGlkYWRkcm9wQ2FwaW5uZXJCbG9ja3NjbGllbnRJZGlzVmFsaWRvcmlnaW5hbENvbnRlbnRuYW1lYXR0cmlidXRlc3BhcmVudFBhZ2VJRGlzTmVzdGVkaW5uZXJCbG9ja3NzdGF0ZXNhdmVkQXRzdGF0ZXNhdmVkQnljbGllbnRJZGlzVmFsaWRuYW1lYXR0cmlidXRlc2NvbnRlbnRkcm9wQ2FwaW5uZXJCbG9ja3NvcmlnaW5hbENvbnRlbnRFbiBlbCBhcmNoaXZvIGRlbCBlamVyY2ljaW8gZmluYW5jaWVybywgdGVuZHLDoXMgbGEgcG9zaWJpbGlkYWQgZGUgY2VycmFybG86IGVzdG8gdGVuZHLDoSBlbCBlZmVjdG8gZGUgcHJvaGliaXIgbGEgbW9kaWZpY2FjacOzbiB5IGNyZWFjacOzbiBkZSBpbmdyZXNvcy9nYXN0b3MgZHVyYW50ZSBlbCBwZXLDrW9kbyBkZWwgZWplcmNpY2lvIGZpbmFuY2llcm8ucHJldGV4dGZvcm1hdGxpbmtyZXZlcnNlT3JkZXJoaWRlb25Ib21laWdub3JlQ2FjaGV0ZXh0Q29sb3JiYWNrZ3JvdW5kQ29sb3JhbGlnbnR5cG9ncmFwaHlmb250U2l6ZXN0eWxlY2xpZW50SWRpc1ZhbGlkb3JpZ2luYWxDb250ZW50bmFtZWF0dHJpYnV0ZXNoZWlnaHRpbm5lckJsb2Nrc2Jjbi9icmVhZGNydW1iLXRyYWlsIC8tLT4KCjwhLS0gdzpzcGNlIHsiaGVpZ2h0IjoiMzBweCJ9IC0tPgo8ZGl2IHN0eWxlPSJoZWlnaHQ6MzBweCIgcmlhLWhpZGRlbj0idHJ1ZSIgY2xhc3M9IndwLWJsb2NrLXNwYWNlciI+PC9kaXY+CjwhLS0gL3dwOnNwYWNlciAtLT4KCjwhLS0gd3A6cGFyYQUHCAQIBAgGCAUNCAcIQQKaGggHCAYIDggOCAtIAQQJCAYIBw8ECgeIAwcLCAcPBAoHPAcLCAcPBApDAAcCCA8FCwgHDwQKBgsIBw8ECgUICQ8LCAcPBAoHmwUHCwgHDwQKBgsIBw8ECgcvBwsIBw8ECgwICwUHBQcIBwQKRwALD4gDBwYEDAoLCQ8FCggFCAcPBAoGCyEDAjCSARMBBAAAAQAAAAEGAAABAABSAQEALEIBAQBBAAIAQQACAEEAAgBBAABBAAIAQQACAEEAAEEAAgBBAABBAAIAQQAAAkFaAZoBAH0BdxMyMDE2LTAyLTI2VDE3OjMzOjUzdw1jZXJyYXItY3VlbnRhdwdwdWJsaXNofQF9AHcGY2xvc2VkdwZjbG9zZWR3AHcAdyQ2YTk1NjEyYS0yOGNlLTRjODItYmFkZS1kZjU3ZjQ5NGE1YTZ4d9QBPHA+RW4gZWwgYXJjaGl2byBkZWwgZWplcmNpY2lvIGZpbmFuY2llcm8sIHRlbmRyw6FzIGxhIHBvc2liaWxpZGFkIGRlIGNlcnJhcmxvOiBlc3RvIHRlbmRyw6EgZWwgZWZlY3RvIGRlIHByb2hpYmlyIGxhIG1vZGlmaWNhY2nDs24geSBjcmVhY2nDs24gZGUgaW5ncmVzb3MvZ2FzdG9zIGR1cmFudGUgZWwgcGVyw61vZG8gZGVsIGVqZXJjaWNpbyBmaW5hbmNpZXJvLjwvcD53DmNvcmUvcGFyYWdyYXBoeXckNDE4YjFhMjItY2JmYy00ZjViLWIyOWMtYjhjNWYzZjM3NmEweHdEPHA+UGFyYSBhY2NlZGVyIGFsIG1lbsO6IGRlIGVqZXJjaWNpbywgdmUgYSBDb250YWJpbGlkYWQvVGFyaWZhLjwvcD53DmNvcmUvcGFyYWdyYXBoeXckZGMyOTU1ZjAtMmJjNi00YmQ5LWIwNjctMzllZGYwOTNkNmM4eHfhATxmaWd1cmUgY2xhc3M9IndwLWJsb2NrLWltYWdlIGFsaWduY2VudGVyIHNpemUtbGFyZ2UiPjxpbWcgc3JjPSJodHRwczovL3d3dy5rYW5hbmFzLmNvbS9lcy93cC1jb250ZW50L3VwbG9hZHMvc2l0ZXMvMjE0My8yMDI0LzA3L1NjcmVlbnNob3QtMjAyNC0wNy0yOS1hdC0xOC0yNi0xNy1TT0EtY2x1Yi0xMDI0eDYxMi5wbmciIGFsdD0iIiBjbGFzcz0id3AtaW1hZ2UtNTQ5MCIvPjwvZmlndXJlPncKY29yZS9pbWFnZXd4aHR0cHM6Ly93d3cua2FuYW5hcy5jb20vZXMvd3AtY29udGVudC91cGxvYWRzL3NpdGVzLzIxNDMvMjAyNC8wNy9TY3JlZW5zaG90LTIwMjQtMDctMjktYXQtMTgtMjYtMTctU09BLWNsdWItMTAyNHg2MTIucG5ndwB9slV3BWxhcmdldwRub25ldwZjZW50ZXJ3JGIwZGY3YWIxLTRlZjYtNDMwYy05MTFjLTZmMWZjZGIxNTc1Y3h3SjxkaXYgc3R5bGU9ImhlaWdodDoyMHB4IiBhcmlhLWhpZGRlbj0idHJ1ZSIgY2xhc3M9IndwLWJsb2NrLXNwYWNlciI+PC9kaXY+dwtjb3JlL3NwYWNlcncEMjBweHckYTczY2MzN2MtOTgxNC00MTQwLWJkMjMtYWJiODFlOTk3Nzk5eHdiPGJsb2NrcXVvdGUgY2xhc3M9IndwLWJsb2NrLXF1b3RlIHJvdW5kRGl2IGhhcy1iYXNlLWJhY2tncm91bmQtY29sb3IgaGFzLWJhY2tncm91bmQiPjwvYmxvY2txdW90ZT53CmNvcmUvcXVvdGV3AHcIcm91bmREaXZ3BGJhc2V3JGJiYjcxY2I2LTAxMzYtNDFiMy1iZGIwLWVmNzdhY2I0N2M5Y3h34wI8cD48aSBjbGFzcz0iaWNvbiBmYSBmYS1leGNsYW1hdGlvbi1jaXJjbGUiIGFyaWEtaGlkZGVuPSJ0cnVlIj4gPC9pPiBDdWFuZG8gc2UgY2llcnJhIGVsIGVqZXJjaWNpbyBmaW5hbmNpZXJvLCBlcyB0dSByZXNwb25zYWJpbGlkYWQgaW5mb3JtYXIgbWFudWFsbWVudGUgbG9zIHNhbGRvcyBkZSBsYXMgZGlmZXJlbnRlcyBjdWVudGFzLiBQYXJhIGhhY2VybG8sIHNpbXBsZW1lbnRlIGFncmVnYSBtb3ZpbWllbnRvcyBkZSByZWN1cGVyYWNpw7NuIGVuIGZvcm1hIGRlIHJlY2lib3MsIHBvciBsYSBjYW50aWRhZCBkZXNlYWRhLCBhIGxhcyBkaWZlcmVudGVzIGN1ZW50YXMgcXVlIGRlYmVuIHNlciBmaW5hbmNpYWRhcy48L3A+dw5jb3JlL3BhcmFncmFwaHl3JDA2ODg0MzQ1LTYzYTEtNGYzNi1iMjYyLTk1NWIzNjQ4MDA5N3h3SjxkaXYgc3R5bGU9ImhlaWdodDozMHB4IiBhcmlhLWhpZGRlbj0idHJ1ZSIgY2xhc3M9IndwLWJsb2NrLXNwYWNlciI+PC9kaXY+dwtjb3JlL3NwYWNlcncEMzBweHckMjdjYzg0YTMtZGQ3Mi00ZDJmLThjMjYtMDA2NWU3Mjg3NTFheHc4PHA+UGFyYSBvYnRlbmVyIG3DoXMgaW5mb3JtYWNpw7NuIHNvYnJlIGNvbnRhYmlsaWRhZDwvcD53DmNvcmUvcGFyYWdyYXBoeXckZmNlYmIyZGMtNGQyYS00NDQ1LTllMDEtZjk2MGUwMjk4NzRjeHcAdw5jb3JlL3BhZ2UtbGlzdH2BTHl7QnnhfYd2kAB7QeEb0PbAAAB3JDFjNGU0MmNkLTdmNTQtNDc2My05NmUzLTYzMGQ4MjcyMWMwN3h3DmNvcmUvcGFyYWdyYXBoeXckMWM0ZTQyY2QtN2Y1NC00NzYzLTk2ZTMtNjMwZDgyNzIxYzA3dyQwMjI3NmUxOC0yZGVlLTQ3YTQtOGU0Ny00NTM3MTcxODkyYWF31AE8cD5FbiBlbCBhcmNoaXZvIGRlbCBlamVyY2ljaW8gZmluYW5jaWVybywgdGVuZHLDoXMgbGEgcG9zaWJpbGlkYWQgZGUgY2VycmFybG86IGVzdG8gdGVuZHLDoSBlbCBlZmVjdG8gZGUgcHJvaGliaXIgbGEgbW9kaWZpY2FjacOzbiB5IGNyZWFjacOzbiBkZSBpbmdyZXNvcy9nYXN0b3MgZHVyYW50ZSBlbCBwZXLDrW9kbyBkZWwgZWplcmNpY2lvIGZpbmFuY2llcm8uPC9wPnckYmZhNGU5ZjItN2Q1OC00ZWZiLTk2YTctM2QxY2E0NGI2Yjg2dwB3FGJjbi9icmVhZGNydW1iLXRyYWlsdwB3E2JyZWFkY3J1bWJsaXN0X3JkZmF4eXl4dwB3AHcAdwB3AHUAdyQ2Yjg1MGQ4Yi0wYjhlLTQ4NWQtOTEyMi02MjVkNjA5MGRlYTN4d0o8ZGl2IHN0eWxlPSJoZWlnaHQ6MzBweCIgYXJpYS1oaWRkZW49InRydWUiIGNsYXNzPSJ3cC1ibG9jay1zcGFjZXIiPjwvZGl2PncLY29yZS9zcGFjZXJ3BDMwcHgBto\/6xggFww0AAQEByQGXBAAGAA==\",\"updateId\":796069804}","footnotes":""},"class_list":["post-4872","page","type-page","status-publish"],"aioseo_notices":[],"_links":{"self":[{"href":"https:\/\/www.kananas.com\/es\/wp-json\/wp\/v2\/pages\/4872","targetHints":{"allow":["GET"]}}],"collection":[{"href":"https:\/\/www.kananas.com\/es\/wp-json\/wp\/v2\/pages"}],"about":[{"href":"https:\/\/www.kananas.com\/es\/wp-json\/wp\/v2\/types\/page"}],"author":[{"embeddable":true,"href":"https:\/\/www.kananas.com\/es\/wp-json\/wp\/v2\/users\/1"}],"replies":[{"embeddable":true,"href":"https:\/\/www.kananas.com\/es\/wp-json\/wp\/v2\/comments?post=4872"}],"version-history":[{"count":6,"href":"https:\/\/www.kananas.com\/es\/wp-json\/wp\/v2\/pages\/4872\/revisions"}],"predecessor-version":[{"id":6592,"href":"https:\/\/www.kananas.com\/es\/wp-json\/wp\/v2\/pages\/4872\/revisions\/6592"}],"up":[{"embeddable":true,"href":"https:\/\/www.kananas.com\/es\/wp-json\/wp\/v2\/pages\/4865"}],"wp:attachment":[{"href":"https:\/\/www.kananas.com\/es\/wp-json\/wp\/v2\/media?parent=4872"}],"curies":[{"name":"wp","href":"https:\/\/api.w.org\/{rel}","templated":true}]}}