{"id":4876,"date":"2016-02-26T16:59:15","date_gmt":"2016-02-26T14:59:15","guid":{"rendered":"https:\/\/www.kananas.com\/es\/documentation-44\/planning\/"},"modified":"2024-08-01T16:42:37","modified_gmt":"2024-08-01T14:42:37","slug":"planificacion","status":"publish","type":"page","link":"https:\/\/www.kananas.com\/es\/documentation\/planificacion\/","title":{"rendered":"Planificaci\u00f3n"},"content":{"rendered":"\n<p class=\"wp-block-paragraph\">El CRM de Kananas te permite gestionar las actividades de tu asociaci\u00f3n.<\/p>\n\n\n\n<p class=\"wp-block-paragraph\">Puedes publicarlas en tu <a href=\"https:\/\/www.kananas.com\/en\/documentation\/web-site\/\" data-type=\"page\" data-id=\"4905\">sitio web<\/a>, gestionar inscripciones, as\u00ed como <a href=\"https:\/\/www.kananas.com\/en\/documentation\/accounting\/\" data-type=\"page\" data-id=\"4871\">ingresos y gastos<\/a>.<\/p>\n\n\n\n<p class=\"wp-block-paragraph\">Los <a href=\"https:\/\/www.kananas.com\/en\/documentation\/members\/\" data-type=\"page\" data-id=\"4745\">miembros<\/a> de tu organizaci\u00f3n podr\u00e1n solicitar participar a trav\u00e9s de su espacio personal y, posiblemente, pagar las tarifas de inscripci\u00f3n mediante <a href=\"https:\/\/www.kananas.com\/en\/documentation\/web-site\/online-payment\/\" data-type=\"page\" data-id=\"4852\">pago en l\u00ednea<\/a>.<\/p>\n\n\n<div class=\"wp-block-image\">\n<figure class=\"aligncenter size-large\"><img loading=\"lazy\" decoding=\"async\" width=\"1024\" height=\"672\" src=\"http:\/\/www.kananas.com\/es\/wp-content\/uploads\/sites\/2143\/2024\/08\/Screenshot-2024-08-01-at-16-41-34-SOA-club-Actividades-_-calendario-mensual-1024x672.png\" alt=\"\" class=\"wp-image-5641\" title=\"\" srcset=\"https:\/\/www.kananas.com\/es\/wp-content\/uploads\/sites\/2143\/2024\/08\/Screenshot-2024-08-01-at-16-41-34-SOA-club-Actividades-_-calendario-mensual-1024x672.png 1024w, https:\/\/www.kananas.com\/es\/wp-content\/uploads\/sites\/2143\/2024\/08\/Screenshot-2024-08-01-at-16-41-34-SOA-club-Actividades-_-calendario-mensual-300x197.png 300w, https:\/\/www.kananas.com\/es\/wp-content\/uploads\/sites\/2143\/2024\/08\/Screenshot-2024-08-01-at-16-41-34-SOA-club-Actividades-_-calendario-mensual-768x504.png 768w, https:\/\/www.kananas.com\/es\/wp-content\/uploads\/sites\/2143\/2024\/08\/Screenshot-2024-08-01-at-16-41-34-SOA-club-Actividades-_-calendario-mensual-1536x1008.png 1536w, https:\/\/www.kananas.com\/es\/wp-content\/uploads\/sites\/2143\/2024\/08\/Screenshot-2024-08-01-at-16-41-34-SOA-club-Actividades-_-calendario-mensual-2048x1344.png 2048w\" sizes=\"auto, (max-width: 1024px) 100vw, 1024px\" \/><\/figure>\n<\/div>\n\n<div class=\"wp-block-image\">\n<figure class=\"aligncenter size-large\"><img loading=\"lazy\" decoding=\"async\" width=\"1024\" height=\"663\" src=\"https:\/\/www.kananas.com\/es\/wp-content\/uploads\/sites\/2143\/2024\/07\/Screenshot-2024-07-29-at-18-30-57-SOA-club-Calendario-Ballroom-dancing-mercredi-1024x663.png\" alt=\"\" class=\"wp-image-5495\" srcset=\"https:\/\/www.kananas.com\/es\/wp-content\/uploads\/sites\/2143\/2024\/07\/Screenshot-2024-07-29-at-18-30-57-SOA-club-Calendario-Ballroom-dancing-mercredi-1024x663.png 1024w, https:\/\/www.kananas.com\/es\/wp-content\/uploads\/sites\/2143\/2024\/07\/Screenshot-2024-07-29-at-18-30-57-SOA-club-Calendario-Ballroom-dancing-mercredi-300x194.png 300w, https:\/\/www.kananas.com\/es\/wp-content\/uploads\/sites\/2143\/2024\/07\/Screenshot-2024-07-29-at-18-30-57-SOA-club-Calendario-Ballroom-dancing-mercredi-768x498.png 768w, https:\/\/www.kananas.com\/es\/wp-content\/uploads\/sites\/2143\/2024\/07\/Screenshot-2024-07-29-at-18-30-57-SOA-club-Calendario-Ballroom-dancing-mercredi-1536x995.png 1536w, https:\/\/www.kananas.com\/es\/wp-content\/uploads\/sites\/2143\/2024\/07\/Screenshot-2024-07-29-at-18-30-57-SOA-club-Calendario-Ballroom-dancing-mercredi-2048x1327.png 2048w\" sizes=\"auto, (max-width: 1024px) 100vw, 1024px\" \/><\/figure>\n<\/div>\n\n\n<div style=\"height:30px\" aria-hidden=\"true\" class=\"wp-block-spacer\"><\/div>\n\n\n\n<p class=\"wp-block-paragraph\">Para obtener m\u00e1s informaci\u00f3n sobre la planificaci\u00f3n<\/p>\n\n\n<ul class=\"wp-block-page-list\"><li class=\"wp-block-pages-list__item\"><a class=\"wp-block-pages-list__item__link\" href=\"https:\/\/www.kananas.com\/es\/documentation\/planificacion\/actividades\/\">Actividades y eventos<\/a><\/li><li class=\"wp-block-pages-list__item\"><a class=\"wp-block-pages-list__item__link\" href=\"https:\/\/www.kananas.com\/es\/documentation\/planificacion\/taquilla\/\">Taquilla<\/a><\/li><li class=\"wp-block-pages-list__item\"><a class=\"wp-block-pages-list__item__link\" href=\"https:\/\/www.kananas.com\/es\/documentation\/planificacion\/asistentes\/\">Asistentes<\/a><\/li><li class=\"wp-block-pages-list__item\"><a class=\"wp-block-pages-list__item__link\" href=\"https:\/\/www.kananas.com\/es\/documentation\/planificacion\/inscripcion-online-para-actividades\/\">Inscripci\u00f3n online para actividades<\/a><\/li><li class=\"wp-block-pages-list__item\"><a class=\"wp-block-pages-list__item__link\" href=\"https:\/\/www.kananas.com\/es\/documentation\/planificacion\/ingresos-y-gastos\/\">Ingresos y gastos<\/a><\/li><li class=\"wp-block-pages-list__item\"><a class=\"wp-block-pages-list__item__link\" href=\"https:\/\/www.kananas.com\/es\/documentation\/planificacion\/reunion-online-y-votaciones\/\">Reuni\u00f3n online y votaciones<\/a><\/li><li class=\"wp-block-pages-list__item\"><a class=\"wp-block-pages-list__item__link\" href=\"https:\/\/www.kananas.com\/es\/documentation\/planificacion\/control-de-entrada\/\">Control de entrada<\/a><\/li><\/ul>","protected":false},"excerpt":{"rendered":"<p>El CRM de Kananas te permite gestionar las actividades de tu asociaci\u00f3n. Puedes publicarlas en tu sitio web, gestionar inscripciones, as\u00ed como ingresos y gastos. Los miembros de tu organizaci\u00f3n podr\u00e1n solicitar participar a trav\u00e9s de su espacio personal y, posiblemente, pagar las tarifas de inscripci\u00f3n mediante pago en l\u00ednea. Para obtener m\u00e1s informaci\u00f3n sobre &#8230; <a title=\"Planificaci\u00f3n\" class=\"read-more\" href=\"https:\/\/www.kananas.com\/es\/documentation\/planificacion\/\" aria-label=\"En savoir plus sur Planificaci\u00f3n\">Lire la suite<\/a><\/p>\n","protected":false},"author":1,"featured_media":0,"parent":4864,"menu_order":4,"comment_status":"closed","ping_status":"closed","template":"","meta":{"_crdt_document":"","footnotes":""},"class_list":["post-4876","page","type-page","status-publish"],"aioseo_notices":[],"_links":{"self":[{"href":"https:\/\/www.kananas.com\/es\/wp-json\/wp\/v2\/pages\/4876","targetHints":{"allow":["GET"]}}],"collection":[{"href":"https:\/\/www.kananas.com\/es\/wp-json\/wp\/v2\/pages"}],"about":[{"href":"https:\/\/www.kananas.com\/es\/wp-json\/wp\/v2\/types\/page"}],"author":[{"embeddable":true,"href":"https:\/\/www.kananas.com\/es\/wp-json\/wp\/v2\/users\/1"}],"replies":[{"embeddable":true,"href":"https:\/\/www.kananas.com\/es\/wp-json\/wp\/v2\/comments?post=4876"}],"version-history":[{"count":5,"href":"https:\/\/www.kananas.com\/es\/wp-json\/wp\/v2\/pages\/4876\/revisions"}],"predecessor-version":[{"id":5643,"href":"https:\/\/www.kananas.com\/es\/wp-json\/wp\/v2\/pages\/4876\/revisions\/5643"}],"up":[{"embeddable":true,"href":"https:\/\/www.kananas.com\/es\/wp-json\/wp\/v2\/pages\/4864"}],"wp:attachment":[{"href":"https:\/\/www.kananas.com\/es\/wp-json\/wp\/v2\/media?parent=4876"}],"curies":[{"name":"wp","href":"https:\/\/api.w.org\/{rel}","templated":true}]}}