{"id":4883,"date":"2016-02-26T17:25:02","date_gmt":"2016-02-26T15:25:02","guid":{"rendered":"https:\/\/www.kananas.com\/es\/documentation-46\/planning\/activities\/"},"modified":"2024-08-01T16:47:22","modified_gmt":"2024-08-01T14:47:22","slug":"actividades","status":"publish","type":"page","link":"https:\/\/www.kananas.com\/es\/documentation\/planificacion\/actividades\/","title":{"rendered":"Actividades y eventos"},"content":{"rendered":"\n<p class=\"wp-block-paragraph\">El CRM Kananas te permite gestionar la planificaci\u00f3n de tus actividades y eventos.<\/p>\n\n\n<div class=\"wp-block-image\">\n<figure class=\"aligncenter size-large\"><img loading=\"lazy\" decoding=\"async\" width=\"1024\" height=\"663\" src=\"http:\/\/www.kananas.com\/es\/wp-content\/uploads\/sites\/2143\/2024\/07\/Screenshot-2024-07-29-at-18-32-27-SOA-club-Actividades-_-calendario-mensual-1024x663.png\" alt=\"\" class=\"wp-image-5497\" title=\"\" srcset=\"https:\/\/www.kananas.com\/es\/wp-content\/uploads\/sites\/2143\/2024\/07\/Screenshot-2024-07-29-at-18-32-27-SOA-club-Actividades-_-calendario-mensual-1024x663.png 1024w, https:\/\/www.kananas.com\/es\/wp-content\/uploads\/sites\/2143\/2024\/07\/Screenshot-2024-07-29-at-18-32-27-SOA-club-Actividades-_-calendario-mensual-300x194.png 300w, https:\/\/www.kananas.com\/es\/wp-content\/uploads\/sites\/2143\/2024\/07\/Screenshot-2024-07-29-at-18-32-27-SOA-club-Actividades-_-calendario-mensual-768x498.png 768w, https:\/\/www.kananas.com\/es\/wp-content\/uploads\/sites\/2143\/2024\/07\/Screenshot-2024-07-29-at-18-32-27-SOA-club-Actividades-_-calendario-mensual-1536x995.png 1536w, https:\/\/www.kananas.com\/es\/wp-content\/uploads\/sites\/2143\/2024\/07\/Screenshot-2024-07-29-at-18-32-27-SOA-club-Actividades-_-calendario-mensual-2048x1327.png 2048w\" sizes=\"auto, (max-width: 1024px) 100vw, 1024px\" \/><\/figure>\n<\/div>\n\n\n<div style=\"height:20px\" aria-hidden=\"true\" class=\"wp-block-spacer\"><\/div>\n\n\n\n<p class=\"wp-block-paragraph\">Ya sea un evento puntual o una actividad, puedes especificar cu\u00e1ndo se lleva a cabo, qui\u00e9nes son los participantes y las tarifas para inscribirse.<\/p>\n\n\n\n<p class=\"roundDiv has-base-background-color has-background wp-block-paragraph\">Un evento puede ser p\u00fablico o reservado para los miembros. En el caso de que el evento sea p\u00fablico, Kananas te ofrece una <a href=\"https:\/\/www.kananas.com\/documentation\/planning\/billetterie\/\" data-type=\"page\" data-id=\"6178\">boleter\u00eda<\/a> que permitir\u00e1 a personas externas inscribirse y pagar su entrada.<\/p>\n\n\n\n<div style=\"height:20px\" aria-hidden=\"true\" class=\"wp-block-spacer\"><\/div>\n\n\n\n<p class=\"wp-block-paragraph\">Definici\u00f3n del t\u00edtulo y horarios:<\/p>\n\n\n<div class=\"wp-block-image\">\n<figure class=\"aligncenter size-large\"><img loading=\"lazy\" decoding=\"async\" width=\"1024\" height=\"623\" src=\"https:\/\/www.kananas.com\/es\/wp-content\/uploads\/sites\/2143\/2024\/07\/Screenshot-2024-07-29-at-18-45-54-SOA-club-Calendario-Aquagym-1024x623.png\" alt=\"\" class=\"wp-image-5506\" title=\"asociaci\u00f3n gesti\u00f3n de actividades configuraci\u00f3n\" srcset=\"https:\/\/www.kananas.com\/es\/wp-content\/uploads\/sites\/2143\/2024\/07\/Screenshot-2024-07-29-at-18-45-54-SOA-club-Calendario-Aquagym-1024x623.png 1024w, https:\/\/www.kananas.com\/es\/wp-content\/uploads\/sites\/2143\/2024\/07\/Screenshot-2024-07-29-at-18-45-54-SOA-club-Calendario-Aquagym-300x183.png 300w, https:\/\/www.kananas.com\/es\/wp-content\/uploads\/sites\/2143\/2024\/07\/Screenshot-2024-07-29-at-18-45-54-SOA-club-Calendario-Aquagym-768x468.png 768w, https:\/\/www.kananas.com\/es\/wp-content\/uploads\/sites\/2143\/2024\/07\/Screenshot-2024-07-29-at-18-45-54-SOA-club-Calendario-Aquagym-1536x935.png 1536w, https:\/\/www.kananas.com\/es\/wp-content\/uploads\/sites\/2143\/2024\/07\/Screenshot-2024-07-29-at-18-45-54-SOA-club-Calendario-Aquagym-2048x1247.png 2048w\" sizes=\"auto, (max-width: 1024px) 100vw, 1024px\" \/><\/figure>\n<\/div>\n\n\n<p class=\"wp-block-paragraph\">Definici\u00f3n de las condiciones de inscripci\u00f3n, la p\u00e1gina var\u00eda seg\u00fan si el evento es p\u00fablico o reservado para los miembros.<\/p>\n\n\n\n<div class=\"wp-block-columns is-layout-flex wp-container-core-columns-is-layout-8f761849 wp-block-columns-is-layout-flex\">\n<div class=\"wp-block-column is-layout-flow wp-block-column-is-layout-flow\">\n<figure class=\"wp-block-image size-large\"><a href=\"https:\/\/www.kananas.com\/es\/wp-content\/uploads\/sites\/2143\/2024\/07\/Screenshot-2024-07-29-at-18-53-43-SOA-club-Calendario-Yoga-Nidra-Retreat.png\"><img loading=\"lazy\" decoding=\"async\" width=\"1024\" height=\"687\" src=\"https:\/\/www.kananas.com\/es\/wp-content\/uploads\/sites\/2143\/2024\/07\/Screenshot-2024-07-29-at-18-53-43-SOA-club-Calendario-Yoga-Nidra-Retreat-1024x687.png\" alt=\"\" class=\"wp-image-5507\" style=\"object-fit:cover\" srcset=\"https:\/\/www.kananas.com\/es\/wp-content\/uploads\/sites\/2143\/2024\/07\/Screenshot-2024-07-29-at-18-53-43-SOA-club-Calendario-Yoga-Nidra-Retreat-1024x687.png 1024w, https:\/\/www.kananas.com\/es\/wp-content\/uploads\/sites\/2143\/2024\/07\/Screenshot-2024-07-29-at-18-53-43-SOA-club-Calendario-Yoga-Nidra-Retreat-300x201.png 300w, https:\/\/www.kananas.com\/es\/wp-content\/uploads\/sites\/2143\/2024\/07\/Screenshot-2024-07-29-at-18-53-43-SOA-club-Calendario-Yoga-Nidra-Retreat-768x515.png 768w, https:\/\/www.kananas.com\/es\/wp-content\/uploads\/sites\/2143\/2024\/07\/Screenshot-2024-07-29-at-18-53-43-SOA-club-Calendario-Yoga-Nidra-Retreat-1536x1031.png 1536w, https:\/\/www.kananas.com\/es\/wp-content\/uploads\/sites\/2143\/2024\/07\/Screenshot-2024-07-29-at-18-53-43-SOA-club-Calendario-Yoga-Nidra-Retreat-2048x1374.png 2048w\" sizes=\"auto, (max-width: 1024px) 100vw, 1024px\" \/><\/a><figcaption class=\"wp-element-caption\">Evento p\u00fablico: configuraci\u00f3n de la boleter\u00eda<\/figcaption><\/figure>\n<\/div>\n\n\n\n<div class=\"wp-block-column is-layout-flow wp-block-column-is-layout-flow\">\n<figure class=\"wp-block-image size-large\"><a href=\"https:\/\/www.kananas.com\/es\/wp-content\/uploads\/sites\/2143\/2024\/07\/Screenshot-2024-07-29-at-18-54-52-SOA-club-Calendario-Ballroom-dancing-mercredi.png\"><img loading=\"lazy\" decoding=\"async\" width=\"1024\" height=\"659\" src=\"https:\/\/www.kananas.com\/es\/wp-content\/uploads\/sites\/2143\/2024\/07\/Screenshot-2024-07-29-at-18-54-52-SOA-club-Calendario-Ballroom-dancing-mercredi-1024x659.png\" alt=\"\" class=\"wp-image-5508\" srcset=\"https:\/\/www.kananas.com\/es\/wp-content\/uploads\/sites\/2143\/2024\/07\/Screenshot-2024-07-29-at-18-54-52-SOA-club-Calendario-Ballroom-dancing-mercredi-1024x659.png 1024w, https:\/\/www.kananas.com\/es\/wp-content\/uploads\/sites\/2143\/2024\/07\/Screenshot-2024-07-29-at-18-54-52-SOA-club-Calendario-Ballroom-dancing-mercredi-300x193.png 300w, https:\/\/www.kananas.com\/es\/wp-content\/uploads\/sites\/2143\/2024\/07\/Screenshot-2024-07-29-at-18-54-52-SOA-club-Calendario-Ballroom-dancing-mercredi-768x494.png 768w, https:\/\/www.kananas.com\/es\/wp-content\/uploads\/sites\/2143\/2024\/07\/Screenshot-2024-07-29-at-18-54-52-SOA-club-Calendario-Ballroom-dancing-mercredi-1536x988.png 1536w, https:\/\/www.kananas.com\/es\/wp-content\/uploads\/sites\/2143\/2024\/07\/Screenshot-2024-07-29-at-18-54-52-SOA-club-Calendario-Ballroom-dancing-mercredi-2048x1317.png 2048w\" sizes=\"auto, (max-width: 1024px) 100vw, 1024px\" \/><\/a><figcaption class=\"wp-element-caption\">Evento reservado para miembros: configuraci\u00f3n de opciones<\/figcaption><\/figure>\n<\/div>\n<\/div>\n\n\n\n<p class=\"wp-block-paragraph\">Para la gesti\u00f3n de inscripciones, consulta el documento <a href=\"http:\/\/www.kananas.com\/documentation\/planning\/participants\/\">participantes<\/a> y para la gesti\u00f3n de finanzas, consulta el documento <a href=\"http:\/\/www.kananas.com\/documentation\/planning\/recette-depense\/\">gastos e ingresos<\/a>.<\/p>\n\n\n\n<div style=\"height:30px\" aria-hidden=\"true\" class=\"wp-block-spacer\"><\/div>\n\n\n\n<h3 class=\"wp-block-heading\" id=\"activite-recurrente\">Evento recurrente<\/h3>\n\n\n\n<p class=\"wp-block-paragraph\">Cuando tu evento se repite en el tiempo a intervalos regulares, puedes definir un per\u00edodo de repetici\u00f3n: todas las semanas, cada 15 d\u00edas o todos los meses.<\/p>\n\n\n\n<p class=\"wp-block-paragraph\">Ejemplo: una clase de gimnasia todos los mi\u00e9rcoles de 15h a 16h.<br>Atenci\u00f3n: el campo \u00ab\u00a0periodicidad\u00a0\u00bb solo aparece cuando se crea el evento.<\/p>\n\n\n\n<p class=\"wp-block-paragraph\">El campo \u00ab\u00a0hasta el\u00a0\u00bb es obligatorio y permite limitar el per\u00edodo de repetici\u00f3n. Ten en cuenta que el per\u00edodo de repetici\u00f3n no puede superar un a\u00f1o.<br>Para definir tu per\u00edodo, debes modificar los par\u00e1metros de la primera ocurrencia: \u00ab\u00a0periodicidad\u00a0\u00bb y \u00ab\u00a0hasta el\u00a0\u00bb.<\/p>\n\n\n\n<p class=\"wp-block-paragraph\">Ejemplo:<\/p>\n\n\n<div class=\"wp-block-image\">\n<figure class=\"aligncenter size-large\"><img loading=\"lazy\" decoding=\"async\" width=\"1024\" height=\"663\" src=\"http:\/\/www.kananas.com\/es\/wp-content\/uploads\/sites\/2143\/2024\/07\/Screenshot-2024-07-29-at-18-33-14-SOA-club-Calendario-lecciones-de-boxeo-1024x663.png\" alt=\"\" class=\"wp-image-5499\" title=\"asociaci\u00f3n gesti\u00f3n de actividades repetitivas\" srcset=\"https:\/\/www.kananas.com\/es\/wp-content\/uploads\/sites\/2143\/2024\/07\/Screenshot-2024-07-29-at-18-33-14-SOA-club-Calendario-lecciones-de-boxeo-1024x663.png 1024w, https:\/\/www.kananas.com\/es\/wp-content\/uploads\/sites\/2143\/2024\/07\/Screenshot-2024-07-29-at-18-33-14-SOA-club-Calendario-lecciones-de-boxeo-300x194.png 300w, https:\/\/www.kananas.com\/es\/wp-content\/uploads\/sites\/2143\/2024\/07\/Screenshot-2024-07-29-at-18-33-14-SOA-club-Calendario-lecciones-de-boxeo-768x498.png 768w, https:\/\/www.kananas.com\/es\/wp-content\/uploads\/sites\/2143\/2024\/07\/Screenshot-2024-07-29-at-18-33-14-SOA-club-Calendario-lecciones-de-boxeo-1536x995.png 1536w, https:\/\/www.kananas.com\/es\/wp-content\/uploads\/sites\/2143\/2024\/07\/Screenshot-2024-07-29-at-18-33-14-SOA-club-Calendario-lecciones-de-boxeo-2048x1327.png 2048w\" sizes=\"auto, (max-width: 1024px) 100vw, 1024px\" \/><\/figure>\n<\/div>\n\n\n<p class=\"wp-block-paragraph\">Despu\u00e9s de modificar el per\u00edodo o la fecha de finalizaci\u00f3n y luego validar, el software crear\u00e1 las diferentes ocurrencias del evento durante todo el per\u00edodo deseado. Los eventos est\u00e1n entonces vinculados entre s\u00ed y forman parte de una \u00ab\u00a0serie\u00a0\u00bb.<\/p>\n\n\n\n<p class=\"wp-block-paragraph\">La primera ocurrencia de la serie se llama evento principal. Si posteriormente modificas uno de los criterios del evento principal, el software eliminar\u00e1 y recrear\u00e1 las ocurrencias. Para modificar una repetici\u00f3n (responsable, lugar, hora, condiciones de inscripci\u00f3n &#8230;) es conveniente situarse en la primera ocurrencia.<\/p>\n\n\n\n<p class=\"wp-block-paragraph\">Si los participantes est\u00e1n vinculados al evento principal (primera ocurrencia), tambi\u00e9n se duplicar\u00e1n en los otros eventos. Esto puede ser \u00fatil si, por ejemplo, asignas siempre a las mismas personas para supervisar el evento.<\/p>\n\n\n\n<p class=\"wp-block-paragraph\">Si deseas que un evento no se vea afectado por la modificaci\u00f3n del evento principal, entonces debes sacarlo de la serie: usa el bot\u00f3n \u00ab\u00a0salir de la serie\u00a0\u00bb.<\/p>\n\n\n\n<p class=\"wp-block-paragraph\">Si deseas modificar la serie, usa el enlace que permite acceder a la primera actividad de la serie: \u00ab\u00a0forma parte de la serie xxxxxx\u00a0\u00bb.<\/p>\n\n\n<div class=\"wp-block-image\">\n<figure class=\"aligncenter size-large\"><img loading=\"lazy\" decoding=\"async\" width=\"1024\" height=\"623\" src=\"http:\/\/www.kananas.com\/es\/wp-content\/uploads\/sites\/2143\/2024\/07\/Screenshot-2024-07-29-at-18-36-33-SOA-club-Calendario-lecciones-de-boxeo-1024x623.png\" alt=\"\" class=\"wp-image-5501\" title=\"asociaci\u00f3n actividad repetitiva\" srcset=\"https:\/\/www.kananas.com\/es\/wp-content\/uploads\/sites\/2143\/2024\/07\/Screenshot-2024-07-29-at-18-36-33-SOA-club-Calendario-lecciones-de-boxeo-1024x623.png 1024w, https:\/\/www.kananas.com\/es\/wp-content\/uploads\/sites\/2143\/2024\/07\/Screenshot-2024-07-29-at-18-36-33-SOA-club-Calendario-lecciones-de-boxeo-300x183.png 300w, https:\/\/www.kananas.com\/es\/wp-content\/uploads\/sites\/2143\/2024\/07\/Screenshot-2024-07-29-at-18-36-33-SOA-club-Calendario-lecciones-de-boxeo-768x468.png 768w, https:\/\/www.kananas.com\/es\/wp-content\/uploads\/sites\/2143\/2024\/07\/Screenshot-2024-07-29-at-18-36-33-SOA-club-Calendario-lecciones-de-boxeo-1536x935.png 1536w, https:\/\/www.kananas.com\/es\/wp-content\/uploads\/sites\/2143\/2024\/07\/Screenshot-2024-07-29-at-18-36-33-SOA-club-Calendario-lecciones-de-boxeo-2048x1247.png 2048w\" sizes=\"auto, (max-width: 1024px) 100vw, 1024px\" \/><\/figure>\n<\/div>\n\n\n<p class=\"wp-block-paragraph\">Cuando asignas uno o m\u00e1s contactos a un evento, ya sea desde su archivo o desde la lista de contactos (campo de modificaci\u00f3n colectiva), puedes elegir si la asignaci\u00f3n corresponde a esta sesi\u00f3n o a esta sesi\u00f3n y las siguientes.<\/p>\n\n\n\n<p class=\"roundDiv has-base-background-color has-background wp-block-paragraph\">Si deseas eliminar todas las ocurrencias de una actividad repetitiva, modifica la actividad principal indicando que su periodicidad es \u00ab\u00a0puntual\u00a0\u00bb.<\/p>\n\n\n\n<div style=\"height:30px\" aria-hidden=\"true\" class=\"wp-block-spacer\"><\/div>\n\n\n\n<h3 class=\"wp-block-heading\" id=\"pour-en-savoir-plus-sur-la-gestion-d-activites\">Para saber m\u00e1s sobre la gesti\u00f3n de actividades<\/h3>\n\n\n<ul class=\"wp-block-page-list\"><li class=\"wp-block-pages-list__item\"><a class=\"wp-block-pages-list__item__link\" href=\"https:\/\/www.kananas.com\/es\/documentation\/planificacion\/actividades\/\">Actividades y eventos<\/a><\/li><li class=\"wp-block-pages-list__item\"><a class=\"wp-block-pages-list__item__link\" href=\"https:\/\/www.kananas.com\/es\/documentation\/planificacion\/taquilla\/\">Taquilla<\/a><\/li><li class=\"wp-block-pages-list__item\"><a class=\"wp-block-pages-list__item__link\" href=\"https:\/\/www.kananas.com\/es\/documentation\/planificacion\/asistentes\/\">Asistentes<\/a><\/li><li class=\"wp-block-pages-list__item\"><a class=\"wp-block-pages-list__item__link\" href=\"https:\/\/www.kananas.com\/es\/documentation\/planificacion\/inscripcion-online-para-actividades\/\">Inscripci\u00f3n online para actividades<\/a><\/li><li class=\"wp-block-pages-list__item\"><a class=\"wp-block-pages-list__item__link\" href=\"https:\/\/www.kananas.com\/es\/documentation\/planificacion\/ingresos-y-gastos\/\">Ingresos y gastos<\/a><\/li><li class=\"wp-block-pages-list__item\"><a class=\"wp-block-pages-list__item__link\" href=\"https:\/\/www.kananas.com\/es\/documentation\/planificacion\/reunion-online-y-votaciones\/\">Reuni\u00f3n online y votaciones<\/a><\/li><li class=\"wp-block-pages-list__item\"><a class=\"wp-block-pages-list__item__link\" href=\"https:\/\/www.kananas.com\/es\/documentation\/planificacion\/control-de-entrada\/\">Control de entrada<\/a><\/li><\/ul>","protected":false},"excerpt":{"rendered":"<p>El CRM Kananas te permite gestionar la planificaci\u00f3n de tus actividades y eventos. Ya sea un evento puntual o una actividad, puedes especificar cu\u00e1ndo se lleva a cabo, qui\u00e9nes son los participantes y las tarifas para inscribirse. Un evento puede ser p\u00fablico o reservado para los miembros. En el caso de que el evento sea &#8230; <a title=\"Actividades y eventos\" class=\"read-more\" href=\"https:\/\/www.kananas.com\/es\/documentation\/planificacion\/actividades\/\" aria-label=\"En savoir plus sur Actividades y eventos\">Lire la suite<\/a><\/p>\n","protected":false},"author":1,"featured_media":0,"parent":4876,"menu_order":0,"comment_status":"closed","ping_status":"closed","template":"","meta":{"_crdt_document":"","footnotes":""},"class_list":["post-4883","page","type-page","status-publish"],"aioseo_notices":[],"_links":{"self":[{"href":"https:\/\/www.kananas.com\/es\/wp-json\/wp\/v2\/pages\/4883","targetHints":{"allow":["GET"]}}],"collection":[{"href":"https:\/\/www.kananas.com\/es\/wp-json\/wp\/v2\/pages"}],"about":[{"href":"https:\/\/www.kananas.com\/es\/wp-json\/wp\/v2\/types\/page"}],"author":[{"embeddable":true,"href":"https:\/\/www.kananas.com\/es\/wp-json\/wp\/v2\/users\/1"}],"replies":[{"embeddable":true,"href":"https:\/\/www.kananas.com\/es\/wp-json\/wp\/v2\/comments?post=4883"}],"version-history":[{"count":8,"href":"https:\/\/www.kananas.com\/es\/wp-json\/wp\/v2\/pages\/4883\/revisions"}],"predecessor-version":[{"id":5647,"href":"https:\/\/www.kananas.com\/es\/wp-json\/wp\/v2\/pages\/4883\/revisions\/5647"}],"up":[{"embeddable":true,"href":"https:\/\/www.kananas.com\/es\/wp-json\/wp\/v2\/pages\/4876"}],"wp:attachment":[{"href":"https:\/\/www.kananas.com\/es\/wp-json\/wp\/v2\/media?parent=4883"}],"curies":[{"name":"wp","href":"https:\/\/api.w.org\/{rel}","templated":true}]}}