{"id":4888,"date":"2016-02-26T17:18:57","date_gmt":"2016-02-26T15:18:57","guid":{"rendered":"https:\/\/www.kananas.com\/es\/documentation-48\/documents\/"},"modified":"2023-12-20T17:17:17","modified_gmt":"2023-12-20T15:17:17","slug":"documentos","status":"publish","type":"page","link":"https:\/\/www.kananas.com\/es\/documentation\/documentos\/","title":{"rendered":"Documentos"},"content":{"rendered":"\n<p class=\"wp-block-paragraph\">El software de gesti\u00f3n de asociaciones Kananas te permite cargar documentos desde tu ordenador a nuestro sitio (nube). Esto permite que se aseguren (copias de seguridad todas las noches) y se compartan con tus contactos.<\/p>\n\n\n\n<div style=\"height:20px\" aria-hidden=\"true\" class=\"wp-block-spacer\"><\/div>\n\n\n\n<h3 class=\"wp-block-heading\">Adjuntar documentos a carpetas<\/h3>\n\n\n\n<p class=\"wp-block-paragraph\">Puedes adjuntar documentos a las carpetas de <a href=\"https:\/\/www.kananas.com\/es\/documentation\/miembros\/\" data-type=\"page\" data-id=\"4900\">contactos<\/a>, <a href=\"https:\/\/www.kananas.com\/es\/documentation\/almacenar\/\" data-type=\"page\" data-id=\"4845\">productos<\/a> y <a href=\"https:\/\/www.kananas.com\/es\/documentation\/planificacion\/actividades\/\" data-type=\"page\" data-id=\"4883\">actividades<\/a>.<br>Esta operaci\u00f3n se realiza desde la pesta\u00f1a \u00ab\u00a0documento\u00a0\u00bb para los contactos o \u00ab\u00a0foto\u00a0\u00bb para los productos y actividades.<\/p>\n\n\n\n<p class=\"wp-block-paragraph\">Haz clic en \u00ab\u00a0a\u00f1adir documento\u00a0\u00bb, se abrir\u00e1 una ventana que te permite seleccionar el\/los archivo(s) que deseas cargar. Ten en cuenta que los tipos de archivo autorizados para la descarga son: im\u00e1genes jpeg, documentos de Word, documentos de Excel, documentos de PowerPoint y documentos PDF.<\/p>\n\n\n\n<p class=\"wp-block-paragraph\">Los miembros tambi\u00e9n pueden descargar archivos a su carpeta desde su <a href=\"https:\/\/www.kananas.com\/es\/documentation\/miembros\/espacio-personal\/\" data-type=\"page\" data-id=\"4905\">espacio personal<\/a>.<\/p>\n\n\n\n<figure class=\"wp-block-image size-full\"><img decoding=\"async\" src=\"https:\/\/www.kananas.com\/en\/wp-content\/uploads\/sites\/2145\/2023\/12\/Screenshot-2023-12-18-at-16-42-23-SOA-club-Contact-Pamela-Aldebaran.png\" alt=\"\" class=\"wp-image-5490\"\/><\/figure>\n\n\n\n<blockquote class=\"wp-block-quote is-layout-flow wp-block-quote-is-layout-flow\">\n<p class=\"wp-block-paragraph\"><em>Consejo: para seleccionar varios archivos, usa la tecla CTRL y luego haz clic en los archivos.<\/em><\/p>\n<\/blockquote>\n\n\n\n<div style=\"height:20px\" aria-hidden=\"true\" class=\"wp-block-spacer\"><\/div>\n\n\n\n<h3 class=\"wp-block-heading\">El Drive<\/h3>\n\n\n\n<p class=\"wp-block-paragraph\">El Drive te permite mantener tus documentos en un lugar seguro y compartirlos con tus contactos. Ya sea certificados de seguros, diplomas o actas de reuniones, el Drive te permite centralizar y asegurar tus documentos importantes. Para acceder a \u00e9l, utiliza el men\u00fa <strong>documentos<\/strong> y luego la pesta\u00f1a <strong>Drive<\/strong>. Puedes navegar por tu estructura de datos a trav\u00e9s del men\u00fa de la izquierda.<\/p>\n\n\n\n<figure class=\"wp-block-image size-full\"><img decoding=\"async\" src=\"https:\/\/www.kananas.com\/en\/wp-content\/uploads\/sites\/2145\/2023\/12\/Screenshot-2023-12-18-at-16-45-12-SOA-club-My-drive.png\" alt=\"\" class=\"wp-image-5493\"\/><\/figure>\n\n\n\n<p class=\"wp-block-paragraph\">El Drive, tambi\u00e9n llamado Caja Digital, te permite organizar la estructura de tu sistema de informaci\u00f3n creando directorios. Luego puedes cargar documentos: para hacerlo, haz clic en el bot\u00f3n <strong>+documento<\/strong>.<\/p>\n\n\n\n<div style=\"height:20px\" aria-hidden=\"true\" class=\"wp-block-spacer\"><\/div>\n\n\n\n<h3 class=\"wp-block-heading\">Compartir documentos con tus miembros<\/h3>\n\n\n\n<p class=\"wp-block-paragraph\">Desde su <a href=\"https:\/\/www.kananas.com\/es\/documentation\/miembros\/espacio-personal\/\" data-type=\"page\" data-id=\"4905\">espacio personal<\/a>, tus <a href=\"https:\/\/www.kananas.com\/es\/documentation\/miembros\/\" data-type=\"page\" data-id=\"4900\">miembros<\/a> pueden consultar los documentos que has colocado en su archivo, desde la pesta\u00f1a <strong>documento<\/strong> de su archivo. Tambi\u00e9n pueden consultar los documentos que deseas compartir con ellos desde el Drive.<\/p>\n\n\n\n<figure class=\"wp-block-image size-full\"><img decoding=\"async\" src=\"https:\/\/www.kananas.com\/en\/wp-content\/uploads\/sites\/2145\/2023\/12\/Screenshot-2023-12-18-at-16-51-41-SOA-club-Documents-jax-teller-1.png\" alt=\"\" class=\"wp-image-5497\"\/><\/figure>\n\n\n\n<div style=\"height:20px\" aria-hidden=\"true\" class=\"wp-block-spacer\"><\/div>\n\n\n\n<p class=\"wp-block-paragraph\">Las autorizaciones se otorgan a nivel de directorio, debes especificar qu\u00e9 categor\u00edas de miembros pueden ver el contenido haciendo clic en el bot\u00f3n de <strong>derechos<\/strong> para el directorio actual.<\/p>\n\n\n\n<figure class=\"wp-block-image size-full\"><img decoding=\"async\" src=\"https:\/\/www.kananas.com\/en\/wp-content\/uploads\/sites\/2145\/2023\/12\/Screenshot-2023-12-18-at-16-54-53-SOA-club-My-drive.png\" alt=\"\" class=\"wp-image-5500\"\/><\/figure>\n","protected":false},"excerpt":{"rendered":"<p>El software de gesti\u00f3n de asociaciones Kananas te permite cargar documentos desde tu ordenador a nuestro sitio (nube). Esto permite que se aseguren (copias de seguridad todas las noches) y se compartan con tus contactos. Adjuntar documentos a carpetas Puedes adjuntar documentos a las carpetas de contactos, productos y actividades.Esta operaci\u00f3n se realiza desde la &#8230; <a title=\"Documentos\" class=\"read-more\" href=\"https:\/\/www.kananas.com\/es\/documentation\/documentos\/\" aria-label=\"En savoir plus sur Documentos\">Lire la suite<\/a><\/p>\n","protected":false},"author":1,"featured_media":0,"parent":4864,"menu_order":6,"comment_status":"closed","ping_status":"closed","template":"","meta":{"_crdt_document":"","footnotes":""},"class_list":["post-4888","page","type-page","status-publish"],"aioseo_notices":[],"_links":{"self":[{"href":"https:\/\/www.kananas.com\/es\/wp-json\/wp\/v2\/pages\/4888","targetHints":{"allow":["GET"]}}],"collection":[{"href":"https:\/\/www.kananas.com\/es\/wp-json\/wp\/v2\/pages"}],"about":[{"href":"https:\/\/www.kananas.com\/es\/wp-json\/wp\/v2\/types\/page"}],"author":[{"embeddable":true,"href":"https:\/\/www.kananas.com\/es\/wp-json\/wp\/v2\/users\/1"}],"replies":[{"embeddable":true,"href":"https:\/\/www.kananas.com\/es\/wp-json\/wp\/v2\/comments?post=4888"}],"version-history":[{"count":3,"href":"https:\/\/www.kananas.com\/es\/wp-json\/wp\/v2\/pages\/4888\/revisions"}],"predecessor-version":[{"id":5218,"href":"https:\/\/www.kananas.com\/es\/wp-json\/wp\/v2\/pages\/4888\/revisions\/5218"}],"up":[{"embeddable":true,"href":"https:\/\/www.kananas.com\/es\/wp-json\/wp\/v2\/pages\/4864"}],"wp:attachment":[{"href":"https:\/\/www.kananas.com\/es\/wp-json\/wp\/v2\/media?parent=4888"}],"curies":[{"name":"wp","href":"https:\/\/api.w.org\/{rel}","templated":true}]}}