{"id":4890,"date":"2016-02-26T17:10:29","date_gmt":"2016-02-26T15:10:29","guid":{"rendered":"https:\/\/www.kananas.com\/es\/documentation-49\/communication\/"},"modified":"2024-11-28T20:20:37","modified_gmt":"2024-11-28T18:20:37","slug":"comunicacion","status":"publish","type":"page","link":"https:\/\/www.kananas.com\/es\/documentation\/comunicacion\/","title":{"rendered":"Comunicaci\u00f3n"},"content":{"rendered":"\n<p class=\"wp-block-paragraph\">Gestionar adecuadamente la comunicaci\u00f3n de su asociaci\u00f3n es esencial para maximizar su impacto y alcanzar sus objetivos. Utilizando un CRM como Kananas, especialmente dise\u00f1ado para asociaciones, puede centralizar todos sus datos y simplificar la gesti\u00f3n de sus miembros, voluntarios y donantes.<\/p>\n\n\n\n<p class=\"wp-block-paragraph\">Esta herramienta le permite automatizar el env\u00edo de boletines informativos, organizar eventos y seguir sus campa\u00f1as, optimizando as\u00ed su estrategia de comunicaci\u00f3n. Adoptar una soluci\u00f3n como Kananas le ayuda a reforzar la visibilidad de su asociaci\u00f3n, a involucrar a su comunidad y a asegurar la continuidad de sus acciones.<\/p>\n\n\n\n<p class=\"wp-block-paragraph\">Kananas es tambi\u00e9n una potente herramienta para la realizaci\u00f3n de encuestas y votos electr\u00f3nicos gracias a la funcionalidad de Formularios.<\/p>\n\n\n\n<p class=\"wp-block-paragraph\">Ponemos a su disposici\u00f3n las siguientes herramientas de comunicaci\u00f3n:<\/p>\n\n\n\n<ul class=\"wp-block-list\">\n<li><a href=\"https:\/\/www.kananas.com\/es\/documentation\/comunicacion\/envio\/\" data-type=\"page\" data-id=\"4896\">Correo Electr\u00f3nico<\/a><\/li>\n\n\n\n<li><a href=\"https:\/\/www.kananas.com\/es\/documentation\/comunicacion\/sms\/\" data-type=\"page\" data-id=\"4891\">SMS<\/a><\/li>\n\n\n\n<li><a href=\"https:\/\/www.kananas.com\/es\/documentation\/comunicacion\/unificacion-de-correo\/\" data-type=\"page\" data-id=\"5608\">Correo directo<\/a><\/li>\n\n\n\n<li><a href=\"https:\/\/www.kananas.com\/es\/documentation\/comunicacion\/unificacion-de-correo\/\" data-type=\"page\" data-id=\"5608\">Charlar<\/a><\/li>\n\n\n\n<li><a href=\"https:\/\/www.kananas.com\/es\/documentation\/comunicacion\/encuestas-y-votaciones\/\" data-type=\"page\" data-id=\"4776\">Votacion<\/a><\/li>\n\n\n\n<li><a href=\"https:\/\/www.kananas.com\/es\/documentation\/comunicacion\/encuestas-y-votaciones\/\" data-type=\"page\" data-id=\"4776\">Sondeo<\/a><\/li>\n<\/ul>\n","protected":false},"excerpt":{"rendered":"<p>Gestionar adecuadamente la comunicaci\u00f3n de su asociaci\u00f3n es esencial para maximizar su impacto y alcanzar sus objetivos. Utilizando un CRM como Kananas, especialmente dise\u00f1ado para asociaciones, puede centralizar todos sus datos y simplificar la gesti\u00f3n de sus miembros, voluntarios y donantes. Esta herramienta le permite automatizar el env\u00edo de boletines informativos, organizar eventos y seguir &#8230; <a title=\"Comunicaci\u00f3n\" class=\"read-more\" href=\"https:\/\/www.kananas.com\/es\/documentation\/comunicacion\/\" aria-label=\"En savoir plus sur Comunicaci\u00f3n\">Lire la suite<\/a><\/p>\n","protected":false},"author":1,"featured_media":0,"parent":4864,"menu_order":7,"comment_status":"closed","ping_status":"closed","template":"","meta":{"_crdt_document":"","footnotes":""},"class_list":["post-4890","page","type-page","status-publish"],"aioseo_notices":[],"_links":{"self":[{"href":"https:\/\/www.kananas.com\/es\/wp-json\/wp\/v2\/pages\/4890","targetHints":{"allow":["GET"]}}],"collection":[{"href":"https:\/\/www.kananas.com\/es\/wp-json\/wp\/v2\/pages"}],"about":[{"href":"https:\/\/www.kananas.com\/es\/wp-json\/wp\/v2\/types\/page"}],"author":[{"embeddable":true,"href":"https:\/\/www.kananas.com\/es\/wp-json\/wp\/v2\/users\/1"}],"replies":[{"embeddable":true,"href":"https:\/\/www.kananas.com\/es\/wp-json\/wp\/v2\/comments?post=4890"}],"version-history":[{"count":8,"href":"https:\/\/www.kananas.com\/es\/wp-json\/wp\/v2\/pages\/4890\/revisions"}],"predecessor-version":[{"id":5786,"href":"https:\/\/www.kananas.com\/es\/wp-json\/wp\/v2\/pages\/4890\/revisions\/5786"}],"up":[{"embeddable":true,"href":"https:\/\/www.kananas.com\/es\/wp-json\/wp\/v2\/pages\/4864"}],"wp:attachment":[{"href":"https:\/\/www.kananas.com\/es\/wp-json\/wp\/v2\/media?parent=4890"}],"curies":[{"name":"wp","href":"https:\/\/api.w.org\/{rel}","templated":true}]}}