{"id":4891,"date":"2016-02-26T17:17:48","date_gmt":"2016-02-26T15:17:48","guid":{"rendered":"https:\/\/www.kananas.com\/es\/documentation-49\/communication\/sms\/"},"modified":"2024-07-31T16:58:41","modified_gmt":"2024-07-31T14:58:41","slug":"sms","status":"publish","type":"page","link":"https:\/\/www.kananas.com\/es\/documentation\/comunicacion\/sms\/","title":{"rendered":"Sms"},"content":{"rendered":"\n<p class=\"wp-block-paragraph\">Puedes enviar mensajes de SMS a tus contactos desde el Backoffice. Esta funcionalidad es id\u00e9ntica a la de los correos electr\u00f3nicos, seleccionas a los destinatarios en la lista de contactos y utilizas la funci\u00f3n de acci\u00f3n colectiva: <strong>enviar un SMS<\/strong>.<\/p>\n\n\n<div class=\"wp-block-image\">\n<figure class=\"aligncenter size-large\"><img loading=\"lazy\" decoding=\"async\" width=\"1024\" height=\"619\" src=\"https:\/\/www.kananas.com\/es\/wp-content\/uploads\/sites\/2143\/2024\/07\/Screenshot-2024-07-31-at-16-54-57-SOA-club-Contacto-1024x619.png\" alt=\"\" class=\"wp-image-5591\" srcset=\"https:\/\/www.kananas.com\/es\/wp-content\/uploads\/sites\/2143\/2024\/07\/Screenshot-2024-07-31-at-16-54-57-SOA-club-Contacto-1024x619.png 1024w, https:\/\/www.kananas.com\/es\/wp-content\/uploads\/sites\/2143\/2024\/07\/Screenshot-2024-07-31-at-16-54-57-SOA-club-Contacto-300x181.png 300w, https:\/\/www.kananas.com\/es\/wp-content\/uploads\/sites\/2143\/2024\/07\/Screenshot-2024-07-31-at-16-54-57-SOA-club-Contacto-768x464.png 768w, https:\/\/www.kananas.com\/es\/wp-content\/uploads\/sites\/2143\/2024\/07\/Screenshot-2024-07-31-at-16-54-57-SOA-club-Contacto-1536x929.png 1536w, https:\/\/www.kananas.com\/es\/wp-content\/uploads\/sites\/2143\/2024\/07\/Screenshot-2024-07-31-at-16-54-57-SOA-club-Contacto-2048x1239.png 2048w\" sizes=\"auto, (max-width: 1024px) 100vw, 1024px\" \/><\/figure>\n<\/div>\n\n\n<p class=\"wp-block-paragraph\">Nb: primero debes cargar tu cuenta con un paquete de SMS. Para hacerlo, ve a la p\u00e1gina de configuraci\u00f3n\/mi cuenta.<\/p>\n\n\n\n<p class=\"wp-block-paragraph\">Esta funcionalidad tambi\u00e9n es accesible desde la carpeta de un contacto, con el bot\u00f3n de SMS.<\/p>\n\n\n<div class=\"wp-block-image\">\n<figure class=\"aligncenter size-large is-resized\"><a href=\"https:\/\/www.kananas.com\/es\/wp-content\/uploads\/sites\/2143\/2024\/07\/Screenshot-2024-07-31-at-16-55-24-SOA-club-Contacto-Jean-Ambezati.png\"><img loading=\"lazy\" decoding=\"async\" width=\"1024\" height=\"421\" src=\"https:\/\/www.kananas.com\/es\/wp-content\/uploads\/sites\/2143\/2024\/07\/Screenshot-2024-07-31-at-16-55-24-SOA-club-Contacto-Jean-Ambezati-1024x421.png\" alt=\"\" class=\"wp-image-5592\" style=\"width:829px;height:auto\" srcset=\"https:\/\/www.kananas.com\/es\/wp-content\/uploads\/sites\/2143\/2024\/07\/Screenshot-2024-07-31-at-16-55-24-SOA-club-Contacto-Jean-Ambezati-1024x421.png 1024w, https:\/\/www.kananas.com\/es\/wp-content\/uploads\/sites\/2143\/2024\/07\/Screenshot-2024-07-31-at-16-55-24-SOA-club-Contacto-Jean-Ambezati-300x123.png 300w, https:\/\/www.kananas.com\/es\/wp-content\/uploads\/sites\/2143\/2024\/07\/Screenshot-2024-07-31-at-16-55-24-SOA-club-Contacto-Jean-Ambezati-768x316.png 768w, https:\/\/www.kananas.com\/es\/wp-content\/uploads\/sites\/2143\/2024\/07\/Screenshot-2024-07-31-at-16-55-24-SOA-club-Contacto-Jean-Ambezati-1536x632.png 1536w, https:\/\/www.kananas.com\/es\/wp-content\/uploads\/sites\/2143\/2024\/07\/Screenshot-2024-07-31-at-16-55-24-SOA-club-Contacto-Jean-Ambezati.png 1584w\" sizes=\"auto, (max-width: 1024px) 100vw, 1024px\" \/><\/a><\/figure>\n<\/div>\n\n\n<div style=\"height:20px\" aria-hidden=\"true\" class=\"wp-block-spacer\"><\/div>\n\n\n\n<p class=\"wp-block-paragraph\">Redacci\u00f3n del SMS<\/p>\n\n\n<div class=\"wp-block-image\">\n<figure class=\"aligncenter size-large\"><img loading=\"lazy\" decoding=\"async\" width=\"1024\" height=\"619\" src=\"https:\/\/www.kananas.com\/es\/wp-content\/uploads\/sites\/2143\/2024\/07\/Screenshot-2024-07-31-at-16-56-01-Administrador-de-asociacion-1024x619.png\" alt=\"\" class=\"wp-image-5593\" srcset=\"https:\/\/www.kananas.com\/es\/wp-content\/uploads\/sites\/2143\/2024\/07\/Screenshot-2024-07-31-at-16-56-01-Administrador-de-asociacion-1024x619.png 1024w, https:\/\/www.kananas.com\/es\/wp-content\/uploads\/sites\/2143\/2024\/07\/Screenshot-2024-07-31-at-16-56-01-Administrador-de-asociacion-300x181.png 300w, https:\/\/www.kananas.com\/es\/wp-content\/uploads\/sites\/2143\/2024\/07\/Screenshot-2024-07-31-at-16-56-01-Administrador-de-asociacion-768x464.png 768w, https:\/\/www.kananas.com\/es\/wp-content\/uploads\/sites\/2143\/2024\/07\/Screenshot-2024-07-31-at-16-56-01-Administrador-de-asociacion-1536x929.png 1536w, https:\/\/www.kananas.com\/es\/wp-content\/uploads\/sites\/2143\/2024\/07\/Screenshot-2024-07-31-at-16-56-01-Administrador-de-asociacion-2048x1239.png 2048w\" sizes=\"auto, (max-width: 1024px) 100vw, 1024px\" \/><\/figure>\n<\/div>\n\n\n<div style=\"height:20px\" aria-hidden=\"true\" class=\"wp-block-spacer\"><\/div>\n\n\n\n<p class=\"wp-block-paragraph\">Ten en cuenta que tambi\u00e9n puedes enviar un SMS desde una actividad seleccionando a los participantes.<\/p>\n\n\n<div class=\"wp-block-image\">\n<figure class=\"aligncenter size-large\"><img loading=\"lazy\" decoding=\"async\" width=\"1024\" height=\"549\" src=\"https:\/\/www.kananas.com\/es\/wp-content\/uploads\/sites\/2143\/2024\/07\/Screenshot-2024-07-31-at-16-57-52-SOA-club-Calendario-lecciones-de-boxeo-1024x549.png\" alt=\"\" class=\"wp-image-5595\" srcset=\"https:\/\/www.kananas.com\/es\/wp-content\/uploads\/sites\/2143\/2024\/07\/Screenshot-2024-07-31-at-16-57-52-SOA-club-Calendario-lecciones-de-boxeo-1024x549.png 1024w, https:\/\/www.kananas.com\/es\/wp-content\/uploads\/sites\/2143\/2024\/07\/Screenshot-2024-07-31-at-16-57-52-SOA-club-Calendario-lecciones-de-boxeo-300x161.png 300w, https:\/\/www.kananas.com\/es\/wp-content\/uploads\/sites\/2143\/2024\/07\/Screenshot-2024-07-31-at-16-57-52-SOA-club-Calendario-lecciones-de-boxeo-768x412.png 768w, https:\/\/www.kananas.com\/es\/wp-content\/uploads\/sites\/2143\/2024\/07\/Screenshot-2024-07-31-at-16-57-52-SOA-club-Calendario-lecciones-de-boxeo-1536x823.png 1536w, https:\/\/www.kananas.com\/es\/wp-content\/uploads\/sites\/2143\/2024\/07\/Screenshot-2024-07-31-at-16-57-52-SOA-club-Calendario-lecciones-de-boxeo-2048x1097.png 2048w\" sizes=\"auto, (max-width: 1024px) 100vw, 1024px\" \/><\/figure>\n<\/div>\n\n\n<div style=\"height:20px\" aria-hidden=\"true\" class=\"wp-block-spacer\"><\/div>\n\n\n\n<p class=\"wp-block-paragraph\">Para obtener m\u00e1s informaci\u00f3n sobre la comunicaci\u00f3n<\/p>\n\n\n<ul class=\"wp-block-page-list\"><li class=\"wp-block-pages-list__item\"><a class=\"wp-block-pages-list__item__link\" href=\"https:\/\/www.kananas.com\/es\/documentation\/comunicacion\/envio\/\">Env\u00edo<\/a><\/li><li class=\"wp-block-pages-list__item\"><a class=\"wp-block-pages-list__item__link\" href=\"https:\/\/www.kananas.com\/es\/documentation\/comunicacion\/unificacion-de-correo\/\">Unificaci\u00f3n de correo<\/a><\/li><li class=\"wp-block-pages-list__item\"><a class=\"wp-block-pages-list__item__link\" href=\"https:\/\/www.kananas.com\/es\/documentation\/comunicacion\/sms\/\">Sms<\/a><\/li><li class=\"wp-block-pages-list__item\"><a class=\"wp-block-pages-list__item__link\" href=\"https:\/\/www.kananas.com\/es\/documentation\/comunicacion\/charlar\/\">Charlar<\/a><\/li><li class=\"wp-block-pages-list__item\"><a class=\"wp-block-pages-list__item__link\" href=\"https:\/\/www.kananas.com\/es\/documentation\/comunicacion\/correos-electronicos-automaticos\/\">Correos electr\u00f3nicos autom\u00e1ticos<\/a><\/li><li class=\"wp-block-pages-list__item\"><a class=\"wp-block-pages-list__item__link\" href=\"https:\/\/www.kananas.com\/es\/documentation\/comunicacion\/encuestas-y-votaciones\/\">Encuestas y votaciones: formularios<\/a><\/li><li class=\"wp-block-pages-list__item\"><a class=\"wp-block-pages-list__item__link\" href=\"https:\/\/www.kananas.com\/es\/documentation\/comunicacion\/whatsapp\/\">WhatsApp<\/a><\/li><\/ul>","protected":false},"excerpt":{"rendered":"<p>Puedes enviar mensajes de SMS a tus contactos desde el Backoffice. Esta funcionalidad es id\u00e9ntica a la de los correos electr\u00f3nicos, seleccionas a los destinatarios en la lista de contactos y utilizas la funci\u00f3n de acci\u00f3n colectiva: enviar un SMS. Nb: primero debes cargar tu cuenta con un paquete de SMS. Para hacerlo, ve a &#8230; <a title=\"Sms\" class=\"read-more\" href=\"https:\/\/www.kananas.com\/es\/documentation\/comunicacion\/sms\/\" aria-label=\"En savoir plus sur Sms\">Lire la suite<\/a><\/p>\n","protected":false},"author":1,"featured_media":0,"parent":4890,"menu_order":1,"comment_status":"closed","ping_status":"closed","template":"","meta":{"_crdt_document":"","footnotes":""},"class_list":["post-4891","page","type-page","status-publish"],"aioseo_notices":[],"_links":{"self":[{"href":"https:\/\/www.kananas.com\/es\/wp-json\/wp\/v2\/pages\/4891","targetHints":{"allow":["GET"]}}],"collection":[{"href":"https:\/\/www.kananas.com\/es\/wp-json\/wp\/v2\/pages"}],"about":[{"href":"https:\/\/www.kananas.com\/es\/wp-json\/wp\/v2\/types\/page"}],"author":[{"embeddable":true,"href":"https:\/\/www.kananas.com\/es\/wp-json\/wp\/v2\/users\/1"}],"replies":[{"embeddable":true,"href":"https:\/\/www.kananas.com\/es\/wp-json\/wp\/v2\/comments?post=4891"}],"version-history":[{"count":5,"href":"https:\/\/www.kananas.com\/es\/wp-json\/wp\/v2\/pages\/4891\/revisions"}],"predecessor-version":[{"id":5597,"href":"https:\/\/www.kananas.com\/es\/wp-json\/wp\/v2\/pages\/4891\/revisions\/5597"}],"up":[{"embeddable":true,"href":"https:\/\/www.kananas.com\/es\/wp-json\/wp\/v2\/pages\/4890"}],"wp:attachment":[{"href":"https:\/\/www.kananas.com\/es\/wp-json\/wp\/v2\/media?parent=4891"}],"curies":[{"name":"wp","href":"https:\/\/api.w.org\/{rel}","templated":true}]}}