{"id":4900,"date":"2023-12-12T12:19:41","date_gmt":"2023-12-12T10:19:41","guid":{"rendered":"https:\/\/www.kananas.com\/es\/documentation-53\/members\/"},"modified":"2024-08-28T17:06:19","modified_gmt":"2024-08-28T15:06:19","slug":"miembros","status":"publish","type":"page","link":"https:\/\/www.kananas.com\/es\/documentation\/miembros\/","title":{"rendered":"Miembros"},"content":{"rendered":"\r\n<p class=\"wp-block-paragraph\">Kananas te permite gestionar todos tus contactos, ya sean miembros, proveedores, donantes, voluntarios, etc.<\/p>\r\n\r\n\r\n\r\n<p class=\"wp-block-paragraph\">Los diferentes tipos de contactos se pueden configurar en la configuraci\u00f3n\/repositorio: tipos de contacto. Puedes cambiar el tipo de contacto en cualquier momento, una persona externa puede convertirse en miembro, por ejemplo, sin tener que volver a ingresar su expediente.<\/p>\r\n\r\n\r\n\r\n<p class=\"wp-block-paragraph\">Los contactos se pueden agregar a tu base de datos manualmente desde el Backoffice, autom\u00e1ticamente en l\u00ednea a trav\u00e9s del formulario de registro o mediante <a href=\"https:\/\/www.kananas.com\/es\/documentation\/miembros\/importacion-de-miembros\/\" data-type=\"page\" data-id=\"4831\">importaci\u00f3n de archivos<\/a>.<\/p>\r\n\r\n\r\n<div class=\"wp-block-image ghostkit-custom-ZSMko\">\r\n<figure class=\"aligncenter size-large\"><img loading=\"lazy\" decoding=\"async\" width=\"1024\" height=\"636\" class=\"wp-image-5377\" title=\"association liste des adh\u00e9rents\" src=\"https:\/\/www.kananas.com\/es\/wp-content\/uploads\/sites\/2143\/2024\/07\/Screenshot-2024-07-26-at-18-26-22-SOA-club-Contacto-1024x636.png\" alt=\"\" srcset=\"https:\/\/www.kananas.com\/es\/wp-content\/uploads\/sites\/2143\/2024\/07\/Screenshot-2024-07-26-at-18-26-22-SOA-club-Contacto-1024x636.png 1024w, https:\/\/www.kananas.com\/es\/wp-content\/uploads\/sites\/2143\/2024\/07\/Screenshot-2024-07-26-at-18-26-22-SOA-club-Contacto-300x186.png 300w, https:\/\/www.kananas.com\/es\/wp-content\/uploads\/sites\/2143\/2024\/07\/Screenshot-2024-07-26-at-18-26-22-SOA-club-Contacto-768x477.png 768w, https:\/\/www.kananas.com\/es\/wp-content\/uploads\/sites\/2143\/2024\/07\/Screenshot-2024-07-26-at-18-26-22-SOA-club-Contacto-1536x954.png 1536w, https:\/\/www.kananas.com\/es\/wp-content\/uploads\/sites\/2143\/2024\/07\/Screenshot-2024-07-26-at-18-26-22-SOA-club-Contacto-2048x1272.png 2048w\" sizes=\"auto, (max-width: 1024px) 100vw, 1024px\" \/><\/figure>\r\n<\/div>\r\n\r\n\r\n<div class=\"wp-block-spacer\" style=\"height: 30px;\" aria-hidden=\"true\">\u00a0<\/div>\r\n\r\n\r\n\r\n<h3 class=\"wp-block-heading\">Los expedientes de contacto contienen :<\/h3>\r\n\r\n\r\n\r\n<ul class=\"wp-block-list\">\r\n<li>informaci\u00f3n de identificaci\u00f3n: apellido, nombre, direcci\u00f3n, etc.<\/li>\r\n\r\n\r\n\r\n<li>informaci\u00f3n relacionada con la personalizaci\u00f3n de los expedientes.<\/li>\r\n\r\n\r\n\r\n<li><a href=\"https:\/\/www.kananas.com\/es\/documentation\/miembros\/derechos-de-acceso\/\" data-type=\"page\" data-id=\"4825\">derechos de acceso<\/a>: lista de autorizaciones y acceso al software.<\/li>\r\n\r\n\r\n\r\n<li><a href=\"https:\/\/www.kananas.com\/es\/documentation\/miembros\/bolsa\/\" data-type=\"page\" data-id=\"4837\">el carrito<\/a>: lista de todas las compras y pagos para el contacto<\/li>\r\n\r\n\r\n\r\n<li>la agenda: lista de todas las <a href=\"https:\/\/www.kananas.com\/es\/documentation\/planificacion\/actividades\/\" data-type=\"page\" data-id=\"4883\">actividades<\/a> pasadas y futuras a las que est\u00e1 asignado el contacto.<\/li>\r\n\r\n\r\n\r\n<li>los <a href=\"https:\/\/www.kananas.com\/es\/documentation\/documentos\/\" data-type=\"page\" data-id=\"4888\">documentos<\/a> adjuntos a su expediente<\/li>\r\n\r\n\r\n\r\n<li>el registro: lista de todas las acciones realizadas en el expediente<\/li>\r\n<\/ul>\r\n\r\n\r\n\r\n<p class=\"wp-block-paragraph\">Puedes organizar tu base de datos de contactos seg\u00fan varios criterios:<\/p>\r\n\r\n\r\n\r\n<ul class=\"wp-block-list\">\r\n<li>Tipo: miembro, donante, etc.<\/li>\r\n\r\n\r\n\r\n<li>Categor\u00eda: oficina, supervisor, etc.<\/li>\r\n\r\n\r\n\r\n<li>Estatus: activo, dado de baja, etc.<\/li>\r\n\r\n\r\n\r\n<li>Etiqueta: etiqueta que colocas en el expediente, por ejemplo: \u00ab\u00a0por completar\u00a0\u00bb<\/li>\r\n<\/ul>\r\n\r\n\r\n\r\n<p class=\"wp-block-paragraph\">Los expedientes se pueden modificar desde el Backoffice solo por personas autorizadas. El contacto tambi\u00e9n puede acceder a su expediente desde su espacio personal y modificar cierta informaci\u00f3n: direcci\u00f3n, n\u00famero de tel\u00e9fono, etc.<\/p>\r\n\r\n\r\n\r\n<div class=\"wp-block-spacer\" style=\"height: 30px;\" aria-hidden=\"true\">\u00a0<\/div>\r\n\r\n\r\n\r\n<h3 class=\"wp-block-heading\">B\u00fasqueda de un contacto<\/h3>\r\n\r\n\r\n\r\n<p class=\"wp-block-paragraph\">Para buscar, utiliza el bot\u00f3n de b\u00fasqueda en la parte superior de la p\u00e1gina.<\/p>\r\n\r\n\r\n\r\n<p class=\"wp-block-paragraph\">Nota: tambi\u00e9n es en esta parte donde puedes indicar el n\u00famero de carpetas que deseas que aparezcan en una p\u00e1gina.<\/p>\r\n\r\n\r\n<div class=\"wp-block-image ghostkit-custom-1sfwYm\">\r\n<figure class=\"aligncenter size-large\"><img loading=\"lazy\" decoding=\"async\" width=\"1024\" height=\"636\" class=\"wp-image-5378\" src=\"https:\/\/www.kananas.com\/es\/wp-content\/uploads\/sites\/2143\/2024\/07\/Screenshot-2024-07-26-at-18-26-46-SOA-club-Contacto-1024x636.png\" alt=\"\" srcset=\"https:\/\/www.kananas.com\/es\/wp-content\/uploads\/sites\/2143\/2024\/07\/Screenshot-2024-07-26-at-18-26-46-SOA-club-Contacto-1024x636.png 1024w, https:\/\/www.kananas.com\/es\/wp-content\/uploads\/sites\/2143\/2024\/07\/Screenshot-2024-07-26-at-18-26-46-SOA-club-Contacto-300x186.png 300w, https:\/\/www.kananas.com\/es\/wp-content\/uploads\/sites\/2143\/2024\/07\/Screenshot-2024-07-26-at-18-26-46-SOA-club-Contacto-768x477.png 768w, https:\/\/www.kananas.com\/es\/wp-content\/uploads\/sites\/2143\/2024\/07\/Screenshot-2024-07-26-at-18-26-46-SOA-club-Contacto-1536x954.png 1536w, https:\/\/www.kananas.com\/es\/wp-content\/uploads\/sites\/2143\/2024\/07\/Screenshot-2024-07-26-at-18-26-46-SOA-club-Contacto-2048x1272.png 2048w\" sizes=\"auto, (max-width: 1024px) 100vw, 1024px\" \/><\/figure>\r\n<\/div>\r\n\r\n\r\n<div class=\"wp-block-spacer\" style=\"height: 30px;\" aria-hidden=\"true\">\u00a0<\/div>\r\n\r\n\r\n\r\n<h3 class=\"wp-block-heading\">Acciones colectivas<\/h3>\r\n\r\n\r\n\r\n<p class=\"wp-block-paragraph\">Para ahorrar tiempo, puedes seleccionar varios expedientes y realizar ciertas acciones colectivamente:<\/p>\r\n\r\n\r\n\r\n<ul class=\"wp-block-list\">\r\n<li>Asignar a una actividad<\/li>\r\n\r\n\r\n\r\n<li>A\u00f1adir producto<\/li>\r\n\r\n\r\n\r\n<li>A\u00f1adir una etiqueta<\/li>\r\n\r\n\r\n\r\n<li>Cambiar categor\u00eda<\/li>\r\n\r\n\r\n\r\n<li>Cambiar derechos<\/li>\r\n\r\n\r\n\r\n<li>Cambiar entidad<\/li>\r\n\r\n\r\n\r\n<li>Cambiar estatus<\/li>\r\n\r\n\r\n\r\n<li>Cambiar tipo<\/li>\r\n\r\n\r\n\r\n<li>Enviar un mensaje de texto<\/li>\r\n\r\n\r\n\r\n<li>Enviar un documento est\u00e1ndar<\/li>\r\n\r\n\r\n\r\n<li>Enviar un correo electr\u00f3nico<\/li>\r\n\r\n\r\n\r\n<li>Forzar el balance<\/li>\r\n\r\n\r\n\r\n<li>Imprimir un documento de muestra<\/li>\r\n\r\n\r\n\r\n<li>Eliminar<\/li>\r\n<\/ul>\r\n\r\n\r\n<div class=\"wp-block-image ghostkit-custom-iyjya\">\r\n<figure class=\"aligncenter size-large\"><img loading=\"lazy\" decoding=\"async\" width=\"1024\" height=\"596\" class=\"wp-image-5379\" src=\"https:\/\/www.kananas.com\/es\/wp-content\/uploads\/sites\/2143\/2024\/07\/Screenshot-2024-07-26-at-18-27-38-SOA-club-Contacto-1024x596.png\" alt=\"\" srcset=\"https:\/\/www.kananas.com\/es\/wp-content\/uploads\/sites\/2143\/2024\/07\/Screenshot-2024-07-26-at-18-27-38-SOA-club-Contacto-1024x596.png 1024w, https:\/\/www.kananas.com\/es\/wp-content\/uploads\/sites\/2143\/2024\/07\/Screenshot-2024-07-26-at-18-27-38-SOA-club-Contacto-300x175.png 300w, https:\/\/www.kananas.com\/es\/wp-content\/uploads\/sites\/2143\/2024\/07\/Screenshot-2024-07-26-at-18-27-38-SOA-club-Contacto-768x447.png 768w, https:\/\/www.kananas.com\/es\/wp-content\/uploads\/sites\/2143\/2024\/07\/Screenshot-2024-07-26-at-18-27-38-SOA-club-Contacto-1536x894.png 1536w, https:\/\/www.kananas.com\/es\/wp-content\/uploads\/sites\/2143\/2024\/07\/Screenshot-2024-07-26-at-18-27-38-SOA-club-Contacto-2048x1193.png 2048w\" sizes=\"auto, (max-width: 1024px) 100vw, 1024px\" \/><\/figure>\r\n<\/div>\r\n\r\n\r\n<div class=\"wp-block-spacer\" style=\"height: 40px;\" aria-hidden=\"true\">\u00a0<\/div>\r\n\r\n\r\n\r\n<p class=\"wp-block-paragraph\">Para obtener m\u00e1s informaci\u00f3n sobre la gesti\u00f3n de contactos<\/p>\r\n\r\n\r\n<ul class=\"wp-block-page-list\"><li class=\"wp-block-pages-list__item\"><a class=\"wp-block-pages-list__item__link\" href=\"https:\/\/www.kananas.com\/es\/documentation\/miembros\/importacion-de-miembros\/\">Importaci\u00f3n de miembros<\/a><\/li><li class=\"wp-block-pages-list__item\"><a class=\"wp-block-pages-list__item__link\" href=\"https:\/\/www.kananas.com\/es\/documentation\/miembros\/personalizando-carpetas\/\">Personalizando carpetas<\/a><\/li><li class=\"wp-block-pages-list__item\"><a class=\"wp-block-pages-list__item__link\" href=\"https:\/\/www.kananas.com\/es\/documentation\/miembros\/personalizacion-de-vistas\/\">Personalizaci\u00f3n de vistas<\/a><\/li><li class=\"wp-block-pages-list__item has-child\"><a class=\"wp-block-pages-list__item__link\" href=\"https:\/\/www.kananas.com\/es\/documentation\/miembros\/afiliacion\/\">Afiliaci\u00f3n<\/a><ul class=\"wp-block-navigation__submenu-container\"><li class=\"wp-block-pages-list__item \"><a class=\"wp-block-pages-list__item__link\" href=\"https:\/\/www.kananas.com\/es\/documentation\/miembros\/afiliacion\/membresia-sin-contacto\/\">Membres\u00eda sin contacto<\/a><\/li><\/ul><\/li><li class=\"wp-block-pages-list__item\"><a class=\"wp-block-pages-list__item__link\" href=\"https:\/\/www.kananas.com\/es\/documentation\/miembros\/derechos-de-acceso\/\">Derechos de acceso<\/a><\/li><li class=\"wp-block-pages-list__item\"><a class=\"wp-block-pages-list__item__link\" href=\"https:\/\/www.kananas.com\/es\/documentation\/miembros\/carpetas-de-etiquetas\/\">Carpetas de etiquetas<\/a><\/li><li class=\"wp-block-pages-list__item\"><a class=\"wp-block-pages-list__item__link\" href=\"https:\/\/www.kananas.com\/es\/documentation\/miembros\/bolsa\/\">Carrito<\/a><\/li><li class=\"wp-block-pages-list__item\"><a class=\"wp-block-pages-list__item__link\" href=\"https:\/\/www.kananas.com\/es\/documentation\/miembros\/gestion-familiar\/\">Gesti\u00f3n familiar<\/a><\/li><li class=\"wp-block-pages-list__item\"><a class=\"wp-block-pages-list__item__link\" href=\"https:\/\/www.kananas.com\/es\/documentation\/miembros\/notas\/\">Notas<\/a><\/li><li class=\"wp-block-pages-list__item\"><a class=\"wp-block-pages-list__item__link\" href=\"https:\/\/www.kananas.com\/es\/documentation\/miembros\/espacio-personal\/\">Espacio personal<\/a><\/li><li class=\"wp-block-pages-list__item\"><a class=\"wp-block-pages-list__item__link\" href=\"https:\/\/www.kananas.com\/es\/documentation\/miembros\/estadisticas\/\">Estad\u00edsticas<\/a><\/li><li class=\"wp-block-pages-list__item\"><a class=\"wp-block-pages-list__item__link\" href=\"https:\/\/www.kananas.com\/es\/documentation\/miembros\/imprimir-tarjetas-de-membresia\/\">Imprimir tarjetas de membres\u00eda<\/a><\/li><li class=\"wp-block-pages-list__item\"><a class=\"wp-block-pages-list__item__link\" href=\"https:\/\/www.kananas.com\/es\/documentation\/miembros\/donaciones\/\">Donaciones<\/a><\/li><li class=\"wp-block-pages-list__item\"><a class=\"wp-block-pages-list__item__link\" href=\"https:\/\/www.kananas.com\/es\/documentation\/miembros\/pase-asociativo\/\">Pase asociativo<\/a><\/li><li class=\"wp-block-pages-list__item\"><a class=\"wp-block-pages-list__item__link\" href=\"https:\/\/www.kananas.com\/es\/documentation\/miembros\/certificado-medico\/\">Certificado m\u00e9dico<\/a><\/li><\/ul>","protected":false},"excerpt":{"rendered":"<p>Kananas te permite gestionar todos tus contactos, ya sean miembros, proveedores, donantes, voluntarios, etc. Los diferentes tipos de contactos se pueden configurar en la configuraci\u00f3n\/repositorio: tipos de contacto. Puedes cambiar el tipo de contacto en cualquier momento, una persona externa puede convertirse en miembro, por ejemplo, sin tener que volver a ingresar su expediente. Los &#8230; <a title=\"Miembros\" class=\"read-more\" href=\"https:\/\/www.kananas.com\/es\/documentation\/miembros\/\" aria-label=\"En savoir plus sur Miembros\">Lire la suite<\/a><\/p>\n","protected":false},"author":1,"featured_media":0,"parent":4864,"menu_order":2,"comment_status":"closed","ping_status":"closed","template":"","meta":{"_crdt_document":"","footnotes":""},"class_list":["post-4900","page","type-page","status-publish"],"aioseo_notices":[],"_links":{"self":[{"href":"https:\/\/www.kananas.com\/es\/wp-json\/wp\/v2\/pages\/4900","targetHints":{"allow":["GET"]}}],"collection":[{"href":"https:\/\/www.kananas.com\/es\/wp-json\/wp\/v2\/pages"}],"about":[{"href":"https:\/\/www.kananas.com\/es\/wp-json\/wp\/v2\/types\/page"}],"author":[{"embeddable":true,"href":"https:\/\/www.kananas.com\/es\/wp-json\/wp\/v2\/users\/1"}],"replies":[{"embeddable":true,"href":"https:\/\/www.kananas.com\/es\/wp-json\/wp\/v2\/comments?post=4900"}],"version-history":[{"count":6,"href":"https:\/\/www.kananas.com\/es\/wp-json\/wp\/v2\/pages\/4900\/revisions"}],"predecessor-version":[{"id":5745,"href":"https:\/\/www.kananas.com\/es\/wp-json\/wp\/v2\/pages\/4900\/revisions\/5745"}],"up":[{"embeddable":true,"href":"https:\/\/www.kananas.com\/es\/wp-json\/wp\/v2\/pages\/4864"}],"wp:attachment":[{"href":"https:\/\/www.kananas.com\/es\/wp-json\/wp\/v2\/media?parent=4900"}],"curies":[{"name":"wp","href":"https:\/\/api.w.org\/{rel}","templated":true}]}}