{"id":4901,"date":"2016-02-26T17:57:37","date_gmt":"2016-02-26T15:57:37","guid":{"rendered":"https:\/\/www.kananas.com\/es\/documentation-53\/members\/membership\/"},"modified":"2024-08-01T16:54:40","modified_gmt":"2024-08-01T14:54:40","slug":"afiliacion","status":"publish","type":"page","link":"https:\/\/www.kananas.com\/es\/documentation\/miembros\/afiliacion\/","title":{"rendered":"Afiliaci\u00f3n"},"content":{"rendered":"\n<p class=\"wp-block-paragraph\">En el Kananas CRM, una membres\u00eda se define como un producto a vender, as\u00ed que te recomendamos que te refieras a la parte de la documentaci\u00f3n titulada <a href=\"https:\/\/www.kananas.com\/es\/documentation\/almacenar\/vender-un-producto\/\" data-type=\"page\" data-id=\"4849\">venta de productos<\/a>.<\/p>\n\n\n\n<p class=\"wp-block-paragraph\">La \u00fanica diferencia de otro <a href=\"https:\/\/www.kananas.com\/es\/documentation\/almacenar\/definir-un-producto\/\" data-type=\"page\" data-id=\"4846\">producto<\/a> es que definir\u00e1s este producto como utilizado para gestionar la membres\u00eda. Para hacerlo, selecciona el campo \u00ab\u00a0Utilizado para la membres\u00eda\u00a0\u00bb que se encuentra en la ficha del producto.<\/p>\n\n\n\n<p class=\"wp-block-paragraph\">Posteriormente, el producto que hayas definido de esta manera se utilizar\u00e1 para verificar la validez de la <a href=\"https:\/\/www.kananas.com\/es\/documentation\/miembros\/afiliacion\/\" data-type=\"page\" data-id=\"4901\">membres\u00eda<\/a>. Esta prueba se realiza cuando el miembro inicia sesi\u00f3n en su espacio personal. Esto significa que si no se encuentra ning\u00fan producto de este tipo en la cesta del miembro, o si han caducado, se le pedir\u00e1 al miembro que, al conectarse, elija y pague su contribuci\u00f3n.<\/p>\n\n\n<div class=\"wp-block-image\">\n<figure class=\"aligncenter size-large\"><img loading=\"lazy\" decoding=\"async\" width=\"1024\" height=\"684\" src=\"https:\/\/www.kananas.com\/es\/wp-content\/uploads\/sites\/2143\/2024\/07\/Screenshot-2024-07-27-at-15-55-23-SOA-club-Mi-espacio-personal-jax-teller-1024x684.png\" alt=\"\" class=\"wp-image-5399\" srcset=\"https:\/\/www.kananas.com\/es\/wp-content\/uploads\/sites\/2143\/2024\/07\/Screenshot-2024-07-27-at-15-55-23-SOA-club-Mi-espacio-personal-jax-teller-1024x684.png 1024w, https:\/\/www.kananas.com\/es\/wp-content\/uploads\/sites\/2143\/2024\/07\/Screenshot-2024-07-27-at-15-55-23-SOA-club-Mi-espacio-personal-jax-teller-300x200.png 300w, https:\/\/www.kananas.com\/es\/wp-content\/uploads\/sites\/2143\/2024\/07\/Screenshot-2024-07-27-at-15-55-23-SOA-club-Mi-espacio-personal-jax-teller-768x513.png 768w, https:\/\/www.kananas.com\/es\/wp-content\/uploads\/sites\/2143\/2024\/07\/Screenshot-2024-07-27-at-15-55-23-SOA-club-Mi-espacio-personal-jax-teller-1536x1026.png 1536w, https:\/\/www.kananas.com\/es\/wp-content\/uploads\/sites\/2143\/2024\/07\/Screenshot-2024-07-27-at-15-55-23-SOA-club-Mi-espacio-personal-jax-teller-2048x1368.png 2048w\" sizes=\"auto, (max-width: 1024px) 100vw, 1024px\" \/><\/figure>\n<\/div>\n\n\n<div style=\"height:30px\" aria-hidden=\"true\" class=\"wp-block-spacer\"><\/div>\n\n\n\n<p class=\"wp-block-paragraph\">Ten en cuenta que puedes usar el filtro en contactos para extraer la lista de membres\u00edas actualizadas, por ejemplo, <strong>bot\u00f3n de b\u00fasqueda<\/strong>.<\/p>\n\n\n<div class=\"wp-block-image\">\n<figure class=\"aligncenter size-large\"><img loading=\"lazy\" decoding=\"async\" width=\"1024\" height=\"725\" src=\"https:\/\/www.kananas.com\/es\/wp-content\/uploads\/sites\/2143\/2024\/07\/Screenshot-2024-07-27-at-15-56-23-SOA-club-Contacto-1024x725.png\" alt=\"\" class=\"wp-image-5400\" title=\"association gestion des cotisations\" srcset=\"https:\/\/www.kananas.com\/es\/wp-content\/uploads\/sites\/2143\/2024\/07\/Screenshot-2024-07-27-at-15-56-23-SOA-club-Contacto-1024x725.png 1024w, https:\/\/www.kananas.com\/es\/wp-content\/uploads\/sites\/2143\/2024\/07\/Screenshot-2024-07-27-at-15-56-23-SOA-club-Contacto-300x213.png 300w, https:\/\/www.kananas.com\/es\/wp-content\/uploads\/sites\/2143\/2024\/07\/Screenshot-2024-07-27-at-15-56-23-SOA-club-Contacto-768x544.png 768w, https:\/\/www.kananas.com\/es\/wp-content\/uploads\/sites\/2143\/2024\/07\/Screenshot-2024-07-27-at-15-56-23-SOA-club-Contacto-1536x1088.png 1536w, https:\/\/www.kananas.com\/es\/wp-content\/uploads\/sites\/2143\/2024\/07\/Screenshot-2024-07-27-at-15-56-23-SOA-club-Contacto-2048x1451.png 2048w\" sizes=\"auto, (max-width: 1024px) 100vw, 1024px\" \/><\/figure>\n<\/div>\n\n\n<div style=\"height:30px\" aria-hidden=\"true\" class=\"wp-block-spacer\"><\/div>\n\n\n\n<p class=\"wp-block-paragraph\">Si deseas configurar varios tipos de contribuciones, deber\u00edas crear tantos productos como contribuciones.<\/p>\n\n\n\n<p class=\"wp-block-paragraph\">Ejemplo:<\/p>\n\n\n\n<ul class=\"wp-block-list\">\n<li>Contribuci\u00f3n 20 \u20ac<\/li>\n\n\n\n<li>Contribuci\u00f3n de pareja 30 \u20ac<\/li>\n\n\n\n<li>Contribuci\u00f3n familiar 55 \u20ac<\/li>\n<\/ul>\n\n\n\n<p class=\"roundDiv has-base-background-color has-background wp-block-paragraph\"><i class=\"icon fa fa-star\" aria-hidden=\"true\"> <\/i> Consejo: Se recomienda crear un producto de contribuci\u00f3n por a\u00f1o fiscal, esto te permitir\u00e1 encontrar a los miembros por a\u00f1o a trav\u00e9s del filtro de contactos.<\/p>\n\n\n\n<p class=\"wp-block-paragraph\">Vender una <a href=\"https:\/\/www.kananas.com\/es\/documentation\/miembros\/\" data-type=\"page\" data-id=\"4900\">cuota de membres\u00eda<\/a> se puede hacer de 3 maneras:<\/p>\n\n\n\n<ul class=\"wp-block-list\">\n<li>El administrador agrega el producto a la cesta del miembro,<\/li>\n\n\n\n<li>El miembro se une a la asociaci\u00f3n y paga su membres\u00eda en l\u00ednea,<\/li>\n\n\n\n<li>El miembro agrega manualmente el producto de contribuci\u00f3n a su cesta desde la <a href=\"https:\/\/www.kananas.com\/es\/documentation\/sitio-web\/tienda-online\/\" data-type=\"page\" data-id=\"4808\">tienda<\/a> accesible desde su <a href=\"https:\/\/www.kananas.com\/es\/documentation\/miembros\/espacio-personal\/\" data-type=\"page\" data-id=\"4905\">espacio personal<\/a>.<\/li>\n<\/ul>\n\n\n\n<p class=\"wp-block-paragraph\">Una vez adquirido el producto de suscripci\u00f3n, ser\u00e1 visible en la cesta del contacto.<\/p>\n\n\n<div class=\"wp-block-image\">\n<figure class=\"aligncenter size-large\"><img loading=\"lazy\" decoding=\"async\" width=\"1024\" height=\"664\" src=\"https:\/\/www.kananas.com\/es\/wp-content\/uploads\/sites\/2143\/2024\/07\/Screenshot-2024-07-27-at-15-58-26-SOA-club-Contacto-kevin-Asimov-1024x664.png\" alt=\"\" class=\"wp-image-5402\" srcset=\"https:\/\/www.kananas.com\/es\/wp-content\/uploads\/sites\/2143\/2024\/07\/Screenshot-2024-07-27-at-15-58-26-SOA-club-Contacto-kevin-Asimov-1024x664.png 1024w, https:\/\/www.kananas.com\/es\/wp-content\/uploads\/sites\/2143\/2024\/07\/Screenshot-2024-07-27-at-15-58-26-SOA-club-Contacto-kevin-Asimov-300x194.png 300w, https:\/\/www.kananas.com\/es\/wp-content\/uploads\/sites\/2143\/2024\/07\/Screenshot-2024-07-27-at-15-58-26-SOA-club-Contacto-kevin-Asimov-768x498.png 768w, https:\/\/www.kananas.com\/es\/wp-content\/uploads\/sites\/2143\/2024\/07\/Screenshot-2024-07-27-at-15-58-26-SOA-club-Contacto-kevin-Asimov-1536x996.png 1536w, https:\/\/www.kananas.com\/es\/wp-content\/uploads\/sites\/2143\/2024\/07\/Screenshot-2024-07-27-at-15-58-26-SOA-club-Contacto-kevin-Asimov-2048x1328.png 2048w\" sizes=\"auto, (max-width: 1024px) 100vw, 1024px\" \/><\/figure>\n<\/div>\n\n\n<div style=\"height:30px\" aria-hidden=\"true\" class=\"wp-block-spacer\"><\/div>\n\n\n\n<h3 class=\"wp-block-heading\">Automatizaci\u00f3n de contribuciones<\/h3>\n\n\n\n<p class=\"wp-block-paragraph\">Para ahorrar tiempo, puedes automatizar la gesti\u00f3n de las contribuciones. Al hacerlo, el solicitante deber\u00e1 elegir su nivel de <a href=\"https:\/\/www.kananas.com\/es\/documentation\/miembros\/afiliacion\/\" data-type=\"page\" data-id=\"4901\">membres\u00eda<\/a> y pagar en l\u00ednea al solicitar la membres\u00eda. Despu\u00e9s, su archivo se crear\u00e1 en tu backoffice, se agregar\u00e1 el producto a su cesta y se crear\u00e1 el pago en tu contabilidad. M\u00e1s tarde, cuando su suscripci\u00f3n caduque, se le enviar\u00e1 un correo electr\u00f3nico y podr\u00e1 renovar  su membres\u00eda y realizar el <a href=\"https:\/\/www.kananas.com\/es\/documentation\/sitio-web\/pago-en-linea\/\" data-type=\"page\" data-id=\"4855\">pago en l\u00ednea<\/a>.<\/p>\n\n\n\n<p class=\"wp-block-paragraph\">Para hacerlo, simplemente sigue estos pasos: <a href=\"https:\/\/www.kananas.com\/es\/documentation\/miembros\/afiliacion\/\" data-type=\"page\" data-id=\"4901\">gesti\u00f3n autom\u00e1tica de membres\u00eda<\/a><\/p>\n\n\n\n<div style=\"height:30px\" aria-hidden=\"true\" class=\"wp-block-spacer\"><\/div>\n\n\n\n<p class=\"wp-block-paragraph\">Para obtener m\u00e1s informaci\u00f3n sobre la gesti\u00f3n de contactos<\/p>\n\n\n<ul class=\"wp-block-page-list\"><li class=\"wp-block-pages-list__item\"><a class=\"wp-block-pages-list__item__link\" href=\"https:\/\/www.kananas.com\/es\/documentation\/miembros\/importacion-de-miembros\/\">Importaci\u00f3n de miembros<\/a><\/li><li class=\"wp-block-pages-list__item\"><a class=\"wp-block-pages-list__item__link\" href=\"https:\/\/www.kananas.com\/es\/documentation\/miembros\/personalizando-carpetas\/\">Personalizando carpetas<\/a><\/li><li class=\"wp-block-pages-list__item\"><a class=\"wp-block-pages-list__item__link\" href=\"https:\/\/www.kananas.com\/es\/documentation\/miembros\/personalizacion-de-vistas\/\">Personalizaci\u00f3n de vistas<\/a><\/li><li class=\"wp-block-pages-list__item has-child\"><a class=\"wp-block-pages-list__item__link\" href=\"https:\/\/www.kananas.com\/es\/documentation\/miembros\/afiliacion\/\">Afiliaci\u00f3n<\/a><ul class=\"wp-block-navigation__submenu-container\"><li class=\"wp-block-pages-list__item \"><a class=\"wp-block-pages-list__item__link\" href=\"https:\/\/www.kananas.com\/es\/documentation\/miembros\/afiliacion\/membresia-sin-contacto\/\">Membres\u00eda sin contacto<\/a><\/li><\/ul><\/li><li class=\"wp-block-pages-list__item\"><a class=\"wp-block-pages-list__item__link\" href=\"https:\/\/www.kananas.com\/es\/documentation\/miembros\/derechos-de-acceso\/\">Derechos de acceso<\/a><\/li><li class=\"wp-block-pages-list__item\"><a class=\"wp-block-pages-list__item__link\" href=\"https:\/\/www.kananas.com\/es\/documentation\/miembros\/carpetas-de-etiquetas\/\">Carpetas de etiquetas<\/a><\/li><li class=\"wp-block-pages-list__item\"><a class=\"wp-block-pages-list__item__link\" href=\"https:\/\/www.kananas.com\/es\/documentation\/miembros\/bolsa\/\">Carrito<\/a><\/li><li class=\"wp-block-pages-list__item\"><a class=\"wp-block-pages-list__item__link\" href=\"https:\/\/www.kananas.com\/es\/documentation\/miembros\/gestion-familiar\/\">Gesti\u00f3n familiar<\/a><\/li><li class=\"wp-block-pages-list__item\"><a class=\"wp-block-pages-list__item__link\" href=\"https:\/\/www.kananas.com\/es\/documentation\/miembros\/notas\/\">Notas<\/a><\/li><li class=\"wp-block-pages-list__item\"><a class=\"wp-block-pages-list__item__link\" href=\"https:\/\/www.kananas.com\/es\/documentation\/miembros\/espacio-personal\/\">Espacio personal<\/a><\/li><li class=\"wp-block-pages-list__item\"><a class=\"wp-block-pages-list__item__link\" href=\"https:\/\/www.kananas.com\/es\/documentation\/miembros\/estadisticas\/\">Estad\u00edsticas<\/a><\/li><li class=\"wp-block-pages-list__item\"><a class=\"wp-block-pages-list__item__link\" href=\"https:\/\/www.kananas.com\/es\/documentation\/miembros\/imprimir-tarjetas-de-membresia\/\">Imprimir tarjetas de membres\u00eda<\/a><\/li><li class=\"wp-block-pages-list__item\"><a class=\"wp-block-pages-list__item__link\" href=\"https:\/\/www.kananas.com\/es\/documentation\/miembros\/donaciones\/\">Donaciones<\/a><\/li><li class=\"wp-block-pages-list__item\"><a class=\"wp-block-pages-list__item__link\" href=\"https:\/\/www.kananas.com\/es\/documentation\/miembros\/pase-asociativo\/\">Pase asociativo<\/a><\/li><li class=\"wp-block-pages-list__item\"><a class=\"wp-block-pages-list__item__link\" href=\"https:\/\/www.kananas.com\/es\/documentation\/miembros\/certificado-medico\/\">Certificado m\u00e9dico<\/a><\/li><\/ul>","protected":false},"excerpt":{"rendered":"<p>En el Kananas CRM, una membres\u00eda se define como un producto a vender, as\u00ed que te recomendamos que te refieras a la parte de la documentaci\u00f3n titulada venta de productos. La \u00fanica diferencia de otro producto es que definir\u00e1s este producto como utilizado para gestionar la membres\u00eda. Para hacerlo, selecciona el campo \u00ab\u00a0Utilizado para la &#8230; <a title=\"Afiliaci\u00f3n\" class=\"read-more\" href=\"https:\/\/www.kananas.com\/es\/documentation\/miembros\/afiliacion\/\" aria-label=\"En savoir plus sur Afiliaci\u00f3n\">Lire la suite<\/a><\/p>\n","protected":false},"author":1,"featured_media":0,"parent":4900,"menu_order":3,"comment_status":"closed","ping_status":"closed","template":"","meta":{"_crdt_document":"","footnotes":""},"class_list":["post-4901","page","type-page","status-publish"],"aioseo_notices":[],"_links":{"self":[{"href":"https:\/\/www.kananas.com\/es\/wp-json\/wp\/v2\/pages\/4901","targetHints":{"allow":["GET"]}}],"collection":[{"href":"https:\/\/www.kananas.com\/es\/wp-json\/wp\/v2\/pages"}],"about":[{"href":"https:\/\/www.kananas.com\/es\/wp-json\/wp\/v2\/types\/page"}],"author":[{"embeddable":true,"href":"https:\/\/www.kananas.com\/es\/wp-json\/wp\/v2\/users\/1"}],"replies":[{"embeddable":true,"href":"https:\/\/www.kananas.com\/es\/wp-json\/wp\/v2\/comments?post=4901"}],"version-history":[{"count":6,"href":"https:\/\/www.kananas.com\/es\/wp-json\/wp\/v2\/pages\/4901\/revisions"}],"predecessor-version":[{"id":5656,"href":"https:\/\/www.kananas.com\/es\/wp-json\/wp\/v2\/pages\/4901\/revisions\/5656"}],"up":[{"embeddable":true,"href":"https:\/\/www.kananas.com\/es\/wp-json\/wp\/v2\/pages\/4900"}],"wp:attachment":[{"href":"https:\/\/www.kananas.com\/es\/wp-json\/wp\/v2\/media?parent=4901"}],"curies":[{"name":"wp","href":"https:\/\/api.w.org\/{rel}","templated":true}]}}