{"id":4907,"date":"2016-02-26T17:00:05","date_gmt":"2016-02-26T15:00:05","guid":{"rendered":"https:\/\/www.kananas.com\/es\/documentation-55\/web-site\/"},"modified":"2023-12-20T17:23:07","modified_gmt":"2023-12-20T15:23:07","slug":"sitio-web","status":"publish","type":"page","link":"https:\/\/www.kananas.com\/es\/documentation\/sitio-web\/","title":{"rendered":"Sitio web"},"content":{"rendered":"\n<p class=\"wp-block-paragraph\">El software de gesti\u00f3n de asociaciones Kananas te permite administrar el sitio web de tu asociaci\u00f3n sin necesidad de conocimientos inform\u00e1ticos espec\u00edficos.<\/p>\n\n\n\n<p class=\"wp-block-paragraph\">Este sitio web sirve como puente entre tu organizaci\u00f3n y tus contactos, actuando como un escaparate para presentar tu estructura y garantizar su desarrollo adecuado.<\/p>\n\n\n\n<p class=\"wp-block-paragraph\">La herramienta de gesti\u00f3n de blogs integrada en la plataforma de Kananas es WordPress.<\/p>\n\n\n\n<p class=\"wp-block-paragraph\">Puedes elegir la \u00ab\u00a0plantilla\u00a0\u00bb para tu sitio de un cat\u00e1logo y cambiarla con la misma facilidad m\u00e1s adelante.<\/p>\n\n\n<div class=\"wp-block-image\">\n<figure class=\"aligncenter\"><img decoding=\"async\" src=\"https:\/\/www.kananas.com\/wp-content\/uploads\/2022\/07\/Screenshot-2022-07-27-at-15-00-46-The\u0300mes-\u2039-Kananas-\u2014-WordPress-1024x792.png\" alt=\"selecci\u00f3n de plantilla de sitio web\" class=\"wp-image-3621\"\/><\/figure>\n<\/div>\n\n\n<p class=\"wp-block-paragraph\">Tienes control sobre los men\u00fas, las im\u00e1genes y el dise\u00f1o.<\/p>\n\n\n\n<p class=\"wp-block-paragraph\">Tambi\u00e9n hemos integrado las herramientas necesarias para el SEO adecuado de tu futuro sitio.<\/p>\n\n\n\n<p class=\"wp-block-paragraph\">Al inicio, tu sitio web ya est\u00e1 configurado con una plantilla y men\u00fas predeterminados que proporcionan acceso al <a href=\"https:\/\/www.kananas.com\/es\/documentation\/sitio-web\/membresia-en-linea\/\" data-type=\"page\" data-id=\"4908\">formulario de membres\u00eda en l\u00ednea<\/a> y al <a href=\"https:\/\/www.kananas.com\/es\/documentation\/miembros\/espacio-personal\/\" data-type=\"page\" data-id=\"4905\">espacio personal<\/a>.<\/p>\n\n\n\n<p class=\"wp-block-paragraph\">Para obtener m\u00e1s informaci\u00f3n sobre el sitio web<\/p>\n\n\n<ul class=\"wp-block-page-list\"><li class=\"wp-block-pages-list__item\"><a class=\"wp-block-pages-list__item__link\" href=\"https:\/\/www.kananas.com\/es\/documentation\/sitio-web\/membresia-en-linea\/\">Membres\u00eda en l\u00ednea<\/a><\/li><li class=\"wp-block-pages-list__item\"><a class=\"wp-block-pages-list__item__link\" href=\"https:\/\/www.kananas.com\/es\/documentation\/sitio-web\/tienda-online\/\">Tienda online<\/a><\/li><li class=\"wp-block-pages-list__item\"><a class=\"wp-block-pages-list__item__link\" href=\"https:\/\/www.kananas.com\/es\/documentation\/sitio-web\/pago-en-linea\/\">Pago en l\u00ednea<\/a><\/li><li class=\"wp-block-pages-list__item\"><a class=\"wp-block-pages-list__item__link\" href=\"https:\/\/www.kananas.com\/es\/documentation\/sitio-web\/modulos\/\">M\u00f3dulos<\/a><\/li><li class=\"wp-block-pages-list__item\"><a class=\"wp-block-pages-list__item__link\" href=\"https:\/\/www.kananas.com\/es\/documentation\/sitio-web\/directorio\/\">Directorio<\/a><\/li><\/ul>","protected":false},"excerpt":{"rendered":"<p>El software de gesti\u00f3n de asociaciones Kananas te permite administrar el sitio web de tu asociaci\u00f3n sin necesidad de conocimientos inform\u00e1ticos espec\u00edficos. Este sitio web sirve como puente entre tu organizaci\u00f3n y tus contactos, actuando como un escaparate para presentar tu estructura y garantizar su desarrollo adecuado. La herramienta de gesti\u00f3n de blogs integrada en &#8230; <a title=\"Sitio web\" class=\"read-more\" href=\"https:\/\/www.kananas.com\/es\/documentation\/sitio-web\/\" aria-label=\"En savoir plus sur Sitio web\">Lire la suite<\/a><\/p>\n","protected":false},"author":1,"featured_media":0,"parent":4864,"menu_order":7,"comment_status":"closed","ping_status":"closed","template":"","meta":{"_crdt_document":"","footnotes":""},"class_list":["post-4907","page","type-page","status-publish"],"aioseo_notices":[],"_links":{"self":[{"href":"https:\/\/www.kananas.com\/es\/wp-json\/wp\/v2\/pages\/4907","targetHints":{"allow":["GET"]}}],"collection":[{"href":"https:\/\/www.kananas.com\/es\/wp-json\/wp\/v2\/pages"}],"about":[{"href":"https:\/\/www.kananas.com\/es\/wp-json\/wp\/v2\/types\/page"}],"author":[{"embeddable":true,"href":"https:\/\/www.kananas.com\/es\/wp-json\/wp\/v2\/users\/1"}],"replies":[{"embeddable":true,"href":"https:\/\/www.kananas.com\/es\/wp-json\/wp\/v2\/comments?post=4907"}],"version-history":[{"count":5,"href":"https:\/\/www.kananas.com\/es\/wp-json\/wp\/v2\/pages\/4907\/revisions"}],"predecessor-version":[{"id":5225,"href":"https:\/\/www.kananas.com\/es\/wp-json\/wp\/v2\/pages\/4907\/revisions\/5225"}],"up":[{"embeddable":true,"href":"https:\/\/www.kananas.com\/es\/wp-json\/wp\/v2\/pages\/4864"}],"wp:attachment":[{"href":"https:\/\/www.kananas.com\/es\/wp-json\/wp\/v2\/media?parent=4907"}],"curies":[{"name":"wp","href":"https:\/\/api.w.org\/{rel}","templated":true}]}}