{"id":4911,"date":"2016-02-26T17:01:59","date_gmt":"2016-02-26T15:01:59","guid":{"rendered":"https:\/\/www.kananas.com\/es\/documentation-56\/web-site\/modules\/"},"modified":"2026-05-11T18:35:18","modified_gmt":"2026-05-11T16:35:18","slug":"modulos","status":"publish","type":"page","link":"https:\/\/www.kananas.com\/es\/documentation\/sitio-web\/modulos\/","title":{"rendered":"M\u00f3dulos"},"content":{"rendered":"\n<div id=\"cuerpoPrincipal\">\n<div class=\"pagina-articulo\">\n<h3>Membres\u00eda en l\u00ednea:<\/h3>\n<p>Si ya tienes un sitio web, resulta interesante ofrecer a tus futuros miembros un formulario de solicitud de membres\u00eda en l\u00ednea para tu organizaci\u00f3n. Esto te libera de tareas tediosas y reduce el riesgo de errores relacionados con la copia o reintroducci\u00f3n de informaci\u00f3n.<\/p>\n<p>A trav\u00e9s del m\u00f3dulo de membres\u00eda en l\u00ednea, los usuarios de Internet tienen la posibilidad de completar un formulario y enviarlo, lo que tendr\u00e1 el efecto de crear su archivo en tu base de datos con el estado \u00ab\u00a0pendiente\u00a0\u00bb. Los administradores de la asociaci\u00f3n podr\u00e1n aceptar o rechazar la solicitud de membres\u00eda desde el Backoffice.<\/p>\n<p>Kananas te proporciona este m\u00f3dulo que se puede integrar f\u00e1cilmente en una de las p\u00e1ginas web de tu sitio.<\/p>\n<h3>\u00c1rea personal:<\/h3>\n<p>Tambi\u00e9n puedes agregar un enlace en tu sitio web al \u00e1rea personal de miembros disponible en la plataforma Kananas.<\/p>\n<h3>WordPress<\/h3>\n<p>Para integrar los m\u00f3dulos de Kananas en un sitio en WordPress, debes utilizar la extensi\u00f3n Iframe: <a href=\"https:\/\/fr.wordpress.org\/plugins\/iframe\/\">https:\/\/fr.wordpress.org\/plugins\/iframe\/<\/a> con las URL del backoffice para el \u00e1rea personal <a href=\"https:\/\/backoffice.kananas.com\">https:\/\/backoffice.kananas.com<\/a> y para la membres\u00eda en l\u00ednea <a href=\"https:\/\/backoffice.kananas.com\/action_manager.php?event=hire&amp;id=votrecodeclient\">https:\/\/backoffice.kananas.com\/action_manager.php?event=hire&amp;id=votrecodeclient<\/a><\/p>\n<\/div>\n<\/div>\n\n\n\n<div style=\"height:20px\" aria-hidden=\"true\" class=\"wp-block-spacer\"><\/div>\n\n\n\n<p class=\"wp-block-paragraph\">Para obtener m\u00e1s informaci\u00f3n sobre el sitio web<\/p>\n\n\n<ul class=\"wp-block-page-list\"><li class=\"wp-block-pages-list__item\"><a class=\"wp-block-pages-list__item__link\" href=\"https:\/\/www.kananas.com\/es\/documentation\/sitio-web\/membresia-en-linea\/\">Membres\u00eda en l\u00ednea<\/a><\/li><li class=\"wp-block-pages-list__item\"><a class=\"wp-block-pages-list__item__link\" href=\"https:\/\/www.kananas.com\/es\/documentation\/sitio-web\/tienda-online\/\">Tienda online<\/a><\/li><li class=\"wp-block-pages-list__item\"><a class=\"wp-block-pages-list__item__link\" href=\"https:\/\/www.kananas.com\/es\/documentation\/sitio-web\/pago-en-linea\/\">Pago en l\u00ednea<\/a><\/li><li class=\"wp-block-pages-list__item\"><a class=\"wp-block-pages-list__item__link\" href=\"https:\/\/www.kananas.com\/es\/documentation\/sitio-web\/modulos\/\">M\u00f3dulos<\/a><\/li><li class=\"wp-block-pages-list__item\"><a class=\"wp-block-pages-list__item__link\" href=\"https:\/\/www.kananas.com\/es\/documentation\/sitio-web\/directorio\/\">Directorio<\/a><\/li><\/ul>","protected":false},"excerpt":{"rendered":"<p>Membres\u00eda en l\u00ednea: Si ya tienes un sitio web, resulta interesante ofrecer a tus futuros miembros un formulario de solicitud de membres\u00eda en l\u00ednea para tu organizaci\u00f3n. Esto te libera de tareas tediosas y reduce el riesgo de errores relacionados con la copia o reintroducci\u00f3n de informaci\u00f3n. A trav\u00e9s del m\u00f3dulo de membres\u00eda en l\u00ednea, &#8230; <a title=\"M\u00f3dulos\" class=\"read-more\" href=\"https:\/\/www.kananas.com\/es\/documentation\/sitio-web\/modulos\/\" aria-label=\"En savoir plus sur M\u00f3dulos\">Lire la suite<\/a><\/p>\n","protected":false},"author":1,"featured_media":0,"parent":4907,"menu_order":4,"comment_status":"closed","ping_status":"closed","template":"","meta":{"_crdt_document":"{\"document\":\"AAAG+a7ItAslIAgQhDsEAgECCkoAEAECCkoAEAECCgJCSgCwAQECCgBKAD0oAycABAAnAAQAJwAoBCcAKAAnAAcAKAMnACgAJwCHACgDJwAoACcAhwAoAycBBAAoACcAhwAoAycAKAEn2BOYE3N0YXRldmVyc2lvbmRvY3VtZW50ZGF0ZWRvY3VtZW50c2x1Z2RvY3VtZW50c3RhdHVzZG9jdW1lbnR0aXRsZU3Ds2R1bG9zZG9jdW1lbnRjb250ZW50PCEtLSB3cDp0YWR2L2NsYXNzaWMtcGFyYWdyYXBoIC0tPgo8ZGl2IGlkPSJjdWVycG9QcmluY2lwYWwiPgo8ZGl2IGNsYXNzPSJwYWdpbmEtYXJ0aWN1bG8iPgo8aDM+TWVtYnJlc8OtYSBlbiBsw61uZWE6PC9oMz4KPHA+U2kgeWEgdGllbmVzIHVuIHNpdGlvIHdlYiwgcmVzdWx0YSBpbnRlcmVzYW50ZSBvZnJlY2VyIGEgdHVzIGZ1dHVyb3MgbWllbWJyb3MgdW4gZm9ybXVsYXJpbyBkZSBzb2xpY2l0dWQgZGUgbWVtYnJlc8OtYSBlbiBsw61uZWEgcGFyYSB0dSBvcmdhbml6YWNpw7NuLiBFc3RvIHRlIGxpYmVyYSBkZSB0YXJlYXMgdGVkaW9zYXMgeSByZWR1Y2UgZWwgcmllc2dvIGRlIGVycm9yZXMgcmVsYWNpb25hZG9zIGNvbiBsYSBjb3BpYSBvIHJlaW50cm9kdWNjacOzbiBkZSBpbmZvcm1hY2nDs24uPC9wPgo8cD5BIHRyYXbDqXMgZGVsIG3Ds2R1bG8gZGUgbWVtYnJlc8OtYSBlbiBsw61uZWEsIGxvcyB1c3VhcmlvcyBkZSBJbnRlcm5ldCB0aWVuZW4gbGEgcG9zaWJpbGlkYWQgZGUgY29tcGxldGFyIHVuIGZvcm11bGFyaW8geSBlbnZpYXJsbywgbG8gcXVlIHRlbmRyw6EgZWwgZWZlY3RvIGRlIGNyZWFyIHN1IGFyY2hpdm8gZW4gdHUgYmFzZSBkZSBkYXRvcyBjb24gZWwgZXN0YWRvICJwZW5kaWVudGUiLiBMb3MgYWRtaW5pc3RyYWRvcmVzIGRlIGxhIGFzb2NpYWNpw7NuIHBvZHLDoW4gYWNlcHRhciBvIHJlY2hhemFyIGxhIHNvbGljaXR1ZCBkZSBtZW1icmVzw61hIGRlc2RlIGVsIEJhY2tvZmZpY2UuPC9wPgo8cD5LYW5hbmFzIHRlIHByb3BvcmNpb25hIGVzdGUgbcOzZHVsbyBxdWUgc2UgcHVlZGUgaW50ZWdyYXIgZsOhY2lsbWVudGUgZW4gdW5hIGRlIGxhcyBww6FnaW5hcyB3ZWIgZGUgdHUgc2l0aW8uPC9wPgo8aDM+w4FyZWEgcGVyc29uYWw6PC9oMz4KPHA+VGFtYmnDqW4gcHVlZGVzIGFncmVnYXIgdW4gZW5sYWNlIGVuIHR1IHNpdGlvIHdlYiBhbCDDoXJlYSBwZXJzb25hbCBkZSBtaWVtYnJvcyBkaXNwb25pYmxlIGVuIGxhIHBsYXRhZm9ybWEgS2FuYW5hcy48L3A+CjxoMz5Xb3JkUHJlc3M8L2gzPgo8cD5QYXJhIGludGVncmFyIGxvcyBtw7NkdWxvcyBkZSBLYW5hbmFzIGVuIHVuIHNpdGlvIGVuIFdvcmRQcmVzcywgZGViZXMgdXRpbGl6YXIgbGEgZXh0ZW5zacOzbiBJZnJhbWU6IDxhIGhyZWY9Imh0dHBzOi8vZnIud29yZHByZXNzLm9yZy9wbHVnaW5zL2lmcmFtZS8iPmh0dHBzOi8vZnIud29yZHByZXNzLm9yZy9wbHVnaW5zL2lmcmFtZS88L2E+IGNvbiBsYXMgVVJMIGRlbCBiYWNrb2ZmaWNlIHBhcmEgZWwgw6FyZWEgcGVyc29uYWwgPGEgaHJlZj0iaHR0cHM6Ly9iYWNrb2ZmaWNlLmthbmFuYXMuY29tIj5odHRwczovL2JhY2tvZmZpY2Uua2FuYW5hcy5jb208L2E+IHkgcGFyYSBsYSBtZW1icmVzw61hIGVuIGzDrW5lYSA8YSBocmVmPSJodHRwczovL2JhY2tvZmZpY2Uua2FuYW5hcy5jb20vYWN0aW9uX21hbmFnZXIucGhwP2V2ZW50PWhpcmUmYW1wO2lkPXZvdHJlY29kZWNsaWVudCI+aHR0cHM6Ly9iYWNrb2ZmaWNlLmthbmFuYXMuY29tL2FjdGlvbl9tYW5hZ2VyLnBocD9ldmVudD1oaXJlJmFtcDtpZD12b3RyZWNvZGVjbGllbnQ8L2E+PC9wPgo8L2Rpdj4KPC9kaXY+CjwhLS0gL3dwOnRhZHYvY2xhc3NpYy1wYXJhZ3JhcGggLS0+Cgo8IS0tIHdwOnNwYWNlciB7ImhlaWdodCI6IjIwcHgifSAtLT4KPGRpdiBzdHlsZT0iaGVpZ2h0OjIwcHgiIGFyaWEtaGlkZGVuPSJ0cnVlIiBjbGFzcz0id3AtYmxvY2stc3BhY2VyIj48L2Rpdj4KPCEtLSAvd3A6c3BhY2VyIC0tPgoKPCEtLSB3cDpwYXJhZ3JhcGggLS0+CjxwPlBhcmEgb2J0ZW5lciBtw6FzIGluZm9ybWFjacOzbiBzb2JyZSBlbCBzaXRpbyB3ZWI8L3A+CjwhLS0gL3dwOnBhcmFncmFwaCAtLT4KCjwhLS0gd3A6cGFnZS1saXN0IHsicGFyZW50UGFnZUlEIjo0OTA3fSAvLS0+ZG9jdW1lbnRleGNlcnB0ZG9jdW1lbnRhdXRob3Jkb2N1bWVudGZlYXR1cmVkX21lZGlhZG9jdW1lbnRjb21tZW50X3N0YXR1c2RvY3VtZW50cGluZ19zdGF0dXNkb2N1bWVudHRlbXBsYXRlZG9jdW1lbnRtZXRhZm9vdG5vdGVzZG9jdW1lbnRibG9ja3NjbGllbnRJZGlzVmFsaWRvcmlnaW5hbENvbnRlbnRuYW1lYXR0cmlidXRlc2NvbnRlbnRpbm5lckJsb2Nrc2NsaWVudElkaXNWYWxpZG9yaWdpbmFsQ29udGVudG5hbWVhdHRyaWJ1dGVzaGVpZ2h0aW5uZXJCbG9ja3NjbGllbnRJZGlzVmFsaWRvcmlnaW5hbENvbnRlbnRuYW1lYXR0cmlidXRlc2NvbnRlbnRQYXJhIG9idGVuZXIgbcOhcyBpbmZvcm1hY2nDs24gc29icmUgZWwgc2l0aW8gd2ViZHJvcENhcGlubmVyQmxvY2tzY2xpZW50SWRpc1ZhbGlkb3JpZ2luYWxDb250ZW50bmFtZWF0dHJpYnV0ZXNwYXJlbnRQYWdlSURpc05lc3RlZGlubmVyQmxvY2tzBQcIBAgECAYIBQcIB5sdCAcIBggOCA4IC0gBBAkIBggHDwQKBwsIBw8ECgYLCAcPBAoHLwcLCAcPBAoMCAsPAQQAAAEAAAABBgAAAQAAEUIBAQBBAABBAABBAAIAQQAAAkEdATQAfQF3EzIwMTYtMDItMjZUMTc6MDE6NTl3B21vZHVsb3N3B3B1Ymxpc2h9AX0AdwZjbG9zZWR3BmNsb3NlZHcAdwB3JGFhM2VhMzMyLTI4YjctNGU5NS04OTlmLWNkM2RhMWRkNWZmN3h3lgw8ZGl2IGlkPSJjdWVycG9QcmluY2lwYWwiPgo8ZGl2IGNsYXNzPSJwYWdpbmEtYXJ0aWN1bG8iPgo8aDM+TWVtYnJlc8OtYSBlbiBsw61uZWE6PC9oMz4KPHA+U2kgeWEgdGllbmVzIHVuIHNpdGlvIHdlYiwgcmVzdWx0YSBpbnRlcmVzYW50ZSBvZnJlY2VyIGEgdHVzIGZ1dHVyb3MgbWllbWJyb3MgdW4gZm9ybXVsYXJpbyBkZSBzb2xpY2l0dWQgZGUgbWVtYnJlc8OtYSBlbiBsw61uZWEgcGFyYSB0dSBvcmdhbml6YWNpw7NuLiBFc3RvIHRlIGxpYmVyYSBkZSB0YXJlYXMgdGVkaW9zYXMgeSByZWR1Y2UgZWwgcmllc2dvIGRlIGVycm9yZXMgcmVsYWNpb25hZG9zIGNvbiBsYSBjb3BpYSBvIHJlaW50cm9kdWNjacOzbiBkZSBpbmZvcm1hY2nDs24uPC9wPgo8cD5BIHRyYXbDqXMgZGVsIG3Ds2R1bG8gZGUgbWVtYnJlc8OtYSBlbiBsw61uZWEsIGxvcyB1c3VhcmlvcyBkZSBJbnRlcm5ldCB0aWVuZW4gbGEgcG9zaWJpbGlkYWQgZGUgY29tcGxldGFyIHVuIGZvcm11bGFyaW8geSBlbnZpYXJsbywgbG8gcXVlIHRlbmRyw6EgZWwgZWZlY3RvIGRlIGNyZWFyIHN1IGFyY2hpdm8gZW4gdHUgYmFzZSBkZSBkYXRvcyBjb24gZWwgZXN0YWRvICJwZW5kaWVudGUiLiBMb3MgYWRtaW5pc3RyYWRvcmVzIGRlIGxhIGFzb2NpYWNpw7NuIHBvZHLDoW4gYWNlcHRhciBvIHJlY2hhemFyIGxhIHNvbGljaXR1ZCBkZSBtZW1icmVzw61hIGRlc2RlIGVsIEJhY2tvZmZpY2UuPC9wPgo8cD5LYW5hbmFzIHRlIHByb3BvcmNpb25hIGVzdGUgbcOzZHVsbyBxdWUgc2UgcHVlZGUgaW50ZWdyYXIgZsOhY2lsbWVudGUgZW4gdW5hIGRlIGxhcyBww6FnaW5hcyB3ZWIgZGUgdHUgc2l0aW8uPC9wPgo8aDM+w4FyZWEgcGVyc29uYWw6PC9oMz4KPHA+VGFtYmnDqW4gcHVlZGVzIGFncmVnYXIgdW4gZW5sYWNlIGVuIHR1IHNpdGlvIHdlYiBhbCDDoXJlYSBwZXJzb25hbCBkZSBtaWVtYnJvcyBkaXNwb25pYmxlIGVuIGxhIHBsYXRhZm9ybWEgS2FuYW5hcy48L3A+CjxoMz5Xb3JkUHJlc3M8L2gzPgo8cD5QYXJhIGludGVncmFyIGxvcyBtw7NkdWxvcyBkZSBLYW5hbmFzIGVuIHVuIHNpdGlvIGVuIFdvcmRQcmVzcywgZGViZXMgdXRpbGl6YXIgbGEgZXh0ZW5zacOzbiBJZnJhbWU6IDxhIGhyZWY9Imh0dHBzOi8vZnIud29yZHByZXNzLm9yZy9wbHVnaW5zL2lmcmFtZS8iPmh0dHBzOi8vZnIud29yZHByZXNzLm9yZy9wbHVnaW5zL2lmcmFtZS88L2E+IGNvbiBsYXMgVVJMIGRlbCBiYWNrb2ZmaWNlIHBhcmEgZWwgw6FyZWEgcGVyc29uYWwgPGEgaHJlZj0iaHR0cHM6Ly9iYWNrb2ZmaWNlLmthbmFuYXMuY29tIj5odHRwczovL2JhY2tvZmZpY2Uua2FuYW5hcy5jb208L2E+IHkgcGFyYSBsYSBtZW1icmVzw61hIGVuIGzDrW5lYSA8YSBocmVmPSJodHRwczovL2JhY2tvZmZpY2Uua2FuYW5hcy5jb20vYWN0aW9uX21hbmFnZXIucGhwP2V2ZW50PWhpcmUmYW1wO2lkPXZvdHJlY29kZWNsaWVudCI+aHR0cHM6Ly9iYWNrb2ZmaWNlLmthbmFuYXMuY29tL2FjdGlvbl9tYW5hZ2VyLnBocD9ldmVudD1oaXJlJmFtcDtpZD12b3RyZWNvZGVjbGllbnQ8L2E+PC9wPgo8L2Rpdj4KPC9kaXY+dxZ0YWR2L2NsYXNzaWMtcGFyYWdyYXBod5YMPGRpdiBpZD0iY3VlcnBvUHJpbmNpcGFsIj4KPGRpdiBjbGFzcz0icGFnaW5hLWFydGljdWxvIj4KPGgzPk1lbWJyZXPDrWEgZW4gbMOtbmVhOjwvaDM+CjxwPlNpIHlhIHRpZW5lcyB1biBzaXRpbyB3ZWIsIHJlc3VsdGEgaW50ZXJlc2FudGUgb2ZyZWNlciBhIHR1cyBmdXR1cm9zIG1pZW1icm9zIHVuIGZvcm11bGFyaW8gZGUgc29saWNpdHVkIGRlIG1lbWJyZXPDrWEgZW4gbMOtbmVhIHBhcmEgdHUgb3JnYW5pemFjacOzbi4gRXN0byB0ZSBsaWJlcmEgZGUgdGFyZWFzIHRlZGlvc2FzIHkgcmVkdWNlIGVsIHJpZXNnbyBkZSBlcnJvcmVzIHJlbGFjaW9uYWRvcyBjb24gbGEgY29waWEgbyByZWludHJvZHVjY2nDs24gZGUgaW5mb3JtYWNpw7NuLjwvcD4KPHA+QSB0cmF2w6lzIGRlbCBtw7NkdWxvIGRlIG1lbWJyZXPDrWEgZW4gbMOtbmVhLCBsb3MgdXN1YXJpb3MgZGUgSW50ZXJuZXQgdGllbmVuIGxhIHBvc2liaWxpZGFkIGRlIGNvbXBsZXRhciB1biBmb3JtdWxhcmlvIHkgZW52aWFybG8sIGxvIHF1ZSB0ZW5kcsOhIGVsIGVmZWN0byBkZSBjcmVhciBzdSBhcmNoaXZvIGVuIHR1IGJhc2UgZGUgZGF0b3MgY29uIGVsIGVzdGFkbyAicGVuZGllbnRlIi4gTG9zIGFkbWluaXN0cmFkb3JlcyBkZSBsYSBhc29jaWFjacOzbiBwb2Ryw6FuIGFjZXB0YXIgbyByZWNoYXphciBsYSBzb2xpY2l0dWQgZGUgbWVtYnJlc8OtYSBkZXNkZSBlbCBCYWNrb2ZmaWNlLjwvcD4KPHA+S2FuYW5hcyB0ZSBwcm9wb3JjaW9uYSBlc3RlIG3Ds2R1bG8gcXVlIHNlIHB1ZWRlIGludGVncmFyIGbDoWNpbG1lbnRlIGVuIHVuYSBkZSBsYXMgcMOhZ2luYXMgd2ViIGRlIHR1IHNpdGlvLjwvcD4KPGgzPsOBcmVhIHBlcnNvbmFsOjwvaDM+CjxwPlRhbWJpw6luIHB1ZWRlcyBhZ3JlZ2FyIHVuIGVubGFjZSBlbiB0dSBzaXRpbyB3ZWIgYWwgw6FyZWEgcGVyc29uYWwgZGUgbWllbWJyb3MgZGlzcG9uaWJsZSBlbiBsYSBwbGF0YWZvcm1hIEthbmFuYXMuPC9wPgo8aDM+V29yZFByZXNzPC9oMz4KPHA+UGFyYSBpbnRlZ3JhciBsb3MgbcOzZHVsb3MgZGUgS2FuYW5hcyBlbiB1biBzaXRpbyBlbiBXb3JkUHJlc3MsIGRlYmVzIHV0aWxpemFyIGxhIGV4dGVuc2nDs24gSWZyYW1lOiA8YSBocmVmPSJodHRwczovL2ZyLndvcmRwcmVzcy5vcmcvcGx1Z2lucy9pZnJhbWUvIj5odHRwczovL2ZyLndvcmRwcmVzcy5vcmcvcGx1Z2lucy9pZnJhbWUvPC9hPiBjb24gbGFzIFVSTCBkZWwgYmFja29mZmljZSBwYXJhIGVsIMOhcmVhIHBlcnNvbmFsIDxhIGhyZWY9Imh0dHBzOi8vYmFja29mZmljZS5rYW5hbmFzLmNvbSI+aHR0cHM6Ly9iYWNrb2ZmaWNlLmthbmFuYXMuY29tPC9hPiB5IHBhcmEgbGEgbWVtYnJlc8OtYSBlbiBsw61uZWEgPGEgaHJlZj0iaHR0cHM6Ly9iYWNrb2ZmaWNlLmthbmFuYXMuY29tL2FjdGlvbl9tYW5hZ2VyLnBocD9ldmVudD1oaXJlJmFtcDtpZD12b3RyZWNvZGVjbGllbnQiPmh0dHBzOi8vYmFja29mZmljZS5rYW5hbmFzLmNvbS9hY3Rpb25fbWFuYWdlci5waHA\/ZXZlbnQ9aGlyZSZhbXA7aWQ9dm90cmVjb2RlY2xpZW50PC9hPjwvcD4KPC9kaXY+CjwvZGl2PnckZWE3ZWZhNDgtN2YyOS00MjUyLTliNzgtOTJiZDdlYzYwNDhleHdKPGRpdiBzdHlsZT0iaGVpZ2h0OjIwcHgiIGFyaWEtaGlkZGVuPSJ0cnVlIiBjbGFzcz0id3AtYmxvY2stc3BhY2VyIj48L2Rpdj53C2NvcmUvc3BhY2VydwQyMHB4dyQ4MTlhN2FjYi0xOTI0LTQ5MTktOGVhZS1hZDAyNThhNDhhY2V4dzg8cD5QYXJhIG9idGVuZXIgbcOhcyBpbmZvcm1hY2nDs24gc29icmUgZWwgc2l0aW8gd2ViPC9wPncOY29yZS9wYXJhZ3JhcGh5dyQ4YWQyZjYwYy01MDgwLTRiNTQtYjAxMy0yMjNlMTM4NjU4N2Z4dwB3DmNvcmUvcGFnZS1saXN0fatMeQA=\",\"updateId\":508827300}","footnotes":""},"class_list":["post-4911","page","type-page","status-publish"],"aioseo_notices":[],"_links":{"self":[{"href":"https:\/\/www.kananas.com\/es\/wp-json\/wp\/v2\/pages\/4911","targetHints":{"allow":["GET"]}}],"collection":[{"href":"https:\/\/www.kananas.com\/es\/wp-json\/wp\/v2\/pages"}],"about":[{"href":"https:\/\/www.kananas.com\/es\/wp-json\/wp\/v2\/types\/page"}],"author":[{"embeddable":true,"href":"https:\/\/www.kananas.com\/es\/wp-json\/wp\/v2\/users\/1"}],"replies":[{"embeddable":true,"href":"https:\/\/www.kananas.com\/es\/wp-json\/wp\/v2\/comments?post=4911"}],"version-history":[{"count":4,"href":"https:\/\/www.kananas.com\/es\/wp-json\/wp\/v2\/pages\/4911\/revisions"}],"predecessor-version":[{"id":6741,"href":"https:\/\/www.kananas.com\/es\/wp-json\/wp\/v2\/pages\/4911\/revisions\/6741"}],"up":[{"embeddable":true,"href":"https:\/\/www.kananas.com\/es\/wp-json\/wp\/v2\/pages\/4907"}],"wp:attachment":[{"href":"https:\/\/www.kananas.com\/es\/wp-json\/wp\/v2\/media?parent=4911"}],"curies":[{"name":"wp","href":"https:\/\/api.w.org\/{rel}","templated":true}]}}