{"id":5319,"date":"2024-02-15T10:20:42","date_gmt":"2024-02-15T08:20:42","guid":{"rendered":"https:\/\/www.kananas.com\/es\/?page_id=5319"},"modified":"2024-02-15T10:20:43","modified_gmt":"2024-02-15T08:20:43","slug":"quienes-somos","status":"publish","type":"page","link":"https:\/\/www.kananas.com\/es\/quienes-somos\/","title":{"rendered":"Qui\u00e9nes somos"},"content":{"rendered":"\n<p class=\"wp-block-paragraph\"><strong>Revolucionando la Gesti\u00f3n Asociativa<\/strong><\/p>\n\n\n\n<p class=\"wp-block-paragraph\"><em>Fundada por dos apasionados del mundo asociativo, Kananas es mucho m\u00e1s que una empresa. Es una iniciativa comprometida, nacida de la profunda convicci\u00f3n de que las asociaciones merecen una gesti\u00f3n \u00f3ptima para realizar plenamente su misi\u00f3n. Con un objetivo claro y un esp\u00edritu dedicado, Kananas surgi\u00f3 para ofrecer una soluci\u00f3n CRM especializada en la gesti\u00f3n de asociaciones.<\/em><\/p>\n\n\n\n<p class=\"wp-block-paragraph\"><strong>La G\u00e9nesis de Kananas<\/strong><\/p>\n\n\n\n<p class=\"wp-block-paragraph\"><em>Fundada en 2009 (anteriormente gestasso.com), Kananas surgi\u00f3 de la experiencia concreta de sus cofundadores, quienes dedicaron muchos a\u00f1os a diversos proyectos asociativos. Su observaci\u00f3n fue clara: la gesti\u00f3n administrativa y la coordinaci\u00f3n de los miembros pueden convertirse r\u00e1pidamente en un desaf\u00edo significativo, limitando as\u00ed la eficiencia operativa de las asociaciones. Es en este contexto que Kananas tom\u00f3 forma, con la misi\u00f3n de simplificar y mejorar la gesti\u00f3n de las asociaciones, permiti\u00e9ndoles concentrarse completamente en sus objetivos.<\/em><\/p>\n\n\n\n<p class=\"wp-block-paragraph\"><strong>La Visi\u00f3n de Kananas<\/strong><\/p>\n\n\n\n<p class=\"wp-block-paragraph\"><em>En Kananas, creemos en el poder de la acci\u00f3n colectiva y en la capacidad de las asociaciones para generar un cambio positivo en la sociedad. Nuestra visi\u00f3n es facilitar su trabajo diario mediante la provisi\u00f3n de una herramienta de gesti\u00f3n moderna, intuitiva y potente. Aspiramos a convertirnos en el socio de confianza de las asociaciones en todo el mundo, ayud\u00e1ndolas a maximizar su impacto y liberar su potencial.<\/em><\/p>\n\n\n\n<p class=\"wp-block-paragraph\"><strong>Nuestro Producto: Un CRM Dedicado a las Asociaciones<\/strong><\/p>\n\n\n\n<p class=\"wp-block-paragraph\"><em>El n\u00facleo de nuestra oferta es nuestro CRM especializado en gesti\u00f3n asociativa. Dise\u00f1ado con un enfoque centrado en el usuario, nuestro sistema ofrece caracter\u00edsticas avanzadas para la gesti\u00f3n de miembros, recaudaci\u00f3n de fondos, planificaci\u00f3n de eventos, comunicaci\u00f3n interna y mucho m\u00e1s. Kananas ofrece una plataforma todo en uno, eliminando las complejidades administrativas y permitiendo que las asociaciones se dediquen plenamente a sus misiones.<\/em><\/p>\n\n\n\n<p class=\"wp-block-paragraph\"><strong>Nuestros Valores: Compromiso, Transparencia, Innovaci\u00f3n<\/strong><\/p>\n\n\n\n<p class=\"wp-block-paragraph\"><em>En Kananas, nos guiamos por valores s\u00f3lidos. El compromiso con las causas ambientales, la transparencia en nuestras acciones y la innovaci\u00f3n continua est\u00e1n en el centro de nuestro ADN. Creemos firmemente que cada asociaci\u00f3n merece un socio tecnol\u00f3gico confiable que comparta sus valores y la apoye en su trayectoria.<\/em><\/p>\n\n\n\n<p class=\"wp-block-paragraph\"><strong>\u00danete a Nosotros en Nuestra Misi\u00f3n<\/strong><\/p>\n\n\n\n<p class=\"wp-block-paragraph\"><em>Kananas invita a todas las asociaciones a unirse a nuestra comunidad. Juntos, construyamos un mundo donde la gesti\u00f3n administrativa ya no sea un obst\u00e1culo, sino una oportunidad para amplificar el impacto positivo de cada asociaci\u00f3n. \u00danete a nosotros en esta aventura, porque juntos somos m\u00e1s fuertes.<\/em><\/p>\n\n\n\n<p class=\"wp-block-paragraph\"><\/p>\n\n\n\n<p class=\"wp-block-paragraph\">Kananas es un producto de la empresa Kiwi sas (siren 819 424 904) desarrollado con amor en el sur de Francia.<\/p>\n","protected":false},"excerpt":{"rendered":"<p>Revolucionando la Gesti\u00f3n Asociativa Fundada por dos apasionados del mundo asociativo, Kananas es mucho m\u00e1s que una empresa. Es una iniciativa comprometida, nacida de la profunda convicci\u00f3n de que las asociaciones merecen una gesti\u00f3n \u00f3ptima para realizar plenamente su misi\u00f3n. Con un objetivo claro y un esp\u00edritu dedicado, Kananas surgi\u00f3 para ofrecer una soluci\u00f3n CRM &#8230; <a title=\"Qui\u00e9nes somos\" class=\"read-more\" href=\"https:\/\/www.kananas.com\/es\/quienes-somos\/\" aria-label=\"En savoir plus sur Qui\u00e9nes somos\">Lire la suite<\/a><\/p>\n","protected":false},"author":1,"featured_media":0,"parent":0,"menu_order":0,"comment_status":"closed","ping_status":"closed","template":"","meta":{"_crdt_document":"","footnotes":""},"class_list":["post-5319","page","type-page","status-publish"],"aioseo_notices":[],"_links":{"self":[{"href":"https:\/\/www.kananas.com\/es\/wp-json\/wp\/v2\/pages\/5319","targetHints":{"allow":["GET"]}}],"collection":[{"href":"https:\/\/www.kananas.com\/es\/wp-json\/wp\/v2\/pages"}],"about":[{"href":"https:\/\/www.kananas.com\/es\/wp-json\/wp\/v2\/types\/page"}],"author":[{"embeddable":true,"href":"https:\/\/www.kananas.com\/es\/wp-json\/wp\/v2\/users\/1"}],"replies":[{"embeddable":true,"href":"https:\/\/www.kananas.com\/es\/wp-json\/wp\/v2\/comments?post=5319"}],"version-history":[{"count":1,"href":"https:\/\/www.kananas.com\/es\/wp-json\/wp\/v2\/pages\/5319\/revisions"}],"predecessor-version":[{"id":5320,"href":"https:\/\/www.kananas.com\/es\/wp-json\/wp\/v2\/pages\/5319\/revisions\/5320"}],"wp:attachment":[{"href":"https:\/\/www.kananas.com\/es\/wp-json\/wp\/v2\/media?parent=5319"}],"curies":[{"name":"wp","href":"https:\/\/api.w.org\/{rel}","templated":true}]}}