{"id":5738,"date":"2024-08-28T17:03:07","date_gmt":"2024-08-28T15:03:07","guid":{"rendered":"https:\/\/www.kananas.com\/es\/?page_id=5738"},"modified":"2024-09-17T17:49:07","modified_gmt":"2024-09-17T15:49:07","slug":"pinitos","status":"publish","type":"page","link":"https:\/\/www.kananas.com\/es\/documentation\/pinitos\/","title":{"rendered":"Pinitos"},"content":{"rendered":"\n<p class=\"wp-block-paragraph\">Kananas es un <strong>software de gesti\u00f3n<\/strong> tipo CRM (llamado Backoffice), un <strong>sitio web<\/strong> para su comunicaci\u00f3n y un <strong>espacio personal<\/strong> para sus miembros.<\/p>\n\n\n\n<p class=\"wp-block-paragraph\">Cada vez que cree un <a href=\"https:\/\/www.kananas.com\/es\/documentation\/miembros\/\" data-type=\"page\" data-id=\"4900\">contacto<\/a>, ya sea por importaci\u00f3n, membres\u00eda en l\u00ednea o creaci\u00f3n manual, recibir\u00e1 autom\u00e1ticamente la informaci\u00f3n para acceder a su <a href=\"https:\/\/www.kananas.com\/es\/documentation\/miembros\/espacio-personal\/\" data-type=\"page\" data-id=\"4905\">espacio personal<\/a>.<\/p>\n\n\n\n<p class=\"wp-block-paragraph\">Un contacto puede ser un miembro, un voluntario, un padre, un profesor, etc. Los tipos son <a href=\"https:\/\/www.kananas.com\/es\/documentation\/configuracion\/\" data-type=\"page\" data-id=\"5721\">configurables<\/a> seg\u00fan sus necesidades.<\/p>\n\n\n\n<p class=\"wp-block-paragraph\">Con la parte de software de gesti\u00f3n, los responsables de la asociaci\u00f3n podr\u00e1n gestionar los miembros, las ventas, las <a href=\"https:\/\/www.kananas.com\/es\/documentation\/planificacion\/\" data-type=\"page\" data-id=\"4876\">actividades<\/a> y la comunicaci\u00f3n. En el espacio personal, los miembros podr\u00e1n modificar parte de su informaci\u00f3n, realizar compras en la tienda, inscribirse en eventos y <a href=\"https:\/\/www.kananas.com\/es\/documentation\/sitio-web\/pago-en-linea\/\" data-type=\"page\" data-id=\"4855\">pagar en l\u00ednea<\/a>.<\/p>\n\n\n\n<div class=\"wp-block-columns img-thumbnail has-base-background-color has-background is-layout-flex wp-container-core-columns-is-layout-8f761849 wp-block-columns-is-layout-flex\">\n<div class=\"wp-block-column is-layout-flow wp-block-column-is-layout-flow\" style=\"flex-basis:10px\"><\/div>\n\n\n\n<div class=\"wp-block-column is-layout-flow wp-block-column-is-layout-flow\">\n<h3 class=\"wp-block-heading has-text-align-center\"><strong>Software de gesti\u00f3n<\/strong><\/h3>\n\n\n<div class=\"wp-block-image img-thumbnail\">\n<figure class=\"aligncenter size-large\"><img loading=\"lazy\" decoding=\"async\" width=\"1024\" height=\"664\" src=\"http:\/\/www.kananas.com\/es\/wp-content\/uploads\/sites\/2143\/2024\/07\/Screenshot-2024-07-27-at-16-42-59-SOA-club-Contacto-Pamela-Aldebaran-1024x664.png\" alt=\"\" class=\"wp-image-5422\" srcset=\"https:\/\/www.kananas.com\/es\/wp-content\/uploads\/sites\/2143\/2024\/07\/Screenshot-2024-07-27-at-16-42-59-SOA-club-Contacto-Pamela-Aldebaran-1024x664.png 1024w, https:\/\/www.kananas.com\/es\/wp-content\/uploads\/sites\/2143\/2024\/07\/Screenshot-2024-07-27-at-16-42-59-SOA-club-Contacto-Pamela-Aldebaran-300x194.png 300w, https:\/\/www.kananas.com\/es\/wp-content\/uploads\/sites\/2143\/2024\/07\/Screenshot-2024-07-27-at-16-42-59-SOA-club-Contacto-Pamela-Aldebaran-768x498.png 768w, https:\/\/www.kananas.com\/es\/wp-content\/uploads\/sites\/2143\/2024\/07\/Screenshot-2024-07-27-at-16-42-59-SOA-club-Contacto-Pamela-Aldebaran-1536x996.png 1536w, https:\/\/www.kananas.com\/es\/wp-content\/uploads\/sites\/2143\/2024\/07\/Screenshot-2024-07-27-at-16-42-59-SOA-club-Contacto-Pamela-Aldebaran-2048x1328.png 2048w\" sizes=\"auto, (max-width: 1024px) 100vw, 1024px\" \/><\/figure>\n<\/div><\/div>\n\n\n\n<div class=\"wp-block-column is-layout-flow wp-block-column-is-layout-flow\" style=\"flex-basis:40%\">\n<h3 class=\"wp-block-heading has-text-align-center\"><strong>+ espacio personal del miembro<\/strong><\/h3>\n\n\n<div class=\"wp-block-image\">\n<figure class=\"aligncenter size-full is-resized\"><img loading=\"lazy\" decoding=\"async\" width=\"441\" height=\"834\" src=\"https:\/\/www.kananas.com\/es\/wp-content\/uploads\/sites\/2143\/2024\/08\/kananasMobileES.png\" alt=\"\" class=\"wp-image-5736\" style=\"width:auto;height:400px\" srcset=\"https:\/\/www.kananas.com\/es\/wp-content\/uploads\/sites\/2143\/2024\/08\/kananasMobileES.png 441w, https:\/\/www.kananas.com\/es\/wp-content\/uploads\/sites\/2143\/2024\/08\/kananasMobileES-159x300.png 159w\" sizes=\"auto, (max-width: 441px) 100vw, 441px\" \/><\/figure>\n<\/div><\/div>\n<\/div>\n\n\n\n<div style=\"height:20px\" aria-hidden=\"true\" class=\"wp-block-spacer\"><\/div>\n\n\n\n<h3 class=\"wp-block-heading\">Ergonom\u00eda<\/h3>\n\n\n\n<div class=\"wp-block-columns is-layout-flex wp-container-core-columns-is-layout-8f761849 wp-block-columns-is-layout-flex\">\n<div class=\"wp-block-column is-layout-flow wp-block-column-is-layout-flow\" style=\"flex-basis:20%\">\n<figure class=\"wp-block-image size-full\"><img loading=\"lazy\" decoding=\"async\" width=\"486\" height=\"954\" src=\"https:\/\/www.kananas.com\/es\/wp-content\/uploads\/sites\/2143\/2024\/08\/Screenshot-2024-08-28-at-16-57-16-SOA-club-Inicio.png\" alt=\"\" class=\"wp-image-5739\" srcset=\"https:\/\/www.kananas.com\/es\/wp-content\/uploads\/sites\/2143\/2024\/08\/Screenshot-2024-08-28-at-16-57-16-SOA-club-Inicio.png 486w, https:\/\/www.kananas.com\/es\/wp-content\/uploads\/sites\/2143\/2024\/08\/Screenshot-2024-08-28-at-16-57-16-SOA-club-Inicio-153x300.png 153w\" sizes=\"auto, (max-width: 486px) 100vw, 486px\" \/><\/figure>\n<\/div>\n\n\n\n<div class=\"wp-block-column is-layout-flow wp-block-column-is-layout-flow\">\n<p class=\"wp-block-paragraph\">El men\u00fa de la izquierda del Backoffice permitir\u00e1 a los gestores acceder a las diferentes zonas de gesti\u00f3n.<\/p>\n\n\n\n<p class=\"wp-block-paragraph\">Puede presentarse de manera diferente, dependiendo de los <a href=\"https:\/\/www.kananas.com\/es\/documentation\/miembros\/derechos-de-acceso\/\" data-type=\"page\" data-id=\"4825\">derechos del usuario<\/a>, algunos men\u00fas pueden estar ocultos.<\/p>\n<\/div>\n<\/div>\n\n\n\n<div style=\"height:20px\" aria-hidden=\"true\" class=\"wp-block-spacer\"><\/div>\n\n\n\n<div class=\"wp-block-columns is-layout-flex wp-container-core-columns-is-layout-8f761849 wp-block-columns-is-layout-flex\">\n<div class=\"wp-block-column is-layout-flow wp-block-column-is-layout-flow\">\n<p class=\"wp-block-paragraph\">El men\u00fa en la parte superior derecha tiene varias funcionalidades (de izquierda a derecha): <\/p>\n\n\n\n<ul class=\"wp-block-list\">\n<li><strong>Historial<\/strong>: encuentre los \u00faltimos expedientes abiertos para una navegaci\u00f3n m\u00e1s r\u00e1pida<\/li>\n\n\n\n<li><strong>Notificaciones<\/strong>: \u00faltimas adhesiones, pagos en l\u00ednea recibidos, etc. Actualizaciones en tiempo real<\/li>\n\n\n\n<li><strong>Ayuda en l\u00ednea<\/strong>: dependiendo de la p\u00e1gina en la que se encuentre, se mostrar\u00e1 una ayuda contextual<\/li>\n\n\n\n<li><strong>Usuario conectado<\/strong><\/li>\n\n\n\n<li><strong>Men\u00fa de acciones<\/strong>: cambio de idioma, contactar con soporte, salir de la aplicaci\u00f3n, etc.<\/li>\n<\/ul>\n<\/div>\n\n\n\n<div class=\"wp-block-column is-layout-flow wp-block-column-is-layout-flow\" style=\"flex-basis:40%\">\n<figure class=\"wp-block-image size-full\"><img decoding=\"async\" src=\"https:\/\/www.kananas.com\/wp-content\/uploads\/2024\/08\/Screenshot-2024-08-27-at-16-07-21-SOA-club-Accueil.png\" alt=\"\" class=\"wp-image-7300\"\/><\/figure>\n<\/div>\n<\/div>\n\n\n\n<p class=\"wp-block-paragraph\">Ejemplo de ayuda en l\u00ednea<\/p>\n\n\n<div class=\"wp-block-image\">\n<figure class=\"aligncenter size-large\"><img loading=\"lazy\" decoding=\"async\" width=\"1024\" height=\"606\" src=\"https:\/\/www.kananas.com\/es\/wp-content\/uploads\/sites\/2143\/2024\/08\/Screenshot-2024-08-28-at-16-58-30-SOA-club-Contacto-francky-Aldebaran-1024x606.png\" alt=\"\" class=\"wp-image-5740\" srcset=\"https:\/\/www.kananas.com\/es\/wp-content\/uploads\/sites\/2143\/2024\/08\/Screenshot-2024-08-28-at-16-58-30-SOA-club-Contacto-francky-Aldebaran-1024x606.png 1024w, https:\/\/www.kananas.com\/es\/wp-content\/uploads\/sites\/2143\/2024\/08\/Screenshot-2024-08-28-at-16-58-30-SOA-club-Contacto-francky-Aldebaran-300x178.png 300w, https:\/\/www.kananas.com\/es\/wp-content\/uploads\/sites\/2143\/2024\/08\/Screenshot-2024-08-28-at-16-58-30-SOA-club-Contacto-francky-Aldebaran-768x455.png 768w, https:\/\/www.kananas.com\/es\/wp-content\/uploads\/sites\/2143\/2024\/08\/Screenshot-2024-08-28-at-16-58-30-SOA-club-Contacto-francky-Aldebaran-1536x910.png 1536w, https:\/\/www.kananas.com\/es\/wp-content\/uploads\/sites\/2143\/2024\/08\/Screenshot-2024-08-28-at-16-58-30-SOA-club-Contacto-francky-Aldebaran-2048x1213.png 2048w\" sizes=\"auto, (max-width: 1024px) 100vw, 1024px\" \/><\/figure>\n<\/div>\n\n\n<div style=\"height:20px\" aria-hidden=\"true\" class=\"wp-block-spacer\"><\/div>\n\n\n\n<h3 class=\"wp-block-heading\">Soporte<\/h3>\n\n\n\n<p class=\"wp-block-paragraph\">\u00bfUna pregunta, un problema? Utilice el enlace para contactar con el soporte para plantear su pregunta (men\u00fa de acciones).<\/p>\n\n\n<div class=\"wp-block-image\">\n<figure class=\"aligncenter size-full\"><img decoding=\"async\" src=\"https:\/\/www.kananas.com\/wp-content\/uploads\/2024\/08\/Screenshot-2024-08-27-at-16-29-37-SOA-club-Contact-jax-teller.png\" alt=\"\" class=\"wp-image-7313\"\/><\/figure>\n<\/div>\n\n<div class=\"wp-block-image\">\n<figure class=\"aligncenter size-large\"><img loading=\"lazy\" decoding=\"async\" width=\"1024\" height=\"527\" src=\"https:\/\/www.kananas.com\/es\/wp-content\/uploads\/sites\/2143\/2024\/08\/Screenshot-2024-08-28-at-16-59-33-SOA-club-Actividades-_-calendario-mensual-1024x527.png\" alt=\"\" class=\"wp-image-5741\" srcset=\"https:\/\/www.kananas.com\/es\/wp-content\/uploads\/sites\/2143\/2024\/08\/Screenshot-2024-08-28-at-16-59-33-SOA-club-Actividades-_-calendario-mensual-1024x527.png 1024w, https:\/\/www.kananas.com\/es\/wp-content\/uploads\/sites\/2143\/2024\/08\/Screenshot-2024-08-28-at-16-59-33-SOA-club-Actividades-_-calendario-mensual-300x154.png 300w, https:\/\/www.kananas.com\/es\/wp-content\/uploads\/sites\/2143\/2024\/08\/Screenshot-2024-08-28-at-16-59-33-SOA-club-Actividades-_-calendario-mensual-768x395.png 768w, https:\/\/www.kananas.com\/es\/wp-content\/uploads\/sites\/2143\/2024\/08\/Screenshot-2024-08-28-at-16-59-33-SOA-club-Actividades-_-calendario-mensual.png 1422w\" sizes=\"auto, (max-width: 1024px) 100vw, 1024px\" \/><\/figure>\n<\/div>\n\n\n<p class=\"wp-block-paragraph\">NB: un gestor puede acceder a su espacio personal a trav\u00e9s del men\u00fa de acciones.<\/p>\n\n\n\n<div style=\"height:30px\" aria-hidden=\"true\" class=\"wp-block-spacer\"><\/div>\n\n\n\n<p class=\"wp-block-paragraph\"><a href=\"https:\/\/www.kananas.com\/es\/documentation\/configuracion\/\" data-type=\"page\" data-id=\"5721\">C\u00f3mo configurar tu cuenta<\/a><\/p>\n\n\n\n<div style=\"height:20px\" aria-hidden=\"true\" class=\"wp-block-spacer\"><\/div>\n","protected":false},"excerpt":{"rendered":"<p>Kananas es un software de gesti\u00f3n tipo CRM (llamado Backoffice), un sitio web para su comunicaci\u00f3n y un espacio personal para sus miembros. Cada vez que cree un contacto, ya sea por importaci\u00f3n, membres\u00eda en l\u00ednea o creaci\u00f3n manual, recibir\u00e1 autom\u00e1ticamente la informaci\u00f3n para acceder a su espacio personal. Un contacto puede ser un miembro, &#8230; <a title=\"Pinitos\" class=\"read-more\" href=\"https:\/\/www.kananas.com\/es\/documentation\/pinitos\/\" aria-label=\"En savoir plus sur Pinitos\">Lire la suite<\/a><\/p>\n","protected":false},"author":1,"featured_media":0,"parent":4864,"menu_order":0,"comment_status":"closed","ping_status":"closed","template":"","meta":{"_crdt_document":"","footnotes":""},"class_list":["post-5738","page","type-page","status-publish"],"aioseo_notices":[],"_links":{"self":[{"href":"https:\/\/www.kananas.com\/es\/wp-json\/wp\/v2\/pages\/5738","targetHints":{"allow":["GET"]}}],"collection":[{"href":"https:\/\/www.kananas.com\/es\/wp-json\/wp\/v2\/pages"}],"about":[{"href":"https:\/\/www.kananas.com\/es\/wp-json\/wp\/v2\/types\/page"}],"author":[{"embeddable":true,"href":"https:\/\/www.kananas.com\/es\/wp-json\/wp\/v2\/users\/1"}],"replies":[{"embeddable":true,"href":"https:\/\/www.kananas.com\/es\/wp-json\/wp\/v2\/comments?post=5738"}],"version-history":[{"count":4,"href":"https:\/\/www.kananas.com\/es\/wp-json\/wp\/v2\/pages\/5738\/revisions"}],"predecessor-version":[{"id":5767,"href":"https:\/\/www.kananas.com\/es\/wp-json\/wp\/v2\/pages\/5738\/revisions\/5767"}],"up":[{"embeddable":true,"href":"https:\/\/www.kananas.com\/es\/wp-json\/wp\/v2\/pages\/4864"}],"wp:attachment":[{"href":"https:\/\/www.kananas.com\/es\/wp-json\/wp\/v2\/media?parent=5738"}],"curies":[{"name":"wp","href":"https:\/\/api.w.org\/{rel}","templated":true}]}}