{"id":5777,"date":"2024-09-30T12:18:20","date_gmt":"2024-09-30T10:18:20","guid":{"rendered":"https:\/\/www.kananas.com\/es\/?page_id=5777"},"modified":"2026-05-11T18:22:36","modified_gmt":"2026-05-11T16:22:36","slug":"balance-y-cuenta-de-resultados","status":"publish","type":"page","link":"https:\/\/www.kananas.com\/es\/documentation\/contabilidad\/balance-y-cuenta-de-resultados\/","title":{"rendered":"Balance y cuenta de resultados"},"content":{"rendered":"<div class=\"breadcrumbs align  wp-block-bcn-breadcrumb-trail has-text-color has-background\" vocab=\"https:\/\/schema.org\/\" typeof=\"BreadcrumbList\">\n\t<span><\/span>\n\t<span property=\"itemListElement\" typeof=\"ListItem\"><a property=\"item\" typeof=\"WebPage\" title=\"Aller \u00e0 kananas.\" href=\"https:\/\/www.kananas.com\/es\" class=\"home\" aria-current=\"page\"><span property=\"name\">kananas<\/span><\/a><meta property=\"position\" content=\"1\"><\/span><\/div>\n\n\n\n<div style=\"height:30px\" aria-hidden=\"true\" class=\"wp-block-spacer\"><\/div>\n\n\n\n<p class=\"wp-block-paragraph\">Un <strong>balance general<\/strong> es un documento esencial que proporciona una instant\u00e1nea de la salud financiera de la asociaci\u00f3n en un momento dado. Expone los activos (lo que posee la asociaci\u00f3n) y los pasivos (lo que debe):<\/p>\n\n\n\n<h3 class=\"wp-block-heading\">Balance General<\/h3>\n\n\n\n<ul class=\"wp-block-list\">\n<li><strong>Activos<\/strong>: efectivo, activos fijos, cuentas por cobrar.<\/li>\n\n\n\n<li><strong>Pasivos<\/strong>: deudas, obligaciones, capital.<\/li>\n<\/ul>\n\n\n\n<p class=\"wp-block-paragraph\">Con Kananas, generar este documento toma solo unos pocos clics. La plataforma agrupa todos los datos financieros ingresados durante el a\u00f1o para proporcionar un balance general completo y detallado. Los l\u00edderes de la asociaci\u00f3n ya no necesitan manejar hojas de c\u00e1lculo complejas ni depender de software contable externo. El balance se actualiza en tiempo real, asegurando una transparencia total para la asamblea general o las auditor\u00edas financieras.<\/p>\n\n\n\n<p class=\"roundDiv has-base-background-color has-background wp-block-paragraph\">Para generar el balance general, utiliza el bot\u00f3n <strong>Balance General<\/strong> en la p\u00e1gina Finanzas\/Anal\u00edtica.<\/p>\n\n\n\n<div style=\"height:20px\" aria-hidden=\"true\" class=\"wp-block-spacer\"><\/div>\n\n\n\n<h3 class=\"wp-block-heading\">Estado de Resultados<\/h3>\n\n\n\n<p class=\"wp-block-paragraph\">El estado de resultados es otro documento esencial para cualquier asociaci\u00f3n. A diferencia del balance, no presenta una posici\u00f3n financiera en un momento espec\u00edfico, sino durante un per\u00edodo definido (generalmente un a\u00f1o). Mide el rendimiento financiero de la asociaci\u00f3n al listar los ingresos (recursos) y los gastos. El saldo final indica si la asociaci\u00f3n ha obtenido un super\u00e1vit o un d\u00e9ficit durante el per\u00edodo.<\/p>\n\n\n\n<p class=\"wp-block-paragraph\">Con <strong>Kananas<\/strong>, la creaci\u00f3n del estado de resultados es tan sencilla como la del balance general. La plataforma genera el documento final, listo para ser presentado a los miembros de la asociaci\u00f3n o a los organismos financiadores.<\/p>\n\n\n\n<p class=\"roundDiv has-base-background-color has-background wp-block-paragraph\">Para generar el estado de resultados, utiliza el bot\u00f3n <strong>Estado de Resultados<\/strong> en la p\u00e1gina Finanzas\/Anal\u00edtica.<\/p>\n\n\n\n<div style=\"height:30px\" aria-hidden=\"true\" class=\"wp-block-spacer\"><\/div>\n\n\n<div class=\"wp-block-image\">\n<figure class=\"aligncenter size-large\"><img loading=\"lazy\" decoding=\"async\" width=\"1024\" height=\"673\" src=\"http:\/\/www.kananas.com\/es\/wp-content\/uploads\/sites\/2143\/2024\/07\/Screenshot-2024-07-29-at-15-53-37-SOA-club-Finanzas-_-Analitico-1024x673.png\" alt=\"\" class=\"wp-image-5480\" srcset=\"https:\/\/www.kananas.com\/es\/wp-content\/uploads\/sites\/2143\/2024\/07\/Screenshot-2024-07-29-at-15-53-37-SOA-club-Finanzas-_-Analitico-1024x673.png 1024w, https:\/\/www.kananas.com\/es\/wp-content\/uploads\/sites\/2143\/2024\/07\/Screenshot-2024-07-29-at-15-53-37-SOA-club-Finanzas-_-Analitico-300x197.png 300w, https:\/\/www.kananas.com\/es\/wp-content\/uploads\/sites\/2143\/2024\/07\/Screenshot-2024-07-29-at-15-53-37-SOA-club-Finanzas-_-Analitico-768x504.png 768w, https:\/\/www.kananas.com\/es\/wp-content\/uploads\/sites\/2143\/2024\/07\/Screenshot-2024-07-29-at-15-53-37-SOA-club-Finanzas-_-Analitico-1536x1009.png 1536w, https:\/\/www.kananas.com\/es\/wp-content\/uploads\/sites\/2143\/2024\/07\/Screenshot-2024-07-29-at-15-53-37-SOA-club-Finanzas-_-Analitico-2048x1345.png 2048w\" sizes=\"auto, (max-width: 1024px) 100vw, 1024px\" \/><\/figure>\n<\/div>\n\n\n<div style=\"height:20px\" aria-hidden=\"true\" class=\"wp-block-spacer\"><\/div>\n\n\n\n<p class=\"wp-block-paragraph\">Para saber m\u00e1s sobre la gesti\u00f3n financiera<\/p>\n\n\n<ul class=\"wp-block-page-list\"><li class=\"wp-block-pages-list__item\"><a class=\"wp-block-pages-list__item__link\" href=\"https:\/\/www.kananas.com\/es\/documentation\/contabilidad\/actas\/\">Actas<\/a><\/li><li class=\"wp-block-pages-list__item\"><a class=\"wp-block-pages-list__item__link\" href=\"https:\/\/www.kananas.com\/es\/documentation\/contabilidad\/configuracion\/\">Configuraci\u00f3n<\/a><\/li><li class=\"wp-block-pages-list__item\"><a class=\"wp-block-pages-list__item__link\" href=\"https:\/\/www.kananas.com\/es\/documentation\/contabilidad\/etiquetar-un-ingreso-o-un-gasto\/\">Etiquetar un ingreso o un gasto<\/a><\/li><li class=\"wp-block-pages-list__item\"><a class=\"wp-block-pages-list__item__link\" href=\"https:\/\/www.kananas.com\/es\/documentation\/contabilidad\/nuevo-ejercicio\/\">Nuevo ejercicio<\/a><\/li><li class=\"wp-block-pages-list__item\"><a class=\"wp-block-pages-list__item__link\" href=\"https:\/\/www.kananas.com\/es\/documentation\/contabilidad\/balance-y-cuenta-de-resultados\/\">Balance y cuenta de resultados<\/a><\/li><li class=\"wp-block-pages-list__item\"><a class=\"wp-block-pages-list__item__link\" href=\"https:\/\/www.kananas.com\/es\/documentation\/contabilidad\/cerrar-cuenta\/\">Cerrar cuenta<\/a><\/li><\/ul>","protected":false},"excerpt":{"rendered":"<p>Un balance general es un documento esencial que proporciona una instant\u00e1nea de la salud financiera de la asociaci\u00f3n en un momento dado. Expone los activos (lo que posee la asociaci\u00f3n) y los pasivos (lo que debe): Balance General Con Kananas, generar este documento toma solo unos pocos clics. La plataforma agrupa todos los datos financieros &#8230; <a title=\"Balance y cuenta de resultados\" class=\"read-more\" href=\"https:\/\/www.kananas.com\/es\/documentation\/contabilidad\/balance-y-cuenta-de-resultados\/\" aria-label=\"En savoir plus sur Balance y cuenta de resultados\">Lire la suite<\/a><\/p>\n","protected":false},"author":1,"featured_media":0,"parent":4865,"menu_order":5,"comment_status":"closed","ping_status":"closed","template":"","meta":{"_crdt_document":"{\"document\":\"AAAHxYDjthzeAbUBCD4QAwKIbgQCAQIKAkJKAJwHAQIKAkJKADABAgoAShACAQIKAkwAnAIBAgoCTO4CrgQBAgoCQkoAlA4BAgoCQgEASgC8AwECCkoAEAECCgJCSgA6AQIKAkJKAI4NAQIKAkJKALoHAQIKAkIBAEoAkAQBAgpKABABAgoBBEoAHAECCkoAEAECCgJCSgCmAQECCgBKzjykPAEBCABI4jykPEIKBu48AwABCUqiRAECCkr4sgEDAgmId4g1+KoBAwL3ASgDJwAEACcABACEBCcAKAQnACgAJwAHACgDJwEEACgAJwCHACgDJwEEACgAJwCHACgDJwAoAScABwAoAycBBAAnAIcAKAMnAQQAJwCHACgDJwEEACgAJwCHACgDJwEEACgCJwCHACgDJwAoACcAhwAoAycBBAAoACcAhwAoAycBBAAoACcAhwAoAycBBAAoACcAhwAoAycBBAAoAicAhwAoAycAKAAnAIcAKAMnACgBJwAoAycAhwAoAycAKAAnAIcAKAMnAQQAKAAnAIcAKAMnACgBJwAoAccAKAInASgAJwCoASgABACoAigLxwAoAycAKAAnAMSlPLw6c3RhdGV2ZXJzaW9uZG9jdW1lbnRkYXRlZG9jdW1lbnRzbHVnZG9jdW1lbnRzdGF0dXNkb2N1bWVudHRpdGxlQmFsYW5jZSB5IGN1ZW50YSBkZSByZXN1bHRhZG9zZG9jdW1lbnRjb250ZW50PCEtLSB3cDpwYXJhZ3JhcGggLS0+CjxwPlVuIDxzdHJvbmc+YmFsYW5jZSBnZW5lcmFsPC9zdHJvbmc+IGVzIHVuIGRvY3VtZW50byBlc2VuY2lhbCBxdWUgcHJvcG9yY2lvbmEgdW5hIGluc3RhbnTDoW5lYSBkZSBsYSBzYWx1ZCBmaW5hbmNpZXJhIGRlIGxhIGFzb2NpYWNpw7NuIGVuIHVuIG1vbWVudG8gZGFkby4gRXhwb25lIGxvcyBhY3Rpdm9zIChsbyBxdWUgcG9zZWUgbGEgYXNvY2lhY2nDs24pIHkgbG9zIHBhc2l2b3MgKGxvIHF1ZSBkZWJlKTo8L3A+CjwhLS0gL3dwOnBhcmFncmFwaCAtLT4KCjwhLS0gd3A6aGVhZGluZyB7ImxldmVsIjozfSAtLT4KPGgzIGNsYXNzPSJ3cC1ibG9jay1oZWFkaW5nIj5CYWxhbmNlIEdlbmVyYWw8L2gzPgo8IS0tIC93cDpoZWFkaW5nIC0tPgoKPCEtLSB3cDpsaXN0IC0tPgo8dWwgY2xhc3M9IndwLWJsb2NrLWxpc3QiPjwhLS0gd3A6bGlzdC1pdGVtIC0tPgo8bGk+PHN0cm9uZz5BY3Rpdm9zPC9zdHJvbmc+OiBlZmVjdGl2bywgYWN0aXZvcyBmaWpvcywgY3VlbnRhcyBwb3IgY29icmFyLjwvbGk+CjwhLS0gL3dwOmxpc3QtaXRlbSAtLT4KCjwhLS0gd3A6bGlzdC1pdGVtIC0tPgo8bGk+PHN0cm9uZz5QYXNpdm9zPC9zdHJvbmc+OiBkZXVkYXMsIG9ibGlnYWNpb25lcywgY2FwaXRhbC48L2xpPgo8IS0tIC93cDpsaXN0LWl0ZW0gLS0+PC91bD4KPCEtLSAvd3A6bGlzdCAtLT4KCjwhLS0gd3A6cGFyYWdyYXBoIC0tPgo8cD5Db24gS2FuYW5hcywgZ2VuZXJhciBlc3RlIGRvY3VtZW50byB0b21hIHNvbG8gdW5vcyBwb2NvcyBjbGljcy4gTGEgcGxhdGFmb3JtYSBhZ3J1cGEgdG9kb3MgbG9zIGRhdG9zIGZpbmFuY2llcm9zIGluZ3Jlc2Fkb3MgZHVyYW50ZSBlbCBhw7FvIHBhcmEgcHJvcG9yY2lvbmFyIHVuIGJhbGFuY2UgZ2VuZXJhbCBjb21wbGV0byB5IGRldGFsbGFkby4gTG9zIGzDrWRlcmVzIGRlIGxhIGFzb2NpYWNpw7NuIHlhIG5vIG5lY2VzaXRhbiBtYW5lamFyIGhvamFzIGRlIGPDoWxjdWxvIGNvbXBsZWphcyBuaSBkZXBlbmRlciBkZSBzb2Z0d2FyZSBjb250YWJsZSBleHRlcm5vLiBFbCBiYWxhbmNlIHNlIGFjdHVhbGl6YSBlbiB0aWVtcG8gcmVhbCwgYXNlZ3VyYW5kbyB1bmEgdHJhbnNwYXJlbmNpYSB0b3RhbCBwYXJhIGxhIGFzYW1ibGVhIGdlbmVyYWwgbyBsYXMgYXVkaXRvcsOtYXMgZmluYW5jaWVyYXMuPC9wPgo8IS0tIC93cDpwYXJhZ3JhcGggLS0+Cgo8IS0tIHdwOnBhcmFncmFwaCB7ImNsYXNzTmFtZSI6InJvdW5kRGl2IiwiYmFja2dyb3VuZENvbG9yIjoiYmFzZSJ9IC0tPgo8cCBjbGFzcz0icm91bmREaXYgaGFzLWJhc2UtYmFja2dyb3VuZC1jb2xvciBoYXMtYmFja2dyb3VuZCI+UGFyYSBnZW5lcmFyIGVsIGJhbGFuY2UgZ2VuZXJhbCwgdXRpbGl6YSBlbCBib3TDs24gPHN0cm9uZz5CYWxhbmNlIEdlbmVyYWw8L3N0cm9uZz4gZW4gbGEgcMOhZ2luYSBGaW5hbnphcy9BbmFsw610aWNhLjwvcD4KPCEtLSAvd3A6cGFyYWdyYXBoIC0tPgoKPCEtLSB3cDpzcGFjZXIgeyJoZWlnaHQiOiIyMHB4In0gLS0+CjxkaXYgc3R5bGU9ImhlaWdodDoyMHB4IiBhcmlhLWhpZGRlbj0idHJ1ZSIgY2xhc3M9IndwLWJsb2NrLXNwYWNlciI+PC9kaXY+CjwhLS0gL3dwOnNwYWNlciAtLT4KCjwhLS0gd3A6aGVhZGluZyB7ImxldmVsIjozfSAtLT4KPGgzIGNsYXNzPSJ3cC1ibG9jay1oZWFkaW5nIj5Fc3RhZG8gZGUgUmVzdWx0YWRvczwvaDM+CjwhLS0gL3dwOmhlYWRpbmcgLS0+Cgo8IS0tIHdwOnBhcmFncmFwaCAtLT4KPHA+RWwgZXN0YWRvIGRlIHJlc3VsdGFkb3MgZXMgb3RybyBkb2N1bWVudG8gZXNlbmNpYWwgcGFyYSBjdWFscXVpZXIgYXNvY2lhY2nDs24uIEEgZGlmZXJlbmNpYSBkZWwgYmFsYW5jZSwgbm8gcHJlc2VudGEgdW5hIHBvc2ljacOzbiBmaW5hbmNpZXJhIGVuIHVuIG1vbWVudG8gZXNwZWPDrWZpY28sIHNpbm8gZHVyYW50ZSB1biBwZXLDrW9kbyBkZWZpbmlkbyAoZ2VuZXJhbG1lbnRlIHVuIGHDsW8pLiBNaWRlIGVsIHJlbmRpbWllbnRvIGZpbmFuY2llcm8gZGUgbGEgYXNvY2lhY2nDs24gYWwgbGlzdGFyIGxvcyBpbmdyZXNvcyAocmVjdXJzb3MpIHkgbG9zIGdhc3Rvcy4gRWwgc2FsZG8gZmluYWwgaW5kaWNhIHNpIGxhIGFzb2NpYWNpw7NuIGhhIG9idGVuaWRvIHVuIHN1cGVyw6F2aXQgbyB1biBkw6lmaWNpdCBkdXJhbnRlIGVsIHBlcsOtb2RvLjwvcD4KPCEtLSAvd3A6cGFyYWdyYXBoIC0tPgoKPCEtLSB3cDpwYXJhZ3JhcGggLS0+CjxwPkNvbiA8c3Ryb25nPkthbmFuYXM8L3N0cm9uZz4sIGxhIGNyZWFjacOzbiBkZWwgZXN0YWRvIGRlIHJlc3VsdGFkb3MgZXMgdGFuIHNlbmNpbGxhIGNvbW8gbGEgZGVsIGJhbGFuY2UgZ2VuZXJhbC4gTGEgcGxhdGFmb3JtYSBnZW5lcmEgZWwgZG9jdW1lbnRvIGZpbmFsLCBsaXN0byBwYXJhIHNlciBwcmVzZW50YWRvIGEgbG9zIG1pZW1icm9zIGRlIGxhIGFzb2NpYWNpw7NuIG8gYSBsb3Mgb3JnYW5pc21vcyBmaW5hbmNpYWRvcmVzLjwvcD4KPCEtLSAvd3A6cGFyYWdyYXBoIC0tPgoKPCEtLSB3cDpwYXJhZ3JhcGggeyJjbGFzc05hbWUiOiJyb3VuZERpdiIsImJhY2tncm91bmRDb2xvciI6ImJhc2UifSAtLT4KPHAgY2xhc3M9InJvdW5kRGl2IGhhcy1iYXNlLWJhY2tncm91bmQtY29sb3IgaGFzLWJhY2tncm91bmQiPlBhcmEgZ2VuZXJhciBlbCBlc3RhZG8gZGUgcmVzdWx0YWRvcywgdXRpbGl6YSBlbCBib3TDs24gPHN0cm9uZz5Fc3RhZG8gZGUgUmVzdWx0YWRvczwvc3Ryb25nPiBlbiBsYSBww6FnaW5hIEZpbmFuemFzL0FuYWzDrXRpY2EuPC9wPgo8IS0tIC93cDpwYXJhZ3JhcGggLS0+Cgo8IS0tIHdwOnNwYWNlciB7ImhlaWdodCI6IjMwcHgifSAtLT4KPGRpdiBzdHlsZT0iaGVpZ2h0OjMwcHgiIGFyaWEtaGlkZGVuPSJ0cnVlIiBjbGFzcz0id3AtYmxvY2stc3BhY2VyIj48L2Rpdj4KPCEtLSAvd3A6c3BhY2VyIC0tPgoKPCEtLSB3cDppbWFnZSB7ImlkIjo1NDgwLCJzaXplU2x1ZyI6ImxhcmdlIiwibGlua0Rlc3RpbmF0aW9uIjoibm9uZSIsImFsaWduIjoiY2VudGVyIn0gLS0+CjxmaWd1cmUgY2xhc3M9IndwLWJsb2NrLWltYWdlIGFsaWduY2VudGVyIHNpemUtbGFyZ2UiPjxpbWcgc3JjPSJodHRwOi8vd3d3LmthbmFuYXMuY29tL2VzL3dwLWNvbnRlbnQvdXBsb2Fkcy9zaXRlcy8yMTQzLzIwMjQvMDcvU2NyZWVuc2hvdC0yMDI0LTA3LTI5LWF0LTE1LTUzLTM3LVNPQS1jbHViLUZpbmFuemFzLV8tQW5hbGl0aWNvLTEwMjR4NjczLnBuZyIgYWx0PSIiIGNsYXNzPSJ3cC1pbWFnZS01NDgwIi8+PC9maWd1cmU+CjwhLS0gL3dwOmltYWdlIC0tPgoKPCEtLSB3cDpzcGFjZXIgeyJoZWlnaHQiOiIyMHB4In0gLS0+CjxkaXYgc3R5bGU9ImhlaWdodDoyMHB4IiBhcmlhLWhpZGRlbj0idHJ1ZSIgY2xhc3M9IndwLWJsb2NrLXNwYWNlciI+PC9kaXY+CjwhLS0gL3dwOnNwYWNlciAtLT4KCjwhLS0gd3A6cGFyYWdyYXBoIC0tPgo8cD5QYXJhIHNhYmVyIG3DoXMgc29icmUgbGEgZ2VzdGnDs24gZmluYW5jaWVyYTwvcD4KPCEtLSAvd3A6cGFyYWdyYXBoIC0tPgoKPCEtLSB3cDpwYWdlLWxpc3QgeyJwYXJlbnRQYWdlSUQiOjQ4NjV9IC8tLT5kb2N1bWVudGV4Y2VycHRkb2N1bWVudGF1dGhvcmRvY3VtZW50ZmVhdHVyZWRfbWVkaWFkb2N1bWVudGNvbW1lbnRfc3RhdHVzZG9jdW1lbnRwaW5nX3N0YXR1c2RvY3VtZW50dGVtcGxhdGVkb2N1bWVudG1ldGFmb290bm90ZXNkb2N1bWVudGJsb2Nrc2NsaWVudElkaXNWYWxpZG9yaWdpbmFsQ29udGVudG5hbWVhdHRyaWJ1dGVzY29udGVudFVuIDxzdHJvbmc+YmFsYW5jZSBnZW5lcmFsPC9zdHJvbmc+IGVzIHVuIGRvY3VtZW50byBlc2VuY2lhbCBxdWUgcHJvcG9yY2lvbmEgdW5hIGluc3RhbnTDoW5lYSBkZSBsYSBzYWx1ZCBmaW5hbmNpZXJhIGRlIGxhIGFzb2NpYWNpw7NuIGVuIHVuIG1vbWVudG8gZGFkby4gRXhwb25lIGxvcyBhY3Rpdm9zIChsbyBxdWUgcG9zZWUgbGEgYXNvY2lhY2nDs24pIHkgbG9zIHBhc2l2b3MgKGxvIHF1ZSBkZWJlKTpkcm9wQ2FwaW5uZXJCbG9ja3NjbGllbnRJZGlzVmFsaWRvcmlnaW5hbENvbnRlbnRuYW1lYXR0cmlidXRlc2NvbnRlbnRCYWxhbmNlIEdlbmVyYWxsZXZlbGlubmVyQmxvY2tzY2xpZW50SWRpc1ZhbGlkb3JpZ2luYWxDb250ZW50bmFtZWF0dHJpYnV0ZXNvcmRlcmVkdmFsdWVzaW5uZXJCbG9ja3NjbGllbnRJZGlzVmFsaWRvcmlnaW5hbENvbnRlbnRuYW1lYXR0cmlidXRlc2NvbnRlbnQ8c3Ryb25nPkFjdGl2b3M8L3N0cm9uZz46IGVmZWN0aXZvLCBhY3Rpdm9zIGZpam9zLCBjdWVudGFzIHBvciBjb2JyYXIuaW5uZXJCbG9ja3NjbGllbnRJZGlzVmFsaWRvcmlnaW5hbENvbnRlbnRuYW1lYXR0cmlidXRlc2NvbnRlbnQ8c3Ryb25nPlBhc2l2b3M8L3N0cm9uZz46IGRldWRhcywgb2JsaWdhY2lvbmVzLCBjYXBpdGFsLmlubmVyQmxvY2tzY2xpZW50SWRpc1ZhbGlkb3JpZ2luYWxDb250ZW50bmFtZWF0dHJpYnV0ZXNjb250ZW50Q29uIEthbmFuYXMsIGdlbmVyYXIgZXN0ZSBkb2N1bWVudG8gdG9tYSBzb2xvIHVub3MgcG9jb3MgY2xpY3MuIExhIHBsYXRhZm9ybWEgYWdydXBhIHRvZG9zIGxvcyBkYXRvcyBmaW5hbmNpZXJvcyBpbmdyZXNhZG9zIGR1cmFudGUgZWwgYcOxbyBwYXJhIHByb3BvcmNpb25hciB1biBiYWxhbmNlIGdlbmVyYWwgY29tcGxldG8geSBkZXRhbGxhZG8uIExvcyBsw61kZXJlcyBkZSBsYSBhc29jaWFjacOzbiB5YSBubyBuZWNlc2l0YW4gbWFuZWphciBob2phcyBkZSBjw6FsY3VsbyBjb21wbGVqYXMgbmkgZGVwZW5kZXIgZGUgc29mdHdhcmUgY29udGFibGUgZXh0ZXJuby4gRWwgYmFsYW5jZSBzZSBhY3R1YWxpemEgZW4gdGllbXBvIHJlYWwsIGFzZWd1cmFuZG8gdW5hIHRyYW5zcGFyZW5jaWEgdG90YWwgcGFyYSBsYSBhc2FtYmxlYSBnZW5lcmFsIG8gbGFzIGF1ZGl0b3LDrWFzIGZpbmFuY2llcmFzLmRyb3BDYXBpbm5lckJsb2Nrc2NsaWVudElkaXNWYWxpZG9yaWdpbmFsQ29udGVudG5hbWVhdHRyaWJ1dGVzY29udGVudFBhcmEgZ2VuZXJhciBlbCBiYWxhbmNlIGdlbmVyYWwsIHV0aWxpemEgZWwgYm90w7NuIDxzdHJvbmc+QmFsYW5jZSBHZW5lcmFsPC9zdHJvbmc+IGVuIGxhIHDDoWdpbmEgRmluYW56YXMvQW5hbMOtdGljYS5kcm9wQ2FwY2xhc3NOYW1lYmFja2dyb3VuZENvbG9yaW5uZXJCbG9ja3NjbGllbnRJZGlzVmFsaWRvcmlnaW5hbENvbnRlbnRuYW1lYXR0cmlidXRlc2hlaWdodGlubmVyQmxvY2tzY2xpZW50SWRpc1ZhbGlkb3JpZ2luYWxDb250ZW50bmFtZWF0dHJpYnV0ZXNjb250ZW50RXN0YWRvIGRlIFJlc3VsdGFkb3NsZXZlbGlubmVyQmxvY2tzY2xpZW50SWRpc1ZhbGlkb3JpZ2luYWxDb250ZW50bmFtZWF0dHJpYnV0ZXNjb250ZW50RWwgZXN0YWRvIGRlIHJlc3VsdGFkb3MgZXMgb3RybyBkb2N1bWVudG8gZXNlbmNpYWwgcGFyYSBjdWFscXVpZXIgYXNvY2lhY2nDs24uIEEgZGlmZXJlbmNpYSBkZWwgYmFsYW5jZSwgbm8gcHJlc2VudGEgdW5hIHBvc2ljacOzbiBmaW5hbmNpZXJhIGVuIHVuIG1vbWVudG8gZXNwZWPDrWZpY28sIHNpbm8gZHVyYW50ZSB1biBwZXLDrW9kbyBkZWZpbmlkbyAoZ2VuZXJhbG1lbnRlIHVuIGHDsW8pLiBNaWRlIGVsIHJlbmRpbWllbnRvIGZpbmFuY2llcm8gZGUgbGEgYXNvY2lhY2nDs24gYWwgbGlzdGFyIGxvcyBpbmdyZXNvcyAocmVjdXJzb3MpIHkgbG9zIGdhc3Rvcy4gRWwgc2FsZG8gZmluYWwgaW5kaWNhIHNpIGxhIGFzb2NpYWNpw7NuIGhhIG9idGVuaWRvIHVuIHN1cGVyw6F2aXQgbyB1biBkw6lmaWNpdCBkdXJhbnRlIGVsIHBlcsOtb2RvLmRyb3BDYXBpbm5lckJsb2Nrc2NsaWVudElkaXNWYWxpZG9yaWdpbmFsQ29udGVudG5hbWVhdHRyaWJ1dGVzY29udGVudENvbiA8c3Ryb25nPkthbmFuYXM8L3N0cm9uZz4sIGxhIGNyZWFjacOzbiBkZWwgZXN0YWRvIGRlIHJlc3VsdGFkb3MgZXMgdGFuIHNlbmNpbGxhIGNvbW8gbGEgZGVsIGJhbGFuY2UgZ2VuZXJhbC4gTGEgcGxhdGFmb3JtYSBnZW5lcmEgZWwgZG9jdW1lbnRvIGZpbmFsLCBsaXN0byBwYXJhIHNlciBwcmVzZW50YWRvIGEgbG9zIG1pZW1icm9zIGRlIGxhIGFzb2NpYWNpw7NuIG8gYSBsb3Mgb3JnYW5pc21vcyBmaW5hbmNpYWRvcmVzLmRyb3BDYXBpbm5lckJsb2Nrc2NsaWVudElkaXNWYWxpZG9yaWdpbmFsQ29udGVudG5hbWVhdHRyaWJ1dGVzY29udGVudFBhcmEgZ2VuZXJhciBlbCBlc3RhZG8gZGUgcmVzdWx0YWRvcywgdXRpbGl6YSBlbCBib3TDs24gPHN0cm9uZz5Fc3RhZG8gZGUgUmVzdWx0YWRvczwvc3Ryb25nPiBlbiBsYSBww6FnaW5hIEZpbmFuemFzL0FuYWzDrXRpY2EuZHJvcENhcGNsYXNzTmFtZWJhY2tncm91bmRDb2xvcmlubmVyQmxvY2tzY2xpZW50SWRpc1ZhbGlkb3JpZ2luYWxDb250ZW50bmFtZWF0dHJpYnV0ZXNoZWlnaHRpbm5lckJsb2Nrc2NsaWVudElkaXNWYWxpZG9yaWdpbmFsQ29udGVudG5hbWVhdHRyaWJ1dGVzdXJsYWx0Y2FwdGlvbmlkc2l6ZVNsdWdsaW5rRGVzdGluYXRpb25hbGlnbmlubmVyQmxvY2tzY2xpZW50SWRpc1ZhbGlkb3JpZ2luYWxDb250ZW50bmFtZWF0dHJpYnV0ZXNoZWlnaHRpbm5lckJsb2Nrc2NsaWVudElkaXNWYWxpZG9yaWdpbmFsQ29udGVudG5hbWVhdHRyaWJ1dGVzY29udGVudFBhcmEgc2FiZXIgbcOhcyBzb2JyZSBsYSBnZXN0acOzbiBmaW5hbmNpZXJhZHJvcENhcGlubmVyQmxvY2tzY2xpZW50SWRpc1ZhbGlkb3JpZ2luYWxDb250ZW50bmFtZWF0dHJpYnV0ZXNwYXJlbnRQYWdlSURpc05lc3RlZGlubmVyQmxvY2tzc3RhdGVzYXZlZEF0c3RhdGVzYXZlZEJ5Y2xpZW50SWRpc1ZhbGlkbmFtZWF0dHJpYnV0ZXNjb250ZW50ZHJvcENhcGlubmVyQmxvY2tzb3JpZ2luYWxDb250ZW50VW4gPHN0cm9uZz5iYWxhbmNlIGdlbmVyYWw8L3N0cm9uZz4gZXMgdW4gZG9jdW1lbnRvIGVzZW5jaWFsIHF1ZSBwcm9wb3JjaW9uYSB1bmEgaW5zdGFudMOhbmVhIGRlIGxhIHNhbHVkIGZpbmFuY2llcmEgZGUgbGEgYXNvY2lhY2nDs24gZW4gdW4gbW9tZW50byBkYWRvLiBFeHBvbmUgbG9zIGFjdGl2b3MgKGxvIHF1ZSBwb3NlZSBsYSBhc29jaWFjacOzbikgeSBsb3MgcGFzaXZvcyAobG8gcXVlIGRlYmUpOnByZXRleHRmb3JtYXRsaW5rcmV2ZXJzZU9yZGVyaGlkZW9uSG9tZWlnbm9yZUNhY2hldGV4dENvbG9yYmFja2dyb3VuZENvbG9yYWxpZ250eXBvZ3JhcGh5Zm9udFNpemVzdHlsZWNsaWVudElkaXNWYWxpZG9yaWdpbmFsQ29udGVudG5hbWVhdHRyaWJ1dGVzaGVpZ2h0aW5uZXJCbG9ja3NiY24vYnJlYWRjcnVtYi10cmFpbCAvLS0+Cgo8IS0tIHc6c3BjZSB7ImhlaWdodCI6IjMwcHgifSAtLT4KPGRpdiBzdHlsZT0iaGVpZ2h0OjMwcHgiIHJpYS1oaWRkZW49InRydWUiIGNsYXNzPSJ3cC1ibG9jay1zcGFjZXIiPjwvZGl2Pgo8IS0tIC93cDpzcGFjZXIgLS0+Cgo8IS0tIHdwOnBhcmEFBwgECAQIBggFHggHCEECvTYIBwgGCA4IDggLSAEECQgGCAcPBAoHpQMHCwgHDwQKBw8FCwgHDwQKBwYLCAcPBAoHhgELCAcPBAoHOAsIBw8ECgeBBwcLCAcPBAoHswEHCQ8LCAcPBAoGCwgHDwQKBxQFCwgHDwQKB54GBwsIBw8ECge0AwcLCAcPBAoHvQEHCQ8LCAcPBAoGCwgHDwQKQwAHAggPBQsIBw8ECgYLCAcPBAoHKgcLCAcPBAoMCAsFBwUHCAcECkcACw+lAwcGBAwKCwkPBQoIBQgHDwQKBgshAwIwkgEUAQQAAAEAAAABBgAAAQAAmAEBAQBKQgEBAEEAAgBBAAIAQQAAQQACAEEAAgBBAAIAQQACAEEAAEEAAgBBAAIAQQACAEEAAgBBAABBAAIAQQAAQQACAEEAAEEAAgBBAAADQYMBAegBAH0BdxMyMDI0LTA5LTMwVDEyOjE4OjIwdx5iYWxhbmNlLXktY3VlbnRhLWRlLXJlc3VsdGFkb3N3B3B1Ymxpc2h9AX0AdwZjbG9zZWR3BmNsb3NlZHcAdwB3JGIyZWE2NDc4LTA5NTMtNDg1Zi04NTYzLWQyODEwMGUwYzc3ZXh37wE8cD5VbiA8c3Ryb25nPmJhbGFuY2UgZ2VuZXJhbDwvc3Ryb25nPiBlcyB1biBkb2N1bWVudG8gZXNlbmNpYWwgcXVlIHByb3BvcmNpb25hIHVuYSBpbnN0YW50w6FuZWEgZGUgbGEgc2FsdWQgZmluYW5jaWVyYSBkZSBsYSBhc29jaWFjacOzbiBlbiB1biBtb21lbnRvIGRhZG8uIEV4cG9uZSBsb3MgYWN0aXZvcyAobG8gcXVlIHBvc2VlIGxhIGFzb2NpYWNpw7NuKSB5IGxvcyBwYXNpdm9zIChsbyBxdWUgZGViZSk6PC9wPncOY29yZS9wYXJhZ3JhcGh5dyQyMjBkMjBlMi1kNGUxLTQwOTUtODliZS05OWE5OTBiYTdhMWR4dzE8aDMgY2xhc3M9IndwLWJsb2NrLWhlYWRpbmciPkJhbGFuY2UgR2VuZXJhbDwvaDM+dwxjb3JlL2hlYWRpbmd9A3ckOTBlOWZlNDgtMmY4Zi00MmJmLTkxNjAtZWM5ZWI3N2Q1ZGFheHchPHVsIGNsYXNzPSJ3cC1ibG9jay1saXN0Ij4KCjwvdWw+dwljb3JlL2xpc3R5dwB3JDZiZDhiNTNjLTVmY2MtNDc0Yi1hNTVkLTE4Y2MyNGEyNDQwZHh3TzxsaT48c3Ryb25nPkFjdGl2b3M8L3N0cm9uZz46IGVmZWN0aXZvLCBhY3Rpdm9zIGZpam9zLCBjdWVudGFzIHBvciBjb2JyYXIuPC9saT53DmNvcmUvbGlzdC1pdGVtdyQxYWUwNDU5NC1iMmU0LTQ0ZTItOTE0MS01MTE4MDRkNjNlNDV4d0E8bGk+PHN0cm9uZz5QYXNpdm9zPC9zdHJvbmc+OiBkZXVkYXMsIG9ibGlnYWNpb25lcywgY2FwaXRhbC48L2xpPncOY29yZS9saXN0LWl0ZW13JDc1MjBiOGExLTU1MjktNGEyMS1hM2QyLTE0MDkwNTMwYjgyNHh3zQM8cD5Db24gS2FuYW5hcywgZ2VuZXJhciBlc3RlIGRvY3VtZW50byB0b21hIHNvbG8gdW5vcyBwb2NvcyBjbGljcy4gTGEgcGxhdGFmb3JtYSBhZ3J1cGEgdG9kb3MgbG9zIGRhdG9zIGZpbmFuY2llcm9zIGluZ3Jlc2Fkb3MgZHVyYW50ZSBlbCBhw7FvIHBhcmEgcHJvcG9yY2lvbmFyIHVuIGJhbGFuY2UgZ2VuZXJhbCBjb21wbGV0byB5IGRldGFsbGFkby4gTG9zIGzDrWRlcmVzIGRlIGxhIGFzb2NpYWNpw7NuIHlhIG5vIG5lY2VzaXRhbiBtYW5lamFyIGhvamFzIGRlIGPDoWxjdWxvIGNvbXBsZWphcyBuaSBkZXBlbmRlciBkZSBzb2Z0d2FyZSBjb250YWJsZSBleHRlcm5vLiBFbCBiYWxhbmNlIHNlIGFjdHVhbGl6YSBlbiB0aWVtcG8gcmVhbCwgYXNlZ3VyYW5kbyB1bmEgdHJhbnNwYXJlbmNpYSB0b3RhbCBwYXJhIGxhIGFzYW1ibGVhIGdlbmVyYWwgbyBsYXMgYXVkaXRvcsOtYXMgZmluYW5jaWVyYXMuPC9wPncOY29yZS9wYXJhZ3JhcGh5dyQ0N2U3NTM4NS04NmU2LTRkMzMtYWU5My04ZWZiOTAyNDY4MDd4d7cBPHAgY2xhc3M9InJvdW5kRGl2IGhhcy1iYXNlLWJhY2tncm91bmQtY29sb3IgaGFzLWJhY2tncm91bmQiPlBhcmEgZ2VuZXJhciBlbCBiYWxhbmNlIGdlbmVyYWwsIHV0aWxpemEgZWwgYm90w7NuIDxzdHJvbmc+QmFsYW5jZSBHZW5lcmFsPC9zdHJvbmc+IGVuIGxhIHDDoWdpbmEgRmluYW56YXMvQW5hbMOtdGljYS48L3A+dw5jb3JlL3BhcmFncmFwaHl3CHJvdW5kRGl2dwRiYXNldyQ5N2ZjNTIyNS0yNDVhLTQwZDUtYWFkOC04YjE4NjI5OTAyYzd4d0o8ZGl2IHN0eWxlPSJoZWlnaHQ6MjBweCIgYXJpYS1oaWRkZW49InRydWUiIGNsYXNzPSJ3cC1ibG9jay1zcGFjZXIiPjwvZGl2PncLY29yZS9zcGFjZXJ3BDIwcHh3JDc2YWIyY2I2LTBhZjItNGZkNC04ZjExLTAzMzM0NmMyOWU5YXh3NjxoMyBjbGFzcz0id3AtYmxvY2staGVhZGluZyI+RXN0YWRvIGRlIFJlc3VsdGFkb3M8L2gzPncMY29yZS9oZWFkaW5nfQN3JGZjMzczYTUxLTQxNmYtNGZmZC1hN2YzLTA1MTllZTJkZTBjOHh3rwM8cD5FbCBlc3RhZG8gZGUgcmVzdWx0YWRvcyBlcyBvdHJvIGRvY3VtZW50byBlc2VuY2lhbCBwYXJhIGN1YWxxdWllciBhc29jaWFjacOzbi4gQSBkaWZlcmVuY2lhIGRlbCBiYWxhbmNlLCBubyBwcmVzZW50YSB1bmEgcG9zaWNpw7NuIGZpbmFuY2llcmEgZW4gdW4gbW9tZW50byBlc3BlY8OtZmljbywgc2lubyBkdXJhbnRlIHVuIHBlcsOtb2RvIGRlZmluaWRvIChnZW5lcmFsbWVudGUgdW4gYcOxbykuIE1pZGUgZWwgcmVuZGltaWVudG8gZmluYW5jaWVybyBkZSBsYSBhc29jaWFjacOzbiBhbCBsaXN0YXIgbG9zIGluZ3Jlc29zIChyZWN1cnNvcykgeSBsb3MgZ2FzdG9zLiBFbCBzYWxkbyBmaW5hbCBpbmRpY2Egc2kgbGEgYXNvY2lhY2nDs24gaGEgb2J0ZW5pZG8gdW4gc3VwZXLDoXZpdCBvIHVuIGTDqWZpY2l0IGR1cmFudGUgZWwgcGVyw61vZG8uPC9wPncOY29yZS9wYXJhZ3JhcGh5dyQ4NmFjMmY4MC05NjA0LTQyZjMtOGQ2Ny01NDNjOTBmMmE1MWV4d\/0BPHA+Q29uIDxzdHJvbmc+S2FuYW5hczwvc3Ryb25nPiwgbGEgY3JlYWNpw7NuIGRlbCBlc3RhZG8gZGUgcmVzdWx0YWRvcyBlcyB0YW4gc2VuY2lsbGEgY29tbyBsYSBkZWwgYmFsYW5jZSBnZW5lcmFsLiBMYSBwbGF0YWZvcm1hIGdlbmVyYSBlbCBkb2N1bWVudG8gZmluYWwsIGxpc3RvIHBhcmEgc2VyIHByZXNlbnRhZG8gYSBsb3MgbWllbWJyb3MgZGUgbGEgYXNvY2lhY2nDs24gbyBhIGxvcyBvcmdhbmlzbW9zIGZpbmFuY2lhZG9yZXMuPC9wPncOY29yZS9wYXJhZ3JhcGh5dyRhZjBhYjY2ZC1jZWJmLTRmMDgtYWU0MC1lZGU1M2UzZWIzNzJ4d8EBPHAgY2xhc3M9InJvdW5kRGl2IGhhcy1iYXNlLWJhY2tncm91bmQtY29sb3IgaGFzLWJhY2tncm91bmQiPlBhcmEgZ2VuZXJhciBlbCBlc3RhZG8gZGUgcmVzdWx0YWRvcywgdXRpbGl6YSBlbCBib3TDs24gPHN0cm9uZz5Fc3RhZG8gZGUgUmVzdWx0YWRvczwvc3Ryb25nPiBlbiBsYSBww6FnaW5hIEZpbmFuemFzL0FuYWzDrXRpY2EuPC9wPncOY29yZS9wYXJhZ3JhcGh5dwhyb3VuZERpdncEYmFzZXckOTZiMTFlNmYtMmVmNy00N2NkLTg4ZDAtNDEyOTY0NjNhYjgyeHdKPGRpdiBzdHlsZT0iaGVpZ2h0OjMwcHgiIGFyaWEtaGlkZGVuPSJ0cnVlIiBjbGFzcz0id3AtYmxvY2stc3BhY2VyIj48L2Rpdj53C2NvcmUvc3BhY2VydwQzMHB4dyQ3NmIzZTIyNS0xYmQ2LTRmNDUtODUzYy0yOWExNjUwOTI5MTR4d\/UBPGZpZ3VyZSBjbGFzcz0id3AtYmxvY2staW1hZ2UgYWxpZ25jZW50ZXIgc2l6ZS1sYXJnZSI+PGltZyBzcmM9Imh0dHA6Ly93d3cua2FuYW5hcy5jb20vZXMvd3AtY29udGVudC91cGxvYWRzL3NpdGVzLzIxNDMvMjAyNC8wNy9TY3JlZW5zaG90LTIwMjQtMDctMjktYXQtMTUtNTMtMzctU09BLWNsdWItRmluYW56YXMtXy1BbmFsaXRpY28tMTAyNHg2NzMucG5nIiBhbHQ9IiIgY2xhc3M9IndwLWltYWdlLTU0ODAiLz48L2ZpZ3VyZT53CmNvcmUvaW1hZ2V3jAFodHRwOi8vd3d3LmthbmFuYXMuY29tL2VzL3dwLWNvbnRlbnQvdXBsb2Fkcy9zaXRlcy8yMTQzLzIwMjQvMDcvU2NyZWVuc2hvdC0yMDI0LTA3LTI5LWF0LTE1LTUzLTM3LVNPQS1jbHViLUZpbmFuemFzLV8tQW5hbGl0aWNvLTEwMjR4NjczLnBuZ3cAfahVdwVsYXJnZXcEbm9uZXcGY2VudGVydyRhNDY5MWM2OS04YTVkLTQzMmYtODE4MS1hMGYzMTdlYzU0ODF4d0o8ZGl2IHN0eWxlPSJoZWlnaHQ6MjBweCIgYXJpYS1oaWRkZW49InRydWUiIGNsYXNzPSJ3cC1ibG9jay1zcGFjZXIiPjwvZGl2PncLY29yZS9zcGFjZXJ3BDIwcHh3JDQ0MzVkMWM4LWIwNzQtNGU0NC1iOTAxLWIwMzNlMGM5OGE2Mnh3MzxwPlBhcmEgc2FiZXIgbcOhcyBzb2JyZSBsYSBnZXN0acOzbiBmaW5hbmNpZXJhPC9wPncOY29yZS9wYXJhZ3JhcGh5dyRjOWYxYWQ5NC0xZWE3LTQ3YjUtYTE5Mi0wZWE3YTdlOGU0MjR4dwB3DmNvcmUvcGFnZS1saXN0fYFMeXtCeeF9jZFQAHtB7G2MAKAAAHckNTczYTk0NjQtZGIzMC00ZmY4LTk5NzgtZTZhNDUwZjdmYWQxeHcOY29yZS9wYXJhZ3JhcGh5dyQ1NzNhOTQ2NC1kYjMwLTRmZjgtOTk3OC1lNmE0NTBmN2ZhZDF3JDVmOGUzZDA4LTFhY2YtNDU3YS1iMTVhLTc5MzFlNmQzYWYyNHfvATxwPlVuIDxzdHJvbmc+YmFsYW5jZSBnZW5lcmFsPC9zdHJvbmc+IGVzIHVuIGRvY3VtZW50byBlc2VuY2lhbCBxdWUgcHJvcG9yY2lvbmEgdW5hIGluc3RhbnTDoW5lYSBkZSBsYSBzYWx1ZCBmaW5hbmNpZXJhIGRlIGxhIGFzb2NpYWNpw7NuIGVuIHVuIG1vbWVudG8gZGFkby4gRXhwb25lIGxvcyBhY3Rpdm9zIChsbyBxdWUgcG9zZWUgbGEgYXNvY2lhY2nDs24pIHkgbG9zIHBhc2l2b3MgKGxvIHF1ZSBkZWJlKTo8L3A+dyRmYzhkNzJlOC05NTI4LTQyNzgtOWU4Zi03NTVlN2VmZjliNzV3AHcUYmNuL2JyZWFkY3J1bWItdHJhaWx3AHcTYnJlYWRjcnVtYmxpc3RfcmRmYXh5eXh3AHcAdwB3AHcAdQB3JDlmZGFlY2YzLTY5NDMtNDc5YS1iMzA5LTliMTdiMzEwNTU1N3h3SjxkaXYgc3R5bGU9ImhlaWdodDozMHB4IiBhcmlhLWhpZGRlbj0idHJ1ZSIgY2xhc3M9IndwLWJsb2NrLXNwYWNlciI+PC9kaXY+dwtjb3JlL3NwYWNlcncEMzBweAGFwLGbDgX3GwABAQHmAaYNAAYA\",\"updateId\":24101837}","footnotes":""},"class_list":["post-5777","page","type-page","status-publish"],"aioseo_notices":[],"_links":{"self":[{"href":"https:\/\/www.kananas.com\/es\/wp-json\/wp\/v2\/pages\/5777","targetHints":{"allow":["GET"]}}],"collection":[{"href":"https:\/\/www.kananas.com\/es\/wp-json\/wp\/v2\/pages"}],"about":[{"href":"https:\/\/www.kananas.com\/es\/wp-json\/wp\/v2\/types\/page"}],"author":[{"embeddable":true,"href":"https:\/\/www.kananas.com\/es\/wp-json\/wp\/v2\/users\/1"}],"replies":[{"embeddable":true,"href":"https:\/\/www.kananas.com\/es\/wp-json\/wp\/v2\/comments?post=5777"}],"version-history":[{"count":3,"href":"https:\/\/www.kananas.com\/es\/wp-json\/wp\/v2\/pages\/5777\/revisions"}],"predecessor-version":[{"id":6595,"href":"https:\/\/www.kananas.com\/es\/wp-json\/wp\/v2\/pages\/5777\/revisions\/6595"}],"up":[{"embeddable":true,"href":"https:\/\/www.kananas.com\/es\/wp-json\/wp\/v2\/pages\/4865"}],"wp:attachment":[{"href":"https:\/\/www.kananas.com\/es\/wp-json\/wp\/v2\/media?parent=5777"}],"curies":[{"name":"wp","href":"https:\/\/api.w.org\/{rel}","templated":true}]}}