{"id":5824,"date":"2025-03-04T19:55:17","date_gmt":"2025-03-04T17:55:17","guid":{"rendered":"https:\/\/www.kananas.com\/es\/?page_id=5824"},"modified":"2025-11-13T19:30:47","modified_gmt":"2025-11-13T17:30:47","slug":"association-intelligence","status":"publish","type":"page","link":"https:\/\/www.kananas.com\/es\/association-intelligence\/","title":{"rendered":"Association Intelligence"},"content":{"rendered":"\n<div class=\"wp-block-columns is-not-stacked-on-mobile is-layout-flex wp-container-core-columns-is-layout-8f761849 wp-block-columns-is-layout-flex\">\n<div class=\"wp-block-column is-layout-flow wp-block-column-is-layout-flow\">\n<div class=\"wp-block-columns has-base-3-color has-accent-background-color has-text-color has-background has-link-color wp-elements-9e97e1533ef611a051d5464fa992a5c2 is-layout-flex wp-container-core-columns-is-layout-8f761849 wp-block-columns-is-layout-flex\">\n<div class=\"wp-block-column is-layout-flow wp-block-column-is-layout-flow\" style=\"flex-basis:5%\"><\/div>\n\n\n\n<div class=\"wp-block-column padding10 is-layout-flow wp-block-column-is-layout-flow\" style=\"flex-basis:35%\">\n<div style=\"height:150px\" aria-hidden=\"true\" class=\"wp-block-spacer\"><\/div>\n\n\n\n<h1 class=\"wp-block-heading\"><strong>KAI \u2014 inteligencia artificial para las asociaciones<\/strong><\/h1>\n\n\n\n<p class=\"wp-block-paragraph\">Gracias a <strong>KAI <\/strong>, su asociaci\u00f3n cuenta con un <strong>asistente virtual inteligente integrado<\/strong> que le gu\u00eda en todos los temas: gesti\u00f3n de socios, contabilidad, comunicaci\u00f3n, obligaciones legales\u2026 Disponible directamente en la interfaz de Kananas, KAI le ofrece respuestas contextualizadas, modelos de documentos y ayuda personalizada.<\/p>\n\n\n\n<div style=\"height:100px\" aria-hidden=\"true\" class=\"wp-block-spacer\"><\/div>\n<\/div>\n\n\n\n<div class=\"wp-block-column is-layout-flow wp-block-column-is-layout-flow\" style=\"flex-basis:5%\"><\/div>\n\n\n\n<div class=\"wp-block-column is-vertically-aligned-center padding10 is-layout-flow wp-block-column-is-layout-flow\" style=\"flex-basis:50%\">\n<div style=\"height:20px\" aria-hidden=\"true\" class=\"wp-block-spacer\"><\/div>\n\n\n<div class=\"wp-block-image is-style-default\">\n<figure class=\"aligncenter size-full is-resized\"><img decoding=\"async\" src=\"https:\/\/www.kananas.com\/wp-content\/uploads\/2025\/10\/kai-kananas-association-intelligence.png\" alt=\"\" class=\"wp-image-9730\" style=\"width:auto;height:500px\"\/><\/figure>\n<\/div>\n\n\n<div style=\"height:20px\" aria-hidden=\"true\" class=\"wp-block-spacer\"><\/div>\n<\/div>\n\n\n\n<div class=\"wp-block-column is-layout-flow wp-block-column-is-layout-flow\" style=\"flex-basis:5%\"><\/div>\n<\/div>\n\n\n\n<div style=\"height:20px\" aria-hidden=\"true\" class=\"wp-block-spacer\"><\/div>\n\n\n\n<div style=\"height:50px\" aria-hidden=\"true\" class=\"wp-block-spacer\"><\/div>\n\n\n\n<div class=\"wp-block-columns padding30 is-layout-flex wp-container-core-columns-is-layout-8f761849 wp-block-columns-is-layout-flex\">\n<div class=\"wp-block-column is-layout-flow wp-block-column-is-layout-flow\">\n<h2 class=\"wp-block-heading\">\u00bfPor qu\u00e9 un asistente de IA para su asociaci\u00f3n?<\/h2>\n\n\n\n<p class=\"wp-block-paragraph\">Las asociaciones se enfrentan a cuestiones diversas: jur\u00eddicas, administrativas, contables y de comunicaci\u00f3n. KAI permite:<\/p>\n\n\n\n<ul class=\"wp-block-list\">\n<li>guiarle en la gesti\u00f3n de proyectos, asambleas generales (AG), adhesiones, etc.<\/li>\n\n\n\n<li>responder al instante a sus preguntas espec\u00edficas<\/li>\n\n\n\n<li>automatizar la redacci\u00f3n de correos, documentos y formularios<\/li>\n<\/ul>\n\n\n<div class=\"wp-block-image\">\n<figure class=\"aligncenter size-large\"><img decoding=\"async\" src=\"https:\/\/www.kananas.com\/en\/wp-content\/uploads\/sites\/2145\/2025\/11\/Screenshot-2025-11-05-at-10-23-46-Maple-Valley-Soccer-Club-Kananas-Association-Intelligence-2048x1647.png\" alt=\"\"\/><\/figure>\n<\/div>\n\n\n<div style=\"height:20px\" aria-hidden=\"true\" class=\"wp-block-spacer\"><\/div>\n\n\n\n<h2 class=\"wp-block-heading\">Funcionalidades de KAI<\/h2>\n\n\n\n<ul class=\"wp-block-list\">\n<li><strong>Chat inteligente contextual<\/strong>: haga una pregunta y reciba una respuesta adaptada<\/li>\n\n\n\n<li><strong>Redacci\u00f3n autom\u00e1tica<\/strong>: correos, convocatorias, encuestas, formularios<\/li>\n\n\n\n<li><strong>Consejos pr\u00e1cticos<\/strong>: plan contable, obligaciones legales, desarrollo de asambleas generales<\/li>\n\n\n\n<li><strong>Evoluci\u00f3n continua<\/strong>: actualizaci\u00f3n de temas, aprendizaje con sus usos<\/li>\n<\/ul>\n\n\n\n<div style=\"height:20px\" aria-hidden=\"true\" class=\"wp-block-spacer\"><\/div>\n\n\n\n<h2 class=\"wp-block-heading\">\u00bfC\u00f3mo funciona KAI?<\/h2>\n\n\n\n<p class=\"wp-block-paragraph\">Dotado de los \u00faltimos avances en inteligencia artificial, KAI es accesible directamente desde la interfaz de Kananas. Basta con formular sus preguntas en el chat para recibir respuestas adaptadas a sus necesidades, acompa\u00f1adas de consejos pr\u00e1cticos y recursos complementarios si es necesario.<\/p>\n\n\n\n<p class=\"wp-block-paragraph\">KAI tambi\u00e9n le ayudar\u00e1 a redactar sus <a href=\"https:\/\/www.kananas.com\/es\/documentation\/comunicacion\/correos-electronicos-automaticos\/\" data-type=\"page\" data-id=\"4803\">correos<\/a>, sus <a href=\"https:\/\/www.kananas.com\/documentation\/communication\/fusion-et-publipostage\/\" data-type=\"page\" data-id=\"694\">documentos<\/a> o a crear <a href=\"https:\/\/www.kananas.com\/es\/documentation\/comunicacion\/encuestas-y-votaciones\/\" data-type=\"page\" data-id=\"4776\">formularios<\/a> (encuestas, votaciones, cuestionarios).<\/p>\n\n\n\n<p class=\"wp-block-paragraph\">KAI no es un m\u00f3dulo separado: es <strong>nativo en Kananas<\/strong>. Lo utiliza sin instalaci\u00f3n.<br>Completa las funcionalidades b\u00e1sicas: socios, comunicaci\u00f3n, contabilidad, planificaci\u00f3n, y el acceso a la IA est\u00e1 incluido en la suscripci\u00f3n, sin costes adicionales.<\/p>\n\n\n<div class=\"wp-block-image\">\n<figure class=\"aligncenter size-full\"><img decoding=\"async\" src=\"https:\/\/www.kananas.com\/wp-content\/uploads\/2025\/05\/kai-access.png\" alt=\"\" class=\"wp-image-9049\"\/><figcaption class=\"wp-element-caption\">hacer una pregunta<\/figcaption><\/figure>\n<\/div>\n\n\n<div style=\"height:30px\" aria-hidden=\"true\" class=\"wp-block-spacer\"><\/div>\n\n\n<div class=\"wp-block-image\">\n<figure class=\"aligncenter size-large\"><img decoding=\"async\" src=\"https:\/\/www.kananas.com\/en\/wp-content\/uploads\/sites\/2145\/2025\/11\/Screenshot-2025-11-05-at-10-32-49-Association-Manager-2048x1483.png\" alt=\"\"\/><\/figure>\n<\/div>\n\n\n<div style=\"height:50px\" aria-hidden=\"true\" class=\"wp-block-spacer\"><\/div>\n\n\n\n<h2 class=\"wp-block-heading\">Ventajas de KAI para su asociaci\u00f3n<\/h2>\n\n\n\n<ul class=\"wp-block-list\">\n<li><strong>Ahorro de tiempo<\/strong>: obtenga respuestas instant\u00e1neas sin pasar por una b\u00fasqueda compleja y redacte m\u00e1s r\u00e1pido.<\/li>\n\n\n\n<li><strong>Fiabilidad<\/strong>: KAI se basa en informaci\u00f3n actualizada y validada para garantizar la pertinencia de sus consejos.<\/li>\n\n\n\n<li><strong>Polivalencia<\/strong>: tanto si es principiante como experto, KAI se adapta a su nivel y le gu\u00eda paso a paso.<\/li>\n<\/ul>\n\n\n\n<h3 class=\"wp-block-heading\">Una soluci\u00f3n en evoluci\u00f3n<\/h3>\n\n\n\n<p class=\"wp-block-paragraph\">Como el mundo asociativo est\u00e1 en constante cambio, KAI est\u00e1 dise\u00f1ado para evolucionar con sus necesidades. Los equipos de Kananas trabajan de forma continua para enriquecer sus competencias y cubrir cada vez m\u00e1s tem\u00e1ticas relacionadas con la vida asociativa.<\/p>\n<\/div>\n<\/div>\n<\/div>\n<\/div>\n\n\n\n<div style=\"height:100px\" aria-hidden=\"true\" class=\"wp-block-spacer\"><\/div>\n\n\n\n<div class=\"wp-block-columns ghostkit-custom-Z2fnz1p has-base-3-color has-accent-background-color has-text-color has-background has-link-color wp-elements-9de2fad11dba94444efd438df1bc0393 is-layout-flex wp-container-core-columns-is-layout-8f761849 wp-block-columns-is-layout-flex\">\n<div class=\"wp-block-column is-layout-flow wp-block-column-is-layout-flow\" style=\"flex-basis:5%\"><\/div>\n\n\n\n<div class=\"wp-block-column is-layout-flow wp-block-column-is-layout-flow\">\n<div style=\"height:100px\" aria-hidden=\"true\" class=\"wp-block-spacer\"><\/div>\n\n\n\n<div class=\"wp-block-columns is-layout-flex wp-container-core-columns-is-layout-8f761849 wp-block-columns-is-layout-flex\">\n<div class=\"wp-block-column is-layout-flow wp-block-column-is-layout-flow\" style=\"flex-basis:5%\"><\/div>\n\n\n\n<div class=\"wp-block-column is-layout-flow wp-block-column-is-layout-flow\">\n<h2 class=\"wp-block-heading\"><strong>Optimice su tiempo, impulse su asociaci\u00f3n con Kananas<\/strong><\/h2>\n\n\n\n<p class=\"wp-block-paragraph\">Reg\u00edstrese gratis en Kananas y disfrute de 30 d\u00edas de prueba sin tarjeta bancaria.<\/p>\n\n\n\n<div style=\"height:20px\" aria-hidden=\"true\" class=\"wp-block-spacer\"><\/div>\n\n\n\n<div class=\"wp-block-buttons is-content-justification-center is-layout-flex wp-container-core-buttons-is-layout-fe48e5de wp-block-buttons-is-layout-flex\">\n<div class=\"wp-block-button\"><a class=\"wp-block-button__link has-accent-color has-base-2-background-color has-text-color has-background has-link-color has-medium-font-size has-custom-font-size wp-element-button\" href=\"https:\/\/backoffice.kananas.com\/action_manager.php?event=organisation_add&amp;p=1&amp;lang=ESP\" target=\"_blank\" rel=\"noreferrer noopener\">Empezar<\/a><\/div>\n<\/div>\n<\/div>\n\n\n\n<div class=\"wp-block-column is-layout-flow wp-block-column-is-layout-flow\" style=\"flex-basis:5%\"><\/div>\n<\/div>\n\n\n\n<div style=\"height:100px\" aria-hidden=\"true\" class=\"wp-block-spacer\"><\/div>\n<\/div>\n\n\n\n<div class=\"wp-block-column is-vertically-aligned-center is-layout-flow wp-block-column-is-layout-flow\"><div class=\"wp-block-image is-style-rounded\">\n<figure class=\"aligncenter size-large is-resized\"><img decoding=\"async\" src=\"https:\/\/www.kananas.com\/wp-content\/uploads\/2024\/12\/Screenshot-2024-12-04-at-08-47-20-Free-Photo-Side-view-smiley-man-working-on-laptop-1024x683.png\" alt=\"\" class=\"wp-image-7872\" style=\"width:300px\"\/><\/figure>\n<\/div><\/div>\n\n\n\n<div class=\"wp-block-column is-layout-flow wp-block-column-is-layout-flow\" style=\"flex-basis:5%\"><\/div>\n<\/div>\n","protected":false},"excerpt":{"rendered":"<p>KAI \u2014 inteligencia artificial para las asociaciones Gracias a KAI , su asociaci\u00f3n cuenta con un asistente virtual inteligente integrado que le gu\u00eda en todos los temas: gesti\u00f3n de socios, contabilidad, comunicaci\u00f3n, obligaciones legales\u2026 Disponible directamente en la interfaz de Kananas, KAI le ofrece respuestas contextualizadas, modelos de documentos y ayuda personalizada. \u00bfPor qu\u00e9 un &#8230; <a title=\"Association Intelligence\" class=\"read-more\" href=\"https:\/\/www.kananas.com\/es\/association-intelligence\/\" aria-label=\"En savoir plus sur Association Intelligence\">Lire la suite<\/a><\/p>\n","protected":false},"author":1,"featured_media":0,"parent":0,"menu_order":0,"comment_status":"closed","ping_status":"closed","template":"","meta":{"_crdt_document":"","footnotes":""},"class_list":["post-5824","page","type-page","status-publish"],"aioseo_notices":[],"_links":{"self":[{"href":"https:\/\/www.kananas.com\/es\/wp-json\/wp\/v2\/pages\/5824","targetHints":{"allow":["GET"]}}],"collection":[{"href":"https:\/\/www.kananas.com\/es\/wp-json\/wp\/v2\/pages"}],"about":[{"href":"https:\/\/www.kananas.com\/es\/wp-json\/wp\/v2\/types\/page"}],"author":[{"embeddable":true,"href":"https:\/\/www.kananas.com\/es\/wp-json\/wp\/v2\/users\/1"}],"replies":[{"embeddable":true,"href":"https:\/\/www.kananas.com\/es\/wp-json\/wp\/v2\/comments?post=5824"}],"version-history":[{"count":3,"href":"https:\/\/www.kananas.com\/es\/wp-json\/wp\/v2\/pages\/5824\/revisions"}],"predecessor-version":[{"id":6008,"href":"https:\/\/www.kananas.com\/es\/wp-json\/wp\/v2\/pages\/5824\/revisions\/6008"}],"wp:attachment":[{"href":"https:\/\/www.kananas.com\/es\/wp-json\/wp\/v2\/media?parent=5824"}],"curies":[{"name":"wp","href":"https:\/\/api.w.org\/{rel}","templated":true}]}}