{"id":5831,"date":"2025-03-10T16:32:16","date_gmt":"2025-03-10T14:32:16","guid":{"rendered":"https:\/\/www.kananas.com\/es\/?page_id=5831"},"modified":"2025-03-10T16:33:14","modified_gmt":"2025-03-10T14:33:14","slug":"taquilla","status":"publish","type":"page","link":"https:\/\/www.kananas.com\/es\/documentation\/planificacion\/taquilla\/","title":{"rendered":"Taquilla"},"content":{"rendered":"\n<p class=\"wp-block-paragraph\">Kananas ofrece una soluci\u00f3n de ticketing ideal para sus eventos:<\/p>\n\n\n\n<ul class=\"wp-block-list\">\n<li>festival<\/li>\n\n\n\n<li>conferencia<\/li>\n\n\n\n<li>competici\u00f3n<\/li>\n\n\n\n<li>gala<\/li>\n\n\n\n<li>concierto<\/li>\n\n\n\n<li>etc. &#8230;<\/li>\n<\/ul>\n\n\n\n<p class=\"wp-block-paragraph\">Puede crear un evento y vender sus entradas en l\u00ednea. Kananas tambi\u00e9n es una herramienta de pago en l\u00ednea y una aplicaci\u00f3n para escanear las entradas, perfecta para organizar todos sus eventos asociativos.<\/p>\n\n\n\n<div style=\"height:20px\" aria-hidden=\"true\" class=\"wp-block-spacer\"><\/div>\n\n\n\n<h3 class=\"wp-block-heading\">1 &#8211; Configurar su evento<\/h3>\n\n\n\n<p class=\"wp-block-paragraph\">Ingrese la informaci\u00f3n del evento y configure su ticketing, lugar, tarifas y n\u00famero de plazas. Destaca tu evento y su ticketing con una p\u00e1gina web totalmente personalizable: texto atractivo, im\u00e1genes y un banner.<\/p>\n\n\n\n<p class=\"wp-block-paragraph\"><strong>Nota: Recuerde marcar Evento p\u00fablico<\/strong><\/p>\n\n\n\n<figure class=\"wp-block-image size-large\"><img decoding=\"async\" src=\"https:\/\/www.kananas.com\/wp-content\/uploads\/2024\/09\/Screenshot-2024-09-17-at-12-16-03-SOA-club-Planning-Gala-1024x610.png\" alt=\"\" class=\"wp-image-7430\"\/><\/figure>\n\n\n\n<div style=\"height:20px\" aria-hidden=\"true\" class=\"wp-block-spacer\"><\/div>\n\n\n\n<p class=\"roundDiv has-base-background-color has-background wp-block-paragraph\">M\u00e1s del 80% de los usuarios reservan sus entradas en su smartphone, por lo que hemos optimizado su ticketing para este uso.<\/p>\n\n\n\n<div style=\"height:20px\" aria-hidden=\"true\" class=\"wp-block-spacer\"><\/div>\n\n\n\n<h3 class=\"wp-block-heading\">2 &#8211; Vender entradas<\/h3>\n\n\n\n<p class=\"wp-block-paragraph\">El minisitio de ticketing de su evento permitir\u00e1 recoger las inscripciones y los pagos en l\u00ednea.<\/p>\n\n\n\n<figure class=\"wp-block-image size-large img-thumbnail\"><a href=\"https:\/\/www.kananas.com\/wp-content\/uploads\/2024\/04\/Screenshot-2024-04-16-at-16-12-04-Screenshot.png\"><img decoding=\"async\" src=\"https:\/\/www.kananas.com\/wp-content\/uploads\/2024\/04\/Screenshot-2024-04-16-at-16-12-04-Screenshot-1024x891.png\" alt=\"\" class=\"wp-image-6180\"\/><\/a><\/figure>\n\n\n\n<div style=\"height:20px\" aria-hidden=\"true\" class=\"wp-block-spacer\"><\/div>\n\n\n\n<p class=\"wp-block-paragraph\">El usuario podr\u00e1 elegir el n\u00famero de plazas deseadas, pagar en l\u00ednea y editar sus entradas.<\/p>\n\n\n\n<div class=\"wp-block-columns is-layout-flex wp-container-core-columns-is-layout-8f761849 wp-block-columns-is-layout-flex\">\n<div class=\"wp-block-column is-layout-flow wp-block-column-is-layout-flow\">\n<figure class=\"wp-block-image size-large img-thumbnail\"><a href=\"https:\/\/www.kananas.com\/wp-content\/uploads\/2024\/04\/Screenshot-2024-04-16-at-16-15-56-Screenshot.png\"><img decoding=\"async\" src=\"https:\/\/www.kananas.com\/wp-content\/uploads\/2024\/04\/Screenshot-2024-04-16-at-16-15-56-Screenshot-1024x864.png\" alt=\"\" class=\"wp-image-6182\"\/><\/a><\/figure>\n<\/div>\n\n\n\n<div class=\"wp-block-column is-layout-flow wp-block-column-is-layout-flow\">\n<figure class=\"wp-block-image size-large img-thumbnail\"><a href=\"https:\/\/www.kananas.com\/wp-content\/uploads\/2024\/04\/Screenshot-2024-04-16-at-16-16-11-Screenshot.png\"><img decoding=\"async\" src=\"https:\/\/www.kananas.com\/wp-content\/uploads\/2024\/04\/Screenshot-2024-04-16-at-16-16-11-Screenshot-1024x864.png\" alt=\"\" class=\"wp-image-6183\"\/><\/a><\/figure>\n<\/div>\n<\/div>\n\n\n\n<div class=\"wp-block-columns is-layout-flex wp-container-core-columns-is-layout-8f761849 wp-block-columns-is-layout-flex\">\n<div class=\"wp-block-column is-layout-flow wp-block-column-is-layout-flow\">\n<figure class=\"wp-block-image size-large img-thumbnail\"><a href=\"https:\/\/www.kananas.com\/wp-content\/uploads\/2024\/04\/Screenshot-2024-04-16-at-16-16-49-Screenshot.png\"><img decoding=\"async\" src=\"https:\/\/www.kananas.com\/wp-content\/uploads\/2024\/04\/Screenshot-2024-04-16-at-16-16-49-Screenshot-1024x864.png\" alt=\"\" class=\"wp-image-6184\"\/><\/a><\/figure>\n<\/div>\n\n\n\n<div class=\"wp-block-column is-layout-flow wp-block-column-is-layout-flow\">\n<figure class=\"wp-block-image size-large img-thumbnail\"><a href=\"https:\/\/www.kananas.com\/wp-content\/uploads\/2024\/04\/Screenshot-2024-04-16-at-16-17-33-Screenshot.png\"><img decoding=\"async\" src=\"https:\/\/www.kananas.com\/wp-content\/uploads\/2024\/04\/Screenshot-2024-04-16-at-16-17-33-Screenshot-1024x829.png\" alt=\"\" class=\"wp-image-6185\"\/><\/a><\/figure>\n<\/div>\n<\/div>\n\n\n\n<div style=\"height:20px\" aria-hidden=\"true\" class=\"wp-block-spacer\"><\/div>\n\n\n\n<h3 class=\"wp-block-heading\">3 &#8211; Control de entradas<\/h3>\n\n\n\n<p class=\"wp-block-paragraph\">Kananas proporciona una aplicaci\u00f3n para escanear los c\u00f3digos QR de las entradas y verificar su validez. Para usarla, inicie sesi\u00f3n en la aplicaci\u00f3n, vaya a la actividad y haga clic en el bot\u00f3n <strong>ESCANEAR<\/strong> (requiere conexi\u00f3n a internet).<\/p>\n\n\n\n<p class=\"wp-block-paragraph\">Ejemplo de entrada<\/p>\n\n\n\n<figure class=\"wp-block-image size-large is-resized\"><a href=\"https:\/\/www.kananas.com\/wp-content\/uploads\/2024\/04\/Screenshot-2024-04-16-at-17-50-24-document.pdf-1.png\"><img decoding=\"async\" src=\"https:\/\/www.kananas.com\/wp-content\/uploads\/2024\/04\/Screenshot-2024-04-16-at-17-50-24-document.pdf-1-1024x561.png\" alt=\"\" class=\"wp-image-6199\" style=\"width:598px;height:auto\"\/><\/a><\/figure>\n\n\n\n<p class=\"wp-block-paragraph\">Es posible gestionar varias filas de entrada al evento equipando a cada controlador con un smartphone conectado a la aplicaci\u00f3n Kananas.<\/p>\n\n\n\n<div class=\"wp-block-columns is-layout-flex wp-container-core-columns-is-layout-8f761849 wp-block-columns-is-layout-flex\">\n<div class=\"wp-block-column is-layout-flow wp-block-column-is-layout-flow\">\n<figure class=\"wp-block-image size-full\"><a href=\"https:\/\/www.kananas.com\/wp-content\/uploads\/2024\/12\/kananas-iphone-ticketing2.png\"><img decoding=\"async\" src=\"https:\/\/www.kananas.com\/wp-content\/uploads\/2024\/12\/kananas-iphone-ticketing2.png\" alt=\"\" class=\"wp-image-8032\"\/><\/a><\/figure>\n<\/div>\n\n\n\n<div class=\"wp-block-column is-layout-flow wp-block-column-is-layout-flow\">\n<figure class=\"wp-block-image size-full\"><a href=\"https:\/\/www.kananas.com\/wp-content\/uploads\/2024\/12\/kananas-iphone-ticketing1.png\"><img decoding=\"async\" src=\"https:\/\/www.kananas.com\/wp-content\/uploads\/2024\/12\/kananas-iphone-ticketing1.png\" alt=\"\" class=\"wp-image-8031\"\/><\/a><\/figure>\n<\/div>\n\n\n\n<div class=\"wp-block-column is-layout-flow wp-block-column-is-layout-flow\">\n<figure class=\"wp-block-image size-full\"><a href=\"https:\/\/www.kananas.com\/wp-content\/uploads\/2024\/12\/kananas-ticketing-3.png\"><img decoding=\"async\" src=\"https:\/\/www.kananas.com\/wp-content\/uploads\/2024\/12\/kananas-ticketing-3.png\" alt=\"\" class=\"wp-image-8038\"\/><\/a><\/figure>\n<\/div>\n<\/div>\n\n\n\n<p class=\"wp-block-paragraph\">Si la entrada no se encuentra al escanearla, la aplicaci\u00f3n ofrece buscarla y validarla en la lista de entradas.<\/p>\n\n\n\n<div style=\"height:20px\" aria-hidden=\"true\" class=\"wp-block-spacer\"><\/div>\n\n\n\n<h2 class=\"wp-block-heading\">4 &#8211; Seguimiento de ventas<\/h2>\n\n\n\n<p class=\"wp-block-paragraph\">Despu\u00e9s del pago de la entrada, se crea el archivo del comprador en Kananas. En la pesta\u00f1a <strong>participantes<\/strong> del evento, podr\u00e1 seguir tanto las ventas de entradas como el control de las mismas.<\/p>\n\n\n\n<p class=\"roundDiv has-base-background-color has-background wp-block-paragraph\">Si lo desea, puede crear entradas manualmente. Esto puede ser \u00fatil para instalar una <strong>ticketing en el lugar<\/strong> el d\u00eda del evento o crear una entrada de prueba.<\/p>\n\n\n\n<div style=\"height:20px\" aria-hidden=\"true\" class=\"wp-block-spacer\"><\/div>\n\n\n\n<h3 class=\"wp-block-heading\" id=\"para-saber-mas-sobre-la-gestion-de-eventos\">Para saber m\u00e1s sobre la gesti\u00f3n de eventos<\/h3>\n\n\n<ul class=\"wp-block-page-list\"><li class=\"wp-block-pages-list__item\"><a class=\"wp-block-pages-list__item__link\" href=\"https:\/\/www.kananas.com\/es\/documentation\/planificacion\/actividades\/\">Actividades y eventos<\/a><\/li><li class=\"wp-block-pages-list__item\"><a class=\"wp-block-pages-list__item__link\" href=\"https:\/\/www.kananas.com\/es\/documentation\/planificacion\/taquilla\/\">Taquilla<\/a><\/li><li class=\"wp-block-pages-list__item\"><a class=\"wp-block-pages-list__item__link\" href=\"https:\/\/www.kananas.com\/es\/documentation\/planificacion\/asistentes\/\">Asistentes<\/a><\/li><li class=\"wp-block-pages-list__item\"><a class=\"wp-block-pages-list__item__link\" href=\"https:\/\/www.kananas.com\/es\/documentation\/planificacion\/inscripcion-online-para-actividades\/\">Inscripci\u00f3n online para actividades<\/a><\/li><li class=\"wp-block-pages-list__item\"><a class=\"wp-block-pages-list__item__link\" href=\"https:\/\/www.kananas.com\/es\/documentation\/planificacion\/ingresos-y-gastos\/\">Ingresos y gastos<\/a><\/li><li class=\"wp-block-pages-list__item\"><a class=\"wp-block-pages-list__item__link\" href=\"https:\/\/www.kananas.com\/es\/documentation\/planificacion\/reunion-online-y-votaciones\/\">Reuni\u00f3n online y votaciones<\/a><\/li><li class=\"wp-block-pages-list__item\"><a class=\"wp-block-pages-list__item__link\" href=\"https:\/\/www.kananas.com\/es\/documentation\/planificacion\/control-de-entrada\/\">Control de entrada<\/a><\/li><\/ul>","protected":false},"excerpt":{"rendered":"<p>Kananas ofrece una soluci\u00f3n de ticketing ideal para sus eventos: Puede crear un evento y vender sus entradas en l\u00ednea. Kananas tambi\u00e9n es una herramienta de pago en l\u00ednea y una aplicaci\u00f3n para escanear las entradas, perfecta para organizar todos sus eventos asociativos. 1 &#8211; Configurar su evento Ingrese la informaci\u00f3n del evento y configure &#8230; <a title=\"Taquilla\" class=\"read-more\" href=\"https:\/\/www.kananas.com\/es\/documentation\/planificacion\/taquilla\/\" aria-label=\"En savoir plus sur Taquilla\">Lire la suite<\/a><\/p>\n","protected":false},"author":1,"featured_media":0,"parent":4876,"menu_order":0,"comment_status":"closed","ping_status":"closed","template":"","meta":{"_crdt_document":"","footnotes":""},"class_list":["post-5831","page","type-page","status-publish"],"aioseo_notices":[],"_links":{"self":[{"href":"https:\/\/www.kananas.com\/es\/wp-json\/wp\/v2\/pages\/5831","targetHints":{"allow":["GET"]}}],"collection":[{"href":"https:\/\/www.kananas.com\/es\/wp-json\/wp\/v2\/pages"}],"about":[{"href":"https:\/\/www.kananas.com\/es\/wp-json\/wp\/v2\/types\/page"}],"author":[{"embeddable":true,"href":"https:\/\/www.kananas.com\/es\/wp-json\/wp\/v2\/users\/1"}],"replies":[{"embeddable":true,"href":"https:\/\/www.kananas.com\/es\/wp-json\/wp\/v2\/comments?post=5831"}],"version-history":[{"count":3,"href":"https:\/\/www.kananas.com\/es\/wp-json\/wp\/v2\/pages\/5831\/revisions"}],"predecessor-version":[{"id":5834,"href":"https:\/\/www.kananas.com\/es\/wp-json\/wp\/v2\/pages\/5831\/revisions\/5834"}],"up":[{"embeddable":true,"href":"https:\/\/www.kananas.com\/es\/wp-json\/wp\/v2\/pages\/4876"}],"wp:attachment":[{"href":"https:\/\/www.kananas.com\/es\/wp-json\/wp\/v2\/media?parent=5831"}],"curies":[{"name":"wp","href":"https:\/\/api.w.org\/{rel}","templated":true}]}}