{"id":5945,"date":"2025-04-17T10:45:33","date_gmt":"2025-04-17T08:45:33","guid":{"rendered":"https:\/\/www.kananas.com\/es\/?page_id=5945"},"modified":"2025-11-15T18:09:51","modified_gmt":"2025-11-15T16:09:51","slug":"club-de-esqui","status":"publish","type":"page","link":"https:\/\/www.kananas.com\/es\/software\/club-de-esqui\/","title":{"rendered":"Club de esqu\u00ed"},"content":{"rendered":"\n<div class=\"wp-block-columns is-layout-flex wp-container-core-columns-is-layout-8f761849 wp-block-columns-is-layout-flex\">\n<div class=\"wp-block-column is-layout-flow wp-block-column-is-layout-flow\">\n<div class=\"wp-block-columns has-background is-layout-flex wp-container-core-columns-is-layout-8f761849 wp-block-columns-is-layout-flex\" style=\"background-color:#f6f7fd\">\n<div class=\"wp-block-column is-layout-flow wp-block-column-is-layout-flow\" style=\"flex-basis:5%\"><\/div>\n\n\n\n<div class=\"wp-block-column padding10 is-layout-flow wp-block-column-is-layout-flow\" style=\"flex-basis:35%\">\n<div style=\"height:150px\" aria-hidden=\"true\" class=\"wp-block-spacer\"><\/div>\n\n\n\n<h1 class=\"wp-block-heading\"><strong>Software CRM con inteligencia artificial para clubes de esqu\u00ed<\/strong><\/h1>\n\n\n\n<p class=\"wp-block-paragraph\">Kananas ayuda a los clubes de esqu\u00ed, estaciones y escuelas de nieve a gestionar socios, clases y eventos, con la potencia de una IA que automatiza la comunicaci\u00f3n y la administraci\u00f3n.<\/p>\n\n\n\n<p class=\"wp-block-paragraph\"><br>Nuestro asistente inteligente redacta correos, env\u00eda recordatorios y crea informes para que puedas pasar m\u00e1s tiempo en las pistas.<\/p>\n\n\n\n<div style=\"height:20px\" aria-hidden=\"true\" class=\"wp-block-spacer\"><\/div>\n\n\n\n<div class=\"wp-block-buttons alignfull ghostkit-custom-2rfJNX is-content-justification-center is-layout-flex wp-container-core-buttons-is-layout-fe48e5de wp-block-buttons-is-layout-flex\">\n<div class=\"wp-block-button\"><a class=\"wp-block-button__link has-base-3-color has-accent-background-color has-text-color has-background has-link-color has-medium-font-size has-custom-font-size wp-element-button\" href=\"https:\/\/backoffice.kananas.com\/action_manager.php?event=organisation_add&amp;p=1&amp;lang=ESP\" target=\"_blank\" rel=\"noreferrer noopener\">Comienza tu prueba gratuita de 30 d\u00edas<\/a><\/div>\n<\/div>\n\n\n\n<div style=\"height:100px\" aria-hidden=\"true\" class=\"wp-block-spacer\"><\/div>\n<\/div>\n\n\n\n<div class=\"wp-block-column is-layout-flow wp-block-column-is-layout-flow\" style=\"flex-basis:5%\"><\/div>\n\n\n\n<div class=\"wp-block-column is-vertically-aligned-center padding10 is-layout-flow wp-block-column-is-layout-flow\" style=\"flex-basis:50%\"><div class=\"wp-block-image is-style-default\">\n<figure class=\"aligncenter size-full\"><img decoding=\"async\" src=\"https:\/\/www.kananas.com\/wp-content\/uploads\/2025\/04\/club-ski-3.png\" alt=\"software de gesti\u00f3n para clubes de esqu\u00ed\" class=\"wp-image-8648\" style=\"aspect-ratio:16\/9;object-fit:cover\"\/><\/figure>\n<\/div><\/div>\n\n\n\n<div class=\"wp-block-column is-layout-flow wp-block-column-is-layout-flow\" style=\"flex-basis:5%\"><\/div>\n<\/div>\n<\/div>\n<\/div>\n\n\n\n<div style=\"height:50px\" aria-hidden=\"true\" class=\"wp-block-spacer\"><\/div>\n\n\n\n<div class=\"wp-block-columns is-not-stacked-on-mobile is-layout-flex wp-container-core-columns-is-layout-8f761849 wp-block-columns-is-layout-flex\">\n<div class=\"wp-block-column is-layout-flow wp-block-column-is-layout-flow\" style=\"flex-basis:5%\"><\/div>\n\n\n\n<div class=\"wp-block-column has-base-3-color has-text-color has-link-color wp-elements-c09f4b6bef940ab59cc6fef008ebcaaf is-layout-flow wp-block-column-is-layout-flow\">\n<div class=\"wp-block-columns is-layout-flex wp-container-core-columns-is-layout-8f761849 wp-block-columns-is-layout-flex\">\n<div class=\"wp-block-column is-layout-flow wp-block-column-is-layout-flow\" style=\"flex-basis:5%\"><\/div>\n\n\n\n<div class=\"wp-block-column is-layout-flow wp-block-column-is-layout-flow\">\n<div style=\"height:20px\" aria-hidden=\"true\" class=\"wp-block-spacer\"><\/div>\n\n\n\n<h2 class=\"wp-block-heading has-text-align-center has-accent-color has-text-color has-link-color wp-elements-cedb48008be7ecc0077163f1a61e2a2c\"><strong><strong>Probado y aprobado por m\u00e1s de 11.000 asociaciones<\/strong><\/strong><\/h2>\n<\/div>\n\n\n\n<div class=\"wp-block-column is-layout-flow wp-block-column-is-layout-flow\" style=\"flex-basis:5%\"><\/div>\n<\/div>\n<\/div>\n\n\n\n<div class=\"wp-block-column is-layout-flow wp-block-column-is-layout-flow\" style=\"flex-basis:5%\"><\/div>\n<\/div>\n\n\n\n<div style=\"height:50px\" aria-hidden=\"true\" class=\"wp-block-spacer\"><\/div>\n\n\n\n<div class=\"wp-block-columns alignfull ghostkit-custom-ZaqVp2 is-layout-flex wp-container-core-columns-is-layout-8f761849 wp-block-columns-is-layout-flex\">\n<div class=\"wp-block-column is-vertically-aligned-center is-layout-flow wp-block-column-is-layout-flow\" style=\"flex-basis:2%\"><\/div>\n\n\n\n<div class=\"wp-block-column is-vertically-aligned-center is-layout-flow wp-block-column-is-layout-flow\" style=\"flex-basis:50%\">\n<div class=\"wp-block-group\"><div class=\"wp-block-group__inner-container is-layout-constrained wp-block-group-is-layout-constrained\">\n<h2 class=\"wp-block-heading\"><strong>Ventajas de Kananas para tu club de esqu\u00ed<\/strong><\/h2>\n\n\n\n<p class=\"wp-block-paragraph\"><strong>Asistente con Inteligencia Artificial<\/strong> \u2013 Genera boletines, convocatorias y actas de entrenamiento al instante, con tono profesional y cercano.<\/p>\n\n\n\n<p class=\"wp-block-paragraph\"><strong>Gesti\u00f3n de socios y participantes<\/strong> \u2013 Automatiza altas, renovaciones, pagos y seguimiento por niveles o cursos de esqu\u00ed.<\/p>\n\n\n\n<p class=\"wp-block-paragraph\"><strong>Clases, viajes y eventos de invierno<\/strong> \u2013 Organiza campamentos, escapadas, cursos t\u00e9cnicos o competencias con inscripci\u00f3n online.<\/p>\n\n\n\n<p class=\"wp-block-paragraph\"><strong>Pagos, donaciones y patrocinios<\/strong> \u2013 Gestiona cuotas, ventas de cursos, patrocinios o socios colaboradores desde la plataforma.<\/p>\n\n\n\n<p class=\"wp-block-paragraph\"><strong>Informes y anal\u00edtica inteligente<\/strong> \u2013 Obt\u00e9n reportes autom\u00e1ticos sobre participaci\u00f3n, pagos, asistencia y resultados de aprendizaje.<\/p>\n\n\n\n<p class=\"wp-block-paragraph\"><strong>Plataforma en la nube y f\u00e1cil de usar<\/strong> \u2013 Accede desde cualquier dispositivo, sin instalaci\u00f3n ni conocimientos t\u00e9cnicos necesarios.<\/p>\n<\/div><\/div>\n<\/div>\n\n\n\n<div class=\"wp-block-column is-vertically-aligned-center padding10 is-layout-flow wp-block-column-is-layout-flow\" style=\"flex-basis:50%\"><div class=\"wp-block-image\">\n<figure class=\"aligncenter size-large\"><img decoding=\"async\" src=\"http:\/\/www.kananas.com\/es\/wp-content\/uploads\/sites\/2143\/2025\/05\/home-page-ES-rounded-grid.png\" alt=\"software de gesti\u00f3n para clubes de esqu\u00ed\" class=\"wp-image-8918\"\/><\/figure>\n<\/div><\/div>\n\n\n\n<div class=\"wp-block-column is-vertically-aligned-center is-layout-flow wp-block-column-is-layout-flow\" style=\"flex-basis:5%\"><\/div>\n<\/div>\n\n\n\n<div style=\"height:50px\" aria-hidden=\"true\" class=\"wp-block-spacer\"><\/div>\n\n\n\n<div class=\"wp-block-group has-background\" style=\"background-color:#f6f7fd\"><div class=\"wp-block-group__inner-container is-layout-constrained wp-block-group-is-layout-constrained\">\n<div class=\"wp-block-columns is-layout-flex wp-container-core-columns-is-layout-8f761849 wp-block-columns-is-layout-flex\">\n<div class=\"wp-block-column is-layout-flow wp-block-column-is-layout-flow\" style=\"flex-basis:5%\"><\/div>\n\n\n\n<div class=\"wp-block-column is-layout-flow wp-block-column-is-layout-flow\">\n<h2 class=\"wp-block-heading has-text-align-left\"><strong>Por qu\u00e9 los clubes de esqu\u00ed eligen Kananas<\/strong><\/h2>\n\n\n\n<p class=\"wp-block-paragraph\">Los clubes de esqu\u00ed eligen Kananas porque combina un CRM completo con inteligencia artificial para automatizar la gesti\u00f3n operativa y as\u00ed poder dedicar m\u00e1s tiempo al deporte.<\/p>\n\n\n\n<ul class=\"wp-block-list\">\n<li>CRM centralizado para socios, clases, viajes, pagos y comunicaci\u00f3n.<\/li>\n\n\n\n<li>Automatizaci\u00f3n con IA (recordatorios, newsletters, informes).<\/li>\n\n\n\n<li>Ahorro de tiempo y reducci\u00f3n de carga administrativa.<\/li>\n\n\n\n<li>Adaptado a Espa\u00f1a y Latinoam\u00e9rica: soporte <strong>100 % en espa\u00f1ol<\/strong>, cumplimiento RGPD y servidores seguros en la Uni\u00f3n Europea.<\/li>\n<\/ul>\n<\/div>\n\n\n\n<div class=\"wp-block-column is-layout-flow wp-block-column-is-layout-flow\" style=\"flex-basis:5%\"><\/div>\n<\/div>\n\n\n\n<div style=\"height:50px\" aria-hidden=\"true\" class=\"wp-block-spacer\"><\/div>\n\n\n\n<div class=\"wp-block-columns is-layout-flex wp-container-core-columns-is-layout-8f761849 wp-block-columns-is-layout-flex\">\n<div class=\"wp-block-column is-layout-flow wp-block-column-is-layout-flow\" style=\"flex-basis:5%\"><\/div>\n\n\n\n<div class=\"wp-block-column is-layout-flow wp-block-column-is-layout-flow\">\n<figure class=\"wp-block-image size-large is-style-default\"><img decoding=\"async\" src=\"https:\/\/www.kananas.com\/wp-content\/uploads\/2024\/12\/Screenshot-2024-12-04-at-08-44-02-Free-Photo-Front-view-woman-drawing-in-the-ipad-1024x683.png\" alt=\"management software for retirees\u2019 associations \u2013 communicate\" class=\"wp-image-7800\" style=\"aspect-ratio:3\/2;object-fit:cover\"\/><\/figure>\n\n\n\n<div style=\"height:20px\" aria-hidden=\"true\" class=\"wp-block-spacer\"><\/div>\n\n\n\n<h3 class=\"wp-block-heading\"><strong>Comunicaci\u00f3n<\/strong><\/h3>\n\n\n\n<p class=\"wp-block-paragraph\">Crea <a href=\"https:\/\/www.kananas.com\/es\/documentation\/comunicacion\/encuestas-y-votaciones\/\" title=\"Encuestas y votaciones: formularios\">formularios<\/a> para realizar encuestas, votaciones en l\u00ednea o cuestionarios. Consulta los resultados en tiempo real.<\/p>\n\n\n\n<p class=\"wp-block-paragraph\"><a href=\"https:\/\/www.kananas.com\/es\/documentation\/miembros\/afiliacion\/\" title=\"Afiliaci\u00f3n\">Membres\u00eda<\/a> en l\u00ednea con registro de datos y pago correspondiente.<\/p>\n<\/div>\n\n\n\n<div class=\"wp-block-column is-layout-flow wp-block-column-is-layout-flow\" style=\"flex-basis:3%\"><\/div>\n\n\n\n<div class=\"wp-block-column is-layout-flow wp-block-column-is-layout-flow\">\n<figure class=\"wp-block-image size-full is-style-default\"><img decoding=\"async\" src=\"https:\/\/www.kananas.com\/wp-content\/uploads\/2025\/04\/club-ski-4.png\" alt=\"software de gesti\u00f3n para clubes de esqu\u00ed \u2013 planificaci\u00f3n\" class=\"wp-image-8649\" style=\"aspect-ratio:3\/2;object-fit:cover\"\/><\/figure>\n\n\n\n<div style=\"height:20px\" aria-hidden=\"true\" class=\"wp-block-spacer\"><\/div>\n\n\n\n<h3 class=\"wp-block-heading\"><strong>Planifica<\/strong><\/h3>\n\n\n\n<p class=\"wp-block-paragraph\">Gestiona tus <a href=\"https:\/\/www.kananas.com\/es\/documentation\/planificacion\/actividades\/\" title=\"Actividades y eventos\">eventos<\/a>, programa reuniones y env\u00eda invitaciones.<\/p>\n\n\n\n<p class=\"wp-block-paragraph\">Organiza actividades y eventos sociales como visitas o viajes, y vende entradas online gracias a la <a href=\"https:\/\/www.kananas.com\/es\/documentation\/planificacion\/taquilla\/\" title=\"Taquilla\">plataforma de venta de entradas<\/a> de Kananas.<\/p>\n<\/div>\n\n\n\n<div class=\"wp-block-column is-layout-flow wp-block-column-is-layout-flow\" style=\"flex-basis:3%\"><\/div>\n\n\n\n<div class=\"wp-block-column is-layout-flow wp-block-column-is-layout-flow\">\n<figure class=\"wp-block-image size-full is-style-default\"><img decoding=\"async\" src=\"https:\/\/www.kananas.com\/wp-content\/uploads\/2024\/03\/alumni2.jpg\" alt=\"management software for retirees\u2019 associations \u2013 manage\" class=\"wp-image-6123\" style=\"aspect-ratio:3\/2;object-fit:cover\"\/><\/figure>\n\n\n\n<div style=\"height:20px\" aria-hidden=\"true\" class=\"wp-block-spacer\"><\/div>\n\n\n\n<h3 class=\"wp-block-heading\"><strong>Gesti\u00f3n<\/strong><\/h3>\n\n\n\n<p class=\"wp-block-paragraph\">Acceda a los registros de sus <a href=\"https:\/\/www.kananas.com\/es\/documentation\/miembros\/\" title=\"Miembros\">miembros<\/a> en cualquier momento y lugar.<\/p>\n\n\n\n<p class=\"wp-block-paragraph\">Todos sus <a href=\"https:\/\/www.kananas.com\/es\/documentation\/documentos\/\" title=\"Documentos\">documentos<\/a> centralizados en un entorno seguro con copias de seguridad.<\/p>\n<\/div>\n\n\n\n<div class=\"wp-block-column is-layout-flow wp-block-column-is-layout-flow\" style=\"flex-basis:5%\"><\/div>\n<\/div>\n<\/div><\/div>\n\n\n\n<div style=\"height:31px\" aria-hidden=\"true\" class=\"wp-block-spacer\"><\/div>\n\n\n\n<div class=\"wp-block-buttons alignfull ghostkit-custom-2rfJNX is-content-justification-center is-layout-flex wp-container-core-buttons-is-layout-fe48e5de wp-block-buttons-is-layout-flex\">\n<div class=\"wp-block-button\"><a class=\"wp-block-button__link has-base-3-color has-accent-background-color has-text-color has-background has-link-color has-medium-font-size has-custom-font-size wp-element-button\" href=\"https:\/\/backoffice.kananas.com\/action_manager.php?event=organisation_add&amp;p=1&amp;lang=ESP\" target=\"_blank\" rel=\"noreferrer noopener\">Comienza tu prueba gratuita de 30 d\u00edas<\/a><\/div>\n<\/div>\n\n\n\n<div style=\"height:100px\" aria-hidden=\"true\" class=\"wp-block-spacer\"><\/div>\n\n\n\n<div class=\"wp-block-columns is-layout-flex wp-container-core-columns-is-layout-8f761849 wp-block-columns-is-layout-flex\">\n<div class=\"wp-block-column is-layout-flow wp-block-column-is-layout-flow\" style=\"flex-basis:5%\"><\/div>\n\n\n\n<div class=\"wp-block-column is-layout-flow wp-block-column-is-layout-flow\">\n<h2 class=\"wp-block-heading\"><strong>Testimonio<\/strong><\/h2>\n\n\n\n<div class=\"wp-block-columns roundDiv has-base-background-color has-background is-layout-flex wp-container-core-columns-is-layout-8f761849 wp-block-columns-is-layout-flex\">\n<div class=\"wp-block-column is-vertically-aligned-center is-layout-flow wp-block-column-is-layout-flow\" style=\"flex-basis:20%\">\n<figure class=\"wp-block-image size-full padding30\"><img decoding=\"async\" src=\"https:\/\/www.kananas.com\/en\/wp-content\/uploads\/sites\/2145\/2025\/11\/ski-club-management-software.png\" alt=\"\" class=\"wp-image-6739\"\/><\/figure>\n<\/div>\n\n\n\n<div class=\"wp-block-column is-vertically-aligned-center is-layout-flow wp-block-column-is-layout-flow\">\n<div style=\"height:30px\" aria-hidden=\"true\" class=\"wp-block-spacer\"><\/div>\n\n\n\n<blockquote class=\"wp-block-quote is-layout-flow wp-block-quote-is-layout-flow\">\n<p class=\"wp-block-paragraph\">\u201cGracias a Kananas hemos digitalizado las inscripciones para los campamentos de invierno, automatizado los pagos y mejorado la comunicaci\u00f3n con nuestros socios. Ahora podemos centrarnos en la monta\u00f1a y no en el papeleo.\u201d<\/p>\n\n\n\n<p class=\"wp-block-paragraph\"><br>\u2014 Club de Esqu\u00ed \u201cAlta Nieve\u201d, Sierra Nevada<\/p>\n<\/blockquote>\n<\/div>\n\n\n\n<div class=\"wp-block-column is-vertically-aligned-center is-layout-flow wp-block-column-is-layout-flow\" style=\"flex-basis:10px\"><\/div>\n<\/div>\n\n\n\n<div style=\"height:120px\" aria-hidden=\"true\" class=\"wp-block-spacer\"><\/div>\n\n\n\n<h2 class=\"wp-block-heading\"><strong>Comparativo: Kananas frente a otras soluciones para clubes de esqu\u00ed<\/strong><\/h2>\n\n\n\n<figure class=\"wp-block-table\"><table class=\"has-fixed-layout\"><thead><tr><th>Funcionalidad \/ criterio<\/th><th>\u2705 <strong>Kananas<\/strong><\/th><th>Playoff (Clubes)<\/th><th>Clupik (Deportes de invierno)<\/th><th>SportMember<\/th><\/tr><\/thead><tbody><tr><td>CRM + base de datos de socios y participantes<\/td><td>\u2705 CRM avanzado con IA y segmentaci\u00f3n espec\u00edfica<\/td><td>\u2705 S\u00ed \u2014 gesti\u00f3n de socios, eventos, cobros<\/td><td>\u2705 S\u00ed \u2014 digitalizaci\u00f3n de inscripciones y gesti\u00f3n de grupos<\/td><td>\u2705 S\u00ed \u2014 gesti\u00f3n de miembros y equipos<\/td><\/tr><tr><td>Inteligencia Artificial &amp; automatizaci\u00f3n<\/td><td>\u2705 S\u00ed \u2014 IA integrada para comunicaciones y tareas<\/td><td>\u274c No<\/td><td>\u274c No<\/td><td>\u274c No<\/td><\/tr><tr><td>Gesti\u00f3n de clases, viajes y campamentos de esqu\u00ed<\/td><td>\u2705 S\u00ed \u2014 cursos, viajes, inscripciones online<\/td><td>\u2705 S\u00ed \u2014 clases y actividades deportivas generales<\/td><td>\u2705 S\u00ed \u2014 gesti\u00f3n de entrenamientos y grupos de invierno<\/td><td>\u2705 S\u00ed \u2014 actividades multideporte<\/td><\/tr><tr><td>Pagos, donaciones y patrocinios<\/td><td>\u2705 S\u00ed \u2014 automatizaci\u00f3n, venta online, patrocinios<\/td><td>\u2705 S\u00ed<\/td><td>\u2705 S\u00ed<\/td><td>\u2705 S\u00ed<\/td><\/tr><tr><td>Informes y anal\u00edtica inteligente<\/td><td>\u2705 S\u00ed \u2014 reportes autom\u00e1ticos con IA<\/td><td>\u26a0\ufe0f Parcial<\/td><td>\u26a0\ufe0f Parcial<\/td><td>\u2705 S\u00ed \u2014 estad\u00edsticas b\u00e1sicas<\/td><\/tr><tr><td>Soporte en espa\u00f1ol \/ Adaptado Espa\u00f1a-LatAm<\/td><td>\u2705 Soporte 100 % en espa\u00f1ol<\/td><td>\u2705 Espa\u00f1ol<\/td><td>\u2705 Espa\u00f1ol<\/td><td>\u2705 Espa\u00f1ol<\/td><\/tr><\/tbody><\/table><\/figure>\n\n\n\n<p class=\"wp-block-paragraph\"><strong>Conclusi\u00f3n :<\/strong><br>Kananas se posiciona como la soluci\u00f3n m\u00e1s completa para clubes de esqu\u00ed que desean combinar CRM, inteligencia artificial y gesti\u00f3n integral, con un enfoque claro en el mercado hispanohablante y adaptado a los deportes de invierno.<\/p>\n\n\n\n<div style=\"height:80px\" aria-hidden=\"true\" class=\"wp-block-spacer\"><\/div>\n\n\n\n<div class=\"wp-block-columns is-layout-flex wp-container-core-columns-is-layout-8f761849 wp-block-columns-is-layout-flex\">\n<div class=\"wp-block-column is-layout-flow wp-block-column-is-layout-flow\" style=\"flex-basis:5%\"><\/div>\n\n\n\n<div class=\"wp-block-column roundDiv has-base-3-color has-accent-background-color has-text-color has-background has-link-color wp-elements-84907d1fef8038a4794ab7a452f7555a is-layout-flow wp-block-column-is-layout-flow\">\n<div class=\"wp-block-columns is-layout-flex wp-container-core-columns-is-layout-8f761849 wp-block-columns-is-layout-flex\">\n<div class=\"wp-block-column is-layout-flow wp-block-column-is-layout-flow\" style=\"flex-basis:5%\"><\/div>\n\n\n\n<div class=\"wp-block-column is-layout-flow wp-block-column-is-layout-flow\">\n<div style=\"height:20px\" aria-hidden=\"true\" class=\"wp-block-spacer\"><\/div>\n\n\n\n<h2 class=\"wp-block-heading\"><strong>Resultados comprobados con Kananas<\/strong><\/h2>\n\n\n\n<p class=\"wp-block-paragraph\">En promedio, los usuarios de Kananas ahorran <strong>2 horas<\/strong> de trabajo administrativo por semana, experimentan un aumento del <strong>40 % <\/strong>en las conversiones de pagos en l\u00ednea y un incremento del <strong>35 %<\/strong> en la asistencia a eventos.<\/p>\n\n\n\n<p class=\"wp-block-paragraph\">Estas son cifras reales, proporcionadas directamente por los usuarios de Kananas.<\/p>\n<\/div>\n\n\n\n<div class=\"wp-block-column is-layout-flow wp-block-column-is-layout-flow\" style=\"flex-basis:5%\"><\/div>\n<\/div>\n<\/div>\n\n\n\n<div class=\"wp-block-column is-layout-flow wp-block-column-is-layout-flow\" style=\"flex-basis:5%\"><\/div>\n<\/div>\n\n\n\n<div style=\"height:120px\" aria-hidden=\"true\" class=\"wp-block-spacer\"><\/div>\n\n\n\n<h2 class=\"wp-block-heading\"><strong>Preguntas frecuentes sobre Kananas para clubes de esqu\u00ed<\/strong><\/h2>\n\n\n\n<p class=\"wp-block-paragraph\"><strong>\u00bfKananas es adecuado solo para clubes de esqu\u00ed alpino o tambi\u00e9n para snowboard\/invierno?<\/strong><br>Kananas se adapta tanto a clubes de esqu\u00ed alpino como a escuelas de snowboard, freed\u00e9ride o deportes de invierno relacionados.<\/p>\n\n\n\n<p class=\"wp-block-paragraph\"><strong>\u00bfQu\u00e9 tareas puede automatizar la inteligencia artificial de Kananas?<\/strong><br>Automatiza recordatorios de inscripci\u00f3n, pagos, newsletters, informes de asistencia y resultados de curso.<\/p>\n\n\n\n<p class=\"wp-block-paragraph\"><strong>\u00bfPuedo gestionar viajes, campamentos o salidas de esqu\u00ed?<\/strong><br>S\u00ed. Kananas permite organizar viajes, salidas, cursos y campamentos, gestionar inscripciones y pagos, y comunicar con participantes desde un solo panel.<\/p>\n\n\n\n<p class=\"wp-block-paragraph\"><strong>\u00bfSe necesita conocimiento t\u00e9cnico para usar la plataforma?<\/strong><br>No. Kananas est\u00e1 dise\u00f1ada para ser intuitiva y f\u00e1cil de usar desde el primer d\u00eda, sin instalaci\u00f3n ni experiencia tecnol\u00f3gica.<\/p>\n\n\n\n<p class=\"wp-block-paragraph\"><strong>\u00bfKananas ofrece soporte en espa\u00f1ol y para Am\u00e9rica Latina?<\/strong><br>S\u00ed. El soporte es 100 % en espa\u00f1ol y la soluci\u00f3n est\u00e1 adaptada tanto para Espa\u00f1a como Latinoam\u00e9rica.<\/p>\n\n\n\n<p class=\"wp-block-paragraph\"><strong>\u00bfPuedo probar Kananas gratis antes de contratarlo?<\/strong><br>S\u00ed. Ofrecemos una prueba gratuita de 30 d\u00edas, sin tarjeta de cr\u00e9dito ni compromiso.<\/p>\n<\/div>\n\n\n\n<div class=\"wp-block-column is-layout-flow wp-block-column-is-layout-flow\" style=\"flex-basis:5%\"><\/div>\n<\/div>\n\n\n\n<div class=\"wp-block-columns has-base-3-color has-accent-background-color has-text-color has-background has-link-color wp-elements-7ce69abda1125172a350b5c9b553939a is-layout-flex wp-container-core-columns-is-layout-8f761849 wp-block-columns-is-layout-flex\">\n<div class=\"wp-block-column is-layout-flow wp-block-column-is-layout-flow\" style=\"flex-basis:5%\"><\/div>\n\n\n\n<div class=\"wp-block-column is-layout-flow wp-block-column-is-layout-flow\">\n<div style=\"height:100px\" aria-hidden=\"true\" class=\"wp-block-spacer\"><\/div>\n\n\n\n<div class=\"wp-block-columns is-layout-flex wp-container-core-columns-is-layout-8f761849 wp-block-columns-is-layout-flex\">\n<div class=\"wp-block-column is-layout-flow wp-block-column-is-layout-flow\" style=\"flex-basis:5%\"><\/div>\n\n\n\n<div class=\"wp-block-column is-layout-flow wp-block-column-is-layout-flow\">\n<h2 class=\"wp-block-heading\"><strong>Optimice su tiempo, impulse su asociaci\u00f3n con Kananas<\/strong><\/h2>\n\n\n\n<p class=\"wp-block-paragraph\">Reg\u00edstrese gratis en Kananas y disfrute de 30 d\u00edas de prueba sin tarjeta bancaria.<\/p>\n\n\n\n<div style=\"height:20px\" aria-hidden=\"true\" class=\"wp-block-spacer\"><\/div>\n\n\n\n<div class=\"wp-block-buttons is-content-justification-center is-layout-flex wp-container-core-buttons-is-layout-fe48e5de wp-block-buttons-is-layout-flex\">\n<div class=\"wp-block-button\"><a class=\"wp-block-button__link has-accent-color has-base-2-background-color has-text-color has-background has-link-color has-medium-font-size has-custom-font-size wp-element-button\" href=\"https:\/\/app.kananas.com\/organisation\/add\/p\/1\/lang\/ESP\" target=\"_blank\" rel=\"noreferrer noopener\">Empezar<\/a><\/div>\n<\/div>\n<\/div>\n\n\n\n<div class=\"wp-block-column is-layout-flow wp-block-column-is-layout-flow\" style=\"flex-basis:5%\"><\/div>\n<\/div>\n\n\n\n<div style=\"height:100px\" aria-hidden=\"true\" class=\"wp-block-spacer\"><\/div>\n<\/div>\n\n\n\n<div class=\"wp-block-column is-vertically-aligned-center is-layout-flow wp-block-column-is-layout-flow\"><div class=\"wp-block-image is-style-rounded\">\n<figure class=\"aligncenter size-large is-resized\"><img decoding=\"async\" src=\"https:\/\/www.kananas.com\/wp-content\/uploads\/2024\/12\/Screenshot-2024-12-04-at-08-47-20-Free-Photo-Side-view-smiley-man-working-on-laptop-1024x683.png\" alt=\"\" class=\"wp-image-7872\" style=\"width:300px\"\/><\/figure>\n<\/div><\/div>\n\n\n\n<div class=\"wp-block-column is-layout-flow wp-block-column-is-layout-flow\" style=\"flex-basis:5%\"><\/div>\n<\/div>\n","protected":false},"excerpt":{"rendered":"<p>Software CRM con inteligencia artificial para clubes de esqu\u00ed Kananas ayuda a los clubes de esqu\u00ed, estaciones y escuelas de nieve a gestionar socios, clases y eventos, con la potencia de una IA que automatiza la comunicaci\u00f3n y la administraci\u00f3n. Nuestro asistente inteligente redacta correos, env\u00eda recordatorios y crea informes para que puedas pasar m\u00e1s &#8230; <a title=\"Club de esqu\u00ed\" class=\"read-more\" href=\"https:\/\/www.kananas.com\/es\/software\/club-de-esqui\/\" aria-label=\"En savoir plus sur Club de esqu\u00ed\">Lire la suite<\/a><\/p>\n","protected":false},"author":1,"featured_media":0,"parent":5848,"menu_order":0,"comment_status":"closed","ping_status":"closed","template":"","meta":{"_crdt_document":"","footnotes":""},"class_list":["post-5945","page","type-page","status-publish"],"aioseo_notices":[],"_links":{"self":[{"href":"https:\/\/www.kananas.com\/es\/wp-json\/wp\/v2\/pages\/5945","targetHints":{"allow":["GET"]}}],"collection":[{"href":"https:\/\/www.kananas.com\/es\/wp-json\/wp\/v2\/pages"}],"about":[{"href":"https:\/\/www.kananas.com\/es\/wp-json\/wp\/v2\/types\/page"}],"author":[{"embeddable":true,"href":"https:\/\/www.kananas.com\/es\/wp-json\/wp\/v2\/users\/1"}],"replies":[{"embeddable":true,"href":"https:\/\/www.kananas.com\/es\/wp-json\/wp\/v2\/comments?post=5945"}],"version-history":[{"count":4,"href":"https:\/\/www.kananas.com\/es\/wp-json\/wp\/v2\/pages\/5945\/revisions"}],"predecessor-version":[{"id":6114,"href":"https:\/\/www.kananas.com\/es\/wp-json\/wp\/v2\/pages\/5945\/revisions\/6114"}],"up":[{"embeddable":true,"href":"https:\/\/www.kananas.com\/es\/wp-json\/wp\/v2\/pages\/5848"}],"wp:attachment":[{"href":"https:\/\/www.kananas.com\/es\/wp-json\/wp\/v2\/media?parent=5945"}],"curies":[{"name":"wp","href":"https:\/\/api.w.org\/{rel}","templated":true}]}}