{"id":5948,"date":"2025-05-09T18:59:52","date_gmt":"2025-05-09T16:59:52","guid":{"rendered":"https:\/\/www.kananas.com\/es\/?page_id=5948"},"modified":"2025-11-17T19:10:00","modified_gmt":"2025-11-17T17:10:00","slug":"club-multideporte","status":"publish","type":"page","link":"https:\/\/www.kananas.com\/es\/software\/club-multideporte\/","title":{"rendered":"Club multideporte"},"content":{"rendered":"\n<div class=\"wp-block-columns is-layout-flex wp-container-core-columns-is-layout-8f761849 wp-block-columns-is-layout-flex\">\n<div class=\"wp-block-column is-layout-flow wp-block-column-is-layout-flow\">\n<div class=\"wp-block-columns has-background is-layout-flex wp-container-core-columns-is-layout-8f761849 wp-block-columns-is-layout-flex\" style=\"background-color:#f6f7fd\">\n<div class=\"wp-block-column is-layout-flow wp-block-column-is-layout-flow\" style=\"flex-basis:5%\"><\/div>\n\n\n\n<div class=\"wp-block-column padding10 is-layout-flow wp-block-column-is-layout-flow\" style=\"flex-basis:35%\">\n<div style=\"height:150px\" aria-hidden=\"true\" class=\"wp-block-spacer\"><\/div>\n\n\n\n<h1 class=\"wp-block-heading\"><strong>La soluci\u00f3n de gesti\u00f3n para clubes multideporte en Espa\u00f1a y Am\u00e9rica Latina<\/strong><\/h1>\n\n\n\n<p class=\"wp-block-paragraph\">Toda la gesti\u00f3n de tu club multideporte en una sola aplicaci\u00f3n. Planifica actividades, gestiona socios y secciones, comunica con eficacia y ahorra tiempo cada d\u00eda. Todo accesible desde cualquier dispositivo, en cualquier momento y lugar.<\/p>\n\n\n\n<div style=\"height:20px\" aria-hidden=\"true\" class=\"wp-block-spacer\"><\/div>\n\n\n\n<div class=\"wp-block-buttons alignfull ghostkit-custom-2rfJNX is-content-justification-center is-layout-flex wp-container-core-buttons-is-layout-fe48e5de wp-block-buttons-is-layout-flex\">\n<div class=\"wp-block-button\"><a class=\"wp-block-button__link has-base-3-color has-accent-background-color has-text-color has-background has-link-color has-medium-font-size has-custom-font-size wp-element-button\" href=\"https:\/\/backoffice.kananas.com\/action_manager.php?event=organisation_add&amp;p=1&amp;lang=ESP\" target=\"_blank\" rel=\"noreferrer noopener\">Comienza tu prueba gratuita de 30 d\u00edas<\/a><\/div>\n<\/div>\n\n\n\n<div style=\"height:100px\" aria-hidden=\"true\" class=\"wp-block-spacer\"><\/div>\n<\/div>\n\n\n\n<div class=\"wp-block-column is-layout-flow wp-block-column-is-layout-flow\" style=\"flex-basis:5%\"><\/div>\n\n\n\n<div class=\"wp-block-column is-vertically-aligned-center padding10 is-layout-flow wp-block-column-is-layout-flow\" style=\"flex-basis:50%\"><div class=\"wp-block-image is-style-default\">\n<figure class=\"aligncenter size-large\"><img decoding=\"async\" src=\"https:\/\/www.kananas.com\/wp-content\/uploads\/2025\/05\/omnisports-1024x617.png\" alt=\"software de gesti\u00f3n para clubes polideportivos\" class=\"wp-image-8742\"\/><\/figure>\n<\/div><\/div>\n\n\n\n<div class=\"wp-block-column is-layout-flow wp-block-column-is-layout-flow\" style=\"flex-basis:5%\"><\/div>\n<\/div>\n<\/div>\n<\/div>\n\n\n\n<div style=\"height:50px\" aria-hidden=\"true\" class=\"wp-block-spacer\"><\/div>\n\n\n\n<div class=\"wp-block-columns is-not-stacked-on-mobile is-layout-flex wp-container-core-columns-is-layout-8f761849 wp-block-columns-is-layout-flex\">\n<div class=\"wp-block-column is-layout-flow wp-block-column-is-layout-flow\" style=\"flex-basis:5%\"><\/div>\n\n\n\n<div class=\"wp-block-column roundDiv has-base-3-color has-base-background-color has-text-color has-background has-link-color wp-elements-8b55ff889cab89bdb5f1ceda9c5f5054 is-layout-flow wp-block-column-is-layout-flow\">\n<div class=\"wp-block-columns is-layout-flex wp-container-core-columns-is-layout-8f761849 wp-block-columns-is-layout-flex\">\n<div class=\"wp-block-column is-layout-flow wp-block-column-is-layout-flow\" style=\"flex-basis:5%\"><\/div>\n\n\n\n<div class=\"wp-block-column is-layout-flow wp-block-column-is-layout-flow\">\n<div style=\"height:20px\" aria-hidden=\"true\" class=\"wp-block-spacer\"><\/div>\n\n\n\n<h2 class=\"wp-block-heading has-text-align-center has-accent-color has-text-color has-link-color wp-elements-86ecd0bb7c3c7d7b078356318d4a5bcc\"><strong><strong>Probado y aprobado por m\u00e1s de 11.000 asociaciones<\/strong><\/strong><\/h2>\n<\/div>\n\n\n\n<div class=\"wp-block-column is-layout-flow wp-block-column-is-layout-flow\" style=\"flex-basis:5%\"><\/div>\n<\/div>\n<\/div>\n\n\n\n<div class=\"wp-block-column is-layout-flow wp-block-column-is-layout-flow\" style=\"flex-basis:5%\"><\/div>\n<\/div>\n\n\n\n<div style=\"height:80px\" aria-hidden=\"true\" class=\"wp-block-spacer\"><\/div>\n\n\n\n<div class=\"wp-block-columns alignfull ghostkit-custom-ZaqVp2 is-layout-flex wp-container-core-columns-is-layout-8f761849 wp-block-columns-is-layout-flex\">\n<div class=\"wp-block-column is-vertically-aligned-center is-layout-flow wp-block-column-is-layout-flow\" style=\"flex-basis:2%\"><\/div>\n\n\n\n<div class=\"wp-block-column is-vertically-aligned-center is-layout-flow wp-block-column-is-layout-flow\" style=\"flex-basis:50%\">\n<h2 class=\"wp-block-heading\"><strong>Funciones clave para clubes polideportivos<\/strong><\/h2>\n\n\n\n<p class=\"wp-block-paragraph\"><strong>Gesti\u00f3n de socios y familias<\/strong> : Fichas completas para monitores, jugadores, padres y voluntarios.<br>Historial multiactividad, cuotas, certificados y documentos siempre al d\u00eda.<\/p>\n\n\n\n<p class=\"wp-block-paragraph\"><strong>Secciones y planificaci\u00f3n multidisciplina<\/strong> : Crea grupos por actividad (f\u00fatbol, baloncesto, p\u00e1del, judo, yoga\u2026).<br>Reserva horarios, gestiona instalaciones y organiza equipos en minutos.<\/p>\n\n\n\n<p class=\"wp-block-paragraph\"><strong>Licencias y federaciones<\/strong> : Control total de licencias y documentaci\u00f3n federativa.<br>Alertas autom\u00e1ticas y gesti\u00f3n multisecci\u00f3n en una sola pantalla.<\/p>\n\n\n\n<p class=\"wp-block-paragraph\"><strong>Eventos y venta de entradas integrada<\/strong> : Crea torneos, campus y eventos multideporte al instante.<br>Inscripciones online, pagos digitales, c\u00f3digos QR y listas de participantes.<\/p>\n\n\n\n<p class=\"wp-block-paragraph\"><strong>CRM y comunicaci\u00f3n segmentada<\/strong> : Segmenta por actividad, secci\u00f3n, nivel o edad.<br>Env\u00eda emails, SMS, notificaciones y recordatorios autom\u00e1ticos.<\/p>\n\n\n\n<p class=\"wp-block-paragraph\"><strong>Contabilidad y finanzas<\/strong> : Gestiona ingresos y gastos por secci\u00f3n con total claridad.<br>Informes, exportaciones y control financiero en tiempo real.<\/p>\n\n\n\n<p class=\"wp-block-paragraph\"><strong>Inteligencia artificial integrada<\/strong> : Crea formularios y mensajes en segundos.<br>Analiza datos, propone mejoras y automatiza tareas repetitivas.<\/p>\n<\/div>\n\n\n\n<div class=\"wp-block-column is-vertically-aligned-center padding10 is-layout-flow wp-block-column-is-layout-flow\" style=\"flex-basis:45%\"><div class=\"wp-block-image\">\n<figure class=\"aligncenter size-large\"><img decoding=\"async\" src=\"http:\/\/www.kananas.com\/es\/wp-content\/uploads\/sites\/2143\/2025\/05\/home-page-ES-rounded-grid.png\" alt=\"panel de control del software de gesti\u00f3n para clubes polideportivos\" class=\"wp-image-8918\"\/><\/figure>\n<\/div><\/div>\n\n\n\n<div class=\"wp-block-column is-vertically-aligned-center is-layout-flow wp-block-column-is-layout-flow\" style=\"flex-basis:5%\"><\/div>\n<\/div>\n\n\n\n<div style=\"height:50px\" aria-hidden=\"true\" class=\"wp-block-spacer\"><\/div>\n\n\n\n<div class=\"wp-block-group has-background\" style=\"background-color:#f6f7fd\"><div class=\"wp-block-group__inner-container is-layout-constrained wp-block-group-is-layout-constrained\">\n<div class=\"wp-block-columns is-layout-flex wp-container-core-columns-is-layout-8f761849 wp-block-columns-is-layout-flex\">\n<div class=\"wp-block-column is-layout-flow wp-block-column-is-layout-flow\" style=\"flex-basis:5%\"><\/div>\n\n\n\n<div class=\"wp-block-column is-layout-flow wp-block-column-is-layout-flow\">\n<h2 class=\"wp-block-heading\"><strong>Por qu\u00e9 elegir Kananas para su club multideportivo<\/strong><\/h2>\n\n\n\n<p class=\"wp-block-paragraph\">Kananas centraliza en una sola plataforma todo lo que necesita un club multideportivo: afiliaciones, gesti\u00f3n de secciones, planificaci\u00f3n de actividades, inscripciones online, venta de entradas, comunicaci\u00f3n segmentada y control financiero.<\/p>\n\n\n\n<p class=\"wp-block-paragraph\">Olv\u00eddese de usar varias herramientas. Con Kananas, todo est\u00e1 organizado, es intuitivo y evoluciona al ritmo de su club, sea cual sea el n\u00famero de disciplinas o secciones que gestione.<\/p>\n<\/div>\n\n\n\n<div class=\"wp-block-column is-layout-flow wp-block-column-is-layout-flow\" style=\"flex-basis:5%\"><\/div>\n<\/div>\n\n\n\n<div style=\"height:50px\" aria-hidden=\"true\" class=\"wp-block-spacer\"><\/div>\n\n\n\n<div class=\"wp-block-columns is-layout-flex wp-container-core-columns-is-layout-8f761849 wp-block-columns-is-layout-flex\">\n<div class=\"wp-block-column is-layout-flow wp-block-column-is-layout-flow\" style=\"flex-basis:5%\"><\/div>\n\n\n\n<div class=\"wp-block-column is-layout-flow wp-block-column-is-layout-flow\">\n<figure class=\"wp-block-image size-large is-style-default\"><img decoding=\"async\" src=\"https:\/\/www.kananas.com\/wp-content\/uploads\/2024\/12\/Screenshot-2024-12-04-at-08-44-02-Free-Photo-Front-view-woman-drawing-in-the-ipad-1024x683.png\" alt=\"management software for retirees\u2019 associations \u2013 communicate\" class=\"wp-image-7800\" style=\"aspect-ratio:3\/2;object-fit:cover\"\/><\/figure>\n\n\n\n<div style=\"height:20px\" aria-hidden=\"true\" class=\"wp-block-spacer\"><\/div>\n\n\n\n<h3 class=\"wp-block-heading\"><strong>Comunicaci\u00f3n<\/strong><\/h3>\n\n\n\n<p class=\"wp-block-paragraph\">Crea <a href=\"https:\/\/www.kananas.com\/es\/documentation\/comunicacion\/encuestas-y-votaciones\/\" title=\"Encuestas y votaciones: formularios\">formularios<\/a> para realizar encuestas, votaciones en l\u00ednea o cuestionarios. Consulta los resultados en tiempo real.<\/p>\n\n\n\n<p class=\"wp-block-paragraph\"><a href=\"https:\/\/www.kananas.com\/es\/documentation\/miembros\/afiliacion\/\" title=\"Afiliaci\u00f3n\">Membres\u00eda<\/a> en l\u00ednea con registro de datos y pago correspondiente.<\/p>\n<\/div>\n\n\n\n<div class=\"wp-block-column is-layout-flow wp-block-column-is-layout-flow\" style=\"flex-basis:3%\"><\/div>\n\n\n\n<div class=\"wp-block-column is-layout-flow wp-block-column-is-layout-flow\">\n<figure class=\"wp-block-image size-full is-style-default\"><img decoding=\"async\" src=\"https:\/\/www.kananas.com\/wp-content\/uploads\/2025\/05\/omnisports-team.png\" alt=\"software de gesti\u00f3n para clubes polideportivos - planificar\" class=\"wp-image-8744\"\/><\/figure>\n\n\n\n<div style=\"height:20px\" aria-hidden=\"true\" class=\"wp-block-spacer\"><\/div>\n\n\n\n<h3 class=\"wp-block-heading\"><strong>Planifica<\/strong><\/h3>\n\n\n\n<p class=\"wp-block-paragraph\">Gestiona tus <a href=\"https:\/\/www.kananas.com\/es\/documentation\/planificacion\/actividades\/\" title=\"Actividades y eventos\">eventos<\/a>, programa reuniones y env\u00eda invitaciones.<\/p>\n\n\n\n<p class=\"wp-block-paragraph\">Organiza actividades y eventos sociales como visitas o viajes, y vende entradas online gracias a la <a href=\"https:\/\/www.kananas.com\/es\/documentation\/planificacion\/taquilla\/\" title=\"Taquilla\">plataforma de venta de entradas<\/a> de Kananas.<\/p>\n<\/div>\n\n\n\n<div class=\"wp-block-column is-layout-flow wp-block-column-is-layout-flow\" style=\"flex-basis:3%\"><\/div>\n\n\n\n<div class=\"wp-block-column is-layout-flow wp-block-column-is-layout-flow\">\n<figure class=\"wp-block-image size-full is-style-default\"><img decoding=\"async\" src=\"https:\/\/www.kananas.com\/wp-content\/uploads\/2024\/03\/alumni2.jpg\" alt=\"management software for retirees\u2019 associations \u2013 manage\" class=\"wp-image-6123\" style=\"aspect-ratio:3\/2;object-fit:cover\"\/><\/figure>\n\n\n\n<div style=\"height:20px\" aria-hidden=\"true\" class=\"wp-block-spacer\"><\/div>\n\n\n\n<h3 class=\"wp-block-heading\"><strong>Gesti\u00f3n<\/strong><\/h3>\n\n\n\n<p class=\"wp-block-paragraph\">Acceda a los registros de sus <a href=\"https:\/\/www.kananas.com\/es\/documentation\/miembros\/\" title=\"Miembros\">miembros<\/a> en cualquier momento y lugar.<\/p>\n\n\n\n<p class=\"wp-block-paragraph\">Todos sus <a href=\"https:\/\/www.kananas.com\/es\/documentation\/documentos\/\" title=\"Documentos\">documentos<\/a> centralizados en un entorno seguro con copias de seguridad.<\/p>\n<\/div>\n\n\n\n<div class=\"wp-block-column is-layout-flow wp-block-column-is-layout-flow\" style=\"flex-basis:5%\"><\/div>\n<\/div>\n<\/div><\/div>\n\n\n\n<div style=\"height:31px\" aria-hidden=\"true\" class=\"wp-block-spacer\"><\/div>\n\n\n\n<div class=\"wp-block-buttons alignfull ghostkit-custom-2rfJNX is-content-justification-center is-layout-flex wp-container-core-buttons-is-layout-fe48e5de wp-block-buttons-is-layout-flex\">\n<div class=\"wp-block-button\"><a class=\"wp-block-button__link has-base-3-color has-accent-background-color has-text-color has-background has-link-color has-medium-font-size has-custom-font-size wp-element-button\" href=\"https:\/\/backoffice.kananas.com\/action_manager.php?event=organisation_add&amp;p=1&amp;lang=ESP\" target=\"_blank\" rel=\"noreferrer noopener\">Comienza tu prueba gratuita de 30 d\u00edas<\/a><\/div>\n<\/div>\n\n\n\n<div style=\"height:100px\" aria-hidden=\"true\" class=\"wp-block-spacer\"><\/div>\n\n\n\n<div class=\"wp-block-columns is-layout-flex wp-container-core-columns-is-layout-8f761849 wp-block-columns-is-layout-flex\">\n<div class=\"wp-block-column is-layout-flow wp-block-column-is-layout-flow\" style=\"flex-basis:5%\"><\/div>\n\n\n\n<div class=\"wp-block-column is-layout-flow wp-block-column-is-layout-flow\">\n<h2 class=\"wp-block-heading has-text-align-left ghostkit-custom-ZbwAru\" id=\"plus-de-sport-et-moins-de-gestion-grace-au-gain-de-temps-apporte-par-kananas\"><strong>Testimonio<\/strong><\/h2>\n\n\n\n<div class=\"wp-block-columns roundDiv has-base-background-color has-background is-layout-flex wp-container-core-columns-is-layout-8f761849 wp-block-columns-is-layout-flex\">\n<div class=\"wp-block-column is-vertically-aligned-center is-layout-flow wp-block-column-is-layout-flow\" style=\"flex-basis:15%\">\n<figure class=\"wp-block-image size-full padding30\"><img decoding=\"async\" src=\"https:\/\/www.kananas.com\/en\/wp-content\/uploads\/sites\/2145\/2025\/11\/pickleball-club-management-software-kananas.png\" alt=\"\" class=\"wp-image-6667\"\/><\/figure>\n<\/div>\n\n\n\n<div class=\"wp-block-column is-vertically-aligned-center is-layout-flow wp-block-column-is-layout-flow\">\n<div style=\"height:30px\" aria-hidden=\"true\" class=\"wp-block-spacer\"><\/div>\n\n\n\n<blockquote class=\"wp-block-quote is-layout-flow wp-block-quote-is-layout-flow\">\n<p class=\"wp-block-paragraph\"><em>\u201cGestionamos m\u00e1s de 900 socios y cinco secciones deportivas. Con Kananas hemos conseguido centralizar todo: inscripciones, pagos, comunicados y planificaci\u00f3n. Antes necesit\u00e1bamos tres herramientas; ahora solo una. El ahorro de tiempo es enorme y nuestros entrenadores est\u00e1n encantados.\u201d<\/em><\/p>\n\n\n\n<p class=\"wp-block-paragraph\"><br>\u2014 Club Deportivo Municipal de Valencia<\/p>\n<\/blockquote>\n<\/div>\n\n\n\n<div class=\"wp-block-column is-vertically-aligned-center is-layout-flow wp-block-column-is-layout-flow\" style=\"flex-basis:10px\"><\/div>\n<\/div>\n\n\n\n<div style=\"height:120px\" aria-hidden=\"true\" class=\"wp-block-spacer\"><\/div>\n\n\n\n<h2 class=\"wp-block-heading\"><strong>Comparativa con otras soluciones del mercado<\/strong><\/h2>\n\n\n\n<figure class=\"wp-block-table\"><table class=\"has-fixed-layout\"><thead><tr><th>Funcionalidad<\/th><th><strong>Kananas \ud83d\udfe2<\/strong><\/th><th><strong>Sportmember<\/strong><\/th><th><strong>TeamSnap<\/strong><\/th><th><strong>SportyHQ<\/strong><\/th><th><strong>ClubManager<\/strong><\/th><\/tr><\/thead><tbody><tr><td>Gesti\u00f3n de miembros<\/td><td>\ud83d\udfe2 S\u00ed<\/td><td>S\u00ed<\/td><td>S\u00ed<\/td><td>S\u00ed<\/td><td>S\u00ed<\/td><\/tr><tr><td>Multi-secci\u00f3n (club multideporte)<\/td><td>\ud83d\udfe2 S\u00ed<\/td><td>Parcial<\/td><td>No<\/td><td>Parcial<\/td><td>Parcial<\/td><\/tr><tr><td>Comunicaci\u00f3n segmentada<\/td><td>\ud83d\udfe2 S\u00ed<\/td><td>Parcial<\/td><td>S\u00ed<\/td><td>No<\/td><td>Parcial<\/td><\/tr><tr><td>Contabilidad integrada<\/td><td>\ud83d\udfe2 S\u00ed<\/td><td>No<\/td><td>No<\/td><td>No<\/td><td>Parcial<\/td><\/tr><tr><td>Pagos online<\/td><td>\ud83d\udfe2 S\u00ed<\/td><td>S\u00ed<\/td><td>S\u00ed<\/td><td>S\u00ed<\/td><td>S\u00ed<\/td><\/tr><tr><td>Cuotas automatizadas<\/td><td>\ud83d\udfe2 S\u00ed<\/td><td>No<\/td><td>No<\/td><td>No<\/td><td>Parcial<\/td><\/tr><tr><td>Taquilla \/ venta de entradas<\/td><td>\ud83d\udfe2 S\u00ed<\/td><td>Parcial<\/td><td>No<\/td><td>No<\/td><td>No<\/td><\/tr><tr><td>P\u00e1gina web \/ micrositio<\/td><td>\ud83d\udfe2 S\u00ed<\/td><td>S\u00ed<\/td><td>No<\/td><td>S\u00ed<\/td><td>Parcial<\/td><\/tr><tr><td>Inscripciones online<\/td><td>\ud83d\udfe2 S\u00ed<\/td><td>S\u00ed<\/td><td>S\u00ed<\/td><td>S\u00ed<\/td><td>S\u00ed<\/td><\/tr><tr><td>B\u00fasqueda multicriterio<\/td><td>\ud83d\udfe2 S\u00ed<\/td><td>Parcial<\/td><td>No<\/td><td>No<\/td><td>No<\/td><\/tr><tr><td>Gesti\u00f3n documental (licencias, certificados)<\/td><td>\ud83d\udfe2 S\u00ed<\/td><td>Parcial<\/td><td>No<\/td><td>Parcial<\/td><td>Parcial<\/td><\/tr><tr><td>IA integrada<\/td><td>\ud83d\udfe2 S\u00ed<\/td><td>No<\/td><td>No<\/td><td>No<\/td><td>No<\/td><\/tr><\/tbody><\/table><\/figure>\n\n\n\n<div style=\"height:120px\" aria-hidden=\"true\" class=\"wp-block-spacer\"><\/div>\n\n\n\n<h2 class=\"wp-block-heading\"><strong>FAQ \u2013 Software para clubes deportivas<\/strong><\/h2>\n\n\n\n<p class=\"wp-block-paragraph\"><strong>\u00bfKananas funciona en Espa\u00f1a y en Am\u00e9rica Latina?<\/strong><br>S\u00ed. Kananas est\u00e1 disponible para clubes multideporte de Espa\u00f1a y de toda Am\u00e9rica Latina. La plataforma se adapta a las necesidades de clubes sociales, deportivos y asociaciones hispanohablantes.<\/p>\n\n\n\n<p class=\"wp-block-paragraph\"><strong>\u00bfKananas acepta diferentes monedas y m\u00e9todos de pago?<\/strong><br>S\u00ed. Kananas permite configurar pagos en euros o monedas locales (MXN, ARS, CLP, COP, etc.) y ofrece m\u00e9todos de pago online compatibles con Espa\u00f1a y Latinoam\u00e9rica.<\/p>\n\n\n\n<p class=\"wp-block-paragraph\"><strong>\u00bfEs adecuado para clubes sociales y deportivos con varias actividades?<\/strong><br>S\u00ed. Kananas se adapta perfectamente a la estructura habitual de los clubes sociales y deportivos de Espa\u00f1a y Am\u00e9rica Latina: m\u00faltiples secciones, actividades paralelas, cuotas diferenciadas y gesti\u00f3n por responsables de \u00e1rea.<\/p>\n\n\n\n<p class=\"wp-block-paragraph\"><strong>\u00bfKananas puede gestionar un club con varias disciplinas y secciones?<\/strong><br>S\u00ed. Kananas permite crear todas las secciones que necesites (f\u00fatbol, p\u00e1del, nataci\u00f3n, gimnasia, ocio, competici\u00f3n\u2026). Puedes gestionar socios por actividad, asignar entrenadores y centralizar todos los datos en una sola plataforma.<\/p>\n\n\n\n<p class=\"wp-block-paragraph\"><strong>\u00bfSe pueden organizar eventos para varias actividades (torneos, campus, competiciones)?<\/strong><br>S\u00ed. Kananas permite crear eventos multideporte o espec\u00edficos por secci\u00f3n. Gestiona inscripciones online, pagos, venta de entradas, listas de participantes y accesos mediante c\u00f3digo QR.<\/p>\n\n\n\n<p class=\"wp-block-paragraph\"><strong>\u00bfEl software es adecuado para clubes asociativos gestionados por voluntarios?<\/strong><br>S\u00ed. Kananas est\u00e1 pensado para asociaciones y clubes deportivos gestionados por voluntarios. Facilita afiliaciones, gesti\u00f3n de miembros, comunicaci\u00f3n interna y contabilidad, sin necesidad de conocimientos t\u00e9cnicos.<\/p>\n\n\n\n<p class=\"wp-block-paragraph\"><strong>\u00bfPuedo utilizar Kananas en el m\u00f3vil durante un evento o una reuni\u00f3n de secci\u00f3n?<\/strong><br>S\u00ed. Kananas funciona perfectamente en smartphone y tableta. Entrenadores, responsables de secci\u00f3n y voluntarios pueden consultar listas, controlar accesos y gestionar inscripciones en tiempo real.<\/p>\n\n\n\n<p class=\"wp-block-paragraph\"><strong>\u00bfKananas ofrece una prueba gratuita?<\/strong><br>S\u00ed. Puedes probar Kananas gratuitamente durante 30 d\u00edas, sin tarjeta bancaria, y acceder a todas las funcionalidades antes de decidir tu suscripci\u00f3n.<\/p>\n<\/div>\n\n\n\n<div class=\"wp-block-column is-layout-flow wp-block-column-is-layout-flow\" style=\"flex-basis:5%\"><\/div>\n<\/div>\n\n\n\n<div class=\"wp-block-columns ghostkit-custom-Z2fnz1p has-base-3-color has-accent-background-color has-text-color has-background has-link-color wp-elements-9de2fad11dba94444efd438df1bc0393 is-layout-flex wp-container-core-columns-is-layout-8f761849 wp-block-columns-is-layout-flex\">\n<div class=\"wp-block-column is-layout-flow wp-block-column-is-layout-flow\" style=\"flex-basis:5%\"><\/div>\n\n\n\n<div class=\"wp-block-column is-layout-flow wp-block-column-is-layout-flow\">\n<div style=\"height:100px\" aria-hidden=\"true\" class=\"wp-block-spacer\"><\/div>\n\n\n\n<div class=\"wp-block-columns is-layout-flex wp-container-core-columns-is-layout-8f761849 wp-block-columns-is-layout-flex\">\n<div class=\"wp-block-column is-layout-flow wp-block-column-is-layout-flow\" style=\"flex-basis:5%\"><\/div>\n\n\n\n<div class=\"wp-block-column is-layout-flow wp-block-column-is-layout-flow\">\n<h2 class=\"wp-block-heading\"><strong>Optimice su tiempo, impulse su asociaci\u00f3n con Kananas<\/strong><\/h2>\n\n\n\n<p class=\"wp-block-paragraph\">Reg\u00edstrese gratis en Kananas y disfrute de 30 d\u00edas de prueba sin tarjeta bancaria.<\/p>\n\n\n\n<div style=\"height:20px\" aria-hidden=\"true\" class=\"wp-block-spacer\"><\/div>\n\n\n\n<div class=\"wp-block-buttons is-content-justification-center is-layout-flex wp-container-core-buttons-is-layout-fe48e5de wp-block-buttons-is-layout-flex\">\n<div class=\"wp-block-button\"><a class=\"wp-block-button__link has-accent-color has-base-2-background-color has-text-color has-background has-link-color has-medium-font-size has-custom-font-size wp-element-button\" href=\"https:\/\/backoffice.kananas.com\/action_manager.php?event=organisation_add&amp;p=1&amp;lang=ESP\" target=\"_blank\" rel=\"noreferrer noopener\">Empezar<\/a><\/div>\n<\/div>\n<\/div>\n\n\n\n<div class=\"wp-block-column is-layout-flow wp-block-column-is-layout-flow\" style=\"flex-basis:5%\"><\/div>\n<\/div>\n\n\n\n<div style=\"height:100px\" aria-hidden=\"true\" class=\"wp-block-spacer\"><\/div>\n<\/div>\n\n\n\n<div class=\"wp-block-column is-vertically-aligned-center is-layout-flow wp-block-column-is-layout-flow\"><div class=\"wp-block-image is-style-rounded\">\n<figure class=\"aligncenter size-large is-resized\"><img decoding=\"async\" src=\"https:\/\/www.kananas.com\/wp-content\/uploads\/2024\/12\/Screenshot-2024-12-04-at-08-47-20-Free-Photo-Side-view-smiley-man-working-on-laptop-1024x683.png\" alt=\"\" class=\"wp-image-7872\" style=\"width:300px\"\/><\/figure>\n<\/div><\/div>\n\n\n\n<div class=\"wp-block-column is-layout-flow wp-block-column-is-layout-flow\" style=\"flex-basis:5%\"><\/div>\n<\/div>\n","protected":false},"excerpt":{"rendered":"<p>La soluci\u00f3n de gesti\u00f3n para clubes multideporte en Espa\u00f1a y Am\u00e9rica Latina Toda la gesti\u00f3n de tu club multideporte en una sola aplicaci\u00f3n. Planifica actividades, gestiona socios y secciones, comunica con eficacia y ahorra tiempo cada d\u00eda. Todo accesible desde cualquier dispositivo, en cualquier momento y lugar. Funciones clave para clubes polideportivos Gesti\u00f3n de socios &#8230; <a title=\"Club multideporte\" class=\"read-more\" href=\"https:\/\/www.kananas.com\/es\/software\/club-multideporte\/\" aria-label=\"En savoir plus sur Club multideporte\">Lire la suite<\/a><\/p>\n","protected":false},"author":1,"featured_media":0,"parent":5848,"menu_order":0,"comment_status":"closed","ping_status":"closed","template":"","meta":{"_crdt_document":"","footnotes":""},"class_list":["post-5948","page","type-page","status-publish"],"aioseo_notices":[],"_links":{"self":[{"href":"https:\/\/www.kananas.com\/es\/wp-json\/wp\/v2\/pages\/5948","targetHints":{"allow":["GET"]}}],"collection":[{"href":"https:\/\/www.kananas.com\/es\/wp-json\/wp\/v2\/pages"}],"about":[{"href":"https:\/\/www.kananas.com\/es\/wp-json\/wp\/v2\/types\/page"}],"author":[{"embeddable":true,"href":"https:\/\/www.kananas.com\/es\/wp-json\/wp\/v2\/users\/1"}],"replies":[{"embeddable":true,"href":"https:\/\/www.kananas.com\/es\/wp-json\/wp\/v2\/comments?post=5948"}],"version-history":[{"count":10,"href":"https:\/\/www.kananas.com\/es\/wp-json\/wp\/v2\/pages\/5948\/revisions"}],"predecessor-version":[{"id":6172,"href":"https:\/\/www.kananas.com\/es\/wp-json\/wp\/v2\/pages\/5948\/revisions\/6172"}],"up":[{"embeddable":true,"href":"https:\/\/www.kananas.com\/es\/wp-json\/wp\/v2\/pages\/5848"}],"wp:attachment":[{"href":"https:\/\/www.kananas.com\/es\/wp-json\/wp\/v2\/media?parent=5948"}],"curies":[{"name":"wp","href":"https:\/\/api.w.org\/{rel}","templated":true}]}}