{"id":5952,"date":"2025-05-14T11:59:09","date_gmt":"2025-05-14T09:59:09","guid":{"rendered":"https:\/\/www.kananas.com\/es\/?page_id=5952"},"modified":"2025-11-15T19:20:20","modified_gmt":"2025-11-15T17:20:20","slug":"club-de-motociclismo","status":"publish","type":"page","link":"https:\/\/www.kananas.com\/es\/software\/club-de-motociclismo\/","title":{"rendered":"Club de motociclismo"},"content":{"rendered":"\n<div class=\"wp-block-columns is-layout-flex wp-container-core-columns-is-layout-8f761849 wp-block-columns-is-layout-flex\">\n<div class=\"wp-block-column is-layout-flow wp-block-column-is-layout-flow\">\n<div class=\"wp-block-columns has-background is-layout-flex wp-container-core-columns-is-layout-8f761849 wp-block-columns-is-layout-flex\" style=\"background-color:#f6f7fd\">\n<div class=\"wp-block-column is-layout-flow wp-block-column-is-layout-flow\" style=\"flex-basis:5%\"><\/div>\n\n\n\n<div class=\"wp-block-column padding10 is-layout-flow wp-block-column-is-layout-flow\" style=\"flex-basis:35%\">\n<div style=\"height:150px\" aria-hidden=\"true\" class=\"wp-block-spacer\"><\/div>\n\n\n\n<h1 class=\"wp-block-heading\"><strong>Software CRM con inteligencia artificial para clubes de motociclismo<\/strong><\/h1>\n\n\n\n<p class=\"wp-block-paragraph\">Gestiona tu motoclub, organiza rutas, eventos y membres\u00edas, y automatiza tu gesti\u00f3n con IA para centrarse en la pasi\u00f3n de las dos ruedas.<\/p>\n\n\n\n<p class=\"wp-block-paragraph\">Ahorra tiempo, mejora la comunicaci\u00f3n y fortalece tu comunidad motera.<\/p>\n\n\n\n<p class=\"wp-block-paragraph\">Kananas es la plataforma CRM todo-en-uno para <strong>clubes y motoclubs en Espa\u00f1a y Latinoam\u00e9rica<\/strong>.<\/p>\n\n\n\n<div style=\"height:20px\" aria-hidden=\"true\" class=\"wp-block-spacer\"><\/div>\n\n\n\n<div class=\"wp-block-buttons alignfull ghostkit-custom-2rfJNX is-content-justification-center is-layout-flex wp-container-core-buttons-is-layout-fe48e5de wp-block-buttons-is-layout-flex\">\n<div class=\"wp-block-button\"><a class=\"wp-block-button__link has-base-3-color has-accent-background-color has-text-color has-background has-link-color has-medium-font-size has-custom-font-size wp-element-button\" href=\"https:\/\/backoffice.kananas.com\/action_manager.php?event=organisation_add&amp;p=1&amp;lang=ESP\" target=\"_blank\" rel=\"noreferrer noopener\">Comienza tu prueba gratuita de 30 d\u00edas<\/a><\/div>\n<\/div>\n\n\n\n<div style=\"height:100px\" aria-hidden=\"true\" class=\"wp-block-spacer\"><\/div>\n<\/div>\n\n\n\n<div class=\"wp-block-column is-layout-flow wp-block-column-is-layout-flow\" style=\"flex-basis:5%\"><\/div>\n\n\n\n<div class=\"wp-block-column is-vertically-aligned-center padding10 is-layout-flow wp-block-column-is-layout-flow\" style=\"flex-basis:50%\"><div class=\"wp-block-image is-style-default\">\n<figure class=\"aligncenter size-large\"><img decoding=\"async\" src=\"https:\/\/www.kananas.com\/wp-content\/uploads\/2025\/05\/moto1-1024x573.png\" alt=\"software de gesti\u00f3n para motoclubes\" class=\"wp-image-8812\" style=\"aspect-ratio:16\/9;object-fit:cover\"\/><\/figure>\n<\/div><\/div>\n\n\n\n<div class=\"wp-block-column is-layout-flow wp-block-column-is-layout-flow\" style=\"flex-basis:5%\"><\/div>\n<\/div>\n<\/div>\n<\/div>\n\n\n\n<div style=\"height:50px\" aria-hidden=\"true\" class=\"wp-block-spacer\"><\/div>\n\n\n\n<div class=\"wp-block-columns is-not-stacked-on-mobile is-layout-flex wp-container-core-columns-is-layout-8f761849 wp-block-columns-is-layout-flex\">\n<div class=\"wp-block-column is-layout-flow wp-block-column-is-layout-flow\" style=\"flex-basis:5%\"><\/div>\n\n\n\n<div class=\"wp-block-column has-base-3-color has-text-color has-link-color wp-elements-c09f4b6bef940ab59cc6fef008ebcaaf is-layout-flow wp-block-column-is-layout-flow\">\n<div class=\"wp-block-columns is-layout-flex wp-container-core-columns-is-layout-8f761849 wp-block-columns-is-layout-flex\">\n<div class=\"wp-block-column is-layout-flow wp-block-column-is-layout-flow\" style=\"flex-basis:5%\"><\/div>\n\n\n\n<div class=\"wp-block-column is-layout-flow wp-block-column-is-layout-flow\">\n<div style=\"height:20px\" aria-hidden=\"true\" class=\"wp-block-spacer\"><\/div>\n\n\n\n<h2 class=\"wp-block-heading has-text-align-center has-accent-color has-text-color has-link-color wp-elements-cedb48008be7ecc0077163f1a61e2a2c\"><strong><strong>Probado y aprobado por m\u00e1s de 11.000 asociaciones<\/strong><\/strong><\/h2>\n<\/div>\n\n\n\n<div class=\"wp-block-column is-layout-flow wp-block-column-is-layout-flow\" style=\"flex-basis:5%\"><\/div>\n<\/div>\n<\/div>\n\n\n\n<div class=\"wp-block-column is-layout-flow wp-block-column-is-layout-flow\" style=\"flex-basis:5%\"><\/div>\n<\/div>\n\n\n\n<div style=\"height:50px\" aria-hidden=\"true\" class=\"wp-block-spacer\"><\/div>\n\n\n\n<div class=\"wp-block-columns alignfull ghostkit-custom-ZaqVp2 is-layout-flex wp-container-core-columns-is-layout-8f761849 wp-block-columns-is-layout-flex\">\n<div class=\"wp-block-column is-vertically-aligned-center is-layout-flow wp-block-column-is-layout-flow\" style=\"flex-basis:2%\"><\/div>\n\n\n\n<div class=\"wp-block-column is-vertically-aligned-center is-layout-flow wp-block-column-is-layout-flow\" style=\"flex-basis:50%\">\n<div class=\"wp-block-group\"><div class=\"wp-block-group__inner-container is-layout-constrained wp-block-group-is-layout-constrained\">\n<h2 class=\"wp-block-heading\"><strong>Ventajas para clubes de motociclismo<\/strong><\/h2>\n\n\n\n<p class=\"wp-block-paragraph\"><strong>Gesti\u00f3n de socios y miembros<\/strong> \u2013 Automatiza altas, renovaciones, pagos y seguimiento de participaci\u00f3n en salidas, rutas o eventos.<\/p>\n\n\n\n<p class=\"wp-block-paragraph\"><strong>Asistente con Inteligencia Artificial<\/strong> \u2013 Genera comunicados, newsletters o actas de ruta al instante, con tono profesional y cercano.<\/p>\n\n\n\n<p class=\"wp-block-paragraph\"><strong>Pagos, donaciones y patrocinio motero<\/strong> \u2013 Gestiona cuotas de federados, inscripciones a eventos, donaciones o patrocinios desde una plataforma unificada.<\/p>\n\n\n\n<p class=\"wp-block-paragraph\"><strong>Rutas, eventos y encuentros moteros<\/strong> \u2013 Organiza excursiones, concentraciones, tours, quedadas y gestiona inscripciones online sin complicaciones.<\/p>\n\n\n\n<p class=\"wp-block-paragraph\"><strong>Plataforma en la nube y f\u00e1cil de usar<\/strong> \u2013 Accede desde cualquier dispositivo, sin instalaci\u00f3n, sin conocimientos t\u00e9cnicos, ideal para motoclubs de todos los tama\u00f1os.<\/p>\n\n\n\n<p class=\"wp-block-paragraph\"><strong>Informes y anal\u00edtica inteligente<\/strong> \u2013 Obt\u00e9n reportes autom\u00e1ticos sobre participaci\u00f3n, pagos, rutas realizadas y crecimiento del club.<\/p>\n<\/div><\/div>\n<\/div>\n\n\n\n<div class=\"wp-block-column is-vertically-aligned-center padding10 is-layout-flow wp-block-column-is-layout-flow\" style=\"flex-basis:50%\"><div class=\"wp-block-image\">\n<figure class=\"aligncenter size-large\"><img decoding=\"async\" src=\"http:\/\/www.kananas.com\/es\/wp-content\/uploads\/sites\/2143\/2025\/05\/home-page-ES-rounded-grid.png\" alt=\"Software CRM con inteligencia artificial para clubes de motociclismo\" class=\"wp-image-8918\"\/><\/figure>\n<\/div><\/div>\n\n\n\n<div class=\"wp-block-column is-vertically-aligned-center is-layout-flow wp-block-column-is-layout-flow\" style=\"flex-basis:5%\"><\/div>\n<\/div>\n\n\n\n<div style=\"height:50px\" aria-hidden=\"true\" class=\"wp-block-spacer\"><\/div>\n\n\n\n<div class=\"wp-block-group has-background\" style=\"background-color:#f6f7fd\"><div class=\"wp-block-group__inner-container is-layout-constrained wp-block-group-is-layout-constrained\">\n<div class=\"wp-block-columns is-layout-flex wp-container-core-columns-is-layout-8f761849 wp-block-columns-is-layout-flex\">\n<div class=\"wp-block-column is-layout-flow wp-block-column-is-layout-flow\" style=\"flex-basis:5%\"><\/div>\n\n\n\n<div class=\"wp-block-column is-layout-flow wp-block-column-is-layout-flow\">\n<h2 class=\"wp-block-heading has-text-align-left\"><strong>Por qu\u00e9 los clubes de motociclismo eligen Kananas<\/strong><\/h2>\n\n\n\n<p class=\"wp-block-paragraph\">Los motoclubs eligen Kananas porque combina un CRM completo con inteligencia artificial, automatizando la gesti\u00f3n de miembros, rutas y eventos para que puedas dedicar tu tiempo a vivir la afici\u00f3n sobre dos ruedas.<\/p>\n\n\n\n<ul class=\"wp-block-list\">\n<li><strong>CRM<\/strong> centralizado para socios, rutas, eventos, pagos y comunicaci\u00f3n.<\/li>\n\n\n\n<li>Automatizaci\u00f3n v\u00eda <strong>IA<\/strong> (recordatorios, boletines, informes).<\/li>\n\n\n\n<li>Ahorro de tiempo y reducci\u00f3n de carga administrativa.<\/li>\n\n\n\n<li>Adaptaci\u00f3n al mercado hispanohablante: soporte <strong>100 % en espa\u00f1ol<\/strong>, cumplimiento RGPD, servidores seguros en UE.<\/li>\n<\/ul>\n<\/div>\n\n\n\n<div class=\"wp-block-column is-layout-flow wp-block-column-is-layout-flow\" style=\"flex-basis:5%\"><\/div>\n<\/div>\n\n\n\n<div style=\"height:50px\" aria-hidden=\"true\" class=\"wp-block-spacer\"><\/div>\n\n\n\n<div class=\"wp-block-columns is-layout-flex wp-container-core-columns-is-layout-8f761849 wp-block-columns-is-layout-flex\">\n<div class=\"wp-block-column is-layout-flow wp-block-column-is-layout-flow\" style=\"flex-basis:5%\"><\/div>\n\n\n\n<div class=\"wp-block-column is-layout-flow wp-block-column-is-layout-flow\">\n<figure class=\"wp-block-image size-large is-style-default\"><img decoding=\"async\" src=\"https:\/\/www.kananas.com\/wp-content\/uploads\/2024\/12\/Screenshot-2024-12-04-at-08-44-02-Free-Photo-Front-view-woman-drawing-in-the-ipad-1024x683.png\" alt=\"management software for retirees\u2019 associations \u2013 communicate\" class=\"wp-image-7800\" style=\"aspect-ratio:3\/2;object-fit:cover\"\/><\/figure>\n\n\n\n<div style=\"height:20px\" aria-hidden=\"true\" class=\"wp-block-spacer\"><\/div>\n\n\n\n<h3 class=\"wp-block-heading\"><strong>Comunicaci\u00f3n<\/strong><\/h3>\n\n\n\n<p class=\"wp-block-paragraph\">Crea <a href=\"https:\/\/www.kananas.com\/es\/documentation\/comunicacion\/encuestas-y-votaciones\/\" title=\"Encuestas y votaciones: formularios\">formularios<\/a> para realizar encuestas, votaciones en l\u00ednea o cuestionarios. Consulta los resultados en tiempo real.<\/p>\n\n\n\n<p class=\"wp-block-paragraph\"><a href=\"https:\/\/www.kananas.com\/es\/documentation\/miembros\/afiliacion\/\" title=\"Afiliaci\u00f3n\">Membres\u00eda<\/a> en l\u00ednea con registro de datos y pago correspondiente.<\/p>\n<\/div>\n\n\n\n<div class=\"wp-block-column is-layout-flow wp-block-column-is-layout-flow\" style=\"flex-basis:3%\"><\/div>\n\n\n\n<div class=\"wp-block-column is-layout-flow wp-block-column-is-layout-flow\">\n<figure class=\"wp-block-image size-full is-style-default\"><img decoding=\"async\" src=\"https:\/\/www.kananas.com\/wp-content\/uploads\/2025\/05\/moto2.png\" alt=\"software de gesti\u00f3n para motoclubes \u2013 planificar\" class=\"wp-image-8814\" style=\"aspect-ratio:3\/2;object-fit:cover\"\/><\/figure>\n\n\n\n<div style=\"height:20px\" aria-hidden=\"true\" class=\"wp-block-spacer\"><\/div>\n\n\n\n<h3 class=\"wp-block-heading\"><strong>Planifica<\/strong><\/h3>\n\n\n\n<p class=\"wp-block-paragraph\">Gestiona tus <a href=\"https:\/\/www.kananas.com\/es\/documentation\/planificacion\/actividades\/\" title=\"Actividades y eventos\">eventos<\/a>, programa reuniones y env\u00eda invitaciones.<\/p>\n\n\n\n<p class=\"wp-block-paragraph\">Organiza actividades y eventos sociales como visitas o viajes, y vende entradas online gracias a la <a href=\"https:\/\/www.kananas.com\/es\/documentation\/planificacion\/taquilla\/\" title=\"Taquilla\">plataforma de venta de entradas<\/a> de Kananas.<\/p>\n<\/div>\n\n\n\n<div class=\"wp-block-column is-layout-flow wp-block-column-is-layout-flow\" style=\"flex-basis:3%\"><\/div>\n\n\n\n<div class=\"wp-block-column is-layout-flow wp-block-column-is-layout-flow\">\n<figure class=\"wp-block-image size-large is-style-default\"><img decoding=\"async\" src=\"https:\/\/www.kananas.com\/wp-content\/uploads\/2024\/12\/Screenshot-2024-12-04-at-08-52-48-Free-Photo-Student-working-from-home-1024x683.png\" alt=\"software de gesti\u00f3n para motoclubes \u2013 gestionar\" class=\"wp-image-7801\" style=\"aspect-ratio:3\/2;object-fit:cover\"\/><\/figure>\n\n\n\n<div style=\"height:20px\" aria-hidden=\"true\" class=\"wp-block-spacer\"><\/div>\n\n\n\n<h3 class=\"wp-block-heading\"><strong>Gesti\u00f3n<\/strong><\/h3>\n\n\n\n<p class=\"wp-block-paragraph\">Acceda a los registros de sus <a href=\"https:\/\/www.kananas.com\/es\/documentation\/miembros\/\" title=\"Miembros\">miembros<\/a> en cualquier momento y lugar.<\/p>\n\n\n\n<p class=\"wp-block-paragraph\">Todos sus <a href=\"https:\/\/www.kananas.com\/es\/documentation\/documentos\/\" title=\"Documentos\">documentos<\/a> centralizados en un entorno seguro con copias de seguridad.<\/p>\n<\/div>\n\n\n\n<div class=\"wp-block-column is-layout-flow wp-block-column-is-layout-flow\" style=\"flex-basis:5%\"><\/div>\n<\/div>\n<\/div><\/div>\n\n\n\n<div style=\"height:30px\" aria-hidden=\"true\" class=\"wp-block-spacer\"><\/div>\n\n\n\n<div class=\"wp-block-buttons alignfull ghostkit-custom-2rfJNX is-content-justification-center is-layout-flex wp-container-core-buttons-is-layout-fe48e5de wp-block-buttons-is-layout-flex\">\n<div class=\"wp-block-button\"><a class=\"wp-block-button__link has-base-3-color has-accent-background-color has-text-color has-background has-link-color has-medium-font-size has-custom-font-size wp-element-button\" href=\"https:\/\/backoffice.kananas.com\/action_manager.php?event=organisation_add&amp;p=1&amp;lang=ESP\" target=\"_blank\" rel=\"noreferrer noopener\">Comienza tu prueba gratuita de 30 d\u00edas<\/a><\/div>\n<\/div>\n\n\n\n<div style=\"height:100px\" aria-hidden=\"true\" class=\"wp-block-spacer\"><\/div>\n\n\n\n<div class=\"wp-block-columns is-layout-flex wp-container-core-columns-is-layout-8f761849 wp-block-columns-is-layout-flex\">\n<div class=\"wp-block-column is-layout-flow wp-block-column-is-layout-flow\" style=\"flex-basis:5%\"><\/div>\n\n\n\n<div class=\"wp-block-column is-layout-flow wp-block-column-is-layout-flow\">\n<h2 class=\"wp-block-heading has-text-align-left ghostkit-custom-ZbwAru\" id=\"plus-de-sport-et-moins-de-gestion-grace-au-gain-de-temps-apporte-par-kananas\"><strong>Testimonio<\/strong><\/h2>\n\n\n\n<div class=\"wp-block-columns roundDiv has-base-background-color has-background is-layout-flex wp-container-core-columns-is-layout-8f761849 wp-block-columns-is-layout-flex\">\n<div class=\"wp-block-column is-vertically-aligned-center is-layout-flow wp-block-column-is-layout-flow\" style=\"flex-basis:20%\">\n<figure class=\"wp-block-image size-full padding30\"><img decoding=\"async\" src=\"https:\/\/www.kananas.com\/en\/wp-content\/uploads\/sites\/2145\/2025\/11\/motocycle-club-management-software.png\" alt=\"\" class=\"wp-image-6645\"\/><\/figure>\n<\/div>\n\n\n\n<div class=\"wp-block-column is-vertically-aligned-center is-layout-flow wp-block-column-is-layout-flow\">\n<div style=\"height:30px\" aria-hidden=\"true\" class=\"wp-block-spacer\"><\/div>\n\n\n\n<blockquote class=\"wp-block-quote is-layout-flow wp-block-quote-is-layout-flow\">\n<p class=\"wp-block-paragraph\">\u201cCon Kananas hemos digitalizado las rutas y quedadas del club, automatizado las inscripciones y mejorado la comunicaci\u00f3n entre socios. Ahora vivimos la pasi\u00f3n motera sin preocuparse por el papeleo.\u201d<\/p>\n\n\n\n<p class=\"wp-block-paragraph\"><br>\u2014 Moto Club \u201cRuta Libre Moteros\u201d, Madrid<\/p>\n<\/blockquote>\n<\/div>\n\n\n\n<div class=\"wp-block-column is-vertically-aligned-center is-layout-flow wp-block-column-is-layout-flow\" style=\"flex-basis:10px\"><\/div>\n<\/div>\n\n\n\n<div style=\"height:120px\" aria-hidden=\"true\" class=\"wp-block-spacer\"><\/div>\n\n\n\n<h2 class=\"wp-block-heading\"><strong>Comparativo: Kananas frente a otras soluciones para motoclubs en Espa\u00f1a<\/strong><\/h2>\n\n\n\n<figure class=\"wp-block-table\"><table class=\"has-fixed-layout\"><thead><tr><th>Funcionalidad \/ criterio<\/th><th>\u2705 <strong>Kananas<\/strong><\/th><th>HelloClub (Espa\u00f1a)<\/th><th>ClubPlannerMoto (Espa\u00f1a)<\/th><\/tr><\/thead><tbody><tr><td>CRM + base de datos de moteros\/socios<\/td><td>\u2705 S\u00ed \u2014 CRM avanzado con IA y segmentaci\u00f3n por rutas\/actividades<\/td><td>\u2705 S\u00ed \u2014 software orientado motoclubs<\/td><td>\u2705 S\u00ed \u2014 gesti\u00f3n clubs y rutas<\/td><\/tr><tr><td>Inteligencia Artificial &amp; automatizaci\u00f3n<\/td><td>\u2705 S\u00ed \u2014 IA integrada para tareas, recordatorios e informes<\/td><td>\u274c No<\/td><td>\u274c No<\/td><\/tr><tr><td>Gesti\u00f3n de rutas, salidas y eventos<\/td><td>\u2705 S\u00ed \u2014 rutas, concentraciones, inscripci\u00f3n online<\/td><td>\u2705 S\u00ed<\/td><td>\u2705 S\u00ed<\/td><\/tr><tr><td>Pagos, cuotas, donaciones y patrocinio<\/td><td>\u2705 S\u00ed \u2014 automatizado y centralizado<\/td><td>\u2705 S\u00ed<\/td><td>\u2705 S\u00ed<\/td><\/tr><tr><td>Informes y anal\u00edtica inteligente<\/td><td>\u2705 S\u00ed \u2014 reportes autom\u00e1ticos IA<\/td><td>\u26a0\ufe0f Parcial<\/td><td>\u26a0\ufe0f Parcial<\/td><\/tr><tr><td>Soporte en espa\u00f1ol \/ Adaptado Espa\u00f1a-LatAm<\/td><td>\u2705 100 % espa\u00f1ol, versi\u00f3n dedicada<\/td><td>\u2705 Espa\u00f1ol<\/td><td>\u2705 Espa\u00f1ol<\/td><\/tr><\/tbody><\/table><\/figure>\n\n\n\n<p class=\"wp-block-paragraph\">Kananas se destaca como la soluci\u00f3n m\u00e1s completa y moderna para motoclubs que desean gestionar socios, rutas, eventos y pagos de manera eficiente, con automatizaci\u00f3n v\u00eda IA, soporte en espa\u00f1ol y un enfoque claro en la afici\u00f3n motera.<\/p>\n\n\n\n<div style=\"height:80px\" aria-hidden=\"true\" class=\"wp-block-spacer\"><\/div>\n\n\n\n<div class=\"wp-block-columns is-layout-flex wp-container-core-columns-is-layout-8f761849 wp-block-columns-is-layout-flex\">\n<div class=\"wp-block-column is-layout-flow wp-block-column-is-layout-flow\" style=\"flex-basis:5%\"><\/div>\n\n\n\n<div class=\"wp-block-column roundDiv has-base-3-color has-accent-background-color has-text-color has-background has-link-color wp-elements-84907d1fef8038a4794ab7a452f7555a is-layout-flow wp-block-column-is-layout-flow\">\n<div class=\"wp-block-columns is-layout-flex wp-container-core-columns-is-layout-8f761849 wp-block-columns-is-layout-flex\">\n<div class=\"wp-block-column is-layout-flow wp-block-column-is-layout-flow\" style=\"flex-basis:5%\"><\/div>\n\n\n\n<div class=\"wp-block-column is-layout-flow wp-block-column-is-layout-flow\">\n<div style=\"height:20px\" aria-hidden=\"true\" class=\"wp-block-spacer\"><\/div>\n\n\n\n<h2 class=\"wp-block-heading\"><strong>Resultados comprobados con Kananas<\/strong><\/h2>\n\n\n\n<p class=\"wp-block-paragraph\">En promedio, los usuarios de Kananas ahorran <strong>2 horas<\/strong> de trabajo administrativo por semana, experimentan un aumento del <strong>40 % <\/strong>en las conversiones de pagos en l\u00ednea y un incremento del <strong>35 %<\/strong> en la asistencia a eventos.<\/p>\n\n\n\n<p class=\"wp-block-paragraph\">Estas son cifras reales, proporcionadas directamente por los usuarios de Kananas.<\/p>\n<\/div>\n\n\n\n<div class=\"wp-block-column is-layout-flow wp-block-column-is-layout-flow\" style=\"flex-basis:5%\"><\/div>\n<\/div>\n<\/div>\n\n\n\n<div class=\"wp-block-column is-layout-flow wp-block-column-is-layout-flow\" style=\"flex-basis:5%\"><\/div>\n<\/div>\n\n\n\n<div style=\"height:120px\" aria-hidden=\"true\" class=\"wp-block-spacer\"><\/div>\n\n\n\n<h2 class=\"wp-block-heading\"><strong>Preguntas frecuentes sobre Kananas para motoclubs<\/strong><\/h2>\n\n\n\n<p class=\"wp-block-paragraph\"><strong>\u00bfKananas es apto para motoclubs recreativos y tambi\u00e9n para federados?<\/strong><br>S\u00ed. Kananas se adapta tanto a motoclubs recreativos como a aquellos que participan en competiciones federadas, al gestionar rutas, miembros, pagos y eventos.<\/p>\n\n\n\n<p class=\"wp-block-paragraph\"><strong>\u00bfQu\u00e9 responsabilidades puede automatizar la IA de Kananas?<\/strong><br>Automatiza inscripciones, pagos, recordatorios de ruta, generaci\u00f3n de boletines y reportes de participaci\u00f3n o ingresos.<\/p>\n\n\n\n<p class=\"wp-block-paragraph\"><strong>\u00bfPermite gestionar m\u00faltiples sedes o cap\u00edtulos del motoclub?<\/strong><br>S\u00ed. Kananas permite gestionar secciones, sedes o cap\u00edtulos del motoclub desde un solo panel central.<\/p>\n\n\n\n<p class=\"wp-block-paragraph\"><strong>\u00bfNecesito conocimientos t\u00e9cnicos para usar Kananas?<\/strong><br>No. La plataforma est\u00e1 dise\u00f1ada para ser intuitiva y accesible para cualquier motoclub, sin requerir conocimientos t\u00e9cnicos espec\u00edficos.<\/p>\n\n\n\n<p class=\"wp-block-paragraph\"><strong>\u00bfPuedo probar Kananas antes de contratarlo?<\/strong><br>S\u00ed. Se ofrece una prueba gratuita de 30 d\u00edas, sin compromiso y sin tarjeta de cr\u00e9dito, para que descubras c\u00f3mo Kananas puede optimizar la gesti\u00f3n de tu club de motociclismo.<\/p>\n<\/div>\n\n\n\n<div class=\"wp-block-column is-layout-flow wp-block-column-is-layout-flow\" style=\"flex-basis:5%\"><\/div>\n<\/div>\n\n\n\n<div class=\"wp-block-columns has-base-3-color has-accent-background-color has-text-color has-background has-link-color wp-elements-7ce69abda1125172a350b5c9b553939a is-layout-flex wp-container-core-columns-is-layout-8f761849 wp-block-columns-is-layout-flex\">\n<div class=\"wp-block-column is-layout-flow wp-block-column-is-layout-flow\" style=\"flex-basis:5%\"><\/div>\n\n\n\n<div class=\"wp-block-column is-layout-flow wp-block-column-is-layout-flow\">\n<div style=\"height:100px\" aria-hidden=\"true\" class=\"wp-block-spacer\"><\/div>\n\n\n\n<div class=\"wp-block-columns is-layout-flex wp-container-core-columns-is-layout-8f761849 wp-block-columns-is-layout-flex\">\n<div class=\"wp-block-column is-layout-flow wp-block-column-is-layout-flow\" style=\"flex-basis:5%\"><\/div>\n\n\n\n<div class=\"wp-block-column is-layout-flow wp-block-column-is-layout-flow\">\n<h2 class=\"wp-block-heading\"><strong>Optimice su tiempo, impulse su asociaci\u00f3n con Kananas<\/strong><\/h2>\n\n\n\n<p class=\"wp-block-paragraph\">Reg\u00edstrese gratis en Kananas y disfrute de 30 d\u00edas de prueba sin tarjeta bancaria.<\/p>\n\n\n\n<div style=\"height:20px\" aria-hidden=\"true\" class=\"wp-block-spacer\"><\/div>\n\n\n\n<div class=\"wp-block-buttons is-content-justification-center is-layout-flex wp-container-core-buttons-is-layout-fe48e5de wp-block-buttons-is-layout-flex\">\n<div class=\"wp-block-button\"><a class=\"wp-block-button__link has-accent-color has-base-2-background-color has-text-color has-background has-link-color has-medium-font-size has-custom-font-size wp-element-button\" href=\"https:\/\/app.kananas.com\/organisation\/add\/p\/1\/lang\/ESP\" target=\"_blank\" rel=\"noreferrer noopener\">Empezar<\/a><\/div>\n<\/div>\n<\/div>\n\n\n\n<div class=\"wp-block-column is-layout-flow wp-block-column-is-layout-flow\" style=\"flex-basis:5%\"><\/div>\n<\/div>\n\n\n\n<div style=\"height:100px\" aria-hidden=\"true\" class=\"wp-block-spacer\"><\/div>\n<\/div>\n\n\n\n<div class=\"wp-block-column is-vertically-aligned-center is-layout-flow wp-block-column-is-layout-flow\"><div class=\"wp-block-image is-style-rounded\">\n<figure class=\"aligncenter size-large is-resized\"><img decoding=\"async\" src=\"https:\/\/www.kananas.com\/wp-content\/uploads\/2024\/12\/Screenshot-2024-12-04-at-08-47-20-Free-Photo-Side-view-smiley-man-working-on-laptop-1024x683.png\" alt=\"\" class=\"wp-image-7872\" style=\"width:300px\"\/><\/figure>\n<\/div><\/div>\n\n\n\n<div class=\"wp-block-column is-layout-flow wp-block-column-is-layout-flow\" style=\"flex-basis:5%\"><\/div>\n<\/div>\n","protected":false},"excerpt":{"rendered":"<p>Software CRM con inteligencia artificial para clubes de motociclismo Gestiona tu motoclub, organiza rutas, eventos y membres\u00edas, y automatiza tu gesti\u00f3n con IA para centrarse en la pasi\u00f3n de las dos ruedas. Ahorra tiempo, mejora la comunicaci\u00f3n y fortalece tu comunidad motera. Kananas es la plataforma CRM todo-en-uno para clubes y motoclubs en Espa\u00f1a y &#8230; <a title=\"Club de motociclismo\" class=\"read-more\" href=\"https:\/\/www.kananas.com\/es\/software\/club-de-motociclismo\/\" aria-label=\"En savoir plus sur Club de motociclismo\">Lire la suite<\/a><\/p>\n","protected":false},"author":1,"featured_media":0,"parent":5848,"menu_order":0,"comment_status":"closed","ping_status":"closed","template":"","meta":{"_crdt_document":"","footnotes":""},"class_list":["post-5952","page","type-page","status-publish"],"aioseo_notices":[],"_links":{"self":[{"href":"https:\/\/www.kananas.com\/es\/wp-json\/wp\/v2\/pages\/5952","targetHints":{"allow":["GET"]}}],"collection":[{"href":"https:\/\/www.kananas.com\/es\/wp-json\/wp\/v2\/pages"}],"about":[{"href":"https:\/\/www.kananas.com\/es\/wp-json\/wp\/v2\/types\/page"}],"author":[{"embeddable":true,"href":"https:\/\/www.kananas.com\/es\/wp-json\/wp\/v2\/users\/1"}],"replies":[{"embeddable":true,"href":"https:\/\/www.kananas.com\/es\/wp-json\/wp\/v2\/comments?post=5952"}],"version-history":[{"count":7,"href":"https:\/\/www.kananas.com\/es\/wp-json\/wp\/v2\/pages\/5952\/revisions"}],"predecessor-version":[{"id":6127,"href":"https:\/\/www.kananas.com\/es\/wp-json\/wp\/v2\/pages\/5952\/revisions\/6127"}],"up":[{"embeddable":true,"href":"https:\/\/www.kananas.com\/es\/wp-json\/wp\/v2\/pages\/5848"}],"wp:attachment":[{"href":"https:\/\/www.kananas.com\/es\/wp-json\/wp\/v2\/media?parent=5952"}],"curies":[{"name":"wp","href":"https:\/\/api.w.org\/{rel}","templated":true}]}}