{"id":5988,"date":"2025-05-23T17:33:52","date_gmt":"2025-05-23T15:33:52","guid":{"rendered":"https:\/\/www.kananas.com\/es\/?page_id=5988"},"modified":"2025-11-14T11:33:36","modified_gmt":"2025-11-14T09:33:36","slug":"asociaciones-de-comerciantes","status":"publish","type":"page","link":"https:\/\/www.kananas.com\/es\/software\/asociaciones-de-comerciantes\/","title":{"rendered":"Asociaciones de comerciantes"},"content":{"rendered":"\n<div class=\"wp-block-columns is-layout-flex wp-container-core-columns-is-layout-8f761849 wp-block-columns-is-layout-flex\">\n<div class=\"wp-block-column is-layout-flow wp-block-column-is-layout-flow\">\n<div class=\"wp-block-columns has-background is-layout-flex wp-container-core-columns-is-layout-8f761849 wp-block-columns-is-layout-flex\" style=\"background-color:#f6f7fd\">\n<div class=\"wp-block-column is-layout-flow wp-block-column-is-layout-flow\" style=\"flex-basis:5%\"><\/div>\n\n\n\n<div class=\"wp-block-column padding10 is-layout-flow wp-block-column-is-layout-flow\" style=\"flex-basis:35%\">\n<div style=\"height:150px\" aria-hidden=\"true\" class=\"wp-block-spacer\"><\/div>\n\n\n\n<h1 class=\"wp-block-heading\"><strong>Software CRM con inteligencia artificial para asociaciones de comerciantes<\/strong><\/h1>\n\n\n\n<p class=\"wp-block-paragraph\">Gestiona tu red de comercios, organiza campa\u00f1as, automatiza la fidelizaci\u00f3n y libera tiempo con la IA de Kananas. Ahorra hasta <strong>2 horas por semana<\/strong> y potencia tu comercio colectivo.<\/p>\n\n\n\n<p class=\"wp-block-paragraph\">Kananas re\u00fane en una sola plataforma todas las herramientas que necesita tu asociaci\u00f3n de comerciantes para dinamizar el comercio local, fortalecer la comunidad y optimizar la gesti\u00f3n. Dise\u00f1ado para Espa\u00f1a y Latinoam\u00e9rica, Kananas combina CRM, automatizaci\u00f3n inteligente y funcionalidad en la nube.<\/p>\n\n\n\n<div style=\"height:20px\" aria-hidden=\"true\" class=\"wp-block-spacer\"><\/div>\n\n\n\n<div class=\"wp-block-buttons alignfull ghostkit-custom-2rfJNX is-content-justification-center is-layout-flex wp-container-core-buttons-is-layout-fe48e5de wp-block-buttons-is-layout-flex\">\n<div class=\"wp-block-button\"><a class=\"wp-block-button__link has-base-3-color has-accent-background-color has-text-color has-background has-link-color has-medium-font-size has-custom-font-size wp-element-button\" href=\"https:\/\/backoffice.kananas.com\/action_manager.php?event=organisation_add&amp;p=1&amp;lang=ESP\" target=\"_blank\" rel=\"noreferrer noopener\">Comienza la prueba gratuita<\/a><\/div>\n<\/div>\n\n\n\n<div style=\"height:100px\" aria-hidden=\"true\" class=\"wp-block-spacer\"><\/div>\n<\/div>\n\n\n\n<div class=\"wp-block-column is-layout-flow wp-block-column-is-layout-flow\" style=\"flex-basis:5%\"><\/div>\n\n\n\n<div class=\"wp-block-column is-vertically-aligned-center padding10 is-layout-flow wp-block-column-is-layout-flow\" style=\"flex-basis:50%\"><div class=\"wp-block-image is-style-default\">\n<figure class=\"aligncenter size-full\"><img decoding=\"async\" src=\"https:\/\/www.kananas.com\/en\/wp-content\/uploads\/sites\/2145\/2025\/11\/merchant-association-software.png\" alt=\"Software para asociaciones de comerciantes y uniones empresariales\" class=\"wp-image-6636\" style=\"aspect-ratio:16\/9;object-fit:cover\"\/><\/figure>\n<\/div><\/div>\n\n\n\n<div class=\"wp-block-column is-layout-flow wp-block-column-is-layout-flow\" style=\"flex-basis:5%\"><\/div>\n<\/div>\n<\/div>\n<\/div>\n\n\n\n<div style=\"height:50px\" aria-hidden=\"true\" class=\"wp-block-spacer\"><\/div>\n\n\n\n<h2 class=\"wp-block-heading has-text-align-center has-accent-color has-text-color has-link-color wp-elements-a744481c65e61a3345f9500832f42558\"><strong>Probado y aprobado por m\u00e1s de 11 000 asociaciones<\/strong><\/h2>\n\n\n\n<div style=\"height:50px\" aria-hidden=\"true\" class=\"wp-block-spacer\"><\/div>\n\n\n\n<div class=\"wp-block-columns alignfull ghostkit-custom-ZaqVp2 is-layout-flex wp-container-core-columns-is-layout-8f761849 wp-block-columns-is-layout-flex\">\n<div class=\"wp-block-column is-vertically-aligned-center is-layout-flow wp-block-column-is-layout-flow\" style=\"flex-basis:2%\"><\/div>\n\n\n\n<div class=\"wp-block-column is-vertically-aligned-center is-layout-flow wp-block-column-is-layout-flow\">\n<div class=\"wp-block-group\"><div class=\"wp-block-group__inner-container is-layout-constrained wp-block-group-is-layout-constrained\">\n<h2 class=\"wp-block-heading\"><strong>Ventajas de Kananas para asociaciones de comerciantes<\/strong><\/h2>\n\n\n\n<p class=\"wp-block-paragraph\"><strong>Asistente con Inteligencia Artificial<\/strong> \u2013 Crea newsletters, comunicados de campa\u00f1a, actas o anuncios al instante, con un tono profesional y espec\u00edfico para el comercio.<\/p>\n\n\n\n<p class=\"wp-block-paragraph\"><strong>Gesti\u00f3n de socios y cuotas<\/strong> \u2013 Automatiza las renovaciones, controla los pagos y organiza tus comercios adheridos f\u00e1cilmente.<\/p>\n\n\n\n<p class=\"wp-block-paragraph\"><strong>Actividades y promociones colectivas<\/strong> \u2013 Planifica rutas comerciales, campa\u00f1as de fidelizaci\u00f3n, ferias o eventos tem\u00e1ticos con inscripci\u00f3n online.<\/p>\n\n\n\n<p class=\"wp-block-paragraph\"><strong>Entradas, donaciones y campa\u00f1as de incentivos<\/strong> \u2013 Vende entradas para ferias, gestiona donaciones o bonos de consumo y activa acciones de fidelizaci\u00f3n desde Kananas.<\/p>\n\n\n\n<p class=\"wp-block-paragraph\"><strong>Analytics y reportes inteligentes<\/strong> \u2013 Obt\u00e9n informes autom\u00e1ticos sobre participaci\u00f3n, pagos, retorno de campa\u00f1as y \u00e9xito operativo.<\/p>\n\n\n\n<p class=\"wp-block-paragraph\"><strong>Plataforma en la nube y f\u00e1cil de usar<\/strong> \u2013 Accede desde cualquier dispositivo, sin necesidad de equipo t\u00e9cnico, y gestiona con agilidad tu asociaci\u00f3n de comerciantes.<\/p>\n<\/div><\/div>\n<\/div>\n\n\n\n<div class=\"wp-block-column is-vertically-aligned-center padding10 is-layout-flow wp-block-column-is-layout-flow\" style=\"flex-basis:40%\"><div class=\"wp-block-image\">\n<figure class=\"aligncenter size-large\"><img decoding=\"async\" src=\"http:\/\/www.kananas.com\/es\/wp-content\/uploads\/sites\/2143\/2025\/05\/home-page-ES-rounded-grid.png\" alt=\"Software para asociaciones de comerciantes y uniones empresariales\" class=\"wp-image-8918\"\/><\/figure>\n<\/div><\/div>\n\n\n\n<div class=\"wp-block-column is-vertically-aligned-center is-layout-flow wp-block-column-is-layout-flow\" style=\"flex-basis:5%\"><\/div>\n<\/div>\n\n\n\n<div style=\"height:50px\" aria-hidden=\"true\" class=\"wp-block-spacer\"><\/div>\n\n\n\n<div class=\"wp-block-group has-background\" style=\"background-color:#f6f7fd\"><div class=\"wp-block-group__inner-container is-layout-constrained wp-block-group-is-layout-constrained\">\n<div class=\"wp-block-columns is-layout-flex wp-container-core-columns-is-layout-8f761849 wp-block-columns-is-layout-flex\">\n<div class=\"wp-block-column is-layout-flow wp-block-column-is-layout-flow\" style=\"flex-basis:5%\"><\/div>\n\n\n\n<div class=\"wp-block-column is-layout-flow wp-block-column-is-layout-flow\">\n<h2 class=\"wp-block-heading\"><strong>Pensado para asociaciones de comerciantes en Espa\u00f1a y Latinoam\u00e9rica<\/strong><\/h2>\n\n\n\n<p class=\"wp-block-paragraph\">Ya seas una agrupaci\u00f3n de comerciantes de barrio, un centro comercial abierto (CCA) o una federaci\u00f3n regional, Kananas te ayuda a agrupar tus comercios, coordinar campa\u00f1as comunes y generar valor colectivo. Deja que la inteligencia artificial realice las tareas operativas y t\u00fa centres tu energ\u00eda en la estrategia de mercado.<\/p>\n<\/div>\n\n\n\n<div class=\"wp-block-column is-layout-flow wp-block-column-is-layout-flow\" style=\"flex-basis:5%\"><\/div>\n<\/div>\n\n\n\n<div style=\"height:50px\" aria-hidden=\"true\" class=\"wp-block-spacer\"><\/div>\n\n\n\n<div class=\"wp-block-columns is-layout-flex wp-container-core-columns-is-layout-8f761849 wp-block-columns-is-layout-flex\">\n<div class=\"wp-block-column is-layout-flow wp-block-column-is-layout-flow\" style=\"flex-basis:5%\"><\/div>\n\n\n\n<div class=\"wp-block-column is-layout-flow wp-block-column-is-layout-flow\">\n<figure class=\"wp-block-image size-large is-style-default\"><img decoding=\"async\" src=\"https:\/\/www.kananas.com\/wp-content\/uploads\/2024\/12\/Screenshot-2024-12-04-at-08-44-02-Free-Photo-Front-view-woman-drawing-in-the-ipad-1024x683.png\" alt=\"management software for retirees\u2019 associations \u2013 communicate\" class=\"wp-image-7800\" style=\"aspect-ratio:3\/2;object-fit:cover\"\/><\/figure>\n\n\n\n<div style=\"height:20px\" aria-hidden=\"true\" class=\"wp-block-spacer\"><\/div>\n\n\n\n<h3 class=\"wp-block-heading\"><strong>Comunicaci\u00f3n<\/strong><\/h3>\n\n\n\n<p class=\"wp-block-paragraph\">Crea <a href=\"https:\/\/www.kananas.com\/es\/documentation\/comunicacion\/encuestas-y-votaciones\/\" title=\"Encuestas y votaciones: formularios\">formularios<\/a> para realizar encuestas, votaciones en l\u00ednea o cuestionarios. Consulta los resultados en tiempo real.<\/p>\n\n\n\n<p class=\"wp-block-paragraph\"><a href=\"https:\/\/www.kananas.com\/es\/documentation\/miembros\/afiliacion\/\" title=\"Afiliaci\u00f3n\">Membres\u00eda<\/a> en l\u00ednea con registro de datos y pago correspondiente.<\/p>\n<\/div>\n\n\n\n<div class=\"wp-block-column is-layout-flow wp-block-column-is-layout-flow\" style=\"flex-basis:3%\"><\/div>\n\n\n\n<div class=\"wp-block-column is-layout-flow wp-block-column-is-layout-flow\">\n<figure class=\"wp-block-image size-full is-style-default\"><img decoding=\"async\" src=\"https:\/\/www.kananas.com\/wp-content\/uploads\/2025\/03\/commercant-marche.png\" alt=\"software de gesti\u00f3n para asociaciones de comerciantes \u2013 planificar\" class=\"wp-image-8510\" style=\"aspect-ratio:3\/2;object-fit:cover\"\/><\/figure>\n\n\n\n<div style=\"height:20px\" aria-hidden=\"true\" class=\"wp-block-spacer\"><\/div>\n\n\n\n<h3 class=\"wp-block-heading\"><strong>Planifica<\/strong><\/h3>\n\n\n\n<p class=\"wp-block-paragraph\">Gestiona tus <a href=\"https:\/\/www.kananas.com\/es\/documentation\/planificacion\/actividades\/\" title=\"Actividades y eventos\">eventos<\/a>, programa reuniones y env\u00eda invitaciones.<\/p>\n\n\n\n<p class=\"wp-block-paragraph\">Organiza actividades y eventos sociales como visitas o viajes, y vende entradas online gracias a la <a href=\"https:\/\/www.kananas.com\/es\/documentation\/planificacion\/taquilla\/\" title=\"Taquilla\">plataforma de venta de entradas<\/a> de Kananas.<\/p>\n<\/div>\n\n\n\n<div class=\"wp-block-column is-layout-flow wp-block-column-is-layout-flow\" style=\"flex-basis:3%\"><\/div>\n\n\n\n<div class=\"wp-block-column is-layout-flow wp-block-column-is-layout-flow\">\n<figure class=\"wp-block-image size-full is-style-default\"><img decoding=\"async\" src=\"https:\/\/www.kananas.com\/wp-content\/uploads\/2024\/03\/alumni2.jpg\" alt=\"management software for retirees\u2019 associations \u2013 manage\" class=\"wp-image-6123\" style=\"aspect-ratio:3\/2;object-fit:cover\"\/><\/figure>\n\n\n\n<div style=\"height:20px\" aria-hidden=\"true\" class=\"wp-block-spacer\"><\/div>\n\n\n\n<h3 class=\"wp-block-heading\"><strong>Gesti\u00f3n<\/strong><\/h3>\n\n\n\n<p class=\"wp-block-paragraph\">Acceda a los registros de sus <a href=\"https:\/\/www.kananas.com\/es\/documentation\/miembros\/\" title=\"Miembros\">miembros<\/a> en cualquier momento y lugar.<\/p>\n\n\n\n<p class=\"wp-block-paragraph\">Todos sus <a href=\"https:\/\/www.kananas.com\/es\/documentation\/documentos\/\" title=\"Documentos\">documentos<\/a> centralizados en un entorno seguro con copias de seguridad.<\/p>\n<\/div>\n\n\n\n<div class=\"wp-block-column is-layout-flow wp-block-column-is-layout-flow\" style=\"flex-basis:5%\"><\/div>\n<\/div>\n<\/div><\/div>\n\n\n\n<div style=\"height:31px\" aria-hidden=\"true\" class=\"wp-block-spacer\"><\/div>\n\n\n\n<div class=\"wp-block-buttons alignfull ghostkit-custom-2rfJNX is-content-justification-center is-layout-flex wp-container-core-buttons-is-layout-fe48e5de wp-block-buttons-is-layout-flex\">\n<div class=\"wp-block-button\"><a class=\"wp-block-button__link has-base-3-color has-accent-background-color has-text-color has-background has-link-color has-medium-font-size has-custom-font-size wp-element-button\" href=\"https:\/\/backoffice.kananas.com\/action_manager.php?event=organisation_add&amp;p=1&amp;lang=ESP\" target=\"_blank\" rel=\"noreferrer noopener\">Comienza la prueba gratuita<\/a><\/div>\n<\/div>\n\n\n\n<div style=\"height:50px\" aria-hidden=\"true\" class=\"wp-block-spacer\"><\/div>\n\n\n\n<div class=\"wp-block-columns alignfull ghostkit-custom-ZaqVp2 is-layout-flex wp-container-core-columns-is-layout-8f761849 wp-block-columns-is-layout-flex\">\n<div class=\"wp-block-column is-vertically-aligned-center is-layout-flow wp-block-column-is-layout-flow\" style=\"flex-basis:2%\"><\/div>\n\n\n\n<div class=\"wp-block-column is-vertically-aligned-center is-layout-flow wp-block-column-is-layout-flow\">\n<div class=\"wp-block-columns roundDiv has-base-background-color has-background is-layout-flex wp-container-core-columns-is-layout-8f761849 wp-block-columns-is-layout-flex\">\n<div class=\"wp-block-column is-vertically-aligned-center is-layout-flow wp-block-column-is-layout-flow\" style=\"flex-basis:15%\">\n<figure class=\"wp-block-image size-full padding30\"><img decoding=\"async\" src=\"https:\/\/www.kananas.com\/en\/wp-content\/uploads\/sites\/2145\/2025\/11\/merchant-association-management-software-karen.png\" alt=\"\" class=\"wp-image-6639\"\/><\/figure>\n<\/div>\n\n\n\n<div class=\"wp-block-column is-vertically-aligned-center is-layout-flow wp-block-column-is-layout-flow\">\n<div style=\"height:30px\" aria-hidden=\"true\" class=\"wp-block-spacer\"><\/div>\n\n\n\n<blockquote class=\"wp-block-quote is-layout-flow wp-block-quote-is-layout-flow\">\n<p class=\"wp-block-paragraph\">\u201cCon Kananas hemos unificado todos los comercios de nuestro barrio, lanzado nuestras campa\u00f1as de fidelizaci\u00f3n en minutos y visto c\u00f3mo el consumo asociado crec\u00eda un 28 %. La IA de Kananas nos ha liberado tiempo para centrarnos en la estrategia.\u201d<\/p>\n\n\n\n<p class=\"wp-block-paragraph\"><br>\u2014 Asociaci\u00f3n de Comerciantes del Casco Antiguo, Ciudad X<\/p>\n<\/blockquote>\n<\/div>\n\n\n\n<div class=\"wp-block-column is-vertically-aligned-center is-layout-flow wp-block-column-is-layout-flow\" style=\"flex-basis:10px\"><\/div>\n<\/div>\n\n\n\n<div style=\"height:100px\" aria-hidden=\"true\" class=\"wp-block-spacer\"><\/div>\n\n\n\n<h2 class=\"wp-block-heading\"><strong>Tabla comparativa de software del mercado<\/strong><\/h2>\n\n\n\n<figure class=\"wp-block-table\"><table class=\"has-fixed-layout\"><thead><tr><th>Funcionalidad \/ criterio<\/th><th>\u2705 <strong>Kananas<\/strong><\/th><th>Comercio365<\/th><th>Loyal Studio<\/th><\/tr><\/thead><tbody><tr><td>CRM + base de datos de miembros\/tiendas<\/td><td>\u2705 S\u00ed \u2013 avanzado con IA y segmentaci\u00f3n para comercios<\/td><td>\u2705 S\u00ed \u2013 espec\u00edfico para comercio local<\/td><td>\u2705 S\u00ed \u2013 fidelizaci\u00f3n y membres\u00eda<\/td><\/tr><tr><td>Inteligencia Artificial &amp; automatizaci\u00f3n<\/td><td>\u2705 S\u00ed \u2013 IA integrada para campa\u00f1as, recordatorios, informes<\/td><td>\u274c No<\/td><td>\u274c No<\/td><\/tr><tr><td>Ahorro de tiempo administrativo<\/td><td>\u2705 Hasta 2 h\/semana menos de gesti\u00f3n<\/td><td>\u26a0\ufe0f Limitado<\/td><td>\u26a0\ufe0f Limitado<\/td><\/tr><tr><td>Activaci\u00f3n de campa\u00f1as y promociones compartidas<\/td><td>\u2705 S\u00ed \u2013 herramientas cooperativas para comercio asociado<\/td><td>\u2705 S\u00ed \u2013 funcionalidades de fidelizaci\u00f3n<\/td><td>\u2705 S\u00ed \u2013 especializado en campa\u00f1as<\/td><\/tr><tr><td>Soporte en espa\u00f1ol \/ Adaptado Espa\u00f1a-LatAm<\/td><td>\u2705 S\u00ed \u2013 versi\u00f3n dedicada<\/td><td>\u2705 S\u00ed<\/td><td>\u2705 S\u00ed<\/td><\/tr><tr><td>Especializaci\u00f3n \u201casociaciones de comerciantes\u201d<\/td><td>\u2705 S\u00ed \u2013 mensaje claro y soluci\u00f3n global<\/td><td>\u2705 S\u00ed \u2013 comercio local<\/td><td>\u26a0\ufe0f Parcial \u2013 fidelizaci\u00f3n pero no CRM total<\/td><\/tr><\/tbody><\/table><\/figure>\n\n\n\n<p class=\"wp-block-paragraph\">Kananas se posiciona como la soluci\u00f3n m\u00e1s completa para asociaciones de comerciantes que quieren combinar CRM, automatizaci\u00f3n con IA, gesti\u00f3n de campa\u00f1as colectivas y soporte local, todo en una plataforma intuitiva.<\/p>\n\n\n\n<div style=\"height:100px\" aria-hidden=\"true\" class=\"wp-block-spacer\"><\/div>\n\n\n\n<div class=\"wp-block-columns is-layout-flex wp-container-core-columns-is-layout-8f761849 wp-block-columns-is-layout-flex\">\n<div class=\"wp-block-column is-layout-flow wp-block-column-is-layout-flow\" style=\"flex-basis:5%\"><\/div>\n\n\n\n<div class=\"wp-block-column roundDiv has-base-3-color has-accent-background-color has-text-color has-background has-link-color wp-elements-84907d1fef8038a4794ab7a452f7555a is-layout-flow wp-block-column-is-layout-flow\">\n<div class=\"wp-block-columns is-layout-flex wp-container-core-columns-is-layout-8f761849 wp-block-columns-is-layout-flex\">\n<div class=\"wp-block-column is-layout-flow wp-block-column-is-layout-flow\" style=\"flex-basis:5%\"><\/div>\n\n\n\n<div class=\"wp-block-column is-layout-flow wp-block-column-is-layout-flow\">\n<div style=\"height:20px\" aria-hidden=\"true\" class=\"wp-block-spacer\"><\/div>\n\n\n\n<h2 class=\"wp-block-heading\"><strong>Resultados comprobados con Kananas<\/strong><\/h2>\n\n\n\n<p class=\"wp-block-paragraph\">En promedio, los usuarios de Kananas ahorran <strong>2 horas<\/strong> de trabajo administrativo por semana, experimentan un aumento del <strong>40 % <\/strong>en las conversiones de pagos en l\u00ednea y un incremento del <strong>35 %<\/strong> en la asistencia a eventos.<\/p>\n\n\n\n<p class=\"wp-block-paragraph\">Estas son cifras reales, proporcionadas directamente por los usuarios de Kananas.<\/p>\n<\/div>\n\n\n\n<div class=\"wp-block-column is-layout-flow wp-block-column-is-layout-flow\" style=\"flex-basis:5%\"><\/div>\n<\/div>\n<\/div>\n\n\n\n<div class=\"wp-block-column is-layout-flow wp-block-column-is-layout-flow\" style=\"flex-basis:5%\"><\/div>\n<\/div>\n\n\n\n<div style=\"height:120px\" aria-hidden=\"true\" class=\"wp-block-spacer\"><\/div>\n\n\n\n<h2 class=\"wp-block-heading has-text-align-left ghostkit-custom-ZbwAru\"><strong>Preguntas frecuentes sobre Kananas para asociaciones de comerciantes<\/strong><\/h2>\n\n\n\n<p class=\"wp-block-paragraph\"><strong>\u00bfKananas sirve para asociaciones de comerciantes fuera de Espa\u00f1a?<\/strong><br>S\u00ed. Kananas tambi\u00e9n se utiliza en Am\u00e9rica Latina y el soporte est\u00e1 completamente en espa\u00f1ol.<\/p>\n\n\n\n<p class=\"wp-block-paragraph\"><br><strong>\u00bfQu\u00e9 puede automatizar la inteligencia artificial de Kananas en el comercio asociado?<\/strong><br>La IA de Kananas gestiona recordatorios de pagos, genera comunicaciones personalizadas, lanza campa\u00f1as de fidelizaci\u00f3n y produce informes de consumo asociado.<\/p>\n\n\n\n<p class=\"wp-block-paragraph\"><br><strong>\u00bfSe necesita formaci\u00f3n t\u00e9cnica para implementar Kananas?<\/strong><br>No. Kananas est\u00e1 dise\u00f1ado para que cualquier asociaci\u00f3n de comerciantes pueda comenzar sin conocimientos t\u00e9cnicos previos.<\/p>\n\n\n\n<p class=\"wp-block-paragraph\"><br><strong>\u00bfKananas permite gestionar campa\u00f1as y promociones colectivas?<\/strong><br>S\u00ed. Puedes crear campa\u00f1as compartidas, gestionar inscripciones, emitir cupones o entradas, y seguir los resultados desde el mismo panel.<\/p>\n\n\n\n<p class=\"wp-block-paragraph\"><br><strong>\u00bfPuedo comenzar con una prueba gratuita?<\/strong><br>S\u00ed. Ofrecemos una prueba gratuita de 30 d\u00edas, sin necesidad de tarjeta de cr\u00e9dito, para que descubras c\u00f3mo Kananas puede transformar tu asociaci\u00f3n.<\/p>\n<\/div>\n\n\n\n<div class=\"wp-block-column is-vertically-aligned-center is-layout-flow wp-block-column-is-layout-flow\" style=\"flex-basis:2%\"><\/div>\n<\/div>\n\n\n\n<div class=\"wp-block-columns has-base-3-color has-accent-background-color has-text-color has-background has-link-color wp-elements-7ce69abda1125172a350b5c9b553939a is-layout-flex wp-container-core-columns-is-layout-8f761849 wp-block-columns-is-layout-flex\">\n<div class=\"wp-block-column is-layout-flow wp-block-column-is-layout-flow\" style=\"flex-basis:5%\"><\/div>\n\n\n\n<div class=\"wp-block-column is-layout-flow wp-block-column-is-layout-flow\">\n<div style=\"height:100px\" aria-hidden=\"true\" class=\"wp-block-spacer\"><\/div>\n\n\n\n<div class=\"wp-block-columns is-layout-flex wp-container-core-columns-is-layout-8f761849 wp-block-columns-is-layout-flex\">\n<div class=\"wp-block-column is-layout-flow wp-block-column-is-layout-flow\" style=\"flex-basis:5%\"><\/div>\n\n\n\n<div class=\"wp-block-column is-layout-flow wp-block-column-is-layout-flow\">\n<h2 class=\"wp-block-heading\"><strong>Optimice su tiempo, impulse su asociaci\u00f3n con Kananas<\/strong><\/h2>\n\n\n\n<p class=\"wp-block-paragraph\">Reg\u00edstrese gratis en Kananas y disfrute de 30 d\u00edas de prueba sin tarjeta bancaria.<\/p>\n\n\n\n<div style=\"height:20px\" aria-hidden=\"true\" class=\"wp-block-spacer\"><\/div>\n\n\n\n<div class=\"wp-block-buttons is-content-justification-center is-layout-flex wp-container-core-buttons-is-layout-fe48e5de wp-block-buttons-is-layout-flex\">\n<div class=\"wp-block-button\"><a class=\"wp-block-button__link has-accent-color has-base-2-background-color has-text-color has-background has-link-color has-medium-font-size has-custom-font-size wp-element-button\" href=\"https:\/\/app.kananas.com\/organisation\/add\/p\/1\/lang\/ESP\" target=\"_blank\" rel=\"noreferrer noopener\">Empezar<\/a><\/div>\n<\/div>\n<\/div>\n\n\n\n<div class=\"wp-block-column is-layout-flow wp-block-column-is-layout-flow\" style=\"flex-basis:5%\"><\/div>\n<\/div>\n\n\n\n<div style=\"height:100px\" aria-hidden=\"true\" class=\"wp-block-spacer\"><\/div>\n<\/div>\n\n\n\n<div class=\"wp-block-column is-vertically-aligned-center is-layout-flow wp-block-column-is-layout-flow\"><div class=\"wp-block-image is-style-rounded\">\n<figure class=\"aligncenter size-large is-resized\"><img decoding=\"async\" src=\"https:\/\/www.kananas.com\/wp-content\/uploads\/2024\/12\/Screenshot-2024-12-04-at-08-47-20-Free-Photo-Side-view-smiley-man-working-on-laptop-1024x683.png\" alt=\"\" class=\"wp-image-7872\" style=\"width:300px\"\/><\/figure>\n<\/div><\/div>\n\n\n\n<div class=\"wp-block-column is-layout-flow wp-block-column-is-layout-flow\" style=\"flex-basis:5%\"><\/div>\n<\/div>\n","protected":false},"excerpt":{"rendered":"<p>Software CRM con inteligencia artificial para asociaciones de comerciantes Gestiona tu red de comercios, organiza campa\u00f1as, automatiza la fidelizaci\u00f3n y libera tiempo con la IA de Kananas. Ahorra hasta 2 horas por semana y potencia tu comercio colectivo. Kananas re\u00fane en una sola plataforma todas las herramientas que necesita tu asociaci\u00f3n de comerciantes para dinamizar &#8230; <a title=\"Asociaciones de comerciantes\" class=\"read-more\" href=\"https:\/\/www.kananas.com\/es\/software\/asociaciones-de-comerciantes\/\" aria-label=\"En savoir plus sur Asociaciones de comerciantes\">Lire la suite<\/a><\/p>\n","protected":false},"author":1,"featured_media":0,"parent":5848,"menu_order":0,"comment_status":"closed","ping_status":"closed","template":"","meta":{"_crdt_document":"","footnotes":""},"class_list":["post-5988","page","type-page","status-publish"],"aioseo_notices":[],"_links":{"self":[{"href":"https:\/\/www.kananas.com\/es\/wp-json\/wp\/v2\/pages\/5988","targetHints":{"allow":["GET"]}}],"collection":[{"href":"https:\/\/www.kananas.com\/es\/wp-json\/wp\/v2\/pages"}],"about":[{"href":"https:\/\/www.kananas.com\/es\/wp-json\/wp\/v2\/types\/page"}],"author":[{"embeddable":true,"href":"https:\/\/www.kananas.com\/es\/wp-json\/wp\/v2\/users\/1"}],"replies":[{"embeddable":true,"href":"https:\/\/www.kananas.com\/es\/wp-json\/wp\/v2\/comments?post=5988"}],"version-history":[{"count":5,"href":"https:\/\/www.kananas.com\/es\/wp-json\/wp\/v2\/pages\/5988\/revisions"}],"predecessor-version":[{"id":6031,"href":"https:\/\/www.kananas.com\/es\/wp-json\/wp\/v2\/pages\/5988\/revisions\/6031"}],"up":[{"embeddable":true,"href":"https:\/\/www.kananas.com\/es\/wp-json\/wp\/v2\/pages\/5848"}],"wp:attachment":[{"href":"https:\/\/www.kananas.com\/es\/wp-json\/wp\/v2\/media?parent=5988"}],"curies":[{"name":"wp","href":"https:\/\/api.w.org\/{rel}","templated":true}]}}