{"id":6377,"date":"2026-05-11T15:33:38","date_gmt":"2026-05-11T13:33:38","guid":{"rendered":"https:\/\/www.kananas.com\/es\/?page_id=6377"},"modified":"2026-05-11T18:26:45","modified_gmt":"2026-05-11T16:26:45","slug":"formularios","status":"publish","type":"page","link":"https:\/\/www.kananas.com\/es\/documentation\/formularios\/","title":{"rendered":"Formularios"},"content":{"rendered":"<div class=\"breadcrumbs align  wp-block-bcn-breadcrumb-trail has-text-color has-background\" vocab=\"https:\/\/schema.org\/\" typeof=\"BreadcrumbList\">\n\t<span><\/span>\n\t<span property=\"itemListElement\" typeof=\"ListItem\"><a property=\"item\" typeof=\"WebPage\" title=\"Aller \u00e0 kananas.\" href=\"https:\/\/www.kananas.com\/es\" class=\"home\" aria-current=\"page\"><span property=\"name\">kananas<\/span><\/a><meta property=\"position\" content=\"1\"><\/span><\/div>\n\n\n\n<div style=\"height:30px\" aria-hidden=\"true\" class=\"wp-block-spacer\"><\/div>\n\n\n\n<p class=\"wp-block-paragraph\">Kananas le permite crear <strong>formularios en l\u00ednea<\/strong> de diferentes tipos: <a href=\"https:\/\/www.kananas.com\/es\/documentation\/formularios\/afiliacion-en-linea\/\" title=\"Afiliaci\u00f3n en l\u00ednea\">afiliaci\u00f3n<\/a>, <a href=\"https:\/\/www.kananas.com\/es\/documentation\/formularios\/donacion-en-linea\/\" title=\"Donaci\u00f3n en l\u00ednea\">donaci\u00f3n<\/a> o <a href=\"https:\/\/www.kananas.com\/es\/documentation\/formularios\/encuestas-y-votaciones\/\" title=\"Encuestas y votaciones: formularios\">cuestionarios<\/a> (encuestas, votaciones&#8230;).<\/p>\n\n\n\n<p class=\"wp-block-paragraph\">Con esta funcionalidad, las asociaciones pueden crear f\u00e1cilmente diferentes tipos de formularios en l\u00ednea adaptados a sus necesidades: formularios de afiliaci\u00f3n, recaudaci\u00f3n de donaciones, inscripciones a eventos, cuestionarios de satisfacci\u00f3n, encuestas o incluso votaciones en l\u00ednea. <\/p>\n\n\n\n<p class=\"wp-block-paragraph\">Todas las respuestas se centralizan autom\u00e1ticamente en la plataforma para simplificar la gesti\u00f3n de los miembros, el seguimiento de los participantes y la organizaci\u00f3n de la vida asociativa. Una soluci\u00f3n pr\u00e1ctica para <strong>ahorrar tiempo<\/strong>, mejorar la comunicaci\u00f3n y digitalizar los tr\u00e1mites de su asociaci\u00f3n.<\/p>\n\n\n\n<div style=\"height:20px\" aria-hidden=\"true\" class=\"wp-block-spacer\"><\/div>\n\n\n\n<p class=\"wp-block-paragraph\">Para saber m\u00e1s sobre los formularios:<\/p>\n\n\n\n<ul class=\"wp-block-list\">\n<li><a href=\"https:\/\/www.kananas.com\/es\/documentation\/formularios\/encuestas-y-votaciones\/\" title=\"Encuestas y votaciones: formularios\">Los cuestionarios<\/a> (encuestas, votaciones, informaci\u00f3n)<\/li>\n\n\n\n<li><a href=\"https:\/\/www.kananas.com\/es\/documentation\/formularios\/afiliacion-en-linea\/\" title=\"Afiliaci\u00f3n en l\u00ednea\">Afiliaci\u00f3n en l\u00ednea<\/a><\/li>\n\n\n\n<li><a href=\"https:\/\/www.kananas.com\/es\/documentation\/formularios\/donacion-en-linea\/\" title=\"Donaci\u00f3n en l\u00ednea\">Donaciones en l\u00ednea<\/a><\/li>\n<\/ul>\n","protected":false},"excerpt":{"rendered":"<p>Kananas le permite crear formularios en l\u00ednea de diferentes tipos: afiliaci\u00f3n, donaci\u00f3n o cuestionarios (encuestas, votaciones&#8230;). Con esta funcionalidad, las asociaciones pueden crear f\u00e1cilmente diferentes tipos de formularios en l\u00ednea adaptados a sus necesidades: formularios de afiliaci\u00f3n, recaudaci\u00f3n de donaciones, inscripciones a eventos, cuestionarios de satisfacci\u00f3n, encuestas o incluso votaciones en l\u00ednea. Todas las respuestas &#8230; <a title=\"Formularios\" class=\"read-more\" href=\"https:\/\/www.kananas.com\/es\/documentation\/formularios\/\" aria-label=\"En savoir plus sur Formularios\">Lire la suite<\/a><\/p>\n","protected":false},"author":1,"featured_media":0,"parent":4864,"menu_order":5,"comment_status":"closed","ping_status":"closed","template":"","meta":{"_crdt_document":"{\"document\":\"AABc0dfH2BCjAoHRyecG0dfH2BAfv4Hz7AHR18fYEADB0cnnBgWR18fYEMHRyecGAtHXx9gQDcHRyecGBtHXx9gQKf+B8+wBAZry7f8F0dfH2BAWv4Hz7AHR18fYEDDPAwYyFrz3Asj5Aoz5AlKcngEQggECBAMBggMDAAgCiAECEAMBCAKmAQUACASCAQQIAwGyAQUACAMBOgIMAwEkAhgCDAIMBAMALgIGCJQYDAIkApQBAhQCJAIQAoIEArQKBAwCHAIuAioChgICEAIMAqQFAqYDAqwPlgiUAyIIugK0AgImJAQIrAGiAgYcBgQaCKIBAgbecqJyAwAUAQIKAqgCAwAIAogBAhADAQgCpgEFAAgEggEECAMBsgEFAAgDAToCDAMBJAIYAgwCDAQDAC4CBgjmDUoArg4BAgoCQkoAjgkBAgoCQkoAkAqUAgECCkoAEAECCgJCSgCcAQECCgBKEAIBAgoClAMiCMoEAJgFAQIKArQCAiYkzAQAmAQBAgoCogIGHAYEFvADwgruJgbiiQW+lgQDAKynAQJEBgLAvgWAjAUKigESBAqoAQQMhgEMBLQBBA4CPPwK+IIFAQEIAEi6ggX4ggVCCgauggUDAAEJSsbyBAECCkqugAQGAwGEAwqKARIECqgBBAyGAQwEtAEEDgI8xpMEArynBZQBsgIoBB7APYwBDI4EKAQigg0OBCYaDhQwAg6OHCrqkAEOBCYaDhQwAg68UyqiQwJyookFBu6IBYCMBQqKARIECqgBBAyGAQwEtAEEDgLClAWumAXmkQWikQQGAwGEAwqKARIECqgBBAyGAQwEtAEEDgLomgScsAWGBCgE4jyMAQyOBCgEIoINDgQmGg4UMAIOjhwq6pABDgQmGg4UMAIOvFMqmwQoACEBJwABAIQAJwABACcAKAQnACgAIQAAAKEAIQGhAIEAhACBAIQAgQCEA4EAhACBAIQAgQCEAIEAhACBAIQAgQCEAIEAhAGBAIQAgQCEAIEAhACBAIQAgQCEAYEAhAKBAIQAgQCEAIEAhACBAIQAgQCEAIEAhACBAIQAgQCEAIEAhAGBAIQAgQCEAIEAhACBAIQAgQCEAIEAhACBAIQAgQCEAIEAhACBAIQAgQCEAIEAhACBAIQAgQCEAIEAhACBAIQAgQCEAIEAhACBAIQAgQCEAIEAhACBAIQAgQCEAYEAhACBAIQAgQCEAoEAhACBAqEApwABAAAAhwAoAycBBACBAIQAgQCEAIEAhACBAIQAgQCEAIEAhACBAIQBgQCEAIEAhACBAIQAgQCEAIEAhAGBAIQCgQCEAIEAhACBAIQAgQCEAIEAhACBAIQAgQCEAIEAhACBAIQBgQCEACgAJwCHACgDJwEEACgAJwCHACgDJwEEACgAJwCBAAAAhwAoAycAKAAnAIcAKAMnAQQAKAAnAIcAKAMnACgBJwAHACgDJwEBAIQAgQCEACcAhwAoAycBAQCEAIEAhACBACcAhwAoAycBAQCEAIEAhAKBACcAgQAAAMEBqAEhAKEDqAChAcQAIQDEEMcAKAInASgAJwCoASgABACoAigLxwAoAycAKAAnAMQVqAEhAMQAhADEAoQAxAYhAMQXob4umixzdGF0ZXZlcnNpb25kb2N1bWVudGRhdGVkb2N1bWVudHN0YXR1c2RvY3VtZW50dGl0bGVvcm11bGFyaW9zZG9jdW1lbnRjb250ZW50ZG9jdW1lbnRleGNlcnB0ZG9jdW1lbnRhdXRob3Jkb2N1bWVudGZlYXR1cmVkX21lZGlhZG9jdW1lbnRjb21tZW50X3N0YXR1c2RvY3VtZW50cGluZ19zdGF0dXNkb2N1bWVudHRlbXBsYXRlZG9jdW1lbnRtZXRhZm9vdG5vdGVzZG9jdW1lbnRibG9ja3NzdGF0ZXNhdmVkQXRzdGF0ZXNhdmVkQnk8IS0tIHdwOnBhcmFncmFwaCAtLT4KPHA+S2FuYW5hcyBsZSBwZXJtaXRlIGNyZWFyIDxzdHJvbmc+Zm9ybXVsYXJpb3MgZW4gbMOtbmVhPC9zdHJvbmc+IGRlIGRpZmVyZW50ZXMgdGlwb3M6IGFmaWxpYWNpw7NuLCBkb25hY2nDs24gbyBjdWVzdGlvbmFyaW9zIChlbmN1ZXN0YXMsIHZvdGFjaW9uZXMuLi4pLjwvcD4KPCEtLSAvd3A6cGFyYWdyYXBoIC0tPgoKPCEtLSB3cDpwYXJhZ3JhcGggLS0+CjxwPkNvbiBlc3RhIGZ1bmNpb25hbGlkYWQsIGxhcyBhc29jaWFjaW9uZXMgcHVlZGVuIGNyZWFyIGbDoWNpbG1lbnRlIGRpZmVyZW50ZXMgdGlwb3MgZGUgZm9ybXVsYXJpb3MgZW4gbMOtbmVhIGFkYXB0YWRvcyBhIHN1cyBuZWNlc2lkYWRlczogZm9ybXVsYXJpb3MgZGUgYWZpbGlhY2nDs24sIHJlY2F1ZGFjacOzbiBkZSBkb25hY2lvbmVzLCBpbnNjcmlwY2lvbmVzIGEgZXZlbnRvcywgY3Vlc3Rpb25hcmlvcyBkZSBzYXRpc2ZhY2Npw7NuLCBlbmN1ZXN0YXMgbyBpbmNsdXNvIHZvdGFjaW9uZXMgZW4gbMOtbmVhLiA8L3A+CjwhLS0gL3dwOnBhcmFncmFwaCAtLT4KCjwhLS0gd3A6cGFyYWdyYXBoIC0tPgo8cD5Ub2RhcyBsYXMgcmVzcHVlc3RhcyBzZSBjZW50cmFsaXphbiBhdXRvbcOhdGljYW1lbnRlIGVuIGxhIHBsYXRhZm9ybWEgcGFyYSBzaW1wbGlmaWNhciBsYSBnZXN0acOzbiBkZSBsb3MgbWllbWJyb3MsIGVsIHNlZ3VpbWllbnRvIGRlIGxvcyBwYXJ0aWNpcGFudGVzIHkgbGEgb3JnYW5pemFjacOzbiBkZSBsYSB2aWRhIGFzb2NpYXRpdmEuIFVuYSBzb2x1Y2nDs24gcHLDoWN0aWNhIHBhcmEgPHN0cm9uZz5haG9ycmFyIHRpZW1wbzwvc3Ryb25nPiwgbWVqb3JhciBsYSBjb211bmljYWNpw7NuIHkgZGlnaXRhbGl6YXIgbG9zIHRyw6FtaXRlcyBkZSBzdSBhc29jaWFjacOzbi48L3A+CjwhLS0gL3dwOnBhcmFncmFwaCAtLT4KCjwhLS0gd3A6c3BhY2VyIHsiaGVpZ2h0IjoiMjBweCJ9IC0tPgo8ZGl2IHN0eWxlPSJoZWlnaHQ6MjBweCIgYXJpYS1oaWRkZW49InRydWUiIGNsYXNzPSJ3cC1ibG9jay1zcGFjZXIiPjwvZGl2Pgo8IS0tIC93cDpzcGFjZXIgLS0+Cgo8IS0tIHdwOnBhcmFncmFwaCAtLT4KPHA+UGFyYSBzYWJlciBtw6FzIHNvYnJlIGxvcyBmb3JtdWxhcmlvczo8L3A+CjwhLS0gL3dwOnBhcmFncmFwaCAtLT4KCjwhLS0gd3A6bGlzdCAtLT4KPHVsIGNsYXNzPSJ3cC1ibG9jay1saXN0Ij48IS0tIHdwOmxpc3QtaXRlbSAtLT4KPGxpPkxvcyBjdWVzdGlvbmFyaW9zIChlbmN1ZXN0YXMsIHZvdGFjaW9uZXMsIGluZm9ybWFjacOzbik8L2xpPgo8IS0tIC93cDpsaXN0LWl0ZW0gLS0+Cgo8IS0tIHdwOmxpc3QtaXRlbSAtLT4KPGxpPkFmaWxpYWNpw7NuIGVuIGzDrW5lYTwvbGk+CjwhLS0gL3dwOmxpc3QtaXRlbSAtLT4KCjwhLS0gd3A6bGlzdC1pdGVtIC0tPgo8bGk+RG9uYWNpb25lcyBlbiBsw61uZWE8L2xpPgo8IS0tIC93cDpsaXN0LWl0ZW0gLS0+PC91bD4KPCEtLSAvd3A6bGlzdCAtLT5jbGllbnRJZGlzVmFsaWRvcmlnaW5hbENvbnRlbnRuYW1lYXR0cmlidXRlc2NvbnRlbnRLYW5hbmFzIGxlIHBlcm1pdGUgY3JlYXIgPHN0cm9uZz5mb3JtdWxhcmlvcyBlbiBsw61uZWE8L3N0cm9uZz4gZGUgZGlmZXJlbnRlcyB0aXBvczogYWZpbGlhY2nDs24sIGRvbmFjacOzbiBvIGN1ZXN0aW9uYXJpb3MgKGVuY3Vlc3Rhcywgdm90YWNpb25lcy4uLikuZHJvcENhcGlubmVyQmxvY2tzY2xpZW50SWRpc1ZhbGlkb3JpZ2luYWxDb250ZW50bmFtZWF0dHJpYnV0ZXNjb250ZW50Q29uIGVzdGEgZnVuY2lvbmFsaWRhZCwgbGFzIGFzb2NpYWNpb25lcyBwdWVkZW4gY3JlYXIgZsOhY2lsbWVudGUgZGlmZXJlbnRlcyB0aXBvcyBkZSBmb3JtdWxhcmlvcyBlbiBsw61uZWEgYWRhcHRhZG9zIGEgc3VzIG5lY2VzaWRhZGVzOiBmb3JtdWxhcmlvcyBkZSBhZmlsaWFjacOzbiwgcmVjYXVkYWNpw7NuIGRlIGRvbmFjaW9uZXMsIGluc2NyaXBjaW9uZXMgYSBldmVudG9zLCBjdWVzdGlvbmFyaW9zIGRlIHNhdGlzZmFjY2nDs24sIGVuY3Vlc3RhcyBvIGluY2x1c28gdm90YWNpb25lcyBlbiBsw61uZWEuIGRyb3BDYXBpbm5lckJsb2Nrc2NsaWVudElkaXNWYWxpZG9yaWdpbmFsQ29udGVudG5hbWVhdHRyaWJ1dGVzY29udGVudFRvZGFzIGxhcyByZXNwdWVzdGFzIHNlIGNlbnRyYWxpemFuIGF1dG9tw6F0aWNhbWVudGUgZW4gbGEgcGxhdGFmb3JtYSBwYXJhIHNpbXBsaWZpY2FyIGxhIGdlc3Rpw7NuIGRlIGxvcyBtaWVtYnJvcywgZWwgc2VndWltaWVudG8gZGUgbG9zIHBhcnRpY2lwYW50ZXMgeSBsYSBvcmdhbml6YWNpw7NuIGRlIGxhIHZpZGEgYXNvY2lhdGl2YS4gVW5hIHNvbHVjacOzbiBwcsOhY3RpY2EgcGFyYSA8c3Ryb25nPmFob3JyYXIgdGllbXBvPC9zdHJvbmc+LCBtZWpvcmFyIGxhIGNvbXVuaWNhY2nDs24geSBkaWdpdGFsaXphciBsb3MgdHLDoW1pdGVzIGRlIHN1IGFzb2NpYWNpw7NuLmRyb3BDYXBpbm5lckJsb2Nrc2NsaWVudElkaXNWYWxpZG9yaWdpbmFsQ29udGVudG5hbWVhdHRyaWJ1dGVzaGVpZ2h0aW5uZXJCbG9ja3NjbGllbnRJZGlzVmFsaWRvcmlnaW5hbENvbnRlbnRuYW1lYXR0cmlidXRlc2NvbnRlbnRQYXJhIHNhYmVyIG3DoXMgc29icmUgbG9zIGZvcm11bGFyaW9zOmRyb3BDYXBpbm5lckJsb2Nrc2NsaWVudElkaXNWYWxpZG9yaWdpbmFsQ29udGVudG5hbWVhdHRyaWJ1dGVzb3JkZXJlZHZhbHVlc2lubmVyQmxvY2tzY2xpZW50SWRpc1ZhbGlkb3JpZ2luYWxDb250ZW50bmFtZWF0dHJpYnV0ZXNjb250ZW50TG9zIGN1ZXN0aW9uYXJpb3MgKGVuY3Vlc3Rhcywgdm90YWNpb25lcywgaW5mb3JtYWNpw7NuKWlubmVyQmxvY2tzY2xpZW50SWRpc1ZhbGlkb3JpZ2luYWxDb250ZW50bmFtZWF0dHJpYnV0ZXNjb250ZW50QWZpbGlhY2nDs24gZW4gbMOtbmVhaW5uZXJCbG9ja3NjbGllbnRJZGlzVmFsaWRvcmlnaW5hbENvbnRlbnRuYW1lYXR0cmlidXRlc2NvbnRlbnREb25hY2lvbmVzIGVuIGzDrW5lYWlubmVyQmxvY2tzZG9jdW1lbnRzbHVnRnN0YXRldmVyc2lvbjwgaHJlPSJodHRwczovL3d3dy5rYW5hbmFzLmNvbS9lcy9kb2N1bWVudGF0b24vZm9ybXVhcm9zL2ZpbGlhb24tZW4tbGluZWEvIiB0aXRsZT0iQWZpbGlhY2kgZW4gbMOtbmVhIj5hZmlsaWFjacOzbjwvYT48YSBocmVmPSJodHRwczovL3d3dy5rYW5hbmFzLmNvbS9lcy9jdW1ldHRpb24vZm9ybXVsYXJpb3MvZG9uYW9uLWVuLWxpbmVhLyIgdGl0bGU9IkRvbmFjaWVuIGzDrW5lYSI+ZG5hY2nDs248L2E+byBjbGllbnRJZGlzVmFsaWRuYW1lYXR0cmlidXRlc2NvbnRlbnRkcm9wQ2FwaW5uZXJCbG9ja3NvcmlnaW5hbENvbnRlbnRLYW5hbmFzIGxlIHBlcm1pdGUgY3JlYXIgPHN0cm9uZz5mb3JtdWxhcmlvcyBlbiBsw61uZWE8L3N0cm9uZz4gZGUgZGlmZXJlbnRlcyB0aXBvczogPGEgaHJlZj0iaHR0cHM6Ly93d3cua2FuYW5hcy5jb20vZXMvZG9jdW1lbnRhdGlvbi9mb3JtdWxhcmlvcy9hZmlsaWFjaW9uLWVuLWxpbmVhLyIgdGl0bGU9IkFmaWxpYWNpw7NuIGVuIGzDrW5lYSI+YWZpbGlhY2nDs248L2E+LCA8YSBocmVmPSJodHRwczovL3d3dy5rYW5hbmFzLmNvbS9lcy9kb2N1bWVudGF0aW9uL2Zvcm11bGFyaW9zL2RvbmFjaW9uLWVuLWxpbmVhLyIgdGl0bGU9IkRvbmFjacOzbiBlbiBsw61uZWEiPmRvbmFjacOzbjwvYT4gbyA8YSBocmVmPSJodHRwczovL3d3dy5rYW5hbmFzLmNvbS9lcy9kb2N1bWVudGF0aW9uL2Zvcm11bGFyaW9zL2VuY3Vlc3Rhcy15LXZvdGFjaW9uZXMvIiB0aXRsZT0iRW5jdWVzdGFzIHkgdm90YWNpb25lczogZm9ybXVsYXJpb3MiPmN1ZXN0aW9uYXJpb3M8L2E+IChlbmN1ZXN0YXMsIHZvdGFjaW9uZXMuLi4pLnByZXRleHRmb3JtYXRsaW5rcmV2ZXJzZU9yZGVyaGlkZW9uSG9tZWlnbm9yZUNhY2hldGV4dENvbG9yYmFja2dyb3VuZENvbG9yYWxpZ250eXBvZ3JhcGh5Zm9udFNpemVzdHlsZWNsaWVudElkaXNWYWxpZG9yaWdpbmFsQ29udGVudG5hbWVhdHRyaWJ1dGVzaGVpZ2h0aW5uZXJCbG9ja3NiY24vYnJlYWRjcnVtYi10cmFpbCAvLS0+Cgo8IS0tIHc6c3BjZSB7ImhlaWdodCI6IjMwcHgifSAtLT4KPGRpdiBzdHlsZT0iaGVpZ2h0OjMwcHgiIHJpYS1oaWRkZW49InRydWUiIGNsYXNzPSJ3cC1ibG9jay1zcGFjZXIiPjwvZGl2Pgo8IS0tIC93cDpzcGFjZXIgLS0+Cgo8IS0tIHdwOnBhcmE8IGhyZT0iaHR0cHM6Ly93d3cua2FuYW5hcy5jb20vZXMvZG9jdW1lbnRhdG9uL2Zvcm11YXJvcy9maWxpYW9uLWVuLWxpbmVhLyIgdGl0bGU9IkFmaWxpYWNpIGVuIGzDrW5lYSI+YWZpbGlhY2nDs248L2E+PGEgaHJlZj0iaHR0cHM6Ly93d3cua2FuYW5hcy5jb20vZXMvY3VtZXR0aW9uL2Zvcm11bGFyaW9zL2RvbmFvbi1lbi1saW5lYS8iIHRpdGxlPSJEb25hY2llbiBsw61uZWEiPmRuYWNpw7NuPC9hPm8gc3RhdGV2ZXJzaW9uPGEgaHJlZj0iaHR0cHM6Ly93d3cua2FuYW5hcy5jb20vZXMvZG9jdW1lbnRhdGlvbi9mb3JtdWxhcmlvcy9hZmlsaWFjaW9uLWVuLWxpbmVhLyIgdGl0bGU9IiI+QWZpbGlhY2nDs24gZW4gbMOtbmVhPC9hPjxhIGhyZWY9Imh0dHBzOi8vd3d3LmthbmFuYXMuY29tL2VzL2RvY3VtZW50YXRpb24vZm9ybXVsYXJpb3MvZG9uYWNpb24tZW4tbGluZWEvIiB0aXRsZT0iw7NuIGVuIGzDrW5lYSI+RGFjaW9uPC9hPjxhIGhyZWY9Imh0dHBzOi8vd3d3LmthbmFuYXMuY29tL2VzL2RvY3VtZW50YXRpb24vZm9ybXVsYXJpb3MvYWZpbGlhY2lvbi1lbi1saW5lYS8iIHRpdGxlPSIiPkFmaWxpYWNpw7NuIGVuIGzDrW5lYWE+PC88YSBocmVmPSJodHRwczovL3d3dy5rYW5hbmFzLmNvbS9lcy9kb2N1bWVudGF0aW9uL2Zvcm11bGFyaW9zL2RvbmFjaW9uLWVuLWxpbmVhLyIgdGl0bGU9IsOzbiBlbiBsw61uZWEiPkRhY2lvbmE+PC9zdGF0ZXZlcnNpb248YSBocmVmPSJodHRwczovL3d3dy5rYW5hbmFzLm9tL2VzL2RvY21udGF0aW9uL2Zvcm11bGFyaW8vZW5jdWVzYXMteS12b3RhY2VzLyIgdGl0bGU9IkVuY3Vlc3RzIHkgdm90YWNpb25lczogZm9tdWxhciI+Y3Vlc3Rpb25hcmlvczwvYT48YSBocmVmPSJodHRwczovL3d3dy5rYW5hbmFzLmNvbS9lcy9kb2N1bWVudGF0aW9uL2Zvcm11bGFyaW9zL2VuY3Vlc3Rhcy15LXZvdGFjaW9uZXMvIiB0aXRsZT0iRW5jdWVzdGFzIHkgdm90YWNpb25lczogZm9ybXVsYXJpb3MiPjwvYT48YSBocmVmPSJodHRwczovL3d3dy5rYW5hbmFzLm9tL2VzL2RvY21udGF0aW9uL2Zvcm11bGFyaW8vZW5jdWVzYXMteS12b3RhY2VzLyIgdGl0bGU9IkVuY3Vlc3RzIHkgdm90YWNpb25lczogZm9tdWxhciI+Y3Vlc3Rpb25hcmlvczwvYT48YSBocmVmPSJodHRwczovL3d3dy5rYW5hbmFzLmNvbS9lcy9kb2N1bWVudGF0aW9uL2Zvcm11bGFyaW9zL2VuY3Vlc3Rhcy15LXZvdGFjaW9uZXMvIiB0aXRsZT0iRW5jdWVzdGFzIHkgdm90YWNpb25lczogZm9ybXVsYXJpb3MiPjwvYT4FBwgECAYIBQoIBwgHCAYIDggOCAtIAQQJCAYFBwUHCEECoQFBBEICQQBCAEEHAkEAA4oMQQUCQQeLBBGdAQESAjZDAAINMQgHDwQKB5QBQQRCAkEAQgBBBwJBAAMcBwsIBw8ECgeeBAcLCAcPBAoHvwQHCwgHDwQKBgsIBw8ECgclBwsIBw8ECgcGCwgHDwQKBxElCwgHDwQKBwESCwgHDwQKB0MAAksACAQBBQcBBCcIAgMFHRkkBAEVGwsKAggHBApHAAsPvwcHBgQMCgsJDwUKCAUIBw8ECgYLIQMCMJIBAQQnCAIDBR0ZJAQBFRsLCgIFB5sBGZkBDgUEmwEVBJkBDgUEBQcdCQESBwoTEgUTgwIEHQkBEgcKExIFE4MCBBUBAwAAAQAAAAEGAAABAgBMAQEAGwEtQgEBAEEAAgBBAAIAQQACAEEAAEEAAgBBAABBAAIAQQACAEEAAgBBAAIAQQAAgQFBARm3uwFBBblOQQIIIQIBBCQIAQQzBCEEATkEHQYBEgxGAAEXBAYSKgoSCIECmgUGDhcVgwEIBrICswG2B6oBBJoBEwSRAQ4EAQNBAQlBAwQkCAEEMwQhBAE5BB0GARIMRgABFwRBCokBQRKqAQRBApoBEwRBApEBDgQBB0QAQSoEtQIAfQF9AX0AdwZjbG9zZWR3BmNsb3NlZHcAdwB3JDFiN2Y2ZWRhLWNlOWEtNDk5OS04ZjIyLTk0ODYyYmI0OGI3MXh32QM8cD5LYW5hbmFzIGxlIHBlcm1pdGUgY3JlYXIgPHN0cm9uZz5mb3JtdWxhcmlvcyBlbiBsw61uZWE8L3N0cm9uZz4gZGUgZGlmZXJlbnRlcyB0aXBvczogPGEgaHJlZj0iaHR0cHM6Ly93d3cua2FuYW5hcy5jb20vZG9jdW1lbnRhdGlvbi9mb3JtdWxhaXJlcy9hZGhlc2lvbi1lbi1saWduZS8iIHRpdGxlPSJBZGjDqXNpb24gZW4gbGlnbmUiPmFmaWxpYWNpw7NuPC9hPiwgPGEgaHJlZj0iaHR0cHM6Ly93d3cua2FuYW5hcy5jb20vZG9jdW1lbnRhdGlvbi9mb3JtdWxhaXJlcy9kb24tZW4tbGlnbmUvIiB0aXRsZT0iRG9uIGVuIGxpZ25lIj5kb25hY2nDs248L2E+IG8gPGEgaHJlZj0iaHR0cHM6Ly93d3cua2FuYW5hcy5jb20vZG9jdW1lbnRhdGlvbi9mb3JtdWxhaXJlcy9zb25kYWdlcy12b3Rlcy8iIHRpdGxlPSJTb25kYWdlcyBldCB2b3RlcyI+Y3Vlc3Rpb25hcmlvczwvYT4gKGVuY3Vlc3Rhcywgdm90YWNpb25lcy4uLikuPC9wPncOY29yZS9wYXJhZ3JhcGh5dyQzYjBmYTU5Ny0xYjQ1LTQ3NmMtOWZmZi0zMzNkODRhNmY3NTV4d6sCPHA+Q29uIGVzdGEgZnVuY2lvbmFsaWRhZCwgbGFzIGFzb2NpYWNpb25lcyBwdWVkZW4gY3JlYXIgZsOhY2lsbWVudGUgZGlmZXJlbnRlcyB0aXBvcyBkZSBmb3JtdWxhcmlvcyBlbiBsw61uZWEgYWRhcHRhZG9zIGEgc3VzIG5lY2VzaWRhZGVzOiBmb3JtdWxhcmlvcyBkZSBhZmlsaWFjacOzbiwgcmVjYXVkYWNpw7NuIGRlIGRvbmFjaW9uZXMsIGluc2NyaXBjaW9uZXMgYSBldmVudG9zLCBjdWVzdGlvbmFyaW9zIGRlIHNhdGlzZmFjY2nDs24sIGVuY3Vlc3RhcyBvIGluY2x1c28gdm90YWNpb25lcyBlbiBsw61uZWEuIDwvcD53DmNvcmUvcGFyYWdyYXBoeXckMmU4YjEwYWYtMzRmNC00YzUwLTg5YjQtNDY0ZDBlZWEyMmRkeHfOAjxwPlRvZGFzIGxhcyByZXNwdWVzdGFzIHNlIGNlbnRyYWxpemFuIGF1dG9tw6F0aWNhbWVudGUgZW4gbGEgcGxhdGFmb3JtYSBwYXJhIHNpbXBsaWZpY2FyIGxhIGdlc3Rpw7NuIGRlIGxvcyBtaWVtYnJvcywgZWwgc2VndWltaWVudG8gZGUgbG9zIHBhcnRpY2lwYW50ZXMgeSBsYSBvcmdhbml6YWNpw7NuIGRlIGxhIHZpZGEgYXNvY2lhdGl2YS4gVW5hIHNvbHVjacOzbiBwcsOhY3RpY2EgcGFyYSA8c3Ryb25nPmFob3JyYXIgdGllbXBvPC9zdHJvbmc+LCBtZWpvcmFyIGxhIGNvbXVuaWNhY2nDs24geSBkaWdpdGFsaXphciBsb3MgdHLDoW1pdGVzIGRlIHN1IGFzb2NpYWNpw7NuLjwvcD53DmNvcmUvcGFyYWdyYXBoeXckMDU3YTY2NDgtMmU2MC00YjQyLTlhNDgtNzRlNTRhM2Y5NGYxeHdKPGRpdiBzdHlsZT0iaGVpZ2h0OjIwcHgiIGFyaWEtaGlkZGVuPSJ0cnVlIiBjbGFzcz0id3AtYmxvY2stc3BhY2VyIj48L2Rpdj53C2NvcmUvc3BhY2VydwQyMHB4dyQ5YmVkM2NmNC1jNWFhLTQ4NGMtOGM0NC1lYTNhMWVjNmNhODF4dy08cD5QYXJhIHNhYmVyIG3DoXMgc29icmUgbG9zIGZvcm11bGFyaW9zOjwvcD53DmNvcmUvcGFyYWdyYXBoeXckZTZkNGVhZDUtNzNjNC00M2JhLTg4OTEtM2U4OGUyYzVhYjg5eHcjPHVsIGNsYXNzPSJ3cC1ibG9jay1saXN0Ij4KCgoKPC91bD53CWNvcmUvbGlzdHl3AHckMzY3Y2MxYmMtODY5NC00NDY1LTljMjktZGE5MTkzYjJiY2M5eHeuATxsaT48YSBocmVmPSJodHRwczovL3d3dy5rYW5hbmFzLmNvbS9kb2N1bWVudGF0aW9uL2xlcy1mb3JtdWxhaXJlcy9zb25kYWdlcy12b3Rlcy8iIHRpdGxlPSJTb25kYWdlcyBldCB2b3RlcyI+TG9zIGN1ZXN0aW9uYXJpb3M8L2E+IChlbmN1ZXN0YXMsIHZvdGFjaW9uZXMsIGluZm9ybWFjacOzbik8L2xpPncOY29yZS9saXN0LWl0ZW13JDMxYWE3NWYzLTZjMWMtNDhlMC1hM2I0LTY4ZjkxOWY4NWNjNHh3kAE8bGk+PGEgaHJlZj0iaHR0cHM6Ly93d3cua2FuYW5hcy5jb20vZG9jdW1lbnRhdGlvbi9sZXMtZm9ybXVsYWlyZXMvYWRoZXNpb24tZW4tbGlnbmUvIiB0aXRsZT0iQWRow6lzaW9uIGVuIGxpZ25lIj5BZmlsaWFjacOzbiBlbiBsw61uZWE8L2E+PC9saT53DmNvcmUvbGlzdC1pdGVtdyRjOTYxNWVjMC1lNTc1LTQ0ODMtODUzOC1kNGY3ODYwYzUyODl4d4ABPGxpPjxhIGhyZWY9Imh0dHBzOi8vd3d3LmthbmFuYXMuY29tL2RvY3VtZW50YXRpb24vZm9ybXVsYWlyZXMvZG9uLWVuLWxpZ25lLyIgdGl0bGU9IkRvbiBlbiBsaWduZSI+RG9uYWNpb25lcyBlbiBsw61uZWE8L2E+PC9saT53DmNvcmUvbGlzdC1pdGVtdwdwdWJsaXNodxMyMDI2LTA1LTExVDE1OjMzOjM4dwtmb3JtdWxhcmlvc00AdyQxN2Q1NjQ3Ni00OWViLTRmY2UtODQyMC1jNjczOTE1OGUyMmJ4dw5jb3JlL3BhcmFncmFwaHl3JDE3ZDU2NDc2LTQ5ZWItNGZjZS04NDIwLWM2NzM5MTU4ZTIyYnckMWI3ZjZlZGEtY2U5YS00OTk5LThmMjItOTQ4NjJiYjQ4Yjcxd9kDPHA+S2FuYW5hcyBsZSBwZXJtaXRlIGNyZWFyIDxzdHJvbmc+Zm9ybXVsYXJpb3MgZW4gbMOtbmVhPC9zdHJvbmc+IGRlIGRpZmVyZW50ZXMgdGlwb3M6IDxhIGhyZWY9Imh0dHBzOi8vd3d3LmthbmFuYXMuY29tL2RvY3VtZW50YXRpb24vZm9ybXVsYWlyZXMvYWRoZXNpb24tZW4tbGlnbmUvIiB0aXRsZT0iQWRow6lzaW9uIGVuIGxpZ25lIj5hZmlsaWFjacOzbjwvYT4sIDxhIGhyZWY9Imh0dHBzOi8vd3d3LmthbmFuYXMuY29tL2RvY3VtZW50YXRpb24vZm9ybXVsYWlyZXMvZG9uLWVuLWxpZ25lLyIgdGl0bGU9IkRvbiBlbiBsaWduZSI+ZG9uYWNpw7NuPC9hPiBvIDxhIGhyZWY9Imh0dHBzOi8vd3d3LmthbmFuYXMuY29tL2RvY3VtZW50YXRpb24vZm9ybXVsYWlyZXMvc29uZGFnZXMtdm90ZXMvIiB0aXRsZT0iU29uZGFnZXMgZXQgdm90ZXMiPmN1ZXN0aW9uYXJpb3M8L2E+IChlbmN1ZXN0YXMsIHZvdGFjaW9uZXMuLi4pLjwvcD53JDE5ZTU5YzhlLWY1MTEtNDMzNy04MjlkLTNlOGQzMTU1ZTNkNHcAdxRiY24vYnJlYWRjcnVtYi10cmFpbHcAdxNicmVhZGNydW1ibGlzdF9yZGZheHl5eHcAdwB3AHcAdwB1AHckNjA2M2JkMGYtNmI0NS00NjM1LTkzYjQtZDNkNDE2MmFmOTljeHdKPGRpdiBzdHlsZT0iaGVpZ2h0OjMwcHgiIGFyaWEtaGlkZGVuPSJ0cnVlIiBjbGFzcz0id3AtYmxvY2stc3BhY2VyIj48L2Rpdj53C2NvcmUvc3BhY2VydwQzMHB4e0J54X3MRMAAfYHRyecGDgAbAATR66OsCEgBAQEYC\/ZdCMUnCCABAWQAAQMBIwEHAQABAwEyBAMCIAIDAQABOAQDAxwBBQEAAREBCwEFAQUCAAEWBAOKBgUBEQEpAQkBEQEHAYABAdkCAgUBDQEWARQBQgEHAQUBsQEBcgH1A4sCaREDXVkBEhQDNlADDRIDMQUBCQEAAQEBzwPwBElGaREDLVkBEhIDCFADDRADAQ8CBAEBwejkswMDAOQBAQAGAJr59v8CAQAA\/8C5dgIAhwGVAwE=\",\"updateId\":200392838}","footnotes":""},"class_list":["post-6377","page","type-page","status-publish"],"aioseo_notices":[],"_links":{"self":[{"href":"https:\/\/www.kananas.com\/es\/wp-json\/wp\/v2\/pages\/6377","targetHints":{"allow":["GET"]}}],"collection":[{"href":"https:\/\/www.kananas.com\/es\/wp-json\/wp\/v2\/pages"}],"about":[{"href":"https:\/\/www.kananas.com\/es\/wp-json\/wp\/v2\/types\/page"}],"author":[{"embeddable":true,"href":"https:\/\/www.kananas.com\/es\/wp-json\/wp\/v2\/users\/1"}],"replies":[{"embeddable":true,"href":"https:\/\/www.kananas.com\/es\/wp-json\/wp\/v2\/comments?post=6377"}],"version-history":[{"count":8,"href":"https:\/\/www.kananas.com\/es\/wp-json\/wp\/v2\/pages\/6377\/revisions"}],"predecessor-version":[{"id":6641,"href":"https:\/\/www.kananas.com\/es\/wp-json\/wp\/v2\/pages\/6377\/revisions\/6641"}],"up":[{"embeddable":true,"href":"https:\/\/www.kananas.com\/es\/wp-json\/wp\/v2\/pages\/4864"}],"wp:attachment":[{"href":"https:\/\/www.kananas.com\/es\/wp-json\/wp\/v2\/media?parent=6377"}],"curies":[{"name":"wp","href":"https:\/\/api.w.org\/{rel}","templated":true}]}}