{"id":3,"date":"2024-08-29T11:23:40","date_gmt":"2024-08-29T09:23:40","guid":{"rendered":"https:\/\/www.kananas.com\/estkaladclub9411\/adhesion\/"},"modified":"2026-02-15T07:40:34","modified_gmt":"2026-02-15T06:40:34","slug":"adhesion","status":"publish","type":"page","link":"https:\/\/www.kananas.com\/estkaladclub9411\/adhesion\/","title":{"rendered":"Adh\u00e9sion"},"content":{"rendered":"<table style=\"width: 98.8696%;border-collapse: collapse;background-color: #2d4b96;border-color: #000000;height: 361px\">\n<tbody>\n<tr>\n<td style=\"width: 33.3333%;text-align: center\">\n<h2><a href=\"http:\/\/www.kananas.com\/estkaladclub9411\/wp-content\/uploads\/sites\/2306\/2026\/02\/creneaux-ado.jpg\" target=\"_blank\" rel=\"noopener\"><span style=\"color: #00ffff\"><span style=\"text-decoration: underline\">\u21d2<\/span><\/span><\/a><span style=\"text-decoration: underline\"><span style=\"color: #00ffff;text-decoration: underline\"><a style=\"color: #00ffff;text-decoration: underline\" href=\"http:\/\/www.kananas.com\/estkaladclub9411\/wp-content\/uploads\/sites\/2306\/2026\/02\/creneaux-adultes.jpg\" target=\"_blank\" rel=\"noopener\"> Cr\u00e9neaux Adultes<\/a><\/span><\/span><\/h2>\n<table style=\"border-collapse: collapse;width: 99.1371%;height: 158px\">\n<tbody>\n<tr style=\"height: 24px\">\n<td style=\"width: 100%;height: 24px\">\n<h2><span style=\"text-decoration: underline;color: #ffff00\"><a style=\"color: #ffff00\" href=\"http:\/\/www.kananas.com\/estkaladclub9411\/wp-content\/uploads\/sites\/2306\/2026\/02\/creneaux-ado.jpg\" target=\"_blank\" rel=\"noopener\">\u21d2<\/a><a style=\"color: #ffff00;text-decoration: underline\" href=\"http:\/\/www.kananas.com\/estkaladclub9411\/wp-content\/uploads\/sites\/2306\/2026\/02\/creneaux-ado.jpg\" target=\"_blank\" rel=\"noopener\"> Cr\u00e9neaux Ado<\/a><\/span><\/h2>\n<\/td>\n<\/tr>\n<tr style=\"height: 105px\">\n<td style=\"width: 100%;height: 105px\">\n<h2><a href=\"http:\/\/www.kananas.com\/estkaladclub9411\/wp-content\/uploads\/sites\/2306\/2026\/02\/CRENEAUX-MARMAILLES-25_26.jpeg\" target=\"_blank\" rel=\"noopener\"><span style=\"color: #00ff00\"><span style=\"text-decoration: underline\">\u21d2 Cr\u00e9neaux Enfants<\/span><\/span><\/a><\/h2>\n<\/td>\n<\/tr>\n<\/tbody>\n<\/table>\n<h1><strong><a href=\"http:\/\/www.kananas.com\/estkaladclub9411\/wp-content\/uploads\/sites\/2306\/2026\/02\/Tarifs_EKC.jpg\" target=\"_blank\" rel=\"noopener\"><span style=\"color: #00ccff\"><span style=\"color: #ffffff\"><span style=\"text-decoration: underline\">\u21d2<\/span><\/span><span style=\"text-decoration: underline\"><span style=\"color: #ffffff;text-decoration: underline\"> Les Tarifs<\/span><\/span><\/span><\/a><\/strong><\/h1>\n<\/td>\n<\/tr>\n<\/tbody>\n<\/table>\n<p><img loading=\"lazy\" decoding=\"async\" class=\" wp-image-185 aligncenter\" src=\"http:\/\/www.kananas.com\/estkaladclub9411\/wp-content\/uploads\/sites\/2306\/2024\/09\/20230826_191732-1-300x135.jpg\" alt=\"\" width=\"427\" height=\"192\" srcset=\"https:\/\/www.kananas.com\/estkaladclub9411\/wp-content\/uploads\/sites\/2306\/2024\/09\/20230826_191732-1-300x135.jpg 300w, https:\/\/www.kananas.com\/estkaladclub9411\/wp-content\/uploads\/sites\/2306\/2024\/09\/20230826_191732-1-1024x462.jpg 1024w, https:\/\/www.kananas.com\/estkaladclub9411\/wp-content\/uploads\/sites\/2306\/2024\/09\/20230826_191732-1-768x346.jpg 768w, https:\/\/www.kananas.com\/estkaladclub9411\/wp-content\/uploads\/sites\/2306\/2024\/09\/20230826_191732-1-1536x692.jpg 1536w, https:\/\/www.kananas.com\/estkaladclub9411\/wp-content\/uploads\/sites\/2306\/2024\/09\/20230826_191732-1-2048x923.jpg 2048w\" sizes=\"auto, (max-width: 427px) 100vw, 427px\" \/><\/p>\n<p>Les inscriptions se feront \u00e0 compter du \u00a031 Ao\u00fbt 2025 et les cours commencent le 02 Septembre 2025.<\/p>\n<p>Nous acceptons les enfants n\u00e9s en 2022 et avant.<br \/>\nPour les tous les enfants les cours ont lieu une fois par semaine, ils durent de 1H \u00e0 4 ans \u00e0 2h \u00e0 partir de 12 ans.<br \/>\nLe mat\u00e9riel de s\u00e9curit\u00e9, la licence FFME et l\u2019assurance sont compris dans les tarifs annonc\u00e9s.<\/p>\n<p>Pour l&rsquo;inscription :<\/p>\n<p><strong>Renseignements sur place au gymnase, tous les soirs \u00e0 partir de 17h<\/strong><\/p>\n<p><strong>Mail : secretariat.ekc@gmail.com<\/strong><\/p>\n<p><strong>Lorane : 06.93.40.00.81<\/strong><\/p>\n<p>&nbsp;<\/p>\n","protected":false},"excerpt":{"rendered":"<p>\u21d2 Cr\u00e9neaux Adultes \u21d2 Cr\u00e9neaux Ado \u21d2 Cr\u00e9neaux Enfants \u21d2 Les Tarifs Les inscriptions se feront \u00e0 compter du \u00a031 Ao\u00fbt 2025 et les cours commencent le 02 Septembre 2025. Nous acceptons les enfants n\u00e9s en 2022 et avant. Pour les tous les enfants les cours ont lieu une fois par semaine, ils durent de&#8230; <\/p>\n<div class=\"read-more navbutton\"><a href=\"https:\/\/www.kananas.com\/estkaladclub9411\/adhesion\/\">Lire la suite<i class=\"fa fa-angle-double-right\"><\/i><\/a><\/div>\n","protected":false},"author":2408,"featured_media":0,"parent":0,"menu_order":0,"comment_status":"closed","ping_status":"closed","template":"","meta":{"_crdt_document":"","footnotes":""},"class_list":["post-3","page","type-page","status-publish","hentry"],"_links":{"self":[{"href":"https:\/\/www.kananas.com\/estkaladclub9411\/wp-json\/wp\/v2\/pages\/3","targetHints":{"allow":["GET"]}}],"collection":[{"href":"https:\/\/www.kananas.com\/estkaladclub9411\/wp-json\/wp\/v2\/pages"}],"about":[{"href":"https:\/\/www.kananas.com\/estkaladclub9411\/wp-json\/wp\/v2\/types\/page"}],"author":[{"embeddable":true,"href":"https:\/\/www.kananas.com\/estkaladclub9411\/wp-json\/wp\/v2\/users\/2408"}],"replies":[{"embeddable":true,"href":"https:\/\/www.kananas.com\/estkaladclub9411\/wp-json\/wp\/v2\/comments?post=3"}],"version-history":[{"count":10,"href":"https:\/\/www.kananas.com\/estkaladclub9411\/wp-json\/wp\/v2\/pages\/3\/revisions"}],"predecessor-version":[{"id":347,"href":"https:\/\/www.kananas.com\/estkaladclub9411\/wp-json\/wp\/v2\/pages\/3\/revisions\/347"}],"wp:attachment":[{"href":"https:\/\/www.kananas.com\/estkaladclub9411\/wp-json\/wp\/v2\/media?parent=3"}],"curies":[{"name":"wp","href":"https:\/\/api.w.org\/{rel}","templated":true}]}}