{"id":34,"date":"2024-09-12T18:16:27","date_gmt":"2024-09-12T16:16:27","guid":{"rendered":"https:\/\/www.kananas.com\/estkaladclub9411\/?page_id=34"},"modified":"2024-09-12T18:25:12","modified_gmt":"2024-09-12T16:25:12","slug":"la-charte-du-grimpeur","status":"publish","type":"page","link":"https:\/\/www.kananas.com\/estkaladclub9411\/le-club\/la-charte-du-grimpeur\/","title":{"rendered":"LA CHARTE DU GRIMPEUR"},"content":{"rendered":"<h2 class=\"single-content_title title\">Charte du grimpeur sympa<\/h2>\n<div class=\"single-content_content\">\n<div class=\"ob-sections\">\n<div class=\"ob-section ob-section-html \">\n<div class=\"page\" title=\"Page 1\">\n<div class=\"ob-h1 western\" lang=\"fr-FR\" align=\"CENTER\">Charte du Grimpeur EKCien<\/div>\n<p>&nbsp;<\/p>\n<p>&nbsp;<\/p>\n<p><strong>Bonjour \u00e0 toi cher grimpeur !<\/strong><\/p>\n<p>&nbsp;<\/p>\n<p>Tu souhaites rentrer (ou rester !) dans la grande famille du club d\u2019escalade de St Andr\u00e9\u2026 Tu ne le regretteras pas! Toutefois, voici quelques r\u00e8gles de base \u00e0 appliquer contribuant au bon fonctionnement de l\u2019association.<\/p>\n<p>&nbsp;<\/p>\n<p>Article 1\u00a0: Les tapis n\u2019\u00e9tant pas une esp\u00e8ce v\u00e9g\u00e9tale poussant au pied des voies, il faut\u00a0parfois les d\u00e9placer.\u00a0<strong>Mes bras<\/strong>\u00a0(m\u00eame daub\u00e9s par une s\u00e9ance intensive) seront tr\u00e8s\u00a0appr\u00e9ci\u00e9s pour\u00a0<strong>la mise en place et\/ou le rangement des tapis<\/strong>,\u00a0ainsi le\u00a0temps de grimpe\u00a0sera prolong\u00e9\u00a0au maximum.<\/p>\n<p>&nbsp;<\/p>\n<p>Article 2\u00a0: Le club, apr\u00e8s de longues recherches, n\u2019a pu obtenir la collaboration d\u2019un charmeur de cordes, donc\u00a0<strong>je love et range les cordes avec joie en fin de s\u00e9ance<\/strong>\u00a0en prenant soin au pr\u00e9alable de remettre la drisse en haut du couloir que je quitte.<\/p>\n<p>&nbsp;<\/p>\n<p>Article 3\u00a0: Afin de toujours grimper sur un mur beau et brillant, en g\u00e9n\u00e9ral 3 cessions par an sont consacr\u00e9es au nettoyage\/d\u00e9montage des prises sur les sites de Michel DEBRE, Jean PERRIN et la salle de pan. Soucieux de la qualit\u00e9 de ma grimpe,\u00a0<strong>je participe \u00e0 au moins une demi-journ\u00e9e de nettoyage dans l\u2019ann\u00e9e<\/strong>.<\/p>\n<p>&nbsp;<\/p>\n<p>Article 4\u00a0: Le club est un endroit convivial o\u00f9 des personnes aimables et polies se c\u00f4toient.<\/p>\n<p>Lorsque je d\u00e9cide de venir grimper,\u00a0<strong>je pense \u00e0 dire \u00ab bonjour \u00bb<\/strong>\u00a0(\u00e7a marche aussi, dans d\u2019autres langues)\u00a0<strong>aux grimpeurs et \u00e0 l\u2019encadrant<\/strong>\u00a0assurant le cr\u00e9neau de fa\u00e7on \u00e0 au moins signaler ma pr\u00e9sence.<\/p>\n<p>&nbsp;<\/p>\n<p>Article 5\u00a0: Le club d\u2019escalade ne se limite pas exclusivement aux cr\u00e9neaux hebdomadaires, les<\/p>\n<p>manifestations organis\u00e9es tout au long de l\u2019ann\u00e9e ainsi que l\u2019Assembl\u00e9e G\u00e9n\u00e9rale font parties de la vie du club ; ma participation \u00e0 ces divers \u00e9v\u00e8nements contribue \u00e0 resserrer les liens entre les adh\u00e9rents et \u00e0 me faire de nouveaux amis.\u00a0<strong>Je m&rsquo;engage \u00e0 venir aider lors des manifestations.<\/strong><\/p>\n<p>&nbsp;<\/p>\n<p>Article 6\u00a0: Afin de valider mes connaissances en escalade et de me donner des objectifs de<\/p>\n<p>niveau \u00e0 atteindre, j<strong>e peux passer les diff\u00e9rents types de passeport<\/strong>\u00a0et afin que la race des<\/p>\n<p>initiateurs ne s\u2019\u00e9teigne pas\u00a0<strong>je peux passer le dipl\u00f4me d\u2019initiateur<\/strong>\u00a0et ainsi la perp\u00e9tuer.<\/p>\n<p>&nbsp;<\/p>\n<p>Article 7\u00a0: Les articles 3 et 5 sont tr\u00e8s importants aux yeux des dirigeants EKCiens, et comme le b\u00e9n\u00e9vole est une esp\u00e8ce en voie de disparition, les coups de main deviennent imp\u00e9ratifs.<\/p>\n<p><strong>Je fais un ch\u00e8que \u00ab action b\u00e9n\u00e9volat \u00bb de 50 \u20ac par famille et je m&rsquo;engage \u00e0 participer d&rsquo;une fa\u00e7on ou d&rsquo;une autre \u00e0 la vie du club.<\/strong>\u00a0Soit je viens participer \u00e0 une action du club, et ce sera l&rsquo;occasion de rencontrer de nouvelles personnes en dehors de mon groupe , dans ce cas je r\u00e9cup\u00e8re mon ch\u00e8que . Soit je ne viens pas, et mon ch\u00e8que est encaiss\u00e9 pour que ces \u00e9v\u00e8nements aient lieu.<\/p>\n<p>&nbsp;<\/p>\n<p>&nbsp;<\/p>\n<p>J\u2019ai lu attentivement cette charte et pour adh\u00e9rer au club, j&rsquo;accepte chacun des points qui la constituent.<\/p>\n<\/div>\n<\/div>\n<\/div>\n<\/div>\n","protected":false},"excerpt":{"rendered":"<p>Charte du grimpeur sympa Charte du Grimpeur EKCien &nbsp; &nbsp; Bonjour \u00e0 toi cher grimpeur ! &nbsp; Tu souhaites rentrer (ou rester !) dans la grande famille du club d\u2019escalade de St Andr\u00e9\u2026 Tu ne le regretteras pas! Toutefois, voici quelques r\u00e8gles de base \u00e0 appliquer contribuant au bon fonctionnement de l\u2019association. &nbsp; Article 1\u00a0:&#8230; <\/p>\n<div class=\"read-more navbutton\"><a href=\"https:\/\/www.kananas.com\/estkaladclub9411\/le-club\/la-charte-du-grimpeur\/\">Lire la suite<i class=\"fa fa-angle-double-right\"><\/i><\/a><\/div>\n","protected":false},"author":2408,"featured_media":0,"parent":38,"menu_order":0,"comment_status":"closed","ping_status":"closed","template":"","meta":{"_crdt_document":"","footnotes":""},"class_list":["post-34","page","type-page","status-publish","hentry"],"_links":{"self":[{"href":"https:\/\/www.kananas.com\/estkaladclub9411\/wp-json\/wp\/v2\/pages\/34","targetHints":{"allow":["GET"]}}],"collection":[{"href":"https:\/\/www.kananas.com\/estkaladclub9411\/wp-json\/wp\/v2\/pages"}],"about":[{"href":"https:\/\/www.kananas.com\/estkaladclub9411\/wp-json\/wp\/v2\/types\/page"}],"author":[{"embeddable":true,"href":"https:\/\/www.kananas.com\/estkaladclub9411\/wp-json\/wp\/v2\/users\/2408"}],"replies":[{"embeddable":true,"href":"https:\/\/www.kananas.com\/estkaladclub9411\/wp-json\/wp\/v2\/comments?post=34"}],"version-history":[{"count":2,"href":"https:\/\/www.kananas.com\/estkaladclub9411\/wp-json\/wp\/v2\/pages\/34\/revisions"}],"predecessor-version":[{"id":40,"href":"https:\/\/www.kananas.com\/estkaladclub9411\/wp-json\/wp\/v2\/pages\/34\/revisions\/40"}],"up":[{"embeddable":true,"href":"https:\/\/www.kananas.com\/estkaladclub9411\/wp-json\/wp\/v2\/pages\/38"}],"wp:attachment":[{"href":"https:\/\/www.kananas.com\/estkaladclub9411\/wp-json\/wp\/v2\/media?parent=34"}],"curies":[{"name":"wp","href":"https:\/\/api.w.org\/{rel}","templated":true}]}}