{"id":36,"date":"2024-09-12T18:18:21","date_gmt":"2024-09-12T16:18:21","guid":{"rendered":"https:\/\/www.kananas.com\/estkaladclub9411\/?page_id=36"},"modified":"2024-09-12T18:28:03","modified_gmt":"2024-09-12T16:28:03","slug":"labels","status":"publish","type":"page","link":"https:\/\/www.kananas.com\/estkaladclub9411\/le-club\/labels\/","title":{"rendered":"LABELS"},"content":{"rendered":"<h2 class=\"single-content_title title\">Labels<\/h2>\n<div class=\"single-content_content\">\n<div class=\"ob-sections\">\n<div class=\"ob-section ob-section-html \">\n<p>La labellisation FFME est r\u00e9gie par la pr\u00e9sente charte et par les proc\u00e9dures de gestion.<\/p>\n<p>Notre charte a pour vocation de rappeler les principes essentiels afin de garantir cette labellisation.<\/p>\n<p align=\"center\"><a href=\"https:\/\/storage.canalblog.com\/55\/76\/1356298\/103665916_o.gif\" target=\"_blank\" rel=\"noopener\" name=\"IMG_103665916\"><img decoding=\"async\" class=\"centeralign width450\" src=\"https:\/\/storage.canalblog.com\/55\/76\/1356298\/103665916.gif\" alt=\"labels\" border=\"0\" \/><\/a><\/p>\n<p align=\"center\"><strong>Charte labellisation<\/strong><\/p>\n<p>\u00a0Le club labellis\u00e9 et la F\u00e9d\u00e9ration Fran\u00e7aise de la Montagne et de l\u2019Escalade s\u2019engagent\u00a0 mutuellement \u00e0\u00a0respecter un certain nombre de crit\u00e8res.<\/p>\n<p><strong><em>La F\u00e9d\u00e9ration Fran\u00e7aise de la Montagne et de l\u2019Escalade s\u2019engage\u00a0 \u00e0\u00a0 valoriser le club labellis\u00e9.<\/em><\/strong><\/p>\n<p><strong><em>Le club labellis\u00e9 \u00a0s\u2019engage \u00e0\u00a0:<\/em><\/strong><\/p>\n<ol>\n<li>respecter les r\u00e8gles f\u00e9d\u00e9rales concernant la pratique et l&rsquo;encadrement des activit\u00e9s\u00a0;<\/li>\n<li>poursuivre son projet de club\u00a0;<\/li>\n<li>initier des actions en vue du d\u00e9veloppement durable\u00a0;<\/li>\n<li>informer r\u00e9guli\u00e8rement ses partenaires des actions du club (collectivit\u00e9s territoriales, direction d\u00e9partementale jeunesse et sports\u2026)\u00a0;<\/li>\n<li>r\u00e9pondre aux enqu\u00eates de la FFME nationale dans les d\u00e9lais requis\u00a0;<\/li>\n<li>utiliser le sigle label et ne pas ajouter au\u00a0 label d\u2019autres marques ou sigles autre que le nom du club\u00a0;<\/li>\n<li>accueillir le correspondant label pour une \u00e9ventuelle visite label annuelle\u00a0;<\/li>\n<li>le club est labellis\u00e9 pour 2 saisons cons\u00e9cutives\u00a0; \u00e0 \u00e9ch\u00e9ance, afin de conserver sa labellisation, le club s\u2019engage \u00e0 actualiser l\u2019ensemble des donn\u00e9es de son dossier\u00a0;<\/li>\n<li>ne plus utiliser le label en cas de perte.<\/li>\n<\/ol>\n<p>&nbsp;<\/p>\n<p>La signature de cette charte rend officielle l\u2019attribution du label FFME au club pour les saisons 2008-2009 et 2009-2010.<\/p>\n<p>En cas de non respect de l\u2019un des crit\u00e8res de la charte, le club sera averti par le comit\u00e9 d\u00e9partemental afin qu\u2019il puisse effectuer les ajustements n\u00e9cessaires.<\/p>\n<p>&nbsp;<\/p>\n<\/div>\n<\/div>\n<\/div>\n","protected":false},"excerpt":{"rendered":"<p>Labels La labellisation FFME est r\u00e9gie par la pr\u00e9sente charte et par les proc\u00e9dures de gestion. Notre charte a pour vocation de rappeler les principes essentiels afin de garantir cette labellisation. Charte labellisation \u00a0Le club labellis\u00e9 et la F\u00e9d\u00e9ration Fran\u00e7aise de la Montagne et de l\u2019Escalade s\u2019engagent\u00a0 mutuellement \u00e0\u00a0respecter un certain nombre de crit\u00e8res. La&#8230; <\/p>\n<div class=\"read-more navbutton\"><a href=\"https:\/\/www.kananas.com\/estkaladclub9411\/le-club\/labels\/\">Lire la suite<i class=\"fa fa-angle-double-right\"><\/i><\/a><\/div>\n","protected":false},"author":2408,"featured_media":0,"parent":38,"menu_order":0,"comment_status":"closed","ping_status":"closed","template":"","meta":{"_crdt_document":"","footnotes":""},"class_list":["post-36","page","type-page","status-publish","hentry"],"_links":{"self":[{"href":"https:\/\/www.kananas.com\/estkaladclub9411\/wp-json\/wp\/v2\/pages\/36","targetHints":{"allow":["GET"]}}],"collection":[{"href":"https:\/\/www.kananas.com\/estkaladclub9411\/wp-json\/wp\/v2\/pages"}],"about":[{"href":"https:\/\/www.kananas.com\/estkaladclub9411\/wp-json\/wp\/v2\/types\/page"}],"author":[{"embeddable":true,"href":"https:\/\/www.kananas.com\/estkaladclub9411\/wp-json\/wp\/v2\/users\/2408"}],"replies":[{"embeddable":true,"href":"https:\/\/www.kananas.com\/estkaladclub9411\/wp-json\/wp\/v2\/comments?post=36"}],"version-history":[{"count":1,"href":"https:\/\/www.kananas.com\/estkaladclub9411\/wp-json\/wp\/v2\/pages\/36\/revisions"}],"predecessor-version":[{"id":37,"href":"https:\/\/www.kananas.com\/estkaladclub9411\/wp-json\/wp\/v2\/pages\/36\/revisions\/37"}],"up":[{"embeddable":true,"href":"https:\/\/www.kananas.com\/estkaladclub9411\/wp-json\/wp\/v2\/pages\/38"}],"wp:attachment":[{"href":"https:\/\/www.kananas.com\/estkaladclub9411\/wp-json\/wp\/v2\/media?parent=36"}],"curies":[{"name":"wp","href":"https:\/\/api.w.org\/{rel}","templated":true}]}}