{"id":38,"date":"2024-09-12T18:24:20","date_gmt":"2024-09-12T16:24:20","guid":{"rendered":"https:\/\/www.kananas.com\/estkaladclub9411\/?page_id=38"},"modified":"2024-09-16T15:28:48","modified_gmt":"2024-09-16T13:28:48","slug":"le-club","status":"publish","type":"page","link":"https:\/\/www.kananas.com\/estkaladclub9411\/le-club\/","title":{"rendered":"LE CLUB"},"content":{"rendered":"<p><strong>Nous sommes un club associatif d&rsquo;escalade affili\u00e9 \u00e0 la FFME et situ\u00e9 \u00e0 St Andr\u00e9, dans le d\u00e9partement de La R\u00e9union.<\/strong><\/p>\n<p><strong>Nous proposons des cours d&rsquo;escalade pour les enfants \u00e0 partir de 4 ans et des cr\u00e9neaux grimpe en autonomie pour les adultes.<\/strong><\/p>\n<p><strong>Le club dispose de la plus grande structure de grimpe<\/strong> sur l&rsquo;\u00eele. <a href=\"https:\/\/www.google.fr\/maps\/place\/LESPAS+EKC\/@-20.9574023,55.6440713,17z\/data=!3m1!4b1!4m6!3m5!1s0x217887e9c11a6237:0x36c5a9f8bc61518a!8m2!3d-20.9574073!4d55.6466462!16s%2Fg%2F11v4__lw1f?entry=ttu&amp;g_ep=EgoyMDI0MDkxMS4wIKXMDSoASAFQAw%3D%3D\" target=\"_blank\" rel=\"noopener\"><strong>LE GYMNASE BEDIER<\/strong><\/a><\/p>\n<p>&nbsp;<\/p>\n<p><strong>Les activit\u00e9s propos\u00e9es sont :<\/strong><\/p>\n<ul>\n<li>Ecole d&rsquo;escalade (mur et sites naturels) blocs diff et vitesse<\/li>\n<li>Escalade en comp\u00e9tition<\/li>\n<li>Escalade loisir (mur et sites naturels)<\/li>\n<\/ul>\n<p><strong>Propose les passeports escalade :\u00a0<\/strong>Oui<\/p>\n<p><strong>Pr\u00eat de mat\u00e9riel :\u00a0<\/strong>Oui<\/p>\n<p><strong><label>Moyens de paiement :<\/label><\/strong><br \/>\nConvention avec les Caisses d&rsquo;Allocation Familiales : Non<br \/>\nCh\u00e8ques vacances : Non<br \/>\nCoupons sport : Oui<br \/>\nPass&rsquo;sport culture : Non<\/p>\n<dl>\n<dt><\/dt>\n<dt><a href=\"https:\/\/storage.canalblog.com\/70\/32\/1356298\/113181418_o.png\" target=\"_blank\" rel=\"noopener\" name=\"IMG_113181418\"><img decoding=\"async\" class=\"widthadapted centeralign\" src=\"https:\/\/storage.canalblog.com\/70\/32\/1356298\/113181418.png\" alt=\"Plaquette EKC p2 adh\u00e9rents\" border=\"0\" \/><\/a><\/dt>\n<\/dl>\n","protected":false},"excerpt":{"rendered":"<p>Nous sommes un club associatif d&rsquo;escalade affili\u00e9 \u00e0 la FFME et situ\u00e9 \u00e0 St Andr\u00e9, dans le d\u00e9partement de La R\u00e9union. Nous proposons des cours d&rsquo;escalade pour les enfants \u00e0 partir de 4 ans et des cr\u00e9neaux grimpe en autonomie pour les adultes. Le club dispose de la plus grande structure de grimpe sur l&rsquo;\u00eele&#8230;. <\/p>\n<div class=\"read-more navbutton\"><a href=\"https:\/\/www.kananas.com\/estkaladclub9411\/le-club\/\">Lire la suite<i class=\"fa fa-angle-double-right\"><\/i><\/a><\/div>\n","protected":false},"author":2408,"featured_media":42,"parent":0,"menu_order":0,"comment_status":"closed","ping_status":"closed","template":"","meta":{"_crdt_document":"","footnotes":""},"class_list":["post-38","page","type-page","status-publish","has-post-thumbnail","hentry"],"_links":{"self":[{"href":"https:\/\/www.kananas.com\/estkaladclub9411\/wp-json\/wp\/v2\/pages\/38","targetHints":{"allow":["GET"]}}],"collection":[{"href":"https:\/\/www.kananas.com\/estkaladclub9411\/wp-json\/wp\/v2\/pages"}],"about":[{"href":"https:\/\/www.kananas.com\/estkaladclub9411\/wp-json\/wp\/v2\/types\/page"}],"author":[{"embeddable":true,"href":"https:\/\/www.kananas.com\/estkaladclub9411\/wp-json\/wp\/v2\/users\/2408"}],"replies":[{"embeddable":true,"href":"https:\/\/www.kananas.com\/estkaladclub9411\/wp-json\/wp\/v2\/comments?post=38"}],"version-history":[{"count":3,"href":"https:\/\/www.kananas.com\/estkaladclub9411\/wp-json\/wp\/v2\/pages\/38\/revisions"}],"predecessor-version":[{"id":240,"href":"https:\/\/www.kananas.com\/estkaladclub9411\/wp-json\/wp\/v2\/pages\/38\/revisions\/240"}],"wp:featuredmedia":[{"embeddable":true,"href":"https:\/\/www.kananas.com\/estkaladclub9411\/wp-json\/wp\/v2\/media\/42"}],"wp:attachment":[{"href":"https:\/\/www.kananas.com\/estkaladclub9411\/wp-json\/wp\/v2\/media?parent=38"}],"curies":[{"name":"wp","href":"https:\/\/api.w.org\/{rel}","templated":true}]}}