{"id":58,"date":"2024-09-13T13:24:46","date_gmt":"2024-09-13T11:24:46","guid":{"rendered":"https:\/\/www.kananas.com\/estkaladclub9411\/?page_id=58"},"modified":"2024-09-16T15:26:21","modified_gmt":"2024-09-16T13:26:21","slug":"la-securite","status":"publish","type":"page","link":"https:\/\/www.kananas.com\/estkaladclub9411\/la-securite\/","title":{"rendered":"LA SECURITE"},"content":{"rendered":"<h2 class=\"single-content_title title\">Les fiches s\u00e9cu FFME<\/h2>\n<div class=\"single-content_content\">\n<div class=\"ob-sections\">\n<div class=\"ob-section ob-section-html \">\n<p>Notre club, en partenariat avec la FFME s\u2019inscrit dans une d\u00e9marche active de pr\u00e9vention des accidents sportifs visant \u00e0 pr\u00e9venir et \u00e0 pr\u00e9server, l\u2019int\u00e9grit\u00e9 physique des licenci\u00e9s, visant \u00e0 prot\u00e9ger tous les cadres b\u00e9n\u00e9voles et salari\u00e9s dans leur situation d\u2019accueil ou d\u2019encadrement.<\/p>\n<p>Les accidents sportifs ne r\u00e9sultent jamais d\u2019une cause unique, notre compr\u00e9hension collective doit nous permettre d\u2019identifier les nombreux facteurs qui ont entrain\u00e9 la r\u00e9alisation de ces sinistres.<\/p>\n<p>Nous nous devons d&rsquo;\u00eatre dans une d\u00e9marche d\u2019information, de formation permanente, d\u2019\u00e9changes pour comprendre comment l\u2019accident sportif arrive et tenter au mieux de le pr\u00e9venir.<\/p>\n<p><strong>Les lettres \u00ab\u00a0pr\u00e9vention et s\u00e9curit\u00e9\u00a0\u00bb de la FFME<\/strong>\u00a0pr\u00e9sentent ces r\u00e9flexions et les actions tr\u00e8s concr\u00e8tes entreprises par certains clubs et comit\u00e9s de la f\u00e9d\u00e9ration pour am\u00e9liorer l\u2019accueil des usagers.<\/p>\n<p>&nbsp;<\/p>\n<div class=\"page\" title=\"Page 1\">\n<div class=\"page\" title=\"Page 1\">\n<p><a href=\"https:\/\/storage.canalblog.com\/15\/99\/1356298\/113183010_o.png\" target=\"_blank\" rel=\"noopener\" name=\"IMG_113183010\"><img decoding=\"async\" class=\"widthadapted centeralign\" src=\"https:\/\/storage.canalblog.com\/15\/99\/1356298\/113183010.png\" alt=\"check liste 1\" border=\"0\" \/><\/a><\/p>\n<p><a href=\"https:\/\/storage.canalblog.com\/09\/20\/1356298\/113183018_o.png\" target=\"_blank\" rel=\"noopener\" name=\"IMG_113183018\"><img decoding=\"async\" class=\"widthadapted centeralign\" src=\"https:\/\/storage.canalblog.com\/09\/20\/1356298\/113183018.png\" alt=\"check liste 2\" border=\"0\" \/><\/a><\/p>\n<\/div>\n<\/div>\n<div class=\"page\" title=\"Page 1\">\n<p>La FFME \u00e9dite \u00e9galement des fiches s\u00e9curit\u00e9 \u00e0 retrouver ci-dessous et sur<\/p>\n<div class=\"preview-div\">\n<div class=\"preview-thumbnail\"><a href=\"http:\/\/www.ffme.fr\/fiches-ffme\/page\/techniques-escalade.html\" target=\"_blank\" rel=\"noopener\"><img decoding=\"async\" src=\"http:\/\/www.ffme.fr\/uploads\/charte-graphique\/big\/facebook.jpg\" border=\"0\" \/><\/a><\/div>\n<div class=\"preview-content\">\n<p><a href=\"http:\/\/www.ffme.fr\/fiches-ffme\/page\/techniques-escalade.html\" target=\"_blank\" rel=\"noopener\">FFME &#8211; Fiches FFME &#8211; Techniques &#8211; Escalade<\/a><\/p>\n<p>FFME &#8211; federation francaise de la montagne et de l escalade : resultats et calendrier de competition, stage decouverte, formation, 1100 clubs pour decouvrir les activites de montagne et d&rsquo;escalade.<\/p>\n<p><a href=\"http:\/\/www.ffme.fr\/\">http:\/\/www.ffme.fr<\/a><\/p>\n<\/div>\n<\/div>\n<\/div>\n<div class=\"page\" title=\"Page 1\"><\/div>\n<div class=\"page\" title=\"Page 1\"><a href=\"https:\/\/storage.canalblog.com\/10\/81\/1356298\/113182385.pdf\" target=\"_blank\" rel=\"noopener\">1_tenue_grimpeur<\/a><\/div>\n<p><a href=\"https:\/\/storage.canalblog.com\/71\/69\/1356298\/113182394.pdf\">2_noeud_huit<\/a><\/p>\n<p><a href=\"https:\/\/storage.canalblog.com\/79\/27\/1356298\/113182399.pdf\" target=\"_blank\" rel=\"noopener\">3_frein_assurage<\/a><\/p>\n<p><a href=\"https:\/\/storage.canalblog.com\/89\/41\/1356298\/113182403.pdf\" target=\"_blank\" rel=\"noopener\">4_assurage_5_temps<\/a><\/p>\n<p><a href=\"https:\/\/storage.canalblog.com\/66\/74\/1356298\/113182414.pdf\" target=\"_blank\" rel=\"noopener\">5 assurage descente<\/a><\/p>\n<p><a href=\"https:\/\/storage.canalblog.com\/54\/95\/1356298\/113182427.pdf\" target=\"_blank\" rel=\"noopener\">6 mousqueton_securite<\/a><\/p>\n<p><a href=\"https:\/\/storage.canalblog.com\/58\/46\/1356298\/113182437.pdf\" target=\"_blank\" rel=\"noopener\">7_mousquetonner<\/a><\/p>\n<p><a href=\"https:\/\/storage.canalblog.com\/90\/97\/1356298\/113182447.pdf\" target=\"_blank\" rel=\"noopener\">8_parade<\/a><\/p>\n<p><a href=\"https:\/\/storage.canalblog.com\/16\/77\/1356298\/113182466.pdf\" target=\"_blank\" rel=\"noopener\">9_plier_corde<\/a><\/p>\n<p><a href=\"https:\/\/storage.canalblog.com\/00\/58\/1356298\/113182486.pdf\" target=\"_blank\" rel=\"noopener\">10_assurage_leader<\/a><\/p>\n<p><a href=\"https:\/\/storage.canalblog.com\/91\/01\/1356298\/113182506.pdf\" target=\"_blank\" rel=\"noopener\">11_longe<\/a><\/p>\n<p><a href=\"https:\/\/storage.canalblog.com\/36\/33\/1356298\/113182521.pdf\" target=\"_blank\" rel=\"noopener\">12_types_corde<\/a><\/p>\n<p><a href=\"https:\/\/storage.canalblog.com\/96\/54\/1356298\/113182539.pdf\" target=\"_blank\" rel=\"noopener\">13_manoeuvre_maillon<\/a><\/p>\n<p><a href=\"https:\/\/storage.canalblog.com\/63\/64\/1356298\/113183025_o.png\" target=\"_blank\" rel=\"noopener\" name=\"IMG_113183025\"><img decoding=\"async\" class=\"widthadapted centeralign\" src=\"https:\/\/storage.canalblog.com\/63\/64\/1356298\/113183025.png\" alt=\"encordement\" border=\"0\" \/><\/a><\/p>\n<\/div>\n<\/div>\n<\/div>\n","protected":false},"excerpt":{"rendered":"<p>Les fiches s\u00e9cu FFME Notre club, en partenariat avec la FFME s\u2019inscrit dans une d\u00e9marche active de pr\u00e9vention des accidents sportifs visant \u00e0 pr\u00e9venir et \u00e0 pr\u00e9server, l\u2019int\u00e9grit\u00e9 physique des licenci\u00e9s, visant \u00e0 prot\u00e9ger tous les cadres b\u00e9n\u00e9voles et salari\u00e9s dans leur situation d\u2019accueil ou d\u2019encadrement. Les accidents sportifs ne r\u00e9sultent jamais d\u2019une cause unique,&#8230; <\/p>\n<div class=\"read-more navbutton\"><a href=\"https:\/\/www.kananas.com\/estkaladclub9411\/la-securite\/\">Lire la suite<i class=\"fa fa-angle-double-right\"><\/i><\/a><\/div>\n","protected":false},"author":2408,"featured_media":0,"parent":0,"menu_order":0,"comment_status":"closed","ping_status":"closed","template":"","meta":{"_crdt_document":"","footnotes":""},"class_list":["post-58","page","type-page","status-publish","hentry"],"_links":{"self":[{"href":"https:\/\/www.kananas.com\/estkaladclub9411\/wp-json\/wp\/v2\/pages\/58","targetHints":{"allow":["GET"]}}],"collection":[{"href":"https:\/\/www.kananas.com\/estkaladclub9411\/wp-json\/wp\/v2\/pages"}],"about":[{"href":"https:\/\/www.kananas.com\/estkaladclub9411\/wp-json\/wp\/v2\/types\/page"}],"author":[{"embeddable":true,"href":"https:\/\/www.kananas.com\/estkaladclub9411\/wp-json\/wp\/v2\/users\/2408"}],"replies":[{"embeddable":true,"href":"https:\/\/www.kananas.com\/estkaladclub9411\/wp-json\/wp\/v2\/comments?post=58"}],"version-history":[{"count":5,"href":"https:\/\/www.kananas.com\/estkaladclub9411\/wp-json\/wp\/v2\/pages\/58\/revisions"}],"predecessor-version":[{"id":239,"href":"https:\/\/www.kananas.com\/estkaladclub9411\/wp-json\/wp\/v2\/pages\/58\/revisions\/239"}],"wp:attachment":[{"href":"https:\/\/www.kananas.com\/estkaladclub9411\/wp-json\/wp\/v2\/media?parent=58"}],"curies":[{"name":"wp","href":"https:\/\/api.w.org\/{rel}","templated":true}]}}