{"id":62,"date":"2024-09-13T13:43:06","date_gmt":"2024-09-13T11:43:06","guid":{"rendered":"https:\/\/www.kananas.com\/estkaladclub9411\/?page_id=62"},"modified":"2024-10-12T20:36:37","modified_gmt":"2024-10-12T18:36:37","slug":"evenements","status":"publish","type":"page","link":"https:\/\/www.kananas.com\/estkaladclub9411\/evenements\/","title":{"rendered":"EVENEMENTS"},"content":{"rendered":"<div class=\"xdj266r x11i5rnm xat24cr x1mh8g0r x1vvkbs x126k92a\">\n<div dir=\"auto\">SORTIE FALAISE<\/div>\n<div dir=\"auto\"><\/div>\n<\/div>\n<div class=\"x11i5rnm xat24cr x1mh8g0r x1vvkbs xtlvy1s x126k92a\">\n<div dir=\"auto\">Bonjour \u00e0 toutes et \u00e0 tous<\/div>\n<div dir=\"auto\"><\/div>\n<\/div>\n<div class=\"x11i5rnm xat24cr x1mh8g0r x1vvkbs xtlvy1s x126k92a\">\n<div dir=\"auto\">avis aux licenci\u00e9s<\/div>\n<div dir=\"auto\">pas de s\u00e9ance marmaille pendant les vacances en revanche on vous propose une sortie escalade en ext\u00e9rieur<\/div>\n<div dir=\"auto\">le jeudi 24 octobre \u00e0 la cascade Niagara \u00e0 Saint Suzanne<\/div>\n<\/div>\n<div class=\"x11i5rnm xat24cr x1mh8g0r x1vvkbs xtlvy1s x126k92a\">\n<div dir=\"auto\">pour les microbes et poussins rdv le matin de 10H \u00e0 12H30<\/div>\n<div dir=\"auto\">pour les benjamins, ados et perf de 13H30 \u00e0 17H<\/div>\n<\/div>\n<div class=\"x11i5rnm xat24cr x1mh8g0r x1vvkbs xtlvy1s x126k92a\">\n<div dir=\"auto\">pour les plus petits nous organiserons une sortie sur un autre site plus adapt\u00e9 \u00e0 une prochaine date<\/div>\n<\/div>\n<div class=\"x11i5rnm xat24cr x1mh8g0r x1vvkbs xtlvy1s x126k92a\">\n<div dir=\"auto\">Bonne vacances \u00e0 tous<\/div>\n<div dir=\"auto\"><img loading=\"lazy\" decoding=\"async\" class=\" wp-image-227 aligncenter\" src=\"http:\/\/www.kananas.com\/estkaladclub9411\/wp-content\/uploads\/sites\/2306\/2024\/09\/20230215_140612-2-300x135.jpg\" alt=\"\" width=\"524\" height=\"236\" srcset=\"https:\/\/www.kananas.com\/estkaladclub9411\/wp-content\/uploads\/sites\/2306\/2024\/09\/20230215_140612-2-300x135.jpg 300w, https:\/\/www.kananas.com\/estkaladclub9411\/wp-content\/uploads\/sites\/2306\/2024\/09\/20230215_140612-2-1024x462.jpg 1024w, https:\/\/www.kananas.com\/estkaladclub9411\/wp-content\/uploads\/sites\/2306\/2024\/09\/20230215_140612-2-768x346.jpg 768w, https:\/\/www.kananas.com\/estkaladclub9411\/wp-content\/uploads\/sites\/2306\/2024\/09\/20230215_140612-2-1536x692.jpg 1536w, https:\/\/www.kananas.com\/estkaladclub9411\/wp-content\/uploads\/sites\/2306\/2024\/09\/20230215_140612-2-2048x923.jpg 2048w\" sizes=\"auto, (max-width: 524px) 100vw, 524px\" \/><\/div>\n<\/div>\n","protected":false},"excerpt":{"rendered":"<p>SORTIE FALAISE Bonjour \u00e0 toutes et \u00e0 tous avis aux licenci\u00e9s pas de s\u00e9ance marmaille pendant les vacances en revanche on vous propose une sortie escalade en ext\u00e9rieur le jeudi 24 octobre \u00e0 la cascade Niagara \u00e0 Saint Suzanne pour les microbes et poussins rdv le matin de 10H \u00e0 12H30 pour les benjamins, ados&#8230; <\/p>\n<div class=\"read-more navbutton\"><a href=\"https:\/\/www.kananas.com\/estkaladclub9411\/evenements\/\">Lire la suite<i class=\"fa fa-angle-double-right\"><\/i><\/a><\/div>\n","protected":false},"author":2408,"featured_media":0,"parent":0,"menu_order":0,"comment_status":"closed","ping_status":"closed","template":"","meta":{"_crdt_document":"","footnotes":""},"class_list":["post-62","page","type-page","status-publish","hentry"],"_links":{"self":[{"href":"https:\/\/www.kananas.com\/estkaladclub9411\/wp-json\/wp\/v2\/pages\/62","targetHints":{"allow":["GET"]}}],"collection":[{"href":"https:\/\/www.kananas.com\/estkaladclub9411\/wp-json\/wp\/v2\/pages"}],"about":[{"href":"https:\/\/www.kananas.com\/estkaladclub9411\/wp-json\/wp\/v2\/types\/page"}],"author":[{"embeddable":true,"href":"https:\/\/www.kananas.com\/estkaladclub9411\/wp-json\/wp\/v2\/users\/2408"}],"replies":[{"embeddable":true,"href":"https:\/\/www.kananas.com\/estkaladclub9411\/wp-json\/wp\/v2\/comments?post=62"}],"version-history":[{"count":4,"href":"https:\/\/www.kananas.com\/estkaladclub9411\/wp-json\/wp\/v2\/pages\/62\/revisions"}],"predecessor-version":[{"id":303,"href":"https:\/\/www.kananas.com\/estkaladclub9411\/wp-json\/wp\/v2\/pages\/62\/revisions\/303"}],"wp:attachment":[{"href":"https:\/\/www.kananas.com\/estkaladclub9411\/wp-json\/wp\/v2\/media?parent=62"}],"curies":[{"name":"wp","href":"https:\/\/api.w.org\/{rel}","templated":true}]}}