{"id":4656,"date":"2023-08-10T16:09:45","date_gmt":"2023-08-10T14:09:45","guid":{"rendered":"https:\/\/www.kananas.com\/it\/?page_id=4656"},"modified":"2023-08-10T16:09:45","modified_gmt":"2023-08-10T14:09:45","slug":"pickleball-club-software-di-gestione","status":"publish","type":"page","link":"https:\/\/www.kananas.com\/it\/pickleball-club-software-di-gestione\/","title":{"rendered":"pickleball club software di gestione"},"content":{"rendered":"<h1 style=\"padding-left: 40px;\">Gestisci il tuo club di pickleball online<\/h1>\n<h3 style=\"padding-left: 40px;\">Il software gratuito per le associazioni sportive<\/h3>\n<p style=\"padding-left: 40px;\"><a href=\"https:\/\/backoffice.kananas.com\/action_manager.php?event=organisation_add&#038;p=1&#038;lang=ITA\" class=\"su-button su-button-style-flat\" style=\"color:#FFFFFF;background-color:#9FBB58;border-color:#809647;border-radius:8px\" target=\"_blank\" rel=\"noopener noreferrer\"><span style=\"color:#FFFFFF;padding:0px 22px;font-size:17px;line-height:34px;border-color:#bcd08b;border-radius:8px;text-shadow:none\"> Cominciare<\/span><\/a>\n<table style=\"width: 100%; border-collapse: collapse; border-style: hidden;\">\n<tbody>\n<tr>\n<td style=\"border-style: hidden; width: 5%;\"><\/td>\n<td style=\"width: 50%; border-style: hidden; padding: 20px;\"><\/td>\n<td style=\"width: 40%; border-style: hidden; padding: 20px;\"><\/td>\n<td style=\"width: 5%; border-style: hidden;\"><\/td>\n<\/tr>\n<tr>\n<td style=\"border-style: hidden;\"><\/td>\n<td style=\"wborder-style: hidden; padding: 20px;\"><img loading=\"lazy\" decoding=\"async\" class=\"aligncenter wp-image-4563 size-large\" src=\"http:\/\/www.kananas.com\/it\/wp-content\/uploads\/sites\/2144\/2023\/07\/contatti.png\" alt=\"\" width=\"1024\" height=\"584\" \/><\/td>\n<td style=\"border-style: hidden; padding: 20px;\">\n<h3>Tutte le informazioni sui membri a portata di mano<\/h3>\n<p>Il database Kananas \u00e8 accessibile da qualsiasi luogo, anche in viaggio (soggetto a una connessione 3G). Ogni iscritto ha una scheda personalizzata in base alle proprie esigenze: numero di genitore, patente, certificato medico, storico agonistico, ecc&#8230;<\/p>\n<h3>Ricerca multicriterio<\/h3>\n<p>I filtri di ricerca ti permettono di targettizzare con precisione i destinatari delle tue campagne di comunicazione (mail e sms). Proposta per un concorso, invito per un corso di formazione o una grigliata, le potenti funzioni di comunicazione garantiscono il legame con i tuoi membri.<\/p>\n<h3>Gestione delle prestazioni e della disponibilit\u00e0<\/h3>\n<p>Grazie alla gestione della pianificazione, prepara le tue attivit\u00e0 verificando la disponibilit\u00e0 dei posti rimasti, forma i tuoi gruppi e assegna i pullman.<\/td>\n<td style=\"border-style: hidden;\"><\/td>\n<\/tr>\n<\/tbody>\n<\/table>\n<p>&nbsp;<\/p>\n<table style=\"width: 100%; border-collapse: collapse; border-style: hidden;\">\n<tbody>\n<tr>\n<td style=\"width: 10%; border-style: hidden;\"><\/td>\n<td style=\"width: 80%; border-style: hidden;\">\n<h1><strong>Pi\u00f9 tempo per lo sport e meno per la gestione grazie al tempo risparmiato dal nostro software.<\/strong><\/h1>\n<p><img loading=\"lazy\" decoding=\"async\" class=\"alignright wp-image-2515 size-medium\" src=\"https:\/\/www.kananas.com\/wp-content\/uploads\/2020\/01\/Pickleball3-300x184.png\" alt=\"logiciel gestion club athl\u00e9tisme\" width=\"300\" height=\"202\" \/><\/p>\n<p>Il sito Web e lo spazio personale consentiranno ai tuoi membri di registrarsi per le attivit\u00e0 (formazione, riunioni, concorsi, ecc.). Ci\u00f2 consentir\u00e0 loro anche di aggiornare le proprie informazioni, senza dover effettuare reinserimenti.<\/p>\n<p>Membri, supervisori, genitori, tutti avranno anche l&rsquo;opportunit\u00e0 di fare acquisti online tramite il negozio.<\/p>\n<p><img loading=\"lazy\" decoding=\"async\" class=\"alignleft wp-image-2516 size-medium\" src=\"https:\/\/www.kananas.com\/wp-content\/uploads\/2020\/01\/pickleball2-300x184.png\" alt=\"logiciel gestion club athl\u00e9tisme\" width=\"300\" height=\"204\" \/><\/p>\n<p>Con il sito web, il tuo club beneficer\u00e0 del modulo di <strong>adesione online<\/strong>, i dati inseriti dai futuri membri creeranno automaticamente la loro scheda nel tuo database.<\/p>\n<p>Personalizza i file aggiungendo campi (professione, livello, licenza, ecc.), aggiungi note sui file a seguire.<\/p>\n<p>Migliora le tue comunicazioni tramite le funzionalit\u00e0 <strong>Mailing<\/strong> e <strong>SMS<\/strong>, avvisa rapidamente che la competizione del giorno successivo \u00e8 annullata con l&rsquo;invio di SMS direttamente dall&rsquo;applicazione.<\/td>\n<td style=\"width: 10%; border-style: hidden;\"><\/td>\n<\/tr>\n<\/tbody>\n<\/table>\n<div style=\"text-align: center; padding: 10px; margin-top: 20px; margin-bottom: 20px;\"><a href=\"https:\/\/backoffice.kananas.com\/action_manager.php?event=organisation_add&#038;p=1&#038;lang=ITA\" class=\"su-button su-button-style-flat\" style=\"color:#FFFFFF;background-color:#9FBB58;border-color:#809647;border-radius:8px\" target=\"_blank\" rel=\"noopener noreferrer\"><span style=\"color:#FFFFFF;padding:0px 22px;font-size:17px;line-height:34px;border-color:#bcd08b;border-radius:8px;text-shadow:none\"> Cominciare<\/span><\/a><\/div>\n<div><\/div>\n<table class=\" aligncenter\" style=\"width: 100%; border-collapse: collapse; border-style: hidden; background-color: #17a2b8; border-color: #17a2b8;\" cellpadding=\"40px\">\n<tbody>\n<tr>\n<td style=\"width: 10%; text-align: center; vertical-align: top; padding: 40px; border-style: hidden;\" colspan=\"5\">&nbsp;<\/p>\n<h1><span style=\"color: #ffffff;\">Semplifica la gestione del tuo club con un unico strumento sicuro e protetto che ti offre<\/span><\/h1>\n<\/td>\n<\/tr>\n<tr>\n<td style=\"width: 10%; text-align: center; vertical-align: top; padding: 40px; border-style: hidden;\"><\/td>\n<td style=\"text-align: center; vertical-align: top; padding: 40px; border-style: hidden;\"><div class=\"su-note shaded\"  style=\"border-color:#e5e5e5;border-radius:3px;-moz-border-radius:3px;-webkit-border-radius:3px;\"><div class=\"su-note-inner su-u-clearfix su-u-trim\" style=\"background-color:#FFFFFF;border-color:#ffffff;color:#333333;border-radius:3px;-moz-border-radius:3px;-webkit-border-radius:3px;\">\n<div>\n<h3>Abbonamenti<\/h3>\n<p><img decoding=\"async\" src=\"http:\/\/www.kananas.com\/wp-content\/uploads\/2018\/12\/handshake.png\" alt=\"adh\u00e9sions\" width=\"90\" \/><\/p>\n<\/div>\n<div>Iscrizione al tuo club online, con inserimento delle informazioni e pagamento delle quote associative. Dimensioni, numeri di emergenza, cartelle sono configurabili.<\/div>\n<\/div><\/div><\/td>\n<td style=\"text-align: center; vertical-align: top; padding: 40px; border-style: hidden;\"><div class=\"su-note shaded\"  style=\"border-color:#e5e5e5;border-radius:3px;-moz-border-radius:3px;-webkit-border-radius:3px;\"><div class=\"su-note-inner su-u-clearfix su-u-trim\" style=\"background-color:#FFFFFF;border-color:#ffffff;color:#333333;border-radius:3px;-moz-border-radius:3px;-webkit-border-radius:3px;\">\n<div>\n<h3>Sito web<\/h3>\n<p><img decoding=\"async\" src=\"http:\/\/www.kananas.com\/wp-content\/uploads\/2018\/12\/web-site-builder.png\" alt=\"website\" width=\"70px\" \/><\/p>\n<\/div>\n<div>Gestisci il tuo sito web senza conoscenze informatiche e offri ai tuoi atleti uno spazio personale e un negozio online.<\/div>\n<\/div><\/div><\/td>\n<td style=\"text-align: center; vertical-align: top; padding: 40px; border-style: hidden;\"><div class=\"su-note shaded\"  style=\"border-color:#e5e5e5;border-radius:3px;-moz-border-radius:3px;-webkit-border-radius:3px;\"><div class=\"su-note-inner su-u-clearfix su-u-trim\" style=\"background-color:#FFFFFF;border-color:#ffffff;color:#333333;border-radius:3px;-moz-border-radius:3px;-webkit-border-radius:3px;\">\n<div>\n<h3>Contabilit\u00e0<\/h3>\n<p><img decoding=\"async\" src=\"http:\/\/www.kananas.com\/wp-content\/uploads\/2018\/12\/finance.png\" alt=\"comptabilit\u00e9\" width=\"70px\" \/><\/p>\n<\/div>\n<div>Dashboard, funzioni statistiche integrate, ti aiutano nella buona gestione finanziaria del tuo club.<\/div>\n<\/div><\/div><\/td>\n<td style=\"width: 10%; text-align: center; vertical-align: top; padding: 40px; border-style: hidden;\"><\/td>\n<\/tr>\n<tr>\n<td style=\"text-align: center; vertical-align: top; padding: 40px; border-style: hidden;\"><\/td>\n<td style=\"text-align: center; vertical-align: top; padding: 40px; border-style: hidden;\"><div class=\"su-note shaded\"  style=\"border-color:#e5e5e5;border-radius:3px;-moz-border-radius:3px;-webkit-border-radius:3px;\"><div class=\"su-note-inner su-u-clearfix su-u-trim\" style=\"background-color:#FFFFFF;border-color:#ffffff;color:#333333;border-radius:3px;-moz-border-radius:3px;-webkit-border-radius:3px;\">\n<div>\n<h3>Membri<\/h3>\n<p><img decoding=\"async\" src=\"http:\/\/www.kananas.com\/wp-content\/uploads\/2018\/12\/icon_053580_256.png\" alt=\"Members\" width=\"70px\" \/><\/p>\n<\/div>\n<div>I file dei tuoi iscritti con facilit\u00e0, in qualsiasi momento e da qualsiasi luogo, anche in mobilit\u00e0 (previa connessione 3G).<\/div>\n<\/div><\/div><\/td>\n<td style=\"text-align: center; vertical-align: top; padding: 40px; border-style: hidden;\"><div class=\"su-note shaded\"  style=\"border-color:#e5e5e5;border-radius:3px;-moz-border-radius:3px;-webkit-border-radius:3px;\"><div class=\"su-note-inner su-u-clearfix su-u-trim\" style=\"background-color:#FFFFFF;border-color:#ffffff;color:#333333;border-radius:3px;-moz-border-radius:3px;-webkit-border-radius:3px;\">\n<div>\n<h3>Documenti<\/h3>\n<p><img decoding=\"async\" src=\"http:\/\/www.kananas.com\/wp-content\/uploads\/2018\/12\/document.jpg\" alt=\"Documents\" width=\"60px\" \/><\/p>\n<\/div>\n<div>Tutti i tuoi documenti centralizzati in un ambiente sicuro e salvato: licenze, certificati medici, assicurazioni, ecc&#8230;<\/div>\n<\/div><\/div><\/td>\n<td style=\"text-align: center; vertical-align: top; padding: 40px; border-style: hidden;\"><div class=\"su-note shaded\"  style=\"border-color:#e5e5e5;border-radius:3px;-moz-border-radius:3px;-webkit-border-radius:3px;\"><div class=\"su-note-inner su-u-clearfix su-u-trim\" style=\"background-color:#FFFFFF;border-color:#ffffff;color:#333333;border-radius:3px;-moz-border-radius:3px;-webkit-border-radius:3px;\">\n<div>\n<h3>Mailing<\/h3>\n<p><img decoding=\"async\" src=\"http:\/\/www.kananas.com\/wp-content\/uploads\/2018\/12\/tracking-email.png\" alt=\"Mailing\" width=\"70px\" \/><\/p>\n<\/div>\n<div>Comunica con i tuoi membri. Monitoraggio della ricezione delle email. Automatizza l&rsquo;invio di e-mail su determinate azioni: iscrizione a un&rsquo;attivit\u00e0, iscrizione online, ecc&#8230;<\/div>\n<\/div><\/div><\/td>\n<td style=\"text-align: center; vertical-align: top; padding: 40px; border-style: hidden;\"><\/td>\n<\/tr>\n<tr>\n<td style=\"text-align: center; vertical-align: top; padding: 40px; border-style: hidden;\"><\/td>\n<td style=\"text-align: center; vertical-align: top; padding: 40px; border-style: hidden;\"><div class=\"su-note shaded\"  style=\"border-color:#e5e5e5;border-radius:3px;-moz-border-radius:3px;-webkit-border-radius:3px;\"><div class=\"su-note-inner su-u-clearfix su-u-trim\" style=\"background-color:#FFFFFF;border-color:#ffffff;color:#333333;border-radius:3px;-moz-border-radius:3px;-webkit-border-radius:3px;\">\n<div>\n<h3>Pagamento online<\/h3>\n<p><img decoding=\"async\" src=\"http:\/\/www.kananas.com\/wp-content\/uploads\/2018\/12\/credit-card.png\" alt=\"Online payment\" width=\"70px\" \/><\/p>\n<\/div>\n<div>Accetta e traccia i pagamenti con carta di credito, creazione automatica delle ricevute in contabilit\u00e0.<\/div>\n<\/div><\/div><\/td>\n<td style=\"text-align: center; vertical-align: top; padding: 40px; border-style: hidden;\"><div class=\"su-note shaded\"  style=\"border-color:#e5e5e5;border-radius:3px;-moz-border-radius:3px;-webkit-border-radius:3px;\"><div class=\"su-note-inner su-u-clearfix su-u-trim\" style=\"background-color:#FFFFFF;border-color:#ffffff;color:#333333;border-radius:3px;-moz-border-radius:3px;-webkit-border-radius:3px;\">\n<div>\n<h3>SMS<\/h3>\n<p><img decoding=\"async\" src=\"http:\/\/www.kananas.com\/wp-content\/uploads\/2018\/12\/sms.png\" alt=\"Mailing\" width=\"60px\" \/><\/p>\n<\/div>\n<div>Problema organizzativo, posti liberi, invio SMS dall&rsquo;applicazione per informare velocemente i propri iscritti.<\/div>\n<\/div><\/div><\/td>\n<td style=\"text-align: center; vertical-align: top; padding: 40px; border-style: hidden;\"><div class=\"su-note shaded\"  style=\"border-color:#e5e5e5;border-radius:3px;-moz-border-radius:3px;-webkit-border-radius:3px;\"><div class=\"su-note-inner su-u-clearfix su-u-trim\" style=\"background-color:#FFFFFF;border-color:#ffffff;color:#333333;border-radius:3px;-moz-border-radius:3px;-webkit-border-radius:3px;\">\n<div>\n<h3>Attivit\u00e0<\/h3>\n<\/div>\n<p><img decoding=\"async\" src=\"http:\/\/www.kananas.com\/wp-content\/uploads\/2018\/12\/seo-21-512.png\" alt=\"activit\u00e9s\" width=\"70px\" \/><\/p>\n<div>Gestisci le tue attivit\u00e0, vendi uscite online, organizza i tuoi allenamenti e i tuoi gruppi di livello.<\/div>\n<\/div><\/div><\/td>\n<td style=\"text-align: center; vertical-align: top; padding: 40px; border-style: hidden;\">&nbsp;<\/p>\n<p>&nbsp;<\/td>\n<\/tr>\n<\/tbody>\n<\/table>\n<div style=\"text-align: center; padding: 10px; margin-top: 20px; margin-bottom: 20px;\"><a href=\"https:\/\/backoffice.kananas.com\/action_manager.php?event=organisation_add&#038;p=1&#038;lang=ITA\" class=\"su-button su-button-style-flat\" style=\"color:#FFFFFF;background-color:#9FBB58;border-color:#809647;border-radius:8px\" target=\"_blank\" rel=\"noopener noreferrer\"><span style=\"color:#FFFFFF;padding:0px 22px;font-size:17px;line-height:34px;border-color:#bcd08b;border-radius:8px;text-shadow:none\"> Cominciare<\/span><\/a><\/div>\n<div style=\"text-align: center; padding: 10px; margin-top: 20px; margin-bottom: 20px;\"><img loading=\"lazy\" decoding=\"async\" class=\"aligncenter wp-image-2514 size-medium\" src=\"https:\/\/www.kananas.com\/wp-content\/uploads\/2020\/01\/pickleball-300x184.png\" alt=\"logiciel gestion club athl\u00e9tisme\" width=\"300\" height=\"201\" \/><\/div>\n","protected":false},"excerpt":{"rendered":"<p>Gestisci il tuo club di pickleball online Il software gratuito per le associazioni sportive Tutte le informazioni sui membri a portata di mano Il database Kananas \u00e8 accessibile da qualsiasi luogo, anche in viaggio (soggetto a una connessione 3G). Ogni iscritto ha una scheda personalizzata in base alle proprie esigenze: numero di genitore, patente, certificato &#8230; <a title=\"pickleball club software di gestione\" class=\"read-more\" href=\"https:\/\/www.kananas.com\/it\/pickleball-club-software-di-gestione\/\" aria-label=\"En savoir plus sur pickleball club software di gestione\">Lire la suite<\/a><\/p>\n","protected":false},"author":1,"featured_media":0,"parent":0,"menu_order":0,"comment_status":"closed","ping_status":"closed","template":"","meta":{"_crdt_document":"","footnotes":""},"class_list":["post-4656","page","type-page","status-publish"],"_links":{"self":[{"href":"https:\/\/www.kananas.com\/it\/wp-json\/wp\/v2\/pages\/4656","targetHints":{"allow":["GET"]}}],"collection":[{"href":"https:\/\/www.kananas.com\/it\/wp-json\/wp\/v2\/pages"}],"about":[{"href":"https:\/\/www.kananas.com\/it\/wp-json\/wp\/v2\/types\/page"}],"author":[{"embeddable":true,"href":"https:\/\/www.kananas.com\/it\/wp-json\/wp\/v2\/users\/1"}],"replies":[{"embeddable":true,"href":"https:\/\/www.kananas.com\/it\/wp-json\/wp\/v2\/comments?post=4656"}],"version-history":[{"count":1,"href":"https:\/\/www.kananas.com\/it\/wp-json\/wp\/v2\/pages\/4656\/revisions"}],"predecessor-version":[{"id":4657,"href":"https:\/\/www.kananas.com\/it\/wp-json\/wp\/v2\/pages\/4656\/revisions\/4657"}],"wp:attachment":[{"href":"https:\/\/www.kananas.com\/it\/wp-json\/wp\/v2\/media?parent=4656"}],"curies":[{"name":"wp","href":"https:\/\/api.w.org\/{rel}","templated":true}]}}