{"id":4703,"date":"2023-08-14T15:36:14","date_gmt":"2023-08-14T13:36:14","guid":{"rendered":"https:\/\/www.kananas.com\/it\/?page_id=4703"},"modified":"2025-02-19T17:28:52","modified_gmt":"2025-02-19T15:28:52","slug":"condizioni-generali-di-vendita","status":"publish","type":"page","link":"https:\/\/www.kananas.com\/it\/condizioni-generali-di-vendita\/","title":{"rendered":"Condizioni generali di vendita"},"content":{"rendered":"<p>Il presente Contratto regola gli obblighi e i diritti del Cliente\/Utente e della societ\u00e0 KIWI sas. Definizione del servizio. La societ\u00e0 KIWI sasu mette a disposizione degli Utenti un&rsquo;applicazione web per la gestione di un&rsquo;associazione tramite il sito web www.kananas.com. Le informazioni legali sono disponibili su questa pagina. La societ\u00e0 KIWI sasu \u00e8 registrata con il numero di SIREN 819424904. Il suo indirizzo \u00e8: 169 chemin des adrechs de valcros 83440 Montauroux, Francia. L&rsquo;applicazione \u00e8 ospitata all&rsquo;indirizzo web www.kananas.com e comprende l&rsquo;interfaccia e il database. Il CLIENTE dell&rsquo;applicazione www.kananas.com \u00e8 un&rsquo;organizzazione di tipo associativo. La piattaforma di gestione dell&rsquo;associazione comprende 2 software, il Backoffice e il sito web. La descrizione dei servizi forniti \u00e8 disponibile sul sito internet www.kananas.com. Spese di gestione L&rsquo;accesso per un CLIENTE che ha sottoscritto un abbonamento avverr\u00e0 in cambio del pagamento di una tassa per un periodo di un anno. Per l&rsquo;accesso alla piattaforma di gestione dell&rsquo;associazione kananas.com, il prezzo dell&rsquo;abbonamento annuale \u00e8 disponibile all&rsquo;indirizzo http:\/\/www.kananas.com\/tarifs\/. Il pagamento avviene online tramite il partner Stripe, che garantisce la riservatezza della transazione. KIWI sasu non \u00e8 a conoscenza delle informazioni bancarie del CLIENTE. Impegni di qualit\u00e0 e responsabilit\u00e0 KIWI sasu si impegna a utilizzare tutti i mezzi che ritiene necessari per portare a termine la sua missione e garantire in particolare il corretto funzionamento della sua piattaforma di gestione dell&rsquo;associazione nel quadro del presente contratto. Pertanto, con l&rsquo;obiettivo di offrire un servizio di qualit\u00e0 ai suoi Clienti, KIWI sasu metter\u00e0 in atto: Mezzi tecnici volti a fornire al CLIENTE prestazioni adeguate. Sistemi di backup delle informazioni dei clienti memorizzate (dati backoffice). Una procedura di recupero delle informazioni dei clienti memorizzate (formato SQL). Nonostante la cura apportata da KIWI sasu e dai suoi partner tecnici per sfruttare, verificare e aggiornare la sua piattaforma di gestione dell&rsquo;associazione www.kananas.com, essa non potrebbe essere in nessun caso responsabile, nel caso in cui il CLIENTE subisse, direttamente o indirettamente, danni finanziari o tecnici, perdite di reddito o danno all&rsquo;immagine o qualsiasi altro pregiudizio di qualsiasi natura, che potrebbe verificarsi parallelamente o conseguentemente all&rsquo;uso di uno dei moduli della sua piattaforma di gestione dell&rsquo;associazione. \u00c8 espressamente inteso che il CLIENTE assume i rischi finanziari, industriali e professionali rispettivi. In ogni caso, in caso di responsabilit\u00e0 dichiarata di KIWI sasu per qualsiasi causa, gli indennizzi risarcitori o i danni che KIWI sasu potrebbe essere tenuta a versare al CLIENTE non potranno superare l&rsquo;importo della tassa annuale pagata dal CLIENTE per l&rsquo;uso della sua piattaforma di gestione dell&rsquo;associazione. Disponibilit\u00e0 &#8211; Autenticazione L&rsquo;accesso alla piattaforma di gestione dell&rsquo;associazione \u00e8 possibile 24 ore su 24, 7 giorni su 7 all&rsquo;indirizzo seguente: http:\/\/www.kananas.com. \u00c8 espressamente ammesso, per ragioni di manutenzione tecnica necessaria per il corretto funzionamento dei suoi servizi, che l&rsquo;accesso possa essere temporaneamente interrotto senza che il CLIENTE possa pretendere, in qualsiasi forma, alcun risarcimento. Per utilizzare la piattaforma di gestione dell&rsquo;associazione, il CLIENTE dispone di Codici di accesso assegnati da KIWI sasu il giorno in cui \u00e8 stata resa disponibile il servizio di gestione dell&rsquo;associazione. I Codici di accesso sono considerati necessari e sufficienti per identificare contrattualmente, ai sensi del presente contratto, il CLIENTE che accetta senza riserve questo metodo di autenticazione. Pertanto, questi Codici di accesso sono strettamente personali e confidenziali e ogni utente del CLIENTE \u00e8 il solo responsabile della loro protezione e utilizzo e si impegna a informare immediatamente KIWI sas, via email, nel caso in cui notasse che il carattere confidenziale dei Codici di accesso non fosse pi\u00f9 garantito. KIWI sasu si impegna a sospendere l&rsquo;accesso all&rsquo;applicazione per chiunque utilizzi i codici di accesso oggetto di questa perdita di riservatezza. Di conseguenza, KIWI sasu non potr\u00e0 in alcun caso essere ritenuta responsabile dell&rsquo;uso improprio o non autorizzato dei codici di accesso del CLIENTE. Limite di utilizzo &#8211; Propriet\u00e0 La piattaforma di gestione dell&rsquo;associazione www.kananas.com \u00e8 di propriet\u00e0 esclusiva di KIWI sasu, che \u00e8 l&rsquo;unico titolare dei diritti d&rsquo;autore e di sfruttamento commerciale. A tal fine, KIWI sasu concede al CLIENTE un diritto d&rsquo;uso personale, temporaneo, non trasferibile e non esclusivo della piattaforma di gestione dell&rsquo;associazione attraverso un abbonamento annuale. La copia o l&rsquo;uso fraudolento \u00e8 punita con sanzioni civili e penali. In caso di assegnazione di un nome di dominio a un cliente, KIWI sasu rimane unico proprietario di tale nome di dominio per la durata dell&rsquo;abbonamento del cliente. Alla fine dell&rsquo;abbonamento, tale nome di dominio torner\u00e0 di dominio pubblico. In caso di personalizzazione del software per un cliente, KIWI sasu rimane unico proprietario del codice software sviluppato, il cliente non avr\u00e0 in alcun caso accesso al codice sorgente sviluppato. Poich\u00e9 la piattaforma di gestione dell&rsquo;associazione \u00e8 in continua evoluzione, il CLIENTE accetta che il software online possa essere modificato senza preavviso . KIWI sasu \u00e8 l&rsquo;unico decisore delle funzionalit\u00e0 incluse nella sua piattaforma di gestione dell&rsquo;associazione, nonch\u00e9 del suo aspetto visivo (interfaccia utente). \u00c8 strettamente vietato al CLIENTE concedere a terzi parte dei servizi offerti da KIWI sas. Accettazione dei rischi informatici Il CLIENTE riconosce di essere consapevole dei rischi connessi all&rsquo;hardware, al software e alle reti informatiche, in particolare quelli legati a Internet, sia in termini di prestazioni globali variabili, di livello di sicurezza imperfetto, di accessibilit\u00e0 continua non garantita ai servizi web, di eterogeneit\u00e0 che talvolta causa problemi di incompatibilit\u00e0 dei sistemi informatici, senza che in alcun modo la responsabilit\u00e0 di KIWI sasu possa essere impegnata in caso di malfunzionamenti della sua piattaforma di gestione dell&rsquo;associazione che potrebbero essere riscontrati e le cui cause siano direttamente o indirettamente legate a tali rischi. Al fine di limitare tali rischi, KIWI sasu si impegna a utilizzare tutte le tecniche e le tecnologie disponibili sul mercato, sia in termini di software antivirus, di sistema firewall o di qualsiasi altro sistema informatico che ritenga necessario per rendere pi\u00f9 sicuro e performante l&rsquo;accesso alla sua piattaforma di gestione dell&rsquo;associazione. KIWI sasu si impegna inoltre a fornire al CLIENTE, su richiesta, la configurazione minima obbligatoria per utilizzare normalmente la sua piattaforma di gestione dell&rsquo;associazione. Trattamento dei dati Le informazioni raccolte dall&rsquo;applicazione sono registrate in un file informatico da KIWI sasu per la gestione dell&rsquo;account del cliente. Sono conservate per la durata dell&rsquo;abbonamento o per 30 giorni per la versione di prova. Alla fine della prestazione di servizi relativi al trattamento di questi dati, KIWI sasu si impegna a distruggere tutti i dati personali entro un massimo di 3 mesi. I dati sono conservati in Europa (datacenter di Francoforte, Germania). Abbiamo affidato la nostra infrastruttura tecnica a Linode. In conformit\u00e0 alla legge \u00ab\u00a0informatica e libert\u00e0\u00a0\u00bb, \u00e8 possibile esercitare il diritto di accesso ai dati che vi riguardano e farli rettificare contattandoci tramite questo modulo. RGPD Nel quadro dei loro rapporti contrattuali, le parti (KIWI sasu e il CLIENTE) si impegnano a rispettare la normativa vigente applicabile al trattamento dei dati personali e, in particolare, il regolamento (UE) 2016\/679 del Parlamento europeo e del Consiglio del 27 aprile 2016, applicabile dal 25 maggio 2018. I diritti da rispettare sono: diritto di accesso, rettifica, cancellazione e opposizione, diritto di limitazione del trattamento, diritto alla portabilit\u00e0 dei dati, diritto di non essere oggetto di una decisione individuale automatizzata. I dati affidati a KIWI sasu non vengono mai comunicati a terzi, KIWI sasu mette in atto tutti gli sforzi necessari per garantire la riservatezza dei dati personali trattati nel quadro del presente contratto. KIWI sasu si impegna a considerare, per quanto riguarda i suoi strumenti, prodotti, applicazioni o servizi, i principi di protezione dei dati fin dalla fase di progettazione e di protezione dei dati per impostazione predefinita. Consenso: il CLIENTE si impegna a ottenere il consenso libero, specifico, informato e univoco dei suoi aderenti per consentire il trattamento dei loro dati. L&rsquo;aderente deve avere la possibilit\u00e0 di revocare il consenso in qualsiasi momento, attraverso una modalit\u00e0 semplice ed equivalente a quella utilizzata per ottenere il consenso. Il CLIENTE deve essere in grado di dimostrare in qualsiasi momento che l&rsquo;aderente ha effettivamente prestato il consenso, in condizioni valide. KIWI sasu non potr\u00e0 essere ritenuta responsabile della mancata acquisizione del consenso da parte degli aderenti di uno dei suoi clienti. Il CLIENTE si espone quindi alle sanzioni previste dal CNIL. Cookie I cookie sono piccoli file di testo che vengono installati sul tuo computer o dispositivo quando visiti i nostri siti web. Utilizziamo i cookie per: Memorizzare le tue informazioni di accesso. Identificarti quando accedi ai nostri siti web. I cookie ci aiutano a raccogliere informazioni su come utilizzi il nostro sito web, ma non conserviamo alcuna informazione che possa identificarti personalmente nei dati dei nostri cookie che ti riguardano. Registriamo solo un identific erimuovere In conformit\u00e0 con la legislazione francese vigente relativa alla vendita a distanza, il CLIENTE \u00e8 informato che ha un periodo di quattordici (14) giorni solari, a partire dalla data di registrazione, per esercitare il suo diritto di recesso senza penalit\u00e0 e senza motivazione. KIWI sasu potr\u00e0 risolvere di diritto il contratto che lo lega al CLIENTE o vietare l&rsquo;accesso alla sua piattaforma di gestione dell&rsquo;associazione senza preavviso n\u00e9 indennizzo e senza pregiudizio per eventuali indennizzi, in caso di inadempimento da parte del CLIENTE di una qualsiasi delle sue obbligazioni previste nel presente contratto.<\/p>\n","protected":false},"excerpt":{"rendered":"<p>Il presente Contratto regola gli obblighi e i diritti del Cliente\/Utente e della societ\u00e0 KIWI sas. Definizione del servizio. La societ\u00e0 KIWI sasu mette a disposizione degli Utenti un&rsquo;applicazione web per la gestione di un&rsquo;associazione tramite il sito web www.kananas.com. Le informazioni legali sono disponibili su questa pagina. La societ\u00e0 KIWI sasu \u00e8 registrata con &#8230; <a title=\"Condizioni generali di vendita\" class=\"read-more\" href=\"https:\/\/www.kananas.com\/it\/condizioni-generali-di-vendita\/\" aria-label=\"En savoir plus sur Condizioni generali di vendita\">Lire la suite<\/a><\/p>\n","protected":false},"author":1,"featured_media":0,"parent":0,"menu_order":0,"comment_status":"closed","ping_status":"closed","template":"","meta":{"_crdt_document":"","footnotes":""},"class_list":["post-4703","page","type-page","status-publish"],"_links":{"self":[{"href":"https:\/\/www.kananas.com\/it\/wp-json\/wp\/v2\/pages\/4703","targetHints":{"allow":["GET"]}}],"collection":[{"href":"https:\/\/www.kananas.com\/it\/wp-json\/wp\/v2\/pages"}],"about":[{"href":"https:\/\/www.kananas.com\/it\/wp-json\/wp\/v2\/types\/page"}],"author":[{"embeddable":true,"href":"https:\/\/www.kananas.com\/it\/wp-json\/wp\/v2\/users\/1"}],"replies":[{"embeddable":true,"href":"https:\/\/www.kananas.com\/it\/wp-json\/wp\/v2\/comments?post=4703"}],"version-history":[{"count":4,"href":"https:\/\/www.kananas.com\/it\/wp-json\/wp\/v2\/pages\/4703\/revisions"}],"predecessor-version":[{"id":5352,"href":"https:\/\/www.kananas.com\/it\/wp-json\/wp\/v2\/pages\/4703\/revisions\/5352"}],"wp:attachment":[{"href":"https:\/\/www.kananas.com\/it\/wp-json\/wp\/v2\/media?parent=4703"}],"curies":[{"name":"wp","href":"https:\/\/api.w.org\/{rel}","templated":true}]}}