{"id":4730,"date":"2023-12-13T12:46:14","date_gmt":"2023-12-13T10:46:14","guid":{"rendered":"https:\/\/www.kananas.com\/it\/documentation\/members\/medical-certificate\/"},"modified":"2024-01-02T16:23:04","modified_gmt":"2024-01-02T14:23:04","slug":"certificato-medico","status":"publish","type":"page","link":"https:\/\/www.kananas.com\/it\/documentazione\/membri\/certificato-medico\/","title":{"rendered":"Certificato medico"},"content":{"rendered":"\n<p class=\"wp-block-paragraph\">Il CRM Kananas ti assiste anche nella gestione dei certificati medici.<\/p>\n\n\n\n<h3 class=\"wp-block-heading\" id=\"archiviazione-del-documento\">Archiviazione del Documento<\/h3>\n\n\n\n<p class=\"wp-block-paragraph\">Come qualsiasi documento, puoi scaricare il certificato medico nel <a href=\"https:\/\/www.kananas.com\/it\/documentazione\/documenti\/\" data-type=\"page\" data-id=\"4864\">Drive<\/a>. Puoi anche chiedere al membro di farlo dal loro <a href=\"https:\/\/www.kananas.com\/it\/documentazione\/membri\/spazio-personale\/\" data-type=\"page\" data-id=\"4881\">spazio personale<\/a>.<\/p>\n\n\n\n<h3 class=\"wp-block-heading\" id=\"controllo-della-validita\">Controllo della Validit\u00e0<\/h3>\n\n\n\n<p class=\"wp-block-paragraph\">Per essere avvisato quando il certificato medico non \u00e8 pi\u00f9 valido, \u00e8 necessario gestire una data di scadenza. A questo scopo, ti consigliamo di aggiungere un <a href=\"https:\/\/www.kananas.com\/it\/documentazione\/membri\/personalizzazione-delle-cartelle\/\" data-type=\"page\" data-id=\"4804\">campo personalizzato<\/a> di tipo <strong>data<\/strong> nelle cartelle dei contatti, chiamandolo, ad esempio, <strong>certificato medico<\/strong>.<\/p>\n\n\n\n<p class=\"wp-block-paragraph\">Nella definizione di questo campo personalizzato, puoi specificare il numero di mesi di validit\u00e0.<\/p>\n\n\n<div class=\"wp-block-image ghostkit-custom-Z29uItB\">\n<figure class=\"aligncenter size-full\"><img decoding=\"async\" src=\"https:\/\/www.kananas.com\/en\/wp-content\/uploads\/sites\/2145\/2023\/12\/Screenshot-2023-12-15-at-11-18-28-SOA-club-Parameter-_-Reference-table.png\" alt=\"\" class=\"wp-image-5382\"\/><\/figure>\n<\/div>\n\n\n<div style=\"height:30px\" aria-hidden=\"true\" class=\"wp-block-spacer\"><\/div>\n\n\n\n<p class=\"wp-block-paragraph\">Nell&rsquo;uso, compilerai il campo \u00ab\u00a0certificato medico\u00a0\u00bb nella cartella del contatto con la data di emissione del certificato medico che ti verr\u00e0 fornita, oppure permetterai loro di farlo da soli nel loro spazio personale. In questo caso, non dimenticare di verificare la <strong>Modifica<\/strong> nell&rsquo;impostazione del <a href=\"https:\/\/www.kananas.com\/it\/documentazione\/membri\/personalizzazione-delle-cartelle\/\" data-type=\"page\" data-id=\"4804\">campo personalizzato<\/a>.<\/p>\n\n\n\n<p class=\"wp-block-paragraph\">Quando la data di validit\u00e0 \u00e8 superata (data del campo + numero di mesi di validit\u00e0), verr\u00e0 visualizzato un badge in:<\/p>\n\n\n\n<ul class=\"wp-block-list\">\n<li>l&rsquo;elenco dei <a href=\"https:\/\/www.kananas.com\/it\/documentazione\/membri\/\" data-type=\"page\" data-id=\"4876\">contatti<\/a><\/li>\n\n\n\n<li>l&rsquo;intestazione della loro cartella<\/li>\n\n\n\n<li>i partecipanti a un&rsquo;<a href=\"https:\/\/www.kananas.com\/it\/documentazione\/pianificazione\/attivita\/\" data-type=\"page\" data-id=\"4859\">attivit\u00e0<\/a><\/li>\n<\/ul>\n\n\n\n<div style=\"height:30px\" aria-hidden=\"true\" class=\"wp-block-spacer\"><\/div>\n\n\n\n<h3 class=\"wp-block-heading\" id=\"visualizzazione-del-certificato-medico\">Visualizzazione del Certificato Medico<\/h3>\n\n\n<div class=\"wp-block-image ghostkit-custom-ZRmXAL\">\n<figure class=\"aligncenter size-full\"><img decoding=\"async\" src=\"https:\/\/www.kananas.com\/en\/wp-content\/uploads\/sites\/2145\/2023\/12\/Screenshot-2023-12-15-at-11-18-52-SOA-club-Contact-Jean-Ambezati.png\" alt=\"\" class=\"wp-image-5383\"\/><\/figure>\n<\/div>\n\n<div class=\"wp-block-image ghostkit-custom-1dpmud\">\n<figure class=\"aligncenter size-full\"><img decoding=\"async\" src=\"https:\/\/www.kananas.com\/en\/wp-content\/uploads\/sites\/2145\/2023\/12\/Screenshot-2023-12-15-at-11-19-15-SOA-club-Contact.png\" alt=\"\" class=\"wp-image-5384\"\/><\/figure>\n<\/div>\n\n\n<p class=\"wp-block-paragraph\">Questa funzione ti libera dal tedioso e lungo controllo dei certificati medici.<\/p>\n\n\n\n<div style=\"height:30px\" aria-hidden=\"true\" class=\"wp-block-spacer\"><\/div>\n\n\n\n<p class=\"wp-block-paragraph\">Per saperne di pi\u00f9 sulla gestione dei contatti<\/p>\n\n\n<ul class=\"wp-block-page-list\"><li class=\"wp-block-pages-list__item\"><a class=\"wp-block-pages-list__item__link\" href=\"https:\/\/www.kananas.com\/it\/documentazione\/membri\/importazione-di-membri\/\">Importazione di membri<\/a><\/li><li class=\"wp-block-pages-list__item\"><a class=\"wp-block-pages-list__item__link\" href=\"https:\/\/www.kananas.com\/it\/documentazione\/membri\/personalizzazione-delle-cartelle\/\">Personalizzazione delle cartelle<\/a><\/li><li class=\"wp-block-pages-list__item\"><a class=\"wp-block-pages-list__item__link\" href=\"https:\/\/www.kananas.com\/it\/documentazione\/membri\/personalizzazione-delle-visualizzazioni\/\">Personalizzazione delle visualizzazioni<\/a><\/li><li class=\"wp-block-pages-list__item has-child\"><a class=\"wp-block-pages-list__item__link\" href=\"https:\/\/www.kananas.com\/it\/documentazione\/membri\/contributo\/\">Contributo<\/a><ul class=\"wp-block-navigation__submenu-container\"><li class=\"wp-block-pages-list__item \"><a class=\"wp-block-pages-list__item__link\" href=\"https:\/\/www.kananas.com\/it\/documentazione\/membri\/contributo\/iscrizione-senza-contatto\/\">Iscrizione senza contatto<\/a><\/li><li class=\"wp-block-pages-list__item \"><a class=\"wp-block-pages-list__item__link\" href=\"https:\/\/www.kananas.com\/it\/documentazione\/membri\/contributo\/stampare-le-tessere-associative\/\">Stampare le tessere associative<\/a><\/li><\/ul><\/li><li class=\"wp-block-pages-list__item\"><a class=\"wp-block-pages-list__item__link\" href=\"https:\/\/www.kananas.com\/it\/documentazione\/membri\/diritti-di-accesso\/\">Diritti di accesso<\/a><\/li><li class=\"wp-block-pages-list__item\"><a class=\"wp-block-pages-list__item__link\" href=\"https:\/\/www.kananas.com\/it\/documentazione\/membri\/taggare-le-cartelle\/\">Taggare le cartelle<\/a><\/li><li class=\"wp-block-pages-list__item\"><a class=\"wp-block-pages-list__item__link\" href=\"https:\/\/www.kananas.com\/it\/documentazione\/membri\/carrello\/\">Carrello<\/a><\/li><li class=\"wp-block-pages-list__item\"><a class=\"wp-block-pages-list__item__link\" href=\"https:\/\/www.kananas.com\/it\/documentazione\/membri\/gestione-familiare\/\">Gestione familiare<\/a><\/li><li class=\"wp-block-pages-list__item\"><a class=\"wp-block-pages-list__item__link\" href=\"https:\/\/www.kananas.com\/it\/documentazione\/membri\/appunti\/\">Appunti<\/a><\/li><li class=\"wp-block-pages-list__item\"><a class=\"wp-block-pages-list__item__link\" href=\"https:\/\/www.kananas.com\/it\/documentazione\/membri\/spazio-personale\/\">Spazio personale<\/a><\/li><li class=\"wp-block-pages-list__item\"><a class=\"wp-block-pages-list__item__link\" href=\"https:\/\/www.kananas.com\/it\/documentazione\/membri\/statistiche\/\">Statistiche<\/a><\/li><li class=\"wp-block-pages-list__item\"><a class=\"wp-block-pages-list__item__link\" href=\"https:\/\/www.kananas.com\/it\/documentazione\/membri\/donazioni\/\">Donazioni<\/a><\/li><li class=\"wp-block-pages-list__item\"><a class=\"wp-block-pages-list__item__link\" href=\"https:\/\/www.kananas.com\/it\/documentazione\/membri\/tessera-associativa\/\">Tessera associativa<\/a><\/li><li class=\"wp-block-pages-list__item\"><a class=\"wp-block-pages-list__item__link\" href=\"https:\/\/www.kananas.com\/it\/documentazione\/membri\/certificato-medico\/\">Certificato medico<\/a><\/li><\/ul>","protected":false},"excerpt":{"rendered":"<p>Il CRM Kananas ti assiste anche nella gestione dei certificati medici. Archiviazione del Documento Come qualsiasi documento, puoi scaricare il certificato medico nel Drive. Puoi anche chiedere al membro di farlo dal loro spazio personale. Controllo della Validit\u00e0 Per essere avvisato quando il certificato medico non \u00e8 pi\u00f9 valido, \u00e8 necessario gestire una data di &#8230; <a title=\"Certificato medico\" class=\"read-more\" href=\"https:\/\/www.kananas.com\/it\/documentazione\/membri\/certificato-medico\/\" aria-label=\"En savoir plus sur Certificato medico\">Lire la suite<\/a><\/p>\n","protected":false},"author":1,"featured_media":0,"parent":4876,"menu_order":14,"comment_status":"closed","ping_status":"closed","template":"","meta":{"_crdt_document":"","footnotes":""},"class_list":["post-4730","page","type-page","status-publish"],"_links":{"self":[{"href":"https:\/\/www.kananas.com\/it\/wp-json\/wp\/v2\/pages\/4730","targetHints":{"allow":["GET"]}}],"collection":[{"href":"https:\/\/www.kananas.com\/it\/wp-json\/wp\/v2\/pages"}],"about":[{"href":"https:\/\/www.kananas.com\/it\/wp-json\/wp\/v2\/types\/page"}],"author":[{"embeddable":true,"href":"https:\/\/www.kananas.com\/it\/wp-json\/wp\/v2\/users\/1"}],"replies":[{"embeddable":true,"href":"https:\/\/www.kananas.com\/it\/wp-json\/wp\/v2\/comments?post=4730"}],"version-history":[{"count":2,"href":"https:\/\/www.kananas.com\/it\/wp-json\/wp\/v2\/pages\/4730\/revisions"}],"predecessor-version":[{"id":5167,"href":"https:\/\/www.kananas.com\/it\/wp-json\/wp\/v2\/pages\/4730\/revisions\/5167"}],"up":[{"embeddable":true,"href":"https:\/\/www.kananas.com\/it\/wp-json\/wp\/v2\/pages\/4876"}],"wp:attachment":[{"href":"https:\/\/www.kananas.com\/it\/wp-json\/wp\/v2\/media?parent=4730"}],"curies":[{"name":"wp","href":"https:\/\/api.w.org\/{rel}","templated":true}]}}