{"id":4749,"date":"2022-03-03T20:05:44","date_gmt":"2022-03-03T18:05:44","guid":{"rendered":"https:\/\/www.kananas.com\/it\/documentation-7\/members\/associative-pass\/"},"modified":"2024-01-02T16:21:41","modified_gmt":"2024-01-02T14:21:41","slug":"tessera-associativa","status":"publish","type":"page","link":"https:\/\/www.kananas.com\/it\/documentazione\/membri\/tessera-associativa\/","title":{"rendered":"Tessera associativa"},"content":{"rendered":"\n<p class=\"wp-block-paragraph\">Kananas semplifica la gestione delle iscrizioni attraverso il <strong>pass associativo<\/strong>.<\/p>\n\n\n\n<p class=\"wp-block-paragraph\">Basato su un codice QR unico per ciascun record, consente, tramite lo scanner incorporato nell&rsquo;applicazione, di verificare le informazioni nel record, come l&rsquo;iscrizione a un&rsquo;attivit\u00e0. Ad esempio, \u00e8 possibile controllare le entrate in un evento o verificare se il membro \u00e8 in regola con le quote (stato attivo).<\/p>\n\n\n<div class=\"wp-block-image\">\n<figure class=\"aligncenter\"><img decoding=\"async\" src=\"http:\/\/www.kananas.com\/wp-content\/uploads\/2022\/03\/scan-qrcode-asso-1-150x150.png\" alt=\"scansione del codice QR dell'associazione\" class=\"wp-image-3303\"\/><\/figure>\n<\/div>\n\n\n<div style=\"height:30px\" aria-hidden=\"true\" class=\"wp-block-spacer\"><\/div>\n\n\n\n<h3 class=\"wp-block-heading\" id=\"come-funziona\">Come Funziona?<\/h3>\n\n\n\n<p class=\"wp-block-paragraph\">Utilizzando la gestione documentale di Kananas, \u00e8 possibile creare tessere di iscrizione con nome, cognome, indirizzo, foto, ecc., e un codice QR.<\/p>\n\n\n\n<p class=\"wp-block-paragraph\">Questa tessera pu\u00f2 quindi essere stampata o inviata per email.<\/p>\n\n\n<div class=\"wp-block-image ghostkit-custom-Z1i3Er6\">\n<figure class=\"aligncenter size-medium\"><img decoding=\"async\" src=\"https:\/\/www.kananas.com\/wp-content\/uploads\/2022\/03\/member-card-2-300x223.png\" alt=\"scheda del membro\" class=\"wp-image-3295\"\/><\/figure>\n<\/div>\n\n\n<p class=\"wp-block-paragraph\">Scansionando il codice QR con la fotocamera di uno smartphone, otterrai la versione pubblica della tessera del membro: foto, nome, cognome e stato (attivo, registrazione in corso, chiuso, ecc.).<\/p>\n\n\n\n<div style=\"height:30px\" aria-hidden=\"true\" class=\"wp-block-spacer\"><\/div>\n\n\n\n<h3 class=\"wp-block-heading\" id=\"controllo-per-le-attivita\">Controllo per le Attivit\u00e0<\/h3>\n\n\n\n<p class=\"wp-block-paragraph\">Nella sua <a href=\"https:\/\/www.kananas.com\/it\/documentazione\/applicazione-kananas\/\" data-type=\"page\" data-id=\"4736\">versione mobile<\/a>, Kananas pu\u00f2 scansionare le tessere dei tuoi <a href=\"https:\/\/www.kananas.com\/it\/documentazione\/membri\/\" data-type=\"page\" data-id=\"4876\">membri<\/a> utilizzando il pulsante <strong>scansione<\/strong> nella cartella di un&rsquo;attivit\u00e0. Per ciascuna tessera, avrai quindi lo stato della loro registrazione per l&rsquo;attivit\u00e0 scelta.<\/p>\n\n\n\n<figure class=\"wp-block-table\"><table><tbody><tr><td><img loading=\"lazy\" decoding=\"async\" class=\"aligncenter size-large wp-image-3280\" src=\"http:\/\/www.kananas.com\/wp-content\/uploads\/2022\/03\/scan-qrcode-1-540x1024.png\" alt=\"pass associativo 1\" width=\"540\" height=\"1024\"><\/td><td><img loading=\"lazy\" decoding=\"async\" class=\"aligncenter size-large wp-image-3281\" src=\"http:\/\/www.kananas.com\/wp-content\/uploads\/2022\/03\/scan-qrcode-2-540x1024.png\" alt=\"pass associativo 2\" width=\"540\" height=\"1024\"><\/td><td><img loading=\"lazy\" decoding=\"async\" class=\"aligncenter size-large wp-image-3282\" src=\"http:\/\/www.kananas.com\/wp-content\/uploads\/2022\/03\/scan-qrcode-3-553x1024.png\" alt=\"pass associativo 3\" width=\"553\" height=\"1024\"><\/td><\/tr><\/tbody><\/table><\/figure>\n\n\n\n<p class=\"wp-block-paragraph\">Cliccando sul pulsante \u00ab\u00a0accetta\u00a0\u00bb, cambierai lo stato di registrazione in \u00ab\u00a0presente\u00a0\u00bb e, allo stesso modo, cliccando su \u00ab\u00a0rifiuta\u00a0\u00bb cambierai lo stato in \u00ab\u00a0rifiutato\u00a0\u00bb.<\/p>\n\n\n\n<p class=\"wp-block-paragraph\">Il membro non \u00e8 obbligato a stampare la tessera; pu\u00f2 anche presentare l&#8217;email che gli hai inviato contenente il codice QR sul suo telefono o, accedendo al suo spazio personale, mostrarti il suo codice QR.<\/p>\n\n\n\n<div style=\"height:30px\" aria-hidden=\"true\" class=\"wp-block-spacer\"><\/div>\n\n\n\n<figure class=\"wp-block-image size-large\"><img decoding=\"async\" src=\"http:\/\/www.kananas.com\/en\/wp-content\/uploads\/sites\/2145\/2023\/12\/Screenshot-2023-12-15-at-11-16-01-Association-Manager-533x1024.png\" alt=\"\" class=\"wp-image-5379\"\/><\/figure>\n\n\n\n<p class=\"wp-block-paragraph\">Per saperne di pi\u00f9 sulla gestione dei contatti<\/p>\n\n\n<ul class=\"wp-block-page-list\"><li class=\"wp-block-pages-list__item\"><a class=\"wp-block-pages-list__item__link\" href=\"https:\/\/www.kananas.com\/it\/documentazione\/membri\/importazione-di-membri\/\">Importazione di membri<\/a><\/li><li class=\"wp-block-pages-list__item\"><a class=\"wp-block-pages-list__item__link\" href=\"https:\/\/www.kananas.com\/it\/documentazione\/membri\/personalizzazione-delle-cartelle\/\">Personalizzazione delle cartelle<\/a><\/li><li class=\"wp-block-pages-list__item\"><a class=\"wp-block-pages-list__item__link\" href=\"https:\/\/www.kananas.com\/it\/documentazione\/membri\/personalizzazione-delle-visualizzazioni\/\">Personalizzazione delle visualizzazioni<\/a><\/li><li class=\"wp-block-pages-list__item has-child\"><a class=\"wp-block-pages-list__item__link\" href=\"https:\/\/www.kananas.com\/it\/documentazione\/membri\/contributo\/\">Contributo<\/a><ul class=\"wp-block-navigation__submenu-container\"><li class=\"wp-block-pages-list__item \"><a class=\"wp-block-pages-list__item__link\" href=\"https:\/\/www.kananas.com\/it\/documentazione\/membri\/contributo\/iscrizione-senza-contatto\/\">Iscrizione senza contatto<\/a><\/li><li class=\"wp-block-pages-list__item \"><a class=\"wp-block-pages-list__item__link\" href=\"https:\/\/www.kananas.com\/it\/documentazione\/membri\/contributo\/stampare-le-tessere-associative\/\">Stampare le tessere associative<\/a><\/li><\/ul><\/li><li class=\"wp-block-pages-list__item\"><a class=\"wp-block-pages-list__item__link\" href=\"https:\/\/www.kananas.com\/it\/documentazione\/membri\/diritti-di-accesso\/\">Diritti di accesso<\/a><\/li><li class=\"wp-block-pages-list__item\"><a class=\"wp-block-pages-list__item__link\" href=\"https:\/\/www.kananas.com\/it\/documentazione\/membri\/taggare-le-cartelle\/\">Taggare le cartelle<\/a><\/li><li class=\"wp-block-pages-list__item\"><a class=\"wp-block-pages-list__item__link\" href=\"https:\/\/www.kananas.com\/it\/documentazione\/membri\/carrello\/\">Carrello<\/a><\/li><li class=\"wp-block-pages-list__item\"><a class=\"wp-block-pages-list__item__link\" href=\"https:\/\/www.kananas.com\/it\/documentazione\/membri\/gestione-familiare\/\">Gestione familiare<\/a><\/li><li class=\"wp-block-pages-list__item\"><a class=\"wp-block-pages-list__item__link\" href=\"https:\/\/www.kananas.com\/it\/documentazione\/membri\/appunti\/\">Appunti<\/a><\/li><li class=\"wp-block-pages-list__item\"><a class=\"wp-block-pages-list__item__link\" href=\"https:\/\/www.kananas.com\/it\/documentazione\/membri\/spazio-personale\/\">Spazio personale<\/a><\/li><li class=\"wp-block-pages-list__item\"><a class=\"wp-block-pages-list__item__link\" href=\"https:\/\/www.kananas.com\/it\/documentazione\/membri\/statistiche\/\">Statistiche<\/a><\/li><li class=\"wp-block-pages-list__item\"><a class=\"wp-block-pages-list__item__link\" href=\"https:\/\/www.kananas.com\/it\/documentazione\/membri\/donazioni\/\">Donazioni<\/a><\/li><li class=\"wp-block-pages-list__item\"><a class=\"wp-block-pages-list__item__link\" href=\"https:\/\/www.kananas.com\/it\/documentazione\/membri\/tessera-associativa\/\">Tessera associativa<\/a><\/li><li class=\"wp-block-pages-list__item\"><a class=\"wp-block-pages-list__item__link\" href=\"https:\/\/www.kananas.com\/it\/documentazione\/membri\/certificato-medico\/\">Certificato medico<\/a><\/li><\/ul>","protected":false},"excerpt":{"rendered":"<p>Kananas semplifica la gestione delle iscrizioni attraverso il pass associativo. Basato su un codice QR unico per ciascun record, consente, tramite lo scanner incorporato nell&rsquo;applicazione, di verificare le informazioni nel record, come l&rsquo;iscrizione a un&rsquo;attivit\u00e0. Ad esempio, \u00e8 possibile controllare le entrate in un evento o verificare se il membro \u00e8 in regola con le &#8230; <a title=\"Tessera associativa\" class=\"read-more\" href=\"https:\/\/www.kananas.com\/it\/documentazione\/membri\/tessera-associativa\/\" aria-label=\"En savoir plus sur Tessera associativa\">Lire la suite<\/a><\/p>\n","protected":false},"author":1,"featured_media":0,"parent":4876,"menu_order":13,"comment_status":"closed","ping_status":"closed","template":"","meta":{"_crdt_document":"","footnotes":""},"class_list":["post-4749","page","type-page","status-publish"],"_links":{"self":[{"href":"https:\/\/www.kananas.com\/it\/wp-json\/wp\/v2\/pages\/4749","targetHints":{"allow":["GET"]}}],"collection":[{"href":"https:\/\/www.kananas.com\/it\/wp-json\/wp\/v2\/pages"}],"about":[{"href":"https:\/\/www.kananas.com\/it\/wp-json\/wp\/v2\/types\/page"}],"author":[{"embeddable":true,"href":"https:\/\/www.kananas.com\/it\/wp-json\/wp\/v2\/users\/1"}],"replies":[{"embeddable":true,"href":"https:\/\/www.kananas.com\/it\/wp-json\/wp\/v2\/comments?post=4749"}],"version-history":[{"count":2,"href":"https:\/\/www.kananas.com\/it\/wp-json\/wp\/v2\/pages\/4749\/revisions"}],"predecessor-version":[{"id":5165,"href":"https:\/\/www.kananas.com\/it\/wp-json\/wp\/v2\/pages\/4749\/revisions\/5165"}],"up":[{"embeddable":true,"href":"https:\/\/www.kananas.com\/it\/wp-json\/wp\/v2\/pages\/4876"}],"wp:attachment":[{"href":"https:\/\/www.kananas.com\/it\/wp-json\/wp\/v2\/media?parent=4749"}],"curies":[{"name":"wp","href":"https:\/\/api.w.org\/{rel}","templated":true}]}}