{"id":4751,"date":"2021-12-26T19:13:25","date_gmt":"2021-12-26T17:13:25","guid":{"rendered":"https:\/\/www.kananas.com\/it\/documentation-8\/api\/"},"modified":"2024-01-02T14:12:15","modified_gmt":"2024-01-02T12:12:15","slug":"api","status":"publish","type":"page","link":"https:\/\/www.kananas.com\/it\/documentazione\/api\/","title":{"rendered":"API"},"content":{"rendered":"\n<p class=\"wp-block-paragraph\">Kananas offre ai programmatori la sua API RESTful: <a href=\"https:\/\/documenter.getpostman.com\/view\/2s93Xu3RTX?version=latest#3fd0f8c0-05cf-4791-bd81-52c52c5a44eb\" target=\"_blank\" rel=\"noopener\">documentazione dettagliata dell&rsquo;API di Kananas<\/a><\/p>\n\n\n\n<p class=\"wp-block-paragraph\">Questa API ti consente di connettere un altro software al tuo account Kananas per recuperare informazioni o eseguire determinate funzioni: elenco dei contatti, creazione di spese, ecc&#8230;<\/p>\n\n\n\n<p class=\"wp-block-paragraph\">L&rsquo;accesso all&rsquo;API \u00e8 soggetto all&rsquo;ottenimento di una chiave segreta che puoi impostare tramite il menu \u00ab\u00a0Impostazioni\/API\u00a0\u00bb.<\/p>\n\n\n<div class=\"wp-block-image\">\n<figure class=\"aligncenter\"><img decoding=\"async\" src=\"http:\/\/www.kananas.com\/wp-content\/uploads\/2021\/12\/Screenshot-2021-12-26-at-18-08-09-SOA-motor-chapter-Parame\u0301trage-Mon-compte-Options-1024x141.png\" alt=\"chiave segreta dell'API\" class=\"wp-image-3220\"\/><\/figure>\n<\/div>\n\n\n<p class=\"wp-block-paragraph\">Questa chiave deve essere utilizzata per ogni chiamata all&rsquo;API, passandola nell&rsquo;intestazione della richiesta.<\/p>\n\n\n<div class=\"su-box su-box-style-default\" id=\"\" style=\"border-color:#000000;border-radius:3px;max-width:none\"><div class=\"su-box-title\" style=\"background-color:#333333;color:#FFFFFF;border-top-left-radius:1px;border-top-right-radius:1px\">Esempio<\/div><div class=\"su-box-content su-u-clearfix su-u-trim\" style=\"border-bottom-left-radius:1px;border-bottom-right-radius:1px\">curl &#8211;request GET<br \/>\n&#8211;url &lsquo;https:\/\/backoffice.kananas.com\/action_manager.php?event=api&amp;request=contacts&rsquo;<br \/>\n&#8211;header &lsquo;Accept: application\/json&rsquo;<br \/>\n&#8211;header &lsquo;token: CHIAVE_SEGRETA&rsquo;<\/div><\/div>\n\n\n\n<div style=\"height:30px\" aria-hidden=\"true\" class=\"wp-block-spacer\"><\/div>\n\n\n\n<h3 class=\"wp-block-heading\">Webhooks:<\/h3>\n\n\n\n<p class=\"wp-block-paragraph\">Oltre all&rsquo;API, offriamo anche i webhook. Si tratta di un meccanismo che consente di inviare le modifiche apportate in Kananas ad altre applicazioni.<\/p>\n\n\n\n<p class=\"wp-block-paragraph\">I webhook possono essere configurati nella pagina \u00ab\u00a0Impostazioni\/API\u00a0\u00bb. Questa funzionalit\u00e0 \u00e8 accessibile solo all&rsquo;utente amministratore.<\/p>\n\n\n<div class=\"wp-block-image\">\n<figure class=\"aligncenter size-full\"><img decoding=\"async\" src=\"https:\/\/www.kananas.com\/en\/wp-content\/uploads\/sites\/2145\/2023\/12\/Screenshot-2023-12-18-at-18-41-38-SOA-club-Parameter-_-API.png\" alt=\"\" class=\"wp-image-5555\"\/><\/figure>\n<\/div>\n\n\n<div class=\"flex flex-grow flex-col gap-3\">\n<div class=\"min-h-[20px] flex flex-col items-start gap-4 whitespace-pre-wrap\">\n<div class=\"markdown prose w-full break-words dark:prose-invert light\">\n<p>I webhook offrono diversi vantaggi:<\/p>\n<ol>\n<li>Notifiche in tempo reale: i webhook consentono a un&rsquo;applicazione di ricevere notifiche in tempo reale quando si verifica un evento su un altro sistema o servizio. Ci\u00f2 consente all&rsquo;applicazione di reagire immediatamente all&rsquo;evento e di intraprendere azioni di conseguenza, come la registrazione online di un nuovo contatto.<\/li>\n<li>Riduzione del traffico: i webhook aiutano a evitare di inquinare i server con query regolari per verificare se sono disponibili nuovi dati. Invece, i dati vengono inviati all&rsquo;applicazione quando sono disponibili, riducendo il traffico di rete.<\/li>\n<li>Flessibilit\u00e0: i webhook offrono grande flessibilit\u00e0 per gli sviluppatori. Possono scegliere gli eventi per i quali desiderano ricevere notifiche.<\/li>\n<li>Automazione delle attivit\u00e0: i webhook consentono di pianificare attivit\u00e0 automatizzate che vengono eseguite in risposta a eventi specifici. Ci\u00f2 consente l&rsquo;automazione delle attivit\u00e0 noiose e il risparmio di tempo.<\/li>\n<li>Facile integrazione: i webhook possono essere facilmente integrati in un&rsquo;applicazione esistente o in un sistema di terze parti. Sono ampiamente supportati da molte applicazioni e servizi, rendendoli molto popolari per l&rsquo;integrazione di sistemi.<\/li>\n<\/ol>\n<p>\u00a0<\/p>\n<h3>Automazione<\/h3>\n<p>L&rsquo;API pu\u00f2 essere utilizzata per estendere le funzionalit\u00e0 di Kananas attraverso strumenti di automazione come Zapier o Make. Ad esempio, \u00e8 possibile recuperare i dati inseriti in un modulo di contatto su un sito web, inviarli a Kananas per creare un contatto e quindi ricevere una notifica.<\/p>\n<p>Esempio di automazione creata con <a href=\"https:\/\/www.make.com\/en\" target=\"_blank\" rel=\"noopener\">make.com<\/a><\/p>\n<figure><img loading=\"lazy\" decoding=\"async\" class=\"aligncenter wp-image-4393\" src=\"https:\/\/www.kananas.com\/wp-content\/uploads\/2023\/04\/automation-Make-1024x704.png\" alt=\"kananas webhook\" width=\"653\" height=\"449\" \/><\/figure>\n<p>\u00a0<\/p>\n<\/div>\n<\/div>\n<\/div>\n\n","protected":false},"excerpt":{"rendered":"<p>Kananas offre ai programmatori la sua API RESTful: documentazione dettagliata dell&rsquo;API di Kananas Questa API ti consente di connettere un altro software al tuo account Kananas per recuperare informazioni o eseguire determinate funzioni: elenco dei contatti, creazione di spese, ecc&#8230; L&rsquo;accesso all&rsquo;API \u00e8 soggetto all&rsquo;ottenimento di una chiave segreta che puoi impostare tramite il menu &#8230; <a title=\"API\" class=\"read-more\" href=\"https:\/\/www.kananas.com\/it\/documentazione\/api\/\" aria-label=\"En savoir plus sur API\">Lire la suite<\/a><\/p>\n","protected":false},"author":1,"featured_media":0,"parent":4865,"menu_order":11,"comment_status":"closed","ping_status":"closed","template":"","meta":{"_crdt_document":"","footnotes":""},"class_list":["post-4751","page","type-page","status-publish"],"_links":{"self":[{"href":"https:\/\/www.kananas.com\/it\/wp-json\/wp\/v2\/pages\/4751","targetHints":{"allow":["GET"]}}],"collection":[{"href":"https:\/\/www.kananas.com\/it\/wp-json\/wp\/v2\/pages"}],"about":[{"href":"https:\/\/www.kananas.com\/it\/wp-json\/wp\/v2\/types\/page"}],"author":[{"embeddable":true,"href":"https:\/\/www.kananas.com\/it\/wp-json\/wp\/v2\/users\/1"}],"replies":[{"embeddable":true,"href":"https:\/\/www.kananas.com\/it\/wp-json\/wp\/v2\/comments?post=4751"}],"version-history":[{"count":2,"href":"https:\/\/www.kananas.com\/it\/wp-json\/wp\/v2\/pages\/4751\/revisions"}],"predecessor-version":[{"id":5136,"href":"https:\/\/www.kananas.com\/it\/wp-json\/wp\/v2\/pages\/4751\/revisions\/5136"}],"up":[{"embeddable":true,"href":"https:\/\/www.kananas.com\/it\/wp-json\/wp\/v2\/pages\/4865"}],"wp:attachment":[{"href":"https:\/\/www.kananas.com\/it\/wp-json\/wp\/v2\/media?parent=4751"}],"curies":[{"name":"wp","href":"https:\/\/api.w.org\/{rel}","templated":true}]}}