{"id":4754,"date":"2021-03-30T14:06:50","date_gmt":"2021-03-30T12:06:50","guid":{"rendered":"https:\/\/www.kananas.com\/it\/documentation-9\/communication\/surveys\/"},"modified":"2024-11-28T20:15:30","modified_gmt":"2024-11-28T18:15:30","slug":"sondaggi-e-votazioni","status":"publish","type":"page","link":"https:\/\/www.kananas.com\/it\/documentazione\/comunicazione\/sondaggi-e-votazioni\/","title":{"rendered":"Sondaggi e votazioni: la modulistica"},"content":{"rendered":"\n<p class=\"wp-block-paragraph\">Kananas ti propone di utilizzare <strong>moduli online<\/strong> che offrono numerosi vantaggi per un&rsquo;associazione che desidera inviare questionari, realizzare sondaggi o organizzare votazioni.<\/p>\n\n\n\n<h3 class=\"wp-block-heading\">Esempi di utilizzo<\/h3>\n\n\n\n<p class=\"wp-block-paragraph\"><strong>Questionari di soddisfazione<\/strong> dopo eventi o laboratori.<br><strong>Sondaggi<\/strong> per definire le priorit\u00e0 o raccogliere idee dai membri.<br><strong>Votazioni elettroniche<\/strong> per decisioni importanti o assemblee generali.<br><strong>Indagini<\/strong> di interesse per progetti futuri (viaggi, formazione, attivit\u00e0).<\/p>\n\n\n<div class=\"wp-block-image\">\n<figure class=\"aligncenter size-large\"><img decoding=\"async\" src=\"https:\/\/www.kananas.com\/wp-content\/uploads\/2024\/11\/Screenshot-2024-11-27-at-16-42-54-SOA-club-1024x216.png\" alt=\"\" class=\"wp-image-7680\"\/><\/figure>\n<\/div>\n\n\n<h3 class=\"wp-block-heading\">Principali vantaggi<\/h3>\n\n\n\n<p class=\"wp-block-paragraph\">1. Risparmio di tempo e semplicit\u00e0<\/p>\n\n\n\n<ul class=\"wp-block-list\">\n<li><strong>Creazione rapida<\/strong> : I moduli online di Kananas permettono di creare facilmente questionari o schede di votazione.<\/li>\n\n\n\n<li><strong>Automazione<\/strong> : Le risposte sono raccolte e centralizzate istantaneamente, evitando l&rsquo;inserimento manuale e riducendo gli errori.<\/li>\n<\/ul>\n\n\n\n<p class=\"wp-block-paragraph\">2. Accessibilit\u00e0 e sicurezza<\/p>\n\n\n\n<ul class=\"wp-block-list\">\n<li><strong>Sistema anti-frode<\/strong> : Identificazione del votante, \u00e8 possibile un solo voto per persona.<\/li>\n<\/ul>\n\n\n\n<p class=\"wp-block-paragraph\">3. Risparmio economico<\/p>\n\n\n\n<ul class=\"wp-block-list\">\n<li><strong>Riduzione dei costi<\/strong> : Non \u00e8 pi\u00f9 necessario stampare documenti o inviare posta cartacea.<\/li>\n\n\n\n<li><strong>Ottimizzazione delle risorse umane<\/strong> : Meno compiti amministrativi per il team.<\/li>\n<\/ul>\n\n\n\n<h3 class=\"wp-block-heading\">Creazione del modulo<\/h3>\n\n\n\n<p class=\"wp-block-paragraph\">I tuoi moduli sono accessibili tramite il menu Comunicare\/Moduli.<\/p>\n\n\n<div class=\"wp-block-image wp-block-image aligncenter size-large\">\n<figure ><img decoding=\"async\" src=\"https:\/\/www.kananas.com\/wp-content\/uploads\/2024\/11\/Screenshot-2024-11-27-at-14-48-39-SOA-club-Parametrage-_-Formulaires-1024x729.png\" alt=\"\" class=\"wp-image-7659\"\/><\/figure>\n<\/div>\n\n<div class=\"wp-block-image wp-block-image aligncenter size-large\">\n<figure ><img decoding=\"async\" src=\"https:\/\/www.kananas.com\/wp-content\/uploads\/2024\/11\/Screenshot-2024-11-27-at-16-48-07-SOA-club-1024x693.png\" alt=\"\" class=\"wp-image-7684\"\/><\/figure>\n<\/div>\n\n\n<p class=\"wp-block-paragraph\">Usa i pulsanti sulla destra per aggiungere domande o testo al tuo modulo.<\/p>\n\n\n\n<div class=\"wp-block-columns\">\n<div class=\"wp-block-column is-layout-flow wp-block-column-is-layout-flow\" style=\"flex-basis: 66.66%;\">\n<ul class=\"wp-block-list\">\n<li style=\"list-style-type: none;\">\n<ul class=\"wp-block-list\">\n<li><strong>Gruppo di caselle di controllo<\/strong> : Inserisci un elenco di scelte sotto forma di caselle di controllo, sono possibili pi\u00f9 scelte.<\/li>\n<\/ul>\n<\/li>\n<\/ul>\n<p><\/p>\n<p><\/p>\n<ul class=\"wp-block-list\">\n<li style=\"list-style-type: none;\">\n<ul class=\"wp-block-list\">\n<li><strong>Campo Data<\/strong> : Inserisci un campo per immettere una data.<\/li>\n<\/ul>\n<\/li>\n<\/ul>\n<p><\/p>\n<p><!-- wp\/list-item --><\/p>\n<ul class=\"wp-block-list\">\n<li style=\"list-style-type: none;\">\n<ul class=\"wp-block-list\">\n<li><strong>Intestazione<\/strong> : Inserisci un titolo di grande dimensione.<\/li>\n<\/ul>\n<\/li>\n<\/ul>\n<p><\/p>\n<p><\/p>\n<ul class=\"wp-block-list\">\n<li style=\"list-style-type: none;\">\n<ul class=\"wp-block-list\">\n<li><strong>Numero<\/strong> : Inserisci un campo per immettere un numero con pulsanti per incrementarlo\/decrementarlo.<\/li>\n<\/ul>\n<\/li>\n<\/ul>\n<p><\/p>\n<p><\/p>\n<ul class=\"wp-block-list\">\n<li style=\"list-style-type: none;\">\n<ul class=\"wp-block-list\">\n<li><strong>Paragrafo<\/strong> : Inserisci un blocco di testo.<\/li>\n<\/ul>\n<\/li>\n<\/ul>\n<p><br \/><\/p>\n<ul class=\"wp-block-list\">\n<li style=\"list-style-type: none;\">\n<ul class=\"wp-block-list\">\n<li><strong>Gruppo di pulsanti radio<\/strong> : inserisce un campo simile al Gruppo di caselle di controllo, ma in cui \u00e8 possibile fare una sola scelta.<\/li>\n<\/ul>\n<\/li>\n<\/ul>\n<p><\/p>\n<p><\/p>\n<ul class=\"wp-block-list\">\n<li style=\"list-style-type: none;\">\n<ul class=\"wp-block-list\">\n<li><strong>Seleziona<\/strong> : inserisce un menu a tendina con la possibilit\u00e0 di configurare o meno la selezione multipla.<\/li>\n<\/ul>\n<\/li>\n<\/ul>\n<p><\/p>\n<p><\/p>\n<ul class=\"wp-block-list\">\n<li style=\"list-style-type: none;\">\n<ul class=\"wp-block-list\">\n<li><strong>Campo di inserimento testo<\/strong> : inserisce un campo per immettere un testo.<\/li>\n<\/ul>\n<\/li>\n<\/ul>\n<p><\/p>\n<p><\/p>\n<ul class=\"wp-block-list\">\n<li style=\"list-style-type: none;\">\n<ul class=\"wp-block-list\">\n<li><strong>Area di testo<\/strong> : inserisce un campo di inserimento testo su pi\u00f9 righe.<\/li>\n<\/ul>\n<\/li>\n<\/ul>\n<p><\/p>\n<p><\/p>\n<\/div>\n<p><\/p>\n<p><\/p>\n<figure><a href=\"https:\/\/www.kananas.com\/wp-content\/uploads\/2024\/11\/Screenshot-2024-11-27-at-16-12-09-SOA-club.png\"><img decoding=\"async\" class=\"wp-image-7662\" src=\"https:\/\/www.kananas.com\/wp-content\/uploads\/2024\/11\/Screenshot-2024-11-27-at-16-12-09-SOA-club.png\" alt=\"\" \/><\/a><\/figure>\n<div class=\"wp-block-column is-layout-flow wp-block-column-is-layout-flow\" style=\"flex-basis: 33.33%;\"><\/p>\n<\/div>\n<p><\/p>\n<\/div>\n<!-- \/wp:post-content -->\n\n<!-- wp:paragraph -->\n<p>Passando sopra un blocco del modulo e cliccando sull&rsquo;icona della matita, entrerai in modalit\u00e0 di modifica.<\/p>\n<!-- \/wp:paragraph -->\n\n<!-- wp:image {\"id\":7667,\"align\":\"center\",\"className\":\"wp-block-image aligncenter size-large\"} -->\n<figure class=\"wp-block-image aligncenter size-large\"><img decoding=\"async\" src=\"https:\/\/www.kananas.com\/wp-content\/uploads\/2024\/11\/Capture-decran-2024-11-27-a-14.44.08-1024x686.png\" alt=\"\" class=\"wp-image-7667\"\/><\/figure>\n<!-- \/wp:image -->\n\n<!-- wp:paragraph -->\n<p>Per visualizzare il risultato, usa il pulsante Anteprima (dopo aver salvato).<\/p>\n<!-- \/wp:paragraph -->\n\n<!-- wp:heading {\"level\":3,\"className\":\"wp-block-heading\"} -->\n<h3 class=\"wp-block-heading\">Invio del modulo<\/h3>\n<!-- \/wp:heading -->\n\n<!-- wp:paragraph -->\n<p>Due modi per inviare il modulo alle persone che desideri interrogare:<\/p>\n<!-- \/wp:paragraph -->\n\n<!-- wp:list {\"className\":\"wp-block-list\"} -->\n<ul class=\"wp-block-list\"><!-- wp:list-item -->\n<li>Dal modulo: clicca sul pulsante <strong>Invia<\/strong> e seleziona i tuoi destinatari.<\/li>\n<!-- \/wp:list-item -->\n\n<!-- wp:list-item -->\n<li>Dal elenco dei contatti: seleziona i destinatari e usa l&rsquo;azione \u00ab\u00a0invio di un modulo\u00a0\u00bb.<\/li>\n<!-- \/wp:list-item --><\/ul>\n<!-- \/wp:list -->\n\n<!-- wp:list {\"className\":\"wp-block-list\"} -->\n<ul class=\"wp-block-list\"><\/ul>\n<!-- \/wp:list -->\n\n<!-- wp:image {\"id\":7670,\"align\":\"center\",\"className\":\"wp-block-image aligncenter size-large\"} -->\n<figure class=\"wp-block-image aligncenter size-large\"><img decoding=\"async\" src=\"https:\/\/www.kananas.com\/wp-content\/uploads\/2024\/11\/Screenshot-2024-11-27-at-14-50-27-SOA-club-Contact-1024x639.png\" alt=\"\" class=\"wp-image-7670\"\/><\/figure>\n<!-- \/wp:image -->\n\n<!-- wp:paragraph {\"className\":\"roundDiv has-base-background-color has-background\"} -->\n<p class=\"roundDiv has-base-background-color has-background\">Attenzione a non scegliere un campione troppo piccolo, altrimenti il tuo sondaggio non sar\u00e0 significativo.<\/p>\n<!-- \/wp:paragraph -->\n\n<!-- wp:image {\"id\":7676,\"align\":\"center\",\"className\":\"wp-block-image aligncenter size-large\"} -->\n<figure class=\"wp-block-image aligncenter size-large\"><img decoding=\"async\" src=\"https:\/\/www.kananas.com\/wp-content\/uploads\/2024\/11\/Screenshot-2024-11-27-at-14-53-04-Gestionnaire-dassociation-1024x846.png\" alt=\"\" class=\"wp-image-7676\"\/><\/figure>\n<!-- \/wp:image -->\n\n<!-- wp:paragraph {\"className\":\"roundDiv has-base-background-color has-background\"} -->\n<p class=\"roundDiv has-base-background-color has-background\">Anti-frode: il link inviato \u00e8 unico, una volta che le risposte sono registrate nel modulo, non \u00e8 pi\u00f9 possibile rifare l&rsquo;azione.<\/p>\n<!-- \/wp:paragraph -->\n\n<!-- wp:heading {\"level\":3,\"className\":\"wp-block-heading\"} -->\n<h3 class=\"wp-block-heading\">Analisi dei risultati<\/h3>\n<!-- \/wp:heading -->\n\n<!-- wp:paragraph -->\n<p>La scheda <strong>Risultato<\/strong> del modulo ti consente di visualizzare i risultati della tua consultazione in tempo reale, sotto forma di grafico e lista dettagliata.<\/p>\n<!-- \/wp:paragraph -->\n\n<!-- wp:image {\"id\":7674,\"align\":\"center\",\"className\":\"wp-block-image aligncenter size-large\"} -->\n<figure class=\"wp-block-image aligncenter size-large\"><img decoding=\"async\" src=\"https:\/\/www.kananas.com\/wp-content\/uploads\/2024\/11\/Screenshot-2024-11-27-at-15-43-01-SOA-club-1024x696.png\" alt=\"\" class=\"wp-image-7674\"\/><\/figure>\n<!-- \/wp:image -->\n\n<!-- wp:image {\"id\":7675,\"align\":\"center\",\"className\":\"wp-block-image aligncenter size-large\"} -->\n<figure class=\"wp-block-image aligncenter size-large\"><img decoding=\"async\" src=\"https:\/\/www.kananas.com\/wp-content\/uploads\/2024\/11\/Screenshot-2024-11-27-at-15-43-15-SOA-club-1024x696.png\" alt=\"\" class=\"wp-image-7675\"\/><\/figure>\n<!-- \/wp:image -->\n\n<!-- wp:paragraph {\"className\":\"roundDiv has-base-background-color has-background\"} -->\n<p class=\"roundDiv has-base-background-color has-background\"><strong>Testa<\/strong> il tuo sondaggio prima di inviarlo, non c&rsquo;\u00e8 niente di pi\u00f9 frustrante che accorgersi, dopo aver inviato il sondaggio, che manca una domanda o delle opzioni di risposta importanti per una delle domande. Inviati il modulo, testalo e quando sei soddisfatto, clicca sul pulsante <strong>Elimina i risultati<\/strong> per non falsare le risposte.<\/p>\n<!-- \/wp:paragraph -->\n\n<!-- wp:paragraph -->\n<p>Per ulteriori informazioni sulle funzionalit\u00e0 di comunicazione di Kananas:<\/p>\n<!-- \/wp:paragraph -->\n\n<!-- wp:page-list {\"parentPageID\":4866} \/-->","protected":false},"excerpt":{"rendered":"<p>Kananas ti propone di utilizzare moduli online che offrono numerosi vantaggi per un&rsquo;associazione che desidera inviare questionari, realizzare sondaggi o organizzare votazioni. Esempi di utilizzo Questionari di soddisfazione dopo eventi o laboratori.Sondaggi per definire le priorit\u00e0 o raccogliere idee dai membri.Votazioni elettroniche per decisioni importanti o assemblee generali.Indagini di interesse per progetti futuri (viaggi, formazione, &#8230; <a title=\"Sondaggi e votazioni: la modulistica\" class=\"read-more\" href=\"https:\/\/www.kananas.com\/it\/documentazione\/comunicazione\/sondaggi-e-votazioni\/\" aria-label=\"En savoir plus sur Sondaggi e votazioni: la modulistica\">Lire la suite<\/a><\/p>\n","protected":false},"author":1,"featured_media":0,"parent":4866,"menu_order":5,"comment_status":"closed","ping_status":"closed","template":"","meta":{"_crdt_document":"","footnotes":""},"class_list":["post-4754","page","type-page","status-publish"],"_links":{"self":[{"href":"https:\/\/www.kananas.com\/it\/wp-json\/wp\/v2\/pages\/4754","targetHints":{"allow":["GET"]}}],"collection":[{"href":"https:\/\/www.kananas.com\/it\/wp-json\/wp\/v2\/pages"}],"about":[{"href":"https:\/\/www.kananas.com\/it\/wp-json\/wp\/v2\/types\/page"}],"author":[{"embeddable":true,"href":"https:\/\/www.kananas.com\/it\/wp-json\/wp\/v2\/users\/1"}],"replies":[{"embeddable":true,"href":"https:\/\/www.kananas.com\/it\/wp-json\/wp\/v2\/comments?post=4754"}],"version-history":[{"count":6,"href":"https:\/\/www.kananas.com\/it\/wp-json\/wp\/v2\/pages\/4754\/revisions"}],"predecessor-version":[{"id":5347,"href":"https:\/\/www.kananas.com\/it\/wp-json\/wp\/v2\/pages\/4754\/revisions\/5347"}],"up":[{"embeddable":true,"href":"https:\/\/www.kananas.com\/it\/wp-json\/wp\/v2\/pages\/4866"}],"wp:attachment":[{"href":"https:\/\/www.kananas.com\/it\/wp-json\/wp\/v2\/media?parent=4754"}],"curies":[{"name":"wp","href":"https:\/\/api.w.org\/{rel}","templated":true}]}}