{"id":4772,"date":"2016-02-26T17:33:15","date_gmt":"2016-02-26T15:33:15","guid":{"rendered":"https:\/\/www.kananas.com\/it\/documentation-15\/accounting\/"},"modified":"2024-01-05T12:47:17","modified_gmt":"2024-01-05T10:47:17","slug":"contabilita","status":"publish","type":"page","link":"https:\/\/www.kananas.com\/it\/documentazione\/contabilita\/","title":{"rendered":"Contabilit\u00e0"},"content":{"rendered":"\n<p class=\"wp-block-paragraph\">Il nostro CRM ti consente di gestire le finanze della tua organizzazione.<\/p>\n\n\n\n<p class=\"wp-block-paragraph\">Al fine di facilitare la gestione della contabilit\u00e0, offriamo una contabilit\u00e0 semplificata e non la contabilit\u00e0 a partita doppia. La nostra soluzione ti consente di liberarti dai vincoli del software di contabilit\u00e0 tradizionale, qui non ci sono configurazioni tediose, registri fissi o obblighi di codice oscuri!<\/p>\n\n\n\n<p class=\"wp-block-paragraph\">Nella nostra soluzione, il piano dei conti \u00e8 gi\u00e0 configurato e il registro ha un potente filtro che ti consente di raffinare le informazioni che desideri visualizzare.<\/p>\n\n\n<div class=\"wp-block-image ghostkit-custom-1ShTmE\">\n<figure class=\"aligncenter size-full\"><img decoding=\"async\" src=\"https:\/\/www.kananas.com\/en\/wp-content\/uploads\/sites\/2145\/2023\/12\/Screenshot-2023-12-15-at-14-45-07-SOA-club-Accounting-_-income_expense.png\" alt=\"\" class=\"wp-image-5386\" title=\"associazione contabilit\u00e0\"\/><\/figure>\n<\/div>\n\n\n<p class=\"wp-block-paragraph\">Tieni presente che puoi creare manualmente le tue transazioni, ma puoi anche approfittare della creazione automatica delle transazioni quando utilizzi il carrello del membro. Se aggiungi un pagamento al file di un <a href=\"https:\/\/www.kananas.com\/it\/documentazione\/membri\/\" data-type=\"page\" data-id=\"4876\">membro<\/a>, la transazione di entrata verr\u00e0 creata automaticamente nella contabilit\u00e0.<\/p>\n\n\n\n<blockquote class=\"wp-block-quote is-layout-flow wp-block-quote-is-layout-flow\">\n<p class=\"wp-block-paragraph\"><\/p>\n<cite><i class=\"icon fa fa-star\" aria-hidden=\"true\"> <\/i><i> <\/i>Quando utilizzi il <a href=\"https:\/\/www.kananas.com\/it\/documentazione\/sito-web\/pagamento-online\/\" data-type=\"page\" data-id=\"4831\">pagamento online<\/a>, le entrate vengono create automaticamente nel tuo registro e nel carrello dei contatti.<\/cite><\/blockquote>\n\n\n\n<div style=\"height:30px\" aria-hidden=\"true\" class=\"wp-block-spacer\"><\/div>\n\n\n\n<p class=\"wp-block-paragraph\">Per saperne di pi\u00f9 sulla contabilit\u00e0<\/p>\n\n\n<ul class=\"wp-block-page-list\"><li class=\"wp-block-pages-list__item\"><a class=\"wp-block-pages-list__item__link\" href=\"https:\/\/www.kananas.com\/it\/documentazione\/contabilita\/transazioni\/\">Transazioni<\/a><\/li><li class=\"wp-block-pages-list__item\"><a class=\"wp-block-pages-list__item__link\" href=\"https:\/\/www.kananas.com\/it\/documentazione\/contabilita\/collocamento\/\">Collocamento<\/a><\/li><li class=\"wp-block-pages-list__item\"><a class=\"wp-block-pages-list__item__link\" href=\"https:\/\/www.kananas.com\/it\/documentazione\/contabilita\/tagga-un-ricavo-o-una-spesa\/\">Tagga un ricavo o una spesa<\/a><\/li><li class=\"wp-block-pages-list__item\"><a class=\"wp-block-pages-list__item__link\" href=\"https:\/\/www.kananas.com\/it\/documentazione\/contabilita\/nuovo-esercizio\/\">Nuovo esercizio<\/a><\/li><li class=\"wp-block-pages-list__item\"><a class=\"wp-block-pages-list__item__link\" href=\"https:\/\/www.kananas.com\/it\/documentazione\/contabilita\/chiusura-del-conto\/\">Chiusura del conto<\/a><\/li><li class=\"wp-block-pages-list__item\"><a class=\"wp-block-pages-list__item__link\" href=\"https:\/\/www.kananas.com\/it\/documentazione\/contabilita\/controlla-il-deposito\/\">Controlla il deposito<\/a><\/li><li class=\"wp-block-pages-list__item\"><a class=\"wp-block-pages-list__item__link\" href=\"https:\/\/www.kananas.com\/it\/documentazione\/contabilita\/stato-patrimoniale-e-conto-economico\/\">Stato patrimoniale e conto economico<\/a><\/li><\/ul>","protected":false},"excerpt":{"rendered":"<p>Il nostro CRM ti consente di gestire le finanze della tua organizzazione. Al fine di facilitare la gestione della contabilit\u00e0, offriamo una contabilit\u00e0 semplificata e non la contabilit\u00e0 a partita doppia. La nostra soluzione ti consente di liberarti dai vincoli del software di contabilit\u00e0 tradizionale, qui non ci sono configurazioni tediose, registri fissi o obblighi &#8230; <a title=\"Contabilit\u00e0\" class=\"read-more\" href=\"https:\/\/www.kananas.com\/it\/documentazione\/contabilita\/\" aria-label=\"En savoir plus sur Contabilit\u00e0\">Lire la suite<\/a><\/p>\n","protected":false},"author":1,"featured_media":0,"parent":4865,"menu_order":3,"comment_status":"closed","ping_status":"closed","template":"","meta":{"_crdt_document":"","footnotes":""},"class_list":["post-4772","page","type-page","status-publish"],"_links":{"self":[{"href":"https:\/\/www.kananas.com\/it\/wp-json\/wp\/v2\/pages\/4772","targetHints":{"allow":["GET"]}}],"collection":[{"href":"https:\/\/www.kananas.com\/it\/wp-json\/wp\/v2\/pages"}],"about":[{"href":"https:\/\/www.kananas.com\/it\/wp-json\/wp\/v2\/types\/page"}],"author":[{"embeddable":true,"href":"https:\/\/www.kananas.com\/it\/wp-json\/wp\/v2\/users\/1"}],"replies":[{"embeddable":true,"href":"https:\/\/www.kananas.com\/it\/wp-json\/wp\/v2\/comments?post=4772"}],"version-history":[{"count":4,"href":"https:\/\/www.kananas.com\/it\/wp-json\/wp\/v2\/pages\/4772\/revisions"}],"predecessor-version":[{"id":5168,"href":"https:\/\/www.kananas.com\/it\/wp-json\/wp\/v2\/pages\/4772\/revisions\/5168"}],"up":[{"embeddable":true,"href":"https:\/\/www.kananas.com\/it\/wp-json\/wp\/v2\/pages\/4865"}],"wp:attachment":[{"href":"https:\/\/www.kananas.com\/it\/wp-json\/wp\/v2\/media?parent=4772"}],"curies":[{"name":"wp","href":"https:\/\/api.w.org\/{rel}","templated":true}]}}