{"id":4807,"date":"2016-02-26T18:02:11","date_gmt":"2016-02-26T16:02:11","guid":{"rendered":"https:\/\/www.kananas.com\/it\/documentation-28\/members\/member-import\/"},"modified":"2024-01-02T16:01:26","modified_gmt":"2024-01-02T14:01:26","slug":"importazione-di-membri","status":"publish","type":"page","link":"https:\/\/www.kananas.com\/it\/documentazione\/membri\/importazione-di-membri\/","title":{"rendered":"Importazione di membri"},"content":{"rendered":"\n<p class=\"wp-block-paragraph\">Se hai gi\u00e0 un database di contatti (<a href=\"https:\/\/www.kananas.com\/it\/documentazione\/membri\/\" data-type=\"page\" data-id=\"4876\">membri<\/a>, contatti esterni, ecc.), puoi importarlo nel nostro software di gestione delle associazioni. Per farlo, \u00e8 necessario esportare la lista dei tuoi contatti in formato CSV. Ci\u00f2 pu\u00f2 essere fatto dal tuo software di fogli di calcolo preferito (salva come CSV) o esportando il tuo database. Nota: il separatore di campi deve essere un punto e virgola.<\/p>\n\n\n\n<p class=\"wp-block-paragraph\">Per importare il tuo file di contatti, utilizza il link \u00ab\u00a0importa\u00a0\u00bb nella sezione \u00ab\u00a0contatti\u00a0\u00bb di Kananas.<\/p>\n\n\n\n<p class=\"wp-block-paragraph\">Successivamente, allega il file al modulo.<\/p>\n\n\n<div class=\"wp-block-image\">\n<figure class=\"aligncenter size-full\"><a href=\"https:\/\/www.kananas.com\/it\/wp-content\/uploads\/sites\/2145\/2023\/12\/Screenshot-2023-12-13-at-18-11-06-SOA-club.png\"><img decoding=\"async\" src=\"https:\/\/www.kananas.com\/it\/wp-content\/uploads\/sites\/2145\/2023\/12\/Screenshot-2023-12-13-at-18-11-06-SOA-club.png\" alt=\"\" class=\"wp-image-5304\" title=\"association import member file\"\/><\/a><\/figure>\n<\/div>\n\n\n<p class=\"wp-block-paragraph\">Nella pagina successiva, \u00e8 necessario dare un nome a ciascuna colonna che desideri importare per specificare in quale campo del database verranno memorizzate le informazioni. Le colonne che non nomini non saranno importate.<\/p>\n\n\n\n<p class=\"wp-block-paragraph\">Le colonne Nome\/Cognome sono obbligatorie e aiuteranno il software a determinare se si tratta di un aggiornamento del file o di una nuova creazione.<\/p>\n\n\n<div class=\"wp-block-image\">\n<figure class=\"aligncenter size-full\"><a href=\"https:\/\/www.kananas.com\/it\/wp-content\/uploads\/sites\/2145\/2023\/12\/Screenshot-2023-12-13-at-18-13-17-SOA-club.png\"><img decoding=\"async\" src=\"https:\/\/www.kananas.com\/it\/wp-content\/uploads\/sites\/2145\/2023\/12\/Screenshot-2023-12-13-at-18-13-17-SOA-club.png\" alt=\"\" class=\"wp-image-5305\" title=\"association import member file field selection\"\/><\/a><\/figure>\n<\/div>\n\n\n<p class=\"wp-block-paragraph\">Puoi utilizzare la funzione di importazione per aggiornare determinate informazioni nel tuo database. In questo caso, \u00e8 sufficiente compilare le colonne di aggiornamento nell&rsquo;intestazione della tabella (oltre al nome e al cognome).<\/p>\n\n\n\n<p class=\"wp-block-paragraph\">Per completare l&rsquo;operazione, fai clic sulle righe che desideri importare, quindi utilizza il modulo nella parte inferiore della pagina per definire come verranno create le nuove voci e fai clic sul pulsante \u00ab\u00a0importa\u00a0\u00bb.<\/p>\n\n\n\n<h5 class=\"wp-block-heading\" id=\"importer-des-champs-libres\">Importare <a href=\"https:\/\/www.kananas.com\/it\/documentazione\/membri\/personalizzazione-delle-cartelle\/\" data-type=\"page\" data-id=\"4804\">Campi Personalizzati<\/a><\/h5>\n\n\n\n<p class=\"wp-block-paragraph\">Inserisci semplicemente il valore del campo personalizzato nel tuo file .csv come definito nei valori possibili di quel campo. Se si tratta di un campo \u00ab\u00a0multi-valore\u00a0\u00bb, \u00e8 necessario inserire il suo valore nel seguente modo: valore1, valore2 (il separatore \u00e8 una virgola).<\/p>\n\n\n\n<div style=\"height:30px\" aria-hidden=\"true\" class=\"wp-block-spacer\"><\/div>\n\n\n\n<p class=\"wp-block-paragraph\">Per saperne di pi\u00f9 sulla gestione dei contatti<\/p>\n\n\n<ul class=\"wp-block-page-list\"><li class=\"wp-block-pages-list__item\"><a class=\"wp-block-pages-list__item__link\" href=\"https:\/\/www.kananas.com\/it\/documentazione\/membri\/importazione-di-membri\/\">Importazione di membri<\/a><\/li><li class=\"wp-block-pages-list__item\"><a class=\"wp-block-pages-list__item__link\" href=\"https:\/\/www.kananas.com\/it\/documentazione\/membri\/personalizzazione-delle-cartelle\/\">Personalizzazione delle cartelle<\/a><\/li><li class=\"wp-block-pages-list__item\"><a class=\"wp-block-pages-list__item__link\" href=\"https:\/\/www.kananas.com\/it\/documentazione\/membri\/personalizzazione-delle-visualizzazioni\/\">Personalizzazione delle visualizzazioni<\/a><\/li><li class=\"wp-block-pages-list__item has-child\"><a class=\"wp-block-pages-list__item__link\" href=\"https:\/\/www.kananas.com\/it\/documentazione\/membri\/contributo\/\">Contributo<\/a><ul class=\"wp-block-navigation__submenu-container\"><li class=\"wp-block-pages-list__item \"><a class=\"wp-block-pages-list__item__link\" href=\"https:\/\/www.kananas.com\/it\/documentazione\/membri\/contributo\/iscrizione-senza-contatto\/\">Iscrizione senza contatto<\/a><\/li><li class=\"wp-block-pages-list__item \"><a class=\"wp-block-pages-list__item__link\" href=\"https:\/\/www.kananas.com\/it\/documentazione\/membri\/contributo\/stampare-le-tessere-associative\/\">Stampare le tessere associative<\/a><\/li><\/ul><\/li><li class=\"wp-block-pages-list__item\"><a class=\"wp-block-pages-list__item__link\" href=\"https:\/\/www.kananas.com\/it\/documentazione\/membri\/diritti-di-accesso\/\">Diritti di accesso<\/a><\/li><li class=\"wp-block-pages-list__item\"><a class=\"wp-block-pages-list__item__link\" href=\"https:\/\/www.kananas.com\/it\/documentazione\/membri\/taggare-le-cartelle\/\">Taggare le cartelle<\/a><\/li><li class=\"wp-block-pages-list__item\"><a class=\"wp-block-pages-list__item__link\" href=\"https:\/\/www.kananas.com\/it\/documentazione\/membri\/carrello\/\">Carrello<\/a><\/li><li class=\"wp-block-pages-list__item\"><a class=\"wp-block-pages-list__item__link\" href=\"https:\/\/www.kananas.com\/it\/documentazione\/membri\/gestione-familiare\/\">Gestione familiare<\/a><\/li><li class=\"wp-block-pages-list__item\"><a class=\"wp-block-pages-list__item__link\" href=\"https:\/\/www.kananas.com\/it\/documentazione\/membri\/appunti\/\">Appunti<\/a><\/li><li class=\"wp-block-pages-list__item\"><a class=\"wp-block-pages-list__item__link\" href=\"https:\/\/www.kananas.com\/it\/documentazione\/membri\/spazio-personale\/\">Spazio personale<\/a><\/li><li class=\"wp-block-pages-list__item\"><a class=\"wp-block-pages-list__item__link\" href=\"https:\/\/www.kananas.com\/it\/documentazione\/membri\/statistiche\/\">Statistiche<\/a><\/li><li class=\"wp-block-pages-list__item\"><a class=\"wp-block-pages-list__item__link\" href=\"https:\/\/www.kananas.com\/it\/documentazione\/membri\/donazioni\/\">Donazioni<\/a><\/li><li class=\"wp-block-pages-list__item\"><a class=\"wp-block-pages-list__item__link\" href=\"https:\/\/www.kananas.com\/it\/documentazione\/membri\/tessera-associativa\/\">Tessera associativa<\/a><\/li><li class=\"wp-block-pages-list__item\"><a class=\"wp-block-pages-list__item__link\" href=\"https:\/\/www.kananas.com\/it\/documentazione\/membri\/certificato-medico\/\">Certificato medico<\/a><\/li><\/ul>","protected":false},"excerpt":{"rendered":"<p>Se hai gi\u00e0 un database di contatti (membri, contatti esterni, ecc.), puoi importarlo nel nostro software di gestione delle associazioni. Per farlo, \u00e8 necessario esportare la lista dei tuoi contatti in formato CSV. Ci\u00f2 pu\u00f2 essere fatto dal tuo software di fogli di calcolo preferito (salva come CSV) o esportando il tuo database. Nota: il &#8230; <a title=\"Importazione di membri\" class=\"read-more\" href=\"https:\/\/www.kananas.com\/it\/documentazione\/membri\/importazione-di-membri\/\" aria-label=\"En savoir plus sur Importazione di membri\">Lire la suite<\/a><\/p>\n","protected":false},"author":1,"featured_media":0,"parent":4876,"menu_order":0,"comment_status":"closed","ping_status":"closed","template":"","meta":{"_crdt_document":"","footnotes":""},"class_list":["post-4807","page","type-page","status-publish"],"_links":{"self":[{"href":"https:\/\/www.kananas.com\/it\/wp-json\/wp\/v2\/pages\/4807","targetHints":{"allow":["GET"]}}],"collection":[{"href":"https:\/\/www.kananas.com\/it\/wp-json\/wp\/v2\/pages"}],"about":[{"href":"https:\/\/www.kananas.com\/it\/wp-json\/wp\/v2\/types\/page"}],"author":[{"embeddable":true,"href":"https:\/\/www.kananas.com\/it\/wp-json\/wp\/v2\/users\/1"}],"replies":[{"embeddable":true,"href":"https:\/\/www.kananas.com\/it\/wp-json\/wp\/v2\/comments?post=4807"}],"version-history":[{"count":3,"href":"https:\/\/www.kananas.com\/it\/wp-json\/wp\/v2\/pages\/4807\/revisions"}],"predecessor-version":[{"id":5148,"href":"https:\/\/www.kananas.com\/it\/wp-json\/wp\/v2\/pages\/4807\/revisions\/5148"}],"up":[{"embeddable":true,"href":"https:\/\/www.kananas.com\/it\/wp-json\/wp\/v2\/pages\/4876"}],"wp:attachment":[{"href":"https:\/\/www.kananas.com\/it\/wp-json\/wp\/v2\/media?parent=4807"}],"curies":[{"name":"wp","href":"https:\/\/api.w.org\/{rel}","templated":true}]}}