{"id":4810,"date":"2016-02-26T18:00:57","date_gmt":"2016-02-26T16:00:57","guid":{"rendered":"https:\/\/www.kananas.com\/it\/documentation-29\/members\/tag-folders\/"},"modified":"2024-01-02T16:11:35","modified_gmt":"2024-01-02T14:11:35","slug":"taggare-le-cartelle","status":"publish","type":"page","link":"https:\/\/www.kananas.com\/it\/documentazione\/membri\/taggare-le-cartelle\/","title":{"rendered":"Taggare le cartelle"},"content":{"rendered":"\n<p class=\"wp-block-paragraph\">Potrebbe essere interessante notare che un file deve essere completato o che un contatto \u00e8 disposto a organizzare un&rsquo;uscita. Per fare ci\u00f2, puoi utilizzare la funzionalit\u00e0 di Tag. Il tag \u00e8 un&rsquo;etichetta che si attacca a una cartella.<\/p>\n\n\n\n<p class=\"wp-block-paragraph\">Esempio, nuovo tag e tag volontari:<\/p>\n\n\n\n<figure class=\"wp-block-image size-full is-resized\"><img decoding=\"async\" src=\"https:\/\/www.kananas.com\/en\/wp-content\/uploads\/sites\/2145\/2023\/12\/Screenshot-2023-12-15-at-10-08-05-SOA-club-Contact-kevin-Asimov.png\" alt=\"\" class=\"wp-image-5333\" style=\"width:574px;height:auto\"\/><\/figure>\n\n\n\n<p class=\"wp-block-paragraph\">Puoi definire quanti tag desideri su un file di contatto, ma anche su un provento o una spesa.<\/p>\n\n\n\n<p class=\"wp-block-paragraph\">Per aggiungere un tag, clicca sul pulsante <strong>+Tag<\/strong> sulla scheda del contatto.<\/p>\n\n\n\n<figure class=\"wp-block-image size-full ghostkit-custom-1zyIG0\"><img decoding=\"async\" src=\"https:\/\/www.kananas.com\/en\/wp-content\/uploads\/sites\/2145\/2023\/12\/Screenshot-2023-12-15-at-10-08-24-SOA-club-Contact-kevin-Asimov.png\" alt=\"\" class=\"wp-image-5335\"\/><\/figure>\n\n\n\n<blockquote class=\"wp-block-quote is-layout-flow wp-block-quote-is-layout-flow\">\n<p class=\"wp-block-paragraph\"><\/p>\n<cite><i class=\"icon fa fa-star\" aria-hidden=\"true\"> <\/i>Suggerimento: un tag pu\u00f2 anche essere utilizzato per creare gruppi.<\/cite><\/blockquote>\n\n\n\n<p class=\"wp-block-paragraph\">Puoi anche aggiungere un tag a pi\u00f9 contatti contemporaneamente. Per farlo, seleziona i file e utilizza le <strong>azioni collettive<\/strong>.<\/p>\n\n\n\n<figure class=\"wp-block-image size-full ghostkit-custom-ZKtamX\"><img decoding=\"async\" src=\"https:\/\/www.kananas.com\/en\/wp-content\/uploads\/sites\/2145\/2023\/12\/Screenshot-2023-12-15-at-10-09-01-SOA-club-Contact.png\" alt=\"\" class=\"wp-image-5336\"\/><\/figure>\n\n\n\n<p class=\"wp-block-paragraph\">Per rimuovere il tag, fai clic sulla croce a destra del tag sulla cartella del contatto o utilizza l&rsquo;azione collettiva per rimuovere il tag su diverse cartelle.<\/p>\n\n\n\n<p class=\"wp-block-paragraph\">Puoi effettuare selezioni di contatti in base al valore di questo campo, per farlo utilizza il filtro facendo clic su <strong>cerca<\/strong> e quindi seleziona uno o pi\u00f9 tag.<\/p>\n\n\n\n<figure class=\"wp-block-image size-full\"><img decoding=\"async\" src=\"https:\/\/www.kananas.com\/en\/wp-content\/uploads\/sites\/2145\/2023\/12\/Screenshot-2023-12-15-at-10-09-32-SOA-club-Contact.png\" alt=\"\" class=\"wp-image-5337\"\/><\/figure>\n\n\n\n<div style=\"height:30px\" aria-hidden=\"true\" class=\"wp-block-spacer\"><\/div>\n\n\n\n<p class=\"wp-block-paragraph\">Per saperne di pi\u00f9 sulla gestione dei contatti<\/p>\n\n\n<ul class=\"wp-block-page-list\"><li class=\"wp-block-pages-list__item\"><a class=\"wp-block-pages-list__item__link\" href=\"https:\/\/www.kananas.com\/it\/documentazione\/membri\/importazione-di-membri\/\">Importazione di membri<\/a><\/li><li class=\"wp-block-pages-list__item\"><a class=\"wp-block-pages-list__item__link\" href=\"https:\/\/www.kananas.com\/it\/documentazione\/membri\/personalizzazione-delle-cartelle\/\">Personalizzazione delle cartelle<\/a><\/li><li class=\"wp-block-pages-list__item\"><a class=\"wp-block-pages-list__item__link\" href=\"https:\/\/www.kananas.com\/it\/documentazione\/membri\/personalizzazione-delle-visualizzazioni\/\">Personalizzazione delle visualizzazioni<\/a><\/li><li class=\"wp-block-pages-list__item has-child\"><a class=\"wp-block-pages-list__item__link\" href=\"https:\/\/www.kananas.com\/it\/documentazione\/membri\/contributo\/\">Contributo<\/a><ul class=\"wp-block-navigation__submenu-container\"><li class=\"wp-block-pages-list__item \"><a class=\"wp-block-pages-list__item__link\" href=\"https:\/\/www.kananas.com\/it\/documentazione\/membri\/contributo\/iscrizione-senza-contatto\/\">Iscrizione senza contatto<\/a><\/li><li class=\"wp-block-pages-list__item \"><a class=\"wp-block-pages-list__item__link\" href=\"https:\/\/www.kananas.com\/it\/documentazione\/membri\/contributo\/stampare-le-tessere-associative\/\">Stampare le tessere associative<\/a><\/li><\/ul><\/li><li class=\"wp-block-pages-list__item\"><a class=\"wp-block-pages-list__item__link\" href=\"https:\/\/www.kananas.com\/it\/documentazione\/membri\/diritti-di-accesso\/\">Diritti di accesso<\/a><\/li><li class=\"wp-block-pages-list__item\"><a class=\"wp-block-pages-list__item__link\" href=\"https:\/\/www.kananas.com\/it\/documentazione\/membri\/taggare-le-cartelle\/\">Taggare le cartelle<\/a><\/li><li class=\"wp-block-pages-list__item\"><a class=\"wp-block-pages-list__item__link\" href=\"https:\/\/www.kananas.com\/it\/documentazione\/membri\/carrello\/\">Carrello<\/a><\/li><li class=\"wp-block-pages-list__item\"><a class=\"wp-block-pages-list__item__link\" href=\"https:\/\/www.kananas.com\/it\/documentazione\/membri\/gestione-familiare\/\">Gestione familiare<\/a><\/li><li class=\"wp-block-pages-list__item\"><a class=\"wp-block-pages-list__item__link\" href=\"https:\/\/www.kananas.com\/it\/documentazione\/membri\/appunti\/\">Appunti<\/a><\/li><li class=\"wp-block-pages-list__item\"><a class=\"wp-block-pages-list__item__link\" href=\"https:\/\/www.kananas.com\/it\/documentazione\/membri\/spazio-personale\/\">Spazio personale<\/a><\/li><li class=\"wp-block-pages-list__item\"><a class=\"wp-block-pages-list__item__link\" href=\"https:\/\/www.kananas.com\/it\/documentazione\/membri\/statistiche\/\">Statistiche<\/a><\/li><li class=\"wp-block-pages-list__item\"><a class=\"wp-block-pages-list__item__link\" href=\"https:\/\/www.kananas.com\/it\/documentazione\/membri\/donazioni\/\">Donazioni<\/a><\/li><li class=\"wp-block-pages-list__item\"><a class=\"wp-block-pages-list__item__link\" href=\"https:\/\/www.kananas.com\/it\/documentazione\/membri\/tessera-associativa\/\">Tessera associativa<\/a><\/li><li class=\"wp-block-pages-list__item\"><a class=\"wp-block-pages-list__item__link\" href=\"https:\/\/www.kananas.com\/it\/documentazione\/membri\/certificato-medico\/\">Certificato medico<\/a><\/li><\/ul>","protected":false},"excerpt":{"rendered":"<p>Potrebbe essere interessante notare che un file deve essere completato o che un contatto \u00e8 disposto a organizzare un&rsquo;uscita. Per fare ci\u00f2, puoi utilizzare la funzionalit\u00e0 di Tag. Il tag \u00e8 un&rsquo;etichetta che si attacca a una cartella. Esempio, nuovo tag e tag volontari: Puoi definire quanti tag desideri su un file di contatto, ma &#8230; <a title=\"Taggare le cartelle\" class=\"read-more\" href=\"https:\/\/www.kananas.com\/it\/documentazione\/membri\/taggare-le-cartelle\/\" aria-label=\"En savoir plus sur Taggare le cartelle\">Lire la suite<\/a><\/p>\n","protected":false},"author":1,"featured_media":0,"parent":4876,"menu_order":4,"comment_status":"closed","ping_status":"closed","template":"","meta":{"_crdt_document":"","footnotes":""},"class_list":["post-4810","page","type-page","status-publish"],"_links":{"self":[{"href":"https:\/\/www.kananas.com\/it\/wp-json\/wp\/v2\/pages\/4810","targetHints":{"allow":["GET"]}}],"collection":[{"href":"https:\/\/www.kananas.com\/it\/wp-json\/wp\/v2\/pages"}],"about":[{"href":"https:\/\/www.kananas.com\/it\/wp-json\/wp\/v2\/types\/page"}],"author":[{"embeddable":true,"href":"https:\/\/www.kananas.com\/it\/wp-json\/wp\/v2\/users\/1"}],"replies":[{"embeddable":true,"href":"https:\/\/www.kananas.com\/it\/wp-json\/wp\/v2\/comments?post=4810"}],"version-history":[{"count":2,"href":"https:\/\/www.kananas.com\/it\/wp-json\/wp\/v2\/pages\/4810\/revisions"}],"predecessor-version":[{"id":5158,"href":"https:\/\/www.kananas.com\/it\/wp-json\/wp\/v2\/pages\/4810\/revisions\/5158"}],"up":[{"embeddable":true,"href":"https:\/\/www.kananas.com\/it\/wp-json\/wp\/v2\/pages\/4876"}],"wp:attachment":[{"href":"https:\/\/www.kananas.com\/it\/wp-json\/wp\/v2\/media?parent=4810"}],"curies":[{"name":"wp","href":"https:\/\/api.w.org\/{rel}","templated":true}]}}