{"id":4813,"date":"2016-02-26T17:59:47","date_gmt":"2016-02-26T15:59:47","guid":{"rendered":"https:\/\/www.kananas.com\/it\/documentation-30\/members\/cart\/"},"modified":"2024-01-02T16:13:10","modified_gmt":"2024-01-02T14:13:10","slug":"carrello","status":"publish","type":"page","link":"https:\/\/www.kananas.com\/it\/documentazione\/membri\/carrello\/","title":{"rendered":"Carrello"},"content":{"rendered":"\n<p class=\"wp-block-paragraph\">Tutte le spese e i pagamenti sono centralizzati nella scheda del carrello del file di contatto (<a href=\"https:\/\/www.kananas.com\/it\/documentazione\/membri\/\" data-type=\"page\" data-id=\"4876\">membro<\/a>, esterno, ecc.).<\/p>\n\n\n\n<p class=\"wp-block-paragraph\">I diversi movimenti di addebito e accredito avranno quindi un impatto sul saldo del file. Il saldo viene visualizzato nell&rsquo;intestazione del file e anche nell&rsquo;elenco dei contatti.<\/p>\n\n\n<div class=\"wp-block-image ghostkit-custom-Z1TgHsD\">\n<figure class=\"aligncenter size-full\"><img decoding=\"async\" src=\"http:\/\/www.kananas.com\/en\/wp-content\/uploads\/sites\/2145\/2023\/12\/Screenshot-2023-12-15-at-09-55-17-SOA-club-Contact-Jean-Ambezati.png\" alt=\"\" class=\"wp-image-5322\" title=\"association gestion des achats et des paiements\"\/><\/figure>\n<\/div>\n\n\n<p class=\"wp-block-paragraph\">Il carrello e il saldo sono accessibili anche in lettura dal <a href=\"https:\/\/www.kananas.com\/it\/documentazione\/membri\/spazio-personale\/\" data-type=\"page\" data-id=\"4881\">spazio personale<\/a> del membro.<\/p>\n\n\n\n<p class=\"wp-block-paragraph\">Le spese e i pagamenti sono ordinati per data e raggruppati per mese\/anno.<\/p>\n\n\n\n<p class=\"wp-block-paragraph\">Hai una funzione di <strong>esportazione<\/strong> del carrello che ti permette di estrarre le informazioni per un altro software (ad esempio un foglio di calcolo), per farlo usa il pulsante <a href=\"https:\/\/www.kananas.com\/it\/documentazione\/esportazione-dei-dati\/\" data-type=\"page\" data-id=\"4869\">esporta<\/a>.<\/p>\n\n\n\n<div style=\"height:20px\" aria-hidden=\"true\" class=\"wp-block-spacer\"><\/div>\n\n\n\n<h3 class=\"wp-block-heading\">Spesa<\/h3>\n\n\n\n<p class=\"wp-block-paragraph\">Per aggiungere una spesa, usa il pulsante <strong>spesa<\/strong>, puoi quindi scegliere se riguarda l&rsquo;acquisto di un prodotto identificato nel tuo catalogo o se \u00e8 una semplice spesa (titolo \/ prezzo \/ data).<\/p>\n\n\n\n<p class=\"wp-block-paragraph\">Esempio di acquisto di prodotti<\/p>\n\n\n<div class=\"wp-block-image ghostkit-custom-Zz5y1v\">\n<figure class=\"aligncenter size-full\"><img decoding=\"async\" src=\"https:\/\/www.kananas.com\/en\/wp-content\/uploads\/sites\/2145\/2023\/12\/Screenshot-2023-12-15-at-10-19-48-SOA-club-Contact-gemma-morrow.png\" alt=\"\" class=\"wp-image-5340\" title=\"association saisir un achat\"\/><\/figure>\n<\/div>\n\n\n<p class=\"wp-block-paragraph\">La riga di spesa verr\u00e0 quindi creata (icona del carrello) e verr\u00e0 addebitata dal saldo del file.<\/p>\n\n\n\n<div style=\"height:20px\" aria-hidden=\"true\" class=\"wp-block-spacer\"><\/div>\n\n\n\n<h3 class=\"wp-block-heading\">Pagamento<\/h3>\n\n\n\n<p class=\"wp-block-paragraph\">Per inserire un pagamento, utilizza il pulsante <strong>pagamento<\/strong>. La finestra ti permetter\u00e0 di inserire informazioni relative al pagamento: importo, intestazione, metodo di pagamento, ecc.<\/p>\n\n\n\n<p class=\"wp-block-paragraph\">La riga di pagamento verr\u00e0 quindi creata nel carrello e accrediter\u00e0 il saldo del file.<\/p>\n\n\n<div class=\"wp-block-image ghostkit-custom-Z1kkw4Q\">\n<figure class=\"aligncenter size-full\"><img decoding=\"async\" src=\"https:\/\/www.kananas.com\/en\/wp-content\/uploads\/sites\/2145\/2023\/12\/Screenshot-2023-12-15-at-10-21-01-SOA-club-Contact-gemma-morrow.png\" alt=\"\" class=\"wp-image-5341\" title=\"association saisie du paiement\"\/><\/figure>\n<\/div>\n\n\n<p class=\"wp-block-paragraph\">La creazione di un pagamento verr\u00e0 automaticamente registrata nella contabilit\u00e0 e creer\u00e0 una riga di entrate.<\/p>\n\n\n\n<p class=\"wp-block-paragraph\">Se il <a href=\"https:\/\/www.kananas.com\/it\/documentazione\/sito-web\/pagamento-online\/\" data-type=\"page\" data-id=\"4831\">pagamento online<\/a> \u00e8 stato effettuato dallo <a href=\"https:\/\/www.kananas.com\/it\/documentazione\/membri\/spazio-personale\/\" data-type=\"page\" data-id=\"4881\">spazio personale<\/a> del membro, verr\u00e0 creata automaticamente una riga di pagamento nel carrello.<\/p>\n\n\n\n<div style=\"height:20px\" aria-hidden=\"true\" class=\"wp-block-spacer\"><\/div>\n\n\n\n<h3 class=\"wp-block-heading\">Acquisti\/pagamenti di gruppo<\/h3>\n\n\n\n<p class=\"wp-block-paragraph\">Per semplificare la gestione, puoi collegare un pagamento a un acquisto. Per farlo, indica quale acquisto \u00e8 interessato dal pagamento (campo acquisto correlato).<\/p>\n\n\n\n<p class=\"wp-block-paragraph\">Gli acquisti verranno quindi visualizzati nel carrello sotto la riga di pagamento. Questo raggruppamento ti permetter\u00e0 di filtrare i <a href=\"https:\/\/www.kananas.com\/it\/documentazione\/membri\/\" data-type=\"page\" data-id=\"4876\">contatti<\/a> che hanno o non hanno pagato per un determinato prodotto (vedi filtro in alto nell&rsquo;elenco dei contatti).<\/p>\n\n\n<div class=\"wp-block-image\">\n<figure class=\"aligncenter size-large\"><a href=\"https:\/\/www.kananas.com\/en\/wp-content\/uploads\/sites\/2145\/2023\/12\/Screenshot-2023-12-15-at-10-22-09-SOA-club-Contact-Jean-Ambezati.png\"><img decoding=\"async\" src=\"https:\/\/www.kananas.com\/en\/wp-content\/uploads\/sites\/2145\/2023\/12\/Screenshot-2023-12-15-at-10-22-09-SOA-club-Contact-Jean-Ambezati-1024x171.png\" alt=\"\" class=\"wp-image-5342\" title=\"association panier de l'adh\u00e9rent\"\/><\/a><\/figure>\n<\/div>\n\n\n<div style=\"height:20px\" aria-hidden=\"true\" class=\"wp-block-spacer\"><\/div>\n\n\n\n<h3 class=\"wp-block-heading\">Sconto<\/h3>\n\n\n\n<p class=\"wp-block-paragraph\">Per aggiungere uno sconto, un credito o riequilibrare il saldo del file, inserisci un credito: clicca sul pulsante <strong>sconto<\/strong>. La finestra successiva ti permetter\u00e0 di inserire l&rsquo;importo, il nome e le informazioni sulla data. Il movimento verr\u00e0 aggiunto e accreditato al carrello.<\/p>\n\n\n\n<p class=\"wp-block-paragraph\">NB: questo credito non avr\u00e0 alcun impatto sulla contabilit\u00e0.<\/p>\n\n\n\n<p class=\"wp-block-paragraph\">Puoi effettuare questa operazione collettivamente utilizzando le azioni collettive sull&rsquo;elenco dei contatti: clicca sulle cartelle e utilizza la funzione di bilancio forzato.<\/p>\n\n\n<div class=\"wp-block-image ghostkit-custom-Z2jznWp\">\n<figure class=\"aligncenter size-full\"><img decoding=\"async\" src=\"https:\/\/www.kananas.com\/en\/wp-content\/uploads\/sites\/2145\/2023\/12\/Screenshot-2023-12-15-at-10-22-50-SOA-club-Contact.png\" alt=\"\" class=\"wp-image-5343\" title=\"association forcer le solde du dossier adh\u00e9rent\"\/><\/figure>\n<\/div>\n\n\n<div style=\"height:30px\" aria-hidden=\"true\" class=\"wp-block-spacer\"><\/div>\n\n\n\n<h3 class=\"wp-block-heading\">Fattura<\/h3>\n\n\n\n<p class=\"wp-block-paragraph\">Per creare una fattura, clicca sul pulsante <strong>fattura<\/strong><\/p>\n\n\n<div class=\"wp-block-image ghostkit-custom-28xBAt\">\n<figure class=\"aligncenter size-full\"><img decoding=\"async\" src=\"https:\/\/www.kananas.com\/en\/wp-content\/uploads\/sites\/2145\/2023\/12\/Screenshot-2023-12-15-at-10-24-07-SOA-club-Contact-Pamela-Aldebaran.png\" alt=\"\" class=\"wp-image-5344\" title=\"association facture\"\/><\/figure>\n<\/div>\n\n\n<p class=\"wp-block-paragraph\">Il membro pu\u00f2 quindi recuperarla dal proprio <a href=\"https:\/\/www.kananas.com\/it\/documentazione\/membri\/spazio-personale\/\" data-type=\"page\" data-id=\"4881\">spazio personale<\/a>.<\/p>\n\n\n\n<div style=\"height:30px\" aria-hidden=\"true\" class=\"wp-block-spacer\"><\/div>\n\n\n\n<p class=\"wp-block-paragraph\">Per saperne di pi\u00f9 sulla gestione dei contatti<\/p>\n\n\n<ul class=\"wp-block-page-list\"><li class=\"wp-block-pages-list__item\"><a class=\"wp-block-pages-list__item__link\" href=\"https:\/\/www.kananas.com\/it\/documentazione\/membri\/importazione-di-membri\/\">Importazione di membri<\/a><\/li><li class=\"wp-block-pages-list__item\"><a class=\"wp-block-pages-list__item__link\" href=\"https:\/\/www.kananas.com\/it\/documentazione\/membri\/personalizzazione-delle-cartelle\/\">Personalizzazione delle cartelle<\/a><\/li><li class=\"wp-block-pages-list__item\"><a class=\"wp-block-pages-list__item__link\" href=\"https:\/\/www.kananas.com\/it\/documentazione\/membri\/personalizzazione-delle-visualizzazioni\/\">Personalizzazione delle visualizzazioni<\/a><\/li><li class=\"wp-block-pages-list__item has-child\"><a class=\"wp-block-pages-list__item__link\" href=\"https:\/\/www.kananas.com\/it\/documentazione\/membri\/contributo\/\">Contributo<\/a><ul class=\"wp-block-navigation__submenu-container\"><li class=\"wp-block-pages-list__item \"><a class=\"wp-block-pages-list__item__link\" href=\"https:\/\/www.kananas.com\/it\/documentazione\/membri\/contributo\/iscrizione-senza-contatto\/\">Iscrizione senza contatto<\/a><\/li><li class=\"wp-block-pages-list__item \"><a class=\"wp-block-pages-list__item__link\" href=\"https:\/\/www.kananas.com\/it\/documentazione\/membri\/contributo\/stampare-le-tessere-associative\/\">Stampare le tessere associative<\/a><\/li><\/ul><\/li><li class=\"wp-block-pages-list__item\"><a class=\"wp-block-pages-list__item__link\" href=\"https:\/\/www.kananas.com\/it\/documentazione\/membri\/diritti-di-accesso\/\">Diritti di accesso<\/a><\/li><li class=\"wp-block-pages-list__item\"><a class=\"wp-block-pages-list__item__link\" href=\"https:\/\/www.kananas.com\/it\/documentazione\/membri\/taggare-le-cartelle\/\">Taggare le cartelle<\/a><\/li><li class=\"wp-block-pages-list__item\"><a class=\"wp-block-pages-list__item__link\" href=\"https:\/\/www.kananas.com\/it\/documentazione\/membri\/carrello\/\">Carrello<\/a><\/li><li class=\"wp-block-pages-list__item\"><a class=\"wp-block-pages-list__item__link\" href=\"https:\/\/www.kananas.com\/it\/documentazione\/membri\/gestione-familiare\/\">Gestione familiare<\/a><\/li><li class=\"wp-block-pages-list__item\"><a class=\"wp-block-pages-list__item__link\" href=\"https:\/\/www.kananas.com\/it\/documentazione\/membri\/appunti\/\">Appunti<\/a><\/li><li class=\"wp-block-pages-list__item\"><a class=\"wp-block-pages-list__item__link\" href=\"https:\/\/www.kananas.com\/it\/documentazione\/membri\/spazio-personale\/\">Spazio personale<\/a><\/li><li class=\"wp-block-pages-list__item\"><a class=\"wp-block-pages-list__item__link\" href=\"https:\/\/www.kananas.com\/it\/documentazione\/membri\/statistiche\/\">Statistiche<\/a><\/li><li class=\"wp-block-pages-list__item\"><a class=\"wp-block-pages-list__item__link\" href=\"https:\/\/www.kananas.com\/it\/documentazione\/membri\/donazioni\/\">Donazioni<\/a><\/li><li class=\"wp-block-pages-list__item\"><a class=\"wp-block-pages-list__item__link\" href=\"https:\/\/www.kananas.com\/it\/documentazione\/membri\/tessera-associativa\/\">Tessera associativa<\/a><\/li><li class=\"wp-block-pages-list__item\"><a class=\"wp-block-pages-list__item__link\" href=\"https:\/\/www.kananas.com\/it\/documentazione\/membri\/certificato-medico\/\">Certificato medico<\/a><\/li><\/ul>","protected":false},"excerpt":{"rendered":"<p>Tutte le spese e i pagamenti sono centralizzati nella scheda del carrello del file di contatto (membro, esterno, ecc.). I diversi movimenti di addebito e accredito avranno quindi un impatto sul saldo del file. Il saldo viene visualizzato nell&rsquo;intestazione del file e anche nell&rsquo;elenco dei contatti. Il carrello e il saldo sono accessibili anche in &#8230; <a title=\"Carrello\" class=\"read-more\" href=\"https:\/\/www.kananas.com\/it\/documentazione\/membri\/carrello\/\" aria-label=\"En savoir plus sur Carrello\">Lire la suite<\/a><\/p>\n","protected":false},"author":1,"featured_media":0,"parent":4876,"menu_order":5,"comment_status":"closed","ping_status":"closed","template":"","meta":{"_crdt_document":"","footnotes":""},"class_list":["post-4813","page","type-page","status-publish"],"_links":{"self":[{"href":"https:\/\/www.kananas.com\/it\/wp-json\/wp\/v2\/pages\/4813","targetHints":{"allow":["GET"]}}],"collection":[{"href":"https:\/\/www.kananas.com\/it\/wp-json\/wp\/v2\/pages"}],"about":[{"href":"https:\/\/www.kananas.com\/it\/wp-json\/wp\/v2\/types\/page"}],"author":[{"embeddable":true,"href":"https:\/\/www.kananas.com\/it\/wp-json\/wp\/v2\/users\/1"}],"replies":[{"embeddable":true,"href":"https:\/\/www.kananas.com\/it\/wp-json\/wp\/v2\/comments?post=4813"}],"version-history":[{"count":2,"href":"https:\/\/www.kananas.com\/it\/wp-json\/wp\/v2\/pages\/4813\/revisions"}],"predecessor-version":[{"id":5160,"href":"https:\/\/www.kananas.com\/it\/wp-json\/wp\/v2\/pages\/4813\/revisions\/5160"}],"up":[{"embeddable":true,"href":"https:\/\/www.kananas.com\/it\/wp-json\/wp\/v2\/pages\/4876"}],"wp:attachment":[{"href":"https:\/\/www.kananas.com\/it\/wp-json\/wp\/v2\/media?parent=4813"}],"curies":[{"name":"wp","href":"https:\/\/api.w.org\/{rel}","templated":true}]}}