{"id":4828,"date":"2016-02-26T17:53:18","date_gmt":"2016-02-26T15:53:18","guid":{"rendered":"https:\/\/www.kananas.com\/it\/documentation-35\/store\/payment\/"},"modified":"2024-01-05T13:18:39","modified_gmt":"2024-01-05T11:18:39","slug":"pagamento","status":"publish","type":"page","link":"https:\/\/www.kananas.com\/it\/documentazione\/negozio\/pagamento\/","title":{"rendered":"Pagamento"},"content":{"rendered":"\n<p class=\"wp-block-paragraph\">Esistono 4 modi per registrare un pagamento:<\/p>\n\n\n\n<ul class=\"wp-block-list\">\n<li>direttamente nel <a href=\"https:\/\/www.kananas.com\/it\/documentazione\/membri\/carrello\/\" data-type=\"page\" data-id=\"4813\">carrello<\/a> del contatto<\/li>\n\n\n\n<li>dall&rsquo;<a href=\"https:\/\/www.kananas.com\/it\/documentazione\/pianificazione\/attivita\/\" data-type=\"page\" data-id=\"4859\">attivit\u00e0<\/a> sul partecipante<\/li>\n\n\n\n<li>dalla contabilit\u00e0<\/li>\n\n\n\n<li><a href=\"https:\/\/www.kananas.com\/it\/documentazione\/sito-web\/pagamento-online\/\" data-type=\"page\" data-id=\"4831\">pagamento online<\/a> dal <a href=\"https:\/\/www.kananas.com\/it\/documentazione\/membri\/spazio-personale\/\" data-type=\"page\" data-id=\"4881\">spazio personale<\/a><\/li>\n<\/ul>\n\n\n\n<h3 class=\"wp-block-heading\">Dal carrello<\/h3>\n\n\n\n<p class=\"wp-block-paragraph\">Nella cartella del contatto, scheda carrello, cliccare sul pulsante <strong>+ Pagamento<\/strong>.<\/p>\n\n\n<div class=\"wp-block-image\">\n<figure class=\"aligncenter size-full\"><img decoding=\"async\" src=\"https:\/\/www.kananas.com\/en\/wp-content\/uploads\/sites\/2145\/2023\/12\/Screenshot-2023-12-18-at-16-12-57-SOA-club-Contact-Pamela-Aldebaran.png\" alt=\"\" class=\"wp-image-5471\" title=\"associazione inserimento pagamento\"\/><\/figure>\n<\/div>\n\n\n<p class=\"wp-block-paragraph\">Nella finestra di registrazione del pagamento, \u00e8 possibile indicare i termini e le informazioni contabili come \u00ab\u00a0conto\u00a0\u00bb, \u00ab\u00a0suddivisione\u00a0\u00bb e \u00ab\u00a0categoria\u00a0\u00bb.<\/p>\n\n\n\n<p class=\"wp-block-paragraph\">L&rsquo;inserimento di un pagamento generer\u00e0 automaticamente una registrazione nella contabilit\u00e0. La registrazione aggiunta includer\u00e0 i parametri \u00ab\u00a0conto\u00a0\u00bb, \u00ab\u00a0suddivisione\u00a0\u00bb e \u00ab\u00a0categoria\u00a0\u00bb.<\/p>\n\n\n\n<p class=\"wp-block-paragraph\">Una volta creato, vedrai comparire una riga di pagamento nel carrello del contatto.<\/p>\n\n\n<div class=\"wp-block-image\">\n<figure class=\"aligncenter size-full\"><img decoding=\"async\" src=\"https:\/\/www.kananas.com\/en\/wp-content\/uploads\/sites\/2145\/2023\/12\/Screenshot-2023-12-18-at-16-13-17-SOA-club-Contact-Pamela-Aldebaran.png\" alt=\"\" class=\"wp-image-5470\"\/><\/figure>\n<\/div>\n\n\n<p class=\"wp-block-paragraph\">Per eliminare un pagamento, fare clic sull&rsquo;icona \u00ab\u00a0elimina\u00a0\u00bb situata nel carrello, sulla riga di pagamento a destra. Questa funzione non \u00e8 disponibile se il pagamento \u00e8 stato convalidato in contabilit\u00e0 o se l&rsquo;anno finanziario \u00e8 chiuso.<\/p>\n\n\n\n<h3 class=\"wp-block-heading\">&nbsp;<\/h3>\n\n\n\n<h3 class=\"wp-block-heading\">Dall&rsquo;attivit\u00e0<\/h3>\n\n\n\n<p class=\"wp-block-paragraph\">Se desideri aggiungere un pagamento ai partecipanti di un&rsquo;<a href=\"https:\/\/www.kananas.com\/it\/documentazione\/pianificazione\/attivita\/\" data-type=\"page\" data-id=\"4859\">attivit\u00e0<\/a>, verifica i partecipanti nella scheda \u00ab\u00a0partecipanti\u00a0\u00bb dell&rsquo;attivit\u00e0, quindi utilizza la funzione di modifica collettiva situata nella parte inferiore della pagina: \u00ab\u00a0aggiungi pagamento\u00a0\u00bb.<\/p>\n\n\n\n<p class=\"wp-block-paragraph\">Dovrai quindi inserire il metodo di pagamento e l&rsquo;importo.<\/p>\n\n\n<div class=\"wp-block-image\">\n<figure class=\"aligncenter size-full\"><img decoding=\"async\" src=\"https:\/\/www.kananas.com\/en\/wp-content\/uploads\/sites\/2145\/2023\/12\/Screenshot-2023-12-18-at-16-22-12-SOA-club-Planning-Ballroom-dancing-wednesday.png\" alt=\"\" class=\"wp-image-5476\" title=\"associazione inserimento pagamento da attivit\u00e0\"\/><\/figure>\n<\/div>\n\n\n<p class=\"wp-block-paragraph\">Successivamente, troverai questi pagamenti nella colonna \u00ab\u00a0spese\u00a0\u00bb della scheda \u00ab\u00a0partecipanti\u00a0\u00bb dell&rsquo;attivit\u00e0, ma anche nel carrello del membro e nel registro nella sezione \u00ab\u00a0contabilit\u00e0\u00a0\u00bb.<\/p>\n\n\n\n<div style=\"height:20px\" aria-hidden=\"true\" class=\"wp-block-spacer\"><\/div>\n\n\n\n<h3 class=\"wp-block-heading\">Dalla contabilit\u00e0<\/h3>\n\n\n\n<p class=\"wp-block-paragraph\">Aggiungi una registrazione dalla sezione contabilit\u00e0 del registro; per collegare questa registrazione a un contatto, devi compilare il campo \u00ab\u00a0contatto\u00a0\u00bb.<\/p>\n\n\n<div class=\"wp-block-image\">\n<figure class=\"aligncenter size-full\"><img decoding=\"async\" src=\"https:\/\/www.kananas.com\/en\/wp-content\/uploads\/sites\/2145\/2023\/12\/Screenshot-2023-12-18-at-16-23-20-SOA-club-Payment.png\" alt=\"\" class=\"wp-image-5477\"\/><\/figure>\n<\/div>\n\n\n<h5 class=\"wp-block-heading\">&nbsp;<\/h5>\n\n\n\n<div style=\"height:20px\" aria-hidden=\"true\" class=\"wp-block-spacer\"><\/div>\n\n\n\n<h3 class=\"wp-block-heading\">Pagamento online<\/h3>\n\n\n\n<p class=\"wp-block-paragraph\">\u00c8 possibile effettuarlo dallo spazio personale del membro (se <a href=\"https:\/\/www.kananas.com\/it\/documentazione\/sito-web\/pagamento-online\/\" data-type=\"page\" data-id=\"4831\">il pagamento online<\/a> \u00e8 configurato nelle impostazioni\/opzioni).<\/p>\n\n\n<div class=\"wp-block-image\">\n<figure class=\"aligncenter size-full\"><img decoding=\"async\" src=\"https:\/\/www.kananas.com\/en\/wp-content\/uploads\/sites\/2145\/2023\/12\/Screenshot-2023-12-15-at-10-40-50-SOA-basket.png\" alt=\"\" class=\"wp-image-5357\" title=\"associazione spazio personale aderente carrello\"\/><\/figure>\n<\/div>\n\n\n<p class=\"wp-block-paragraph\">Il pagamento online creer\u00e0 automaticamente la riga di ricevuta nella contabilit\u00e0 e nel <a href=\"https:\/\/www.kananas.com\/it\/documentazione\/membri\/carrello\/\" data-type=\"page\" data-id=\"4813\">carrello del membro<\/a>.<\/p>\n\n\n\n<div style=\"height:20px\" aria-hidden=\"true\" class=\"wp-block-spacer\"><\/div>\n\n\n\n<p class=\"wp-block-paragraph\">Per saperne di pi\u00f9 sui prodotti<\/p>\n\n\n<ul class=\"wp-block-page-list\"><li class=\"wp-block-pages-list__item\"><a class=\"wp-block-pages-list__item__link\" href=\"https:\/\/www.kananas.com\/it\/documentazione\/negozio\/definire-un-prodotto\/\">Definire un prodotto<\/a><\/li><li class=\"wp-block-pages-list__item\"><a class=\"wp-block-pages-list__item__link\" href=\"https:\/\/www.kananas.com\/it\/documentazione\/negozio\/vendere-un-prodotto\/\">Vendere un prodotto<\/a><\/li><li class=\"wp-block-pages-list__item\"><a class=\"wp-block-pages-list__item__link\" href=\"https:\/\/www.kananas.com\/it\/documentazione\/negozio\/pagamento\/\">Pagamento<\/a><\/li><li class=\"wp-block-pages-list__item\"><a class=\"wp-block-pages-list__item__link\" href=\"https:\/\/www.kananas.com\/it\/documentazione\/negozio\/tieni-traccia-delle-vendite\/\">Tieni traccia delle vendite<\/a><\/li><li class=\"wp-block-pages-list__item\"><a class=\"wp-block-pages-list__item__link\" href=\"https:\/\/www.kananas.com\/it\/documentazione\/negozio\/fatture\/\">Fatture<\/a><\/li><\/ul>","protected":false},"excerpt":{"rendered":"<p>Esistono 4 modi per registrare un pagamento: Dal carrello Nella cartella del contatto, scheda carrello, cliccare sul pulsante + Pagamento. Nella finestra di registrazione del pagamento, \u00e8 possibile indicare i termini e le informazioni contabili come \u00ab\u00a0conto\u00a0\u00bb, \u00ab\u00a0suddivisione\u00a0\u00bb e \u00ab\u00a0categoria\u00a0\u00bb. L&rsquo;inserimento di un pagamento generer\u00e0 automaticamente una registrazione nella contabilit\u00e0. La registrazione aggiunta includer\u00e0 i &#8230; <a title=\"Pagamento\" class=\"read-more\" href=\"https:\/\/www.kananas.com\/it\/documentazione\/negozio\/pagamento\/\" aria-label=\"En savoir plus sur Pagamento\">Lire la suite<\/a><\/p>\n","protected":false},"author":1,"featured_media":0,"parent":4821,"menu_order":2,"comment_status":"closed","ping_status":"closed","template":"","meta":{"_crdt_document":"","footnotes":""},"class_list":["post-4828","page","type-page","status-publish"],"_links":{"self":[{"href":"https:\/\/www.kananas.com\/it\/wp-json\/wp\/v2\/pages\/4828","targetHints":{"allow":["GET"]}}],"collection":[{"href":"https:\/\/www.kananas.com\/it\/wp-json\/wp\/v2\/pages"}],"about":[{"href":"https:\/\/www.kananas.com\/it\/wp-json\/wp\/v2\/types\/page"}],"author":[{"embeddable":true,"href":"https:\/\/www.kananas.com\/it\/wp-json\/wp\/v2\/users\/1"}],"replies":[{"embeddable":true,"href":"https:\/\/www.kananas.com\/it\/wp-json\/wp\/v2\/comments?post=4828"}],"version-history":[{"count":2,"href":"https:\/\/www.kananas.com\/it\/wp-json\/wp\/v2\/pages\/4828\/revisions"}],"predecessor-version":[{"id":5187,"href":"https:\/\/www.kananas.com\/it\/wp-json\/wp\/v2\/pages\/4828\/revisions\/5187"}],"up":[{"embeddable":true,"href":"https:\/\/www.kananas.com\/it\/wp-json\/wp\/v2\/pages\/4821"}],"wp:attachment":[{"href":"https:\/\/www.kananas.com\/it\/wp-json\/wp\/v2\/media?parent=4828"}],"curies":[{"name":"wp","href":"https:\/\/api.w.org\/{rel}","templated":true}]}}