{"id":4837,"date":"2016-02-26T17:48:37","date_gmt":"2016-02-26T15:48:37","guid":{"rendered":"https:\/\/www.kananas.com\/it\/documentation-38\/store\/invoices\/"},"modified":"2024-01-05T13:50:13","modified_gmt":"2024-01-05T11:50:13","slug":"fatture","status":"publish","type":"page","link":"https:\/\/www.kananas.com\/it\/documentazione\/negozio\/fatture\/","title":{"rendered":"Fatture"},"content":{"rendered":"\n<p class=\"wp-block-paragraph\">Il nostro CRM ti consente di emettere fatture ai tuoi contatti.<\/p>\n\n\n\n<p class=\"wp-block-paragraph\">Queste fatture possono essere generate automaticamente (modalit\u00e0 predefinita) o create manualmente. In tutti i casi, la fattura sar\u00e0 automaticamente accessibile nello spazio personale.<\/p>\n\n\n\n<p class=\"wp-block-paragraph\">In modalit\u00e0 automatica, verr\u00e0 creata una fattura o una ricevuta di pagamento ogni volta che viene aggiunto un pagamento al file di un membro.<\/p>\n\n\n\n<div style=\"height:20px\" aria-hidden=\"true\" class=\"wp-block-spacer\"><\/div>\n\n\n\n<h3 class=\"wp-block-heading\">Impostazione<\/h3>\n\n\n\n<p class=\"wp-block-paragraph\">La modalit\u00e0 di fatturazione si imposta nel menu <strong>Opzioni<\/strong>, sezione <strong>Fatture<\/strong>.<\/p>\n\n\n<div class=\"wp-block-image\">\n<figure class=\"aligncenter size-full\"><img decoding=\"async\" src=\"https:\/\/www.kananas.com\/en\/wp-content\/uploads\/sites\/2145\/2023\/12\/Screenshot-2023-12-18-at-16-34-07-SOA-club-Parameter-_-My-account-_-Options.png\" alt=\"\" class=\"wp-image-5483\" title=\"impostazioni di fatturazione dell'associazione\"\/><\/figure>\n<\/div>\n\n\n<p class=\"wp-block-paragraph\">Nella modalit\u00e0 manuale, \u00e8 possibile inserire il numero di fattura successivo che verr\u00e0 assegnato. Successivamente verr\u00e0 incrementato automaticamente quando vengono aggiunte fatture.<\/p>\n\n\n\n<p class=\"wp-block-paragraph\">Per personalizzare la tua fattura, puoi modificare l&rsquo;intestazione e il pi\u00e8 di pagina della fattura o il logo dell&rsquo;associazione nella stessa pagina.<\/p>\n\n\n\n<div style=\"height:20px\" aria-hidden=\"true\" class=\"wp-block-spacer\"><\/div>\n\n\n\n<h3 class=\"wp-block-heading\">Fattura manuale<\/h3>\n\n\n\n<p class=\"wp-block-paragraph\">Per creare una nuova fattura, fai clic sul pulsante &lsquo;Fattura&rsquo; nel carrello del contatto.<\/p>\n\n\n<div class=\"wp-block-image\">\n<figure class=\"aligncenter size-full\"><img decoding=\"async\" src=\"https:\/\/www.kananas.com\/en\/wp-content\/uploads\/sites\/2145\/2023\/12\/Screenshot-2023-12-18-at-16-35-53-SOA-club-Contact-francky-Aldebaran.png\" alt=\"\" class=\"wp-image-5484\" title=\"inserimento manuale di una fattura dell'associazione\"\/><\/figure>\n<\/div>\n\n\n<p class=\"wp-block-paragraph\">In questo modulo sarai in grado di definire gli elementi che appaiono sulla fattura<\/p>\n\n\n\n<ul class=\"wp-block-list\">\n<li>Data<\/li>\n\n\n\n<li>Titolare<\/li>\n\n\n\n<li>Elenco della spesa<\/li>\n\n\n\n<li>Elenco dei pagamenti<\/li>\n\n\n\n<li>Commento<\/li>\n<\/ul>\n\n\n\n<div style=\"height:20px\" aria-hidden=\"true\" class=\"wp-block-spacer\"><\/div>\n\n\n\n<h3 class=\"wp-block-heading\">Modifica delle fatture<\/h3>\n\n\n\n<p class=\"wp-block-paragraph\">Possono essere modificate in due modi:<\/p>\n\n\n\n<ul class=\"wp-block-list\">\n<li>dal carrello dei membri, facendo clic sull&rsquo;icona della fattura a destra sulla linea di <a href=\"https:\/\/www.kananas.com\/it\/documentazione\/negozio\/pagamento\/\" data-type=\"page\" data-id=\"4828\">pagamento<\/a><\/li>\n\n\n\n<li>dallo <a href=\"https:\/\/www.kananas.com\/it\/documentazione\/membri\/spazio-personale\/\" data-type=\"page\" data-id=\"4881\">spazio personale<\/a>, il contatto pu\u00f2 recuperare la sua fattura da solo tramite il carrello.<\/li>\n<\/ul>\n\n\n\n<p class=\"wp-block-paragraph\">Esempio: nel carrello del contatto<\/p>\n\n\n<div class=\"wp-block-image\">\n<figure class=\"aligncenter size-full\"><img decoding=\"async\" src=\"https:\/\/www.kananas.com\/en\/wp-content\/uploads\/sites\/2145\/2023\/12\/Screenshot-2023-12-18-at-16-36-58-SOA-club-Contact-francky-Aldebaran.png\" alt=\"\" class=\"wp-image-5485\" title=\"modifica delle fatture dell'associazione\"\/><\/figure>\n<\/div>\n\n\n<p class=\"wp-block-paragraph\">Si noti che \u00e8 anche possibile inviare le fatture per e-mail facendo clic sull&rsquo;icona dell&rsquo;envelope situata alla fine della linea della fattura (solo fattura manuale).<\/p>\n\n\n\n<div style=\"height:20px\" aria-hidden=\"true\" class=\"wp-block-spacer\"><\/div>\n\n\n\n<p class=\"wp-block-paragraph\">Per ulteriori informazioni sui prodotti<\/p>\n\n\n<ul class=\"wp-block-page-list\"><li class=\"wp-block-pages-list__item\"><a class=\"wp-block-pages-list__item__link\" href=\"https:\/\/www.kananas.com\/it\/documentazione\/negozio\/definire-un-prodotto\/\">Definire un prodotto<\/a><\/li><li class=\"wp-block-pages-list__item\"><a class=\"wp-block-pages-list__item__link\" href=\"https:\/\/www.kananas.com\/it\/documentazione\/negozio\/vendere-un-prodotto\/\">Vendere un prodotto<\/a><\/li><li class=\"wp-block-pages-list__item\"><a class=\"wp-block-pages-list__item__link\" href=\"https:\/\/www.kananas.com\/it\/documentazione\/negozio\/pagamento\/\">Pagamento<\/a><\/li><li class=\"wp-block-pages-list__item\"><a class=\"wp-block-pages-list__item__link\" href=\"https:\/\/www.kananas.com\/it\/documentazione\/negozio\/tieni-traccia-delle-vendite\/\">Tieni traccia delle vendite<\/a><\/li><li class=\"wp-block-pages-list__item\"><a class=\"wp-block-pages-list__item__link\" href=\"https:\/\/www.kananas.com\/it\/documentazione\/negozio\/fatture\/\">Fatture<\/a><\/li><\/ul>","protected":false},"excerpt":{"rendered":"<p>Il nostro CRM ti consente di emettere fatture ai tuoi contatti. Queste fatture possono essere generate automaticamente (modalit\u00e0 predefinita) o create manualmente. In tutti i casi, la fattura sar\u00e0 automaticamente accessibile nello spazio personale. In modalit\u00e0 automatica, verr\u00e0 creata una fattura o una ricevuta di pagamento ogni volta che viene aggiunto un pagamento al file &#8230; <a title=\"Fatture\" class=\"read-more\" href=\"https:\/\/www.kananas.com\/it\/documentazione\/negozio\/fatture\/\" aria-label=\"En savoir plus sur Fatture\">Lire la suite<\/a><\/p>\n","protected":false},"author":1,"featured_media":0,"parent":4821,"menu_order":4,"comment_status":"closed","ping_status":"closed","template":"","meta":{"_crdt_document":"","footnotes":""},"class_list":["post-4837","page","type-page","status-publish"],"_links":{"self":[{"href":"https:\/\/www.kananas.com\/it\/wp-json\/wp\/v2\/pages\/4837","targetHints":{"allow":["GET"]}}],"collection":[{"href":"https:\/\/www.kananas.com\/it\/wp-json\/wp\/v2\/pages"}],"about":[{"href":"https:\/\/www.kananas.com\/it\/wp-json\/wp\/v2\/types\/page"}],"author":[{"embeddable":true,"href":"https:\/\/www.kananas.com\/it\/wp-json\/wp\/v2\/users\/1"}],"replies":[{"embeddable":true,"href":"https:\/\/www.kananas.com\/it\/wp-json\/wp\/v2\/comments?post=4837"}],"version-history":[{"count":2,"href":"https:\/\/www.kananas.com\/it\/wp-json\/wp\/v2\/pages\/4837\/revisions"}],"predecessor-version":[{"id":5188,"href":"https:\/\/www.kananas.com\/it\/wp-json\/wp\/v2\/pages\/4837\/revisions\/5188"}],"up":[{"embeddable":true,"href":"https:\/\/www.kananas.com\/it\/wp-json\/wp\/v2\/pages\/4821"}],"wp:attachment":[{"href":"https:\/\/www.kananas.com\/it\/wp-json\/wp\/v2\/media?parent=4837"}],"curies":[{"name":"wp","href":"https:\/\/api.w.org\/{rel}","templated":true}]}}