{"id":4845,"date":"2016-02-26T17:36:00","date_gmt":"2016-02-26T15:36:00","guid":{"rendered":"https:\/\/www.kananas.com\/it\/documentation-41\/accounting\/setting\/"},"modified":"2023-12-28T12:51:10","modified_gmt":"2023-12-28T10:51:10","slug":"collocamento","status":"publish","type":"page","link":"https:\/\/www.kananas.com\/it\/documentazione\/contabilita\/collocamento\/","title":{"rendered":"Collocamento"},"content":{"rendered":"\n<h3 class=\"wp-block-heading\">Anno fiscale<\/h3>\n\n\n\n<p class=\"wp-block-paragraph\">Quando ti registri, l&rsquo;anno contabile corrispondente all&rsquo;anno in corso (dal 1\u00b0 gennaio al 31 dicembre) viene creato automaticamente. Se desideri modificare l&rsquo;esercizio o crearne un altro, vai alla sezione \u00ab\u00a0esercizio\u00a0\u00bb.<\/p>\n\n\n\n<p class=\"wp-block-paragraph\">L&rsquo;esercizio verr\u00e0 utilizzato in alcune parti dell&rsquo;applicazione e verr\u00e0 utilizzato per filtrare le diverse visualizzazioni: acquisti, entrate\/uscite, avvisi, attivit\u00e0, ecc.<\/p>\n\n\n\n<div style=\"height:30px\" aria-hidden=\"true\" class=\"wp-block-spacer\"><\/div>\n\n\n\n<h3 class=\"wp-block-heading\">Bilanci<\/h3>\n\n\n\n<p class=\"wp-block-paragraph\">Per definire il tuo bilancio annuale, utilizza le impostazioni dell&rsquo;anno fiscale e inserisci gli importi che assegni per ciascun conto.<\/p>\n\n\n<div class=\"wp-block-image ghostkit-custom-Z22I7zn\">\n<figure class=\"aligncenter size-full\"><img decoding=\"async\" src=\"https:\/\/www.kananas.com\/en\/wp-content\/uploads\/sites\/2145\/2023\/12\/Screenshot-2023-12-15-at-15-01-05-SOA-club.png\" alt=\"\" class=\"wp-image-5393\" title=\"association comptabilit\u00e9 param\u00e9trage exercice\"\/><\/figure>\n<\/div>\n\n\n<p class=\"wp-block-paragraph\">La scheda analitica della sezione \u00ab\u00a0Finanze\u00a0\u00bb ti consentir\u00e0 di monitorare il raggiungimento di questo budget.<\/p>\n\n\n\n<div style=\"height:30px\" aria-hidden=\"true\" class=\"wp-block-spacer\"><\/div>\n\n\n\n<h3 class=\"wp-block-heading\">Conto economico e conti del bilancio<\/h3>\n\n\n\n<p class=\"wp-block-paragraph\">Gli account utilizzati nei bilanci e nei conti economici sono configurati a livello di account: menu finanza\/analitica, quindi fai clic su un account.<\/p>\n\n\n<div class=\"wp-block-image ghostkit-custom-Q1M41\">\n<figure class=\"aligncenter size-full\"><img decoding=\"async\" src=\"https:\/\/www.kananas.com\/en\/wp-content\/uploads\/sites\/2145\/2023\/12\/Screenshot-2023-12-15-at-15-00-13-SOA-club-Accounting-_-Analytic.png\" alt=\"\" class=\"wp-image-5394\"\/><\/figure>\n<\/div>\n\n\n<p class=\"wp-block-paragraph\">Per ciascun account puoi scegliere se verr\u00e0 utilizzato per il bilancio (attivit\u00e0 o passivit\u00e0) o per il conto economico (spesa o entrata) e se a esso pu\u00f2 essere assegnato un budget.<\/p>\n\n\n\n<p class=\"wp-block-paragraph\">L&rsquo;opzione \u00ab\u00a0selezionabile\u00a0\u00bb ti permette di definire se questo account pu\u00f2 essere utilizzato durante l&rsquo;allocazione delle entrate\/uscite.<\/p>\n\n\n\n<p class=\"wp-block-paragraph\">Il piano contabile offerto come standard \u00e8 il piano contabile associativo francese, tuttavia la flessibilit\u00e0 delle impostazioni ti consente di adattarlo alla legislazione del tuo paese.<\/p>\n\n\n\n<div style=\"height:30px\" aria-hidden=\"true\" class=\"wp-block-spacer\"><\/div>\n\n\n\n<h3 class=\"wp-block-heading\">Conti in contanti e bancari<\/h3>\n\n\n\n<p class=\"wp-block-paragraph\">Per impostazione predefinita, hai un conto in contanti e un conto bancario. Per crearne altri, utilizza il pulsante \u00ab\u00a0Aggiungi\u00a0\u00bb nel menu impostazioni\/repository, quindi il blocco conto in contanti\/bancario. Questo parametro verr\u00e0 incluso nel campo suddivisione di un&rsquo;operazione.<\/p>\n\n\n<div class=\"wp-block-image ghostkit-custom-Z284Rh3\">\n<figure class=\"aligncenter size-full\"><img decoding=\"async\" src=\"https:\/\/www.kananas.com\/en\/wp-content\/uploads\/sites\/2145\/2023\/12\/Screenshot-2023-12-15-at-15-01-26-SOA-club-Parameter-_-Reference-table.png\" alt=\"\" class=\"wp-image-5395\" title=\"association comptabilit\u00e9 param\u00e9trage comptes bancaires\"\/><\/figure>\n<\/div>\n\n\n<div style=\"height:30px\" aria-hidden=\"true\" class=\"wp-block-spacer\"><\/div>\n\n\n\n<h3 class=\"wp-block-heading\">Contabilit\u00e0 per categoria<\/h3>\n\n\n\n<p class=\"wp-block-paragraph\">Oltre al piano dei conti, puoi definire categorie di entrate\/uscite per effettuare un monitoraggio analitico della tua contabilit\u00e0. Per aggiungere una categoria analitica, seleziona \u00ab\u00a0Aggiungi categoria di entrate\/uscite\u00a0\u00bb nel menu \u00ab\u00a0configurazione\/riferimento\u00a0\u00bb.<\/p>\n\n\n\n<div style=\"height:30px\" aria-hidden=\"true\" class=\"wp-block-spacer\"><\/div>\n\n\n\n<p class=\"wp-block-paragraph\">Per saperne di pi\u00f9 sulla contabilit\u00e0<\/p>\n\n\n<ul class=\"wp-block-page-list\"><li class=\"wp-block-pages-list__item\"><a class=\"wp-block-pages-list__item__link\" href=\"https:\/\/www.kananas.com\/it\/documentazione\/contabilita\/transazioni\/\">Transazioni<\/a><\/li><li class=\"wp-block-pages-list__item\"><a class=\"wp-block-pages-list__item__link\" href=\"https:\/\/www.kananas.com\/it\/documentazione\/contabilita\/collocamento\/\">Collocamento<\/a><\/li><li class=\"wp-block-pages-list__item\"><a class=\"wp-block-pages-list__item__link\" href=\"https:\/\/www.kananas.com\/it\/documentazione\/contabilita\/tagga-un-ricavo-o-una-spesa\/\">Tagga un ricavo o una spesa<\/a><\/li><li class=\"wp-block-pages-list__item\"><a class=\"wp-block-pages-list__item__link\" href=\"https:\/\/www.kananas.com\/it\/documentazione\/contabilita\/nuovo-esercizio\/\">Nuovo esercizio<\/a><\/li><li class=\"wp-block-pages-list__item\"><a class=\"wp-block-pages-list__item__link\" href=\"https:\/\/www.kananas.com\/it\/documentazione\/contabilita\/chiusura-del-conto\/\">Chiusura del conto<\/a><\/li><li class=\"wp-block-pages-list__item\"><a class=\"wp-block-pages-list__item__link\" href=\"https:\/\/www.kananas.com\/it\/documentazione\/contabilita\/controlla-il-deposito\/\">Controlla il deposito<\/a><\/li><li class=\"wp-block-pages-list__item\"><a class=\"wp-block-pages-list__item__link\" href=\"https:\/\/www.kananas.com\/it\/documentazione\/contabilita\/stato-patrimoniale-e-conto-economico\/\">Stato patrimoniale e conto economico<\/a><\/li><\/ul>","protected":false},"excerpt":{"rendered":"<p>Anno fiscale Quando ti registri, l&rsquo;anno contabile corrispondente all&rsquo;anno in corso (dal 1\u00b0 gennaio al 31 dicembre) viene creato automaticamente. Se desideri modificare l&rsquo;esercizio o crearne un altro, vai alla sezione \u00ab\u00a0esercizio\u00a0\u00bb. L&rsquo;esercizio verr\u00e0 utilizzato in alcune parti dell&rsquo;applicazione e verr\u00e0 utilizzato per filtrare le diverse visualizzazioni: acquisti, entrate\/uscite, avvisi, attivit\u00e0, ecc. Bilanci Per definire &#8230; <a title=\"Collocamento\" class=\"read-more\" href=\"https:\/\/www.kananas.com\/it\/documentazione\/contabilita\/collocamento\/\" aria-label=\"En savoir plus sur Collocamento\">Lire la suite<\/a><\/p>\n","protected":false},"author":1,"featured_media":0,"parent":4772,"menu_order":2,"comment_status":"closed","ping_status":"closed","template":"","meta":{"_crdt_document":"","footnotes":""},"class_list":["post-4845","page","type-page","status-publish"],"_links":{"self":[{"href":"https:\/\/www.kananas.com\/it\/wp-json\/wp\/v2\/pages\/4845","targetHints":{"allow":["GET"]}}],"collection":[{"href":"https:\/\/www.kananas.com\/it\/wp-json\/wp\/v2\/pages"}],"about":[{"href":"https:\/\/www.kananas.com\/it\/wp-json\/wp\/v2\/types\/page"}],"author":[{"embeddable":true,"href":"https:\/\/www.kananas.com\/it\/wp-json\/wp\/v2\/users\/1"}],"replies":[{"embeddable":true,"href":"https:\/\/www.kananas.com\/it\/wp-json\/wp\/v2\/comments?post=4845"}],"version-history":[{"count":1,"href":"https:\/\/www.kananas.com\/it\/wp-json\/wp\/v2\/pages\/4845\/revisions"}],"predecessor-version":[{"id":5058,"href":"https:\/\/www.kananas.com\/it\/wp-json\/wp\/v2\/pages\/4845\/revisions\/5058"}],"up":[{"embeddable":true,"href":"https:\/\/www.kananas.com\/it\/wp-json\/wp\/v2\/pages\/4772"}],"wp:attachment":[{"href":"https:\/\/www.kananas.com\/it\/wp-json\/wp\/v2\/media?parent=4845"}],"curies":[{"name":"wp","href":"https:\/\/api.w.org\/{rel}","templated":true}]}}